{"id":10066,"date":"2025-02-07T17:13:50","date_gmt":"2025-02-07T15:13:50","guid":{"rendered":"https:\/\/gbb.md\/?post_type=product&#038;p=10066"},"modified":"2026-01-29T16:54:29","modified_gmt":"2026-01-29T14:54:29","slug":"cremant-dalsace-grand-millesime-2017-region-vorbourg-clos-saint-landelin","status":"publish","type":"product","link":"https:\/\/gbb.md\/ru\/product\/cremant-dalsace-grand-millesime-2017-region-vorbourg-clos-saint-landelin\/","title":{"rendered":"Maison Mure Cre\u0301mant d&#8217;Alsace &#8222;Grand Mille\u0301sime&#8221; 2017"},"content":{"rendered":"<div id=\"fws_69e13ebf0553e\"  data-midnight=\"dark\" data-top-percent=\"-30%\"  data-bg-mobile-hidden=\"\" class=\"wpb_row vc_row-fluid vc_row top-level  vc_row-o-equal-height vc_row-flex  vc_row-o-content-middle standard_section\"  style=\"padding-top: calc(100vw * 0.0-30); padding-bottom: 0px;  z-index: 100;\"><div class=\"row-bg-wrap\"><div class=\"inner-wrap\"><div class=\"row-bg\"  style=\"\"><\/div><\/div><div class=\"row-bg-overlay\" ><\/div><\/div><div class=\"col span_12 dark left\">\n\t<div style=\"margin-top: -190px; \" class=\"vc_col-sm-12 wpb_column column_container vc_column_container col neg-marg no-extra-padding\"  data-t-w-inherits=\"default\" data-border-radius=\"none\" data-shadow=\"none\" data-border-animation=\"\" data-border-animation-delay=\"\" data-border-width=\"none\" data-border-style=\"solid\" data-border-color=\"\" data-bg-cover=\"\" data-padding-pos=\"all\" data-has-bg-color=\"false\" data-bg-color=\"\" data-bg-opacity=\"1\" data-hover-bg=\"\" data-hover-bg-opacity=\"1\" data-animation=\"\" data-delay=\"0\"><div class=\"column-bg-overlay\"><\/div>\n\t\t<div class=\"vc_column-inner\">\n\t\t\t<div class=\"wpb_wrapper\">\n\t\t\t\t<div class=\"divider-wrap\" data-alignment=\"default\"><div style=\"height: 70px;\" class=\"divider\"><\/div><\/div><div id=\"ultimate-heading-950569e13ebf05933\" class=\"uvc-heading ult-adjust-bottom-margin ultimate-heading-950569e13ebf05933 uvc-8262\" data-hspacer=\"no_spacer\"  data-halign=\"left\" style=\"text-align:left\"><div class=\"uvc-heading-spacer no_spacer\" style=\"top\"><\/div><div class=\"uvc-main-heading ult-responsive\"  data-ultimate-target='.uvc-heading.ultimate-heading-950569e13ebf05933 h2'  data-responsive-json-new='{\"font-size\":\"desktop:28px;\",\"line-height\":\"\"}' ><h2 style=\"font-weight:bold;color:#333333;\">Cre\u0301mant d'Alsace ``Grand Mille\u0301sime`` 2017, Region Vorbourg, Clos Saint Landelin<\/h2><\/div><div class=\"uvc-sub-heading ult-responsive\"  data-ultimate-target='.uvc-heading.ultimate-heading-950569e13ebf05933 .uvc-sub-heading '  data-responsive-json-new='{\"font-size\":\"desktop:18px;\",\"line-height\":\"\"}'  style=\"font-weight:normal;\">Cr\u00e9mant d&#8217;Alsace &#8222;Grand Mill\u00e9sime&#8221; 2017 este un vin spumant de excep\u021bie, produs de Domaine Mur\u00e9 \u00een Clos Saint Landelin, situat \u00een regiunea Rouffach, Alsacia, Fran\u021ba. Acest Cr\u00e9mant este ob\u021binut prin metoda tradi\u021bional\u0103, cu o fermentare secundar\u0103 \u00een sticl\u0103, ceea ce \u00eei confer\u0103 bule fine \u0219i o textur\u0103 elegant\u0103.<\/p>\n<p><strong>Note de degustare:<\/strong><\/p>\n<ul>\n<li><strong>Arom\u0103:<\/strong> Note complexe de citrice, fructe albe \u0219i accente subtile de flori \u0219i minerale.<\/li>\n<li><strong>Gust:<\/strong> Structur\u0103 ferm\u0103 \u0219i echilibrat\u0103, cu o aciditate bine integrat\u0103 \u0219i un final proasp\u0103t \u0219i persistent.<\/li>\n<\/ul>\n<p><strong>Detalii tehnice:<\/strong><\/p>\n<ul>\n<li><strong>Alcool:<\/strong> 12,5%<\/li>\n<li><strong>Compozi\u021bie:<\/strong> Amestec de Riesling \u0219i Chardonnay.<\/li>\n<li><strong>Terroir:<\/strong> Clos Saint Landelin, un monopole de 12 hectare, situat \u00een regiunea Rouffach, Alsacia.<\/li>\n<li><strong>V\u00e2rsta medie a vi\u021bei de vie:<\/strong> 20 de ani<\/li>\n<\/ul>\n<p><strong>Asocieri culinare:<\/strong> Acest Cr\u00e9mant d&#8217;Alsace &#8222;Grand Mill\u00e9sime&#8221; 2017 este ideal ca aperitiv, dar se potrive\u0219te \u0219i cu preparate din fructe de mare, sushi, br\u00e2nzeturi moi sau preparate din carne alb\u0103.<\/div><\/div><div class=\"divider-wrap\" data-alignment=\"default\"><div style=\"height: 25px;\" class=\"divider\"><\/div><\/div>\n\t\t\t<\/div> \n\t\t<\/div>\n\t<\/div> \n<\/div><\/div>\n\t\t<div id=\"fws_69e13ebf05e18\"  data-midnight=\"dark\"  data-bg-mobile-hidden=\"\" class=\"wpb_row vc_row-fluid vc_row standard_section\"  style=\"padding-top: 0px; padding-bottom: 0px; \"><div class=\"row-bg-wrap\"><div class=\"inner-wrap\"><div class=\"row-bg\"  style=\"\"><\/div><\/div><div class=\"row-bg-overlay\" ><\/div><\/div><div class=\"col span_12 dark left\">\n\t<div  class=\"vc_col-sm-12 wpb_column column_container vc_column_container col no-extra-padding\"  data-t-w-inherits=\"default\" data-border-radius=\"none\" data-shadow=\"none\" data-border-animation=\"\" data-border-animation-delay=\"\" data-border-width=\"none\" data-border-style=\"solid\" data-border-color=\"\" data-bg-cover=\"\" data-padding-pos=\"all\" data-has-bg-color=\"false\" data-bg-color=\"\" data-bg-opacity=\"1\" data-hover-bg=\"\" data-hover-bg-opacity=\"1\" data-animation=\"\" data-delay=\"0\"><div class=\"column-bg-overlay\"><\/div>\n\t\t<div class=\"vc_column-inner\">\n\t\t\t<div class=\"wpb_wrapper\">\n\t\t\t\t<div class=\"divider-wrap\" data-alignment=\"default\"><div style=\"height: 100px;\" class=\"divider\"><\/div><\/div>\n\t\t\t<\/div> \n\t\t<\/div>\n\t<\/div> \n<\/div><\/div>","protected":false},"excerpt":{"rendered":"<ul>\n<li><strong>Alcool:<\/strong> 12,5%<\/li>\n<li><strong>Compozi\u021bie:<\/strong> Amestec de Riesling \u0219i Chardonnay.<\/li>\n<li><strong>Terroir:<\/strong> Clos Saint Landelin, un monopole de 12 hectare, situat \u00een regiunea Rouffach, Alsacia.<\/li>\n<li><strong>V\u00e2rsta medie a vi\u021bei de vie:<\/strong> 20 de ani<\/li>\n<\/ul>","protected":false},"featured_media":10067,"comment_status":"open","ping_status":"closed","template":"","meta":[],"product_cat":[405,404,403,407],"product_tag":[],"yoast_head":"<!-- This site is optimized with the Yoast SEO plugin v20.10 - https:\/\/yoast.com\/wordpress\/plugins\/seo\/ -->\n<title>Maison Mure Cre\u0301mant d&#039;Alsace &quot;Grand Mille\u0301sime&quot; 2017 | Global Bar Beverages<\/title>\n<meta name=\"robots\" content=\"index, follow, max-snippet:-1, max-image-preview:large, max-video-preview:-1\" \/>\n<link rel=\"canonical\" href=\"https:\/\/gbb.md\/ru\/product\/cremant-dalsace-grand-millesime-2017-region-vorbourg-clos-saint-landelin\/\" \/>\n<meta property=\"og:locale\" content=\"ru_RU\" \/>\n<meta property=\"og:type\" content=\"article\" \/>\n<meta property=\"og:title\" content=\"Maison Mure Cre\u0301mant d&#039;Alsace &quot;Grand Mille\u0301sime&quot; 2017 | Global Bar Beverages\" \/>\n<meta property=\"og:description\" content=\"Alcool: 12,5%  Compozi\u021bie: Amestec de Riesling \u0219i Chardonnay.  Terroir: Clos Saint Landelin, un monopole de 12 hectare, situat \u00een regiunea Rouffach, Alsacia.  V\u00e2rsta medie a vi\u021bei de vie: 20 de ani\" \/>\n<meta property=\"og:url\" content=\"https:\/\/gbb.md\/ru\/product\/cremant-dalsace-grand-millesime-2017-region-vorbourg-clos-saint-landelin\/\" \/>\n<meta property=\"og:site_name\" content=\"Global Bar Beverages\" \/>\n<meta property=\"article:publisher\" content=\"https:\/\/www.facebook.com\/profile.php?id=61555243232370\" \/>\n<meta property=\"article:modified_time\" content=\"2026-01-29T14:54:29+00:00\" \/>\n<meta property=\"og:image\" content=\"https:\/\/gbb.md\/wp-content\/uploads\/2025\/02\/cremant-grand-millesime.jpg\" \/>\n\t<meta property=\"og:image:width\" content=\"999\" \/>\n\t<meta property=\"og:image:height\" content=\"900\" \/>\n\t<meta property=\"og:image:type\" content=\"image\/jpeg\" \/>\n<meta name=\"twitter:card\" content=\"summary_large_image\" \/>\n<meta name=\"twitter:label1\" content=\"\u041f\u0440\u0438\u043c\u0435\u0440\u043d\u043e\u0435 \u0432\u0440\u0435\u043c\u044f \u0434\u043b\u044f \u0447\u0442\u0435\u043d\u0438\u044f\" \/>\n\t<meta name=\"twitter:data1\" content=\"2 \u043c\u0438\u043d\u0443\u0442\u044b\" \/>\n<script type=\"application\/ld+json\" class=\"yoast-schema-graph\">{\"@context\":\"https:\/\/schema.org\",\"@graph\":[{\"@type\":\"WebPage\",\"@id\":\"https:\/\/gbb.md\/product\/cremant-dalsace-grand-millesime-2017-region-vorbourg-clos-saint-landelin\/\",\"url\":\"https:\/\/gbb.md\/product\/cremant-dalsace-grand-millesime-2017-region-vorbourg-clos-saint-landelin\/\",\"name\":\"Maison Mure Cre\u0301mant d'Alsace \\\"Grand Mille\u0301sime\\\" 2017 | Global Bar Beverages\",\"isPartOf\":{\"@id\":\"https:\/\/gbb.md\/#website\"},\"datePublished\":\"2025-02-07T15:13:50+00:00\",\"dateModified\":\"2026-01-29T14:54:29+00:00\",\"breadcrumb\":{\"@id\":\"https:\/\/gbb.md\/product\/cremant-dalsace-grand-millesime-2017-region-vorbourg-clos-saint-landelin\/#breadcrumb\"},\"inLanguage\":\"ru-RU\",\"potentialAction\":[{\"@type\":\"ReadAction\",\"target\":[\"https:\/\/gbb.md\/product\/cremant-dalsace-grand-millesime-2017-region-vorbourg-clos-saint-landelin\/\"]}]},{\"@type\":\"BreadcrumbList\",\"@id\":\"https:\/\/gbb.md\/product\/cremant-dalsace-grand-millesime-2017-region-vorbourg-clos-saint-landelin\/#breadcrumb\",\"itemListElement\":[{\"@type\":\"ListItem\",\"position\":1,\"name\":\"\u0413\u043b\u0430\u0432\u043d\u0430\u044f \u0441\u0442\u0440\u0430\u043d\u0438\u0446\u0430\",\"item\":\"https:\/\/gbb.md\/\"},{\"@type\":\"ListItem\",\"position\":2,\"name\":\"Produse\",\"item\":\"https:\/\/gbb.md\/shop\/\"},{\"@type\":\"ListItem\",\"position\":3,\"name\":\"Maison Mure Cre\u0301mant d&#8217;Alsace &#171;Grand Mille\u0301sime&#187; 2017\"}]},{\"@type\":\"WebSite\",\"@id\":\"https:\/\/gbb.md\/#website\",\"url\":\"https:\/\/gbb.md\/\",\"name\":\"GBB\",\"description\":\"\u042d\u0442\u043e \u043c\u043e\u043b\u043e\u0434\u0430\u044f \u0431\u044b\u0441\u0442\u0440\u043e\u0440\u0430\u0441\u0442\u0443\u0449\u0430\u044f \u043a\u043e\u043c\u043f\u0430\u043d\u0438\u044f, \u0441\u0442\u0430\u0432\u0448\u0430\u044f \u043a\u0440\u0443\u043f\u043d\u0435\u0439\u0448\u0438\u043c \u0432 \u041c\u043e\u043b\u0434\u043e\u0432\u0435 \u043f\u043e\u0441\u0442\u0430\u0432\u0449\u0438\u043a\u043e\u043c \u0441\u0438\u0440\u043e\u043f\u043e\u0432 \u0438 \u043f\u044e\u0440\u0435 \u0434\u043b\u044f \u043d\u0430\u043f\u0438\u0442\u043a\u043e\u0432, \u0447\u0430\u044f, \u043a\u043e\u0444\u0435, \u0441\u043e\u0443\u0441\u043e\u0432, \u0442\u043e\u043d\u0438\u043a\u043e\u0432 \u0438 bubble tea \u043e\u0442 \u0438\u043c\u0435\u043d\u0438\u0442\u044b\u0445 \u043f\u0440\u043e\u0438\u0437\u0432\u043e\u0434\u0438\u0442\u0435\u043b\u0435\u0439.\",\"publisher\":{\"@id\":\"https:\/\/gbb.md\/#organization\"},\"alternateName\":\"Global Bar Beverages\",\"potentialAction\":[{\"@type\":\"SearchAction\",\"target\":{\"@type\":\"EntryPoint\",\"urlTemplate\":\"https:\/\/gbb.md\/?s={search_term_string}\"},\"query-input\":\"required name=search_term_string\"}],\"inLanguage\":\"ru-RU\"},{\"@type\":\"Organization\",\"@id\":\"https:\/\/gbb.md\/#organization\",\"name\":\"GBB\",\"alternateName\":\"Global Bar Beverages\",\"url\":\"https:\/\/gbb.md\/\",\"logo\":{\"@type\":\"ImageObject\",\"inLanguage\":\"ru-RU\",\"@id\":\"https:\/\/gbb.md\/#\/schema\/logo\/image\/\",\"url\":\"https:\/\/gbb.md\/wp-content\/uploads\/2024\/01\/android-chrome-512x512-1.png\",\"contentUrl\":\"https:\/\/gbb.md\/wp-content\/uploads\/2024\/01\/android-chrome-512x512-1.png\",\"width\":512,\"height\":512,\"caption\":\"GBB\"},\"image\":{\"@id\":\"https:\/\/gbb.md\/#\/schema\/logo\/image\/\"},\"sameAs\":[\"https:\/\/www.facebook.com\/profile.php?id=61555243232370\"]}]}<\/script>\n<!-- \/ Yoast SEO plugin. -->","yoast_head_json":{"title":"Maison Mure Cre\u0301mant d'Alsace \"Grand Mille\u0301sime\" 2017 | Global Bar Beverages","robots":{"index":"index","follow":"follow","max-snippet":"max-snippet:-1","max-image-preview":"max-image-preview:large","max-video-preview":"max-video-preview:-1"},"canonical":"https:\/\/gbb.md\/ru\/product\/cremant-dalsace-grand-millesime-2017-region-vorbourg-clos-saint-landelin\/","og_locale":"ru_RU","og_type":"article","og_title":"Maison Mure Cre\u0301mant d'Alsace \"Grand Mille\u0301sime\" 2017 | Global Bar Beverages","og_description":"Alcool: 12,5%  Compozi\u021bie: Amestec de Riesling \u0219i Chardonnay.  Terroir: Clos Saint Landelin, un monopole de 12 hectare, situat \u00een regiunea Rouffach, Alsacia.  V\u00e2rsta medie a vi\u021bei de vie: 20 de ani","og_url":"https:\/\/gbb.md\/ru\/product\/cremant-dalsace-grand-millesime-2017-region-vorbourg-clos-saint-landelin\/","og_site_name":"Global Bar Beverages","article_publisher":"https:\/\/www.facebook.com\/profile.php?id=61555243232370","article_modified_time":"2026-01-29T14:54:29+00:00","og_image":[{"width":999,"height":900,"url":"https:\/\/gbb.md\/wp-content\/uploads\/2025\/02\/cremant-grand-millesime.jpg","type":"image\/jpeg"}],"twitter_card":"summary_large_image","twitter_misc":{"\u041f\u0440\u0438\u043c\u0435\u0440\u043d\u043e\u0435 \u0432\u0440\u0435\u043c\u044f \u0434\u043b\u044f \u0447\u0442\u0435\u043d\u0438\u044f":"2 \u043c\u0438\u043d\u0443\u0442\u044b"},"schema":{"@context":"https:\/\/schema.org","@graph":[{"@type":"WebPage","@id":"https:\/\/gbb.md\/product\/cremant-dalsace-grand-millesime-2017-region-vorbourg-clos-saint-landelin\/","url":"https:\/\/gbb.md\/product\/cremant-dalsace-grand-millesime-2017-region-vorbourg-clos-saint-landelin\/","name":"Maison Mure Cre\u0301mant d'Alsace \"Grand Mille\u0301sime\" 2017 | Global Bar Beverages","isPartOf":{"@id":"https:\/\/gbb.md\/#website"},"datePublished":"2025-02-07T15:13:50+00:00","dateModified":"2026-01-29T14:54:29+00:00","breadcrumb":{"@id":"https:\/\/gbb.md\/product\/cremant-dalsace-grand-millesime-2017-region-vorbourg-clos-saint-landelin\/#breadcrumb"},"inLanguage":"ru-RU","potentialAction":[{"@type":"ReadAction","target":["https:\/\/gbb.md\/product\/cremant-dalsace-grand-millesime-2017-region-vorbourg-clos-saint-landelin\/"]}]},{"@type":"BreadcrumbList","@id":"https:\/\/gbb.md\/product\/cremant-dalsace-grand-millesime-2017-region-vorbourg-clos-saint-landelin\/#breadcrumb","itemListElement":[{"@type":"ListItem","position":1,"name":"\u0413\u043b\u0430\u0432\u043d\u0430\u044f \u0441\u0442\u0440\u0430\u043d\u0438\u0446\u0430","item":"https:\/\/gbb.md\/"},{"@type":"ListItem","position":2,"name":"Produse","item":"https:\/\/gbb.md\/shop\/"},{"@type":"ListItem","position":3,"name":"Maison Mure Cre\u0301mant d&#8217;Alsace &#171;Grand Mille\u0301sime&#187; 2017"}]},{"@type":"WebSite","@id":"https:\/\/gbb.md\/#website","url":"https:\/\/gbb.md\/","name":"GBB","description":"\u042d\u0442\u043e \u043c\u043e\u043b\u043e\u0434\u0430\u044f \u0431\u044b\u0441\u0442\u0440\u043e\u0440\u0430\u0441\u0442\u0443\u0449\u0430\u044f \u043a\u043e\u043c\u043f\u0430\u043d\u0438\u044f, \u0441\u0442\u0430\u0432\u0448\u0430\u044f \u043a\u0440\u0443\u043f\u043d\u0435\u0439\u0448\u0438\u043c \u0432 \u041c\u043e\u043b\u0434\u043e\u0432\u0435 \u043f\u043e\u0441\u0442\u0430\u0432\u0449\u0438\u043a\u043e\u043c \u0441\u0438\u0440\u043e\u043f\u043e\u0432 \u0438 \u043f\u044e\u0440\u0435 \u0434\u043b\u044f \u043d\u0430\u043f\u0438\u0442\u043a\u043e\u0432, \u0447\u0430\u044f, \u043a\u043e\u0444\u0435, \u0441\u043e\u0443\u0441\u043e\u0432, \u0442\u043e\u043d\u0438\u043a\u043e\u0432 \u0438 bubble tea \u043e\u0442 \u0438\u043c\u0435\u043d\u0438\u0442\u044b\u0445 \u043f\u0440\u043e\u0438\u0437\u0432\u043e\u0434\u0438\u0442\u0435\u043b\u0435\u0439.","publisher":{"@id":"https:\/\/gbb.md\/#organization"},"alternateName":"Global Bar Beverages","potentialAction":[{"@type":"SearchAction","target":{"@type":"EntryPoint","urlTemplate":"https:\/\/gbb.md\/?s={search_term_string}"},"query-input":"required name=search_term_string"}],"inLanguage":"ru-RU"},{"@type":"Organization","@id":"https:\/\/gbb.md\/#organization","name":"GBB","alternateName":"Global Bar Beverages","url":"https:\/\/gbb.md\/","logo":{"@type":"ImageObject","inLanguage":"ru-RU","@id":"https:\/\/gbb.md\/#\/schema\/logo\/image\/","url":"https:\/\/gbb.md\/wp-content\/uploads\/2024\/01\/android-chrome-512x512-1.png","contentUrl":"https:\/\/gbb.md\/wp-content\/uploads\/2024\/01\/android-chrome-512x512-1.png","width":512,"height":512,"caption":"GBB"},"image":{"@id":"https:\/\/gbb.md\/#\/schema\/logo\/image\/"},"sameAs":["https:\/\/www.facebook.com\/profile.php?id=61555243232370"]}]}},"_links":{"self":[{"href":"https:\/\/gbb.md\/ru\/wp-json\/wp\/v2\/product\/10066"}],"collection":[{"href":"https:\/\/gbb.md\/ru\/wp-json\/wp\/v2\/product"}],"about":[{"href":"https:\/\/gbb.md\/ru\/wp-json\/wp\/v2\/types\/product"}],"replies":[{"embeddable":true,"href":"https:\/\/gbb.md\/ru\/wp-json\/wp\/v2\/comments?post=10066"}],"wp:featuredmedia":[{"embeddable":true,"href":"https:\/\/gbb.md\/ru\/wp-json\/wp\/v2\/media\/10067"}],"wp:attachment":[{"href":"https:\/\/gbb.md\/ru\/wp-json\/wp\/v2\/media?parent=10066"}],"wp:term":[{"taxonomy":"product_cat","embeddable":true,"href":"https:\/\/gbb.md\/ru\/wp-json\/wp\/v2\/product_cat?post=10066"},{"taxonomy":"product_tag","embeddable":true,"href":"https:\/\/gbb.md\/ru\/wp-json\/wp\/v2\/product_tag?post=10066"}],"curies":[{"name":"wp","href":"https:\/\/api.w.org\/{rel}","templated":true}]}}