{"id":10137,"date":"2025-03-27T17:55:03","date_gmt":"2025-03-27T15:55:03","guid":{"rendered":"https:\/\/gbb.md\/?post_type=product&#038;p=10137"},"modified":"2026-04-09T11:09:05","modified_gmt":"2026-04-09T08:09:05","slug":"akashi-junmai-sparkling-7-0-3l","status":"publish","type":"product","link":"https:\/\/gbb.md\/ru\/product\/akashi-junmai-sparkling-7-0-3l\/","title":{"rendered":"Akashi Junmai Ginjo Sparkling 7% 0.72 L"},"content":{"rendered":"<div id=\"fws_6a04792aed572\"  data-midnight=\"dark\" data-top-percent=\"-30%\"  data-bg-mobile-hidden=\"\" class=\"wpb_row vc_row-fluid vc_row top-level  vc_row-o-equal-height vc_row-flex  vc_row-o-content-middle standard_section\"  style=\"padding-top: calc(100vw * 0.0-30); padding-bottom: 0px;  z-index: 100;\"><div class=\"row-bg-wrap\"><div class=\"inner-wrap\"><div class=\"row-bg\"  style=\"\"><\/div><\/div><div class=\"row-bg-overlay\" ><\/div><\/div><div class=\"col span_12 dark left\">\n\t<div style=\"margin-top: -190px; \" class=\"vc_col-sm-12 wpb_column column_container vc_column_container col neg-marg no-extra-padding\"  data-t-w-inherits=\"default\" data-border-radius=\"none\" data-shadow=\"none\" data-border-animation=\"\" data-border-animation-delay=\"\" data-border-width=\"none\" data-border-style=\"solid\" data-border-color=\"\" data-bg-cover=\"\" data-padding-pos=\"all\" data-has-bg-color=\"false\" data-bg-color=\"\" data-bg-opacity=\"1\" data-hover-bg=\"\" data-hover-bg-opacity=\"1\" data-animation=\"\" data-delay=\"0\"><div class=\"column-bg-overlay\"><\/div>\n\t\t<div class=\"vc_column-inner\">\n\t\t\t<div class=\"wpb_wrapper\">\n\t\t\t\t<div class=\"divider-wrap\" data-alignment=\"default\"><div style=\"height: 70px;\" class=\"divider\"><\/div><\/div><div id=\"ultimate-heading-15886a04792aed9a8\" class=\"uvc-heading ult-adjust-bottom-margin ultimate-heading-15886a04792aed9a8 uvc-4527\" data-hspacer=\"no_spacer\"  data-halign=\"left\" style=\"text-align:left\"><div class=\"uvc-heading-spacer no_spacer\" style=\"top\"><\/div><div class=\"uvc-main-heading ult-responsive\"  data-ultimate-target='.uvc-heading.ultimate-heading-15886a04792aed9a8 h2'  data-responsive-json-new='{\"font-size\":\"desktop:28px;\",\"line-height\":\"\"}' ><h2 style=\"font-weight:bold;color:#333333;\">Akashi Junmai Ginjo Sparkling<\/h2><\/div><div class=\"uvc-sub-heading ult-responsive\"  data-ultimate-target='.uvc-heading.ultimate-heading-15886a04792aed9a8 .uvc-sub-heading '  data-responsive-json-new='{\"font-size\":\"desktop:18px;\",\"line-height\":\"\"}'  style=\"font-weight:normal;\">\n<p data-start=\"1007\" data-end=\"1304\"><em data-start=\"1007\" data-end=\"1038\">Akashi Junmai Ginjo Sparkling<\/em> este un sak\u00e9 japonez <strong data-start=\"1060\" data-end=\"1071\">spumant<\/strong> produs de <strong data-start=\"1082\" data-end=\"1105\">Akashi Sake Brewery<\/strong>, renumit\u0103 pentru tradi\u021bia sa \u00een me\u0219te\u0219ugul sak\u00e9-ului. Acest tip de sak\u00e9 combin\u0103 tehnica tradi\u021bional\u0103 de fermentare cu o etap\u0103 de <strong data-start=\"1235\" data-end=\"1250\">carbonatare<\/strong>, rezult\u00e2nd un produs efervescent, proasp\u0103t \u0219i modern.<\/p>\n<p data-start=\"1306\" data-end=\"1597\">\u00cen categoria <strong data-start=\"1319\" data-end=\"1335\">Junmai Ginjo<\/strong>, sak\u00e9-ul este fabricat doar din orez, ap\u0103, koji \u0219i drojdie \u2014 f\u0103r\u0103 ad\u0103ugare de alcool \u2014 \u0219i cu orez \u0219lefuit p\u00e2n\u0103 la aproximativ <strong data-start=\"1462\" data-end=\"1470\">60 %<\/strong>, ceea ce \u00eei confer\u0103 un profil aromat delicat \u0219i curat. Carbonatarea \u00eei adaug\u0103 <strong data-start=\"1549\" data-end=\"1562\">bule fine<\/strong>, oferind prospe\u021bime \u0219i vivacitate.<\/p>\n<p data-start=\"1599\" data-end=\"1995\">La degustare, <em data-start=\"1613\" data-end=\"1644\">Akashi Junmai Ginjo Sparkling<\/em> se remarc\u0103 printr-un <strong data-start=\"1666\" data-end=\"1697\">aroma proasp\u0103t\u0103 \u0219i fructat\u0103<\/strong>, cu note de <strong data-start=\"1710\" data-end=\"1741\">mere verzi, pere \u0219i citrice<\/strong>, suprapuse peste accente florale delicate (floare de cire\u0219). Gustul este <strong data-start=\"1815\" data-end=\"1829\">echilibrat<\/strong>, cu o u\u0219oar\u0103 dulcea\u021b\u0103 natural\u0103 \u0219i o not\u0103 acid\u0103 pl\u0103cut\u0103, combinat\u0103 cu caracterul umami tipic al sak\u00e9-ului. Bulele fine \u00eei confer\u0103 o textur\u0103 spumoas\u0103 \u0219i reconfortant\u0103.<\/p>\n<p data-start=\"1997\" data-end=\"2163\">Acest sak\u00e9 spumant se serve\u0219te <strong data-start=\"2028\" data-end=\"2043\">foarte rece<\/strong> (ideal \u00eentre 6 \u0219i 10 \u00b0C), \u00een pahare de vin alb sau flute de \u0219ampanie, pentru a sus\u021bine prospe\u021bimea \u0219i aromele delicate.<\/p>\n<p data-start=\"2165\" data-end=\"2213\"><em data-start=\"2165\" data-end=\"2196\">Akashi Junmai Ginjo Sparkling<\/em> este versatil:<\/p>\n<ul data-start=\"2214\" data-end=\"2397\">\n<li data-start=\"2214\" data-end=\"2266\">\n<p data-start=\"2216\" data-end=\"2266\">excelent ca <strong data-start=\"2228\" data-end=\"2240\">aperitiv<\/strong> sau la \u00eenceputul mesei,<\/p>\n<\/li>\n<li data-start=\"2267\" data-end=\"2315\">\n<p data-start=\"2269\" data-end=\"2315\">potrivit pentru <strong data-start=\"2285\" data-end=\"2312\">socializare \u0219i toasturi<\/strong>,<\/p>\n<\/li>\n<li data-start=\"2316\" data-end=\"2397\">\n<p data-start=\"2318\" data-end=\"2397\">se combin\u0103 bine cu preparate u\u0219oare din pe\u0219te, sushi, salate \u0219i fructe de mare.<\/p>\n<\/li>\n<\/ul>\n<p data-start=\"2399\" data-end=\"2575\">Este o alegere modern\u0103 \u0219i festiv\u0103, ideal\u0103 pentru cei care doresc s\u0103 experimenteze sak\u00e9 cu textur\u0103 efervescent\u0103, combin\u00e2nd tradi\u021bia japonez\u0103 cu un stil contemporan \u0219i prietenos.<\/p>\n<\/div><\/div><div class=\"divider-wrap\" data-alignment=\"default\"><div style=\"height: 25px;\" class=\"divider\"><\/div><\/div>\n\t\t\t<\/div> \n\t\t<\/div>\n\t<\/div> \n<\/div><\/div>\n\t\t<div id=\"fws_6a04792aeddaf\"  data-midnight=\"dark\"  data-bg-mobile-hidden=\"\" class=\"wpb_row vc_row-fluid vc_row standard_section\"  style=\"padding-top: 0px; padding-bottom: 0px; \"><div class=\"row-bg-wrap\"><div class=\"inner-wrap\"><div class=\"row-bg\"  style=\"\"><\/div><\/div><div class=\"row-bg-overlay\" ><\/div><\/div><div class=\"col span_12 dark left\">\n\t<div  class=\"vc_col-sm-12 wpb_column column_container vc_column_container col no-extra-padding\"  data-t-w-inherits=\"default\" data-border-radius=\"none\" data-shadow=\"none\" data-border-animation=\"\" data-border-animation-delay=\"\" data-border-width=\"none\" data-border-style=\"solid\" data-border-color=\"\" data-bg-cover=\"\" data-padding-pos=\"all\" data-has-bg-color=\"false\" data-bg-color=\"\" data-bg-opacity=\"1\" data-hover-bg=\"\" data-hover-bg-opacity=\"1\" data-animation=\"\" data-delay=\"0\"><div class=\"column-bg-overlay\"><\/div>\n\t\t<div class=\"vc_column-inner\">\n\t\t\t<div class=\"wpb_wrapper\">\n\t\t\t\t<div class=\"divider-wrap\" data-alignment=\"default\"><div style=\"height: 100px;\" class=\"divider\"><\/div><\/div>\n\t\t\t<\/div> \n\t\t<\/div>\n\t<\/div> \n<\/div><\/div>","protected":false},"excerpt":{"rendered":"<p>Tip: sak\u00e9 japonez sparkling (spumant)<br \/>\nProduc\u0103tor: Akashi Sake Brewery Co., Ltd., Japonia<br \/>\nIngrediente: orez, koji, ap\u0103, drojdie<br \/>\nClasificare: Junmai Ginjo (f\u0103r\u0103 alcool ad\u0103ugat, orez \u0219lefuit p\u00e2n\u0103 la aprox. 60 %)<br \/>\nAlcool: ~ 6\u20138 % vol. (u\u015for mai redus datorit\u0103 bulelor)<br \/>\nVolum:\u00a0 750 ml<br \/>\nCarbonatare: natural\u0103 sau ad\u0103ugat\u0103 (bule fine)<br \/>\nCuloare: alb-laptoas\u0103 sau u\u015for galben pal<br \/>\nArom\u0103: fructe proaspete (mere, pere), floare de cire\u0219, citrice u\u0219oare<br \/>\nGust: proasp\u0103t, u\u0219or dulce-acri\u0219or, bule fine, echilibrat cu note de umami<br \/>\nTemperatura de servire: rece (6\u201310 \u00b0C)<br \/>\nMod de servire: pahar de vin sau flute pentru spumant<\/p>","protected":false},"featured_media":10139,"comment_status":"open","ping_status":"closed","template":"","meta":[],"product_cat":[405,404,387,407],"product_tag":[],"yoast_head":"<!-- This site is optimized with the Yoast SEO plugin v20.10 - https:\/\/yoast.com\/wordpress\/plugins\/seo\/ -->\n<title>Akashi Junmai Ginjo Sparkling 7% 0.72 L | Global Bar Beverages<\/title>\n<meta name=\"robots\" content=\"index, follow, max-snippet:-1, max-image-preview:large, max-video-preview:-1\" \/>\n<link rel=\"canonical\" href=\"https:\/\/gbb.md\/ru\/product\/akashi-junmai-sparkling-7-0-3l\/\" \/>\n<meta property=\"og:locale\" content=\"ru_RU\" \/>\n<meta property=\"og:type\" content=\"article\" \/>\n<meta property=\"og:title\" content=\"Akashi Junmai Ginjo Sparkling 7% 0.72 L | Global Bar Beverages\" \/>\n<meta property=\"og:description\" content=\"Tip: sak\u00e9 japonez sparkling (spumant) Produc\u0103tor: Akashi Sake Brewery Co., Ltd., Japonia Ingrediente: orez, koji, ap\u0103, drojdie Clasificare: Junmai Ginjo (f\u0103r\u0103 alcool ad\u0103ugat, orez \u0219lefuit p\u00e2n\u0103 la aprox. 60 %) Alcool: ~ 6\u20138 % vol. (u\u015for mai redus datorit\u0103 bulelor) Volum:\u00a0 750 ml Carbonatare: natural\u0103 sau ad\u0103ugat\u0103 (bule fine) Culoare: alb-laptoas\u0103 sau u\u015for galben pal Arom\u0103: fructe proaspete (mere, pere), floare de cire\u0219, citrice u\u0219oare Gust: proasp\u0103t, u\u0219or dulce-acri\u0219or, bule fine, echilibrat cu note de umami Temperatura de servire: rece (6\u201310 \u00b0C) Mod de servire: pahar de vin sau flute pentru spumant\" \/>\n<meta property=\"og:url\" content=\"https:\/\/gbb.md\/ru\/product\/akashi-junmai-sparkling-7-0-3l\/\" \/>\n<meta property=\"og:site_name\" content=\"Global Bar Beverages\" \/>\n<meta property=\"article:publisher\" content=\"https:\/\/www.facebook.com\/profile.php?id=61555243232370\" \/>\n<meta property=\"article:modified_time\" content=\"2026-04-09T08:09:05+00:00\" \/>\n<meta property=\"og:image\" content=\"https:\/\/gbb.md\/wp-content\/uploads\/2025\/03\/askashi-tai-sparkling-2021-mockup-1-1024x919.png\" \/>\n\t<meta property=\"og:image:width\" content=\"1024\" \/>\n\t<meta property=\"og:image:height\" content=\"919\" \/>\n\t<meta property=\"og:image:type\" content=\"image\/png\" \/>\n<meta name=\"twitter:card\" content=\"summary_large_image\" \/>\n<meta name=\"twitter:label1\" content=\"\u041f\u0440\u0438\u043c\u0435\u0440\u043d\u043e\u0435 \u0432\u0440\u0435\u043c\u044f \u0434\u043b\u044f \u0447\u0442\u0435\u043d\u0438\u044f\" \/>\n\t<meta name=\"twitter:data1\" content=\"2 \u043c\u0438\u043d\u0443\u0442\u044b\" \/>\n<script type=\"application\/ld+json\" class=\"yoast-schema-graph\">{\"@context\":\"https:\/\/schema.org\",\"@graph\":[{\"@type\":\"WebPage\",\"@id\":\"https:\/\/gbb.md\/product\/akashi-junmai-sparkling-7-0-3l\/\",\"url\":\"https:\/\/gbb.md\/product\/akashi-junmai-sparkling-7-0-3l\/\",\"name\":\"Akashi Junmai Ginjo Sparkling 7% 0.72 L | Global Bar Beverages\",\"isPartOf\":{\"@id\":\"https:\/\/gbb.md\/#website\"},\"datePublished\":\"2025-03-27T15:55:03+00:00\",\"dateModified\":\"2026-04-09T08:09:05+00:00\",\"breadcrumb\":{\"@id\":\"https:\/\/gbb.md\/product\/akashi-junmai-sparkling-7-0-3l\/#breadcrumb\"},\"inLanguage\":\"ru-RU\",\"potentialAction\":[{\"@type\":\"ReadAction\",\"target\":[\"https:\/\/gbb.md\/product\/akashi-junmai-sparkling-7-0-3l\/\"]}]},{\"@type\":\"BreadcrumbList\",\"@id\":\"https:\/\/gbb.md\/product\/akashi-junmai-sparkling-7-0-3l\/#breadcrumb\",\"itemListElement\":[{\"@type\":\"ListItem\",\"position\":1,\"name\":\"\u0413\u043b\u0430\u0432\u043d\u0430\u044f \u0441\u0442\u0440\u0430\u043d\u0438\u0446\u0430\",\"item\":\"https:\/\/gbb.md\/\"},{\"@type\":\"ListItem\",\"position\":2,\"name\":\"Produse\",\"item\":\"https:\/\/gbb.md\/shop\/\"},{\"@type\":\"ListItem\",\"position\":3,\"name\":\"Akashi Junmai Ginjo Sparkling 7% 0.72 L\"}]},{\"@type\":\"WebSite\",\"@id\":\"https:\/\/gbb.md\/#website\",\"url\":\"https:\/\/gbb.md\/\",\"name\":\"GBB\",\"description\":\"\u042d\u0442\u043e \u043c\u043e\u043b\u043e\u0434\u0430\u044f \u0431\u044b\u0441\u0442\u0440\u043e\u0440\u0430\u0441\u0442\u0443\u0449\u0430\u044f \u043a\u043e\u043c\u043f\u0430\u043d\u0438\u044f, \u0441\u0442\u0430\u0432\u0448\u0430\u044f \u043a\u0440\u0443\u043f\u043d\u0435\u0439\u0448\u0438\u043c \u0432 \u041c\u043e\u043b\u0434\u043e\u0432\u0435 \u043f\u043e\u0441\u0442\u0430\u0432\u0449\u0438\u043a\u043e\u043c \u0441\u0438\u0440\u043e\u043f\u043e\u0432 \u0438 \u043f\u044e\u0440\u0435 \u0434\u043b\u044f \u043d\u0430\u043f\u0438\u0442\u043a\u043e\u0432, \u0447\u0430\u044f, \u043a\u043e\u0444\u0435, \u0441\u043e\u0443\u0441\u043e\u0432, \u0442\u043e\u043d\u0438\u043a\u043e\u0432 \u0438 bubble tea \u043e\u0442 \u0438\u043c\u0435\u043d\u0438\u0442\u044b\u0445 \u043f\u0440\u043e\u0438\u0437\u0432\u043e\u0434\u0438\u0442\u0435\u043b\u0435\u0439.\",\"publisher\":{\"@id\":\"https:\/\/gbb.md\/#organization\"},\"alternateName\":\"Global Bar Beverages\",\"potentialAction\":[{\"@type\":\"SearchAction\",\"target\":{\"@type\":\"EntryPoint\",\"urlTemplate\":\"https:\/\/gbb.md\/?s={search_term_string}\"},\"query-input\":\"required name=search_term_string\"}],\"inLanguage\":\"ru-RU\"},{\"@type\":\"Organization\",\"@id\":\"https:\/\/gbb.md\/#organization\",\"name\":\"GBB\",\"alternateName\":\"Global Bar Beverages\",\"url\":\"https:\/\/gbb.md\/\",\"logo\":{\"@type\":\"ImageObject\",\"inLanguage\":\"ru-RU\",\"@id\":\"https:\/\/gbb.md\/#\/schema\/logo\/image\/\",\"url\":\"https:\/\/gbb.md\/wp-content\/uploads\/2024\/01\/android-chrome-512x512-1.png\",\"contentUrl\":\"https:\/\/gbb.md\/wp-content\/uploads\/2024\/01\/android-chrome-512x512-1.png\",\"width\":512,\"height\":512,\"caption\":\"GBB\"},\"image\":{\"@id\":\"https:\/\/gbb.md\/#\/schema\/logo\/image\/\"},\"sameAs\":[\"https:\/\/www.facebook.com\/profile.php?id=61555243232370\"]}]}<\/script>\n<!-- \/ Yoast SEO plugin. -->","yoast_head_json":{"title":"Akashi Junmai Ginjo Sparkling 7% 0.72 L | Global Bar Beverages","robots":{"index":"index","follow":"follow","max-snippet":"max-snippet:-1","max-image-preview":"max-image-preview:large","max-video-preview":"max-video-preview:-1"},"canonical":"https:\/\/gbb.md\/ru\/product\/akashi-junmai-sparkling-7-0-3l\/","og_locale":"ru_RU","og_type":"article","og_title":"Akashi Junmai Ginjo Sparkling 7% 0.72 L | Global Bar Beverages","og_description":"Tip: sak\u00e9 japonez sparkling (spumant) Produc\u0103tor: Akashi Sake Brewery Co., Ltd., Japonia Ingrediente: orez, koji, ap\u0103, drojdie Clasificare: Junmai Ginjo (f\u0103r\u0103 alcool ad\u0103ugat, orez \u0219lefuit p\u00e2n\u0103 la aprox. 60 %) Alcool: ~ 6\u20138 % vol. (u\u015for mai redus datorit\u0103 bulelor) Volum:\u00a0 750 ml Carbonatare: natural\u0103 sau ad\u0103ugat\u0103 (bule fine) Culoare: alb-laptoas\u0103 sau u\u015for galben pal Arom\u0103: fructe proaspete (mere, pere), floare de cire\u0219, citrice u\u0219oare Gust: proasp\u0103t, u\u0219or dulce-acri\u0219or, bule fine, echilibrat cu note de umami Temperatura de servire: rece (6\u201310 \u00b0C) Mod de servire: pahar de vin sau flute pentru spumant","og_url":"https:\/\/gbb.md\/ru\/product\/akashi-junmai-sparkling-7-0-3l\/","og_site_name":"Global Bar Beverages","article_publisher":"https:\/\/www.facebook.com\/profile.php?id=61555243232370","article_modified_time":"2026-04-09T08:09:05+00:00","og_image":[{"width":1024,"height":919,"url":"https:\/\/gbb.md\/wp-content\/uploads\/2025\/03\/askashi-tai-sparkling-2021-mockup-1-1024x919.png","type":"image\/png"}],"twitter_card":"summary_large_image","twitter_misc":{"\u041f\u0440\u0438\u043c\u0435\u0440\u043d\u043e\u0435 \u0432\u0440\u0435\u043c\u044f \u0434\u043b\u044f \u0447\u0442\u0435\u043d\u0438\u044f":"2 \u043c\u0438\u043d\u0443\u0442\u044b"},"schema":{"@context":"https:\/\/schema.org","@graph":[{"@type":"WebPage","@id":"https:\/\/gbb.md\/product\/akashi-junmai-sparkling-7-0-3l\/","url":"https:\/\/gbb.md\/product\/akashi-junmai-sparkling-7-0-3l\/","name":"Akashi Junmai Ginjo Sparkling 7% 0.72 L | Global Bar Beverages","isPartOf":{"@id":"https:\/\/gbb.md\/#website"},"datePublished":"2025-03-27T15:55:03+00:00","dateModified":"2026-04-09T08:09:05+00:00","breadcrumb":{"@id":"https:\/\/gbb.md\/product\/akashi-junmai-sparkling-7-0-3l\/#breadcrumb"},"inLanguage":"ru-RU","potentialAction":[{"@type":"ReadAction","target":["https:\/\/gbb.md\/product\/akashi-junmai-sparkling-7-0-3l\/"]}]},{"@type":"BreadcrumbList","@id":"https:\/\/gbb.md\/product\/akashi-junmai-sparkling-7-0-3l\/#breadcrumb","itemListElement":[{"@type":"ListItem","position":1,"name":"\u0413\u043b\u0430\u0432\u043d\u0430\u044f \u0441\u0442\u0440\u0430\u043d\u0438\u0446\u0430","item":"https:\/\/gbb.md\/"},{"@type":"ListItem","position":2,"name":"Produse","item":"https:\/\/gbb.md\/shop\/"},{"@type":"ListItem","position":3,"name":"Akashi Junmai Ginjo Sparkling 7% 0.72 L"}]},{"@type":"WebSite","@id":"https:\/\/gbb.md\/#website","url":"https:\/\/gbb.md\/","name":"GBB","description":"\u042d\u0442\u043e \u043c\u043e\u043b\u043e\u0434\u0430\u044f \u0431\u044b\u0441\u0442\u0440\u043e\u0440\u0430\u0441\u0442\u0443\u0449\u0430\u044f \u043a\u043e\u043c\u043f\u0430\u043d\u0438\u044f, \u0441\u0442\u0430\u0432\u0448\u0430\u044f \u043a\u0440\u0443\u043f\u043d\u0435\u0439\u0448\u0438\u043c \u0432 \u041c\u043e\u043b\u0434\u043e\u0432\u0435 \u043f\u043e\u0441\u0442\u0430\u0432\u0449\u0438\u043a\u043e\u043c \u0441\u0438\u0440\u043e\u043f\u043e\u0432 \u0438 \u043f\u044e\u0440\u0435 \u0434\u043b\u044f \u043d\u0430\u043f\u0438\u0442\u043a\u043e\u0432, \u0447\u0430\u044f, \u043a\u043e\u0444\u0435, \u0441\u043e\u0443\u0441\u043e\u0432, \u0442\u043e\u043d\u0438\u043a\u043e\u0432 \u0438 bubble tea \u043e\u0442 \u0438\u043c\u0435\u043d\u0438\u0442\u044b\u0445 \u043f\u0440\u043e\u0438\u0437\u0432\u043e\u0434\u0438\u0442\u0435\u043b\u0435\u0439.","publisher":{"@id":"https:\/\/gbb.md\/#organization"},"alternateName":"Global Bar Beverages","potentialAction":[{"@type":"SearchAction","target":{"@type":"EntryPoint","urlTemplate":"https:\/\/gbb.md\/?s={search_term_string}"},"query-input":"required name=search_term_string"}],"inLanguage":"ru-RU"},{"@type":"Organization","@id":"https:\/\/gbb.md\/#organization","name":"GBB","alternateName":"Global Bar Beverages","url":"https:\/\/gbb.md\/","logo":{"@type":"ImageObject","inLanguage":"ru-RU","@id":"https:\/\/gbb.md\/#\/schema\/logo\/image\/","url":"https:\/\/gbb.md\/wp-content\/uploads\/2024\/01\/android-chrome-512x512-1.png","contentUrl":"https:\/\/gbb.md\/wp-content\/uploads\/2024\/01\/android-chrome-512x512-1.png","width":512,"height":512,"caption":"GBB"},"image":{"@id":"https:\/\/gbb.md\/#\/schema\/logo\/image\/"},"sameAs":["https:\/\/www.facebook.com\/profile.php?id=61555243232370"]}]}},"_links":{"self":[{"href":"https:\/\/gbb.md\/ru\/wp-json\/wp\/v2\/product\/10137"}],"collection":[{"href":"https:\/\/gbb.md\/ru\/wp-json\/wp\/v2\/product"}],"about":[{"href":"https:\/\/gbb.md\/ru\/wp-json\/wp\/v2\/types\/product"}],"replies":[{"embeddable":true,"href":"https:\/\/gbb.md\/ru\/wp-json\/wp\/v2\/comments?post=10137"}],"wp:featuredmedia":[{"embeddable":true,"href":"https:\/\/gbb.md\/ru\/wp-json\/wp\/v2\/media\/10139"}],"wp:attachment":[{"href":"https:\/\/gbb.md\/ru\/wp-json\/wp\/v2\/media?parent=10137"}],"wp:term":[{"taxonomy":"product_cat","embeddable":true,"href":"https:\/\/gbb.md\/ru\/wp-json\/wp\/v2\/product_cat?post=10137"},{"taxonomy":"product_tag","embeddable":true,"href":"https:\/\/gbb.md\/ru\/wp-json\/wp\/v2\/product_tag?post=10137"}],"curies":[{"name":"wp","href":"https:\/\/api.w.org\/{rel}","templated":true}]}}