{"id":10152,"date":"2025-04-11T11:05:02","date_gmt":"2025-04-11T08:05:02","guid":{"rendered":"https:\/\/gbb.md\/?post_type=product&#038;p=10152"},"modified":"2026-04-09T17:23:35","modified_gmt":"2026-04-09T14:23:35","slug":"schlumberger-gruner-veltliner-klassik-12-0-75l","status":"publish","type":"product","link":"https:\/\/gbb.md\/ru\/product\/schlumberger-gruner-veltliner-klassik-12-0-75l\/","title":{"rendered":"Schlumberger Gr\u00fcner Veltliner Klassik 12% 0.75L"},"content":{"rendered":"<div id=\"fws_6a048a7c0cc82\"  data-midnight=\"dark\" data-top-percent=\"-30%\"  data-bg-mobile-hidden=\"\" class=\"wpb_row vc_row-fluid vc_row top-level  vc_row-o-equal-height vc_row-flex  vc_row-o-content-middle standard_section\"  style=\"padding-top: calc(100vw * 0.0-30); padding-bottom: 0px;  z-index: 100;\"><div class=\"row-bg-wrap\"><div class=\"inner-wrap\"><div class=\"row-bg\"  style=\"\"><\/div><\/div><div class=\"row-bg-overlay\" ><\/div><\/div><div class=\"col span_12 dark left\">\n\t<div style=\"margin-top: -190px; \" class=\"vc_col-sm-12 wpb_column column_container vc_column_container col neg-marg no-extra-padding\"  data-t-w-inherits=\"default\" data-border-radius=\"none\" data-shadow=\"none\" data-border-animation=\"\" data-border-animation-delay=\"\" data-border-width=\"none\" data-border-style=\"solid\" data-border-color=\"\" data-bg-cover=\"\" data-padding-pos=\"all\" data-has-bg-color=\"false\" data-bg-color=\"\" data-bg-opacity=\"1\" data-hover-bg=\"\" data-hover-bg-opacity=\"1\" data-animation=\"\" data-delay=\"0\"><div class=\"column-bg-overlay\"><\/div>\n\t\t<div class=\"vc_column-inner\">\n\t\t\t<div class=\"wpb_wrapper\">\n\t\t\t\t<div class=\"divider-wrap\" data-alignment=\"default\"><div style=\"height: 70px;\" class=\"divider\"><\/div><\/div><div id=\"ultimate-heading-97706a048a7c0cf35\" class=\"uvc-heading ult-adjust-bottom-margin ultimate-heading-97706a048a7c0cf35 uvc-3510\" data-hspacer=\"no_spacer\"  data-halign=\"left\" style=\"text-align:left\"><div class=\"uvc-heading-spacer no_spacer\" style=\"top\"><\/div><div class=\"uvc-main-heading ult-responsive\"  data-ultimate-target='.uvc-heading.ultimate-heading-97706a048a7c0cf35 h2'  data-responsive-json-new='{\"font-size\":\"desktop:28px;\",\"line-height\":\"\"}' ><h2 style=\"font-weight:bold;color:#333333;\">Schlumberger Gr\u00fcner Veltliner Klassik 12%<\/h2><\/div><div class=\"uvc-sub-heading ult-responsive\"  data-ultimate-target='.uvc-heading.ultimate-heading-97706a048a7c0cf35 .uvc-sub-heading '  data-responsive-json-new='{\"font-size\":\"desktop:18px;\",\"line-height\":\"\"}'  style=\"font-weight:normal;\">\n<div class=\"response-container-content ng-tns-c2608206049-545 has-thoughts\">\n<div class=\"response-content ng-tns-c2608206049-545\">\n<div class=\"container\">\n<div id=\"model-response-message-contentr_547bc68513364361\" class=\"markdown markdown-main-panel stronger enable-updated-hr-color\" dir=\"ltr\" aria-live=\"polite\" aria-busy=\"false\">\n<p data-path-to-node=\"0\"><b data-path-to-node=\"0\" data-index-in-node=\"0\">Schlumberger Gr\u00fcner Veltliner Klassik<\/b> este un vin spumant de excep\u021bie care poart\u0103 amprenta tradi\u021biei austriece, fiind produs de una dintre cele mai vechi \u0219i respectate case de \u201eSekt\u201d din Viena. Ceea ce \u00eel face cu adev\u0103rat special este utilizarea soiului <b data-path-to-node=\"0\" data-index-in-node=\"254\">Gr\u00fcner Veltliner<\/b>, emblema viticulturii austriece, transformat \u00eentr-un spumant rafinat prin metoda tradi\u021bional\u0103.<\/p>\n<p data-path-to-node=\"0\">\n<\/div>\n<p data-path-to-node=\"0\">Schlumberger folose\u0219te exclusiv <b data-path-to-node=\"4\" data-index-in-node=\"32\">\u201eM\u00e9thode Traditionnelle\u201d<\/b> (metoda clasic\u0103 de fermentare la sticl\u0103, similar\u0103 cu cea din Champagne) pentru toate produsele sale. Varianta <b data-path-to-node=\"4\" data-index-in-node=\"167\">Gr\u00fcner Veltliner Klassik<\/b> pune accent pe prospe\u021bimea \u0219i caracterul fructat al soiului, fiind maturat pe drojdii timp de cel pu\u021bin 12 luni pentru a ob\u021bine un perlaj fin \u0219i o structur\u0103 echilibrat\u0103.<\/p>\n<\/div>\n<h3 data-path-to-node=\"9\">Note Senzoriale (Gust \u0219i Arom\u0103)<\/h3>\n<ul data-path-to-node=\"10\">\n<li>\n<p data-path-to-node=\"10,0,0\"><b data-path-to-node=\"10,0,0\" data-index-in-node=\"0\">Aspect:<\/b> Galben-pai str\u0103lucitor, cu reflexii verzui \u0219i un perlaj extrem de fin \u0219i persistent.<\/p>\n<\/li>\n<li>\n<p data-path-to-node=\"10,1,0\"><b data-path-to-node=\"10,1,0\" data-index-in-node=\"0\">Aroma:<\/b> Buchetul este tipic pentru acest soi, deschiz\u00e2ndu-se cu note proaspete de <b data-path-to-node=\"10,1,0\" data-index-in-node=\"81\">m\u0103r verde, citrice \u0219i o tent\u0103 floral\u0103<\/b>. Elementul distinctiv este celebrul <b data-path-to-node=\"10,1,0\" data-index-in-node=\"155\">\u201ePfefferl\u201d<\/b> (not\u0103 de piper alb), specific soiului Gr\u00fcner Veltliner, care \u00eei ofer\u0103 o latur\u0103 condimentat\u0103 unic\u0103.<\/p>\n<\/li>\n<li>\n<p data-path-to-node=\"10,2,0\"><b data-path-to-node=\"10,2,0\" data-index-in-node=\"0\">Gustul:<\/b> Atacul este vioi \u0219i revigorant. Pe palat, textura este cremoas\u0103 datorit\u0103 bulelor fine, eviden\u021biind arome de fructe cu pulp\u0103 alb\u0103 \u0219i ierburi aromatice. Aciditatea este bine structurat\u0103, oferind prospe\u021bime f\u0103r\u0103 a fi agresiv\u0103.<\/p>\n<\/li>\n<li>\n<p data-path-to-node=\"10,3,0\"><b data-path-to-node=\"10,3,0\" data-index-in-node=\"0\">Postgust:<\/b> Curat, mineral \u0219i u\u0219or condimentat, l\u0103s\u00e2nd o senza\u021bie de prospe\u021bime alpin\u0103.<\/p>\n<\/li>\n<\/ul>\n<\/div>\n<\/div>\n<\/div><\/div><div class=\"divider-wrap\" data-alignment=\"default\"><div style=\"height: 25px;\" class=\"divider\"><\/div><\/div>\n\t\t\t<\/div> \n\t\t<\/div>\n\t<\/div> \n<\/div><\/div>\n\t\t<div id=\"fws_6a048a7c0d306\"  data-midnight=\"dark\"  data-bg-mobile-hidden=\"\" class=\"wpb_row vc_row-fluid vc_row standard_section\"  style=\"padding-top: 0px; padding-bottom: 0px; \"><div class=\"row-bg-wrap\"><div class=\"inner-wrap\"><div class=\"row-bg\"  style=\"\"><\/div><\/div><div class=\"row-bg-overlay\" ><\/div><\/div><div class=\"col span_12 dark left\">\n\t<div  class=\"vc_col-sm-12 wpb_column column_container vc_column_container col no-extra-padding\"  data-t-w-inherits=\"default\" data-border-radius=\"none\" data-shadow=\"none\" data-border-animation=\"\" data-border-animation-delay=\"\" data-border-width=\"none\" data-border-style=\"solid\" data-border-color=\"\" data-bg-cover=\"\" data-padding-pos=\"all\" data-has-bg-color=\"false\" data-bg-color=\"\" data-bg-opacity=\"1\" data-hover-bg=\"\" data-hover-bg-opacity=\"1\" data-animation=\"\" data-delay=\"0\"><div class=\"column-bg-overlay\"><\/div>\n\t\t<div class=\"vc_column-inner\">\n\t\t\t<div class=\"wpb_wrapper\">\n\t\t\t\t<div class=\"divider-wrap\" data-alignment=\"default\"><div style=\"height: 100px;\" class=\"divider\"><\/div><\/div>\n\t\t\t<\/div> \n\t\t<\/div>\n\t<\/div> \n<\/div><\/div>","protected":false},"excerpt":{"rendered":"<p>Produc\u0103tor &#8211; Schlumberger Sektkellerei<br \/>\nOrigine &#8211; Austria (Struguri din Austria Inferioar\u0103)<br \/>\nTip &#8211; Vin Spumant Brut<br \/>\nSoi de struguri &#8211; 100% Gr\u00fcner Veltliner<br \/>\nMetod\u0103 de produc\u021bie &#8211; Metoda Tradi\u021bional\u0103 (fermentare la sticl\u0103)<br \/>\nConcentra\u021bie alcoolic\u0103 &#8211; 12% vol.<br \/>\nVolum &#8211; 0.75 L<\/p>","protected":false},"featured_media":10153,"comment_status":"open","ping_status":"closed","template":"","meta":[],"product_cat":[405,404,432,407],"product_tag":[],"yoast_head":"<!-- This site is optimized with the Yoast SEO plugin v20.10 - https:\/\/yoast.com\/wordpress\/plugins\/seo\/ -->\n<title>Schlumberger Gr\u00fcner Veltliner Klassik 12% 0.75L | Global Bar Beverages<\/title>\n<meta name=\"robots\" content=\"index, follow, max-snippet:-1, max-image-preview:large, max-video-preview:-1\" \/>\n<link rel=\"canonical\" href=\"https:\/\/gbb.md\/ru\/product\/schlumberger-gruner-veltliner-klassik-12-0-75l\/\" \/>\n<meta property=\"og:locale\" content=\"ru_RU\" \/>\n<meta property=\"og:type\" content=\"article\" \/>\n<meta property=\"og:title\" content=\"Schlumberger Gr\u00fcner Veltliner Klassik 12% 0.75L | Global Bar Beverages\" \/>\n<meta property=\"og:description\" content=\"Produc\u0103tor - Schlumberger Sektkellerei Origine - Austria (Struguri din Austria Inferioar\u0103) Tip - Vin Spumant Brut Soi de struguri - 100% Gr\u00fcner Veltliner Metod\u0103 de produc\u021bie - Metoda Tradi\u021bional\u0103 (fermentare la sticl\u0103) Concentra\u021bie alcoolic\u0103 - 12% vol. Volum - 0.75 L\" \/>\n<meta property=\"og:url\" content=\"https:\/\/gbb.md\/ru\/product\/schlumberger-gruner-veltliner-klassik-12-0-75l\/\" \/>\n<meta property=\"og:site_name\" content=\"Global Bar Beverages\" \/>\n<meta property=\"article:publisher\" content=\"https:\/\/www.facebook.com\/profile.php?id=61555243232370\" \/>\n<meta property=\"article:modified_time\" content=\"2026-04-09T14:23:35+00:00\" \/>\n<meta property=\"og:image\" content=\"https:\/\/gbb.md\/wp-content\/uploads\/2025\/04\/GV-075L.jpg\" \/>\n\t<meta property=\"og:image:width\" content=\"1208\" \/>\n\t<meta property=\"og:image:height\" content=\"1200\" \/>\n\t<meta property=\"og:image:type\" content=\"image\/jpeg\" \/>\n<meta name=\"twitter:card\" content=\"summary_large_image\" \/>\n<meta name=\"twitter:label1\" content=\"\u041f\u0440\u0438\u043c\u0435\u0440\u043d\u043e\u0435 \u0432\u0440\u0435\u043c\u044f \u0434\u043b\u044f \u0447\u0442\u0435\u043d\u0438\u044f\" \/>\n\t<meta name=\"twitter:data1\" content=\"2 \u043c\u0438\u043d\u0443\u0442\u044b\" \/>\n<script type=\"application\/ld+json\" class=\"yoast-schema-graph\">{\"@context\":\"https:\/\/schema.org\",\"@graph\":[{\"@type\":\"WebPage\",\"@id\":\"https:\/\/gbb.md\/product\/schlumberger-gruner-veltliner-klassik-12-0-75l\/\",\"url\":\"https:\/\/gbb.md\/product\/schlumberger-gruner-veltliner-klassik-12-0-75l\/\",\"name\":\"Schlumberger Gr\u00fcner Veltliner Klassik 12% 0.75L | Global Bar Beverages\",\"isPartOf\":{\"@id\":\"https:\/\/gbb.md\/#website\"},\"datePublished\":\"2025-04-11T08:05:02+00:00\",\"dateModified\":\"2026-04-09T14:23:35+00:00\",\"breadcrumb\":{\"@id\":\"https:\/\/gbb.md\/product\/schlumberger-gruner-veltliner-klassik-12-0-75l\/#breadcrumb\"},\"inLanguage\":\"ru-RU\",\"potentialAction\":[{\"@type\":\"ReadAction\",\"target\":[\"https:\/\/gbb.md\/product\/schlumberger-gruner-veltliner-klassik-12-0-75l\/\"]}]},{\"@type\":\"BreadcrumbList\",\"@id\":\"https:\/\/gbb.md\/product\/schlumberger-gruner-veltliner-klassik-12-0-75l\/#breadcrumb\",\"itemListElement\":[{\"@type\":\"ListItem\",\"position\":1,\"name\":\"\u0413\u043b\u0430\u0432\u043d\u0430\u044f \u0441\u0442\u0440\u0430\u043d\u0438\u0446\u0430\",\"item\":\"https:\/\/gbb.md\/\"},{\"@type\":\"ListItem\",\"position\":2,\"name\":\"Produse\",\"item\":\"https:\/\/gbb.md\/shop\/\"},{\"@type\":\"ListItem\",\"position\":3,\"name\":\"Schlumberger Gr\u00fcner Veltliner Klassik 12% 0.75L\"}]},{\"@type\":\"WebSite\",\"@id\":\"https:\/\/gbb.md\/#website\",\"url\":\"https:\/\/gbb.md\/\",\"name\":\"GBB\",\"description\":\"\u042d\u0442\u043e \u043c\u043e\u043b\u043e\u0434\u0430\u044f \u0431\u044b\u0441\u0442\u0440\u043e\u0440\u0430\u0441\u0442\u0443\u0449\u0430\u044f \u043a\u043e\u043c\u043f\u0430\u043d\u0438\u044f, \u0441\u0442\u0430\u0432\u0448\u0430\u044f \u043a\u0440\u0443\u043f\u043d\u0435\u0439\u0448\u0438\u043c \u0432 \u041c\u043e\u043b\u0434\u043e\u0432\u0435 \u043f\u043e\u0441\u0442\u0430\u0432\u0449\u0438\u043a\u043e\u043c \u0441\u0438\u0440\u043e\u043f\u043e\u0432 \u0438 \u043f\u044e\u0440\u0435 \u0434\u043b\u044f \u043d\u0430\u043f\u0438\u0442\u043a\u043e\u0432, \u0447\u0430\u044f, \u043a\u043e\u0444\u0435, \u0441\u043e\u0443\u0441\u043e\u0432, \u0442\u043e\u043d\u0438\u043a\u043e\u0432 \u0438 bubble tea \u043e\u0442 \u0438\u043c\u0435\u043d\u0438\u0442\u044b\u0445 \u043f\u0440\u043e\u0438\u0437\u0432\u043e\u0434\u0438\u0442\u0435\u043b\u0435\u0439.\",\"publisher\":{\"@id\":\"https:\/\/gbb.md\/#organization\"},\"alternateName\":\"Global Bar Beverages\",\"potentialAction\":[{\"@type\":\"SearchAction\",\"target\":{\"@type\":\"EntryPoint\",\"urlTemplate\":\"https:\/\/gbb.md\/?s={search_term_string}\"},\"query-input\":\"required name=search_term_string\"}],\"inLanguage\":\"ru-RU\"},{\"@type\":\"Organization\",\"@id\":\"https:\/\/gbb.md\/#organization\",\"name\":\"GBB\",\"alternateName\":\"Global Bar Beverages\",\"url\":\"https:\/\/gbb.md\/\",\"logo\":{\"@type\":\"ImageObject\",\"inLanguage\":\"ru-RU\",\"@id\":\"https:\/\/gbb.md\/#\/schema\/logo\/image\/\",\"url\":\"https:\/\/gbb.md\/wp-content\/uploads\/2024\/01\/android-chrome-512x512-1.png\",\"contentUrl\":\"https:\/\/gbb.md\/wp-content\/uploads\/2024\/01\/android-chrome-512x512-1.png\",\"width\":512,\"height\":512,\"caption\":\"GBB\"},\"image\":{\"@id\":\"https:\/\/gbb.md\/#\/schema\/logo\/image\/\"},\"sameAs\":[\"https:\/\/www.facebook.com\/profile.php?id=61555243232370\"]}]}<\/script>\n<!-- \/ Yoast SEO plugin. -->","yoast_head_json":{"title":"Schlumberger Gr\u00fcner Veltliner Klassik 12% 0.75L | Global Bar Beverages","robots":{"index":"index","follow":"follow","max-snippet":"max-snippet:-1","max-image-preview":"max-image-preview:large","max-video-preview":"max-video-preview:-1"},"canonical":"https:\/\/gbb.md\/ru\/product\/schlumberger-gruner-veltliner-klassik-12-0-75l\/","og_locale":"ru_RU","og_type":"article","og_title":"Schlumberger Gr\u00fcner Veltliner Klassik 12% 0.75L | Global Bar Beverages","og_description":"Produc\u0103tor - Schlumberger Sektkellerei Origine - Austria (Struguri din Austria Inferioar\u0103) Tip - Vin Spumant Brut Soi de struguri - 100% Gr\u00fcner Veltliner Metod\u0103 de produc\u021bie - Metoda Tradi\u021bional\u0103 (fermentare la sticl\u0103) Concentra\u021bie alcoolic\u0103 - 12% vol. Volum - 0.75 L","og_url":"https:\/\/gbb.md\/ru\/product\/schlumberger-gruner-veltliner-klassik-12-0-75l\/","og_site_name":"Global Bar Beverages","article_publisher":"https:\/\/www.facebook.com\/profile.php?id=61555243232370","article_modified_time":"2026-04-09T14:23:35+00:00","og_image":[{"width":1208,"height":1200,"url":"https:\/\/gbb.md\/wp-content\/uploads\/2025\/04\/GV-075L.jpg","type":"image\/jpeg"}],"twitter_card":"summary_large_image","twitter_misc":{"\u041f\u0440\u0438\u043c\u0435\u0440\u043d\u043e\u0435 \u0432\u0440\u0435\u043c\u044f \u0434\u043b\u044f \u0447\u0442\u0435\u043d\u0438\u044f":"2 \u043c\u0438\u043d\u0443\u0442\u044b"},"schema":{"@context":"https:\/\/schema.org","@graph":[{"@type":"WebPage","@id":"https:\/\/gbb.md\/product\/schlumberger-gruner-veltliner-klassik-12-0-75l\/","url":"https:\/\/gbb.md\/product\/schlumberger-gruner-veltliner-klassik-12-0-75l\/","name":"Schlumberger Gr\u00fcner Veltliner Klassik 12% 0.75L | Global Bar Beverages","isPartOf":{"@id":"https:\/\/gbb.md\/#website"},"datePublished":"2025-04-11T08:05:02+00:00","dateModified":"2026-04-09T14:23:35+00:00","breadcrumb":{"@id":"https:\/\/gbb.md\/product\/schlumberger-gruner-veltliner-klassik-12-0-75l\/#breadcrumb"},"inLanguage":"ru-RU","potentialAction":[{"@type":"ReadAction","target":["https:\/\/gbb.md\/product\/schlumberger-gruner-veltliner-klassik-12-0-75l\/"]}]},{"@type":"BreadcrumbList","@id":"https:\/\/gbb.md\/product\/schlumberger-gruner-veltliner-klassik-12-0-75l\/#breadcrumb","itemListElement":[{"@type":"ListItem","position":1,"name":"\u0413\u043b\u0430\u0432\u043d\u0430\u044f \u0441\u0442\u0440\u0430\u043d\u0438\u0446\u0430","item":"https:\/\/gbb.md\/"},{"@type":"ListItem","position":2,"name":"Produse","item":"https:\/\/gbb.md\/shop\/"},{"@type":"ListItem","position":3,"name":"Schlumberger Gr\u00fcner Veltliner Klassik 12% 0.75L"}]},{"@type":"WebSite","@id":"https:\/\/gbb.md\/#website","url":"https:\/\/gbb.md\/","name":"GBB","description":"\u042d\u0442\u043e \u043c\u043e\u043b\u043e\u0434\u0430\u044f \u0431\u044b\u0441\u0442\u0440\u043e\u0440\u0430\u0441\u0442\u0443\u0449\u0430\u044f \u043a\u043e\u043c\u043f\u0430\u043d\u0438\u044f, \u0441\u0442\u0430\u0432\u0448\u0430\u044f \u043a\u0440\u0443\u043f\u043d\u0435\u0439\u0448\u0438\u043c \u0432 \u041c\u043e\u043b\u0434\u043e\u0432\u0435 \u043f\u043e\u0441\u0442\u0430\u0432\u0449\u0438\u043a\u043e\u043c \u0441\u0438\u0440\u043e\u043f\u043e\u0432 \u0438 \u043f\u044e\u0440\u0435 \u0434\u043b\u044f \u043d\u0430\u043f\u0438\u0442\u043a\u043e\u0432, \u0447\u0430\u044f, \u043a\u043e\u0444\u0435, \u0441\u043e\u0443\u0441\u043e\u0432, \u0442\u043e\u043d\u0438\u043a\u043e\u0432 \u0438 bubble tea \u043e\u0442 \u0438\u043c\u0435\u043d\u0438\u0442\u044b\u0445 \u043f\u0440\u043e\u0438\u0437\u0432\u043e\u0434\u0438\u0442\u0435\u043b\u0435\u0439.","publisher":{"@id":"https:\/\/gbb.md\/#organization"},"alternateName":"Global Bar Beverages","potentialAction":[{"@type":"SearchAction","target":{"@type":"EntryPoint","urlTemplate":"https:\/\/gbb.md\/?s={search_term_string}"},"query-input":"required name=search_term_string"}],"inLanguage":"ru-RU"},{"@type":"Organization","@id":"https:\/\/gbb.md\/#organization","name":"GBB","alternateName":"Global Bar Beverages","url":"https:\/\/gbb.md\/","logo":{"@type":"ImageObject","inLanguage":"ru-RU","@id":"https:\/\/gbb.md\/#\/schema\/logo\/image\/","url":"https:\/\/gbb.md\/wp-content\/uploads\/2024\/01\/android-chrome-512x512-1.png","contentUrl":"https:\/\/gbb.md\/wp-content\/uploads\/2024\/01\/android-chrome-512x512-1.png","width":512,"height":512,"caption":"GBB"},"image":{"@id":"https:\/\/gbb.md\/#\/schema\/logo\/image\/"},"sameAs":["https:\/\/www.facebook.com\/profile.php?id=61555243232370"]}]}},"_links":{"self":[{"href":"https:\/\/gbb.md\/ru\/wp-json\/wp\/v2\/product\/10152"}],"collection":[{"href":"https:\/\/gbb.md\/ru\/wp-json\/wp\/v2\/product"}],"about":[{"href":"https:\/\/gbb.md\/ru\/wp-json\/wp\/v2\/types\/product"}],"replies":[{"embeddable":true,"href":"https:\/\/gbb.md\/ru\/wp-json\/wp\/v2\/comments?post=10152"}],"wp:featuredmedia":[{"embeddable":true,"href":"https:\/\/gbb.md\/ru\/wp-json\/wp\/v2\/media\/10153"}],"wp:attachment":[{"href":"https:\/\/gbb.md\/ru\/wp-json\/wp\/v2\/media?parent=10152"}],"wp:term":[{"taxonomy":"product_cat","embeddable":true,"href":"https:\/\/gbb.md\/ru\/wp-json\/wp\/v2\/product_cat?post=10152"},{"taxonomy":"product_tag","embeddable":true,"href":"https:\/\/gbb.md\/ru\/wp-json\/wp\/v2\/product_tag?post=10152"}],"curies":[{"name":"wp","href":"https:\/\/api.w.org\/{rel}","templated":true}]}}