{"id":10156,"date":"2025-04-11T11:11:11","date_gmt":"2025-04-11T08:11:11","guid":{"rendered":"https:\/\/gbb.md\/?post_type=product&#038;p=10156"},"modified":"2026-01-29T16:52:55","modified_gmt":"2026-01-29T14:52:55","slug":"rene-mure-pinot-gris-pierres-seches-2023","status":"publish","type":"product","link":"https:\/\/gbb.md\/ru\/product\/rene-mure-pinot-gris-pierres-seches-2023\/","title":{"rendered":"Maison Mure Pinot Gris Pierres S\u00e8ches 2023"},"content":{"rendered":"<div id=\"fws_69e13ebe07ba4\"  data-midnight=\"dark\" data-top-percent=\"-30%\"  data-bg-mobile-hidden=\"\" class=\"wpb_row vc_row-fluid vc_row top-level  vc_row-o-equal-height vc_row-flex  vc_row-o-content-middle standard_section\"  style=\"padding-top: calc(100vw * 0.0-30); padding-bottom: 0px;  z-index: 100;\"><div class=\"row-bg-wrap\"><div class=\"inner-wrap\"><div class=\"row-bg\"  style=\"\"><\/div><\/div><div class=\"row-bg-overlay\" ><\/div><\/div><div class=\"col span_12 dark left\">\n\t<div style=\"margin-top: -190px; \" class=\"vc_col-sm-12 wpb_column column_container vc_column_container col neg-marg no-extra-padding\"  data-t-w-inherits=\"default\" data-border-radius=\"none\" data-shadow=\"none\" data-border-animation=\"\" data-border-animation-delay=\"\" data-border-width=\"none\" data-border-style=\"solid\" data-border-color=\"\" data-bg-cover=\"\" data-padding-pos=\"all\" data-has-bg-color=\"false\" data-bg-color=\"\" data-bg-opacity=\"1\" data-hover-bg=\"\" data-hover-bg-opacity=\"1\" data-animation=\"\" data-delay=\"0\"><div class=\"column-bg-overlay\"><\/div>\n\t\t<div class=\"vc_column-inner\">\n\t\t\t<div class=\"wpb_wrapper\">\n\t\t\t\t<div class=\"divider-wrap\" data-alignment=\"default\"><div style=\"height: 70px;\" class=\"divider\"><\/div><\/div><div id=\"ultimate-heading-803669e13ebe07f93\" class=\"uvc-heading ult-adjust-bottom-margin ultimate-heading-803669e13ebe07f93 uvc-5549\" data-hspacer=\"no_spacer\"  data-halign=\"left\" style=\"text-align:left\"><div class=\"uvc-heading-spacer no_spacer\" style=\"top\"><\/div><div class=\"uvc-main-heading ult-responsive\"  data-ultimate-target='.uvc-heading.ultimate-heading-803669e13ebe07f93 h2'  data-responsive-json-new='{\"font-size\":\"desktop:28px;\",\"line-height\":\"\"}' ><h2 style=\"font-weight:bold;color:#333333;\">Rene\u0301 Mure\u0301 Pinot Gris Pierres S\u00e8ches 2023<\/h2><\/div><div class=\"uvc-sub-heading ult-responsive\"  data-ultimate-target='.uvc-heading.ultimate-heading-803669e13ebe07f93 .uvc-sub-heading '  data-responsive-json-new='{\"font-size\":\"desktop:18px;\",\"line-height\":\"\"}'  style=\"font-weight:normal;\">\n<p class=\"\" data-start=\"165\" data-end=\"407\"><strong data-start=\"165\" data-end=\"209\">Ren\u00e9 Mur\u00e9 Pinot Gris Pierres S\u00e8ches 2023<\/strong> este un vin alb distins din regiunea Alsacia, Fran\u021ba, produs de renumita cram\u0103 <strong data-start=\"289\" data-end=\"310\">Domaine Ren\u00e9 Mur\u00e9<\/strong>. Acest vin reflect\u0103 tradi\u021bia viticol\u0103 a regiunii \u0219i angajamentul familiei Mur\u00e9 fa\u021b\u0103 de calitate.<\/p>\n<h3 class=\"\" data-start=\"409\" data-end=\"433\"><strong data-start=\"413\" data-end=\"433\">Profil gustativ:<\/strong><\/h3>\n<ul data-start=\"435\" data-end=\"842\">\n<li class=\"\" data-start=\"435\" data-end=\"487\">\n<p class=\"\" data-start=\"437\" data-end=\"487\"><strong data-start=\"437\" data-end=\"448\">Aspect:<\/strong> Culoare galben\u0103 deschis\u0103 spre medie.<\/p>\n<\/li>\n<li class=\"\" data-start=\"488\" data-end=\"577\">\n<p class=\"\" data-start=\"490\" data-end=\"577\"><strong data-start=\"490\" data-end=\"500\">Arome:<\/strong> Note atr\u0103g\u0103toare de piersic\u0103 galben\u0103, par\u0103 \u0219i accente subtile de cardamom.<\/p>\n<\/li>\n<li class=\"\" data-start=\"578\" data-end=\"757\">\n<p class=\"\" data-start=\"580\" data-end=\"757\"><strong data-start=\"580\" data-end=\"589\">Gust:<\/strong> Textur\u0103 proasp\u0103t\u0103 \u0219i catifelat\u0103, cu arome de grapefruit, l\u0103m\u00e2ie \u0219i tonuri minerale. Aciditatea este medie spre ridicat\u0103, ceea ce \u00eei confer\u0103 o personalitate vibrant\u0103.<\/p>\n<\/li>\n<li class=\"\" data-start=\"758\" data-end=\"842\">\n<p class=\"\" data-start=\"760\" data-end=\"842\"><strong data-start=\"760\" data-end=\"770\">Final:<\/strong> Echilibrat, cu o persisten\u021b\u0103 medie spre lung\u0103 \u0219i un postgust r\u0103coritor.<\/p>\n<\/li>\n<\/ul>\n<h3 class=\"\" data-start=\"844\" data-end=\"870\"><strong data-start=\"848\" data-end=\"870\">Asocieri culinare:<\/strong><\/h3>\n<p class=\"\" data-start=\"872\" data-end=\"915\">Acest Pinot Gris se potrive\u0219te excelent cu:<\/p>\n<ul data-start=\"917\" data-end=\"1143\">\n<li class=\"\" data-start=\"917\" data-end=\"946\">\n<p class=\"\" data-start=\"919\" data-end=\"946\">Carne de porc \u0219i mezeluri<\/p>\n<\/li>\n<li class=\"\" data-start=\"947\" data-end=\"982\">\n<p class=\"\" data-start=\"949\" data-end=\"982\">Preparatele pe baz\u0103 de ciuperci<\/p>\n<\/li>\n<li class=\"\" data-start=\"983\" data-end=\"1045\">\n<p class=\"\" data-start=\"985\" data-end=\"1045\">Buc\u0103t\u0103rie picant\u0103 (ex. tajine de miel cu prune \u0219i migdale)<\/p>\n<\/li>\n<li class=\"\" data-start=\"1046\" data-end=\"1087\">\n<p class=\"\" data-start=\"1048\" data-end=\"1087\">Fructe de mare (ex. creve\u021bi marina\u021bi)<\/p>\n<\/li>\n<li class=\"\" data-start=\"1088\" data-end=\"1143\">\n<p class=\"\" data-start=\"1090\" data-end=\"1143\">Op\u021biuni vegetariene, precum wrap-uri cu gr\u00e2u \u0219i pui<\/p>\n<\/li>\n<\/ul>\n<h3 class=\"\" data-start=\"1145\" data-end=\"1178\"><strong data-start=\"1149\" data-end=\"1178\">Detalii despre produc\u021bie:<\/strong><\/h3>\n<ul data-start=\"1180\" data-end=\"1412\">\n<li class=\"\" data-start=\"1180\" data-end=\"1212\">\n<p class=\"\" data-start=\"1182\" data-end=\"1212\"><strong data-start=\"1182\" data-end=\"1192\">Crama:<\/strong> Domaine Ren\u00e9 Mur\u00e9<\/p>\n<\/li>\n<li class=\"\" data-start=\"1213\" data-end=\"1245\">\n<p class=\"\" data-start=\"1215\" data-end=\"1245\"><strong data-start=\"1215\" data-end=\"1231\">Vinificator:<\/strong> Alfred Mur\u00e9<\/p>\n<\/li>\n<li class=\"\" data-start=\"1246\" data-end=\"1281\">\n<p class=\"\" data-start=\"1248\" data-end=\"1281\"><strong data-start=\"1248\" data-end=\"1268\">Soi de struguri:<\/strong> Pinot Gris<\/p>\n<\/li>\n<li class=\"\" data-start=\"1282\" data-end=\"1314\">\n<p class=\"\" data-start=\"1284\" data-end=\"1314\"><strong data-start=\"1284\" data-end=\"1296\">Regiune:<\/strong> Alsacia, Fran\u021ba<\/p>\n<\/li>\n<li class=\"\" data-start=\"1315\" data-end=\"1336\">\n<p class=\"\" data-start=\"1317\" data-end=\"1336\"><strong data-start=\"1317\" data-end=\"1328\">Alcool:<\/strong> 13,5%<\/p>\n<\/li>\n<li class=\"\" data-start=\"1337\" data-end=\"1380\">\n<p class=\"\" data-start=\"1339\" data-end=\"1380\"><strong data-start=\"1339\" data-end=\"1353\">\u00cenchidere:<\/strong> Capac cu filet (STELVIN)<\/p>\n<\/li>\n<li class=\"\" data-start=\"1381\" data-end=\"1412\">\n<p class=\"\" data-start=\"1383\" data-end=\"1412\"><strong data-start=\"1383\" data-end=\"1396\">Alergeni:<\/strong> Con\u021bine sulfi\u021bi<\/p>\n<\/li>\n<\/ul>\n<h3 class=\"\" data-start=\"1414\" data-end=\"1438\"><strong data-start=\"1418\" data-end=\"1438\">Disponibilitate:<\/strong><\/h3>\n<p class=\"\" data-start=\"1440\" data-end=\"1770\">Vinul <strong data-start=\"1446\" data-end=\"1490\">Ren\u00e9 Mur\u00e9 Pinot Gris Pierres S\u00e8ches 2023<\/strong> este disponibil la diferi\u021bi distribuitori, la un pre\u021b de aproximativ <strong data-start=\"1560\" data-end=\"1573\">23,79 USD<\/strong> pentru o sticl\u0103 de 750 ml (pre\u021b estimativ \u00een Olanda). Pentru cei din <strong data-start=\"1643\" data-end=\"1664\">Chi\u0219in\u0103u, Moldova<\/strong>, se recomand\u0103 verificarea magazinelor locale de vinuri sau a comercian\u021bilor online care livreaz\u0103 \u00een zon\u0103.<\/p>\n<\/div><\/div><div class=\"divider-wrap\" data-alignment=\"default\"><div style=\"height: 25px;\" class=\"divider\"><\/div><\/div>\n\t\t\t<\/div> \n\t\t<\/div>\n\t<\/div> \n<\/div><\/div>\n\t\t<div id=\"fws_69e13ebe0833f\"  data-midnight=\"dark\"  data-bg-mobile-hidden=\"\" class=\"wpb_row vc_row-fluid vc_row standard_section\"  style=\"padding-top: 0px; padding-bottom: 0px; \"><div class=\"row-bg-wrap\"><div class=\"inner-wrap\"><div class=\"row-bg\"  style=\"\"><\/div><\/div><div class=\"row-bg-overlay\" ><\/div><\/div><div class=\"col span_12 dark left\">\n\t<div  class=\"vc_col-sm-12 wpb_column column_container vc_column_container col no-extra-padding\"  data-t-w-inherits=\"default\" data-border-radius=\"none\" data-shadow=\"none\" data-border-animation=\"\" data-border-animation-delay=\"\" data-border-width=\"none\" data-border-style=\"solid\" data-border-color=\"\" data-bg-cover=\"\" data-padding-pos=\"all\" data-has-bg-color=\"false\" data-bg-color=\"\" data-bg-opacity=\"1\" data-hover-bg=\"\" data-hover-bg-opacity=\"1\" data-animation=\"\" data-delay=\"0\"><div class=\"column-bg-overlay\"><\/div>\n\t\t<div class=\"vc_column-inner\">\n\t\t\t<div class=\"wpb_wrapper\">\n\t\t\t\t<div class=\"divider-wrap\" data-alignment=\"default\"><div style=\"height: 100px;\" class=\"divider\"><\/div><\/div>\n\t\t\t<\/div> \n\t\t<\/div>\n\t<\/div> \n<\/div><\/div>","protected":false},"excerpt":{"rendered":"<ul>\n<li data-start=\"1182\" data-end=\"1212\"><strong data-start=\"1182\" data-end=\"1192\">Crama:<\/strong> Domaine Ren\u00e9 Mur\u00e9<\/li>\n<li data-start=\"1215\" data-end=\"1245\"><strong data-start=\"1215\" data-end=\"1231\">Vinificator:<\/strong> Alfred Mur\u00e9<\/li>\n<li data-start=\"1248\" data-end=\"1281\"><strong data-start=\"1248\" data-end=\"1268\">Soi de struguri:<\/strong> Pinot Gris<\/li>\n<li data-start=\"1284\" data-end=\"1314\"><strong data-start=\"1284\" data-end=\"1296\">Regiune:<\/strong> Alsacia, Fran\u021ba<\/li>\n<li data-start=\"1317\" data-end=\"1336\"><strong data-start=\"1317\" data-end=\"1328\">Alcool:<\/strong> 13,5%<\/li>\n<\/ul>","protected":false},"featured_media":10159,"comment_status":"open","ping_status":"closed","template":"","meta":[],"product_cat":[405,404,403,414,415],"product_tag":[],"yoast_head":"<!-- This site is optimized with the Yoast SEO plugin v20.10 - https:\/\/yoast.com\/wordpress\/plugins\/seo\/ -->\n<title>Maison Mure Pinot Gris Pierres S\u00e8ches 2023 | Global Bar Beverages<\/title>\n<meta name=\"robots\" content=\"index, follow, max-snippet:-1, max-image-preview:large, max-video-preview:-1\" \/>\n<link rel=\"canonical\" href=\"https:\/\/gbb.md\/ru\/product\/rene-mure-pinot-gris-pierres-seches-2023\/\" \/>\n<meta property=\"og:locale\" content=\"ru_RU\" \/>\n<meta property=\"og:type\" content=\"article\" \/>\n<meta property=\"og:title\" content=\"Maison Mure Pinot Gris Pierres S\u00e8ches 2023 | Global Bar Beverages\" \/>\n<meta property=\"og:description\" content=\"Crama: Domaine Ren\u00e9 Mur\u00e9  Vinificator: Alfred Mur\u00e9  Soi de struguri: Pinot Gris  Regiune: Alsacia, Fran\u021ba  Alcool: 13,5%\" \/>\n<meta property=\"og:url\" content=\"https:\/\/gbb.md\/ru\/product\/rene-mure-pinot-gris-pierres-seches-2023\/\" \/>\n<meta property=\"og:site_name\" content=\"Global Bar Beverages\" \/>\n<meta property=\"article:publisher\" content=\"https:\/\/www.facebook.com\/profile.php?id=61555243232370\" \/>\n<meta property=\"article:modified_time\" content=\"2026-01-29T14:52:55+00:00\" \/>\n<meta property=\"og:image\" content=\"https:\/\/gbb.md\/wp-content\/uploads\/2025\/04\/B5Hs0bBnQ_mk3f7Np-64vQ_pb_600x600-1.png\" \/>\n\t<meta property=\"og:image:width\" content=\"600\" \/>\n\t<meta property=\"og:image:height\" content=\"600\" \/>\n\t<meta property=\"og:image:type\" content=\"image\/png\" \/>\n<meta name=\"twitter:card\" content=\"summary_large_image\" \/>\n<meta name=\"twitter:label1\" content=\"\u041f\u0440\u0438\u043c\u0435\u0440\u043d\u043e\u0435 \u0432\u0440\u0435\u043c\u044f \u0434\u043b\u044f \u0447\u0442\u0435\u043d\u0438\u044f\" \/>\n\t<meta name=\"twitter:data1\" content=\"2 \u043c\u0438\u043d\u0443\u0442\u044b\" \/>\n<script type=\"application\/ld+json\" class=\"yoast-schema-graph\">{\"@context\":\"https:\/\/schema.org\",\"@graph\":[{\"@type\":\"WebPage\",\"@id\":\"https:\/\/gbb.md\/product\/rene-mure-pinot-gris-pierres-seches-2023\/\",\"url\":\"https:\/\/gbb.md\/product\/rene-mure-pinot-gris-pierres-seches-2023\/\",\"name\":\"Maison Mure Pinot Gris Pierres S\u00e8ches 2023 | Global Bar Beverages\",\"isPartOf\":{\"@id\":\"https:\/\/gbb.md\/#website\"},\"datePublished\":\"2025-04-11T08:11:11+00:00\",\"dateModified\":\"2026-01-29T14:52:55+00:00\",\"breadcrumb\":{\"@id\":\"https:\/\/gbb.md\/product\/rene-mure-pinot-gris-pierres-seches-2023\/#breadcrumb\"},\"inLanguage\":\"ru-RU\",\"potentialAction\":[{\"@type\":\"ReadAction\",\"target\":[\"https:\/\/gbb.md\/product\/rene-mure-pinot-gris-pierres-seches-2023\/\"]}]},{\"@type\":\"BreadcrumbList\",\"@id\":\"https:\/\/gbb.md\/product\/rene-mure-pinot-gris-pierres-seches-2023\/#breadcrumb\",\"itemListElement\":[{\"@type\":\"ListItem\",\"position\":1,\"name\":\"\u0413\u043b\u0430\u0432\u043d\u0430\u044f \u0441\u0442\u0440\u0430\u043d\u0438\u0446\u0430\",\"item\":\"https:\/\/gbb.md\/\"},{\"@type\":\"ListItem\",\"position\":2,\"name\":\"Produse\",\"item\":\"https:\/\/gbb.md\/shop\/\"},{\"@type\":\"ListItem\",\"position\":3,\"name\":\"Maison Mure Pinot Gris Pierres S\u00e8ches 2023\"}]},{\"@type\":\"WebSite\",\"@id\":\"https:\/\/gbb.md\/#website\",\"url\":\"https:\/\/gbb.md\/\",\"name\":\"GBB\",\"description\":\"\u042d\u0442\u043e \u043c\u043e\u043b\u043e\u0434\u0430\u044f \u0431\u044b\u0441\u0442\u0440\u043e\u0440\u0430\u0441\u0442\u0443\u0449\u0430\u044f \u043a\u043e\u043c\u043f\u0430\u043d\u0438\u044f, \u0441\u0442\u0430\u0432\u0448\u0430\u044f \u043a\u0440\u0443\u043f\u043d\u0435\u0439\u0448\u0438\u043c \u0432 \u041c\u043e\u043b\u0434\u043e\u0432\u0435 \u043f\u043e\u0441\u0442\u0430\u0432\u0449\u0438\u043a\u043e\u043c \u0441\u0438\u0440\u043e\u043f\u043e\u0432 \u0438 \u043f\u044e\u0440\u0435 \u0434\u043b\u044f \u043d\u0430\u043f\u0438\u0442\u043a\u043e\u0432, \u0447\u0430\u044f, \u043a\u043e\u0444\u0435, \u0441\u043e\u0443\u0441\u043e\u0432, \u0442\u043e\u043d\u0438\u043a\u043e\u0432 \u0438 bubble tea \u043e\u0442 \u0438\u043c\u0435\u043d\u0438\u0442\u044b\u0445 \u043f\u0440\u043e\u0438\u0437\u0432\u043e\u0434\u0438\u0442\u0435\u043b\u0435\u0439.\",\"publisher\":{\"@id\":\"https:\/\/gbb.md\/#organization\"},\"alternateName\":\"Global Bar Beverages\",\"potentialAction\":[{\"@type\":\"SearchAction\",\"target\":{\"@type\":\"EntryPoint\",\"urlTemplate\":\"https:\/\/gbb.md\/?s={search_term_string}\"},\"query-input\":\"required name=search_term_string\"}],\"inLanguage\":\"ru-RU\"},{\"@type\":\"Organization\",\"@id\":\"https:\/\/gbb.md\/#organization\",\"name\":\"GBB\",\"alternateName\":\"Global Bar Beverages\",\"url\":\"https:\/\/gbb.md\/\",\"logo\":{\"@type\":\"ImageObject\",\"inLanguage\":\"ru-RU\",\"@id\":\"https:\/\/gbb.md\/#\/schema\/logo\/image\/\",\"url\":\"https:\/\/gbb.md\/wp-content\/uploads\/2024\/01\/android-chrome-512x512-1.png\",\"contentUrl\":\"https:\/\/gbb.md\/wp-content\/uploads\/2024\/01\/android-chrome-512x512-1.png\",\"width\":512,\"height\":512,\"caption\":\"GBB\"},\"image\":{\"@id\":\"https:\/\/gbb.md\/#\/schema\/logo\/image\/\"},\"sameAs\":[\"https:\/\/www.facebook.com\/profile.php?id=61555243232370\"]}]}<\/script>\n<!-- \/ Yoast SEO plugin. -->","yoast_head_json":{"title":"Maison Mure Pinot Gris Pierres S\u00e8ches 2023 | Global Bar Beverages","robots":{"index":"index","follow":"follow","max-snippet":"max-snippet:-1","max-image-preview":"max-image-preview:large","max-video-preview":"max-video-preview:-1"},"canonical":"https:\/\/gbb.md\/ru\/product\/rene-mure-pinot-gris-pierres-seches-2023\/","og_locale":"ru_RU","og_type":"article","og_title":"Maison Mure Pinot Gris Pierres S\u00e8ches 2023 | Global Bar Beverages","og_description":"Crama: Domaine Ren\u00e9 Mur\u00e9  Vinificator: Alfred Mur\u00e9  Soi de struguri: Pinot Gris  Regiune: Alsacia, Fran\u021ba  Alcool: 13,5%","og_url":"https:\/\/gbb.md\/ru\/product\/rene-mure-pinot-gris-pierres-seches-2023\/","og_site_name":"Global Bar Beverages","article_publisher":"https:\/\/www.facebook.com\/profile.php?id=61555243232370","article_modified_time":"2026-01-29T14:52:55+00:00","og_image":[{"width":600,"height":600,"url":"https:\/\/gbb.md\/wp-content\/uploads\/2025\/04\/B5Hs0bBnQ_mk3f7Np-64vQ_pb_600x600-1.png","type":"image\/png"}],"twitter_card":"summary_large_image","twitter_misc":{"\u041f\u0440\u0438\u043c\u0435\u0440\u043d\u043e\u0435 \u0432\u0440\u0435\u043c\u044f \u0434\u043b\u044f \u0447\u0442\u0435\u043d\u0438\u044f":"2 \u043c\u0438\u043d\u0443\u0442\u044b"},"schema":{"@context":"https:\/\/schema.org","@graph":[{"@type":"WebPage","@id":"https:\/\/gbb.md\/product\/rene-mure-pinot-gris-pierres-seches-2023\/","url":"https:\/\/gbb.md\/product\/rene-mure-pinot-gris-pierres-seches-2023\/","name":"Maison Mure Pinot Gris Pierres S\u00e8ches 2023 | Global Bar Beverages","isPartOf":{"@id":"https:\/\/gbb.md\/#website"},"datePublished":"2025-04-11T08:11:11+00:00","dateModified":"2026-01-29T14:52:55+00:00","breadcrumb":{"@id":"https:\/\/gbb.md\/product\/rene-mure-pinot-gris-pierres-seches-2023\/#breadcrumb"},"inLanguage":"ru-RU","potentialAction":[{"@type":"ReadAction","target":["https:\/\/gbb.md\/product\/rene-mure-pinot-gris-pierres-seches-2023\/"]}]},{"@type":"BreadcrumbList","@id":"https:\/\/gbb.md\/product\/rene-mure-pinot-gris-pierres-seches-2023\/#breadcrumb","itemListElement":[{"@type":"ListItem","position":1,"name":"\u0413\u043b\u0430\u0432\u043d\u0430\u044f \u0441\u0442\u0440\u0430\u043d\u0438\u0446\u0430","item":"https:\/\/gbb.md\/"},{"@type":"ListItem","position":2,"name":"Produse","item":"https:\/\/gbb.md\/shop\/"},{"@type":"ListItem","position":3,"name":"Maison Mure Pinot Gris Pierres S\u00e8ches 2023"}]},{"@type":"WebSite","@id":"https:\/\/gbb.md\/#website","url":"https:\/\/gbb.md\/","name":"GBB","description":"\u042d\u0442\u043e \u043c\u043e\u043b\u043e\u0434\u0430\u044f \u0431\u044b\u0441\u0442\u0440\u043e\u0440\u0430\u0441\u0442\u0443\u0449\u0430\u044f \u043a\u043e\u043c\u043f\u0430\u043d\u0438\u044f, \u0441\u0442\u0430\u0432\u0448\u0430\u044f \u043a\u0440\u0443\u043f\u043d\u0435\u0439\u0448\u0438\u043c \u0432 \u041c\u043e\u043b\u0434\u043e\u0432\u0435 \u043f\u043e\u0441\u0442\u0430\u0432\u0449\u0438\u043a\u043e\u043c \u0441\u0438\u0440\u043e\u043f\u043e\u0432 \u0438 \u043f\u044e\u0440\u0435 \u0434\u043b\u044f \u043d\u0430\u043f\u0438\u0442\u043a\u043e\u0432, \u0447\u0430\u044f, \u043a\u043e\u0444\u0435, \u0441\u043e\u0443\u0441\u043e\u0432, \u0442\u043e\u043d\u0438\u043a\u043e\u0432 \u0438 bubble tea \u043e\u0442 \u0438\u043c\u0435\u043d\u0438\u0442\u044b\u0445 \u043f\u0440\u043e\u0438\u0437\u0432\u043e\u0434\u0438\u0442\u0435\u043b\u0435\u0439.","publisher":{"@id":"https:\/\/gbb.md\/#organization"},"alternateName":"Global Bar Beverages","potentialAction":[{"@type":"SearchAction","target":{"@type":"EntryPoint","urlTemplate":"https:\/\/gbb.md\/?s={search_term_string}"},"query-input":"required name=search_term_string"}],"inLanguage":"ru-RU"},{"@type":"Organization","@id":"https:\/\/gbb.md\/#organization","name":"GBB","alternateName":"Global Bar Beverages","url":"https:\/\/gbb.md\/","logo":{"@type":"ImageObject","inLanguage":"ru-RU","@id":"https:\/\/gbb.md\/#\/schema\/logo\/image\/","url":"https:\/\/gbb.md\/wp-content\/uploads\/2024\/01\/android-chrome-512x512-1.png","contentUrl":"https:\/\/gbb.md\/wp-content\/uploads\/2024\/01\/android-chrome-512x512-1.png","width":512,"height":512,"caption":"GBB"},"image":{"@id":"https:\/\/gbb.md\/#\/schema\/logo\/image\/"},"sameAs":["https:\/\/www.facebook.com\/profile.php?id=61555243232370"]}]}},"_links":{"self":[{"href":"https:\/\/gbb.md\/ru\/wp-json\/wp\/v2\/product\/10156"}],"collection":[{"href":"https:\/\/gbb.md\/ru\/wp-json\/wp\/v2\/product"}],"about":[{"href":"https:\/\/gbb.md\/ru\/wp-json\/wp\/v2\/types\/product"}],"replies":[{"embeddable":true,"href":"https:\/\/gbb.md\/ru\/wp-json\/wp\/v2\/comments?post=10156"}],"wp:featuredmedia":[{"embeddable":true,"href":"https:\/\/gbb.md\/ru\/wp-json\/wp\/v2\/media\/10159"}],"wp:attachment":[{"href":"https:\/\/gbb.md\/ru\/wp-json\/wp\/v2\/media?parent=10156"}],"wp:term":[{"taxonomy":"product_cat","embeddable":true,"href":"https:\/\/gbb.md\/ru\/wp-json\/wp\/v2\/product_cat?post=10156"},{"taxonomy":"product_tag","embeddable":true,"href":"https:\/\/gbb.md\/ru\/wp-json\/wp\/v2\/product_tag?post=10156"}],"curies":[{"name":"wp","href":"https:\/\/api.w.org\/{rel}","templated":true}]}}