{"id":10160,"date":"2025-04-11T11:17:54","date_gmt":"2025-04-11T08:17:54","guid":{"rendered":"https:\/\/gbb.md\/?post_type=product&#038;p=10160"},"modified":"2026-01-29T16:52:32","modified_gmt":"2026-01-29T14:52:32","slug":"rene-mure-pinot-noir-argiles-rouges-2023-12-5-0-7l","status":"publish","type":"product","link":"https:\/\/gbb.md\/ru\/product\/rene-mure-pinot-noir-argiles-rouges-2023-12-5-0-7l\/","title":{"rendered":"Maison Mure Pinot Noir Argiles Rouges 2023 12.5% 0.7L"},"content":{"rendered":"<div id=\"fws_69e1bed58ffec\"  data-midnight=\"dark\" data-top-percent=\"-30%\"  data-bg-mobile-hidden=\"\" class=\"wpb_row vc_row-fluid vc_row top-level  vc_row-o-equal-height vc_row-flex  vc_row-o-content-middle standard_section\"  style=\"padding-top: calc(100vw * 0.0-30); padding-bottom: 0px;  z-index: 100;\"><div class=\"row-bg-wrap\"><div class=\"inner-wrap\"><div class=\"row-bg\"  style=\"\"><\/div><\/div><div class=\"row-bg-overlay\" ><\/div><\/div><div class=\"col span_12 dark left\">\n\t<div style=\"margin-top: -190px; \" class=\"vc_col-sm-12 wpb_column column_container vc_column_container col neg-marg no-extra-padding\"  data-t-w-inherits=\"default\" data-border-radius=\"none\" data-shadow=\"none\" data-border-animation=\"\" data-border-animation-delay=\"\" data-border-width=\"none\" data-border-style=\"solid\" data-border-color=\"\" data-bg-cover=\"\" data-padding-pos=\"all\" data-has-bg-color=\"false\" data-bg-color=\"\" data-bg-opacity=\"1\" data-hover-bg=\"\" data-hover-bg-opacity=\"1\" data-animation=\"\" data-delay=\"0\"><div class=\"column-bg-overlay\"><\/div>\n\t\t<div class=\"vc_column-inner\">\n\t\t\t<div class=\"wpb_wrapper\">\n\t\t\t\t<div class=\"divider-wrap\" data-alignment=\"default\"><div style=\"height: 70px;\" class=\"divider\"><\/div><\/div><div id=\"ultimate-heading-608869e1bed5903db\" class=\"uvc-heading ult-adjust-bottom-margin ultimate-heading-608869e1bed5903db uvc-5977\" data-hspacer=\"no_spacer\"  data-halign=\"left\" style=\"text-align:left\"><div class=\"uvc-heading-spacer no_spacer\" style=\"top\"><\/div><div class=\"uvc-main-heading ult-responsive\"  data-ultimate-target='.uvc-heading.ultimate-heading-608869e1bed5903db h2'  data-responsive-json-new='{\"font-size\":\"desktop:28px;\",\"line-height\":\"\"}' ><h2 style=\"font-weight:bold;color:#333333;\">Rene\u0301 Mure\u0301 Pinot Noir Argiles Rouges 2023 12.5% 0.7L<\/h2><\/div><div class=\"uvc-sub-heading ult-responsive\"  data-ultimate-target='.uvc-heading.ultimate-heading-608869e1bed5903db .uvc-sub-heading '  data-responsive-json-new='{\"font-size\":\"desktop:18px;\",\"line-height\":\"\"}'  style=\"font-weight:normal;\">\n<p class=\"\" data-start=\"0\" data-end=\"126\"><span class=\"relative -mx-px my-&#091;-0.2rem&#093; rounded px-px py-&#091;0.2rem&#093; transition-colors duration-100 ease-in-out\"><strong data-start=\"0\" data-end=\"44\" data-is-only-node=\"\">Ren\u00e9 Mur\u00e9 Pinot Noir Argiles Rouges 2023<\/strong> este un vin ro\u0219u elegant din regiunea Alsacia, Fran\u021ba, produs de crama de familie Domaine Ren\u00e9 Mur\u00e9.<\/span> <span class=\"relative -mx-px my-&#091;-0.2rem&#093; rounded px-px py-&#091;0.2rem&#093; transition-colors duration-100 ease-in-out\">De\u0219i informa\u021biile specifice despre recolta 2023 nu sunt \u00eenc\u0103 disponibile, putem anticipa caracteristicile acestui vin baz\u00e2ndu-ne pe recoltele anterioare.<\/span>\u200b<\/p>\n<h3 class=\"\" data-start=\"128\" data-end=\"154\">Profil de degustare<\/h3>\n<ul data-start=\"156\" data-end=\"538\">\n<li class=\"\" data-start=\"156\" data-end=\"252\">\n<p class=\"\" data-start=\"158\" data-end=\"252\"><strong data-start=\"158\" data-end=\"170\">Culoare:<\/strong> <span class=\"relative -mx-px my-&#091;-0.2rem&#093; rounded px-px py-&#091;0.2rem&#093; transition-colors duration-100 ease-in-out\">Ro\u0219u rubiniu intens.<\/span>\u200b<\/p>\n<\/li>\n<li class=\"\" data-start=\"253\" data-end=\"347\">\n<p class=\"\" data-start=\"255\" data-end=\"347\"><strong data-start=\"255\" data-end=\"265\">Arome:<\/strong> <span class=\"relative -mx-px my-&#091;-0.2rem&#093; rounded px-px py-&#091;0.2rem&#093; transition-colors duration-100 ease-in-out\">Note de cire\u0219e negre, amarena \u0219i lemn dulce.<\/span>\u200b<\/p>\n<\/li>\n<li class=\"\" data-start=\"348\" data-end=\"441\">\n<p class=\"\" data-start=\"350\" data-end=\"441\"><strong data-start=\"350\" data-end=\"359\">Gust:<\/strong> <span class=\"relative -mx-px my-&#091;-0.2rem&#093; rounded px-px py-&#091;0.2rem&#093; transition-colors duration-100 ease-in-out\">Arome de fructe ro\u0219ii \u0219i condimente (lemn dulce, scor\u021bi\u0219oar\u0103, vanilie), cu taninuri catifelate \u0219i o structur\u0103 echilibrat\u0103.<\/span>\u200b<\/p>\n<\/li>\n<li class=\"\" data-start=\"442\" data-end=\"538\">\n<p class=\"\" data-start=\"444\" data-end=\"538\"><strong data-start=\"444\" data-end=\"454\">Final:<\/strong> <span class=\"relative -mx-px my-&#091;-0.2rem&#093; rounded px-px py-&#091;0.2rem&#093; transition-colors duration-100 ease-in-out\">Echilibrat, cu o persisten\u021b\u0103 medie spre lung\u0103 \u0219i un postgust r\u0103coritor.<\/span>\u200b<\/p>\n<\/li>\n<\/ul>\n<h3 class=\"\" data-start=\"540\" data-end=\"565\">Asocieri culinare<\/h3>\n<p class=\"\" data-start=\"567\" data-end=\"652\"><span class=\"relative -mx-px my-&#091;-0.2rem&#093; rounded px-px py-&#091;0.2rem&#093; transition-colors duration-100 ease-in-out\">Acest Pinot Noir se potrive\u0219te excelent cu:<\/span>\u200b<\/p>\n<ul data-start=\"654\" data-end=\"1093\">\n<li class=\"\" data-start=\"654\" data-end=\"741\">\n<p class=\"\" data-start=\"656\" data-end=\"741\"><span class=\"relative -mx-px my-&#091;-0.2rem&#093; rounded px-px py-&#091;0.2rem&#093; transition-colors duration-100 ease-in-out\">Carne de pas\u0103re (pui, curcan)<\/span>\u200b<\/p>\n<\/li>\n<li class=\"\" data-start=\"742\" data-end=\"829\">\n<p class=\"\" data-start=\"744\" data-end=\"829\"><span class=\"relative -mx-px my-&#091;-0.2rem&#093; rounded px-px py-&#091;0.2rem&#093; transition-colors duration-100 ease-in-out\">Carne ro\u0219ie (vit\u0103, miel)<\/span>\u200b<\/p>\n<\/li>\n<li class=\"\" data-start=\"830\" data-end=\"917\">\n<p class=\"\" data-start=\"832\" data-end=\"917\"><span class=\"relative -mx-px my-&#091;-0.2rem&#093; rounded px-px py-&#091;0.2rem&#093; transition-colors duration-100 ease-in-out\">V\u00e2nat (ra\u021b\u0103, fazan)<\/span>\u200b<\/p>\n<\/li>\n<li class=\"\" data-start=\"918\" data-end=\"1005\">\n<p class=\"\" data-start=\"920\" data-end=\"1005\"><span class=\"relative -mx-px my-&#091;-0.2rem&#093; rounded px-px py-&#091;0.2rem&#093; transition-colors duration-100 ease-in-out\">Preparate vegetariene (legume la gr\u0103tar, ciuperci)<\/span>\u200b<\/p>\n<\/li>\n<li class=\"\" data-start=\"1006\" data-end=\"1093\">\n<p class=\"\" data-start=\"1008\" data-end=\"1093\"><span class=\"relative -mx-px my-&#091;-0.2rem&#093; rounded px-px py-&#091;0.2rem&#093; transition-colors duration-100 ease-in-out\">Pe\u0219te (ton la gr\u0103tar)<\/span>\u200b<\/p>\n<\/li>\n<\/ul>\n<h3 class=\"\" data-start=\"1095\" data-end=\"1120\">\u00a0Detalii despre vin<\/h3>\n<ul data-start=\"1122\" data-end=\"1641\">\n<li class=\"\" data-start=\"1122\" data-end=\"1230\">\n<p class=\"\" data-start=\"1124\" data-end=\"1230\"><strong data-start=\"1124\" data-end=\"1144\">Soi de struguri:<\/strong> <span class=\"relative -mx-px my-&#091;-0.2rem&#093; rounded px-px py-&#091;0.2rem&#093; transition-colors duration-100 ease-in-out\">Pinot Noir<\/span><\/p>\n<\/li>\n<li class=\"\" data-start=\"1231\" data-end=\"1331\">\n<p class=\"\" data-start=\"1233\" data-end=\"1331\"><strong data-start=\"1233\" data-end=\"1245\">Regiune:<\/strong> <span class=\"relative -mx-px my-&#091;-0.2rem&#093; rounded px-px py-&#091;0.2rem&#093; transition-colors duration-100 ease-in-out\">Alsacia, Fran\u021ba<\/span>\u200b<\/p>\n<\/li>\n<li class=\"\" data-start=\"1332\" data-end=\"1431\">\n<p class=\"\" data-start=\"1334\" data-end=\"1431\"><strong data-start=\"1334\" data-end=\"1345\">Alcool:<\/strong> <span class=\"relative -mx-px my-&#091;-0.2rem&#093; rounded px-px py-&#091;0.2rem&#093; transition-colors duration-100 ease-in-out\">12,5%<\/span>\u200b<\/p>\n<\/li>\n<li class=\"\" data-start=\"1432\" data-end=\"1536\">\n<p class=\"\" data-start=\"1434\" data-end=\"1536\"><strong data-start=\"1434\" data-end=\"1450\">Vinifica\u021bie:<\/strong> <span class=\"relative -mx-px my-&#091;-0.2rem&#093; rounded px-px py-&#091;0.2rem&#093; transition-colors duration-100 ease-in-out\">Fermenta\u021bie lent\u0103 cu drojdii indigene, maturare pe drojdii fine pentru a eviden\u021bia poten\u021bialul vinului.<\/span>\u200b<\/p>\n<\/li>\n<li class=\"\" data-start=\"1537\" data-end=\"1641\">\n<p class=\"\" data-start=\"1539\" data-end=\"1641\"><strong data-start=\"1539\" data-end=\"1555\">Agricultur\u0103:<\/strong> <span class=\"relative -mx-px my-&#091;-0.2rem&#093; rounded px-px py-&#091;0.2rem&#093; transition-colors duration-100 ease-in-out\">Certificat organic.<\/span><\/p>\n<\/li>\n<\/ul>\n<\/div><\/div><div class=\"divider-wrap\" data-alignment=\"default\"><div style=\"height: 25px;\" class=\"divider\"><\/div><\/div>\n\t\t\t<\/div> \n\t\t<\/div>\n\t<\/div> \n<\/div><\/div>\n\t\t<div id=\"fws_69e1bed59079c\"  data-midnight=\"dark\"  data-bg-mobile-hidden=\"\" class=\"wpb_row vc_row-fluid vc_row standard_section\"  style=\"padding-top: 0px; padding-bottom: 0px; \"><div class=\"row-bg-wrap\"><div class=\"inner-wrap\"><div class=\"row-bg\"  style=\"\"><\/div><\/div><div class=\"row-bg-overlay\" ><\/div><\/div><div class=\"col span_12 dark left\">\n\t<div  class=\"vc_col-sm-12 wpb_column column_container vc_column_container col no-extra-padding\"  data-t-w-inherits=\"default\" data-border-radius=\"none\" data-shadow=\"none\" data-border-animation=\"\" data-border-animation-delay=\"\" data-border-width=\"none\" data-border-style=\"solid\" data-border-color=\"\" data-bg-cover=\"\" data-padding-pos=\"all\" data-has-bg-color=\"false\" data-bg-color=\"\" data-bg-opacity=\"1\" data-hover-bg=\"\" data-hover-bg-opacity=\"1\" data-animation=\"\" data-delay=\"0\"><div class=\"column-bg-overlay\"><\/div>\n\t\t<div class=\"vc_column-inner\">\n\t\t\t<div class=\"wpb_wrapper\">\n\t\t\t\t<div class=\"divider-wrap\" data-alignment=\"default\"><div style=\"height: 100px;\" class=\"divider\"><\/div><\/div>\n\t\t\t<\/div> \n\t\t<\/div>\n\t<\/div> \n<\/div><\/div>","protected":false},"excerpt":{"rendered":"<ul>\n<li class=\"\" data-start=\"1122\" data-end=\"1230\">\n<p class=\"\" data-start=\"1124\" data-end=\"1230\"><strong data-start=\"1124\" data-end=\"1144\">Soi de struguri:<\/strong> <span class=\"relative -mx-px my-[-0.2rem] rounded px-px py-[0.2rem] transition-colors duration-100 ease-in-out\">Pinot Noir<\/span><\/p>\n<\/li>\n<li class=\"\" data-start=\"1231\" data-end=\"1331\">\n<p class=\"\" data-start=\"1233\" data-end=\"1331\"><strong data-start=\"1233\" data-end=\"1245\">Regiune:<\/strong> <span class=\"relative -mx-px my-[-0.2rem] rounded px-px py-[0.2rem] transition-colors duration-100 ease-in-out\">Alsacia, Fran\u021ba<\/span>\u200b<\/p>\n<\/li>\n<li class=\"\" data-start=\"1332\" data-end=\"1431\">\n<p class=\"\" data-start=\"1334\" data-end=\"1431\"><strong data-start=\"1334\" data-end=\"1345\">Alcool:<\/strong> <span class=\"relative -mx-px my-[-0.2rem] rounded px-px py-[0.2rem] transition-colors duration-100 ease-in-out\">12,5%<\/span><\/p>\n<\/li>\n<\/ul>\n","protected":false},"featured_media":10161,"comment_status":"open","ping_status":"closed","template":"","meta":[],"product_cat":[405,404,403,414,416],"product_tag":[],"yoast_head":"<!-- This site is optimized with the Yoast SEO plugin v20.10 - https:\/\/yoast.com\/wordpress\/plugins\/seo\/ -->\n<title>Maison Mure Pinot Noir Argiles Rouges 2023 12.5% 0.7L | Global Bar Beverages<\/title>\n<meta name=\"robots\" content=\"index, follow, max-snippet:-1, max-image-preview:large, max-video-preview:-1\" \/>\n<link rel=\"canonical\" href=\"https:\/\/gbb.md\/ru\/product\/rene-mure-pinot-noir-argiles-rouges-2023-12-5-0-7l\/\" \/>\n<meta property=\"og:locale\" content=\"ru_RU\" \/>\n<meta property=\"og:type\" content=\"article\" \/>\n<meta property=\"og:title\" content=\"Maison Mure Pinot Noir Argiles Rouges 2023 12.5% 0.7L | Global Bar Beverages\" \/>\n<meta property=\"og:description\" content=\"Soi de struguri: Pinot Noir    Regiune: Alsacia, Fran\u021ba\u200b    Alcool: 12,5%\" \/>\n<meta property=\"og:url\" content=\"https:\/\/gbb.md\/ru\/product\/rene-mure-pinot-noir-argiles-rouges-2023-12-5-0-7l\/\" \/>\n<meta property=\"og:site_name\" content=\"Global Bar Beverages\" \/>\n<meta property=\"article:publisher\" content=\"https:\/\/www.facebook.com\/profile.php?id=61555243232370\" \/>\n<meta property=\"article:modified_time\" content=\"2026-01-29T14:52:32+00:00\" \/>\n<meta property=\"og:image\" content=\"https:\/\/gbb.md\/wp-content\/uploads\/2025\/04\/12.png\" \/>\n\t<meta property=\"og:image:width\" content=\"600\" \/>\n\t<meta property=\"og:image:height\" content=\"600\" \/>\n\t<meta property=\"og:image:type\" content=\"image\/png\" \/>\n<meta name=\"twitter:card\" content=\"summary_large_image\" \/>\n<meta name=\"twitter:label1\" content=\"\u041f\u0440\u0438\u043c\u0435\u0440\u043d\u043e\u0435 \u0432\u0440\u0435\u043c\u044f \u0434\u043b\u044f \u0447\u0442\u0435\u043d\u0438\u044f\" \/>\n\t<meta name=\"twitter:data1\" content=\"2 \u043c\u0438\u043d\u0443\u0442\u044b\" \/>\n<script type=\"application\/ld+json\" class=\"yoast-schema-graph\">{\"@context\":\"https:\/\/schema.org\",\"@graph\":[{\"@type\":\"WebPage\",\"@id\":\"https:\/\/gbb.md\/product\/rene-mure-pinot-noir-argiles-rouges-2023-12-5-0-7l\/\",\"url\":\"https:\/\/gbb.md\/product\/rene-mure-pinot-noir-argiles-rouges-2023-12-5-0-7l\/\",\"name\":\"Maison Mure Pinot Noir Argiles Rouges 2023 12.5% 0.7L | Global Bar Beverages\",\"isPartOf\":{\"@id\":\"https:\/\/gbb.md\/#website\"},\"datePublished\":\"2025-04-11T08:17:54+00:00\",\"dateModified\":\"2026-01-29T14:52:32+00:00\",\"breadcrumb\":{\"@id\":\"https:\/\/gbb.md\/product\/rene-mure-pinot-noir-argiles-rouges-2023-12-5-0-7l\/#breadcrumb\"},\"inLanguage\":\"ru-RU\",\"potentialAction\":[{\"@type\":\"ReadAction\",\"target\":[\"https:\/\/gbb.md\/product\/rene-mure-pinot-noir-argiles-rouges-2023-12-5-0-7l\/\"]}]},{\"@type\":\"BreadcrumbList\",\"@id\":\"https:\/\/gbb.md\/product\/rene-mure-pinot-noir-argiles-rouges-2023-12-5-0-7l\/#breadcrumb\",\"itemListElement\":[{\"@type\":\"ListItem\",\"position\":1,\"name\":\"\u0413\u043b\u0430\u0432\u043d\u0430\u044f \u0441\u0442\u0440\u0430\u043d\u0438\u0446\u0430\",\"item\":\"https:\/\/gbb.md\/\"},{\"@type\":\"ListItem\",\"position\":2,\"name\":\"Produse\",\"item\":\"https:\/\/gbb.md\/shop\/\"},{\"@type\":\"ListItem\",\"position\":3,\"name\":\"Maison Mure Pinot Noir Argiles Rouges 2023 12.5% 0.7L\"}]},{\"@type\":\"WebSite\",\"@id\":\"https:\/\/gbb.md\/#website\",\"url\":\"https:\/\/gbb.md\/\",\"name\":\"GBB\",\"description\":\"\u042d\u0442\u043e \u043c\u043e\u043b\u043e\u0434\u0430\u044f \u0431\u044b\u0441\u0442\u0440\u043e\u0440\u0430\u0441\u0442\u0443\u0449\u0430\u044f \u043a\u043e\u043c\u043f\u0430\u043d\u0438\u044f, \u0441\u0442\u0430\u0432\u0448\u0430\u044f \u043a\u0440\u0443\u043f\u043d\u0435\u0439\u0448\u0438\u043c \u0432 \u041c\u043e\u043b\u0434\u043e\u0432\u0435 \u043f\u043e\u0441\u0442\u0430\u0432\u0449\u0438\u043a\u043e\u043c \u0441\u0438\u0440\u043e\u043f\u043e\u0432 \u0438 \u043f\u044e\u0440\u0435 \u0434\u043b\u044f \u043d\u0430\u043f\u0438\u0442\u043a\u043e\u0432, \u0447\u0430\u044f, \u043a\u043e\u0444\u0435, \u0441\u043e\u0443\u0441\u043e\u0432, \u0442\u043e\u043d\u0438\u043a\u043e\u0432 \u0438 bubble tea \u043e\u0442 \u0438\u043c\u0435\u043d\u0438\u0442\u044b\u0445 \u043f\u0440\u043e\u0438\u0437\u0432\u043e\u0434\u0438\u0442\u0435\u043b\u0435\u0439.\",\"publisher\":{\"@id\":\"https:\/\/gbb.md\/#organization\"},\"alternateName\":\"Global Bar Beverages\",\"potentialAction\":[{\"@type\":\"SearchAction\",\"target\":{\"@type\":\"EntryPoint\",\"urlTemplate\":\"https:\/\/gbb.md\/?s={search_term_string}\"},\"query-input\":\"required name=search_term_string\"}],\"inLanguage\":\"ru-RU\"},{\"@type\":\"Organization\",\"@id\":\"https:\/\/gbb.md\/#organization\",\"name\":\"GBB\",\"alternateName\":\"Global Bar Beverages\",\"url\":\"https:\/\/gbb.md\/\",\"logo\":{\"@type\":\"ImageObject\",\"inLanguage\":\"ru-RU\",\"@id\":\"https:\/\/gbb.md\/#\/schema\/logo\/image\/\",\"url\":\"https:\/\/gbb.md\/wp-content\/uploads\/2024\/01\/android-chrome-512x512-1.png\",\"contentUrl\":\"https:\/\/gbb.md\/wp-content\/uploads\/2024\/01\/android-chrome-512x512-1.png\",\"width\":512,\"height\":512,\"caption\":\"GBB\"},\"image\":{\"@id\":\"https:\/\/gbb.md\/#\/schema\/logo\/image\/\"},\"sameAs\":[\"https:\/\/www.facebook.com\/profile.php?id=61555243232370\"]}]}<\/script>\n<!-- \/ Yoast SEO plugin. -->","yoast_head_json":{"title":"Maison Mure Pinot Noir Argiles Rouges 2023 12.5% 0.7L | Global Bar Beverages","robots":{"index":"index","follow":"follow","max-snippet":"max-snippet:-1","max-image-preview":"max-image-preview:large","max-video-preview":"max-video-preview:-1"},"canonical":"https:\/\/gbb.md\/ru\/product\/rene-mure-pinot-noir-argiles-rouges-2023-12-5-0-7l\/","og_locale":"ru_RU","og_type":"article","og_title":"Maison Mure Pinot Noir Argiles Rouges 2023 12.5% 0.7L | Global Bar Beverages","og_description":"Soi de struguri: Pinot Noir    Regiune: Alsacia, Fran\u021ba\u200b    Alcool: 12,5%","og_url":"https:\/\/gbb.md\/ru\/product\/rene-mure-pinot-noir-argiles-rouges-2023-12-5-0-7l\/","og_site_name":"Global Bar Beverages","article_publisher":"https:\/\/www.facebook.com\/profile.php?id=61555243232370","article_modified_time":"2026-01-29T14:52:32+00:00","og_image":[{"width":600,"height":600,"url":"https:\/\/gbb.md\/wp-content\/uploads\/2025\/04\/12.png","type":"image\/png"}],"twitter_card":"summary_large_image","twitter_misc":{"\u041f\u0440\u0438\u043c\u0435\u0440\u043d\u043e\u0435 \u0432\u0440\u0435\u043c\u044f \u0434\u043b\u044f \u0447\u0442\u0435\u043d\u0438\u044f":"2 \u043c\u0438\u043d\u0443\u0442\u044b"},"schema":{"@context":"https:\/\/schema.org","@graph":[{"@type":"WebPage","@id":"https:\/\/gbb.md\/product\/rene-mure-pinot-noir-argiles-rouges-2023-12-5-0-7l\/","url":"https:\/\/gbb.md\/product\/rene-mure-pinot-noir-argiles-rouges-2023-12-5-0-7l\/","name":"Maison Mure Pinot Noir Argiles Rouges 2023 12.5% 0.7L | Global Bar Beverages","isPartOf":{"@id":"https:\/\/gbb.md\/#website"},"datePublished":"2025-04-11T08:17:54+00:00","dateModified":"2026-01-29T14:52:32+00:00","breadcrumb":{"@id":"https:\/\/gbb.md\/product\/rene-mure-pinot-noir-argiles-rouges-2023-12-5-0-7l\/#breadcrumb"},"inLanguage":"ru-RU","potentialAction":[{"@type":"ReadAction","target":["https:\/\/gbb.md\/product\/rene-mure-pinot-noir-argiles-rouges-2023-12-5-0-7l\/"]}]},{"@type":"BreadcrumbList","@id":"https:\/\/gbb.md\/product\/rene-mure-pinot-noir-argiles-rouges-2023-12-5-0-7l\/#breadcrumb","itemListElement":[{"@type":"ListItem","position":1,"name":"\u0413\u043b\u0430\u0432\u043d\u0430\u044f \u0441\u0442\u0440\u0430\u043d\u0438\u0446\u0430","item":"https:\/\/gbb.md\/"},{"@type":"ListItem","position":2,"name":"Produse","item":"https:\/\/gbb.md\/shop\/"},{"@type":"ListItem","position":3,"name":"Maison Mure Pinot Noir Argiles Rouges 2023 12.5% 0.7L"}]},{"@type":"WebSite","@id":"https:\/\/gbb.md\/#website","url":"https:\/\/gbb.md\/","name":"GBB","description":"\u042d\u0442\u043e \u043c\u043e\u043b\u043e\u0434\u0430\u044f \u0431\u044b\u0441\u0442\u0440\u043e\u0440\u0430\u0441\u0442\u0443\u0449\u0430\u044f \u043a\u043e\u043c\u043f\u0430\u043d\u0438\u044f, \u0441\u0442\u0430\u0432\u0448\u0430\u044f \u043a\u0440\u0443\u043f\u043d\u0435\u0439\u0448\u0438\u043c \u0432 \u041c\u043e\u043b\u0434\u043e\u0432\u0435 \u043f\u043e\u0441\u0442\u0430\u0432\u0449\u0438\u043a\u043e\u043c \u0441\u0438\u0440\u043e\u043f\u043e\u0432 \u0438 \u043f\u044e\u0440\u0435 \u0434\u043b\u044f \u043d\u0430\u043f\u0438\u0442\u043a\u043e\u0432, \u0447\u0430\u044f, \u043a\u043e\u0444\u0435, \u0441\u043e\u0443\u0441\u043e\u0432, \u0442\u043e\u043d\u0438\u043a\u043e\u0432 \u0438 bubble tea \u043e\u0442 \u0438\u043c\u0435\u043d\u0438\u0442\u044b\u0445 \u043f\u0440\u043e\u0438\u0437\u0432\u043e\u0434\u0438\u0442\u0435\u043b\u0435\u0439.","publisher":{"@id":"https:\/\/gbb.md\/#organization"},"alternateName":"Global Bar Beverages","potentialAction":[{"@type":"SearchAction","target":{"@type":"EntryPoint","urlTemplate":"https:\/\/gbb.md\/?s={search_term_string}"},"query-input":"required name=search_term_string"}],"inLanguage":"ru-RU"},{"@type":"Organization","@id":"https:\/\/gbb.md\/#organization","name":"GBB","alternateName":"Global Bar Beverages","url":"https:\/\/gbb.md\/","logo":{"@type":"ImageObject","inLanguage":"ru-RU","@id":"https:\/\/gbb.md\/#\/schema\/logo\/image\/","url":"https:\/\/gbb.md\/wp-content\/uploads\/2024\/01\/android-chrome-512x512-1.png","contentUrl":"https:\/\/gbb.md\/wp-content\/uploads\/2024\/01\/android-chrome-512x512-1.png","width":512,"height":512,"caption":"GBB"},"image":{"@id":"https:\/\/gbb.md\/#\/schema\/logo\/image\/"},"sameAs":["https:\/\/www.facebook.com\/profile.php?id=61555243232370"]}]}},"_links":{"self":[{"href":"https:\/\/gbb.md\/ru\/wp-json\/wp\/v2\/product\/10160"}],"collection":[{"href":"https:\/\/gbb.md\/ru\/wp-json\/wp\/v2\/product"}],"about":[{"href":"https:\/\/gbb.md\/ru\/wp-json\/wp\/v2\/types\/product"}],"replies":[{"embeddable":true,"href":"https:\/\/gbb.md\/ru\/wp-json\/wp\/v2\/comments?post=10160"}],"wp:featuredmedia":[{"embeddable":true,"href":"https:\/\/gbb.md\/ru\/wp-json\/wp\/v2\/media\/10161"}],"wp:attachment":[{"href":"https:\/\/gbb.md\/ru\/wp-json\/wp\/v2\/media?parent=10160"}],"wp:term":[{"taxonomy":"product_cat","embeddable":true,"href":"https:\/\/gbb.md\/ru\/wp-json\/wp\/v2\/product_cat?post=10160"},{"taxonomy":"product_tag","embeddable":true,"href":"https:\/\/gbb.md\/ru\/wp-json\/wp\/v2\/product_tag?post=10160"}],"curies":[{"name":"wp","href":"https:\/\/api.w.org\/{rel}","templated":true}]}}