{"id":10293,"date":"2025-04-24T15:49:58","date_gmt":"2025-04-24T12:49:58","guid":{"rendered":"https:\/\/gbb.md\/?post_type=product&#038;p=10293"},"modified":"2025-12-03T11:38:57","modified_gmt":"2025-12-03T09:38:57","slug":"old-tbilisi-tsinandali-aoc-kakheti-grape-rkatsitelimtsvane","status":"publish","type":"product","link":"https:\/\/gbb.md\/ru\/product\/old-tbilisi-tsinandali-aoc-kakheti-grape-rkatsitelimtsvane\/","title":{"rendered":"Old Tbilisi-Tsinandali, AOC Kakheti, Grape (Rkatsiteli,Mtsvane)"},"content":{"rendered":"<div id=\"fws_6a048aac27a1a\"  data-midnight=\"dark\"  data-bg-mobile-hidden=\"\" class=\"wpb_row vc_row-fluid vc_row top-level standard_section\"  style=\"padding-top: 0px; padding-bottom: 0px; \"><div class=\"row-bg-wrap\"><div class=\"inner-wrap\"><div class=\"row-bg\"  style=\"\"><\/div><\/div><div class=\"row-bg-overlay\" ><\/div><\/div><div class=\"col span_12 dark left\">\n\t<div  class=\"vc_col-sm-12 wpb_column column_container vc_column_container col no-extra-padding\"  data-t-w-inherits=\"default\" data-border-radius=\"none\" data-shadow=\"none\" data-border-animation=\"\" data-border-animation-delay=\"\" data-border-width=\"none\" data-border-style=\"solid\" data-border-color=\"\" data-bg-cover=\"\" data-padding-pos=\"all\" data-has-bg-color=\"false\" data-bg-color=\"\" data-bg-opacity=\"1\" data-hover-bg=\"\" data-hover-bg-opacity=\"1\" data-animation=\"\" data-delay=\"0\"><div class=\"column-bg-overlay\"><\/div>\n\t\t<div class=\"vc_column-inner\">\n\t\t\t<div class=\"wpb_wrapper\">\n\t\t\t\t<p style=\"text-align: left;font-family:Abril Fatface;font-weight:400;font-style:normal\" class=\"vc_custom_heading\" >Vinul \"Old Tbilisi\" Tsinandali este un vin alb sec, elegant \u0219i rafinat, produs din soiurile tradi\u021bionale georgiene Rkatsiteli \u0219i Mtsvane, cultivate \u00een faimoasa microzon\u0103 Tsinandali, situat\u0103 \u00een inima regiunii viticole Kakheti.<\/p>\n<p>Acest vin se remarc\u0103 printr-o culoare galben-pai deschis, cu reflexii aurii, \u0219i un buchet aromatic delicat, \u00een care se reg\u0103sesc note de flori albe, mere verzi, piersici \u0219i citrice proaspete. Gustul este echilibrat, proasp\u0103t \u0219i pl\u0103cut, cu o aciditate fin\u0103, care ofer\u0103 vinului o senza\u021bie r\u0103coritoare \u0219i armonioas\u0103.<\/p>\n<p>Fermentat \u00een tancuri din o\u021bel inoxidabil cu control al temperaturii, vinul \u00ee\u0219i p\u0103streaz\u0103 caracterul natural al strugurilor, oferind o experien\u021b\u0103 autentic\u0103 \u0219i plin\u0103 de prospe\u021bime. Este un vin ideal pentru a fi savurat al\u0103turi de pe\u0219te, fructe de mare, br\u00e2nzeturi proaspete sau preparate u\u0219oare din buc\u0103t\u0103ria mediteranean\u0103 \u0219i georgian\u0103.<\/p>\n<p>\"Old Tbilisi\" Tsinandali reflect\u0103 perfect ospitalitatea, tradi\u021bia \u0219i spiritul cald al Georgiei, fiind o alegere excelent\u0103 at\u00e2t pentru mesele de zi cu zi, c\u00e2t \u0219i pentru ocazii speciale.<\/p>\n\t\t\t<\/div> \n\t\t<\/div>\n\t<\/div> \n<\/div><\/div>","protected":false},"excerpt":{"rendered":"<p>Tip: Vin alb sec<br \/>\nSoiuri de struguri: Rkatsiteli, Mtsvane<br \/>\nRegiune: Kakheti, microzona Tsinandali (Georgia)<br \/>\nAlcool: ~12%<br \/>\nCuloare: Galben-pai deschis cu reflexii aurii<br \/>\nArom\u0103: Note florale, m\u0103r verde, fructe albe, citrice fine<br \/>\nAmbalaj: Sticl\u0103 0,75 l<\/p>","protected":false},"featured_media":10976,"comment_status":"open","ping_status":"closed","template":"","meta":[],"product_cat":[405,404,437,414,415],"product_tag":[],"yoast_head":"<!-- This site is optimized with the Yoast SEO plugin v20.10 - https:\/\/yoast.com\/wordpress\/plugins\/seo\/ -->\n<title>Old Tbilisi-Tsinandali, AOC Kakheti, Grape (Rkatsiteli,Mtsvane) | Global Bar Beverages<\/title>\n<meta name=\"robots\" content=\"index, follow, max-snippet:-1, max-image-preview:large, max-video-preview:-1\" \/>\n<link rel=\"canonical\" href=\"https:\/\/gbb.md\/ru\/product\/old-tbilisi-tsinandali-aoc-kakheti-grape-rkatsitelimtsvane\/\" \/>\n<meta property=\"og:locale\" content=\"ru_RU\" \/>\n<meta property=\"og:type\" content=\"article\" \/>\n<meta property=\"og:title\" content=\"Old Tbilisi-Tsinandali, AOC Kakheti, Grape (Rkatsiteli,Mtsvane) | Global Bar Beverages\" \/>\n<meta property=\"og:description\" content=\"Tip: Vin alb sec Soiuri de struguri: Rkatsiteli, Mtsvane Regiune: Kakheti, microzona Tsinandali (Georgia) Alcool: ~12% Culoare: Galben-pai deschis cu reflexii aurii Arom\u0103: Note florale, m\u0103r verde, fructe albe, citrice fine Ambalaj: Sticl\u0103 0,75 l\" \/>\n<meta property=\"og:url\" content=\"https:\/\/gbb.md\/ru\/product\/old-tbilisi-tsinandali-aoc-kakheti-grape-rkatsitelimtsvane\/\" \/>\n<meta property=\"og:site_name\" content=\"Global Bar Beverages\" \/>\n<meta property=\"article:publisher\" content=\"https:\/\/www.facebook.com\/profile.php?id=61555243232370\" \/>\n<meta property=\"article:modified_time\" content=\"2025-12-03T09:38:57+00:00\" \/>\n<meta property=\"og:image\" content=\"https:\/\/gbb.md\/wp-content\/uploads\/2025\/04\/4860004073549.jpg\" \/>\n\t<meta property=\"og:image:width\" content=\"645\" \/>\n\t<meta property=\"og:image:height\" content=\"640\" \/>\n\t<meta property=\"og:image:type\" content=\"image\/jpeg\" \/>\n<meta name=\"twitter:card\" content=\"summary_large_image\" \/>\n<meta name=\"twitter:label1\" content=\"\u041f\u0440\u0438\u043c\u0435\u0440\u043d\u043e\u0435 \u0432\u0440\u0435\u043c\u044f \u0434\u043b\u044f \u0447\u0442\u0435\u043d\u0438\u044f\" \/>\n\t<meta name=\"twitter:data1\" content=\"1 \u043c\u0438\u043d\u0443\u0442\u0430\" \/>\n<script type=\"application\/ld+json\" class=\"yoast-schema-graph\">{\"@context\":\"https:\/\/schema.org\",\"@graph\":[{\"@type\":\"WebPage\",\"@id\":\"https:\/\/gbb.md\/product\/old-tbilisi-tsinandali-aoc-kakheti-grape-rkatsitelimtsvane\/\",\"url\":\"https:\/\/gbb.md\/product\/old-tbilisi-tsinandali-aoc-kakheti-grape-rkatsitelimtsvane\/\",\"name\":\"Old Tbilisi-Tsinandali, AOC Kakheti, Grape (Rkatsiteli,Mtsvane) | Global Bar Beverages\",\"isPartOf\":{\"@id\":\"https:\/\/gbb.md\/#website\"},\"datePublished\":\"2025-04-24T12:49:58+00:00\",\"dateModified\":\"2025-12-03T09:38:57+00:00\",\"breadcrumb\":{\"@id\":\"https:\/\/gbb.md\/product\/old-tbilisi-tsinandali-aoc-kakheti-grape-rkatsitelimtsvane\/#breadcrumb\"},\"inLanguage\":\"ru-RU\",\"potentialAction\":[{\"@type\":\"ReadAction\",\"target\":[\"https:\/\/gbb.md\/product\/old-tbilisi-tsinandali-aoc-kakheti-grape-rkatsitelimtsvane\/\"]}]},{\"@type\":\"BreadcrumbList\",\"@id\":\"https:\/\/gbb.md\/product\/old-tbilisi-tsinandali-aoc-kakheti-grape-rkatsitelimtsvane\/#breadcrumb\",\"itemListElement\":[{\"@type\":\"ListItem\",\"position\":1,\"name\":\"\u0413\u043b\u0430\u0432\u043d\u0430\u044f \u0441\u0442\u0440\u0430\u043d\u0438\u0446\u0430\",\"item\":\"https:\/\/gbb.md\/\"},{\"@type\":\"ListItem\",\"position\":2,\"name\":\"Produse\",\"item\":\"https:\/\/gbb.md\/shop\/\"},{\"@type\":\"ListItem\",\"position\":3,\"name\":\"Old Tbilisi-Tsinandali, AOC Kakheti, Grape (Rkatsiteli,Mtsvane)\"}]},{\"@type\":\"WebSite\",\"@id\":\"https:\/\/gbb.md\/#website\",\"url\":\"https:\/\/gbb.md\/\",\"name\":\"GBB\",\"description\":\"\u042d\u0442\u043e \u043c\u043e\u043b\u043e\u0434\u0430\u044f \u0431\u044b\u0441\u0442\u0440\u043e\u0440\u0430\u0441\u0442\u0443\u0449\u0430\u044f \u043a\u043e\u043c\u043f\u0430\u043d\u0438\u044f, \u0441\u0442\u0430\u0432\u0448\u0430\u044f \u043a\u0440\u0443\u043f\u043d\u0435\u0439\u0448\u0438\u043c \u0432 \u041c\u043e\u043b\u0434\u043e\u0432\u0435 \u043f\u043e\u0441\u0442\u0430\u0432\u0449\u0438\u043a\u043e\u043c \u0441\u0438\u0440\u043e\u043f\u043e\u0432 \u0438 \u043f\u044e\u0440\u0435 \u0434\u043b\u044f \u043d\u0430\u043f\u0438\u0442\u043a\u043e\u0432, \u0447\u0430\u044f, \u043a\u043e\u0444\u0435, \u0441\u043e\u0443\u0441\u043e\u0432, \u0442\u043e\u043d\u0438\u043a\u043e\u0432 \u0438 bubble tea \u043e\u0442 \u0438\u043c\u0435\u043d\u0438\u0442\u044b\u0445 \u043f\u0440\u043e\u0438\u0437\u0432\u043e\u0434\u0438\u0442\u0435\u043b\u0435\u0439.\",\"publisher\":{\"@id\":\"https:\/\/gbb.md\/#organization\"},\"alternateName\":\"Global Bar Beverages\",\"potentialAction\":[{\"@type\":\"SearchAction\",\"target\":{\"@type\":\"EntryPoint\",\"urlTemplate\":\"https:\/\/gbb.md\/?s={search_term_string}\"},\"query-input\":\"required name=search_term_string\"}],\"inLanguage\":\"ru-RU\"},{\"@type\":\"Organization\",\"@id\":\"https:\/\/gbb.md\/#organization\",\"name\":\"GBB\",\"alternateName\":\"Global Bar Beverages\",\"url\":\"https:\/\/gbb.md\/\",\"logo\":{\"@type\":\"ImageObject\",\"inLanguage\":\"ru-RU\",\"@id\":\"https:\/\/gbb.md\/#\/schema\/logo\/image\/\",\"url\":\"https:\/\/gbb.md\/wp-content\/uploads\/2024\/01\/android-chrome-512x512-1.png\",\"contentUrl\":\"https:\/\/gbb.md\/wp-content\/uploads\/2024\/01\/android-chrome-512x512-1.png\",\"width\":512,\"height\":512,\"caption\":\"GBB\"},\"image\":{\"@id\":\"https:\/\/gbb.md\/#\/schema\/logo\/image\/\"},\"sameAs\":[\"https:\/\/www.facebook.com\/profile.php?id=61555243232370\"]}]}<\/script>\n<!-- \/ Yoast SEO plugin. -->","yoast_head_json":{"title":"Old Tbilisi-Tsinandali, AOC Kakheti, Grape (Rkatsiteli,Mtsvane) | Global Bar Beverages","robots":{"index":"index","follow":"follow","max-snippet":"max-snippet:-1","max-image-preview":"max-image-preview:large","max-video-preview":"max-video-preview:-1"},"canonical":"https:\/\/gbb.md\/ru\/product\/old-tbilisi-tsinandali-aoc-kakheti-grape-rkatsitelimtsvane\/","og_locale":"ru_RU","og_type":"article","og_title":"Old Tbilisi-Tsinandali, AOC Kakheti, Grape (Rkatsiteli,Mtsvane) | Global Bar Beverages","og_description":"Tip: Vin alb sec Soiuri de struguri: Rkatsiteli, Mtsvane Regiune: Kakheti, microzona Tsinandali (Georgia) Alcool: ~12% Culoare: Galben-pai deschis cu reflexii aurii Arom\u0103: Note florale, m\u0103r verde, fructe albe, citrice fine Ambalaj: Sticl\u0103 0,75 l","og_url":"https:\/\/gbb.md\/ru\/product\/old-tbilisi-tsinandali-aoc-kakheti-grape-rkatsitelimtsvane\/","og_site_name":"Global Bar Beverages","article_publisher":"https:\/\/www.facebook.com\/profile.php?id=61555243232370","article_modified_time":"2025-12-03T09:38:57+00:00","og_image":[{"width":645,"height":640,"url":"https:\/\/gbb.md\/wp-content\/uploads\/2025\/04\/4860004073549.jpg","type":"image\/jpeg"}],"twitter_card":"summary_large_image","twitter_misc":{"\u041f\u0440\u0438\u043c\u0435\u0440\u043d\u043e\u0435 \u0432\u0440\u0435\u043c\u044f \u0434\u043b\u044f \u0447\u0442\u0435\u043d\u0438\u044f":"1 \u043c\u0438\u043d\u0443\u0442\u0430"},"schema":{"@context":"https:\/\/schema.org","@graph":[{"@type":"WebPage","@id":"https:\/\/gbb.md\/product\/old-tbilisi-tsinandali-aoc-kakheti-grape-rkatsitelimtsvane\/","url":"https:\/\/gbb.md\/product\/old-tbilisi-tsinandali-aoc-kakheti-grape-rkatsitelimtsvane\/","name":"Old Tbilisi-Tsinandali, AOC Kakheti, Grape (Rkatsiteli,Mtsvane) | Global Bar Beverages","isPartOf":{"@id":"https:\/\/gbb.md\/#website"},"datePublished":"2025-04-24T12:49:58+00:00","dateModified":"2025-12-03T09:38:57+00:00","breadcrumb":{"@id":"https:\/\/gbb.md\/product\/old-tbilisi-tsinandali-aoc-kakheti-grape-rkatsitelimtsvane\/#breadcrumb"},"inLanguage":"ru-RU","potentialAction":[{"@type":"ReadAction","target":["https:\/\/gbb.md\/product\/old-tbilisi-tsinandali-aoc-kakheti-grape-rkatsitelimtsvane\/"]}]},{"@type":"BreadcrumbList","@id":"https:\/\/gbb.md\/product\/old-tbilisi-tsinandali-aoc-kakheti-grape-rkatsitelimtsvane\/#breadcrumb","itemListElement":[{"@type":"ListItem","position":1,"name":"\u0413\u043b\u0430\u0432\u043d\u0430\u044f \u0441\u0442\u0440\u0430\u043d\u0438\u0446\u0430","item":"https:\/\/gbb.md\/"},{"@type":"ListItem","position":2,"name":"Produse","item":"https:\/\/gbb.md\/shop\/"},{"@type":"ListItem","position":3,"name":"Old Tbilisi-Tsinandali, AOC Kakheti, Grape (Rkatsiteli,Mtsvane)"}]},{"@type":"WebSite","@id":"https:\/\/gbb.md\/#website","url":"https:\/\/gbb.md\/","name":"GBB","description":"\u042d\u0442\u043e \u043c\u043e\u043b\u043e\u0434\u0430\u044f \u0431\u044b\u0441\u0442\u0440\u043e\u0440\u0430\u0441\u0442\u0443\u0449\u0430\u044f \u043a\u043e\u043c\u043f\u0430\u043d\u0438\u044f, \u0441\u0442\u0430\u0432\u0448\u0430\u044f \u043a\u0440\u0443\u043f\u043d\u0435\u0439\u0448\u0438\u043c \u0432 \u041c\u043e\u043b\u0434\u043e\u0432\u0435 \u043f\u043e\u0441\u0442\u0430\u0432\u0449\u0438\u043a\u043e\u043c \u0441\u0438\u0440\u043e\u043f\u043e\u0432 \u0438 \u043f\u044e\u0440\u0435 \u0434\u043b\u044f \u043d\u0430\u043f\u0438\u0442\u043a\u043e\u0432, \u0447\u0430\u044f, \u043a\u043e\u0444\u0435, \u0441\u043e\u0443\u0441\u043e\u0432, \u0442\u043e\u043d\u0438\u043a\u043e\u0432 \u0438 bubble tea \u043e\u0442 \u0438\u043c\u0435\u043d\u0438\u0442\u044b\u0445 \u043f\u0440\u043e\u0438\u0437\u0432\u043e\u0434\u0438\u0442\u0435\u043b\u0435\u0439.","publisher":{"@id":"https:\/\/gbb.md\/#organization"},"alternateName":"Global Bar Beverages","potentialAction":[{"@type":"SearchAction","target":{"@type":"EntryPoint","urlTemplate":"https:\/\/gbb.md\/?s={search_term_string}"},"query-input":"required name=search_term_string"}],"inLanguage":"ru-RU"},{"@type":"Organization","@id":"https:\/\/gbb.md\/#organization","name":"GBB","alternateName":"Global Bar Beverages","url":"https:\/\/gbb.md\/","logo":{"@type":"ImageObject","inLanguage":"ru-RU","@id":"https:\/\/gbb.md\/#\/schema\/logo\/image\/","url":"https:\/\/gbb.md\/wp-content\/uploads\/2024\/01\/android-chrome-512x512-1.png","contentUrl":"https:\/\/gbb.md\/wp-content\/uploads\/2024\/01\/android-chrome-512x512-1.png","width":512,"height":512,"caption":"GBB"},"image":{"@id":"https:\/\/gbb.md\/#\/schema\/logo\/image\/"},"sameAs":["https:\/\/www.facebook.com\/profile.php?id=61555243232370"]}]}},"_links":{"self":[{"href":"https:\/\/gbb.md\/ru\/wp-json\/wp\/v2\/product\/10293"}],"collection":[{"href":"https:\/\/gbb.md\/ru\/wp-json\/wp\/v2\/product"}],"about":[{"href":"https:\/\/gbb.md\/ru\/wp-json\/wp\/v2\/types\/product"}],"replies":[{"embeddable":true,"href":"https:\/\/gbb.md\/ru\/wp-json\/wp\/v2\/comments?post=10293"}],"wp:featuredmedia":[{"embeddable":true,"href":"https:\/\/gbb.md\/ru\/wp-json\/wp\/v2\/media\/10976"}],"wp:attachment":[{"href":"https:\/\/gbb.md\/ru\/wp-json\/wp\/v2\/media?parent=10293"}],"wp:term":[{"taxonomy":"product_cat","embeddable":true,"href":"https:\/\/gbb.md\/ru\/wp-json\/wp\/v2\/product_cat?post=10293"},{"taxonomy":"product_tag","embeddable":true,"href":"https:\/\/gbb.md\/ru\/wp-json\/wp\/v2\/product_tag?post=10293"}],"curies":[{"name":"wp","href":"https:\/\/api.w.org\/{rel}","templated":true}]}}