{"id":10310,"date":"2025-05-28T12:01:59","date_gmt":"2025-05-28T09:01:59","guid":{"rendered":"https:\/\/gbb.md\/?post_type=product&#038;p=10310"},"modified":"2025-12-15T13:20:08","modified_gmt":"2025-12-15T11:20:08","slug":"drumshanbo-gunpowder-irish-gin-430","status":"publish","type":"product","link":"https:\/\/gbb.md\/ru\/product\/drumshanbo-gunpowder-irish-gin-430\/","title":{"rendered":"Drumshanbo Gunpowder Irish Gin 43,0 %"},"content":{"rendered":"<div id=\"fws_6a047af0bb6d3\"  data-midnight=\"dark\" data-top-percent=\"-30%\"  data-bg-mobile-hidden=\"\" class=\"wpb_row vc_row-fluid vc_row top-level  vc_row-o-equal-height vc_row-flex  vc_row-o-content-middle standard_section\"  style=\"padding-top: calc(100vw * 0.0-30); padding-bottom: 0px;  z-index: 100;\"><div class=\"row-bg-wrap\"><div class=\"inner-wrap\"><div class=\"row-bg\"  style=\"\"><\/div><\/div><div class=\"row-bg-overlay\" ><\/div><\/div><div class=\"col span_12 dark left\">\n\t<div style=\"margin-top: -190px; \" class=\"vc_col-sm-6 wpb_column column_container vc_column_container col neg-marg no-extra-padding\"  data-t-w-inherits=\"default\" data-border-radius=\"none\" data-shadow=\"none\" data-border-animation=\"\" data-border-animation-delay=\"\" data-border-width=\"none\" data-border-style=\"solid\" data-border-color=\"\" data-bg-cover=\"\" data-padding-pos=\"all\" data-has-bg-color=\"false\" data-bg-color=\"\" data-bg-opacity=\"1\" data-hover-bg=\"\" data-hover-bg-opacity=\"1\" data-animation=\"\" data-delay=\"0\"><div class=\"column-bg-overlay\"><\/div>\n\t\t<div class=\"vc_column-inner\">\n\t\t\t<div class=\"wpb_wrapper\">\n\t\t\t\t<div id=\"ultimate-heading-15266a047af0bbb61\" class=\"uvc-heading ult-adjust-bottom-margin ultimate-heading-15266a047af0bbb61 uvc-244\" data-hspacer=\"no_spacer\"  data-halign=\"left\" style=\"text-align:left\"><div class=\"uvc-heading-spacer no_spacer\" style=\"top\"><\/div><div class=\"uvc-main-heading ult-responsive\"  data-ultimate-target='.uvc-heading.ultimate-heading-15266a047af0bbb61 h2'  data-responsive-json-new='{\"font-size\":\"desktop:28px;\",\"line-height\":\"\"}' ><h2 style=\"font-weight:bold;color:#2ac4ea;\">Drumshanbo Gunpowder Irish Gin 43,0 %<\/h2><\/div><div class=\"uvc-sub-heading ult-responsive\"  data-ultimate-target='.uvc-heading.ultimate-heading-15266a047af0bbb61 .uvc-sub-heading '  data-responsive-json-new='{\"font-size\":\"desktop:18px;\",\"line-height\":\"\"}'  style=\"font-weight:normal;\">\n<p data-start=\"113\" data-end=\"373\"><strong data-start=\"113\" data-end=\"147\">Drumshanbo Gunpowder Irish Gin<\/strong> este un gin irlandez distinctiv, produs de distileria <em data-start=\"202\" data-end=\"212\">The Shed<\/em> \u00een Drumshanbo, jude\u021bul Leitrim, Irlanda. Creat de P.J. Rigney, acest gin \u00eembin\u0103 plante tradi\u021bionale \u0219i exotice din Est \u0219i Vest, oferind un profil aromatic unic.<\/p>\n<p data-start=\"375\" data-end=\"401\"><strong data-start=\"375\" data-end=\"400\">Ingrediente orientale<\/strong>:<\/p>\n<ul data-start=\"402\" data-end=\"556\">\n<li data-start=\"402\" data-end=\"434\">\n<p data-start=\"404\" data-end=\"434\">Ceai verde Gunpowder (China)<\/p>\n<\/li>\n<li data-start=\"435\" data-end=\"452\">\n<p data-start=\"437\" data-end=\"452\">Anason stelat<\/p>\n<\/li>\n<li data-start=\"453\" data-end=\"465\">\n<p data-start=\"455\" data-end=\"465\">Cardamom<\/p>\n<\/li>\n<li data-start=\"466\" data-end=\"487\">\n<p data-start=\"468\" data-end=\"487\">Semin\u021be de chimen<\/p>\n<\/li>\n<li data-start=\"488\" data-end=\"513\">\n<p data-start=\"490\" data-end=\"513\">Frunze de lime kaffir<\/p>\n<\/li>\n<li data-start=\"514\" data-end=\"537\">\n<p data-start=\"516\" data-end=\"537\">Grapefruit oriental<\/p>\n<\/li>\n<li data-start=\"538\" data-end=\"556\">\n<p data-start=\"540\" data-end=\"556\">L\u0103m\u00e2ie chinez\u0103<\/p>\n<\/li>\n<\/ul>\n<p data-start=\"558\" data-end=\"586\"><strong data-start=\"558\" data-end=\"585\">Ingrediente occidentale<\/strong>:<\/p>\n<ul data-start=\"587\" data-end=\"720\">\n<li data-start=\"587\" data-end=\"607\">\n<p data-start=\"589\" data-end=\"607\">Boabe de ienup\u0103r<\/p>\n<\/li>\n<li data-start=\"608\" data-end=\"632\">\n<p data-start=\"610\" data-end=\"632\">R\u0103d\u0103cin\u0103 de angelic\u0103<\/p>\n<\/li>\n<li data-start=\"633\" data-end=\"657\">\n<p data-start=\"635\" data-end=\"657\">Semin\u021be de coriandru<\/p>\n<\/li>\n<li data-start=\"658\" data-end=\"678\">\n<p data-start=\"660\" data-end=\"678\">R\u0103d\u0103cin\u0103 de iris<\/p>\n<\/li>\n<li data-start=\"679\" data-end=\"720\">\n<p data-start=\"681\" data-end=\"720\">Flori de meadowsweet (plante irlandeze)<\/p>\n<\/li>\n<\/ul>\n<p data-start=\"722\" data-end=\"843\">Distilarea se face at\u00e2t \u00een alambicuri tradi\u021bionale din cupru, c\u00e2t \u0219i prin infuzie cu vapori pentru plantele mai delicate.<\/p>\n<hr data-start=\"845\" data-end=\"848\" \/>\n<h3 data-start=\"850\" data-end=\"872\">Arom\u0103 &amp;\u00a0 Gust<\/h3>\n<ul data-start=\"874\" data-end=\"1155\">\n<li data-start=\"874\" data-end=\"954\">\n<p data-start=\"876\" data-end=\"954\"><strong data-start=\"876\" data-end=\"883\">Nas<\/strong>: proasp\u0103t \u0219i vegetal, cu note citrice intense \u0219i nuan\u021be de ceai verde.<\/p>\n<\/li>\n<li data-start=\"955\" data-end=\"1085\">\n<p data-start=\"957\" data-end=\"1085\"><strong data-start=\"957\" data-end=\"965\">Gust<\/strong>: neted \u0219i catifelat, cu arome de grapefruit, ienup\u0103r, ceai gunpowder \u0219i condimente calde precum anasonul \u0219i cardamomul.<\/p>\n<\/li>\n<li data-start=\"1086\" data-end=\"1155\">\n<p data-start=\"1088\" data-end=\"1155\"><strong data-start=\"1088\" data-end=\"1097\">Final<\/strong>: lung \u0219i u\u0219or picant, cu o senza\u021bie cald\u0103 \u0219i echilibrat\u0103.<\/p>\n<\/li>\n<\/ul>\n<\/div><\/div><div class=\"divider-wrap\" data-alignment=\"default\"><div style=\"height: 25px;\" class=\"divider\"><\/div><\/div>\n\t\t\t<\/div> \n\t\t<\/div>\n\t<\/div> \n\n\t<div style=\"margin-top: -10%; \" class=\"vc_col-sm-6 wpb_column column_container vc_column_container col neg-marg no-extra-padding\"  data-t-w-inherits=\"default\" data-border-radius=\"none\" data-shadow=\"none\" data-border-animation=\"\" data-border-animation-delay=\"\" data-border-width=\"none\" data-border-style=\"solid\" data-border-color=\"\" data-bg-cover=\"\" data-padding-pos=\"all\" data-has-bg-color=\"false\" data-bg-color=\"\" data-bg-opacity=\"1\" data-hover-bg=\"\" data-hover-bg-opacity=\"1\" data-animation=\"\" data-delay=\"0\"><div class=\"column-bg-overlay\"><\/div>\n\t\t<div class=\"vc_column-inner\">\n\t\t\t<div class=\"wpb_wrapper\">\n\t\t\t\t<div class=\"img-with-aniamtion-wrap\" data-max-width=\"100%\" data-border-radius=\"none\"><div class=\"inner\"><img data-shadow=\"none\" data-shadow-direction=\"middle\" class=\"img-with-animation skip-lazy\" data-delay=\"0\" height=\"1200\" width=\"1100\" style=\"margin-left: 20px;\" data-animation=\"fade-in\" src=\"https:\/\/gbb.md\/wp-content\/uploads\/2025\/05\/\u0411\u0435\u0437-\u0438\u043c\u0435\u043d\u0438-3.png\" srcset=\"https:\/\/gbb.md\/wp-content\/uploads\/2025\/05\/\u0411\u0435\u0437-\u0438\u043c\u0435\u043d\u0438-3.png 1100w, https:\/\/gbb.md\/wp-content\/uploads\/2025\/05\/\u0411\u0435\u0437-\u0438\u043c\u0435\u043d\u0438-3-275x300.png 275w, https:\/\/gbb.md\/wp-content\/uploads\/2025\/05\/\u0411\u0435\u0437-\u0438\u043c\u0435\u043d\u0438-3-939x1024.png 939w, https:\/\/gbb.md\/wp-content\/uploads\/2025\/05\/\u0411\u0435\u0437-\u0438\u043c\u0435\u043d\u0438-3-768x838.png 768w, https:\/\/gbb.md\/wp-content\/uploads\/2025\/05\/\u0411\u0435\u0437-\u0438\u043c\u0435\u043d\u0438-3-500x545.png 500w\" sizes=\"100vw\" alt=\"\" \/><\/div><\/div>\n\t\t\t<\/div> \n\t\t<\/div>\n\t<\/div> \n<\/div><\/div>\n\t\t<div id=\"fws_6a047af0bc4e2\"  data-midnight=\"dark\"  data-bg-mobile-hidden=\"\" class=\"wpb_row vc_row-fluid vc_row standard_section\"  style=\"padding-top: 0px; padding-bottom: 0px; \"><div class=\"row-bg-wrap\"><div class=\"inner-wrap\"><div class=\"row-bg\"  style=\"\"><\/div><\/div><div class=\"row-bg-overlay\" ><\/div><\/div><div class=\"col span_12 dark left\">\n\t<div  class=\"vc_col-sm-12 wpb_column column_container vc_column_container col no-extra-padding\"  data-t-w-inherits=\"default\" data-border-radius=\"none\" data-shadow=\"none\" data-border-animation=\"\" data-border-animation-delay=\"\" data-border-width=\"none\" data-border-style=\"solid\" data-border-color=\"\" data-bg-cover=\"\" data-padding-pos=\"all\" data-has-bg-color=\"false\" data-bg-color=\"\" data-bg-opacity=\"1\" data-hover-bg=\"\" data-hover-bg-opacity=\"1\" data-animation=\"\" data-delay=\"0\"><div class=\"column-bg-overlay\"><\/div>\n\t\t<div class=\"vc_column-inner\">\n\t\t\t<div class=\"wpb_wrapper\">\n\t\t\t\t<div class=\"divider-wrap\" data-alignment=\"default\"><div style=\"height: 100px;\" class=\"divider\"><\/div><\/div>\n\t\t\t<\/div> \n\t\t<\/div>\n\t<\/div> \n<\/div><\/div>","protected":false},"excerpt":{"rendered":"<p>Cantinatea: 0.7L<br \/>\nCon\u021b. de alc.: 43,0 %<\/p>","protected":false},"featured_media":10312,"comment_status":"open","ping_status":"closed","template":"","meta":[],"product_cat":[405,404,410,438],"product_tag":[],"yoast_head":"<!-- This site is optimized with the Yoast SEO plugin v20.10 - https:\/\/yoast.com\/wordpress\/plugins\/seo\/ -->\n<title>Drumshanbo Gunpowder Irish Gin 43,0 % | Global Bar Beverages<\/title>\n<meta name=\"robots\" content=\"index, follow, max-snippet:-1, max-image-preview:large, max-video-preview:-1\" \/>\n<link rel=\"canonical\" href=\"https:\/\/gbb.md\/ru\/product\/drumshanbo-gunpowder-irish-gin-430\/\" \/>\n<meta property=\"og:locale\" content=\"ru_RU\" \/>\n<meta property=\"og:type\" content=\"article\" \/>\n<meta property=\"og:title\" content=\"Drumshanbo Gunpowder Irish Gin 43,0 % | Global Bar Beverages\" \/>\n<meta property=\"og:description\" content=\"Cantinatea: 0.7L Con\u021b. de alc.: 43,0 %\" \/>\n<meta property=\"og:url\" content=\"https:\/\/gbb.md\/ru\/product\/drumshanbo-gunpowder-irish-gin-430\/\" \/>\n<meta property=\"og:site_name\" content=\"Global Bar Beverages\" \/>\n<meta property=\"article:publisher\" content=\"https:\/\/www.facebook.com\/profile.php?id=61555243232370\" \/>\n<meta property=\"article:modified_time\" content=\"2025-12-15T11:20:08+00:00\" \/>\n<meta property=\"og:image\" content=\"https:\/\/gbb.md\/wp-content\/uploads\/2025\/05\/Drumshanbo-Gunpowder-Irish-Gin.jpg\" \/>\n\t<meta property=\"og:image:width\" content=\"1000\" \/>\n\t<meta property=\"og:image:height\" content=\"1000\" \/>\n\t<meta property=\"og:image:type\" content=\"image\/jpeg\" \/>\n<meta name=\"twitter:card\" content=\"summary_large_image\" \/>\n<meta name=\"twitter:label1\" content=\"\u041f\u0440\u0438\u043c\u0435\u0440\u043d\u043e\u0435 \u0432\u0440\u0435\u043c\u044f \u0434\u043b\u044f \u0447\u0442\u0435\u043d\u0438\u044f\" \/>\n\t<meta name=\"twitter:data1\" content=\"2 \u043c\u0438\u043d\u0443\u0442\u044b\" \/>\n<script type=\"application\/ld+json\" class=\"yoast-schema-graph\">{\"@context\":\"https:\/\/schema.org\",\"@graph\":[{\"@type\":\"WebPage\",\"@id\":\"https:\/\/gbb.md\/product\/drumshanbo-gunpowder-irish-gin-430\/\",\"url\":\"https:\/\/gbb.md\/product\/drumshanbo-gunpowder-irish-gin-430\/\",\"name\":\"Drumshanbo Gunpowder Irish Gin 43,0 % | Global Bar Beverages\",\"isPartOf\":{\"@id\":\"https:\/\/gbb.md\/#website\"},\"datePublished\":\"2025-05-28T09:01:59+00:00\",\"dateModified\":\"2025-12-15T11:20:08+00:00\",\"breadcrumb\":{\"@id\":\"https:\/\/gbb.md\/product\/drumshanbo-gunpowder-irish-gin-430\/#breadcrumb\"},\"inLanguage\":\"ru-RU\",\"potentialAction\":[{\"@type\":\"ReadAction\",\"target\":[\"https:\/\/gbb.md\/product\/drumshanbo-gunpowder-irish-gin-430\/\"]}]},{\"@type\":\"BreadcrumbList\",\"@id\":\"https:\/\/gbb.md\/product\/drumshanbo-gunpowder-irish-gin-430\/#breadcrumb\",\"itemListElement\":[{\"@type\":\"ListItem\",\"position\":1,\"name\":\"\u0413\u043b\u0430\u0432\u043d\u0430\u044f \u0441\u0442\u0440\u0430\u043d\u0438\u0446\u0430\",\"item\":\"https:\/\/gbb.md\/\"},{\"@type\":\"ListItem\",\"position\":2,\"name\":\"Produse\",\"item\":\"https:\/\/gbb.md\/shop\/\"},{\"@type\":\"ListItem\",\"position\":3,\"name\":\"Drumshanbo Gunpowder Irish Gin 43,0 %\"}]},{\"@type\":\"WebSite\",\"@id\":\"https:\/\/gbb.md\/#website\",\"url\":\"https:\/\/gbb.md\/\",\"name\":\"GBB\",\"description\":\"\u042d\u0442\u043e \u043c\u043e\u043b\u043e\u0434\u0430\u044f \u0431\u044b\u0441\u0442\u0440\u043e\u0440\u0430\u0441\u0442\u0443\u0449\u0430\u044f \u043a\u043e\u043c\u043f\u0430\u043d\u0438\u044f, \u0441\u0442\u0430\u0432\u0448\u0430\u044f \u043a\u0440\u0443\u043f\u043d\u0435\u0439\u0448\u0438\u043c \u0432 \u041c\u043e\u043b\u0434\u043e\u0432\u0435 \u043f\u043e\u0441\u0442\u0430\u0432\u0449\u0438\u043a\u043e\u043c \u0441\u0438\u0440\u043e\u043f\u043e\u0432 \u0438 \u043f\u044e\u0440\u0435 \u0434\u043b\u044f \u043d\u0430\u043f\u0438\u0442\u043a\u043e\u0432, \u0447\u0430\u044f, \u043a\u043e\u0444\u0435, \u0441\u043e\u0443\u0441\u043e\u0432, \u0442\u043e\u043d\u0438\u043a\u043e\u0432 \u0438 bubble tea \u043e\u0442 \u0438\u043c\u0435\u043d\u0438\u0442\u044b\u0445 \u043f\u0440\u043e\u0438\u0437\u0432\u043e\u0434\u0438\u0442\u0435\u043b\u0435\u0439.\",\"publisher\":{\"@id\":\"https:\/\/gbb.md\/#organization\"},\"alternateName\":\"Global Bar Beverages\",\"potentialAction\":[{\"@type\":\"SearchAction\",\"target\":{\"@type\":\"EntryPoint\",\"urlTemplate\":\"https:\/\/gbb.md\/?s={search_term_string}\"},\"query-input\":\"required name=search_term_string\"}],\"inLanguage\":\"ru-RU\"},{\"@type\":\"Organization\",\"@id\":\"https:\/\/gbb.md\/#organization\",\"name\":\"GBB\",\"alternateName\":\"Global Bar Beverages\",\"url\":\"https:\/\/gbb.md\/\",\"logo\":{\"@type\":\"ImageObject\",\"inLanguage\":\"ru-RU\",\"@id\":\"https:\/\/gbb.md\/#\/schema\/logo\/image\/\",\"url\":\"https:\/\/gbb.md\/wp-content\/uploads\/2024\/01\/android-chrome-512x512-1.png\",\"contentUrl\":\"https:\/\/gbb.md\/wp-content\/uploads\/2024\/01\/android-chrome-512x512-1.png\",\"width\":512,\"height\":512,\"caption\":\"GBB\"},\"image\":{\"@id\":\"https:\/\/gbb.md\/#\/schema\/logo\/image\/\"},\"sameAs\":[\"https:\/\/www.facebook.com\/profile.php?id=61555243232370\"]}]}<\/script>\n<!-- \/ Yoast SEO plugin. -->","yoast_head_json":{"title":"Drumshanbo Gunpowder Irish Gin 43,0 % | Global Bar Beverages","robots":{"index":"index","follow":"follow","max-snippet":"max-snippet:-1","max-image-preview":"max-image-preview:large","max-video-preview":"max-video-preview:-1"},"canonical":"https:\/\/gbb.md\/ru\/product\/drumshanbo-gunpowder-irish-gin-430\/","og_locale":"ru_RU","og_type":"article","og_title":"Drumshanbo Gunpowder Irish Gin 43,0 % | Global Bar Beverages","og_description":"Cantinatea: 0.7L Con\u021b. de alc.: 43,0 %","og_url":"https:\/\/gbb.md\/ru\/product\/drumshanbo-gunpowder-irish-gin-430\/","og_site_name":"Global Bar Beverages","article_publisher":"https:\/\/www.facebook.com\/profile.php?id=61555243232370","article_modified_time":"2025-12-15T11:20:08+00:00","og_image":[{"width":1000,"height":1000,"url":"https:\/\/gbb.md\/wp-content\/uploads\/2025\/05\/Drumshanbo-Gunpowder-Irish-Gin.jpg","type":"image\/jpeg"}],"twitter_card":"summary_large_image","twitter_misc":{"\u041f\u0440\u0438\u043c\u0435\u0440\u043d\u043e\u0435 \u0432\u0440\u0435\u043c\u044f \u0434\u043b\u044f \u0447\u0442\u0435\u043d\u0438\u044f":"2 \u043c\u0438\u043d\u0443\u0442\u044b"},"schema":{"@context":"https:\/\/schema.org","@graph":[{"@type":"WebPage","@id":"https:\/\/gbb.md\/product\/drumshanbo-gunpowder-irish-gin-430\/","url":"https:\/\/gbb.md\/product\/drumshanbo-gunpowder-irish-gin-430\/","name":"Drumshanbo Gunpowder Irish Gin 43,0 % | Global Bar Beverages","isPartOf":{"@id":"https:\/\/gbb.md\/#website"},"datePublished":"2025-05-28T09:01:59+00:00","dateModified":"2025-12-15T11:20:08+00:00","breadcrumb":{"@id":"https:\/\/gbb.md\/product\/drumshanbo-gunpowder-irish-gin-430\/#breadcrumb"},"inLanguage":"ru-RU","potentialAction":[{"@type":"ReadAction","target":["https:\/\/gbb.md\/product\/drumshanbo-gunpowder-irish-gin-430\/"]}]},{"@type":"BreadcrumbList","@id":"https:\/\/gbb.md\/product\/drumshanbo-gunpowder-irish-gin-430\/#breadcrumb","itemListElement":[{"@type":"ListItem","position":1,"name":"\u0413\u043b\u0430\u0432\u043d\u0430\u044f \u0441\u0442\u0440\u0430\u043d\u0438\u0446\u0430","item":"https:\/\/gbb.md\/"},{"@type":"ListItem","position":2,"name":"Produse","item":"https:\/\/gbb.md\/shop\/"},{"@type":"ListItem","position":3,"name":"Drumshanbo Gunpowder Irish Gin 43,0 %"}]},{"@type":"WebSite","@id":"https:\/\/gbb.md\/#website","url":"https:\/\/gbb.md\/","name":"GBB","description":"\u042d\u0442\u043e \u043c\u043e\u043b\u043e\u0434\u0430\u044f \u0431\u044b\u0441\u0442\u0440\u043e\u0440\u0430\u0441\u0442\u0443\u0449\u0430\u044f \u043a\u043e\u043c\u043f\u0430\u043d\u0438\u044f, \u0441\u0442\u0430\u0432\u0448\u0430\u044f \u043a\u0440\u0443\u043f\u043d\u0435\u0439\u0448\u0438\u043c \u0432 \u041c\u043e\u043b\u0434\u043e\u0432\u0435 \u043f\u043e\u0441\u0442\u0430\u0432\u0449\u0438\u043a\u043e\u043c \u0441\u0438\u0440\u043e\u043f\u043e\u0432 \u0438 \u043f\u044e\u0440\u0435 \u0434\u043b\u044f \u043d\u0430\u043f\u0438\u0442\u043a\u043e\u0432, \u0447\u0430\u044f, \u043a\u043e\u0444\u0435, \u0441\u043e\u0443\u0441\u043e\u0432, \u0442\u043e\u043d\u0438\u043a\u043e\u0432 \u0438 bubble tea \u043e\u0442 \u0438\u043c\u0435\u043d\u0438\u0442\u044b\u0445 \u043f\u0440\u043e\u0438\u0437\u0432\u043e\u0434\u0438\u0442\u0435\u043b\u0435\u0439.","publisher":{"@id":"https:\/\/gbb.md\/#organization"},"alternateName":"Global Bar Beverages","potentialAction":[{"@type":"SearchAction","target":{"@type":"EntryPoint","urlTemplate":"https:\/\/gbb.md\/?s={search_term_string}"},"query-input":"required name=search_term_string"}],"inLanguage":"ru-RU"},{"@type":"Organization","@id":"https:\/\/gbb.md\/#organization","name":"GBB","alternateName":"Global Bar Beverages","url":"https:\/\/gbb.md\/","logo":{"@type":"ImageObject","inLanguage":"ru-RU","@id":"https:\/\/gbb.md\/#\/schema\/logo\/image\/","url":"https:\/\/gbb.md\/wp-content\/uploads\/2024\/01\/android-chrome-512x512-1.png","contentUrl":"https:\/\/gbb.md\/wp-content\/uploads\/2024\/01\/android-chrome-512x512-1.png","width":512,"height":512,"caption":"GBB"},"image":{"@id":"https:\/\/gbb.md\/#\/schema\/logo\/image\/"},"sameAs":["https:\/\/www.facebook.com\/profile.php?id=61555243232370"]}]}},"_links":{"self":[{"href":"https:\/\/gbb.md\/ru\/wp-json\/wp\/v2\/product\/10310"}],"collection":[{"href":"https:\/\/gbb.md\/ru\/wp-json\/wp\/v2\/product"}],"about":[{"href":"https:\/\/gbb.md\/ru\/wp-json\/wp\/v2\/types\/product"}],"replies":[{"embeddable":true,"href":"https:\/\/gbb.md\/ru\/wp-json\/wp\/v2\/comments?post=10310"}],"wp:featuredmedia":[{"embeddable":true,"href":"https:\/\/gbb.md\/ru\/wp-json\/wp\/v2\/media\/10312"}],"wp:attachment":[{"href":"https:\/\/gbb.md\/ru\/wp-json\/wp\/v2\/media?parent=10310"}],"wp:term":[{"taxonomy":"product_cat","embeddable":true,"href":"https:\/\/gbb.md\/ru\/wp-json\/wp\/v2\/product_cat?post=10310"},{"taxonomy":"product_tag","embeddable":true,"href":"https:\/\/gbb.md\/ru\/wp-json\/wp\/v2\/product_tag?post=10310"}],"curies":[{"name":"wp","href":"https:\/\/api.w.org\/{rel}","templated":true}]}}