{"id":10317,"date":"2025-05-28T12:20:20","date_gmt":"2025-05-28T09:20:20","guid":{"rendered":"https:\/\/gbb.md\/?post_type=product&#038;p=10317"},"modified":"2026-04-09T11:24:41","modified_gmt":"2026-04-09T08:24:41","slug":"torabhaig-allt-gleann-batch-strength-611","status":"publish","type":"product","link":"https:\/\/gbb.md\/ru\/product\/torabhaig-allt-gleann-batch-strength-611\/","title":{"rendered":"Torabhaig Allt Gleann Batch Strength 61,1%"},"content":{"rendered":"<div id=\"fws_6a048a6bc3146\"  data-midnight=\"dark\" data-top-percent=\"-30%\"  data-bg-mobile-hidden=\"\" class=\"wpb_row vc_row-fluid vc_row top-level  vc_row-o-equal-height vc_row-flex  vc_row-o-content-middle standard_section\"  style=\"padding-top: calc(100vw * 0.0-30); padding-bottom: 0px;  z-index: 100;\"><div class=\"row-bg-wrap\"><div class=\"inner-wrap\"><div class=\"row-bg\"  style=\"\"><\/div><\/div><div class=\"row-bg-overlay\" ><\/div><\/div><div class=\"col span_12 dark left\">\n\t<div style=\"margin-top: -190px; \" class=\"vc_col-sm-12 wpb_column column_container vc_column_container col neg-marg no-extra-padding\"  data-t-w-inherits=\"default\" data-border-radius=\"none\" data-shadow=\"none\" data-border-animation=\"\" data-border-animation-delay=\"\" data-border-width=\"none\" data-border-style=\"solid\" data-border-color=\"\" data-bg-cover=\"\" data-padding-pos=\"all\" data-has-bg-color=\"false\" data-bg-color=\"\" data-bg-opacity=\"1\" data-hover-bg=\"\" data-hover-bg-opacity=\"1\" data-animation=\"\" data-delay=\"0\"><div class=\"column-bg-overlay\"><\/div>\n\t\t<div class=\"vc_column-inner\">\n\t\t\t<div class=\"wpb_wrapper\">\n\t\t\t\t<div class=\"divider-wrap\" data-alignment=\"default\"><div style=\"height: 70px;\" class=\"divider\"><\/div><\/div><div id=\"ultimate-heading-30246a048a6bc33a3\" class=\"uvc-heading ult-adjust-bottom-margin ultimate-heading-30246a048a6bc33a3 uvc-2526\" data-hspacer=\"no_spacer\"  data-halign=\"left\" style=\"text-align:left\"><div class=\"uvc-heading-spacer no_spacer\" style=\"top\"><\/div><div class=\"uvc-main-heading ult-responsive\"  data-ultimate-target='.uvc-heading.ultimate-heading-30246a048a6bc33a3 h2'  data-responsive-json-new='{\"font-size\":\"desktop:28px;\",\"line-height\":\"\"}' ><h2 style=\"font-weight:bold;color:#7a5500;\">Torabhaig Allt Gleann Batch Strength 61,1%<\/h2><\/div><div class=\"uvc-sub-heading ult-responsive\"  data-ultimate-target='.uvc-heading.ultimate-heading-30246a048a6bc33a3 .uvc-sub-heading '  data-responsive-json-new='{\"font-size\":\"desktop:18px;\",\"line-height\":\"\"}'  style=\"font-weight:normal;\">\n<p data-start=\"0\" data-end=\"112\"><span class=\"relative -mx-px my-&#091;-0.2rem&#093; rounded px-px py-&#091;0.2rem&#093; transition-colors duration-100 ease-in-out\"><strong data-start=\"0\" data-end=\"40\" data-is-only-node=\"\">Torabhaig Allt Gleann Batch Strength<\/strong> este o edi\u021bie limitat\u0103 de single malt sco\u021bian, parte din seria <em data-start=\"104\" data-end=\"112\">Legacy<\/em> a distileriei Torabhaig, situat\u0103 pe insula Skye.<\/span> <span class=\"relative -mx-px my-&#091;-0.2rem&#093; rounded px-px py-&#091;0.2rem&#093; transition-colors duration-100 ease-in-out\">Aceast\u0103 expresie este \u00eembuteliat\u0103 la t\u0103rie de butoi (61,1% ABV) \u0219i eviden\u021biaz\u0103 caracterul intens \u0219i afumat al distileriei, oferind o experien\u021b\u0103 robust\u0103 \u0219i complex\u0103 pentru iubitorii de whisky<\/span><\/p>\n<h3 data-start=\"119\" data-end=\"143\">Despre distilerie<\/h3>\n<p data-start=\"145\" data-end=\"381\"><span class=\"relative -mx-px my-&#091;-0.2rem&#093; rounded px-px py-&#091;0.2rem&#093; transition-colors duration-100 ease-in-out\">Torabhaig este a doua distilerie legal\u0103 de pe insula Skye, \u00eenfiin\u021bat\u0103 \u00een 2017 de c\u0103tre Mossburn Distillers.<\/span> <span class=\"relative -mx-px my-&#091;-0.2rem&#093; rounded px-px py-&#091;0.2rem&#093; transition-colors duration-100 ease-in-out\">Distileria utilizeaz\u0103 metode tradi\u021bionale de produc\u021bie, inclusiv fermentarea \u00een vase de lemn \u0219i distilarea \u00een alambicuri de cupru.<\/span> <span class=\"relative -mx-px my-&#091;-0.2rem&#093; rounded px-px py-&#091;0.2rem&#093; transition-colors duration-100 ease-in-out\">Apa folosit\u0103 provine din izvoarele locale Allt Gleann Thorabhaig \u0219i Allt Breacach.<\/span> <span class=\"relative -mx-px my-&#091;-0.2rem&#093; rounded px-px py-&#091;0.2rem&#093; transition-colors duration-100 ease-in-out\">Capacitatea anual\u0103 de produc\u021bie este de aproximativ 500.000 de litri de alcool pur.<\/span><\/p>\n<\/div><\/div><div class=\"divider-wrap\" data-alignment=\"default\"><div style=\"height: 25px;\" class=\"divider\"><\/div><\/div>\n\t\t\t<\/div> \n\t\t<\/div>\n\t<\/div> \n<\/div><\/div>\n\t\t<div id=\"fws_6a048a6bc3726\"  data-midnight=\"dark\"  data-bg-mobile-hidden=\"\" class=\"wpb_row vc_row-fluid vc_row standard_section\"  style=\"padding-top: 0px; padding-bottom: 0px; \"><div class=\"row-bg-wrap\"><div class=\"inner-wrap\"><div class=\"row-bg\"  style=\"\"><\/div><\/div><div class=\"row-bg-overlay\" ><\/div><\/div><div class=\"col span_12 dark left\">\n\t<div  class=\"vc_col-sm-12 wpb_column column_container vc_column_container col no-extra-padding\"  data-t-w-inherits=\"default\" data-border-radius=\"none\" data-shadow=\"none\" data-border-animation=\"\" data-border-animation-delay=\"\" data-border-width=\"none\" data-border-style=\"solid\" data-border-color=\"\" data-bg-cover=\"\" data-padding-pos=\"all\" data-has-bg-color=\"false\" data-bg-color=\"\" data-bg-opacity=\"1\" data-hover-bg=\"\" data-hover-bg-opacity=\"1\" data-animation=\"\" data-delay=\"0\"><div class=\"column-bg-overlay\"><\/div>\n\t\t<div class=\"vc_column-inner\">\n\t\t\t<div class=\"wpb_wrapper\">\n\t\t\t\t<div class=\"divider-wrap\" data-alignment=\"default\"><div style=\"height: 100px;\" class=\"divider\"><\/div><\/div>\n\t\t\t<\/div> \n\t\t<\/div>\n\t<\/div> \n<\/div><\/div>","protected":false},"excerpt":{"rendered":"<p>Art 251001<br \/>\nABV: 61,1%<br \/>\nVolum: 700 ml<br \/>\nTip: Single Malt Scotch Whisky<br \/>\nMaturare: 80% \u00een butoaie de bourbon de prim\u0103 umplere \u0219i 20% \u00een butoaie de whisky reutilizate<br \/>\nOrz: Concerto \u0219i Laureate, afumat la un nivel de 78 ppm<br \/>\nFiltrare la rece: Nu<br \/>\nColorare artificial\u0103: Nu<\/p>","protected":false},"featured_media":10319,"comment_status":"open","ping_status":"closed","template":"","meta":[],"product_cat":[405,404,408,391],"product_tag":[],"yoast_head":"<!-- This site is optimized with the Yoast SEO plugin v20.10 - https:\/\/yoast.com\/wordpress\/plugins\/seo\/ -->\n<title>Torabhaig Allt Gleann Batch Strength 61,1% | Global Bar Beverages<\/title>\n<meta name=\"robots\" content=\"index, follow, max-snippet:-1, max-image-preview:large, max-video-preview:-1\" \/>\n<link rel=\"canonical\" href=\"https:\/\/gbb.md\/ru\/product\/torabhaig-allt-gleann-batch-strength-611\/\" \/>\n<meta property=\"og:locale\" content=\"ru_RU\" \/>\n<meta property=\"og:type\" content=\"article\" \/>\n<meta property=\"og:title\" content=\"Torabhaig Allt Gleann Batch Strength 61,1% | Global Bar Beverages\" \/>\n<meta property=\"og:description\" content=\"Art 251001 ABV: 61,1% Volum: 700 ml Tip: Single Malt Scotch Whisky Maturare: 80% \u00een butoaie de bourbon de prim\u0103 umplere \u0219i 20% \u00een butoaie de whisky reutilizate Orz: Concerto \u0219i Laureate, afumat la un nivel de 78 ppm Filtrare la rece: Nu Colorare artificial\u0103: Nu\" \/>\n<meta property=\"og:url\" content=\"https:\/\/gbb.md\/ru\/product\/torabhaig-allt-gleann-batch-strength-611\/\" \/>\n<meta property=\"og:site_name\" content=\"Global Bar Beverages\" \/>\n<meta property=\"article:publisher\" content=\"https:\/\/www.facebook.com\/profile.php?id=61555243232370\" \/>\n<meta property=\"article:modified_time\" content=\"2026-04-09T08:24:41+00:00\" \/>\n<meta property=\"og:image\" content=\"https:\/\/gbb.md\/wp-content\/uploads\/2025\/05\/234243.png\" \/>\n\t<meta property=\"og:image:width\" content=\"1000\" \/>\n\t<meta property=\"og:image:height\" content=\"1000\" \/>\n\t<meta property=\"og:image:type\" content=\"image\/png\" \/>\n<meta name=\"twitter:card\" content=\"summary_large_image\" \/>\n<meta name=\"twitter:label1\" content=\"\u041f\u0440\u0438\u043c\u0435\u0440\u043d\u043e\u0435 \u0432\u0440\u0435\u043c\u044f \u0434\u043b\u044f \u0447\u0442\u0435\u043d\u0438\u044f\" \/>\n\t<meta name=\"twitter:data1\" content=\"1 \u043c\u0438\u043d\u0443\u0442\u0430\" \/>\n<script type=\"application\/ld+json\" class=\"yoast-schema-graph\">{\"@context\":\"https:\/\/schema.org\",\"@graph\":[{\"@type\":\"WebPage\",\"@id\":\"https:\/\/gbb.md\/product\/torabhaig-allt-gleann-batch-strength-611\/\",\"url\":\"https:\/\/gbb.md\/product\/torabhaig-allt-gleann-batch-strength-611\/\",\"name\":\"Torabhaig Allt Gleann Batch Strength 61,1% | Global Bar Beverages\",\"isPartOf\":{\"@id\":\"https:\/\/gbb.md\/#website\"},\"datePublished\":\"2025-05-28T09:20:20+00:00\",\"dateModified\":\"2026-04-09T08:24:41+00:00\",\"breadcrumb\":{\"@id\":\"https:\/\/gbb.md\/product\/torabhaig-allt-gleann-batch-strength-611\/#breadcrumb\"},\"inLanguage\":\"ru-RU\",\"potentialAction\":[{\"@type\":\"ReadAction\",\"target\":[\"https:\/\/gbb.md\/product\/torabhaig-allt-gleann-batch-strength-611\/\"]}]},{\"@type\":\"BreadcrumbList\",\"@id\":\"https:\/\/gbb.md\/product\/torabhaig-allt-gleann-batch-strength-611\/#breadcrumb\",\"itemListElement\":[{\"@type\":\"ListItem\",\"position\":1,\"name\":\"\u0413\u043b\u0430\u0432\u043d\u0430\u044f \u0441\u0442\u0440\u0430\u043d\u0438\u0446\u0430\",\"item\":\"https:\/\/gbb.md\/\"},{\"@type\":\"ListItem\",\"position\":2,\"name\":\"Produse\",\"item\":\"https:\/\/gbb.md\/shop\/\"},{\"@type\":\"ListItem\",\"position\":3,\"name\":\"Torabhaig Allt Gleann Batch Strength 61,1%\"}]},{\"@type\":\"WebSite\",\"@id\":\"https:\/\/gbb.md\/#website\",\"url\":\"https:\/\/gbb.md\/\",\"name\":\"GBB\",\"description\":\"\u042d\u0442\u043e \u043c\u043e\u043b\u043e\u0434\u0430\u044f \u0431\u044b\u0441\u0442\u0440\u043e\u0440\u0430\u0441\u0442\u0443\u0449\u0430\u044f \u043a\u043e\u043c\u043f\u0430\u043d\u0438\u044f, \u0441\u0442\u0430\u0432\u0448\u0430\u044f \u043a\u0440\u0443\u043f\u043d\u0435\u0439\u0448\u0438\u043c \u0432 \u041c\u043e\u043b\u0434\u043e\u0432\u0435 \u043f\u043e\u0441\u0442\u0430\u0432\u0449\u0438\u043a\u043e\u043c \u0441\u0438\u0440\u043e\u043f\u043e\u0432 \u0438 \u043f\u044e\u0440\u0435 \u0434\u043b\u044f \u043d\u0430\u043f\u0438\u0442\u043a\u043e\u0432, \u0447\u0430\u044f, \u043a\u043e\u0444\u0435, \u0441\u043e\u0443\u0441\u043e\u0432, \u0442\u043e\u043d\u0438\u043a\u043e\u0432 \u0438 bubble tea \u043e\u0442 \u0438\u043c\u0435\u043d\u0438\u0442\u044b\u0445 \u043f\u0440\u043e\u0438\u0437\u0432\u043e\u0434\u0438\u0442\u0435\u043b\u0435\u0439.\",\"publisher\":{\"@id\":\"https:\/\/gbb.md\/#organization\"},\"alternateName\":\"Global Bar Beverages\",\"potentialAction\":[{\"@type\":\"SearchAction\",\"target\":{\"@type\":\"EntryPoint\",\"urlTemplate\":\"https:\/\/gbb.md\/?s={search_term_string}\"},\"query-input\":\"required name=search_term_string\"}],\"inLanguage\":\"ru-RU\"},{\"@type\":\"Organization\",\"@id\":\"https:\/\/gbb.md\/#organization\",\"name\":\"GBB\",\"alternateName\":\"Global Bar Beverages\",\"url\":\"https:\/\/gbb.md\/\",\"logo\":{\"@type\":\"ImageObject\",\"inLanguage\":\"ru-RU\",\"@id\":\"https:\/\/gbb.md\/#\/schema\/logo\/image\/\",\"url\":\"https:\/\/gbb.md\/wp-content\/uploads\/2024\/01\/android-chrome-512x512-1.png\",\"contentUrl\":\"https:\/\/gbb.md\/wp-content\/uploads\/2024\/01\/android-chrome-512x512-1.png\",\"width\":512,\"height\":512,\"caption\":\"GBB\"},\"image\":{\"@id\":\"https:\/\/gbb.md\/#\/schema\/logo\/image\/\"},\"sameAs\":[\"https:\/\/www.facebook.com\/profile.php?id=61555243232370\"]}]}<\/script>\n<!-- \/ Yoast SEO plugin. -->","yoast_head_json":{"title":"Torabhaig Allt Gleann Batch Strength 61,1% | Global Bar Beverages","robots":{"index":"index","follow":"follow","max-snippet":"max-snippet:-1","max-image-preview":"max-image-preview:large","max-video-preview":"max-video-preview:-1"},"canonical":"https:\/\/gbb.md\/ru\/product\/torabhaig-allt-gleann-batch-strength-611\/","og_locale":"ru_RU","og_type":"article","og_title":"Torabhaig Allt Gleann Batch Strength 61,1% | Global Bar Beverages","og_description":"Art 251001 ABV: 61,1% Volum: 700 ml Tip: Single Malt Scotch Whisky Maturare: 80% \u00een butoaie de bourbon de prim\u0103 umplere \u0219i 20% \u00een butoaie de whisky reutilizate Orz: Concerto \u0219i Laureate, afumat la un nivel de 78 ppm Filtrare la rece: Nu Colorare artificial\u0103: Nu","og_url":"https:\/\/gbb.md\/ru\/product\/torabhaig-allt-gleann-batch-strength-611\/","og_site_name":"Global Bar Beverages","article_publisher":"https:\/\/www.facebook.com\/profile.php?id=61555243232370","article_modified_time":"2026-04-09T08:24:41+00:00","og_image":[{"width":1000,"height":1000,"url":"https:\/\/gbb.md\/wp-content\/uploads\/2025\/05\/234243.png","type":"image\/png"}],"twitter_card":"summary_large_image","twitter_misc":{"\u041f\u0440\u0438\u043c\u0435\u0440\u043d\u043e\u0435 \u0432\u0440\u0435\u043c\u044f \u0434\u043b\u044f \u0447\u0442\u0435\u043d\u0438\u044f":"1 \u043c\u0438\u043d\u0443\u0442\u0430"},"schema":{"@context":"https:\/\/schema.org","@graph":[{"@type":"WebPage","@id":"https:\/\/gbb.md\/product\/torabhaig-allt-gleann-batch-strength-611\/","url":"https:\/\/gbb.md\/product\/torabhaig-allt-gleann-batch-strength-611\/","name":"Torabhaig Allt Gleann Batch Strength 61,1% | Global Bar Beverages","isPartOf":{"@id":"https:\/\/gbb.md\/#website"},"datePublished":"2025-05-28T09:20:20+00:00","dateModified":"2026-04-09T08:24:41+00:00","breadcrumb":{"@id":"https:\/\/gbb.md\/product\/torabhaig-allt-gleann-batch-strength-611\/#breadcrumb"},"inLanguage":"ru-RU","potentialAction":[{"@type":"ReadAction","target":["https:\/\/gbb.md\/product\/torabhaig-allt-gleann-batch-strength-611\/"]}]},{"@type":"BreadcrumbList","@id":"https:\/\/gbb.md\/product\/torabhaig-allt-gleann-batch-strength-611\/#breadcrumb","itemListElement":[{"@type":"ListItem","position":1,"name":"\u0413\u043b\u0430\u0432\u043d\u0430\u044f \u0441\u0442\u0440\u0430\u043d\u0438\u0446\u0430","item":"https:\/\/gbb.md\/"},{"@type":"ListItem","position":2,"name":"Produse","item":"https:\/\/gbb.md\/shop\/"},{"@type":"ListItem","position":3,"name":"Torabhaig Allt Gleann Batch Strength 61,1%"}]},{"@type":"WebSite","@id":"https:\/\/gbb.md\/#website","url":"https:\/\/gbb.md\/","name":"GBB","description":"\u042d\u0442\u043e \u043c\u043e\u043b\u043e\u0434\u0430\u044f \u0431\u044b\u0441\u0442\u0440\u043e\u0440\u0430\u0441\u0442\u0443\u0449\u0430\u044f \u043a\u043e\u043c\u043f\u0430\u043d\u0438\u044f, \u0441\u0442\u0430\u0432\u0448\u0430\u044f \u043a\u0440\u0443\u043f\u043d\u0435\u0439\u0448\u0438\u043c \u0432 \u041c\u043e\u043b\u0434\u043e\u0432\u0435 \u043f\u043e\u0441\u0442\u0430\u0432\u0449\u0438\u043a\u043e\u043c \u0441\u0438\u0440\u043e\u043f\u043e\u0432 \u0438 \u043f\u044e\u0440\u0435 \u0434\u043b\u044f \u043d\u0430\u043f\u0438\u0442\u043a\u043e\u0432, \u0447\u0430\u044f, \u043a\u043e\u0444\u0435, \u0441\u043e\u0443\u0441\u043e\u0432, \u0442\u043e\u043d\u0438\u043a\u043e\u0432 \u0438 bubble tea \u043e\u0442 \u0438\u043c\u0435\u043d\u0438\u0442\u044b\u0445 \u043f\u0440\u043e\u0438\u0437\u0432\u043e\u0434\u0438\u0442\u0435\u043b\u0435\u0439.","publisher":{"@id":"https:\/\/gbb.md\/#organization"},"alternateName":"Global Bar Beverages","potentialAction":[{"@type":"SearchAction","target":{"@type":"EntryPoint","urlTemplate":"https:\/\/gbb.md\/?s={search_term_string}"},"query-input":"required name=search_term_string"}],"inLanguage":"ru-RU"},{"@type":"Organization","@id":"https:\/\/gbb.md\/#organization","name":"GBB","alternateName":"Global Bar Beverages","url":"https:\/\/gbb.md\/","logo":{"@type":"ImageObject","inLanguage":"ru-RU","@id":"https:\/\/gbb.md\/#\/schema\/logo\/image\/","url":"https:\/\/gbb.md\/wp-content\/uploads\/2024\/01\/android-chrome-512x512-1.png","contentUrl":"https:\/\/gbb.md\/wp-content\/uploads\/2024\/01\/android-chrome-512x512-1.png","width":512,"height":512,"caption":"GBB"},"image":{"@id":"https:\/\/gbb.md\/#\/schema\/logo\/image\/"},"sameAs":["https:\/\/www.facebook.com\/profile.php?id=61555243232370"]}]}},"_links":{"self":[{"href":"https:\/\/gbb.md\/ru\/wp-json\/wp\/v2\/product\/10317"}],"collection":[{"href":"https:\/\/gbb.md\/ru\/wp-json\/wp\/v2\/product"}],"about":[{"href":"https:\/\/gbb.md\/ru\/wp-json\/wp\/v2\/types\/product"}],"replies":[{"embeddable":true,"href":"https:\/\/gbb.md\/ru\/wp-json\/wp\/v2\/comments?post=10317"}],"wp:featuredmedia":[{"embeddable":true,"href":"https:\/\/gbb.md\/ru\/wp-json\/wp\/v2\/media\/10319"}],"wp:attachment":[{"href":"https:\/\/gbb.md\/ru\/wp-json\/wp\/v2\/media?parent=10317"}],"wp:term":[{"taxonomy":"product_cat","embeddable":true,"href":"https:\/\/gbb.md\/ru\/wp-json\/wp\/v2\/product_cat?post=10317"},{"taxonomy":"product_tag","embeddable":true,"href":"https:\/\/gbb.md\/ru\/wp-json\/wp\/v2\/product_tag?post=10317"}],"curies":[{"name":"wp","href":"https:\/\/api.w.org\/{rel}","templated":true}]}}