{"id":10346,"date":"2025-05-28T17:52:45","date_gmt":"2025-05-28T14:52:45","guid":{"rendered":"https:\/\/gbb.md\/?post_type=product&#038;p=10346"},"modified":"2025-12-01T13:52:06","modified_gmt":"2025-12-01T11:52:06","slug":"camus-xo-borderies-signature-range-gift-box-40","status":"publish","type":"product","link":"https:\/\/gbb.md\/ru\/product\/camus-xo-borderies-signature-range-gift-box-40\/","title":{"rendered":"Camus XO Borderies Signature Range, Gift Box 40%"},"content":{"rendered":"<div id=\"fws_69e34b09a09ea\"  data-midnight=\"dark\" data-top-percent=\"-30%\"  data-bg-mobile-hidden=\"\" class=\"wpb_row vc_row-fluid vc_row top-level  vc_row-o-equal-height vc_row-flex  vc_row-o-content-middle standard_section\"  style=\"padding-top: calc(100vw * 0.0-30); padding-bottom: 0px;  z-index: 100;\"><div class=\"row-bg-wrap\"><div class=\"inner-wrap\"><div class=\"row-bg\"  style=\"\"><\/div><\/div><div class=\"row-bg-overlay\" ><\/div><\/div><div class=\"col span_12 dark left\">\n\t<div style=\"margin-top: -190px; \" class=\"vc_col-sm-12 wpb_column column_container vc_column_container col neg-marg no-extra-padding\"  data-t-w-inherits=\"default\" data-border-radius=\"none\" data-shadow=\"none\" data-border-animation=\"\" data-border-animation-delay=\"\" data-border-width=\"none\" data-border-style=\"solid\" data-border-color=\"\" data-bg-cover=\"\" data-padding-pos=\"all\" data-has-bg-color=\"false\" data-bg-color=\"\" data-bg-opacity=\"1\" data-hover-bg=\"\" data-hover-bg-opacity=\"1\" data-animation=\"\" data-delay=\"0\"><div class=\"column-bg-overlay\"><\/div>\n\t\t<div class=\"vc_column-inner\">\n\t\t\t<div class=\"wpb_wrapper\">\n\t\t\t\t<div class=\"divider-wrap\" data-alignment=\"default\"><div style=\"height: 70px;\" class=\"divider\"><\/div><\/div><div id=\"ultimate-heading-999869e34b09a0c80\" class=\"uvc-heading ult-adjust-bottom-margin ultimate-heading-999869e34b09a0c80 uvc-8869\" data-hspacer=\"no_spacer\"  data-halign=\"left\" style=\"text-align:left\"><div class=\"uvc-heading-spacer no_spacer\" style=\"top\"><\/div><div class=\"uvc-main-heading ult-responsive\"  data-ultimate-target='.uvc-heading.ultimate-heading-999869e34b09a0c80 h2'  data-responsive-json-new='{\"font-size\":\"desktop:28px;\",\"line-height\":\"\"}' ><h2 style=\"font-weight:bold;color:#6d2400;\">Camus XO Borderies Signature Range, Gift Box 40%<\/h2><\/div><div class=\"uvc-sub-heading ult-responsive\"  data-ultimate-target='.uvc-heading.ultimate-heading-999869e34b09a0c80 .uvc-sub-heading '  data-responsive-json-new='{\"font-size\":\"desktop:18px;\",\"line-height\":\"\"}'  style=\"font-weight:normal;\"><span class=\"relative -mx-px my-&#091;-0.2rem&#093; rounded px-px py-&#091;0.2rem&#093; transition-colors duration-100 ease-in-out\"><strong data-start=\"0\" data-end=\"36\" data-is-only-node=\"\">Camus XO Borderies Single Estate<\/strong> este un coniac excep\u021bional din gama <em data-start=\"73\" data-end=\"90\">Signature Range<\/em>, prezentat \u00eentr-o cutie cadou elegant\u0103, ideal\u0103 pentru colec\u021bionari \u0219i cunosc\u0103tori.<\/span> <span class=\"relative -mx-px my-&#091;-0.2rem&#093; rounded px-px py-&#091;0.2rem&#093; transition-colors duration-100 ease-in-out\">Produs exclusiv din struguri cultiva\u021bi pe domeniul privat al familiei Camus \u00een regiunea Borderies \u2013 cea mai mic\u0103 \u0219i rar\u0103 zon\u0103 viticol\u0103 din Cognac \u2013 acest coniac reflect\u0103 tradi\u021bia \u0219i m\u0103iestria transmis\u0103 de-a lungul a cinci genera\u021bii.<\/span><\/p>\n<h3 data-start=\"589\" data-end=\"613\">Note de degustare<\/h3>\n<ul data-start=\"615\" data-end=\"850\">\n<li data-start=\"615\" data-end=\"705\">\n<p data-start=\"617\" data-end=\"705\"><strong data-start=\"617\" data-end=\"624\">Nas<\/strong>: <span class=\"relative -mx-px my-&#091;-0.2rem&#093; rounded px-px py-&#091;0.2rem&#093; transition-colors duration-100 ease-in-out\">Arome bogate \u0219i complexe, cu un echilibru perfect \u00eentre note florale \u0219i fructate, completate de accente de patiserie \u0219i vanilie<\/span><\/p>\n<\/li>\n<li data-start=\"706\" data-end=\"757\">\n<p data-start=\"708\" data-end=\"757\"><strong data-start=\"708\" data-end=\"716\">Gust<\/strong>: <span class=\"relative -mx-px my-&#091;-0.2rem&#093; rounded px-px py-&#091;0.2rem&#093; transition-colors duration-100 ease-in-out\">Textur\u0103 catifelat\u0103, cu arome intense de patiserie, note subtile de condimente, scor\u021bi\u0219oar\u0103 \u0219i fructe uscate<\/span><\/p>\n<\/li>\n<li data-start=\"758\" data-end=\"850\">\n<p data-start=\"760\" data-end=\"850\"><strong data-start=\"760\" data-end=\"770\">Finish<\/strong>: <span class=\"relative -mx-px my-&#091;-0.2rem&#093; rounded px-px py-&#091;0.2rem&#093; transition-colors duration-100 ease-in-out\">Note florale persistente, cu accente delicate de violete<\/span><\/p>\n<\/li>\n<\/ul>\n<\/div><\/div><div class=\"divider-wrap\" data-alignment=\"default\"><div style=\"height: 25px;\" class=\"divider\"><\/div><\/div>\n\t\t\t<\/div> \n\t\t<\/div>\n\t<\/div> \n<\/div><\/div>\n\t\t<div id=\"fws_69e34b09a1003\"  data-midnight=\"dark\"  data-bg-mobile-hidden=\"\" class=\"wpb_row vc_row-fluid vc_row standard_section\"  style=\"padding-top: 0px; padding-bottom: 0px; \"><div class=\"row-bg-wrap\"><div class=\"inner-wrap\"><div class=\"row-bg\"  style=\"\"><\/div><\/div><div class=\"row-bg-overlay\" ><\/div><\/div><div class=\"col span_12 dark left\">\n\t<div  class=\"vc_col-sm-12 wpb_column column_container vc_column_container col no-extra-padding\"  data-t-w-inherits=\"default\" data-border-radius=\"none\" data-shadow=\"none\" data-border-animation=\"\" data-border-animation-delay=\"\" data-border-width=\"none\" data-border-style=\"solid\" data-border-color=\"\" data-bg-cover=\"\" data-padding-pos=\"all\" data-has-bg-color=\"false\" data-bg-color=\"\" data-bg-opacity=\"1\" data-hover-bg=\"\" data-hover-bg-opacity=\"1\" data-animation=\"\" data-delay=\"0\"><div class=\"column-bg-overlay\"><\/div>\n\t\t<div class=\"vc_column-inner\">\n\t\t\t<div class=\"wpb_wrapper\">\n\t\t\t\t<div class=\"divider-wrap\" data-alignment=\"default\"><div style=\"height: 100px;\" class=\"divider\"><\/div><\/div>\n\t\t\t<\/div> \n\t\t<\/div>\n\t<\/div> \n<\/div><\/div>","protected":false},"excerpt":{"rendered":"<ul>\n<li data-start=\"150\" data-end=\"198\">\n<p data-start=\"152\" data-end=\"198\"><strong data-start=\"152\" data-end=\"159\">Tip<\/strong>: <span class=\"relative -mx-px my-[-0.2rem] rounded px-px py-[0.2rem] transition-colors duration-100 ease-in-out\">XO (Extra Old) Single Estate Cognac<\/span><\/p>\n<\/li>\n<li data-start=\"199\" data-end=\"216\">\n<p data-start=\"201\" data-end=\"216\"><strong data-start=\"201\" data-end=\"211\">Alcool<\/strong>: 40%<\/p>\n<\/li>\n<li data-start=\"217\" data-end=\"269\">\n<p data-start=\"219\" data-end=\"269\"><strong data-start=\"219\" data-end=\"228\">Volum<\/strong>: <span class=\"relative -mx-px my-[-0.2rem] rounded px-px py-[0.2rem] transition-colors duration-100 ease-in-out\">0.7L<\/span><\/p>\n<\/li>\n<li data-start=\"270\" data-end=\"325\">\n<p data-start=\"272\" data-end=\"325\"><strong data-start=\"272\" data-end=\"284\">Maturare<\/strong>: <span class=\"relative -mx-px my-[-0.2rem] rounded px-px py-[0.2rem] transition-colors duration-100 ease-in-out\">Minim 10 ani \u00een butoaie de stejar fran\u021buzesc cu granula\u021bie fin\u0103<\/span><\/p>\n<\/li>\n<li data-start=\"326\" data-end=\"391\">\n<p data-start=\"328\" data-end=\"391\"><strong data-start=\"328\" data-end=\"350\">Soiuri de struguri<\/strong>: <span class=\"relative -mx-px my-[-0.2rem] rounded px-px py-[0.2rem] transition-colors duration-100 ease-in-out\">Predominant Ugni Blanc, cu posibile prezen\u021be de Colombard \u0219i Folle Blanche<\/span><\/p>\n<\/li>\n<li data-start=\"392\" data-end=\"446\">\n<p data-start=\"394\" data-end=\"446\"><strong data-start=\"394\" data-end=\"405\">Origine<\/strong>: <span class=\"relative -mx-px my-[-0.2rem] rounded px-px py-[0.2rem] transition-colors duration-100 ease-in-out\">Regiunea Borderies, Fran\u021ba<\/span><\/p>\n<\/li>\n<li data-start=\"447\" data-end=\"582\">\n<p data-start=\"449\" data-end=\"582\"><strong data-start=\"449\" data-end=\"462\">Produc\u021bie<\/strong>: <span class=\"relative -mx-px my-[-0.2rem] rounded px-px py-[0.2rem] transition-colors duration-100 ease-in-out\">Fiecare parcel\u0103 este distilat\u0103 \u0219i maturat\u0103 separat, rezult\u00e2nd un blend unic \u0219i numerotat individual<\/span><\/p>\n<\/li>\n<\/ul>\n","protected":false},"featured_media":10347,"comment_status":"open","ping_status":"closed","template":"","meta":[],"product_cat":[405,441,404,442],"product_tag":[],"yoast_head":"<!-- This site is optimized with the Yoast SEO plugin v20.10 - https:\/\/yoast.com\/wordpress\/plugins\/seo\/ -->\n<title>Camus XO Borderies Signature Range, Gift Box 40% | Global Bar Beverages<\/title>\n<meta name=\"robots\" content=\"index, follow, max-snippet:-1, max-image-preview:large, max-video-preview:-1\" \/>\n<link rel=\"canonical\" href=\"https:\/\/gbb.md\/ru\/product\/camus-xo-borderies-signature-range-gift-box-40\/\" \/>\n<meta property=\"og:locale\" content=\"ru_RU\" \/>\n<meta property=\"og:type\" content=\"article\" \/>\n<meta property=\"og:title\" content=\"Camus XO Borderies Signature Range, Gift Box 40% | Global Bar Beverages\" \/>\n<meta property=\"og:description\" content=\"Tip: XO (Extra Old) Single Estate Cognac    Alcool: 40%    Volum: 0.7L    Maturare: Minim 10 ani \u00een butoaie de stejar fran\u021buzesc cu granula\u021bie fin\u0103    Soiuri de struguri: Predominant Ugni Blanc, cu posibile prezen\u021be de Colombard \u0219i Folle Blanche    Origine: Regiunea Borderies, Fran\u021ba    Produc\u021bie: Fiecare parcel\u0103 este distilat\u0103 \u0219i maturat\u0103 separat, rezult\u00e2nd un blend unic \u0219i numerotat individual\" \/>\n<meta property=\"og:url\" content=\"https:\/\/gbb.md\/ru\/product\/camus-xo-borderies-signature-range-gift-box-40\/\" \/>\n<meta property=\"og:site_name\" content=\"Global Bar Beverages\" \/>\n<meta property=\"article:publisher\" content=\"https:\/\/www.facebook.com\/profile.php?id=61555243232370\" \/>\n<meta property=\"article:modified_time\" content=\"2025-12-01T11:52:06+00:00\" \/>\n<meta property=\"og:image\" content=\"https:\/\/gbb.md\/wp-content\/uploads\/2025\/05\/234243-4.png\" \/>\n\t<meta property=\"og:image:width\" content=\"1000\" \/>\n\t<meta property=\"og:image:height\" content=\"1000\" \/>\n\t<meta property=\"og:image:type\" content=\"image\/png\" \/>\n<meta name=\"twitter:card\" content=\"summary_large_image\" \/>\n<meta name=\"twitter:label1\" content=\"\u041f\u0440\u0438\u043c\u0435\u0440\u043d\u043e\u0435 \u0432\u0440\u0435\u043c\u044f \u0434\u043b\u044f \u0447\u0442\u0435\u043d\u0438\u044f\" \/>\n\t<meta name=\"twitter:data1\" content=\"1 \u043c\u0438\u043d\u0443\u0442\u0430\" \/>\n<script type=\"application\/ld+json\" class=\"yoast-schema-graph\">{\"@context\":\"https:\/\/schema.org\",\"@graph\":[{\"@type\":\"WebPage\",\"@id\":\"https:\/\/gbb.md\/product\/camus-xo-borderies-signature-range-gift-box-40\/\",\"url\":\"https:\/\/gbb.md\/product\/camus-xo-borderies-signature-range-gift-box-40\/\",\"name\":\"Camus XO Borderies Signature Range, Gift Box 40% | Global Bar Beverages\",\"isPartOf\":{\"@id\":\"https:\/\/gbb.md\/#website\"},\"datePublished\":\"2025-05-28T14:52:45+00:00\",\"dateModified\":\"2025-12-01T11:52:06+00:00\",\"breadcrumb\":{\"@id\":\"https:\/\/gbb.md\/product\/camus-xo-borderies-signature-range-gift-box-40\/#breadcrumb\"},\"inLanguage\":\"ru-RU\",\"potentialAction\":[{\"@type\":\"ReadAction\",\"target\":[\"https:\/\/gbb.md\/product\/camus-xo-borderies-signature-range-gift-box-40\/\"]}]},{\"@type\":\"BreadcrumbList\",\"@id\":\"https:\/\/gbb.md\/product\/camus-xo-borderies-signature-range-gift-box-40\/#breadcrumb\",\"itemListElement\":[{\"@type\":\"ListItem\",\"position\":1,\"name\":\"\u0413\u043b\u0430\u0432\u043d\u0430\u044f \u0441\u0442\u0440\u0430\u043d\u0438\u0446\u0430\",\"item\":\"https:\/\/gbb.md\/\"},{\"@type\":\"ListItem\",\"position\":2,\"name\":\"Produse\",\"item\":\"https:\/\/gbb.md\/shop\/\"},{\"@type\":\"ListItem\",\"position\":3,\"name\":\"Camus XO Borderies Signature Range, Gift Box 40%\"}]},{\"@type\":\"WebSite\",\"@id\":\"https:\/\/gbb.md\/#website\",\"url\":\"https:\/\/gbb.md\/\",\"name\":\"GBB\",\"description\":\"\u042d\u0442\u043e \u043c\u043e\u043b\u043e\u0434\u0430\u044f \u0431\u044b\u0441\u0442\u0440\u043e\u0440\u0430\u0441\u0442\u0443\u0449\u0430\u044f \u043a\u043e\u043c\u043f\u0430\u043d\u0438\u044f, \u0441\u0442\u0430\u0432\u0448\u0430\u044f \u043a\u0440\u0443\u043f\u043d\u0435\u0439\u0448\u0438\u043c \u0432 \u041c\u043e\u043b\u0434\u043e\u0432\u0435 \u043f\u043e\u0441\u0442\u0430\u0432\u0449\u0438\u043a\u043e\u043c \u0441\u0438\u0440\u043e\u043f\u043e\u0432 \u0438 \u043f\u044e\u0440\u0435 \u0434\u043b\u044f \u043d\u0430\u043f\u0438\u0442\u043a\u043e\u0432, \u0447\u0430\u044f, \u043a\u043e\u0444\u0435, \u0441\u043e\u0443\u0441\u043e\u0432, \u0442\u043e\u043d\u0438\u043a\u043e\u0432 \u0438 bubble tea \u043e\u0442 \u0438\u043c\u0435\u043d\u0438\u0442\u044b\u0445 \u043f\u0440\u043e\u0438\u0437\u0432\u043e\u0434\u0438\u0442\u0435\u043b\u0435\u0439.\",\"publisher\":{\"@id\":\"https:\/\/gbb.md\/#organization\"},\"alternateName\":\"Global Bar Beverages\",\"potentialAction\":[{\"@type\":\"SearchAction\",\"target\":{\"@type\":\"EntryPoint\",\"urlTemplate\":\"https:\/\/gbb.md\/?s={search_term_string}\"},\"query-input\":\"required name=search_term_string\"}],\"inLanguage\":\"ru-RU\"},{\"@type\":\"Organization\",\"@id\":\"https:\/\/gbb.md\/#organization\",\"name\":\"GBB\",\"alternateName\":\"Global Bar Beverages\",\"url\":\"https:\/\/gbb.md\/\",\"logo\":{\"@type\":\"ImageObject\",\"inLanguage\":\"ru-RU\",\"@id\":\"https:\/\/gbb.md\/#\/schema\/logo\/image\/\",\"url\":\"https:\/\/gbb.md\/wp-content\/uploads\/2024\/01\/android-chrome-512x512-1.png\",\"contentUrl\":\"https:\/\/gbb.md\/wp-content\/uploads\/2024\/01\/android-chrome-512x512-1.png\",\"width\":512,\"height\":512,\"caption\":\"GBB\"},\"image\":{\"@id\":\"https:\/\/gbb.md\/#\/schema\/logo\/image\/\"},\"sameAs\":[\"https:\/\/www.facebook.com\/profile.php?id=61555243232370\"]}]}<\/script>\n<!-- \/ Yoast SEO plugin. -->","yoast_head_json":{"title":"Camus XO Borderies Signature Range, Gift Box 40% | Global Bar Beverages","robots":{"index":"index","follow":"follow","max-snippet":"max-snippet:-1","max-image-preview":"max-image-preview:large","max-video-preview":"max-video-preview:-1"},"canonical":"https:\/\/gbb.md\/ru\/product\/camus-xo-borderies-signature-range-gift-box-40\/","og_locale":"ru_RU","og_type":"article","og_title":"Camus XO Borderies Signature Range, Gift Box 40% | Global Bar Beverages","og_description":"Tip: XO (Extra Old) Single Estate Cognac    Alcool: 40%    Volum: 0.7L    Maturare: Minim 10 ani \u00een butoaie de stejar fran\u021buzesc cu granula\u021bie fin\u0103    Soiuri de struguri: Predominant Ugni Blanc, cu posibile prezen\u021be de Colombard \u0219i Folle Blanche    Origine: Regiunea Borderies, Fran\u021ba    Produc\u021bie: Fiecare parcel\u0103 este distilat\u0103 \u0219i maturat\u0103 separat, rezult\u00e2nd un blend unic \u0219i numerotat individual","og_url":"https:\/\/gbb.md\/ru\/product\/camus-xo-borderies-signature-range-gift-box-40\/","og_site_name":"Global Bar Beverages","article_publisher":"https:\/\/www.facebook.com\/profile.php?id=61555243232370","article_modified_time":"2025-12-01T11:52:06+00:00","og_image":[{"width":1000,"height":1000,"url":"https:\/\/gbb.md\/wp-content\/uploads\/2025\/05\/234243-4.png","type":"image\/png"}],"twitter_card":"summary_large_image","twitter_misc":{"\u041f\u0440\u0438\u043c\u0435\u0440\u043d\u043e\u0435 \u0432\u0440\u0435\u043c\u044f \u0434\u043b\u044f \u0447\u0442\u0435\u043d\u0438\u044f":"1 \u043c\u0438\u043d\u0443\u0442\u0430"},"schema":{"@context":"https:\/\/schema.org","@graph":[{"@type":"WebPage","@id":"https:\/\/gbb.md\/product\/camus-xo-borderies-signature-range-gift-box-40\/","url":"https:\/\/gbb.md\/product\/camus-xo-borderies-signature-range-gift-box-40\/","name":"Camus XO Borderies Signature Range, Gift Box 40% | Global Bar Beverages","isPartOf":{"@id":"https:\/\/gbb.md\/#website"},"datePublished":"2025-05-28T14:52:45+00:00","dateModified":"2025-12-01T11:52:06+00:00","breadcrumb":{"@id":"https:\/\/gbb.md\/product\/camus-xo-borderies-signature-range-gift-box-40\/#breadcrumb"},"inLanguage":"ru-RU","potentialAction":[{"@type":"ReadAction","target":["https:\/\/gbb.md\/product\/camus-xo-borderies-signature-range-gift-box-40\/"]}]},{"@type":"BreadcrumbList","@id":"https:\/\/gbb.md\/product\/camus-xo-borderies-signature-range-gift-box-40\/#breadcrumb","itemListElement":[{"@type":"ListItem","position":1,"name":"\u0413\u043b\u0430\u0432\u043d\u0430\u044f \u0441\u0442\u0440\u0430\u043d\u0438\u0446\u0430","item":"https:\/\/gbb.md\/"},{"@type":"ListItem","position":2,"name":"Produse","item":"https:\/\/gbb.md\/shop\/"},{"@type":"ListItem","position":3,"name":"Camus XO Borderies Signature Range, Gift Box 40%"}]},{"@type":"WebSite","@id":"https:\/\/gbb.md\/#website","url":"https:\/\/gbb.md\/","name":"GBB","description":"\u042d\u0442\u043e \u043c\u043e\u043b\u043e\u0434\u0430\u044f \u0431\u044b\u0441\u0442\u0440\u043e\u0440\u0430\u0441\u0442\u0443\u0449\u0430\u044f \u043a\u043e\u043c\u043f\u0430\u043d\u0438\u044f, \u0441\u0442\u0430\u0432\u0448\u0430\u044f \u043a\u0440\u0443\u043f\u043d\u0435\u0439\u0448\u0438\u043c \u0432 \u041c\u043e\u043b\u0434\u043e\u0432\u0435 \u043f\u043e\u0441\u0442\u0430\u0432\u0449\u0438\u043a\u043e\u043c \u0441\u0438\u0440\u043e\u043f\u043e\u0432 \u0438 \u043f\u044e\u0440\u0435 \u0434\u043b\u044f \u043d\u0430\u043f\u0438\u0442\u043a\u043e\u0432, \u0447\u0430\u044f, \u043a\u043e\u0444\u0435, \u0441\u043e\u0443\u0441\u043e\u0432, \u0442\u043e\u043d\u0438\u043a\u043e\u0432 \u0438 bubble tea \u043e\u0442 \u0438\u043c\u0435\u043d\u0438\u0442\u044b\u0445 \u043f\u0440\u043e\u0438\u0437\u0432\u043e\u0434\u0438\u0442\u0435\u043b\u0435\u0439.","publisher":{"@id":"https:\/\/gbb.md\/#organization"},"alternateName":"Global Bar Beverages","potentialAction":[{"@type":"SearchAction","target":{"@type":"EntryPoint","urlTemplate":"https:\/\/gbb.md\/?s={search_term_string}"},"query-input":"required name=search_term_string"}],"inLanguage":"ru-RU"},{"@type":"Organization","@id":"https:\/\/gbb.md\/#organization","name":"GBB","alternateName":"Global Bar Beverages","url":"https:\/\/gbb.md\/","logo":{"@type":"ImageObject","inLanguage":"ru-RU","@id":"https:\/\/gbb.md\/#\/schema\/logo\/image\/","url":"https:\/\/gbb.md\/wp-content\/uploads\/2024\/01\/android-chrome-512x512-1.png","contentUrl":"https:\/\/gbb.md\/wp-content\/uploads\/2024\/01\/android-chrome-512x512-1.png","width":512,"height":512,"caption":"GBB"},"image":{"@id":"https:\/\/gbb.md\/#\/schema\/logo\/image\/"},"sameAs":["https:\/\/www.facebook.com\/profile.php?id=61555243232370"]}]}},"_links":{"self":[{"href":"https:\/\/gbb.md\/ru\/wp-json\/wp\/v2\/product\/10346"}],"collection":[{"href":"https:\/\/gbb.md\/ru\/wp-json\/wp\/v2\/product"}],"about":[{"href":"https:\/\/gbb.md\/ru\/wp-json\/wp\/v2\/types\/product"}],"replies":[{"embeddable":true,"href":"https:\/\/gbb.md\/ru\/wp-json\/wp\/v2\/comments?post=10346"}],"wp:featuredmedia":[{"embeddable":true,"href":"https:\/\/gbb.md\/ru\/wp-json\/wp\/v2\/media\/10347"}],"wp:attachment":[{"href":"https:\/\/gbb.md\/ru\/wp-json\/wp\/v2\/media?parent=10346"}],"wp:term":[{"taxonomy":"product_cat","embeddable":true,"href":"https:\/\/gbb.md\/ru\/wp-json\/wp\/v2\/product_cat?post=10346"},{"taxonomy":"product_tag","embeddable":true,"href":"https:\/\/gbb.md\/ru\/wp-json\/wp\/v2\/product_tag?post=10346"}],"curies":[{"name":"wp","href":"https:\/\/api.w.org\/{rel}","templated":true}]}}