{"id":10352,"date":"2025-05-28T18:10:09","date_gmt":"2025-05-28T15:10:09","guid":{"rendered":"https:\/\/gbb.md\/?post_type=product&#038;p=10352"},"modified":"2026-04-08T10:00:08","modified_gmt":"2026-04-08T07:00:08","slug":"tamada-kitsi-kitsmatsuri-kisi-2023-amber","status":"publish","type":"product","link":"https:\/\/gbb.md\/ru\/product\/tamada-kitsi-kitsmatsuri-kisi-2023-amber\/","title":{"rendered":"\u10d7\u10d0\u10db\u10d0\u10d3\u10d0 Kitsi Kitsmatsuri Kisi 2023 (amber)"},"content":{"rendered":"<div id=\"fws_6a04952b8dc52\"  data-midnight=\"dark\" data-top-percent=\"-30%\"  data-bg-mobile-hidden=\"\" class=\"wpb_row vc_row-fluid vc_row top-level  vc_row-o-equal-height vc_row-flex  vc_row-o-content-middle standard_section\"  style=\"padding-top: calc(100vw * 0.0-30); padding-bottom: 0px;  z-index: 100;\"><div class=\"row-bg-wrap\"><div class=\"inner-wrap\"><div class=\"row-bg\"  style=\"\"><\/div><\/div><div class=\"row-bg-overlay\" ><\/div><\/div><div class=\"col span_12 dark left\">\n\t<div style=\"margin-top: -190px; \" class=\"vc_col-sm-12 wpb_column column_container vc_column_container col neg-marg no-extra-padding\"  data-t-w-inherits=\"default\" data-border-radius=\"none\" data-shadow=\"none\" data-border-animation=\"\" data-border-animation-delay=\"\" data-border-width=\"none\" data-border-style=\"solid\" data-border-color=\"\" data-bg-cover=\"\" data-padding-pos=\"all\" data-has-bg-color=\"false\" data-bg-color=\"\" data-bg-opacity=\"1\" data-hover-bg=\"\" data-hover-bg-opacity=\"1\" data-animation=\"\" data-delay=\"0\"><div class=\"column-bg-overlay\"><\/div>\n\t\t<div class=\"vc_column-inner\">\n\t\t\t<div class=\"wpb_wrapper\">\n\t\t\t\t<div class=\"divider-wrap\" data-alignment=\"default\"><div style=\"height: 70px;\" class=\"divider\"><\/div><\/div><div id=\"ultimate-heading-57696a04952b8df17\" class=\"uvc-heading ult-adjust-bottom-margin ultimate-heading-57696a04952b8df17 uvc-7154\" data-hspacer=\"no_spacer\"  data-halign=\"left\" style=\"text-align:left\"><div class=\"uvc-heading-spacer no_spacer\" style=\"top\"><\/div><div class=\"uvc-main-heading ult-responsive\"  data-ultimate-target='.uvc-heading.ultimate-heading-57696a04952b8df17 h2'  data-responsive-json-new='{\"font-size\":\"desktop:28px;\",\"line-height\":\"\"}' ><h2 style=\"font-weight:bold;color:#333333;\">Tamada Kitsi Kitsmatsuri Kisi 2023 (amber)<\/h2><\/div><div class=\"uvc-sub-heading ult-responsive\"  data-ultimate-target='.uvc-heading.ultimate-heading-57696a04952b8df17 .uvc-sub-heading '  data-responsive-json-new='{\"font-size\":\"desktop:18px;\",\"line-height\":\"\"}'  style=\"font-weight:normal;\"><span class=\"relative -mx-px my-&#091;-0.2rem&#093; rounded px-px py-&#091;0.2rem&#093; transition-colors duration-100 ease-in-out\"><strong data-start=\"0\" data-end=\"20\" data-is-only-node=\"\">Tamada Kisi 2023<\/strong> este un vin alb sec din regiunea Kakheti, Georgia, produs de crama Tamada.<\/span> <span class=\"relative -mx-px my-&#091;-0.2rem&#093; rounded px-px py-&#091;0.2rem&#093; transition-colors duration-100 ease-in-out\">Realizat 100% din soiul autohton de struguri <strong data-start=\"45\" data-end=\"53\">Kisi<\/strong>, acest vin reflect\u0103 tradi\u021bia \u0219i calitatea vinifica\u021biei georgiene.<\/span><\/p>\n<h3 data-start=\"603\" data-end=\"637\">Profil aromatic \u0219i gustativ<\/h3>\n<p data-start=\"639\" data-end=\"717\"><span class=\"relative -mx-px my-&#091;-0.2rem&#093; rounded px-px py-&#091;0.2rem&#093; transition-colors duration-100 ease-in-out\">Tamada Kisi se remarc\u0103 printr-un profil aromatic bogat \u0219i echilibrat:<\/span><\/p>\n<ul data-start=\"719\" data-end=\"914\">\n<li data-start=\"719\" data-end=\"769\">\n<p data-start=\"721\" data-end=\"769\"><strong data-start=\"721\" data-end=\"728\">Nas<\/strong>: <span class=\"relative -mx-px my-&#091;-0.2rem&#093; rounded px-px py-&#091;0.2rem&#093; transition-colors duration-100 ease-in-out\">Arome de fructe galbene coapte, cum ar fi piersici \u0219i caise, completate de note florale \u0219i o tent\u0103 subtil\u0103 de citrice.<\/span><\/p>\n<\/li>\n<li data-start=\"770\" data-end=\"821\">\n<p data-start=\"772\" data-end=\"821\"><strong data-start=\"772\" data-end=\"780\">Gust<\/strong>: <span class=\"relative -mx-px my-&#091;-0.2rem&#093; rounded px-px py-&#091;0.2rem&#093; transition-colors duration-100 ease-in-out\">Sec, cu o aciditate pl\u0103cut\u0103 \u0219i o textur\u0103 catifelat\u0103. Se eviden\u021biaz\u0103 prin note de fructe exotice \u0219i o mineralitate delicat\u0103.<\/span><\/p>\n<\/li>\n<li data-start=\"822\" data-end=\"914\">\n<p data-start=\"824\" data-end=\"914\"><strong data-start=\"824\" data-end=\"834\">Finish<\/strong>: <span class=\"relative -mx-px my-&#091;-0.2rem&#093; rounded px-px py-&#091;0.2rem&#093; transition-colors duration-100 ease-in-out\">Persisten\u021b\u0103 medie, cu o prospe\u021bime revigorant\u0103.<\/span><\/p>\n<h3 data-start=\"921\" data-end=\"961\">Recomand\u0103ri de asociere culinar\u0103<\/h3>\n<p data-start=\"963\" data-end=\"1041\"><span class=\"relative -mx-px my-&#091;-0.2rem&#093; rounded px-px py-&#091;0.2rem&#093; transition-colors duration-100 ease-in-out\">Acest vin se potrive\u0219te excelent cu:<\/span><\/p>\n<ul data-start=\"1043\" data-end=\"1249\">\n<li data-start=\"1043\" data-end=\"1084\">\n<p data-start=\"1045\" data-end=\"1084\"><span class=\"relative -mx-px my-&#091;-0.2rem&#093; rounded px-px py-&#091;0.2rem&#093; transition-colors duration-100 ease-in-out\">Preparate din carne alb\u0103 (pui, curcan)<\/span><\/p>\n<\/li>\n<li data-start=\"1085\" data-end=\"1126\">\n<p data-start=\"1087\" data-end=\"1126\"><span class=\"relative -mx-px my-&#091;-0.2rem&#093; rounded px-px py-&#091;0.2rem&#093; transition-colors duration-100 ease-in-out\">Pe\u0219te slab (trout, cod)<\/span><\/p>\n<\/li>\n<li data-start=\"1127\" data-end=\"1168\">\n<p data-start=\"1129\" data-end=\"1168\"><span class=\"relative -mx-px my-&#091;-0.2rem&#093; rounded px-px py-&#091;0.2rem&#093; transition-colors duration-100 ease-in-out\">Br\u00e2nzeturi moi \u0219i cremoase<\/span><\/p>\n<\/li>\n<li data-start=\"1169\" data-end=\"1249\">\n<p data-start=\"1171\" data-end=\"1249\"><span class=\"relative -mx-px my-&#091;-0.2rem&#093; rounded px-px py-&#091;0.2rem&#093; transition-colors duration-100 ease-in-out\">M\u00e2nc\u0103ruri vegetariene, cum ar fi salatele de legume sau preparatele pe baz\u0103 de ciuperci<\/span><\/p>\n<\/li>\n<\/ul>\n<p data-start=\"1251\" data-end=\"1329\"><span class=\"relative -mx-px my-&#091;-0.2rem&#093; rounded px-px py-&#091;0.2rem&#093; transition-colors duration-100 ease-in-out\">Se recomand\u0103 servirea la o temperatur\u0103 de 10\u201312\u00b0C pentru a eviden\u021bia aromele sale delicate.<\/span><\/p>\n<\/li>\n<\/ul>\n<\/div><\/div><div class=\"divider-wrap\" data-alignment=\"default\"><div style=\"height: 25px;\" class=\"divider\"><\/div><\/div>\n\t\t\t<\/div> \n\t\t<\/div>\n\t<\/div> \n<\/div><\/div>\n\t\t<div id=\"fws_6a04952b8e2c4\"  data-midnight=\"dark\"  data-bg-mobile-hidden=\"\" class=\"wpb_row vc_row-fluid vc_row standard_section\"  style=\"padding-top: 0px; padding-bottom: 0px; \"><div class=\"row-bg-wrap\"><div class=\"inner-wrap\"><div class=\"row-bg\"  style=\"\"><\/div><\/div><div class=\"row-bg-overlay\" ><\/div><\/div><div class=\"col span_12 dark left\">\n\t<div  class=\"vc_col-sm-12 wpb_column column_container vc_column_container col no-extra-padding\"  data-t-w-inherits=\"default\" data-border-radius=\"none\" data-shadow=\"none\" data-border-animation=\"\" data-border-animation-delay=\"\" data-border-width=\"none\" data-border-style=\"solid\" data-border-color=\"\" data-bg-cover=\"\" data-padding-pos=\"all\" data-has-bg-color=\"false\" data-bg-color=\"\" data-bg-opacity=\"1\" data-hover-bg=\"\" data-hover-bg-opacity=\"1\" data-animation=\"\" data-delay=\"0\"><div class=\"column-bg-overlay\"><\/div>\n\t\t<div class=\"vc_column-inner\">\n\t\t\t<div class=\"wpb_wrapper\">\n\t\t\t\t<div class=\"divider-wrap\" data-alignment=\"default\"><div style=\"height: 100px;\" class=\"divider\"><\/div><\/div>\n\t\t\t<\/div> \n\t\t<\/div>\n\t<\/div> \n<\/div><\/div>","protected":false},"excerpt":{"rendered":"<ul>\n<li data-start=\"151\" data-end=\"211\">\n<p data-start=\"153\" data-end=\"211\"><strong data-start=\"153\" data-end=\"172\">\u021aara de origine<\/strong>: <span class=\"relative -mx-px my-[-0.2rem] rounded px-px py-[0.2rem] transition-colors duration-100 ease-in-out\">Georgia<\/span><\/p>\n<\/li>\n<li data-start=\"212\" data-end=\"266\">\n<p data-start=\"214\" data-end=\"266\"><strong data-start=\"214\" data-end=\"225\">Regiune<\/strong>: <span class=\"relative -mx-px my-[-0.2rem] rounded px-px py-[0.2rem] transition-colors duration-100 ease-in-out\">Kakheti<\/span><\/p>\n<\/li>\n<li data-start=\"267\" data-end=\"324\">\n<p data-start=\"269\" data-end=\"324\"><strong data-start=\"269\" data-end=\"283\">Produc\u0103tor<\/strong>: <span class=\"relative -mx-px my-[-0.2rem] rounded px-px py-[0.2rem] transition-colors duration-100 ease-in-out\">Tamada<\/span><\/p>\n<\/li>\n<li data-start=\"325\" data-end=\"387\">\n<p data-start=\"327\" data-end=\"387\"><strong data-start=\"327\" data-end=\"346\">Soi de struguri<\/strong>: <span class=\"relative -mx-px my-[-0.2rem] rounded px-px py-[0.2rem] transition-colors duration-100 ease-in-out\">100% Kisi<\/span><\/p>\n<\/li>\n<li data-start=\"388\" data-end=\"438\">\n<p data-start=\"390\" data-end=\"438\"><strong data-start=\"390\" data-end=\"397\">Tip<\/strong>: <span class=\"relative -mx-px my-[-0.2rem] rounded px-px py-[0.2rem] transition-colors duration-100 ease-in-out\">Vin alb sec<\/span><\/p>\n<\/li>\n<li data-start=\"439\" data-end=\"504\">\n<p data-start=\"441\" data-end=\"504\"><strong data-start=\"441\" data-end=\"463\">Con\u021binut de alcool<\/strong>: <span class=\"relative -mx-px my-[-0.2rem] rounded px-px py-[0.2rem] transition-colors duration-100 ease-in-out\">aproximativ 12%<\/span><\/p>\n<\/li>\n<li data-start=\"505\" data-end=\"596\">\n<p data-start=\"507\" data-end=\"596\"><strong data-start=\"507\" data-end=\"516\">Volum<\/strong>: <span class=\"relative -mx-px my-[-0.2rem] rounded px-px py-[0.2rem] transition-colors duration-100 ease-in-out\">750 ml<\/span><\/p>\n<\/li>\n<\/ul>\n","protected":false},"featured_media":10353,"comment_status":"open","ping_status":"closed","template":"","meta":[],"product_cat":[405,404,437,414,415],"product_tag":[],"yoast_head":"<!-- This site is optimized with the Yoast SEO plugin v20.10 - https:\/\/yoast.com\/wordpress\/plugins\/seo\/ -->\n<title>\u10d7\u10d0\u10db\u10d0\u10d3\u10d0 Kitsi Kitsmatsuri Kisi 2023 (amber) | Global Bar Beverages<\/title>\n<meta name=\"robots\" content=\"index, follow, max-snippet:-1, max-image-preview:large, max-video-preview:-1\" \/>\n<link rel=\"canonical\" href=\"https:\/\/gbb.md\/ru\/product\/tamada-kitsi-kitsmatsuri-kisi-2023-amber\/\" \/>\n<meta property=\"og:locale\" content=\"ru_RU\" \/>\n<meta property=\"og:type\" content=\"article\" \/>\n<meta property=\"og:title\" content=\"\u10d7\u10d0\u10db\u10d0\u10d3\u10d0 Kitsi Kitsmatsuri Kisi 2023 (amber) | Global Bar Beverages\" \/>\n<meta property=\"og:description\" content=\"\u021aara de origine: Georgia    Regiune: Kakheti    Produc\u0103tor: Tamada    Soi de struguri: 100% Kisi    Tip: Vin alb sec    Con\u021binut de alcool: aproximativ 12%    Volum: 750 ml\" \/>\n<meta property=\"og:url\" content=\"https:\/\/gbb.md\/ru\/product\/tamada-kitsi-kitsmatsuri-kisi-2023-amber\/\" \/>\n<meta property=\"og:site_name\" content=\"Global Bar Beverages\" \/>\n<meta property=\"article:publisher\" content=\"https:\/\/www.facebook.com\/profile.php?id=61555243232370\" \/>\n<meta property=\"article:modified_time\" content=\"2026-04-08T07:00:08+00:00\" \/>\n<meta property=\"og:image\" content=\"https:\/\/gbb.md\/wp-content\/uploads\/2025\/05\/tamada-kisi-beloe-sukhoe-gruziya-73221276554123-1.png\" \/>\n\t<meta property=\"og:image:width\" content=\"1000\" \/>\n\t<meta property=\"og:image:height\" content=\"1000\" \/>\n\t<meta property=\"og:image:type\" content=\"image\/png\" \/>\n<meta name=\"twitter:card\" content=\"summary_large_image\" \/>\n<meta name=\"twitter:label1\" content=\"\u041f\u0440\u0438\u043c\u0435\u0440\u043d\u043e\u0435 \u0432\u0440\u0435\u043c\u044f \u0434\u043b\u044f \u0447\u0442\u0435\u043d\u0438\u044f\" \/>\n\t<meta name=\"twitter:data1\" content=\"2 \u043c\u0438\u043d\u0443\u0442\u044b\" \/>\n<script type=\"application\/ld+json\" class=\"yoast-schema-graph\">{\"@context\":\"https:\/\/schema.org\",\"@graph\":[{\"@type\":\"WebPage\",\"@id\":\"https:\/\/gbb.md\/product\/tamada-kitsi-kitsmatsuri-kisi-2023-amber\/\",\"url\":\"https:\/\/gbb.md\/product\/tamada-kitsi-kitsmatsuri-kisi-2023-amber\/\",\"name\":\"\u10d7\u10d0\u10db\u10d0\u10d3\u10d0 Kitsi Kitsmatsuri Kisi 2023 (amber) | Global Bar Beverages\",\"isPartOf\":{\"@id\":\"https:\/\/gbb.md\/#website\"},\"datePublished\":\"2025-05-28T15:10:09+00:00\",\"dateModified\":\"2026-04-08T07:00:08+00:00\",\"breadcrumb\":{\"@id\":\"https:\/\/gbb.md\/product\/tamada-kitsi-kitsmatsuri-kisi-2023-amber\/#breadcrumb\"},\"inLanguage\":\"ru-RU\",\"potentialAction\":[{\"@type\":\"ReadAction\",\"target\":[\"https:\/\/gbb.md\/product\/tamada-kitsi-kitsmatsuri-kisi-2023-amber\/\"]}]},{\"@type\":\"BreadcrumbList\",\"@id\":\"https:\/\/gbb.md\/product\/tamada-kitsi-kitsmatsuri-kisi-2023-amber\/#breadcrumb\",\"itemListElement\":[{\"@type\":\"ListItem\",\"position\":1,\"name\":\"\u0413\u043b\u0430\u0432\u043d\u0430\u044f \u0441\u0442\u0440\u0430\u043d\u0438\u0446\u0430\",\"item\":\"https:\/\/gbb.md\/\"},{\"@type\":\"ListItem\",\"position\":2,\"name\":\"Produse\",\"item\":\"https:\/\/gbb.md\/shop\/\"},{\"@type\":\"ListItem\",\"position\":3,\"name\":\"\u10d7\u10d0\u10db\u10d0\u10d3\u10d0 Kitsi Kitsmatsuri Kisi 2023 (amber)\"}]},{\"@type\":\"WebSite\",\"@id\":\"https:\/\/gbb.md\/#website\",\"url\":\"https:\/\/gbb.md\/\",\"name\":\"GBB\",\"description\":\"\u042d\u0442\u043e \u043c\u043e\u043b\u043e\u0434\u0430\u044f \u0431\u044b\u0441\u0442\u0440\u043e\u0440\u0430\u0441\u0442\u0443\u0449\u0430\u044f \u043a\u043e\u043c\u043f\u0430\u043d\u0438\u044f, \u0441\u0442\u0430\u0432\u0448\u0430\u044f \u043a\u0440\u0443\u043f\u043d\u0435\u0439\u0448\u0438\u043c \u0432 \u041c\u043e\u043b\u0434\u043e\u0432\u0435 \u043f\u043e\u0441\u0442\u0430\u0432\u0449\u0438\u043a\u043e\u043c \u0441\u0438\u0440\u043e\u043f\u043e\u0432 \u0438 \u043f\u044e\u0440\u0435 \u0434\u043b\u044f \u043d\u0430\u043f\u0438\u0442\u043a\u043e\u0432, \u0447\u0430\u044f, \u043a\u043e\u0444\u0435, \u0441\u043e\u0443\u0441\u043e\u0432, \u0442\u043e\u043d\u0438\u043a\u043e\u0432 \u0438 bubble tea \u043e\u0442 \u0438\u043c\u0435\u043d\u0438\u0442\u044b\u0445 \u043f\u0440\u043e\u0438\u0437\u0432\u043e\u0434\u0438\u0442\u0435\u043b\u0435\u0439.\",\"publisher\":{\"@id\":\"https:\/\/gbb.md\/#organization\"},\"alternateName\":\"Global Bar Beverages\",\"potentialAction\":[{\"@type\":\"SearchAction\",\"target\":{\"@type\":\"EntryPoint\",\"urlTemplate\":\"https:\/\/gbb.md\/?s={search_term_string}\"},\"query-input\":\"required name=search_term_string\"}],\"inLanguage\":\"ru-RU\"},{\"@type\":\"Organization\",\"@id\":\"https:\/\/gbb.md\/#organization\",\"name\":\"GBB\",\"alternateName\":\"Global Bar Beverages\",\"url\":\"https:\/\/gbb.md\/\",\"logo\":{\"@type\":\"ImageObject\",\"inLanguage\":\"ru-RU\",\"@id\":\"https:\/\/gbb.md\/#\/schema\/logo\/image\/\",\"url\":\"https:\/\/gbb.md\/wp-content\/uploads\/2024\/01\/android-chrome-512x512-1.png\",\"contentUrl\":\"https:\/\/gbb.md\/wp-content\/uploads\/2024\/01\/android-chrome-512x512-1.png\",\"width\":512,\"height\":512,\"caption\":\"GBB\"},\"image\":{\"@id\":\"https:\/\/gbb.md\/#\/schema\/logo\/image\/\"},\"sameAs\":[\"https:\/\/www.facebook.com\/profile.php?id=61555243232370\"]}]}<\/script>\n<!-- \/ Yoast SEO plugin. -->","yoast_head_json":{"title":"\u10d7\u10d0\u10db\u10d0\u10d3\u10d0 Kitsi Kitsmatsuri Kisi 2023 (amber) | Global Bar Beverages","robots":{"index":"index","follow":"follow","max-snippet":"max-snippet:-1","max-image-preview":"max-image-preview:large","max-video-preview":"max-video-preview:-1"},"canonical":"https:\/\/gbb.md\/ru\/product\/tamada-kitsi-kitsmatsuri-kisi-2023-amber\/","og_locale":"ru_RU","og_type":"article","og_title":"\u10d7\u10d0\u10db\u10d0\u10d3\u10d0 Kitsi Kitsmatsuri Kisi 2023 (amber) | Global Bar Beverages","og_description":"\u021aara de origine: Georgia    Regiune: Kakheti    Produc\u0103tor: Tamada    Soi de struguri: 100% Kisi    Tip: Vin alb sec    Con\u021binut de alcool: aproximativ 12%    Volum: 750 ml","og_url":"https:\/\/gbb.md\/ru\/product\/tamada-kitsi-kitsmatsuri-kisi-2023-amber\/","og_site_name":"Global Bar Beverages","article_publisher":"https:\/\/www.facebook.com\/profile.php?id=61555243232370","article_modified_time":"2026-04-08T07:00:08+00:00","og_image":[{"width":1000,"height":1000,"url":"https:\/\/gbb.md\/wp-content\/uploads\/2025\/05\/tamada-kisi-beloe-sukhoe-gruziya-73221276554123-1.png","type":"image\/png"}],"twitter_card":"summary_large_image","twitter_misc":{"\u041f\u0440\u0438\u043c\u0435\u0440\u043d\u043e\u0435 \u0432\u0440\u0435\u043c\u044f \u0434\u043b\u044f \u0447\u0442\u0435\u043d\u0438\u044f":"2 \u043c\u0438\u043d\u0443\u0442\u044b"},"schema":{"@context":"https:\/\/schema.org","@graph":[{"@type":"WebPage","@id":"https:\/\/gbb.md\/product\/tamada-kitsi-kitsmatsuri-kisi-2023-amber\/","url":"https:\/\/gbb.md\/product\/tamada-kitsi-kitsmatsuri-kisi-2023-amber\/","name":"\u10d7\u10d0\u10db\u10d0\u10d3\u10d0 Kitsi Kitsmatsuri Kisi 2023 (amber) | Global Bar Beverages","isPartOf":{"@id":"https:\/\/gbb.md\/#website"},"datePublished":"2025-05-28T15:10:09+00:00","dateModified":"2026-04-08T07:00:08+00:00","breadcrumb":{"@id":"https:\/\/gbb.md\/product\/tamada-kitsi-kitsmatsuri-kisi-2023-amber\/#breadcrumb"},"inLanguage":"ru-RU","potentialAction":[{"@type":"ReadAction","target":["https:\/\/gbb.md\/product\/tamada-kitsi-kitsmatsuri-kisi-2023-amber\/"]}]},{"@type":"BreadcrumbList","@id":"https:\/\/gbb.md\/product\/tamada-kitsi-kitsmatsuri-kisi-2023-amber\/#breadcrumb","itemListElement":[{"@type":"ListItem","position":1,"name":"\u0413\u043b\u0430\u0432\u043d\u0430\u044f \u0441\u0442\u0440\u0430\u043d\u0438\u0446\u0430","item":"https:\/\/gbb.md\/"},{"@type":"ListItem","position":2,"name":"Produse","item":"https:\/\/gbb.md\/shop\/"},{"@type":"ListItem","position":3,"name":"\u10d7\u10d0\u10db\u10d0\u10d3\u10d0 Kitsi Kitsmatsuri Kisi 2023 (amber)"}]},{"@type":"WebSite","@id":"https:\/\/gbb.md\/#website","url":"https:\/\/gbb.md\/","name":"GBB","description":"\u042d\u0442\u043e \u043c\u043e\u043b\u043e\u0434\u0430\u044f \u0431\u044b\u0441\u0442\u0440\u043e\u0440\u0430\u0441\u0442\u0443\u0449\u0430\u044f \u043a\u043e\u043c\u043f\u0430\u043d\u0438\u044f, \u0441\u0442\u0430\u0432\u0448\u0430\u044f \u043a\u0440\u0443\u043f\u043d\u0435\u0439\u0448\u0438\u043c \u0432 \u041c\u043e\u043b\u0434\u043e\u0432\u0435 \u043f\u043e\u0441\u0442\u0430\u0432\u0449\u0438\u043a\u043e\u043c \u0441\u0438\u0440\u043e\u043f\u043e\u0432 \u0438 \u043f\u044e\u0440\u0435 \u0434\u043b\u044f \u043d\u0430\u043f\u0438\u0442\u043a\u043e\u0432, \u0447\u0430\u044f, \u043a\u043e\u0444\u0435, \u0441\u043e\u0443\u0441\u043e\u0432, \u0442\u043e\u043d\u0438\u043a\u043e\u0432 \u0438 bubble tea \u043e\u0442 \u0438\u043c\u0435\u043d\u0438\u0442\u044b\u0445 \u043f\u0440\u043e\u0438\u0437\u0432\u043e\u0434\u0438\u0442\u0435\u043b\u0435\u0439.","publisher":{"@id":"https:\/\/gbb.md\/#organization"},"alternateName":"Global Bar Beverages","potentialAction":[{"@type":"SearchAction","target":{"@type":"EntryPoint","urlTemplate":"https:\/\/gbb.md\/?s={search_term_string}"},"query-input":"required name=search_term_string"}],"inLanguage":"ru-RU"},{"@type":"Organization","@id":"https:\/\/gbb.md\/#organization","name":"GBB","alternateName":"Global Bar Beverages","url":"https:\/\/gbb.md\/","logo":{"@type":"ImageObject","inLanguage":"ru-RU","@id":"https:\/\/gbb.md\/#\/schema\/logo\/image\/","url":"https:\/\/gbb.md\/wp-content\/uploads\/2024\/01\/android-chrome-512x512-1.png","contentUrl":"https:\/\/gbb.md\/wp-content\/uploads\/2024\/01\/android-chrome-512x512-1.png","width":512,"height":512,"caption":"GBB"},"image":{"@id":"https:\/\/gbb.md\/#\/schema\/logo\/image\/"},"sameAs":["https:\/\/www.facebook.com\/profile.php?id=61555243232370"]}]}},"_links":{"self":[{"href":"https:\/\/gbb.md\/ru\/wp-json\/wp\/v2\/product\/10352"}],"collection":[{"href":"https:\/\/gbb.md\/ru\/wp-json\/wp\/v2\/product"}],"about":[{"href":"https:\/\/gbb.md\/ru\/wp-json\/wp\/v2\/types\/product"}],"replies":[{"embeddable":true,"href":"https:\/\/gbb.md\/ru\/wp-json\/wp\/v2\/comments?post=10352"}],"wp:featuredmedia":[{"embeddable":true,"href":"https:\/\/gbb.md\/ru\/wp-json\/wp\/v2\/media\/10353"}],"wp:attachment":[{"href":"https:\/\/gbb.md\/ru\/wp-json\/wp\/v2\/media?parent=10352"}],"wp:term":[{"taxonomy":"product_cat","embeddable":true,"href":"https:\/\/gbb.md\/ru\/wp-json\/wp\/v2\/product_cat?post=10352"},{"taxonomy":"product_tag","embeddable":true,"href":"https:\/\/gbb.md\/ru\/wp-json\/wp\/v2\/product_tag?post=10352"}],"curies":[{"name":"wp","href":"https:\/\/api.w.org\/{rel}","templated":true}]}}