{"id":10375,"date":"2025-06-12T11:36:15","date_gmt":"2025-06-12T08:36:15","guid":{"rendered":"https:\/\/gbb.md\/?post_type=product&#038;p=10375"},"modified":"2026-04-08T18:12:13","modified_gmt":"2026-04-08T15:12:13","slug":"buffalo-trace-bourbon-40","status":"publish","type":"product","link":"https:\/\/gbb.md\/ru\/product\/buffalo-trace-bourbon-40\/","title":{"rendered":"Buffalo Trace Bourbon 40%"},"content":{"rendered":"<div id=\"fws_69e09538088ee\"  data-midnight=\"dark\" data-top-percent=\"-30%\"  data-bg-mobile-hidden=\"\" class=\"wpb_row vc_row-fluid vc_row top-level  vc_row-o-equal-height vc_row-flex  vc_row-o-content-middle standard_section\"  style=\"padding-top: calc(100vw * 0.0-30); padding-bottom: 0px;  z-index: 100;\"><div class=\"row-bg-wrap\"><div class=\"inner-wrap\"><div class=\"row-bg\"  style=\"\"><\/div><\/div><div class=\"row-bg-overlay\" ><\/div><\/div><div class=\"col span_12 dark left\">\n\t<div style=\"margin-top: -190px; \" class=\"vc_col-sm-12 wpb_column column_container vc_column_container col neg-marg no-extra-padding\"  data-t-w-inherits=\"default\" data-border-radius=\"none\" data-shadow=\"none\" data-border-animation=\"\" data-border-animation-delay=\"\" data-border-width=\"none\" data-border-style=\"solid\" data-border-color=\"\" data-bg-cover=\"\" data-padding-pos=\"all\" data-has-bg-color=\"false\" data-bg-color=\"\" data-bg-opacity=\"1\" data-hover-bg=\"\" data-hover-bg-opacity=\"1\" data-animation=\"\" data-delay=\"0\"><div class=\"column-bg-overlay\"><\/div>\n\t\t<div class=\"vc_column-inner\">\n\t\t\t<div class=\"wpb_wrapper\">\n\t\t\t\t<div class=\"divider-wrap\" data-alignment=\"default\"><div style=\"height: 70px;\" class=\"divider\"><\/div><\/div><div id=\"ultimate-heading-887169e0953808b77\" class=\"uvc-heading ult-adjust-bottom-margin ultimate-heading-887169e0953808b77 uvc-8904\" data-hspacer=\"no_spacer\"  data-halign=\"left\" style=\"text-align:left\"><div class=\"uvc-heading-spacer no_spacer\" style=\"top\"><\/div><div class=\"uvc-main-heading ult-responsive\"  data-ultimate-target='.uvc-heading.ultimate-heading-887169e0953808b77 h2'  data-responsive-json-new='{\"font-size\":\"desktop:28px;\",\"line-height\":\"\"}' ><h2 style=\"font-weight:bold;color:#333333;\">Buffalo Trace Bourbon<\/h2><\/div><div class=\"uvc-sub-heading ult-responsive\"  data-ultimate-target='.uvc-heading.ultimate-heading-887169e0953808b77 .uvc-sub-heading '  data-responsive-json-new='{\"font-size\":\"desktop:18px;\",\"line-height\":\"\"}'  style=\"font-weight:normal;\"><strong data-start=\"1606\" data-end=\"1631\">Buffalo Trace Bourbon<\/strong> este un clasic american, cu un profil echilibrat \u00eentre dulce \u0219i lemnos. Potrivit at\u00e2t pentru cunosc\u0103tori, c\u00e2t \u0219i pentru cei care descoper\u0103 bourbonul. Excelent pentru consum simplu sau \u00een mixuri clasice.<\/p>\n<h3 data-start=\"1344\" data-end=\"1373\">Recomand\u0103ri de servire<\/h3>\n<ul data-start=\"1375\" data-end=\"1582\">\n<li data-start=\"1375\" data-end=\"1431\">\n<p data-start=\"1377\" data-end=\"1431\"><strong data-start=\"1377\" data-end=\"1385\">Sec:<\/strong> ideal pentru a sim\u021bi complexitatea gustului<\/p>\n<\/li>\n<li data-start=\"1432\" data-end=\"1501\">\n<p data-start=\"1434\" data-end=\"1501\"><strong data-start=\"1434\" data-end=\"1448\">Cu ghea\u021b\u0103:<\/strong> devine mai moale, sco\u021b\u00e2nd \u00een eviden\u021b\u0103 notele dulci<\/p>\n<\/li>\n<li data-start=\"1502\" data-end=\"1582\">\n<p data-start=\"1504\" data-end=\"1582\"><strong data-start=\"1504\" data-end=\"1520\">Cocktailuri:<\/strong> perfect pentru Old Fashioned, Mint Julep, Manhattan \u0219i altele<\/p>\n<\/li>\n<\/ul>\n<h3 data-start=\"359\" data-end=\"381\">Profil aromatic<\/h3>\n<ul data-start=\"383\" data-end=\"682\">\n<li data-start=\"383\" data-end=\"414\">\n<p data-start=\"385\" data-end=\"414\"><strong data-start=\"385\" data-end=\"397\">Culoare:<\/strong> Ambr\u0103 profund\u0103<\/p>\n<\/li>\n<li data-start=\"415\" data-end=\"491\">\n<p data-start=\"417\" data-end=\"491\"><strong data-start=\"417\" data-end=\"425\">Nas:<\/strong> Vanilie, miere, caramel, fructe uscate, ment\u0103, melas\u0103 \u0219i anason<\/p>\n<\/li>\n<li data-start=\"492\" data-end=\"614\">\n<p data-start=\"494\" data-end=\"614\"><strong data-start=\"494\" data-end=\"503\">Gust:<\/strong> Dulcea\u021b\u0103 de zah\u0103r brun, caramel, condimente de patiserie, stejar \u0219i fructe uscate, cu note subtile de anason<\/p>\n<\/li>\n<li data-start=\"615\" data-end=\"682\">\n<p data-start=\"617\" data-end=\"682\"><strong data-start=\"617\" data-end=\"628\">Finish:<\/strong> Neted, persistent, cu accente de stejar \u0219i condimente<\/p>\n<\/li>\n<\/ul>\n<\/div><\/div><div class=\"divider-wrap\" data-alignment=\"default\"><div style=\"height: 25px;\" class=\"divider\"><\/div><\/div>\n\t\t\t<\/div> \n\t\t<\/div>\n\t<\/div> \n<\/div><\/div>\n\t\t<div id=\"fws_69e0953808e6f\"  data-midnight=\"dark\"  data-bg-mobile-hidden=\"\" class=\"wpb_row vc_row-fluid vc_row standard_section\"  style=\"padding-top: 0px; padding-bottom: 0px; \"><div class=\"row-bg-wrap\"><div class=\"inner-wrap\"><div class=\"row-bg\"  style=\"\"><\/div><\/div><div class=\"row-bg-overlay\" ><\/div><\/div><div class=\"col span_12 dark left\">\n\t<div  class=\"vc_col-sm-12 wpb_column column_container vc_column_container col no-extra-padding\"  data-t-w-inherits=\"default\" data-border-radius=\"none\" data-shadow=\"none\" data-border-animation=\"\" data-border-animation-delay=\"\" data-border-width=\"none\" data-border-style=\"solid\" data-border-color=\"\" data-bg-cover=\"\" data-padding-pos=\"all\" data-has-bg-color=\"false\" data-bg-color=\"\" data-bg-opacity=\"1\" data-hover-bg=\"\" data-hover-bg-opacity=\"1\" data-animation=\"\" data-delay=\"0\"><div class=\"column-bg-overlay\"><\/div>\n\t\t<div class=\"vc_column-inner\">\n\t\t\t<div class=\"wpb_wrapper\">\n\t\t\t\t<div class=\"divider-wrap\" data-alignment=\"default\"><div style=\"height: 100px;\" class=\"divider\"><\/div><\/div>\n\t\t\t<\/div> \n\t\t<\/div>\n\t<\/div> \n<\/div><\/div>","protected":false},"excerpt":{"rendered":"<ul>\n<li data-start=\"140\" data-end=\"178\">\n<p data-start=\"142\" data-end=\"178\"><strong data-start=\"142\" data-end=\"150\">Tip:<\/strong> Kentucky Straight Bourbon<\/p>\n<\/li>\n<li data-start=\"179\" data-end=\"213\">\n<p data-start=\"181\" data-end=\"213\"><strong data-start=\"181\" data-end=\"192\">Alcool:<\/strong> 45% ABV (90 proof)<\/p>\n<\/li>\n<li data-start=\"214\" data-end=\"352\">\n<p data-start=\"216\" data-end=\"352\"><strong data-start=\"216\" data-end=\"231\">Produc\u0103tor:<\/strong> Buffalo Trace Distillery \u2013 una dintre cele mai vechi distilerii active din SUA (fondat\u0103 \u00een 1775, actualul nume din 1999)<\/p>\n<\/li>\n<li data-start=\"214\" data-end=\"352\">Cantinatea 0.7L<\/li>\n<\/ul>","protected":false},"featured_media":10376,"comment_status":"open","ping_status":"closed","template":"","meta":[],"product_cat":[405,445,404,444,408],"product_tag":[],"yoast_head":"<!-- This site is optimized with the Yoast SEO plugin v20.10 - https:\/\/yoast.com\/wordpress\/plugins\/seo\/ -->\n<title>Buffalo Trace Bourbon 40% | Global Bar Beverages<\/title>\n<meta name=\"robots\" content=\"index, follow, max-snippet:-1, max-image-preview:large, max-video-preview:-1\" \/>\n<link rel=\"canonical\" href=\"https:\/\/gbb.md\/ru\/product\/buffalo-trace-bourbon-40\/\" \/>\n<meta property=\"og:locale\" content=\"ru_RU\" \/>\n<meta property=\"og:type\" content=\"article\" \/>\n<meta property=\"og:title\" content=\"Buffalo Trace Bourbon 40% | Global Bar Beverages\" \/>\n<meta property=\"og:description\" content=\"Tip: Kentucky Straight Bourbon    Alcool: 45% ABV (90 proof)    Produc\u0103tor: Buffalo Trace Distillery \u2013 una dintre cele mai vechi distilerii active din SUA (fondat\u0103 \u00een 1775, actualul nume din 1999)   Cantinatea 0.7L\" \/>\n<meta property=\"og:url\" content=\"https:\/\/gbb.md\/ru\/product\/buffalo-trace-bourbon-40\/\" \/>\n<meta property=\"og:site_name\" content=\"Global Bar Beverages\" \/>\n<meta property=\"article:publisher\" content=\"https:\/\/www.facebook.com\/profile.php?id=61555243232370\" \/>\n<meta property=\"article:modified_time\" content=\"2026-04-08T15:12:13+00:00\" \/>\n<meta property=\"og:image\" content=\"https:\/\/gbb.md\/wp-content\/uploads\/2025\/06\/739483_600x600.jpg\" \/>\n\t<meta property=\"og:image:width\" content=\"600\" \/>\n\t<meta property=\"og:image:height\" content=\"600\" \/>\n\t<meta property=\"og:image:type\" content=\"image\/jpeg\" \/>\n<meta name=\"twitter:card\" content=\"summary_large_image\" \/>\n<meta name=\"twitter:label1\" content=\"\u041f\u0440\u0438\u043c\u0435\u0440\u043d\u043e\u0435 \u0432\u0440\u0435\u043c\u044f \u0434\u043b\u044f \u0447\u0442\u0435\u043d\u0438\u044f\" \/>\n\t<meta name=\"twitter:data1\" content=\"1 \u043c\u0438\u043d\u0443\u0442\u0430\" \/>\n<script type=\"application\/ld+json\" class=\"yoast-schema-graph\">{\"@context\":\"https:\/\/schema.org\",\"@graph\":[{\"@type\":\"WebPage\",\"@id\":\"https:\/\/gbb.md\/product\/buffalo-trace-bourbon-40\/\",\"url\":\"https:\/\/gbb.md\/product\/buffalo-trace-bourbon-40\/\",\"name\":\"Buffalo Trace Bourbon 40% | Global Bar Beverages\",\"isPartOf\":{\"@id\":\"https:\/\/gbb.md\/#website\"},\"datePublished\":\"2025-06-12T08:36:15+00:00\",\"dateModified\":\"2026-04-08T15:12:13+00:00\",\"breadcrumb\":{\"@id\":\"https:\/\/gbb.md\/product\/buffalo-trace-bourbon-40\/#breadcrumb\"},\"inLanguage\":\"ru-RU\",\"potentialAction\":[{\"@type\":\"ReadAction\",\"target\":[\"https:\/\/gbb.md\/product\/buffalo-trace-bourbon-40\/\"]}]},{\"@type\":\"BreadcrumbList\",\"@id\":\"https:\/\/gbb.md\/product\/buffalo-trace-bourbon-40\/#breadcrumb\",\"itemListElement\":[{\"@type\":\"ListItem\",\"position\":1,\"name\":\"\u0413\u043b\u0430\u0432\u043d\u0430\u044f \u0441\u0442\u0440\u0430\u043d\u0438\u0446\u0430\",\"item\":\"https:\/\/gbb.md\/\"},{\"@type\":\"ListItem\",\"position\":2,\"name\":\"Produse\",\"item\":\"https:\/\/gbb.md\/shop\/\"},{\"@type\":\"ListItem\",\"position\":3,\"name\":\"Buffalo Trace Bourbon 40%\"}]},{\"@type\":\"WebSite\",\"@id\":\"https:\/\/gbb.md\/#website\",\"url\":\"https:\/\/gbb.md\/\",\"name\":\"GBB\",\"description\":\"\u042d\u0442\u043e \u043c\u043e\u043b\u043e\u0434\u0430\u044f \u0431\u044b\u0441\u0442\u0440\u043e\u0440\u0430\u0441\u0442\u0443\u0449\u0430\u044f \u043a\u043e\u043c\u043f\u0430\u043d\u0438\u044f, \u0441\u0442\u0430\u0432\u0448\u0430\u044f \u043a\u0440\u0443\u043f\u043d\u0435\u0439\u0448\u0438\u043c \u0432 \u041c\u043e\u043b\u0434\u043e\u0432\u0435 \u043f\u043e\u0441\u0442\u0430\u0432\u0449\u0438\u043a\u043e\u043c \u0441\u0438\u0440\u043e\u043f\u043e\u0432 \u0438 \u043f\u044e\u0440\u0435 \u0434\u043b\u044f \u043d\u0430\u043f\u0438\u0442\u043a\u043e\u0432, \u0447\u0430\u044f, \u043a\u043e\u0444\u0435, \u0441\u043e\u0443\u0441\u043e\u0432, \u0442\u043e\u043d\u0438\u043a\u043e\u0432 \u0438 bubble tea \u043e\u0442 \u0438\u043c\u0435\u043d\u0438\u0442\u044b\u0445 \u043f\u0440\u043e\u0438\u0437\u0432\u043e\u0434\u0438\u0442\u0435\u043b\u0435\u0439.\",\"publisher\":{\"@id\":\"https:\/\/gbb.md\/#organization\"},\"alternateName\":\"Global Bar Beverages\",\"potentialAction\":[{\"@type\":\"SearchAction\",\"target\":{\"@type\":\"EntryPoint\",\"urlTemplate\":\"https:\/\/gbb.md\/?s={search_term_string}\"},\"query-input\":\"required name=search_term_string\"}],\"inLanguage\":\"ru-RU\"},{\"@type\":\"Organization\",\"@id\":\"https:\/\/gbb.md\/#organization\",\"name\":\"GBB\",\"alternateName\":\"Global Bar Beverages\",\"url\":\"https:\/\/gbb.md\/\",\"logo\":{\"@type\":\"ImageObject\",\"inLanguage\":\"ru-RU\",\"@id\":\"https:\/\/gbb.md\/#\/schema\/logo\/image\/\",\"url\":\"https:\/\/gbb.md\/wp-content\/uploads\/2024\/01\/android-chrome-512x512-1.png\",\"contentUrl\":\"https:\/\/gbb.md\/wp-content\/uploads\/2024\/01\/android-chrome-512x512-1.png\",\"width\":512,\"height\":512,\"caption\":\"GBB\"},\"image\":{\"@id\":\"https:\/\/gbb.md\/#\/schema\/logo\/image\/\"},\"sameAs\":[\"https:\/\/www.facebook.com\/profile.php?id=61555243232370\"]}]}<\/script>\n<!-- \/ Yoast SEO plugin. -->","yoast_head_json":{"title":"Buffalo Trace Bourbon 40% | Global Bar Beverages","robots":{"index":"index","follow":"follow","max-snippet":"max-snippet:-1","max-image-preview":"max-image-preview:large","max-video-preview":"max-video-preview:-1"},"canonical":"https:\/\/gbb.md\/ru\/product\/buffalo-trace-bourbon-40\/","og_locale":"ru_RU","og_type":"article","og_title":"Buffalo Trace Bourbon 40% | Global Bar Beverages","og_description":"Tip: Kentucky Straight Bourbon    Alcool: 45% ABV (90 proof)    Produc\u0103tor: Buffalo Trace Distillery \u2013 una dintre cele mai vechi distilerii active din SUA (fondat\u0103 \u00een 1775, actualul nume din 1999)   Cantinatea 0.7L","og_url":"https:\/\/gbb.md\/ru\/product\/buffalo-trace-bourbon-40\/","og_site_name":"Global Bar Beverages","article_publisher":"https:\/\/www.facebook.com\/profile.php?id=61555243232370","article_modified_time":"2026-04-08T15:12:13+00:00","og_image":[{"width":600,"height":600,"url":"https:\/\/gbb.md\/wp-content\/uploads\/2025\/06\/739483_600x600.jpg","type":"image\/jpeg"}],"twitter_card":"summary_large_image","twitter_misc":{"\u041f\u0440\u0438\u043c\u0435\u0440\u043d\u043e\u0435 \u0432\u0440\u0435\u043c\u044f \u0434\u043b\u044f \u0447\u0442\u0435\u043d\u0438\u044f":"1 \u043c\u0438\u043d\u0443\u0442\u0430"},"schema":{"@context":"https:\/\/schema.org","@graph":[{"@type":"WebPage","@id":"https:\/\/gbb.md\/product\/buffalo-trace-bourbon-40\/","url":"https:\/\/gbb.md\/product\/buffalo-trace-bourbon-40\/","name":"Buffalo Trace Bourbon 40% | Global Bar Beverages","isPartOf":{"@id":"https:\/\/gbb.md\/#website"},"datePublished":"2025-06-12T08:36:15+00:00","dateModified":"2026-04-08T15:12:13+00:00","breadcrumb":{"@id":"https:\/\/gbb.md\/product\/buffalo-trace-bourbon-40\/#breadcrumb"},"inLanguage":"ru-RU","potentialAction":[{"@type":"ReadAction","target":["https:\/\/gbb.md\/product\/buffalo-trace-bourbon-40\/"]}]},{"@type":"BreadcrumbList","@id":"https:\/\/gbb.md\/product\/buffalo-trace-bourbon-40\/#breadcrumb","itemListElement":[{"@type":"ListItem","position":1,"name":"\u0413\u043b\u0430\u0432\u043d\u0430\u044f \u0441\u0442\u0440\u0430\u043d\u0438\u0446\u0430","item":"https:\/\/gbb.md\/"},{"@type":"ListItem","position":2,"name":"Produse","item":"https:\/\/gbb.md\/shop\/"},{"@type":"ListItem","position":3,"name":"Buffalo Trace Bourbon 40%"}]},{"@type":"WebSite","@id":"https:\/\/gbb.md\/#website","url":"https:\/\/gbb.md\/","name":"GBB","description":"\u042d\u0442\u043e \u043c\u043e\u043b\u043e\u0434\u0430\u044f \u0431\u044b\u0441\u0442\u0440\u043e\u0440\u0430\u0441\u0442\u0443\u0449\u0430\u044f \u043a\u043e\u043c\u043f\u0430\u043d\u0438\u044f, \u0441\u0442\u0430\u0432\u0448\u0430\u044f \u043a\u0440\u0443\u043f\u043d\u0435\u0439\u0448\u0438\u043c \u0432 \u041c\u043e\u043b\u0434\u043e\u0432\u0435 \u043f\u043e\u0441\u0442\u0430\u0432\u0449\u0438\u043a\u043e\u043c \u0441\u0438\u0440\u043e\u043f\u043e\u0432 \u0438 \u043f\u044e\u0440\u0435 \u0434\u043b\u044f \u043d\u0430\u043f\u0438\u0442\u043a\u043e\u0432, \u0447\u0430\u044f, \u043a\u043e\u0444\u0435, \u0441\u043e\u0443\u0441\u043e\u0432, \u0442\u043e\u043d\u0438\u043a\u043e\u0432 \u0438 bubble tea \u043e\u0442 \u0438\u043c\u0435\u043d\u0438\u0442\u044b\u0445 \u043f\u0440\u043e\u0438\u0437\u0432\u043e\u0434\u0438\u0442\u0435\u043b\u0435\u0439.","publisher":{"@id":"https:\/\/gbb.md\/#organization"},"alternateName":"Global Bar Beverages","potentialAction":[{"@type":"SearchAction","target":{"@type":"EntryPoint","urlTemplate":"https:\/\/gbb.md\/?s={search_term_string}"},"query-input":"required name=search_term_string"}],"inLanguage":"ru-RU"},{"@type":"Organization","@id":"https:\/\/gbb.md\/#organization","name":"GBB","alternateName":"Global Bar Beverages","url":"https:\/\/gbb.md\/","logo":{"@type":"ImageObject","inLanguage":"ru-RU","@id":"https:\/\/gbb.md\/#\/schema\/logo\/image\/","url":"https:\/\/gbb.md\/wp-content\/uploads\/2024\/01\/android-chrome-512x512-1.png","contentUrl":"https:\/\/gbb.md\/wp-content\/uploads\/2024\/01\/android-chrome-512x512-1.png","width":512,"height":512,"caption":"GBB"},"image":{"@id":"https:\/\/gbb.md\/#\/schema\/logo\/image\/"},"sameAs":["https:\/\/www.facebook.com\/profile.php?id=61555243232370"]}]}},"_links":{"self":[{"href":"https:\/\/gbb.md\/ru\/wp-json\/wp\/v2\/product\/10375"}],"collection":[{"href":"https:\/\/gbb.md\/ru\/wp-json\/wp\/v2\/product"}],"about":[{"href":"https:\/\/gbb.md\/ru\/wp-json\/wp\/v2\/types\/product"}],"replies":[{"embeddable":true,"href":"https:\/\/gbb.md\/ru\/wp-json\/wp\/v2\/comments?post=10375"}],"wp:featuredmedia":[{"embeddable":true,"href":"https:\/\/gbb.md\/ru\/wp-json\/wp\/v2\/media\/10376"}],"wp:attachment":[{"href":"https:\/\/gbb.md\/ru\/wp-json\/wp\/v2\/media?parent=10375"}],"wp:term":[{"taxonomy":"product_cat","embeddable":true,"href":"https:\/\/gbb.md\/ru\/wp-json\/wp\/v2\/product_cat?post=10375"},{"taxonomy":"product_tag","embeddable":true,"href":"https:\/\/gbb.md\/ru\/wp-json\/wp\/v2\/product_tag?post=10375"}],"curies":[{"name":"wp","href":"https:\/\/api.w.org\/{rel}","templated":true}]}}