{"id":10378,"date":"2025-06-12T11:42:54","date_gmt":"2025-06-12T08:42:54","guid":{"rendered":"https:\/\/gbb.md\/?post_type=product&#038;p=10378"},"modified":"2025-12-01T13:53:49","modified_gmt":"2025-12-01T11:53:49","slug":"eagle-rare-10-year-kentucky-straight-bourbon-whiskey-45","status":"publish","type":"product","link":"https:\/\/gbb.md\/ru\/product\/eagle-rare-10-year-kentucky-straight-bourbon-whiskey-45\/","title":{"rendered":"Eagle Rare 10 Year Kentucky Straight Bourbon Whiskey 45%"},"content":{"rendered":"<div id=\"fws_69e087617fc05\"  data-midnight=\"dark\" data-top-percent=\"-30%\"  data-bg-mobile-hidden=\"\" class=\"wpb_row vc_row-fluid vc_row top-level  vc_row-o-equal-height vc_row-flex  vc_row-o-content-middle standard_section\"  style=\"padding-top: calc(100vw * 0.0-30); padding-bottom: 0px;  z-index: 100;\"><div class=\"row-bg-wrap\"><div class=\"inner-wrap\"><div class=\"row-bg\"  style=\"\"><\/div><\/div><div class=\"row-bg-overlay\" ><\/div><\/div><div class=\"col span_12 dark left\">\n\t<div style=\"margin-top: -190px; \" class=\"vc_col-sm-12 wpb_column column_container vc_column_container col neg-marg no-extra-padding\"  data-t-w-inherits=\"default\" data-border-radius=\"none\" data-shadow=\"none\" data-border-animation=\"\" data-border-animation-delay=\"\" data-border-width=\"none\" data-border-style=\"solid\" data-border-color=\"\" data-bg-cover=\"\" data-padding-pos=\"all\" data-has-bg-color=\"false\" data-bg-color=\"\" data-bg-opacity=\"1\" data-hover-bg=\"\" data-hover-bg-opacity=\"1\" data-animation=\"\" data-delay=\"0\"><div class=\"column-bg-overlay\"><\/div>\n\t\t<div class=\"vc_column-inner\">\n\t\t\t<div class=\"wpb_wrapper\">\n\t\t\t\t<div class=\"divider-wrap\" data-alignment=\"default\"><div style=\"height: 70px;\" class=\"divider\"><\/div><\/div><div id=\"ultimate-heading-597469e087617ffc0\" class=\"uvc-heading ult-adjust-bottom-margin ultimate-heading-597469e087617ffc0 uvc-4239\" data-hspacer=\"no_spacer\"  data-halign=\"left\" style=\"text-align:left\"><div class=\"uvc-heading-spacer no_spacer\" style=\"top\"><\/div><div class=\"uvc-main-heading ult-responsive\"  data-ultimate-target='.uvc-heading.ultimate-heading-597469e087617ffc0 h2'  data-responsive-json-new='{\"font-size\":\"desktop:28px;\",\"line-height\":\"\"}' ><h2 style=\"font-weight:bold;color:#333333;\">Eagle Rare 10 Year Kentucky Straight Bourbon Whiskey 45%<\/h2><\/div><div class=\"uvc-sub-heading ult-responsive\"  data-ultimate-target='.uvc-heading.ultimate-heading-597469e087617ffc0 .uvc-sub-heading '  data-responsive-json-new='{\"font-size\":\"desktop:18px;\",\"line-height\":\"\"}'  style=\"font-weight:normal;\"><strong data-start=\"1502\" data-end=\"1524\">Eagle Rare 10 Year<\/strong> este un bourbon rafinat, cu un buchet aromat bogat \u0219i un profil echilibrat \u00eentre dulcea\u021b\u0103 \u0219i note lemnoase. Recunoscut \u0219i premiat interna\u021bional, este recomandat at\u00e2t pentru cunosc\u0103tori, c\u00e2t \u0219i pentru cei care vor un dram de calitate la un pre\u021b rezonabil.<\/p>\n<h3 data-start=\"1249\" data-end=\"1278\">Recomand\u0103ri de servire<\/h3>\n<ul data-start=\"1280\" data-end=\"1478\">\n<li data-start=\"1280\" data-end=\"1323\">\n<p data-start=\"1282\" data-end=\"1323\"><span class=\"relative -mx-px my-&#091;-0.2rem&#093; rounded px-px py-&#091;0.2rem&#093; transition-colors duration-100 ease-in-out\">Se savureaz\u0103 <strong data-start=\"13\" data-end=\"21\">neat<\/strong> sau cu c\u00e2teva pic\u0103turi de ap\u0103, la temperatura camerei<\/span><\/p>\n<\/li>\n<li data-start=\"1324\" data-end=\"1407\">\n<p data-start=\"1326\" data-end=\"1407\"><span class=\"relative -mx-px my-&#091;-0.2rem&#093; rounded px-px py-&#091;0.2rem&#093; transition-colors duration-100 ease-in-out\">Este potrivit \u0219i \u00een cocktailuri tradi\u021bionale precum <strong data-start=\"52\" data-end=\"69\">Old Fashioned<\/strong> sau <strong data-start=\"74\" data-end=\"87\" data-is-last-node=\"\">Manhattan<\/strong><\/span><\/p>\n<\/li>\n<li data-start=\"1324\" data-end=\"1407\">Ideal pentru degust\u0103ri relaxate, \u00een stil David de tip \u201esession dram\u201d<\/li>\n<\/ul>\n<p><strong>\u00a0Profil aromatic<\/strong><\/p>\n<ul>\n<li data-start=\"302\" data-end=\"343\">\n<p data-start=\"304\" data-end=\"343\"><span class=\"relative -mx-px my-&#091;-0.2rem&#093; rounded px-px py-&#091;0.2rem&#093; transition-colors duration-100 ease-in-out\"><strong data-start=\"0\" data-end=\"12\" data-is-only-node=\"\">Culoare:<\/strong> Ambr\u0103 profund\u0103<\/span><\/p>\n<\/li>\n<li data-start=\"344\" data-end=\"423\">\n<p data-start=\"346\" data-end=\"423\"><span class=\"relative -mx-px my-&#091;-0.2rem&#093; rounded px-px py-&#091;0.2rem&#093; transition-colors duration-100 ease-in-out\"><strong data-start=\"0\" data-end=\"8\" data-is-only-node=\"\">Nas:<\/strong> Dulce \u0219i complex \u2014 vanilie, miere, caramel, fructe uscate, note u\u0219oare de citrice \u0219i lemn pr\u0103jit<\/span><\/p>\n<\/li>\n<li data-start=\"424\" data-end=\"505\">\n<p data-start=\"426\" data-end=\"505\"><span class=\"relative -mx-px my-&#091;-0.2rem&#093; rounded px-px py-&#091;0.2rem&#093; transition-colors duration-100 ease-in-out\"><strong data-start=\"0\" data-end=\"9\" data-is-only-node=\"\">Gust:<\/strong> Corp delicat, cu note de citrice, fructe ro\u0219ii (prune, cire\u0219e), caramel, miere \u0219i condimente calde<\/span><\/p>\n<\/li>\n<li data-start=\"506\" data-end=\"587\">\n<p data-start=\"508\" data-end=\"587\"><span class=\"relative -mx-px my-&#091;-0.2rem&#093; rounded px-px py-&#091;0.2rem&#093; transition-colors duration-100 ease-in-out\"><strong data-start=\"0\" data-end=\"10\" data-is-only-node=\"\">Final:<\/strong> Mediu spre lung, cu arom\u0103 cald\u0103 de stejar, mirodenii dulci \u0219i caramel<\/span><\/p>\n<\/li>\n<\/ul>\n<p>&nbsp;<\/p>\n<\/div><\/div><div class=\"divider-wrap\" data-alignment=\"default\"><div style=\"height: 25px;\" class=\"divider\"><\/div><\/div>\n\t\t\t<\/div> \n\t\t<\/div>\n\t<\/div> \n<\/div><\/div>\n\t\t<div id=\"fws_69e087618037b\"  data-midnight=\"dark\"  data-bg-mobile-hidden=\"\" class=\"wpb_row vc_row-fluid vc_row standard_section\"  style=\"padding-top: 0px; padding-bottom: 0px; \"><div class=\"row-bg-wrap\"><div class=\"inner-wrap\"><div class=\"row-bg\"  style=\"\"><\/div><\/div><div class=\"row-bg-overlay\" ><\/div><\/div><div class=\"col span_12 dark left\">\n\t<div  class=\"vc_col-sm-12 wpb_column column_container vc_column_container col no-extra-padding\"  data-t-w-inherits=\"default\" data-border-radius=\"none\" data-shadow=\"none\" data-border-animation=\"\" data-border-animation-delay=\"\" data-border-width=\"none\" data-border-style=\"solid\" data-border-color=\"\" data-bg-cover=\"\" data-padding-pos=\"all\" data-has-bg-color=\"false\" data-bg-color=\"\" data-bg-opacity=\"1\" data-hover-bg=\"\" data-hover-bg-opacity=\"1\" data-animation=\"\" data-delay=\"0\"><div class=\"column-bg-overlay\"><\/div>\n\t\t<div class=\"vc_column-inner\">\n\t\t\t<div class=\"wpb_wrapper\">\n\t\t\t\t<div class=\"divider-wrap\" data-alignment=\"default\"><div style=\"height: 100px;\" class=\"divider\"><\/div><\/div>\n\t\t\t<\/div> \n\t\t<\/div>\n\t<\/div> \n<\/div><\/div>","protected":false},"excerpt":{"rendered":"<ul>\n<li data-start=\"72\" data-end=\"113\">\n<p data-start=\"74\" data-end=\"113\"><span class=\"relative -mx-px my-[-0.2rem] rounded px-px py-[0.2rem] transition-colors duration-100 ease-in-out\"><strong data-start=\"0\" data-end=\"8\" data-is-only-node=\"\">Tip:<\/strong> Kentucky Straight Bourbon, cu declara\u021bie de v\u00e2rst\u0103 de 10 ani<\/span><\/p>\n<\/li>\n<li data-start=\"114\" data-end=\"193\">\n<p data-start=\"116\" data-end=\"193\"><span class=\"relative -mx-px my-[-0.2rem] rounded px-px py-[0.2rem] transition-colors duration-100 ease-in-out\"><strong data-start=\"0\" data-end=\"11\" data-is-only-node=\"\">Alcool:<\/strong> 45\u202f% ABV (90 proof)<\/span><\/p>\n<\/li>\n<li data-start=\"194\" data-end=\"271\">\n<p data-start=\"196\" data-end=\"271\"><span class=\"relative -mx-px my-[-0.2rem] rounded px-px py-[0.2rem] transition-colors duration-100 ease-in-out\"><strong data-start=\"0\" data-end=\"15\" data-is-only-node=\"\">Produc\u0103tor:<\/strong> Buffalo Trace Distillery, parte a Sazerac Company \u2014 una dintre cele mai vechi distilerii din SUA (din 1775)<\/span><\/p>\n<\/li>\n<li data-start=\"194\" data-end=\"271\"><strong>volum<\/strong>: 0.75L<\/li>\n<\/ul>\n","protected":false},"featured_media":10379,"comment_status":"open","ping_status":"closed","template":"","meta":[],"product_cat":[405,404,444,408],"product_tag":[],"yoast_head":"<!-- This site is optimized with the Yoast SEO plugin v20.10 - https:\/\/yoast.com\/wordpress\/plugins\/seo\/ -->\n<title>Eagle Rare 10 Year Kentucky Straight Bourbon Whiskey 45% | Global Bar Beverages<\/title>\n<meta name=\"robots\" content=\"index, follow, max-snippet:-1, max-image-preview:large, max-video-preview:-1\" \/>\n<link rel=\"canonical\" href=\"https:\/\/gbb.md\/ru\/product\/eagle-rare-10-year-kentucky-straight-bourbon-whiskey-45\/\" \/>\n<meta property=\"og:locale\" content=\"ru_RU\" \/>\n<meta property=\"og:type\" content=\"article\" \/>\n<meta property=\"og:title\" content=\"Eagle Rare 10 Year Kentucky Straight Bourbon Whiskey 45% | Global Bar Beverages\" \/>\n<meta property=\"og:description\" content=\"Tip: Kentucky Straight Bourbon, cu declara\u021bie de v\u00e2rst\u0103 de 10 ani    Alcool: 45\u202f% ABV (90 proof)    Produc\u0103tor: Buffalo Trace Distillery, parte a Sazerac Company \u2014 una dintre cele mai vechi distilerii din SUA (din 1775)   volum: 0.75L\" \/>\n<meta property=\"og:url\" content=\"https:\/\/gbb.md\/ru\/product\/eagle-rare-10-year-kentucky-straight-bourbon-whiskey-45\/\" \/>\n<meta property=\"og:site_name\" content=\"Global Bar Beverages\" \/>\n<meta property=\"article:publisher\" content=\"https:\/\/www.facebook.com\/profile.php?id=61555243232370\" \/>\n<meta property=\"article:modified_time\" content=\"2025-12-01T11:53:49+00:00\" \/>\n<meta property=\"og:image\" content=\"https:\/\/gbb.md\/wp-content\/uploads\/2025\/06\/301601-brendi-chatelle-vsop-napoleon-rare-old-french-brandy-0-7-l-mb-1.jpg\" \/>\n\t<meta property=\"og:image:width\" content=\"542\" \/>\n\t<meta property=\"og:image:height\" content=\"520\" \/>\n\t<meta property=\"og:image:type\" content=\"image\/jpeg\" \/>\n<meta name=\"twitter:card\" content=\"summary_large_image\" \/>\n<meta name=\"twitter:label1\" content=\"\u041f\u0440\u0438\u043c\u0435\u0440\u043d\u043e\u0435 \u0432\u0440\u0435\u043c\u044f \u0434\u043b\u044f \u0447\u0442\u0435\u043d\u0438\u044f\" \/>\n\t<meta name=\"twitter:data1\" content=\"2 \u043c\u0438\u043d\u0443\u0442\u044b\" \/>\n<script type=\"application\/ld+json\" class=\"yoast-schema-graph\">{\"@context\":\"https:\/\/schema.org\",\"@graph\":[{\"@type\":\"WebPage\",\"@id\":\"https:\/\/gbb.md\/product\/eagle-rare-10-year-kentucky-straight-bourbon-whiskey-45\/\",\"url\":\"https:\/\/gbb.md\/product\/eagle-rare-10-year-kentucky-straight-bourbon-whiskey-45\/\",\"name\":\"Eagle Rare 10 Year Kentucky Straight Bourbon Whiskey 45% | Global Bar Beverages\",\"isPartOf\":{\"@id\":\"https:\/\/gbb.md\/#website\"},\"datePublished\":\"2025-06-12T08:42:54+00:00\",\"dateModified\":\"2025-12-01T11:53:49+00:00\",\"breadcrumb\":{\"@id\":\"https:\/\/gbb.md\/product\/eagle-rare-10-year-kentucky-straight-bourbon-whiskey-45\/#breadcrumb\"},\"inLanguage\":\"ru-RU\",\"potentialAction\":[{\"@type\":\"ReadAction\",\"target\":[\"https:\/\/gbb.md\/product\/eagle-rare-10-year-kentucky-straight-bourbon-whiskey-45\/\"]}]},{\"@type\":\"BreadcrumbList\",\"@id\":\"https:\/\/gbb.md\/product\/eagle-rare-10-year-kentucky-straight-bourbon-whiskey-45\/#breadcrumb\",\"itemListElement\":[{\"@type\":\"ListItem\",\"position\":1,\"name\":\"\u0413\u043b\u0430\u0432\u043d\u0430\u044f \u0441\u0442\u0440\u0430\u043d\u0438\u0446\u0430\",\"item\":\"https:\/\/gbb.md\/\"},{\"@type\":\"ListItem\",\"position\":2,\"name\":\"Produse\",\"item\":\"https:\/\/gbb.md\/shop\/\"},{\"@type\":\"ListItem\",\"position\":3,\"name\":\"Eagle Rare 10 Year Kentucky Straight Bourbon Whiskey 45%\"}]},{\"@type\":\"WebSite\",\"@id\":\"https:\/\/gbb.md\/#website\",\"url\":\"https:\/\/gbb.md\/\",\"name\":\"GBB\",\"description\":\"\u042d\u0442\u043e \u043c\u043e\u043b\u043e\u0434\u0430\u044f \u0431\u044b\u0441\u0442\u0440\u043e\u0440\u0430\u0441\u0442\u0443\u0449\u0430\u044f \u043a\u043e\u043c\u043f\u0430\u043d\u0438\u044f, \u0441\u0442\u0430\u0432\u0448\u0430\u044f \u043a\u0440\u0443\u043f\u043d\u0435\u0439\u0448\u0438\u043c \u0432 \u041c\u043e\u043b\u0434\u043e\u0432\u0435 \u043f\u043e\u0441\u0442\u0430\u0432\u0449\u0438\u043a\u043e\u043c \u0441\u0438\u0440\u043e\u043f\u043e\u0432 \u0438 \u043f\u044e\u0440\u0435 \u0434\u043b\u044f \u043d\u0430\u043f\u0438\u0442\u043a\u043e\u0432, \u0447\u0430\u044f, \u043a\u043e\u0444\u0435, \u0441\u043e\u0443\u0441\u043e\u0432, \u0442\u043e\u043d\u0438\u043a\u043e\u0432 \u0438 bubble tea \u043e\u0442 \u0438\u043c\u0435\u043d\u0438\u0442\u044b\u0445 \u043f\u0440\u043e\u0438\u0437\u0432\u043e\u0434\u0438\u0442\u0435\u043b\u0435\u0439.\",\"publisher\":{\"@id\":\"https:\/\/gbb.md\/#organization\"},\"alternateName\":\"Global Bar Beverages\",\"potentialAction\":[{\"@type\":\"SearchAction\",\"target\":{\"@type\":\"EntryPoint\",\"urlTemplate\":\"https:\/\/gbb.md\/?s={search_term_string}\"},\"query-input\":\"required name=search_term_string\"}],\"inLanguage\":\"ru-RU\"},{\"@type\":\"Organization\",\"@id\":\"https:\/\/gbb.md\/#organization\",\"name\":\"GBB\",\"alternateName\":\"Global Bar Beverages\",\"url\":\"https:\/\/gbb.md\/\",\"logo\":{\"@type\":\"ImageObject\",\"inLanguage\":\"ru-RU\",\"@id\":\"https:\/\/gbb.md\/#\/schema\/logo\/image\/\",\"url\":\"https:\/\/gbb.md\/wp-content\/uploads\/2024\/01\/android-chrome-512x512-1.png\",\"contentUrl\":\"https:\/\/gbb.md\/wp-content\/uploads\/2024\/01\/android-chrome-512x512-1.png\",\"width\":512,\"height\":512,\"caption\":\"GBB\"},\"image\":{\"@id\":\"https:\/\/gbb.md\/#\/schema\/logo\/image\/\"},\"sameAs\":[\"https:\/\/www.facebook.com\/profile.php?id=61555243232370\"]}]}<\/script>\n<!-- \/ Yoast SEO plugin. -->","yoast_head_json":{"title":"Eagle Rare 10 Year Kentucky Straight Bourbon Whiskey 45% | Global Bar Beverages","robots":{"index":"index","follow":"follow","max-snippet":"max-snippet:-1","max-image-preview":"max-image-preview:large","max-video-preview":"max-video-preview:-1"},"canonical":"https:\/\/gbb.md\/ru\/product\/eagle-rare-10-year-kentucky-straight-bourbon-whiskey-45\/","og_locale":"ru_RU","og_type":"article","og_title":"Eagle Rare 10 Year Kentucky Straight Bourbon Whiskey 45% | Global Bar Beverages","og_description":"Tip: Kentucky Straight Bourbon, cu declara\u021bie de v\u00e2rst\u0103 de 10 ani    Alcool: 45\u202f% ABV (90 proof)    Produc\u0103tor: Buffalo Trace Distillery, parte a Sazerac Company \u2014 una dintre cele mai vechi distilerii din SUA (din 1775)   volum: 0.75L","og_url":"https:\/\/gbb.md\/ru\/product\/eagle-rare-10-year-kentucky-straight-bourbon-whiskey-45\/","og_site_name":"Global Bar Beverages","article_publisher":"https:\/\/www.facebook.com\/profile.php?id=61555243232370","article_modified_time":"2025-12-01T11:53:49+00:00","og_image":[{"width":542,"height":520,"url":"https:\/\/gbb.md\/wp-content\/uploads\/2025\/06\/301601-brendi-chatelle-vsop-napoleon-rare-old-french-brandy-0-7-l-mb-1.jpg","type":"image\/jpeg"}],"twitter_card":"summary_large_image","twitter_misc":{"\u041f\u0440\u0438\u043c\u0435\u0440\u043d\u043e\u0435 \u0432\u0440\u0435\u043c\u044f \u0434\u043b\u044f \u0447\u0442\u0435\u043d\u0438\u044f":"2 \u043c\u0438\u043d\u0443\u0442\u044b"},"schema":{"@context":"https:\/\/schema.org","@graph":[{"@type":"WebPage","@id":"https:\/\/gbb.md\/product\/eagle-rare-10-year-kentucky-straight-bourbon-whiskey-45\/","url":"https:\/\/gbb.md\/product\/eagle-rare-10-year-kentucky-straight-bourbon-whiskey-45\/","name":"Eagle Rare 10 Year Kentucky Straight Bourbon Whiskey 45% | Global Bar Beverages","isPartOf":{"@id":"https:\/\/gbb.md\/#website"},"datePublished":"2025-06-12T08:42:54+00:00","dateModified":"2025-12-01T11:53:49+00:00","breadcrumb":{"@id":"https:\/\/gbb.md\/product\/eagle-rare-10-year-kentucky-straight-bourbon-whiskey-45\/#breadcrumb"},"inLanguage":"ru-RU","potentialAction":[{"@type":"ReadAction","target":["https:\/\/gbb.md\/product\/eagle-rare-10-year-kentucky-straight-bourbon-whiskey-45\/"]}]},{"@type":"BreadcrumbList","@id":"https:\/\/gbb.md\/product\/eagle-rare-10-year-kentucky-straight-bourbon-whiskey-45\/#breadcrumb","itemListElement":[{"@type":"ListItem","position":1,"name":"\u0413\u043b\u0430\u0432\u043d\u0430\u044f \u0441\u0442\u0440\u0430\u043d\u0438\u0446\u0430","item":"https:\/\/gbb.md\/"},{"@type":"ListItem","position":2,"name":"Produse","item":"https:\/\/gbb.md\/shop\/"},{"@type":"ListItem","position":3,"name":"Eagle Rare 10 Year Kentucky Straight Bourbon Whiskey 45%"}]},{"@type":"WebSite","@id":"https:\/\/gbb.md\/#website","url":"https:\/\/gbb.md\/","name":"GBB","description":"\u042d\u0442\u043e \u043c\u043e\u043b\u043e\u0434\u0430\u044f \u0431\u044b\u0441\u0442\u0440\u043e\u0440\u0430\u0441\u0442\u0443\u0449\u0430\u044f \u043a\u043e\u043c\u043f\u0430\u043d\u0438\u044f, \u0441\u0442\u0430\u0432\u0448\u0430\u044f \u043a\u0440\u0443\u043f\u043d\u0435\u0439\u0448\u0438\u043c \u0432 \u041c\u043e\u043b\u0434\u043e\u0432\u0435 \u043f\u043e\u0441\u0442\u0430\u0432\u0449\u0438\u043a\u043e\u043c \u0441\u0438\u0440\u043e\u043f\u043e\u0432 \u0438 \u043f\u044e\u0440\u0435 \u0434\u043b\u044f \u043d\u0430\u043f\u0438\u0442\u043a\u043e\u0432, \u0447\u0430\u044f, \u043a\u043e\u0444\u0435, \u0441\u043e\u0443\u0441\u043e\u0432, \u0442\u043e\u043d\u0438\u043a\u043e\u0432 \u0438 bubble tea \u043e\u0442 \u0438\u043c\u0435\u043d\u0438\u0442\u044b\u0445 \u043f\u0440\u043e\u0438\u0437\u0432\u043e\u0434\u0438\u0442\u0435\u043b\u0435\u0439.","publisher":{"@id":"https:\/\/gbb.md\/#organization"},"alternateName":"Global Bar Beverages","potentialAction":[{"@type":"SearchAction","target":{"@type":"EntryPoint","urlTemplate":"https:\/\/gbb.md\/?s={search_term_string}"},"query-input":"required name=search_term_string"}],"inLanguage":"ru-RU"},{"@type":"Organization","@id":"https:\/\/gbb.md\/#organization","name":"GBB","alternateName":"Global Bar Beverages","url":"https:\/\/gbb.md\/","logo":{"@type":"ImageObject","inLanguage":"ru-RU","@id":"https:\/\/gbb.md\/#\/schema\/logo\/image\/","url":"https:\/\/gbb.md\/wp-content\/uploads\/2024\/01\/android-chrome-512x512-1.png","contentUrl":"https:\/\/gbb.md\/wp-content\/uploads\/2024\/01\/android-chrome-512x512-1.png","width":512,"height":512,"caption":"GBB"},"image":{"@id":"https:\/\/gbb.md\/#\/schema\/logo\/image\/"},"sameAs":["https:\/\/www.facebook.com\/profile.php?id=61555243232370"]}]}},"_links":{"self":[{"href":"https:\/\/gbb.md\/ru\/wp-json\/wp\/v2\/product\/10378"}],"collection":[{"href":"https:\/\/gbb.md\/ru\/wp-json\/wp\/v2\/product"}],"about":[{"href":"https:\/\/gbb.md\/ru\/wp-json\/wp\/v2\/types\/product"}],"replies":[{"embeddable":true,"href":"https:\/\/gbb.md\/ru\/wp-json\/wp\/v2\/comments?post=10378"}],"wp:featuredmedia":[{"embeddable":true,"href":"https:\/\/gbb.md\/ru\/wp-json\/wp\/v2\/media\/10379"}],"wp:attachment":[{"href":"https:\/\/gbb.md\/ru\/wp-json\/wp\/v2\/media?parent=10378"}],"wp:term":[{"taxonomy":"product_cat","embeddable":true,"href":"https:\/\/gbb.md\/ru\/wp-json\/wp\/v2\/product_cat?post=10378"},{"taxonomy":"product_tag","embeddable":true,"href":"https:\/\/gbb.md\/ru\/wp-json\/wp\/v2\/product_tag?post=10378"}],"curies":[{"name":"wp","href":"https:\/\/api.w.org\/{rel}","templated":true}]}}