{"id":10380,"date":"2025-06-12T11:48:14","date_gmt":"2025-06-12T08:48:14","guid":{"rendered":"https:\/\/gbb.md\/?post_type=product&#038;p=10380"},"modified":"2025-12-03T09:47:34","modified_gmt":"2025-12-03T07:47:34","slug":"southern-comfort-original-whiskey-liquor-35","status":"publish","type":"product","link":"https:\/\/gbb.md\/ru\/product\/southern-comfort-original-whiskey-liquor-35\/","title":{"rendered":"Southern Comfort Original Whiskey Liquor 35% (0.7L)"},"content":{"rendered":"<div id=\"fws_6a048b987fa73\"  data-midnight=\"dark\" data-top-percent=\"-30%\"  data-bg-mobile-hidden=\"\" class=\"wpb_row vc_row-fluid vc_row top-level  vc_row-o-equal-height vc_row-flex  vc_row-o-content-middle standard_section\"  style=\"padding-top: calc(100vw * 0.0-30); padding-bottom: 0px;  z-index: 100;\"><div class=\"row-bg-wrap\"><div class=\"inner-wrap\"><div class=\"row-bg\"  style=\"\"><\/div><\/div><div class=\"row-bg-overlay\" ><\/div><\/div><div class=\"col span_12 dark left\">\n\t<div style=\"margin-top: -190px; \" class=\"vc_col-sm-12 wpb_column column_container vc_column_container col neg-marg no-extra-padding\"  data-t-w-inherits=\"default\" data-border-radius=\"none\" data-shadow=\"none\" data-border-animation=\"\" data-border-animation-delay=\"\" data-border-width=\"none\" data-border-style=\"solid\" data-border-color=\"\" data-bg-cover=\"\" data-padding-pos=\"all\" data-has-bg-color=\"false\" data-bg-color=\"\" data-bg-opacity=\"1\" data-hover-bg=\"\" data-hover-bg-opacity=\"1\" data-animation=\"\" data-delay=\"0\"><div class=\"column-bg-overlay\"><\/div>\n\t\t<div class=\"vc_column-inner\">\n\t\t\t<div class=\"wpb_wrapper\">\n\t\t\t\t<div class=\"divider-wrap\" data-alignment=\"default\"><div style=\"height: 70px;\" class=\"divider\"><\/div><\/div><div id=\"ultimate-heading-89606a048b987fd36\" class=\"uvc-heading ult-adjust-bottom-margin ultimate-heading-89606a048b987fd36 uvc-3664\" data-hspacer=\"no_spacer\"  data-halign=\"left\" style=\"text-align:left\"><div class=\"uvc-heading-spacer no_spacer\" style=\"top\"><\/div><div class=\"uvc-main-heading ult-responsive\"  data-ultimate-target='.uvc-heading.ultimate-heading-89606a048b987fd36 h2'  data-responsive-json-new='{\"font-size\":\"desktop:28px;\",\"line-height\":\"\"}' ><h2 style=\"font-weight:bold;color:#333333;\">Southern Comfort Original Whiskey Liquor 35%<\/h2><\/div><div class=\"uvc-sub-heading ult-responsive\"  data-ultimate-target='.uvc-heading.ultimate-heading-89606a048b987fd36 .uvc-sub-heading '  data-responsive-json-new='{\"font-size\":\"desktop:18px;\",\"line-height\":\"\"}'  style=\"font-weight:normal;\"><strong data-start=\"1466\" data-end=\"1495\">Southern Comfort Original<\/strong> este un lichior whiskey versatil, cu o arom\u0103 fructat\u0103 \u0219i condimentat\u0103, u\u0219or de b\u0103ut. Ideal \u00een cocktailuri \u0219i pentru cine caut\u0103 o b\u0103utur\u0103 bl\u00e2nd\u0103, reconfortant\u0103. Nu este un whiskey pur, dar ofer\u0103 o experien\u021b\u0103 dulce \u0219i condimentat\u0103 cu accente calde de fructe \u0219i miere.<\/p>\n<h3 data-start=\"765\" data-end=\"794\">Istorie \u0219i reformulare<\/h3>\n<ul data-start=\"796\" data-end=\"961\">\n<li data-start=\"796\" data-end=\"879\">\n<p data-start=\"798\" data-end=\"879\"><span class=\"relative -mx-px my-&#091;-0.2rem&#093; rounded px-px py-&#091;0.2rem&#093; transition-colors duration-100 ease-in-out\">Ini\u021bial, folosea bourbon ca baz\u0103, apoi a fost reformulat cu alcool neutru \u2014 dar, dup\u0103 achizi\u021bia de c\u0103tre Sazerac, \u00een 2017 s-a revenit la un spirit de tip whiskey<\/span><\/p>\n<\/li>\n<li data-start=\"796\" data-end=\"879\"><span class=\"relative -mx-px my-&#091;-0.2rem&#093; rounded px-px py-&#091;0.2rem&#093; transition-colors duration-100 ease-in-out\">Ast\u0103zi este prezentat ca un lichior cu profil \u201ewhiskey-forward\u201d \u0219i arome naturale (fructe, condimente)<\/span><\/li>\n<\/ul>\n<h3 data-start=\"562\" data-end=\"591\">Recomand\u0103ri de servire<\/h3>\n<ul data-start=\"593\" data-end=\"758\">\n<li data-start=\"593\" data-end=\"676\">\n<p data-start=\"595\" data-end=\"676\"><span class=\"relative -mx-px my-&#091;-0.2rem&#093; rounded px-px py-&#091;0.2rem&#093; transition-colors duration-100 ease-in-out\">Se serve\u0219te <strong data-start=\"12\" data-end=\"20\">neat<\/strong> sau cu ghea\u021b\u0103 \u2014 u\u0219or de b\u0103ut \u0219i reconfortant<\/span><\/p>\n<\/li>\n<li data-start=\"677\" data-end=\"758\">\n<p data-start=\"679\" data-end=\"758\"><span class=\"relative -mx-px my-&#091;-0.2rem&#093; rounded px-px py-&#091;0.2rem&#093; transition-colors duration-100 ease-in-out\">Foarte versatil pentru <strong data-start=\"23\" data-end=\"38\">cocktailuri<\/strong> precum Old Fashioned, SoCo &amp; Cola, Scarlett O\u2019Hara, Hurricane, etc.<\/span><\/p>\n<\/li>\n<\/ul>\n<h3 data-start=\"278\" data-end=\"312\">Profil aromatic \u0219i gustativ<\/h3>\n<ul data-start=\"314\" data-end=\"555\">\n<li data-start=\"314\" data-end=\"393\">\n<p data-start=\"316\" data-end=\"393\"><span class=\"relative -mx-px my-&#091;-0.2rem&#093; rounded px-px py-&#091;0.2rem&#093; transition-colors duration-100 ease-in-out\"><strong data-start=\"0\" data-end=\"12\" data-is-only-node=\"\">Culoare:<\/strong> Ambr\u0103 cald\u0103, aurie<\/span><\/p>\n<\/li>\n<li data-start=\"394\" data-end=\"473\">\n<p data-start=\"396\" data-end=\"473\"><span class=\"relative -mx-px my-&#091;-0.2rem&#093; rounded px-px py-&#091;0.2rem&#093; transition-colors duration-100 ease-in-out\"><strong data-start=\"0\" data-end=\"10\" data-is-only-node=\"\">Arom\u0103:<\/strong> Fructe cu s\u00e2mburi (piersici confiate, cire\u0219e), condimente (scor\u021bi\u0219oar\u0103, anason stelat), vanilie \u0219i miere<\/span><\/p>\n<\/li>\n<li data-start=\"474\" data-end=\"555\">\n<p data-start=\"476\" data-end=\"555\"><span class=\"relative -mx-px my-&#091;-0.2rem&#093; rounded px-px py-&#091;0.2rem&#093; transition-colors duration-100 ease-in-out\"><strong data-start=\"0\" data-end=\"9\" data-is-only-node=\"\">Gust:<\/strong> Dulceag, catifelat, cu note fructate, caramel \u0219i miere; u\u0219or picant, cu postgust condimentat<\/span><\/p>\n<\/li>\n<\/ul>\n<\/div><\/div><div class=\"divider-wrap\" data-alignment=\"default\"><div style=\"height: 25px;\" class=\"divider\"><\/div><\/div>\n\t\t\t<\/div> \n\t\t<\/div>\n\t<\/div> \n<\/div><\/div>\n\t\t<div id=\"fws_6a048b98800c6\"  data-midnight=\"dark\"  data-bg-mobile-hidden=\"\" class=\"wpb_row vc_row-fluid vc_row standard_section\"  style=\"padding-top: 0px; padding-bottom: 0px; \"><div class=\"row-bg-wrap\"><div class=\"inner-wrap\"><div class=\"row-bg\"  style=\"\"><\/div><\/div><div class=\"row-bg-overlay\" ><\/div><\/div><div class=\"col span_12 dark left\">\n\t<div  class=\"vc_col-sm-12 wpb_column column_container vc_column_container col no-extra-padding\"  data-t-w-inherits=\"default\" data-border-radius=\"none\" data-shadow=\"none\" data-border-animation=\"\" data-border-animation-delay=\"\" data-border-width=\"none\" data-border-style=\"solid\" data-border-color=\"\" data-bg-cover=\"\" data-padding-pos=\"all\" data-has-bg-color=\"false\" data-bg-color=\"\" data-bg-opacity=\"1\" data-hover-bg=\"\" data-hover-bg-opacity=\"1\" data-animation=\"\" data-delay=\"0\"><div class=\"column-bg-overlay\"><\/div>\n\t\t<div class=\"vc_column-inner\">\n\t\t\t<div class=\"wpb_wrapper\">\n\t\t\t\t<div class=\"divider-wrap\" data-alignment=\"default\"><div style=\"height: 100px;\" class=\"divider\"><\/div><\/div>\n\t\t\t<\/div> \n\t\t<\/div>\n\t<\/div> \n<\/div><\/div>","protected":false},"excerpt":{"rendered":"<ul>\n<li data-start=\"72\" data-end=\"113\">\n<p data-start=\"74\" data-end=\"113\"><span class=\"relative -mx-px my-[-0.2rem] rounded px-px py-[0.2rem] transition-colors duration-100 ease-in-out\"><strong data-start=\"0\" data-end=\"8\" data-is-only-node=\"\">Tip:<\/strong> Lichior pe baz\u0103 de whisky (denumit adesea liqueur whiskey)<\/span><\/p>\n<\/li>\n<li data-start=\"114\" data-end=\"193\">\n<p data-start=\"116\" data-end=\"193\"><span class=\"relative -mx-px my-[-0.2rem] rounded px-px py-[0.2rem] transition-colors duration-100 ease-in-out\"><strong data-start=\"0\" data-end=\"11\" data-is-only-node=\"\">Alcool:<\/strong> 35% ABV (70 proof) pentru varianta \u201eOriginal\u201d<\/span><\/p>\n<\/li>\n<li data-start=\"114\" data-end=\"193\"><strong data-start=\"0\" data-end=\"12\" data-is-only-node=\"\">Origine:<\/strong> Creat \u00een 1874 de Martin Wilkes Heron, \u00een New Orleans; de\u021bine acum marca Sazerac Company (achizi\u021bionat\u0103 \u00een 2016)<\/li>\n<li data-start=\"114\" data-end=\"193\">volum 0.7L<\/li>\n<\/ul>\n","protected":false},"featured_media":10381,"comment_status":"open","ping_status":"closed","template":"","meta":[],"product_cat":[405,404,406,444,408],"product_tag":[],"yoast_head":"<!-- This site is optimized with the Yoast SEO plugin v20.10 - https:\/\/yoast.com\/wordpress\/plugins\/seo\/ -->\n<title>Southern Comfort Original Whiskey Liquor 35% (0.7L) | Global Bar Beverages<\/title>\n<meta name=\"robots\" content=\"index, follow, max-snippet:-1, max-image-preview:large, max-video-preview:-1\" \/>\n<link rel=\"canonical\" href=\"https:\/\/gbb.md\/ru\/product\/southern-comfort-original-whiskey-liquor-35\/\" \/>\n<meta property=\"og:locale\" content=\"ru_RU\" \/>\n<meta property=\"og:type\" content=\"article\" \/>\n<meta property=\"og:title\" content=\"Southern Comfort Original Whiskey Liquor 35% (0.7L) | Global Bar Beverages\" \/>\n<meta property=\"og:description\" content=\"Tip: Lichior pe baz\u0103 de whisky (denumit adesea liqueur whiskey)    Alcool: 35% ABV (70 proof) pentru varianta \u201eOriginal\u201d   Origine: Creat \u00een 1874 de Martin Wilkes Heron, \u00een New Orleans; de\u021bine acum marca Sazerac Company (achizi\u021bionat\u0103 \u00een 2016)  volum 0.7L\" \/>\n<meta property=\"og:url\" content=\"https:\/\/gbb.md\/ru\/product\/southern-comfort-original-whiskey-liquor-35\/\" \/>\n<meta property=\"og:site_name\" content=\"Global Bar Beverages\" \/>\n<meta property=\"article:publisher\" content=\"https:\/\/www.facebook.com\/profile.php?id=61555243232370\" \/>\n<meta property=\"article:modified_time\" content=\"2025-12-03T07:47:34+00:00\" \/>\n<meta property=\"og:image\" content=\"https:\/\/gbb.md\/wp-content\/uploads\/2025\/06\/102044_southern-comfort_700.jpg\" \/>\n\t<meta property=\"og:image:width\" content=\"640\" \/>\n\t<meta property=\"og:image:height\" content=\"640\" \/>\n\t<meta property=\"og:image:type\" content=\"image\/jpeg\" \/>\n<meta name=\"twitter:card\" content=\"summary_large_image\" \/>\n<meta name=\"twitter:label1\" content=\"\u041f\u0440\u0438\u043c\u0435\u0440\u043d\u043e\u0435 \u0432\u0440\u0435\u043c\u044f \u0434\u043b\u044f \u0447\u0442\u0435\u043d\u0438\u044f\" \/>\n\t<meta name=\"twitter:data1\" content=\"2 \u043c\u0438\u043d\u0443\u0442\u044b\" \/>\n<script type=\"application\/ld+json\" class=\"yoast-schema-graph\">{\"@context\":\"https:\/\/schema.org\",\"@graph\":[{\"@type\":\"WebPage\",\"@id\":\"https:\/\/gbb.md\/product\/southern-comfort-original-whiskey-liquor-35\/\",\"url\":\"https:\/\/gbb.md\/product\/southern-comfort-original-whiskey-liquor-35\/\",\"name\":\"Southern Comfort Original Whiskey Liquor 35% (0.7L) | Global Bar Beverages\",\"isPartOf\":{\"@id\":\"https:\/\/gbb.md\/#website\"},\"datePublished\":\"2025-06-12T08:48:14+00:00\",\"dateModified\":\"2025-12-03T07:47:34+00:00\",\"breadcrumb\":{\"@id\":\"https:\/\/gbb.md\/product\/southern-comfort-original-whiskey-liquor-35\/#breadcrumb\"},\"inLanguage\":\"ru-RU\",\"potentialAction\":[{\"@type\":\"ReadAction\",\"target\":[\"https:\/\/gbb.md\/product\/southern-comfort-original-whiskey-liquor-35\/\"]}]},{\"@type\":\"BreadcrumbList\",\"@id\":\"https:\/\/gbb.md\/product\/southern-comfort-original-whiskey-liquor-35\/#breadcrumb\",\"itemListElement\":[{\"@type\":\"ListItem\",\"position\":1,\"name\":\"\u0413\u043b\u0430\u0432\u043d\u0430\u044f \u0441\u0442\u0440\u0430\u043d\u0438\u0446\u0430\",\"item\":\"https:\/\/gbb.md\/\"},{\"@type\":\"ListItem\",\"position\":2,\"name\":\"Produse\",\"item\":\"https:\/\/gbb.md\/shop\/\"},{\"@type\":\"ListItem\",\"position\":3,\"name\":\"Southern Comfort Original Whiskey Liquor 35% (0.7L)\"}]},{\"@type\":\"WebSite\",\"@id\":\"https:\/\/gbb.md\/#website\",\"url\":\"https:\/\/gbb.md\/\",\"name\":\"GBB\",\"description\":\"\u042d\u0442\u043e \u043c\u043e\u043b\u043e\u0434\u0430\u044f \u0431\u044b\u0441\u0442\u0440\u043e\u0440\u0430\u0441\u0442\u0443\u0449\u0430\u044f \u043a\u043e\u043c\u043f\u0430\u043d\u0438\u044f, \u0441\u0442\u0430\u0432\u0448\u0430\u044f \u043a\u0440\u0443\u043f\u043d\u0435\u0439\u0448\u0438\u043c \u0432 \u041c\u043e\u043b\u0434\u043e\u0432\u0435 \u043f\u043e\u0441\u0442\u0430\u0432\u0449\u0438\u043a\u043e\u043c \u0441\u0438\u0440\u043e\u043f\u043e\u0432 \u0438 \u043f\u044e\u0440\u0435 \u0434\u043b\u044f \u043d\u0430\u043f\u0438\u0442\u043a\u043e\u0432, \u0447\u0430\u044f, \u043a\u043e\u0444\u0435, \u0441\u043e\u0443\u0441\u043e\u0432, \u0442\u043e\u043d\u0438\u043a\u043e\u0432 \u0438 bubble tea \u043e\u0442 \u0438\u043c\u0435\u043d\u0438\u0442\u044b\u0445 \u043f\u0440\u043e\u0438\u0437\u0432\u043e\u0434\u0438\u0442\u0435\u043b\u0435\u0439.\",\"publisher\":{\"@id\":\"https:\/\/gbb.md\/#organization\"},\"alternateName\":\"Global Bar Beverages\",\"potentialAction\":[{\"@type\":\"SearchAction\",\"target\":{\"@type\":\"EntryPoint\",\"urlTemplate\":\"https:\/\/gbb.md\/?s={search_term_string}\"},\"query-input\":\"required name=search_term_string\"}],\"inLanguage\":\"ru-RU\"},{\"@type\":\"Organization\",\"@id\":\"https:\/\/gbb.md\/#organization\",\"name\":\"GBB\",\"alternateName\":\"Global Bar Beverages\",\"url\":\"https:\/\/gbb.md\/\",\"logo\":{\"@type\":\"ImageObject\",\"inLanguage\":\"ru-RU\",\"@id\":\"https:\/\/gbb.md\/#\/schema\/logo\/image\/\",\"url\":\"https:\/\/gbb.md\/wp-content\/uploads\/2024\/01\/android-chrome-512x512-1.png\",\"contentUrl\":\"https:\/\/gbb.md\/wp-content\/uploads\/2024\/01\/android-chrome-512x512-1.png\",\"width\":512,\"height\":512,\"caption\":\"GBB\"},\"image\":{\"@id\":\"https:\/\/gbb.md\/#\/schema\/logo\/image\/\"},\"sameAs\":[\"https:\/\/www.facebook.com\/profile.php?id=61555243232370\"]}]}<\/script>\n<!-- \/ Yoast SEO plugin. -->","yoast_head_json":{"title":"Southern Comfort Original Whiskey Liquor 35% (0.7L) | Global Bar Beverages","robots":{"index":"index","follow":"follow","max-snippet":"max-snippet:-1","max-image-preview":"max-image-preview:large","max-video-preview":"max-video-preview:-1"},"canonical":"https:\/\/gbb.md\/ru\/product\/southern-comfort-original-whiskey-liquor-35\/","og_locale":"ru_RU","og_type":"article","og_title":"Southern Comfort Original Whiskey Liquor 35% (0.7L) | Global Bar Beverages","og_description":"Tip: Lichior pe baz\u0103 de whisky (denumit adesea liqueur whiskey)    Alcool: 35% ABV (70 proof) pentru varianta \u201eOriginal\u201d   Origine: Creat \u00een 1874 de Martin Wilkes Heron, \u00een New Orleans; de\u021bine acum marca Sazerac Company (achizi\u021bionat\u0103 \u00een 2016)  volum 0.7L","og_url":"https:\/\/gbb.md\/ru\/product\/southern-comfort-original-whiskey-liquor-35\/","og_site_name":"Global Bar Beverages","article_publisher":"https:\/\/www.facebook.com\/profile.php?id=61555243232370","article_modified_time":"2025-12-03T07:47:34+00:00","og_image":[{"width":640,"height":640,"url":"https:\/\/gbb.md\/wp-content\/uploads\/2025\/06\/102044_southern-comfort_700.jpg","type":"image\/jpeg"}],"twitter_card":"summary_large_image","twitter_misc":{"\u041f\u0440\u0438\u043c\u0435\u0440\u043d\u043e\u0435 \u0432\u0440\u0435\u043c\u044f \u0434\u043b\u044f \u0447\u0442\u0435\u043d\u0438\u044f":"2 \u043c\u0438\u043d\u0443\u0442\u044b"},"schema":{"@context":"https:\/\/schema.org","@graph":[{"@type":"WebPage","@id":"https:\/\/gbb.md\/product\/southern-comfort-original-whiskey-liquor-35\/","url":"https:\/\/gbb.md\/product\/southern-comfort-original-whiskey-liquor-35\/","name":"Southern Comfort Original Whiskey Liquor 35% (0.7L) | Global Bar Beverages","isPartOf":{"@id":"https:\/\/gbb.md\/#website"},"datePublished":"2025-06-12T08:48:14+00:00","dateModified":"2025-12-03T07:47:34+00:00","breadcrumb":{"@id":"https:\/\/gbb.md\/product\/southern-comfort-original-whiskey-liquor-35\/#breadcrumb"},"inLanguage":"ru-RU","potentialAction":[{"@type":"ReadAction","target":["https:\/\/gbb.md\/product\/southern-comfort-original-whiskey-liquor-35\/"]}]},{"@type":"BreadcrumbList","@id":"https:\/\/gbb.md\/product\/southern-comfort-original-whiskey-liquor-35\/#breadcrumb","itemListElement":[{"@type":"ListItem","position":1,"name":"\u0413\u043b\u0430\u0432\u043d\u0430\u044f \u0441\u0442\u0440\u0430\u043d\u0438\u0446\u0430","item":"https:\/\/gbb.md\/"},{"@type":"ListItem","position":2,"name":"Produse","item":"https:\/\/gbb.md\/shop\/"},{"@type":"ListItem","position":3,"name":"Southern Comfort Original Whiskey Liquor 35% (0.7L)"}]},{"@type":"WebSite","@id":"https:\/\/gbb.md\/#website","url":"https:\/\/gbb.md\/","name":"GBB","description":"\u042d\u0442\u043e \u043c\u043e\u043b\u043e\u0434\u0430\u044f \u0431\u044b\u0441\u0442\u0440\u043e\u0440\u0430\u0441\u0442\u0443\u0449\u0430\u044f \u043a\u043e\u043c\u043f\u0430\u043d\u0438\u044f, \u0441\u0442\u0430\u0432\u0448\u0430\u044f \u043a\u0440\u0443\u043f\u043d\u0435\u0439\u0448\u0438\u043c \u0432 \u041c\u043e\u043b\u0434\u043e\u0432\u0435 \u043f\u043e\u0441\u0442\u0430\u0432\u0449\u0438\u043a\u043e\u043c \u0441\u0438\u0440\u043e\u043f\u043e\u0432 \u0438 \u043f\u044e\u0440\u0435 \u0434\u043b\u044f \u043d\u0430\u043f\u0438\u0442\u043a\u043e\u0432, \u0447\u0430\u044f, \u043a\u043e\u0444\u0435, \u0441\u043e\u0443\u0441\u043e\u0432, \u0442\u043e\u043d\u0438\u043a\u043e\u0432 \u0438 bubble tea \u043e\u0442 \u0438\u043c\u0435\u043d\u0438\u0442\u044b\u0445 \u043f\u0440\u043e\u0438\u0437\u0432\u043e\u0434\u0438\u0442\u0435\u043b\u0435\u0439.","publisher":{"@id":"https:\/\/gbb.md\/#organization"},"alternateName":"Global Bar Beverages","potentialAction":[{"@type":"SearchAction","target":{"@type":"EntryPoint","urlTemplate":"https:\/\/gbb.md\/?s={search_term_string}"},"query-input":"required name=search_term_string"}],"inLanguage":"ru-RU"},{"@type":"Organization","@id":"https:\/\/gbb.md\/#organization","name":"GBB","alternateName":"Global Bar Beverages","url":"https:\/\/gbb.md\/","logo":{"@type":"ImageObject","inLanguage":"ru-RU","@id":"https:\/\/gbb.md\/#\/schema\/logo\/image\/","url":"https:\/\/gbb.md\/wp-content\/uploads\/2024\/01\/android-chrome-512x512-1.png","contentUrl":"https:\/\/gbb.md\/wp-content\/uploads\/2024\/01\/android-chrome-512x512-1.png","width":512,"height":512,"caption":"GBB"},"image":{"@id":"https:\/\/gbb.md\/#\/schema\/logo\/image\/"},"sameAs":["https:\/\/www.facebook.com\/profile.php?id=61555243232370"]}]}},"_links":{"self":[{"href":"https:\/\/gbb.md\/ru\/wp-json\/wp\/v2\/product\/10380"}],"collection":[{"href":"https:\/\/gbb.md\/ru\/wp-json\/wp\/v2\/product"}],"about":[{"href":"https:\/\/gbb.md\/ru\/wp-json\/wp\/v2\/types\/product"}],"replies":[{"embeddable":true,"href":"https:\/\/gbb.md\/ru\/wp-json\/wp\/v2\/comments?post=10380"}],"wp:featuredmedia":[{"embeddable":true,"href":"https:\/\/gbb.md\/ru\/wp-json\/wp\/v2\/media\/10381"}],"wp:attachment":[{"href":"https:\/\/gbb.md\/ru\/wp-json\/wp\/v2\/media?parent=10380"}],"wp:term":[{"taxonomy":"product_cat","embeddable":true,"href":"https:\/\/gbb.md\/ru\/wp-json\/wp\/v2\/product_cat?post=10380"},{"taxonomy":"product_tag","embeddable":true,"href":"https:\/\/gbb.md\/ru\/wp-json\/wp\/v2\/product_tag?post=10380"}],"curies":[{"name":"wp","href":"https:\/\/api.w.org\/{rel}","templated":true}]}}