{"id":10386,"date":"2025-06-12T11:55:32","date_gmt":"2025-06-12T08:55:32","guid":{"rendered":"https:\/\/gbb.md\/?post_type=product&#038;p=10386"},"modified":"2026-04-09T12:24:04","modified_gmt":"2026-04-09T09:24:04","slug":"fireball-cinnamon-whisky-liquor-33-2","status":"publish","type":"product","link":"https:\/\/gbb.md\/ru\/product\/fireball-cinnamon-whisky-liquor-33-2\/","title":{"rendered":"Fireball Cinnamon Whisky Liquor 33%"},"content":{"rendered":"<div id=\"fws_69f4524be56c2\"  data-midnight=\"dark\" data-top-percent=\"-30%\"  data-bg-mobile-hidden=\"\" class=\"wpb_row vc_row-fluid vc_row top-level  vc_row-o-equal-height vc_row-flex  vc_row-o-content-middle standard_section\"  style=\"padding-top: calc(100vw * 0.0-30); padding-bottom: 0px;  z-index: 100;\"><div class=\"row-bg-wrap\"><div class=\"inner-wrap\"><div class=\"row-bg\"  style=\"\"><\/div><\/div><div class=\"row-bg-overlay\" ><\/div><\/div><div class=\"col span_12 dark left\">\n\t<div style=\"margin-top: -190px; \" class=\"vc_col-sm-12 wpb_column column_container vc_column_container col neg-marg no-extra-padding\"  data-t-w-inherits=\"default\" data-border-radius=\"none\" data-shadow=\"none\" data-border-animation=\"\" data-border-animation-delay=\"\" data-border-width=\"none\" data-border-style=\"solid\" data-border-color=\"\" data-bg-cover=\"\" data-padding-pos=\"all\" data-has-bg-color=\"false\" data-bg-color=\"\" data-bg-opacity=\"1\" data-hover-bg=\"\" data-hover-bg-opacity=\"1\" data-animation=\"\" data-delay=\"0\"><div class=\"column-bg-overlay\"><\/div>\n\t\t<div class=\"vc_column-inner\">\n\t\t\t<div class=\"wpb_wrapper\">\n\t\t\t\t<div class=\"divider-wrap\" data-alignment=\"default\"><div style=\"height: 70px;\" class=\"divider\"><\/div><\/div><div id=\"ultimate-heading-477369f4524be5a9f\" class=\"uvc-heading ult-adjust-bottom-margin ultimate-heading-477369f4524be5a9f uvc-7072\" data-hspacer=\"no_spacer\"  data-halign=\"left\" style=\"text-align:left\"><div class=\"uvc-heading-spacer no_spacer\" style=\"top\"><\/div><div class=\"uvc-main-heading ult-responsive\"  data-ultimate-target='.uvc-heading.ultimate-heading-477369f4524be5a9f h2'  data-responsive-json-new='{\"font-size\":\"desktop:28px;\",\"line-height\":\"\"}' ><h2 style=\"font-weight:bold;color:#333333;\">Fireball Cinnamon Whisky Liquor 33%<\/h2><\/div><div class=\"uvc-sub-heading ult-responsive\"  data-ultimate-target='.uvc-heading.ultimate-heading-477369f4524be5a9f .uvc-sub-heading '  data-responsive-json-new='{\"font-size\":\"desktop:18px;\",\"line-height\":\"\"}'  style=\"font-weight:normal;\"><strong data-start=\"1300\" data-end=\"1328\">Fireball Cinnamon Whisky<\/strong> este un lichior intens, excelent de consumat ca shot, \u00een cocktailuri creative sau chiar \u00eentr-un Hot Toddy. Cu aroma sa distinctiv\u0103 de scor\u021bi\u0219oar\u0103 condimentat\u0103 \u0219i dulce, s-a impus ca brand iconic.<br data-start=\"1524\" data-end=\"1527\" \/><span class=\"relative -mx-px my-&#091;-0.2rem&#093; rounded px-px py-&#091;0.2rem&#093; transition-colors duration-100 ease-in-out\">Nu este un whisky tradi\u021bional, ci un \u201eflavored whiskey\u201d conform TTB, cu min. 30% ABV.<\/span>\u00a0Perfect pentru cei care caut\u0103 senzorialitate \u0219i senza\u021bie de c\u0103ldur\u0103, f\u0103r\u0103 preten\u021bii de b\u0103utur\u0103 \u201etare\u201d.<\/p>\n<h3 data-start=\"815\" data-end=\"844\">Servire \u0219i utiliz\u0103ri<\/h3>\n<ul data-start=\"846\" data-end=\"1067\">\n<li data-start=\"846\" data-end=\"1067\">\n<p data-start=\"848\" data-end=\"889\"><span class=\"relative -mx-px my-&#091;-0.2rem&#093; rounded px-px py-&#091;0.2rem&#093; transition-colors duration-100 ease-in-out\"><strong data-start=\"0\" data-end=\"17\" data-is-only-node=\"\">Mod de consum<\/strong>:<\/span><\/p>\n<ul data-start=\"892\" data-end=\"1067\">\n<li data-start=\"892\" data-end=\"935\">\n<p data-start=\"894\" data-end=\"935\"><span class=\"relative -mx-px my-&#091;-0.2rem&#093; rounded px-px py-&#091;0.2rem&#093; transition-colors duration-100 ease-in-out\"><em data-start=\"0\" data-end=\"10\" data-is-only-node=\"\">Straight<\/em>: shot rece din congelator<\/span><\/p>\n<\/li>\n<li data-start=\"938\" data-end=\"981\">\n<p data-start=\"940\" data-end=\"981\"><span class=\"relative -mx-px my-&#091;-0.2rem&#093; rounded px-px py-&#091;0.2rem&#093; transition-colors duration-100 ease-in-out\"><em data-start=\"0\" data-end=\"14\" data-is-only-node=\"\">On the rocks<\/em>: pentru o urm\u0103 de rafinament<\/span><\/p>\n<\/li>\n<li data-start=\"984\" data-end=\"1067\">\n<p data-start=\"986\" data-end=\"1067\"><span class=\"relative -mx-px my-&#091;-0.2rem&#093; rounded px-px py-&#091;0.2rem&#093; transition-colors duration-100 ease-in-out\"><em data-start=\"0\" data-end=\"13\" data-is-only-node=\"\">Cocktailuri<\/em>: Folosit \u00een creatii precum Ciderball, Cinnamon Toast Crunch, Hot Cherry Fizz sau Cinna-Rita; ideal \u00een b\u0103uturi calde precum Hot Toddy sau Mexican Coffee<\/span><\/p>\n<\/li>\n<\/ul>\n<\/li>\n<\/ul>\n<h3 data-start=\"491\" data-end=\"515\">Profil de gust<\/h3>\n<ul data-start=\"517\" data-end=\"808\">\n<li data-start=\"517\" data-end=\"558\">\n<p data-start=\"519\" data-end=\"558\"><span class=\"relative -mx-px my-&#091;-0.2rem&#093; rounded px-px py-&#091;0.2rem&#093; transition-colors duration-100 ease-in-out\"><strong data-start=\"0\" data-end=\"11\" data-is-only-node=\"\">Culoare<\/strong>: Amber-\u00eenchis, cald<\/span><\/p>\n<\/li>\n<li data-start=\"559\" data-end=\"640\">\n<p data-start=\"561\" data-end=\"640\"><span class=\"relative -mx-px my-&#091;-0.2rem&#093; rounded px-px py-&#091;0.2rem&#093; transition-colors duration-100 ease-in-out\"><strong data-start=\"0\" data-end=\"7\" data-is-only-node=\"\">Nas<\/strong>: Puternic miros de bomboane de scor\u021bi\u0219oar\u0103, cu note de vanilie \u0219i piper<\/span><\/p>\n<\/li>\n<li data-start=\"641\" data-end=\"724\">\n<p data-start=\"643\" data-end=\"724\"><span class=\"relative -mx-px my-&#091;-0.2rem&#093; rounded px-px py-&#091;0.2rem&#093; transition-colors duration-100 ease-in-out\"><strong data-start=\"0\" data-end=\"8\" data-is-only-node=\"\">Gust<\/strong>: Explozie de scor\u021bi\u0219oar\u0103 dulce, fin balansat\u0103 de whisky, vanilie \u0219i piper; senza\u021bie de arsur\u0103 intens\u0103 urmat\u0103 de dulcea\u021b\u0103<\/span><\/p>\n<\/li>\n<li data-start=\"725\" data-end=\"808\">\n<p data-start=\"727\" data-end=\"808\"><span class=\"relative -mx-px my-&#091;-0.2rem&#093; rounded px-px py-&#091;0.2rem&#093; transition-colors duration-100 ease-in-out\"><strong data-start=\"0\" data-end=\"18\" data-is-only-node=\"\">Popular pentru<\/strong> consumul ca shot rece (\u201etastes like heaven, burns like hell\u201d)<\/span><\/p>\n<\/li>\n<\/ul>\n<\/div><\/div><div class=\"divider-wrap\" data-alignment=\"default\"><div style=\"height: 25px;\" class=\"divider\"><\/div><\/div>\n\t\t\t<\/div> \n\t\t<\/div>\n\t<\/div> \n<\/div><\/div>\n\t\t<div id=\"fws_69f4524be5e52\"  data-midnight=\"dark\"  data-bg-mobile-hidden=\"\" class=\"wpb_row vc_row-fluid vc_row standard_section\"  style=\"padding-top: 0px; padding-bottom: 0px; \"><div class=\"row-bg-wrap\"><div class=\"inner-wrap\"><div class=\"row-bg\"  style=\"\"><\/div><\/div><div class=\"row-bg-overlay\" ><\/div><\/div><div class=\"col span_12 dark left\">\n\t<div  class=\"vc_col-sm-12 wpb_column column_container vc_column_container col no-extra-padding\"  data-t-w-inherits=\"default\" data-border-radius=\"none\" data-shadow=\"none\" data-border-animation=\"\" data-border-animation-delay=\"\" data-border-width=\"none\" data-border-style=\"solid\" data-border-color=\"\" data-bg-cover=\"\" data-padding-pos=\"all\" data-has-bg-color=\"false\" data-bg-color=\"\" data-bg-opacity=\"1\" data-hover-bg=\"\" data-hover-bg-opacity=\"1\" data-animation=\"\" data-delay=\"0\"><div class=\"column-bg-overlay\"><\/div>\n\t\t<div class=\"vc_column-inner\">\n\t\t\t<div class=\"wpb_wrapper\">\n\t\t\t\t<div class=\"divider-wrap\" data-alignment=\"default\"><div style=\"height: 100px;\" class=\"divider\"><\/div><\/div>\n\t\t\t<\/div> \n\t\t<\/div>\n\t<\/div> \n<\/div><\/div>","protected":false},"excerpt":{"rendered":"<ul>\n<li data-start=\"165\" data-end=\"244\">\n<p data-start=\"167\" data-end=\"244\"><span class=\"relative -mx-px my-[-0.2rem] rounded px-px py-[0.2rem] transition-colors duration-100 ease-in-out\"><strong data-start=\"0\" data-end=\"7\" data-is-only-node=\"\">Tip<\/strong>: Lichior \u2013 \u201eCanadian whisky-based cinnamon liqueur\u201d<\/span><\/p>\n<\/li>\n<li data-start=\"245\" data-end=\"324\">\n<p data-start=\"247\" data-end=\"324\"><span class=\"relative -mx-px my-[-0.2rem] rounded px-px py-[0.2rem] transition-colors duration-100 ease-in-out\"><strong data-start=\"0\" data-end=\"10\" data-is-only-node=\"\">Alcool<\/strong>: 33% ABV (66 proof)<\/span><\/p>\n<\/li>\n<li data-start=\"325\" data-end=\"404\">\n<p data-start=\"327\" data-end=\"404\"><span class=\"relative -mx-px my-[-0.2rem] rounded px-px py-[0.2rem] transition-colors duration-100 ease-in-out\"><strong data-start=\"0\" data-end=\"15\" data-is-only-node=\"\">Ingrediente<\/strong>: whisky canadian, scor\u021bi\u0219oar\u0103 \u0219i \u00eendulcitori naturali<\/span><\/p>\n<\/li>\n<li data-start=\"405\" data-end=\"484\">\n<p data-start=\"407\" data-end=\"484\"><span class=\"relative -mx-px my-[-0.2rem] rounded px-px py-[0.2rem] transition-colors duration-100 ease-in-out\"><strong data-start=\"0\" data-end=\"10\" data-is-only-node=\"\">L\u0103udat<\/strong> pentru combina\u021bia sa intens\u0103 de scor\u021bi\u0219oar\u0103 \u0219i dulcea\u021b\u0103, fiind numit flagship-ul shoturilor \u00een SUA<\/span><\/p>\n<\/li>\n<li data-start=\"405\" data-end=\"484\">Volum: 0.7L<\/li>\n<\/ul>\n","protected":false},"featured_media":10387,"comment_status":"open","ping_status":"closed","template":"","meta":[],"product_cat":[405,404,406,444,408],"product_tag":[],"yoast_head":"<!-- This site is optimized with the Yoast SEO plugin v20.10 - https:\/\/yoast.com\/wordpress\/plugins\/seo\/ -->\n<title>Fireball Cinnamon Whisky Liquor 33% | Global Bar Beverages<\/title>\n<meta name=\"robots\" content=\"index, follow, max-snippet:-1, max-image-preview:large, max-video-preview:-1\" \/>\n<link rel=\"canonical\" href=\"https:\/\/gbb.md\/ru\/product\/fireball-cinnamon-whisky-liquor-33-2\/\" \/>\n<meta property=\"og:locale\" content=\"ru_RU\" \/>\n<meta property=\"og:type\" content=\"article\" \/>\n<meta property=\"og:title\" content=\"Fireball Cinnamon Whisky Liquor 33% | Global Bar Beverages\" \/>\n<meta property=\"og:description\" content=\"Tip: Lichior \u2013 \u201eCanadian whisky-based cinnamon liqueur\u201d    Alcool: 33% ABV (66 proof)    Ingrediente: whisky canadian, scor\u021bi\u0219oar\u0103 \u0219i \u00eendulcitori naturali    L\u0103udat pentru combina\u021bia sa intens\u0103 de scor\u021bi\u0219oar\u0103 \u0219i dulcea\u021b\u0103, fiind numit flagship-ul shoturilor \u00een SUA   Volum: 0.7L\" \/>\n<meta property=\"og:url\" content=\"https:\/\/gbb.md\/ru\/product\/fireball-cinnamon-whisky-liquor-33-2\/\" \/>\n<meta property=\"og:site_name\" content=\"Global Bar Beverages\" \/>\n<meta property=\"article:publisher\" content=\"https:\/\/www.facebook.com\/profile.php?id=61555243232370\" \/>\n<meta property=\"article:modified_time\" content=\"2026-04-09T09:24:04+00:00\" \/>\n<meta property=\"og:image\" content=\"https:\/\/gbb.md\/wp-content\/uploads\/2025\/06\/301601-brendi-chatelle-vsop-napoleon-rare-old-french-brandy-0-7-l-mb-2.jpg\" \/>\n\t<meta property=\"og:image:width\" content=\"542\" \/>\n\t<meta property=\"og:image:height\" content=\"520\" \/>\n\t<meta property=\"og:image:type\" content=\"image\/jpeg\" \/>\n<meta name=\"twitter:card\" content=\"summary_large_image\" \/>\n<meta name=\"twitter:label1\" content=\"\u041f\u0440\u0438\u043c\u0435\u0440\u043d\u043e\u0435 \u0432\u0440\u0435\u043c\u044f \u0434\u043b\u044f \u0447\u0442\u0435\u043d\u0438\u044f\" \/>\n\t<meta name=\"twitter:data1\" content=\"2 \u043c\u0438\u043d\u0443\u0442\u044b\" \/>\n<script type=\"application\/ld+json\" class=\"yoast-schema-graph\">{\"@context\":\"https:\/\/schema.org\",\"@graph\":[{\"@type\":\"WebPage\",\"@id\":\"https:\/\/gbb.md\/product\/fireball-cinnamon-whisky-liquor-33-2\/\",\"url\":\"https:\/\/gbb.md\/product\/fireball-cinnamon-whisky-liquor-33-2\/\",\"name\":\"Fireball Cinnamon Whisky Liquor 33% | Global Bar Beverages\",\"isPartOf\":{\"@id\":\"https:\/\/gbb.md\/#website\"},\"datePublished\":\"2025-06-12T08:55:32+00:00\",\"dateModified\":\"2026-04-09T09:24:04+00:00\",\"breadcrumb\":{\"@id\":\"https:\/\/gbb.md\/product\/fireball-cinnamon-whisky-liquor-33-2\/#breadcrumb\"},\"inLanguage\":\"ru-RU\",\"potentialAction\":[{\"@type\":\"ReadAction\",\"target\":[\"https:\/\/gbb.md\/product\/fireball-cinnamon-whisky-liquor-33-2\/\"]}]},{\"@type\":\"BreadcrumbList\",\"@id\":\"https:\/\/gbb.md\/product\/fireball-cinnamon-whisky-liquor-33-2\/#breadcrumb\",\"itemListElement\":[{\"@type\":\"ListItem\",\"position\":1,\"name\":\"\u0413\u043b\u0430\u0432\u043d\u0430\u044f \u0441\u0442\u0440\u0430\u043d\u0438\u0446\u0430\",\"item\":\"https:\/\/gbb.md\/\"},{\"@type\":\"ListItem\",\"position\":2,\"name\":\"Produse\",\"item\":\"https:\/\/gbb.md\/shop\/\"},{\"@type\":\"ListItem\",\"position\":3,\"name\":\"Fireball Cinnamon Whisky Liquor 33%\"}]},{\"@type\":\"WebSite\",\"@id\":\"https:\/\/gbb.md\/#website\",\"url\":\"https:\/\/gbb.md\/\",\"name\":\"GBB\",\"description\":\"\u042d\u0442\u043e \u043c\u043e\u043b\u043e\u0434\u0430\u044f \u0431\u044b\u0441\u0442\u0440\u043e\u0440\u0430\u0441\u0442\u0443\u0449\u0430\u044f \u043a\u043e\u043c\u043f\u0430\u043d\u0438\u044f, \u0441\u0442\u0430\u0432\u0448\u0430\u044f \u043a\u0440\u0443\u043f\u043d\u0435\u0439\u0448\u0438\u043c \u0432 \u041c\u043e\u043b\u0434\u043e\u0432\u0435 \u043f\u043e\u0441\u0442\u0430\u0432\u0449\u0438\u043a\u043e\u043c \u0441\u0438\u0440\u043e\u043f\u043e\u0432 \u0438 \u043f\u044e\u0440\u0435 \u0434\u043b\u044f \u043d\u0430\u043f\u0438\u0442\u043a\u043e\u0432, \u0447\u0430\u044f, \u043a\u043e\u0444\u0435, \u0441\u043e\u0443\u0441\u043e\u0432, \u0442\u043e\u043d\u0438\u043a\u043e\u0432 \u0438 bubble tea \u043e\u0442 \u0438\u043c\u0435\u043d\u0438\u0442\u044b\u0445 \u043f\u0440\u043e\u0438\u0437\u0432\u043e\u0434\u0438\u0442\u0435\u043b\u0435\u0439.\",\"publisher\":{\"@id\":\"https:\/\/gbb.md\/#organization\"},\"alternateName\":\"Global Bar Beverages\",\"potentialAction\":[{\"@type\":\"SearchAction\",\"target\":{\"@type\":\"EntryPoint\",\"urlTemplate\":\"https:\/\/gbb.md\/?s={search_term_string}\"},\"query-input\":\"required name=search_term_string\"}],\"inLanguage\":\"ru-RU\"},{\"@type\":\"Organization\",\"@id\":\"https:\/\/gbb.md\/#organization\",\"name\":\"GBB\",\"alternateName\":\"Global Bar Beverages\",\"url\":\"https:\/\/gbb.md\/\",\"logo\":{\"@type\":\"ImageObject\",\"inLanguage\":\"ru-RU\",\"@id\":\"https:\/\/gbb.md\/#\/schema\/logo\/image\/\",\"url\":\"https:\/\/gbb.md\/wp-content\/uploads\/2024\/01\/android-chrome-512x512-1.png\",\"contentUrl\":\"https:\/\/gbb.md\/wp-content\/uploads\/2024\/01\/android-chrome-512x512-1.png\",\"width\":512,\"height\":512,\"caption\":\"GBB\"},\"image\":{\"@id\":\"https:\/\/gbb.md\/#\/schema\/logo\/image\/\"},\"sameAs\":[\"https:\/\/www.facebook.com\/profile.php?id=61555243232370\"]}]}<\/script>\n<!-- \/ Yoast SEO plugin. -->","yoast_head_json":{"title":"Fireball Cinnamon Whisky Liquor 33% | Global Bar Beverages","robots":{"index":"index","follow":"follow","max-snippet":"max-snippet:-1","max-image-preview":"max-image-preview:large","max-video-preview":"max-video-preview:-1"},"canonical":"https:\/\/gbb.md\/ru\/product\/fireball-cinnamon-whisky-liquor-33-2\/","og_locale":"ru_RU","og_type":"article","og_title":"Fireball Cinnamon Whisky Liquor 33% | Global Bar Beverages","og_description":"Tip: Lichior \u2013 \u201eCanadian whisky-based cinnamon liqueur\u201d    Alcool: 33% ABV (66 proof)    Ingrediente: whisky canadian, scor\u021bi\u0219oar\u0103 \u0219i \u00eendulcitori naturali    L\u0103udat pentru combina\u021bia sa intens\u0103 de scor\u021bi\u0219oar\u0103 \u0219i dulcea\u021b\u0103, fiind numit flagship-ul shoturilor \u00een SUA   Volum: 0.7L","og_url":"https:\/\/gbb.md\/ru\/product\/fireball-cinnamon-whisky-liquor-33-2\/","og_site_name":"Global Bar Beverages","article_publisher":"https:\/\/www.facebook.com\/profile.php?id=61555243232370","article_modified_time":"2026-04-09T09:24:04+00:00","og_image":[{"width":542,"height":520,"url":"https:\/\/gbb.md\/wp-content\/uploads\/2025\/06\/301601-brendi-chatelle-vsop-napoleon-rare-old-french-brandy-0-7-l-mb-2.jpg","type":"image\/jpeg"}],"twitter_card":"summary_large_image","twitter_misc":{"\u041f\u0440\u0438\u043c\u0435\u0440\u043d\u043e\u0435 \u0432\u0440\u0435\u043c\u044f \u0434\u043b\u044f \u0447\u0442\u0435\u043d\u0438\u044f":"2 \u043c\u0438\u043d\u0443\u0442\u044b"},"schema":{"@context":"https:\/\/schema.org","@graph":[{"@type":"WebPage","@id":"https:\/\/gbb.md\/product\/fireball-cinnamon-whisky-liquor-33-2\/","url":"https:\/\/gbb.md\/product\/fireball-cinnamon-whisky-liquor-33-2\/","name":"Fireball Cinnamon Whisky Liquor 33% | Global Bar Beverages","isPartOf":{"@id":"https:\/\/gbb.md\/#website"},"datePublished":"2025-06-12T08:55:32+00:00","dateModified":"2026-04-09T09:24:04+00:00","breadcrumb":{"@id":"https:\/\/gbb.md\/product\/fireball-cinnamon-whisky-liquor-33-2\/#breadcrumb"},"inLanguage":"ru-RU","potentialAction":[{"@type":"ReadAction","target":["https:\/\/gbb.md\/product\/fireball-cinnamon-whisky-liquor-33-2\/"]}]},{"@type":"BreadcrumbList","@id":"https:\/\/gbb.md\/product\/fireball-cinnamon-whisky-liquor-33-2\/#breadcrumb","itemListElement":[{"@type":"ListItem","position":1,"name":"\u0413\u043b\u0430\u0432\u043d\u0430\u044f \u0441\u0442\u0440\u0430\u043d\u0438\u0446\u0430","item":"https:\/\/gbb.md\/"},{"@type":"ListItem","position":2,"name":"Produse","item":"https:\/\/gbb.md\/shop\/"},{"@type":"ListItem","position":3,"name":"Fireball Cinnamon Whisky Liquor 33%"}]},{"@type":"WebSite","@id":"https:\/\/gbb.md\/#website","url":"https:\/\/gbb.md\/","name":"GBB","description":"\u042d\u0442\u043e \u043c\u043e\u043b\u043e\u0434\u0430\u044f \u0431\u044b\u0441\u0442\u0440\u043e\u0440\u0430\u0441\u0442\u0443\u0449\u0430\u044f \u043a\u043e\u043c\u043f\u0430\u043d\u0438\u044f, \u0441\u0442\u0430\u0432\u0448\u0430\u044f \u043a\u0440\u0443\u043f\u043d\u0435\u0439\u0448\u0438\u043c \u0432 \u041c\u043e\u043b\u0434\u043e\u0432\u0435 \u043f\u043e\u0441\u0442\u0430\u0432\u0449\u0438\u043a\u043e\u043c \u0441\u0438\u0440\u043e\u043f\u043e\u0432 \u0438 \u043f\u044e\u0440\u0435 \u0434\u043b\u044f \u043d\u0430\u043f\u0438\u0442\u043a\u043e\u0432, \u0447\u0430\u044f, \u043a\u043e\u0444\u0435, \u0441\u043e\u0443\u0441\u043e\u0432, \u0442\u043e\u043d\u0438\u043a\u043e\u0432 \u0438 bubble tea \u043e\u0442 \u0438\u043c\u0435\u043d\u0438\u0442\u044b\u0445 \u043f\u0440\u043e\u0438\u0437\u0432\u043e\u0434\u0438\u0442\u0435\u043b\u0435\u0439.","publisher":{"@id":"https:\/\/gbb.md\/#organization"},"alternateName":"Global Bar Beverages","potentialAction":[{"@type":"SearchAction","target":{"@type":"EntryPoint","urlTemplate":"https:\/\/gbb.md\/?s={search_term_string}"},"query-input":"required name=search_term_string"}],"inLanguage":"ru-RU"},{"@type":"Organization","@id":"https:\/\/gbb.md\/#organization","name":"GBB","alternateName":"Global Bar Beverages","url":"https:\/\/gbb.md\/","logo":{"@type":"ImageObject","inLanguage":"ru-RU","@id":"https:\/\/gbb.md\/#\/schema\/logo\/image\/","url":"https:\/\/gbb.md\/wp-content\/uploads\/2024\/01\/android-chrome-512x512-1.png","contentUrl":"https:\/\/gbb.md\/wp-content\/uploads\/2024\/01\/android-chrome-512x512-1.png","width":512,"height":512,"caption":"GBB"},"image":{"@id":"https:\/\/gbb.md\/#\/schema\/logo\/image\/"},"sameAs":["https:\/\/www.facebook.com\/profile.php?id=61555243232370"]}]}},"_links":{"self":[{"href":"https:\/\/gbb.md\/ru\/wp-json\/wp\/v2\/product\/10386"}],"collection":[{"href":"https:\/\/gbb.md\/ru\/wp-json\/wp\/v2\/product"}],"about":[{"href":"https:\/\/gbb.md\/ru\/wp-json\/wp\/v2\/types\/product"}],"replies":[{"embeddable":true,"href":"https:\/\/gbb.md\/ru\/wp-json\/wp\/v2\/comments?post=10386"}],"wp:featuredmedia":[{"embeddable":true,"href":"https:\/\/gbb.md\/ru\/wp-json\/wp\/v2\/media\/10387"}],"wp:attachment":[{"href":"https:\/\/gbb.md\/ru\/wp-json\/wp\/v2\/media?parent=10386"}],"wp:term":[{"taxonomy":"product_cat","embeddable":true,"href":"https:\/\/gbb.md\/ru\/wp-json\/wp\/v2\/product_cat?post=10386"},{"taxonomy":"product_tag","embeddable":true,"href":"https:\/\/gbb.md\/ru\/wp-json\/wp\/v2\/product_tag?post=10386"}],"curies":[{"name":"wp","href":"https:\/\/api.w.org\/{rel}","templated":true}]}}