{"id":10388,"date":"2025-06-12T12:00:19","date_gmt":"2025-06-12T09:00:19","guid":{"rendered":"https:\/\/gbb.md\/?post_type=product&#038;p=10388"},"modified":"2025-12-01T13:54:22","modified_gmt":"2025-12-01T11:54:22","slug":"paddy-irish-whisky-0-7l-40","status":"publish","type":"product","link":"https:\/\/gbb.md\/ru\/product\/paddy-irish-whisky-0-7l-40\/","title":{"rendered":"Paddy Irish Whisky 0.7L 40%"},"content":{"rendered":"<div id=\"fws_69e1bed514f93\"  data-midnight=\"dark\" data-top-percent=\"-30%\"  data-bg-mobile-hidden=\"\" class=\"wpb_row vc_row-fluid vc_row top-level  vc_row-o-equal-height vc_row-flex  vc_row-o-content-middle standard_section\"  style=\"padding-top: calc(100vw * 0.0-30); padding-bottom: 0px;  z-index: 100;\"><div class=\"row-bg-wrap\"><div class=\"inner-wrap\"><div class=\"row-bg\"  style=\"\"><\/div><\/div><div class=\"row-bg-overlay\" ><\/div><\/div><div class=\"col span_12 dark left\">\n\t<div style=\"margin-top: -190px; \" class=\"vc_col-sm-12 wpb_column column_container vc_column_container col neg-marg no-extra-padding\"  data-t-w-inherits=\"default\" data-border-radius=\"none\" data-shadow=\"none\" data-border-animation=\"\" data-border-animation-delay=\"\" data-border-width=\"none\" data-border-style=\"solid\" data-border-color=\"\" data-bg-cover=\"\" data-padding-pos=\"all\" data-has-bg-color=\"false\" data-bg-color=\"\" data-bg-opacity=\"1\" data-hover-bg=\"\" data-hover-bg-opacity=\"1\" data-animation=\"\" data-delay=\"0\"><div class=\"column-bg-overlay\"><\/div>\n\t\t<div class=\"vc_column-inner\">\n\t\t\t<div class=\"wpb_wrapper\">\n\t\t\t\t<div class=\"divider-wrap\" data-alignment=\"default\"><div style=\"height: 70px;\" class=\"divider\"><\/div><\/div><div id=\"ultimate-heading-188769e1bed515244\" class=\"uvc-heading ult-adjust-bottom-margin ultimate-heading-188769e1bed515244 uvc-2777\" data-hspacer=\"no_spacer\"  data-halign=\"left\" style=\"text-align:left\"><div class=\"uvc-heading-spacer no_spacer\" style=\"top\"><\/div><div class=\"uvc-main-heading ult-responsive\"  data-ultimate-target='.uvc-heading.ultimate-heading-188769e1bed515244 h2'  data-responsive-json-new='{\"font-size\":\"desktop:28px;\",\"line-height\":\"\"}' ><h2 style=\"font-weight:bold;color:#333333;\">Paddy Irish Whisky 0.7L 40%<\/h2><\/div><div class=\"uvc-sub-heading ult-responsive\"  data-ultimate-target='.uvc-heading.ultimate-heading-188769e1bed515244 .uvc-sub-heading '  data-responsive-json-new='{\"font-size\":\"desktop:18px;\",\"line-height\":\"\"}'  style=\"font-weight:normal;\"><strong data-start=\"1530\" data-end=\"1553\">Paddy Irish Whiskey<\/strong> este un whiskey irlandez clasic, cu o textur\u0103 moale \u0219i un gust u\u0219or dulceag. Reprezint\u0103 tradi\u021bia whiskey-ului irlandez \u00eentr-o form\u0103 accesibil\u0103 \u0219i agreabil\u0103, potrivit at\u00e2t pentru \u00eencep\u0103tori, c\u00e2t \u0219i pentru b\u0103uturi mixte.<\/p>\n<h3 data-start=\"991\" data-end=\"1020\">Recomand\u0103ri de servire<\/h3>\n<ul data-start=\"1022\" data-end=\"1226\">\n<li data-start=\"1022\" data-end=\"1077\">\n<p data-start=\"1024\" data-end=\"1077\"><strong data-start=\"1024\" data-end=\"1031\">Sec<\/strong> sau cu pu\u021bin\u0103 ap\u0103 pentru a deschide aromele<\/p>\n<\/li>\n<li data-start=\"1078\" data-end=\"1128\">\n<p data-start=\"1080\" data-end=\"1128\"><strong data-start=\"1080\" data-end=\"1093\">Cu ghea\u021b\u0103<\/strong> \u2013 pentru o experien\u021b\u0103 mai bl\u00e2nd\u0103<\/p>\n<\/li>\n<li data-start=\"1129\" data-end=\"1226\">\n<p data-start=\"1131\" data-end=\"1226\">Ideal \u00een <strong data-start=\"1140\" data-end=\"1163\">cocktailuri clasice<\/strong>: Irish Coffee, Whiskey Sour sau Paddy &amp; Ginger (cu ginger ale)<\/p>\n<\/li>\n<\/ul>\n<h3 data-start=\"602\" data-end=\"628\">Note caracteristice<\/h3>\n<ul data-start=\"630\" data-end=\"984\">\n<li data-start=\"630\" data-end=\"721\">\n<p data-start=\"632\" data-end=\"721\">Este unul dintre cele mai vechi branduri de whiskey irlandez, \u00eenregistrat \u00eenc\u0103 din 1912<\/p>\n<\/li>\n<li data-start=\"722\" data-end=\"846\">\n<p data-start=\"724\" data-end=\"846\">Numele provine de la <strong data-start=\"745\" data-end=\"763\">Paddy Flaherty<\/strong>, un reprezentant de v\u00e2nz\u0103ri celebru care a popularizat produsul \u00een toat\u0103 Irlanda<\/p>\n<\/li>\n<li data-start=\"847\" data-end=\"984\">\n<p data-start=\"849\" data-end=\"984\">Fabricat prin amestecul celor trei tipuri de whiskey irlandez: pot still, malt \u0219i grain \u2013 conferind un caracter echilibrat \u0219i accesibil<\/p>\n<\/li>\n<\/ul>\n<h3 data-start=\"330\" data-end=\"352\">Profil aromatic<\/h3>\n<ul data-start=\"354\" data-end=\"595\">\n<li data-start=\"354\" data-end=\"380\">\n<p data-start=\"356\" data-end=\"380\"><strong data-start=\"356\" data-end=\"368\">Culoare:<\/strong> Auriu pal<\/p>\n<\/li>\n<li data-start=\"381\" data-end=\"464\">\n<p data-start=\"383\" data-end=\"464\"><strong data-start=\"383\" data-end=\"391\">Nas:<\/strong> Note u\u0219oare de miere, cereale, fructe verzi \u0219i o u\u0219oar\u0103 urm\u0103 de stejar<\/p>\n<\/li>\n<li data-start=\"465\" data-end=\"551\">\n<p data-start=\"467\" data-end=\"551\"><strong data-start=\"467\" data-end=\"476\">Gust:<\/strong> Textur\u0103 moale, cu note de vanilie, miere, mere, migdale \u0219i cereale dulci<\/p>\n<\/li>\n<li data-start=\"552\" data-end=\"595\">\n<p data-start=\"554\" data-end=\"595\"><strong data-start=\"554\" data-end=\"565\">Finish:<\/strong> Lejer, u\u0219or picant \u0219i fructat<\/p>\n<\/li>\n<\/ul>\n<\/div><\/div><div class=\"divider-wrap\" data-alignment=\"default\"><div style=\"height: 25px;\" class=\"divider\"><\/div><\/div>\n\t\t\t<\/div> \n\t\t<\/div>\n\t<\/div> \n<\/div><\/div>\n\t\t<div id=\"fws_69e1bed5155ea\"  data-midnight=\"dark\"  data-bg-mobile-hidden=\"\" class=\"wpb_row vc_row-fluid vc_row standard_section\"  style=\"padding-top: 0px; padding-bottom: 0px; \"><div class=\"row-bg-wrap\"><div class=\"inner-wrap\"><div class=\"row-bg\"  style=\"\"><\/div><\/div><div class=\"row-bg-overlay\" ><\/div><\/div><div class=\"col span_12 dark left\">\n\t<div  class=\"vc_col-sm-12 wpb_column column_container vc_column_container col no-extra-padding\"  data-t-w-inherits=\"default\" data-border-radius=\"none\" data-shadow=\"none\" data-border-animation=\"\" data-border-animation-delay=\"\" data-border-width=\"none\" data-border-style=\"solid\" data-border-color=\"\" data-bg-cover=\"\" data-padding-pos=\"all\" data-has-bg-color=\"false\" data-bg-color=\"\" data-bg-opacity=\"1\" data-hover-bg=\"\" data-hover-bg-opacity=\"1\" data-animation=\"\" data-delay=\"0\"><div class=\"column-bg-overlay\"><\/div>\n\t\t<div class=\"vc_column-inner\">\n\t\t\t<div class=\"wpb_wrapper\">\n\t\t\t\t<div class=\"divider-wrap\" data-alignment=\"default\"><div style=\"height: 100px;\" class=\"divider\"><\/div><\/div>\n\t\t\t<\/div> \n\t\t<\/div>\n\t<\/div> \n<\/div><\/div>","protected":false},"excerpt":{"rendered":"<h3 data-start=\"91\" data-end=\"117\">Informa\u021bii generale<\/h3>\n<ul data-start=\"119\" data-end=\"323\">\n<li data-start=\"119\" data-end=\"182\">\n<p data-start=\"121\" data-end=\"182\"><strong data-start=\"121\" data-end=\"129\">Tip:<\/strong> Blended Irish Whiskey (whiskey irlandez amestecat)<\/p>\n<\/li>\n<li data-start=\"183\" data-end=\"206\">\n<p data-start=\"185\" data-end=\"206\"><strong data-start=\"185\" data-end=\"196\">Alcool:<\/strong> 40% ABV<\/p>\n<\/li>\n<li data-start=\"207\" data-end=\"231\">\n<p data-start=\"209\" data-end=\"231\"><strong data-start=\"209\" data-end=\"221\">Origine:<\/strong> Irlanda<\/p>\n<\/li>\n<li data-start=\"232\" data-end=\"323\">\n<p data-start=\"234\" data-end=\"323\"><strong data-start=\"234\" data-end=\"249\">Produc\u0103tor:<\/strong> Irish Distillers (parte a Pernod Ricard), distilat \u00een Midleton Distillery<\/p>\n<\/li>\n<li data-start=\"232\" data-end=\"323\">Volum: 0.7L<\/li>\n<\/ul>","protected":false},"featured_media":10389,"comment_status":"open","ping_status":"closed","template":"","meta":[],"product_cat":[405,404,446,408],"product_tag":[],"yoast_head":"<!-- This site is optimized with the Yoast SEO plugin v20.10 - https:\/\/yoast.com\/wordpress\/plugins\/seo\/ -->\n<title>Paddy Irish Whisky 0.7L 40% | Global Bar Beverages<\/title>\n<meta name=\"robots\" content=\"index, follow, max-snippet:-1, max-image-preview:large, max-video-preview:-1\" \/>\n<link rel=\"canonical\" href=\"https:\/\/gbb.md\/ru\/product\/paddy-irish-whisky-0-7l-40\/\" \/>\n<meta property=\"og:locale\" content=\"ru_RU\" \/>\n<meta property=\"og:type\" content=\"article\" \/>\n<meta property=\"og:title\" content=\"Paddy Irish Whisky 0.7L 40% | Global Bar Beverages\" \/>\n<meta property=\"og:description\" content=\"Informa\u021bii generale    Tip: Blended Irish Whiskey (whiskey irlandez amestecat)    Alcool: 40% ABV    Origine: Irlanda    Produc\u0103tor: Irish Distillers (parte a Pernod Ricard), distilat \u00een Midleton Distillery   Volum: 0.7L\" \/>\n<meta property=\"og:url\" content=\"https:\/\/gbb.md\/ru\/product\/paddy-irish-whisky-0-7l-40\/\" \/>\n<meta property=\"og:site_name\" content=\"Global Bar Beverages\" \/>\n<meta property=\"article:publisher\" content=\"https:\/\/www.facebook.com\/profile.php?id=61555243232370\" \/>\n<meta property=\"article:modified_time\" content=\"2025-12-01T11:54:22+00:00\" \/>\n<meta property=\"og:image\" content=\"https:\/\/gbb.md\/wp-content\/uploads\/2025\/06\/IMQ420587.jpg\" \/>\n\t<meta property=\"og:image:width\" content=\"1536\" \/>\n\t<meta property=\"og:image:height\" content=\"1536\" \/>\n\t<meta property=\"og:image:type\" content=\"image\/jpeg\" \/>\n<meta name=\"twitter:card\" content=\"summary_large_image\" \/>\n<meta name=\"twitter:label1\" content=\"\u041f\u0440\u0438\u043c\u0435\u0440\u043d\u043e\u0435 \u0432\u0440\u0435\u043c\u044f \u0434\u043b\u044f \u0447\u0442\u0435\u043d\u0438\u044f\" \/>\n\t<meta name=\"twitter:data1\" content=\"2 \u043c\u0438\u043d\u0443\u0442\u044b\" \/>\n<script type=\"application\/ld+json\" class=\"yoast-schema-graph\">{\"@context\":\"https:\/\/schema.org\",\"@graph\":[{\"@type\":\"WebPage\",\"@id\":\"https:\/\/gbb.md\/product\/paddy-irish-whisky-0-7l-40\/\",\"url\":\"https:\/\/gbb.md\/product\/paddy-irish-whisky-0-7l-40\/\",\"name\":\"Paddy Irish Whisky 0.7L 40% | Global Bar Beverages\",\"isPartOf\":{\"@id\":\"https:\/\/gbb.md\/#website\"},\"datePublished\":\"2025-06-12T09:00:19+00:00\",\"dateModified\":\"2025-12-01T11:54:22+00:00\",\"breadcrumb\":{\"@id\":\"https:\/\/gbb.md\/product\/paddy-irish-whisky-0-7l-40\/#breadcrumb\"},\"inLanguage\":\"ru-RU\",\"potentialAction\":[{\"@type\":\"ReadAction\",\"target\":[\"https:\/\/gbb.md\/product\/paddy-irish-whisky-0-7l-40\/\"]}]},{\"@type\":\"BreadcrumbList\",\"@id\":\"https:\/\/gbb.md\/product\/paddy-irish-whisky-0-7l-40\/#breadcrumb\",\"itemListElement\":[{\"@type\":\"ListItem\",\"position\":1,\"name\":\"\u0413\u043b\u0430\u0432\u043d\u0430\u044f \u0441\u0442\u0440\u0430\u043d\u0438\u0446\u0430\",\"item\":\"https:\/\/gbb.md\/\"},{\"@type\":\"ListItem\",\"position\":2,\"name\":\"Produse\",\"item\":\"https:\/\/gbb.md\/shop\/\"},{\"@type\":\"ListItem\",\"position\":3,\"name\":\"Paddy Irish Whisky 0.7L 40%\"}]},{\"@type\":\"WebSite\",\"@id\":\"https:\/\/gbb.md\/#website\",\"url\":\"https:\/\/gbb.md\/\",\"name\":\"GBB\",\"description\":\"\u042d\u0442\u043e \u043c\u043e\u043b\u043e\u0434\u0430\u044f \u0431\u044b\u0441\u0442\u0440\u043e\u0440\u0430\u0441\u0442\u0443\u0449\u0430\u044f \u043a\u043e\u043c\u043f\u0430\u043d\u0438\u044f, \u0441\u0442\u0430\u0432\u0448\u0430\u044f \u043a\u0440\u0443\u043f\u043d\u0435\u0439\u0448\u0438\u043c \u0432 \u041c\u043e\u043b\u0434\u043e\u0432\u0435 \u043f\u043e\u0441\u0442\u0430\u0432\u0449\u0438\u043a\u043e\u043c \u0441\u0438\u0440\u043e\u043f\u043e\u0432 \u0438 \u043f\u044e\u0440\u0435 \u0434\u043b\u044f \u043d\u0430\u043f\u0438\u0442\u043a\u043e\u0432, \u0447\u0430\u044f, \u043a\u043e\u0444\u0435, \u0441\u043e\u0443\u0441\u043e\u0432, \u0442\u043e\u043d\u0438\u043a\u043e\u0432 \u0438 bubble tea \u043e\u0442 \u0438\u043c\u0435\u043d\u0438\u0442\u044b\u0445 \u043f\u0440\u043e\u0438\u0437\u0432\u043e\u0434\u0438\u0442\u0435\u043b\u0435\u0439.\",\"publisher\":{\"@id\":\"https:\/\/gbb.md\/#organization\"},\"alternateName\":\"Global Bar Beverages\",\"potentialAction\":[{\"@type\":\"SearchAction\",\"target\":{\"@type\":\"EntryPoint\",\"urlTemplate\":\"https:\/\/gbb.md\/?s={search_term_string}\"},\"query-input\":\"required name=search_term_string\"}],\"inLanguage\":\"ru-RU\"},{\"@type\":\"Organization\",\"@id\":\"https:\/\/gbb.md\/#organization\",\"name\":\"GBB\",\"alternateName\":\"Global Bar Beverages\",\"url\":\"https:\/\/gbb.md\/\",\"logo\":{\"@type\":\"ImageObject\",\"inLanguage\":\"ru-RU\",\"@id\":\"https:\/\/gbb.md\/#\/schema\/logo\/image\/\",\"url\":\"https:\/\/gbb.md\/wp-content\/uploads\/2024\/01\/android-chrome-512x512-1.png\",\"contentUrl\":\"https:\/\/gbb.md\/wp-content\/uploads\/2024\/01\/android-chrome-512x512-1.png\",\"width\":512,\"height\":512,\"caption\":\"GBB\"},\"image\":{\"@id\":\"https:\/\/gbb.md\/#\/schema\/logo\/image\/\"},\"sameAs\":[\"https:\/\/www.facebook.com\/profile.php?id=61555243232370\"]}]}<\/script>\n<!-- \/ Yoast SEO plugin. -->","yoast_head_json":{"title":"Paddy Irish Whisky 0.7L 40% | Global Bar Beverages","robots":{"index":"index","follow":"follow","max-snippet":"max-snippet:-1","max-image-preview":"max-image-preview:large","max-video-preview":"max-video-preview:-1"},"canonical":"https:\/\/gbb.md\/ru\/product\/paddy-irish-whisky-0-7l-40\/","og_locale":"ru_RU","og_type":"article","og_title":"Paddy Irish Whisky 0.7L 40% | Global Bar Beverages","og_description":"Informa\u021bii generale    Tip: Blended Irish Whiskey (whiskey irlandez amestecat)    Alcool: 40% ABV    Origine: Irlanda    Produc\u0103tor: Irish Distillers (parte a Pernod Ricard), distilat \u00een Midleton Distillery   Volum: 0.7L","og_url":"https:\/\/gbb.md\/ru\/product\/paddy-irish-whisky-0-7l-40\/","og_site_name":"Global Bar Beverages","article_publisher":"https:\/\/www.facebook.com\/profile.php?id=61555243232370","article_modified_time":"2025-12-01T11:54:22+00:00","og_image":[{"width":1536,"height":1536,"url":"https:\/\/gbb.md\/wp-content\/uploads\/2025\/06\/IMQ420587.jpg","type":"image\/jpeg"}],"twitter_card":"summary_large_image","twitter_misc":{"\u041f\u0440\u0438\u043c\u0435\u0440\u043d\u043e\u0435 \u0432\u0440\u0435\u043c\u044f \u0434\u043b\u044f \u0447\u0442\u0435\u043d\u0438\u044f":"2 \u043c\u0438\u043d\u0443\u0442\u044b"},"schema":{"@context":"https:\/\/schema.org","@graph":[{"@type":"WebPage","@id":"https:\/\/gbb.md\/product\/paddy-irish-whisky-0-7l-40\/","url":"https:\/\/gbb.md\/product\/paddy-irish-whisky-0-7l-40\/","name":"Paddy Irish Whisky 0.7L 40% | Global Bar Beverages","isPartOf":{"@id":"https:\/\/gbb.md\/#website"},"datePublished":"2025-06-12T09:00:19+00:00","dateModified":"2025-12-01T11:54:22+00:00","breadcrumb":{"@id":"https:\/\/gbb.md\/product\/paddy-irish-whisky-0-7l-40\/#breadcrumb"},"inLanguage":"ru-RU","potentialAction":[{"@type":"ReadAction","target":["https:\/\/gbb.md\/product\/paddy-irish-whisky-0-7l-40\/"]}]},{"@type":"BreadcrumbList","@id":"https:\/\/gbb.md\/product\/paddy-irish-whisky-0-7l-40\/#breadcrumb","itemListElement":[{"@type":"ListItem","position":1,"name":"\u0413\u043b\u0430\u0432\u043d\u0430\u044f \u0441\u0442\u0440\u0430\u043d\u0438\u0446\u0430","item":"https:\/\/gbb.md\/"},{"@type":"ListItem","position":2,"name":"Produse","item":"https:\/\/gbb.md\/shop\/"},{"@type":"ListItem","position":3,"name":"Paddy Irish Whisky 0.7L 40%"}]},{"@type":"WebSite","@id":"https:\/\/gbb.md\/#website","url":"https:\/\/gbb.md\/","name":"GBB","description":"\u042d\u0442\u043e \u043c\u043e\u043b\u043e\u0434\u0430\u044f \u0431\u044b\u0441\u0442\u0440\u043e\u0440\u0430\u0441\u0442\u0443\u0449\u0430\u044f \u043a\u043e\u043c\u043f\u0430\u043d\u0438\u044f, \u0441\u0442\u0430\u0432\u0448\u0430\u044f \u043a\u0440\u0443\u043f\u043d\u0435\u0439\u0448\u0438\u043c \u0432 \u041c\u043e\u043b\u0434\u043e\u0432\u0435 \u043f\u043e\u0441\u0442\u0430\u0432\u0449\u0438\u043a\u043e\u043c \u0441\u0438\u0440\u043e\u043f\u043e\u0432 \u0438 \u043f\u044e\u0440\u0435 \u0434\u043b\u044f \u043d\u0430\u043f\u0438\u0442\u043a\u043e\u0432, \u0447\u0430\u044f, \u043a\u043e\u0444\u0435, \u0441\u043e\u0443\u0441\u043e\u0432, \u0442\u043e\u043d\u0438\u043a\u043e\u0432 \u0438 bubble tea \u043e\u0442 \u0438\u043c\u0435\u043d\u0438\u0442\u044b\u0445 \u043f\u0440\u043e\u0438\u0437\u0432\u043e\u0434\u0438\u0442\u0435\u043b\u0435\u0439.","publisher":{"@id":"https:\/\/gbb.md\/#organization"},"alternateName":"Global Bar Beverages","potentialAction":[{"@type":"SearchAction","target":{"@type":"EntryPoint","urlTemplate":"https:\/\/gbb.md\/?s={search_term_string}"},"query-input":"required name=search_term_string"}],"inLanguage":"ru-RU"},{"@type":"Organization","@id":"https:\/\/gbb.md\/#organization","name":"GBB","alternateName":"Global Bar Beverages","url":"https:\/\/gbb.md\/","logo":{"@type":"ImageObject","inLanguage":"ru-RU","@id":"https:\/\/gbb.md\/#\/schema\/logo\/image\/","url":"https:\/\/gbb.md\/wp-content\/uploads\/2024\/01\/android-chrome-512x512-1.png","contentUrl":"https:\/\/gbb.md\/wp-content\/uploads\/2024\/01\/android-chrome-512x512-1.png","width":512,"height":512,"caption":"GBB"},"image":{"@id":"https:\/\/gbb.md\/#\/schema\/logo\/image\/"},"sameAs":["https:\/\/www.facebook.com\/profile.php?id=61555243232370"]}]}},"_links":{"self":[{"href":"https:\/\/gbb.md\/ru\/wp-json\/wp\/v2\/product\/10388"}],"collection":[{"href":"https:\/\/gbb.md\/ru\/wp-json\/wp\/v2\/product"}],"about":[{"href":"https:\/\/gbb.md\/ru\/wp-json\/wp\/v2\/types\/product"}],"replies":[{"embeddable":true,"href":"https:\/\/gbb.md\/ru\/wp-json\/wp\/v2\/comments?post=10388"}],"wp:featuredmedia":[{"embeddable":true,"href":"https:\/\/gbb.md\/ru\/wp-json\/wp\/v2\/media\/10389"}],"wp:attachment":[{"href":"https:\/\/gbb.md\/ru\/wp-json\/wp\/v2\/media?parent=10388"}],"wp:term":[{"taxonomy":"product_cat","embeddable":true,"href":"https:\/\/gbb.md\/ru\/wp-json\/wp\/v2\/product_cat?post=10388"},{"taxonomy":"product_tag","embeddable":true,"href":"https:\/\/gbb.md\/ru\/wp-json\/wp\/v2\/product_tag?post=10388"}],"curies":[{"name":"wp","href":"https:\/\/api.w.org\/{rel}","templated":true}]}}