{"id":10398,"date":"2025-06-12T12:12:48","date_gmt":"2025-06-12T09:12:48","guid":{"rendered":"https:\/\/gbb.md\/?post_type=product&#038;p=10398"},"modified":"2025-12-02T12:38:18","modified_gmt":"2025-12-02T10:38:18","slug":"myerss-original-dark-rum-40","status":"publish","type":"product","link":"https:\/\/gbb.md\/ru\/product\/myerss-original-dark-rum-40\/","title":{"rendered":"Myers&#8217;s Original Dark Rum 40%"},"content":{"rendered":"<div id=\"fws_6a048a606a7d2\"  data-midnight=\"dark\" data-top-percent=\"-30%\"  data-bg-mobile-hidden=\"\" class=\"wpb_row vc_row-fluid vc_row top-level  vc_row-o-equal-height vc_row-flex  vc_row-o-content-middle standard_section\"  style=\"padding-top: calc(100vw * 0.0-30); padding-bottom: 0px;  z-index: 100;\"><div class=\"row-bg-wrap\"><div class=\"inner-wrap\"><div class=\"row-bg\"  style=\"\"><\/div><\/div><div class=\"row-bg-overlay\" ><\/div><\/div><div class=\"col span_12 dark left\">\n\t<div style=\"margin-top: -190px; \" class=\"vc_col-sm-12 wpb_column column_container vc_column_container col neg-marg no-extra-padding\"  data-t-w-inherits=\"default\" data-border-radius=\"none\" data-shadow=\"none\" data-border-animation=\"\" data-border-animation-delay=\"\" data-border-width=\"none\" data-border-style=\"solid\" data-border-color=\"\" data-bg-cover=\"\" data-padding-pos=\"all\" data-has-bg-color=\"false\" data-bg-color=\"\" data-bg-opacity=\"1\" data-hover-bg=\"\" data-hover-bg-opacity=\"1\" data-animation=\"\" data-delay=\"0\"><div class=\"column-bg-overlay\"><\/div>\n\t\t<div class=\"vc_column-inner\">\n\t\t\t<div class=\"wpb_wrapper\">\n\t\t\t\t<div class=\"divider-wrap\" data-alignment=\"default\"><div style=\"height: 70px;\" class=\"divider\"><\/div><\/div><div id=\"ultimate-heading-55346a048a606aba3\" class=\"uvc-heading ult-adjust-bottom-margin ultimate-heading-55346a048a606aba3 uvc-1146\" data-hspacer=\"no_spacer\"  data-halign=\"left\" style=\"text-align:left\"><div class=\"uvc-heading-spacer no_spacer\" style=\"top\"><\/div><div class=\"uvc-main-heading ult-responsive\"  data-ultimate-target='.uvc-heading.ultimate-heading-55346a048a606aba3 h2'  data-responsive-json-new='{\"font-size\":\"desktop:28px;\",\"line-height\":\"\"}' ><h2 style=\"font-weight:bold;color:#333333;\">Myers's Original Dark Rum<\/h2><\/div><div class=\"uvc-sub-heading ult-responsive\"  data-ultimate-target='.uvc-heading.ultimate-heading-55346a048a606aba3 .uvc-sub-heading '  data-responsive-json-new='{\"font-size\":\"desktop:18px;\",\"line-height\":\"\"}'  style=\"font-weight:normal;\"><strong data-start=\"1276\" data-end=\"1305\">Myers&#8217;s Original Dark Rum<\/strong> este un rom jamaican clasic \u0219i robust, cu profil istoric, perfect pentru baruri \u0219i cocktailuri. Ideal pentru cei care caut\u0103 note intense de melas\u0103, fum \u0219i caramel \u2013 mai pu\u021bin potrivit pentru degustare pur\u0103, dar excelent \u00een mixuri \u0219i g\u0103tit.<\/p>\n<h3 data-start=\"567\" data-end=\"598\">Recomand\u0103ri de utilizare<\/h3>\n<ul data-start=\"600\" data-end=\"849\">\n<li data-start=\"600\" data-end=\"683\">\n<p data-start=\"602\" data-end=\"683\"><span class=\"relative -mx-px my-&#091;-0.2rem&#093; rounded px-px py-&#091;0.2rem&#093; transition-colors duration-100 ease-in-out\">Este un rom <strong data-start=\"12\" data-end=\"35\">ideal pentru mixuri<\/strong> (Dark \u2019n\u2019 Stormy, Mai Tai), ad\u0103ug\u00e2nd complexitate \u0219i caracter afumat \u00een cocktailuri<\/span><\/p>\n<\/li>\n<li data-start=\"684\" data-end=\"767\">\n<p data-start=\"686\" data-end=\"767\"><span class=\"relative -mx-px my-&#091;-0.2rem&#093; rounded px-px py-&#091;0.2rem&#093; transition-colors duration-100 ease-in-out\">Supliment popular \u00een re\u021bete culinare: sosuri, deserturi sau glazuri<\/span><\/p>\n<\/li>\n<li data-start=\"768\" data-end=\"849\">\n<p data-start=\"770\" data-end=\"849\"><span class=\"relative -mx-px my-&#091;-0.2rem&#093; rounded px-px py-&#091;0.2rem&#093; transition-colors duration-100 ease-in-out\">Poate fi savurat \u0219i <strong data-start=\"20\" data-end=\"28\">neat<\/strong> sau cu ghea\u021b\u0103, de\u0219i finish-ul intens \u00eel plaseaz\u0103 mai degrab\u0103 \u00een categoria \u201crum de baz\u0103\u201d dec\u00e2t de degustare pur\u0103<\/span><\/p>\n<\/li>\n<\/ul>\n<h3 data-start=\"283\" data-end=\"317\">Profil aromatic \u0219i gustativ<\/h3>\n<ul data-start=\"319\" data-end=\"560\">\n<li data-start=\"319\" data-end=\"398\">\n<p data-start=\"321\" data-end=\"398\"><span class=\"relative -mx-px my-&#091;-0.2rem&#093; rounded px-px py-&#091;0.2rem&#093; transition-colors duration-100 ease-in-out\"><strong data-start=\"0\" data-end=\"8\" data-is-only-node=\"\">Nas:<\/strong> Note intense de melas\u0103 neagr\u0103, cafea, ienibahar, alune, toffee \u0219i o subtil\u0103 nuan\u021b\u0103 de ananas copt<\/span><\/p>\n<\/li>\n<li data-start=\"399\" data-end=\"478\">\n<p data-start=\"401\" data-end=\"478\"><span class=\"relative -mx-px my-&#091;-0.2rem&#093; rounded px-px py-&#091;0.2rem&#093; transition-colors duration-100 ease-in-out\"><strong data-start=\"0\" data-end=\"9\" data-is-only-node=\"\">Gust:<\/strong> Textur\u0103 untuoas\u0103 la intrare, continu\u00e2nd cu zah\u0103r brun, caramel, tutun, piele, miere, ciocolat\u0103 neagr\u0103, stafide \u0219i smochine<\/span><\/p>\n<\/li>\n<li data-start=\"479\" data-end=\"560\">\n<p data-start=\"481\" data-end=\"560\"><span class=\"relative -mx-px my-&#091;-0.2rem&#093; rounded px-px py-&#091;0.2rem&#093; transition-colors duration-100 ease-in-out\"><strong data-start=\"0\" data-end=\"11\" data-is-only-node=\"\">Finish:<\/strong> Persistent \u0219i decadent \u2013 ciocolat\u0103 neagr\u0103, melas\u0103, afumare discret\u0103 \u0219i note lemnoase de stejar<\/span><\/p>\n<\/li>\n<\/ul>\n<\/div><\/div><div class=\"divider-wrap\" data-alignment=\"default\"><div style=\"height: 25px;\" class=\"divider\"><\/div><\/div>\n\t\t\t<\/div> \n\t\t<\/div>\n\t<\/div> \n<\/div><\/div>\n\t\t<div id=\"fws_6a048a606b09e\"  data-midnight=\"dark\"  data-bg-mobile-hidden=\"\" class=\"wpb_row vc_row-fluid vc_row standard_section\"  style=\"padding-top: 0px; padding-bottom: 0px; \"><div class=\"row-bg-wrap\"><div class=\"inner-wrap\"><div class=\"row-bg\"  style=\"\"><\/div><\/div><div class=\"row-bg-overlay\" ><\/div><\/div><div class=\"col span_12 dark left\">\n\t<div  class=\"vc_col-sm-12 wpb_column column_container vc_column_container col no-extra-padding\"  data-t-w-inherits=\"default\" data-border-radius=\"none\" data-shadow=\"none\" data-border-animation=\"\" data-border-animation-delay=\"\" data-border-width=\"none\" data-border-style=\"solid\" data-border-color=\"\" data-bg-cover=\"\" data-padding-pos=\"all\" data-has-bg-color=\"false\" data-bg-color=\"\" data-bg-opacity=\"1\" data-hover-bg=\"\" data-hover-bg-opacity=\"1\" data-animation=\"\" data-delay=\"0\"><div class=\"column-bg-overlay\"><\/div>\n\t\t<div class=\"vc_column-inner\">\n\t\t\t<div class=\"wpb_wrapper\">\n\t\t\t\t<div class=\"divider-wrap\" data-alignment=\"default\"><div style=\"height: 100px;\" class=\"divider\"><\/div><\/div>\n\t\t\t<\/div> \n\t\t<\/div>\n\t<\/div> \n<\/div><\/div>","protected":false},"excerpt":{"rendered":"<ul>\n<li data-start=\"73\" data-end=\"114\">\n<p data-start=\"75\" data-end=\"114\"><span class=\"relative -mx-px my-[-0.2rem] rounded px-px py-[0.2rem] transition-colors duration-100 ease-in-out\"><strong data-start=\"0\" data-end=\"8\" data-is-only-node=\"\">Tip:<\/strong> Rom \u00eentunecat jamaican<\/span><\/p>\n<\/li>\n<li data-start=\"115\" data-end=\"156\">\n<p data-start=\"117\" data-end=\"156\"><span class=\"relative -mx-px my-[-0.2rem] rounded px-px py-[0.2rem] transition-colors duration-100 ease-in-out\"><strong data-start=\"0\" data-end=\"11\" data-is-only-node=\"\">Alcool:<\/strong> 40% ABV (80 proof)<\/span><\/p>\n<\/li>\n<li data-start=\"157\" data-end=\"198\">\n<p data-start=\"159\" data-end=\"198\"><span class=\"relative -mx-px my-[-0.2rem] rounded px-px py-[0.2rem] transition-colors duration-100 ease-in-out\"><strong data-start=\"0\" data-end=\"15\" data-is-only-node=\"\">Produc\u0103tor:<\/strong> Sazerac Company (marca trecut\u0103 prin Diageo)<\/span><\/p>\n<\/li>\n<li data-start=\"199\" data-end=\"276\">\n<p data-start=\"201\" data-end=\"276\"><span class=\"relative -mx-px my-[-0.2rem] rounded px-px py-[0.2rem] transition-colors duration-100 ease-in-out\"><strong data-start=\"0\" data-end=\"14\" data-is-only-node=\"\">Produc\u021bie:<\/strong> Distilat din <strong data-start=\"28\" data-end=\"53\">melas\u0103 pur\u0103 jamaican\u0103<\/strong>, folosind alambicuri continue \u0219i pot stills, apoi maturat p\u00e2n\u0103 la 4 ani \u00een butoaie de stejar alb \u0219i blend-uit din p\u00e2n\u0103 la 9 loturi diferite<\/span><\/p>\n<\/li>\n<li data-start=\"199\" data-end=\"276\">Volum 0.7L<\/li>\n<\/ul>\n","protected":false},"featured_media":10399,"comment_status":"open","ping_status":"closed","template":"","meta":[],"product_cat":[405,404,409,444],"product_tag":[],"yoast_head":"<!-- This site is optimized with the Yoast SEO plugin v20.10 - https:\/\/yoast.com\/wordpress\/plugins\/seo\/ -->\n<title>Myers&#039;s Original Dark Rum 40% | Global Bar Beverages<\/title>\n<meta name=\"robots\" content=\"index, follow, max-snippet:-1, max-image-preview:large, max-video-preview:-1\" \/>\n<link rel=\"canonical\" href=\"https:\/\/gbb.md\/ru\/product\/myerss-original-dark-rum-40\/\" \/>\n<meta property=\"og:locale\" content=\"ru_RU\" \/>\n<meta property=\"og:type\" content=\"article\" \/>\n<meta property=\"og:title\" content=\"Myers&#039;s Original Dark Rum 40% | Global Bar Beverages\" \/>\n<meta property=\"og:description\" content=\"Tip: Rom \u00eentunecat jamaican    Alcool: 40% ABV (80 proof)    Produc\u0103tor: Sazerac Company (marca trecut\u0103 prin Diageo)    Produc\u021bie: Distilat din melas\u0103 pur\u0103 jamaican\u0103, folosind alambicuri continue \u0219i pot stills, apoi maturat p\u00e2n\u0103 la 4 ani \u00een butoaie de stejar alb \u0219i blend-uit din p\u00e2n\u0103 la 9 loturi diferite   Volum 0.7L\" \/>\n<meta property=\"og:url\" content=\"https:\/\/gbb.md\/ru\/product\/myerss-original-dark-rum-40\/\" \/>\n<meta property=\"og:site_name\" content=\"Global Bar Beverages\" \/>\n<meta property=\"article:publisher\" content=\"https:\/\/www.facebook.com\/profile.php?id=61555243232370\" \/>\n<meta property=\"article:modified_time\" content=\"2025-12-02T10:38:18+00:00\" \/>\n<meta property=\"og:image\" content=\"https:\/\/gbb.md\/wp-content\/uploads\/2025\/06\/301601-brendi-chatelle-vsop-napoleon-rare-old-french-brandy-0-7-l-mb-5.jpg\" \/>\n\t<meta property=\"og:image:width\" content=\"542\" \/>\n\t<meta property=\"og:image:height\" content=\"520\" \/>\n\t<meta property=\"og:image:type\" content=\"image\/jpeg\" \/>\n<meta name=\"twitter:card\" content=\"summary_large_image\" \/>\n<meta name=\"twitter:label1\" content=\"\u041f\u0440\u0438\u043c\u0435\u0440\u043d\u043e\u0435 \u0432\u0440\u0435\u043c\u044f \u0434\u043b\u044f \u0447\u0442\u0435\u043d\u0438\u044f\" \/>\n\t<meta name=\"twitter:data1\" content=\"2 \u043c\u0438\u043d\u0443\u0442\u044b\" \/>\n<script type=\"application\/ld+json\" class=\"yoast-schema-graph\">{\"@context\":\"https:\/\/schema.org\",\"@graph\":[{\"@type\":\"WebPage\",\"@id\":\"https:\/\/gbb.md\/product\/myerss-original-dark-rum-40\/\",\"url\":\"https:\/\/gbb.md\/product\/myerss-original-dark-rum-40\/\",\"name\":\"Myers's Original Dark Rum 40% | Global Bar Beverages\",\"isPartOf\":{\"@id\":\"https:\/\/gbb.md\/#website\"},\"datePublished\":\"2025-06-12T09:12:48+00:00\",\"dateModified\":\"2025-12-02T10:38:18+00:00\",\"breadcrumb\":{\"@id\":\"https:\/\/gbb.md\/product\/myerss-original-dark-rum-40\/#breadcrumb\"},\"inLanguage\":\"ru-RU\",\"potentialAction\":[{\"@type\":\"ReadAction\",\"target\":[\"https:\/\/gbb.md\/product\/myerss-original-dark-rum-40\/\"]}]},{\"@type\":\"BreadcrumbList\",\"@id\":\"https:\/\/gbb.md\/product\/myerss-original-dark-rum-40\/#breadcrumb\",\"itemListElement\":[{\"@type\":\"ListItem\",\"position\":1,\"name\":\"\u0413\u043b\u0430\u0432\u043d\u0430\u044f \u0441\u0442\u0440\u0430\u043d\u0438\u0446\u0430\",\"item\":\"https:\/\/gbb.md\/\"},{\"@type\":\"ListItem\",\"position\":2,\"name\":\"Produse\",\"item\":\"https:\/\/gbb.md\/shop\/\"},{\"@type\":\"ListItem\",\"position\":3,\"name\":\"Myers&#8217;s Original Dark Rum 40%\"}]},{\"@type\":\"WebSite\",\"@id\":\"https:\/\/gbb.md\/#website\",\"url\":\"https:\/\/gbb.md\/\",\"name\":\"GBB\",\"description\":\"\u042d\u0442\u043e \u043c\u043e\u043b\u043e\u0434\u0430\u044f \u0431\u044b\u0441\u0442\u0440\u043e\u0440\u0430\u0441\u0442\u0443\u0449\u0430\u044f \u043a\u043e\u043c\u043f\u0430\u043d\u0438\u044f, \u0441\u0442\u0430\u0432\u0448\u0430\u044f \u043a\u0440\u0443\u043f\u043d\u0435\u0439\u0448\u0438\u043c \u0432 \u041c\u043e\u043b\u0434\u043e\u0432\u0435 \u043f\u043e\u0441\u0442\u0430\u0432\u0449\u0438\u043a\u043e\u043c \u0441\u0438\u0440\u043e\u043f\u043e\u0432 \u0438 \u043f\u044e\u0440\u0435 \u0434\u043b\u044f \u043d\u0430\u043f\u0438\u0442\u043a\u043e\u0432, \u0447\u0430\u044f, \u043a\u043e\u0444\u0435, \u0441\u043e\u0443\u0441\u043e\u0432, \u0442\u043e\u043d\u0438\u043a\u043e\u0432 \u0438 bubble tea \u043e\u0442 \u0438\u043c\u0435\u043d\u0438\u0442\u044b\u0445 \u043f\u0440\u043e\u0438\u0437\u0432\u043e\u0434\u0438\u0442\u0435\u043b\u0435\u0439.\",\"publisher\":{\"@id\":\"https:\/\/gbb.md\/#organization\"},\"alternateName\":\"Global Bar Beverages\",\"potentialAction\":[{\"@type\":\"SearchAction\",\"target\":{\"@type\":\"EntryPoint\",\"urlTemplate\":\"https:\/\/gbb.md\/?s={search_term_string}\"},\"query-input\":\"required name=search_term_string\"}],\"inLanguage\":\"ru-RU\"},{\"@type\":\"Organization\",\"@id\":\"https:\/\/gbb.md\/#organization\",\"name\":\"GBB\",\"alternateName\":\"Global Bar Beverages\",\"url\":\"https:\/\/gbb.md\/\",\"logo\":{\"@type\":\"ImageObject\",\"inLanguage\":\"ru-RU\",\"@id\":\"https:\/\/gbb.md\/#\/schema\/logo\/image\/\",\"url\":\"https:\/\/gbb.md\/wp-content\/uploads\/2024\/01\/android-chrome-512x512-1.png\",\"contentUrl\":\"https:\/\/gbb.md\/wp-content\/uploads\/2024\/01\/android-chrome-512x512-1.png\",\"width\":512,\"height\":512,\"caption\":\"GBB\"},\"image\":{\"@id\":\"https:\/\/gbb.md\/#\/schema\/logo\/image\/\"},\"sameAs\":[\"https:\/\/www.facebook.com\/profile.php?id=61555243232370\"]}]}<\/script>\n<!-- \/ Yoast SEO plugin. -->","yoast_head_json":{"title":"Myers's Original Dark Rum 40% | Global Bar Beverages","robots":{"index":"index","follow":"follow","max-snippet":"max-snippet:-1","max-image-preview":"max-image-preview:large","max-video-preview":"max-video-preview:-1"},"canonical":"https:\/\/gbb.md\/ru\/product\/myerss-original-dark-rum-40\/","og_locale":"ru_RU","og_type":"article","og_title":"Myers's Original Dark Rum 40% | Global Bar Beverages","og_description":"Tip: Rom \u00eentunecat jamaican    Alcool: 40% ABV (80 proof)    Produc\u0103tor: Sazerac Company (marca trecut\u0103 prin Diageo)    Produc\u021bie: Distilat din melas\u0103 pur\u0103 jamaican\u0103, folosind alambicuri continue \u0219i pot stills, apoi maturat p\u00e2n\u0103 la 4 ani \u00een butoaie de stejar alb \u0219i blend-uit din p\u00e2n\u0103 la 9 loturi diferite   Volum 0.7L","og_url":"https:\/\/gbb.md\/ru\/product\/myerss-original-dark-rum-40\/","og_site_name":"Global Bar Beverages","article_publisher":"https:\/\/www.facebook.com\/profile.php?id=61555243232370","article_modified_time":"2025-12-02T10:38:18+00:00","og_image":[{"width":542,"height":520,"url":"https:\/\/gbb.md\/wp-content\/uploads\/2025\/06\/301601-brendi-chatelle-vsop-napoleon-rare-old-french-brandy-0-7-l-mb-5.jpg","type":"image\/jpeg"}],"twitter_card":"summary_large_image","twitter_misc":{"\u041f\u0440\u0438\u043c\u0435\u0440\u043d\u043e\u0435 \u0432\u0440\u0435\u043c\u044f \u0434\u043b\u044f \u0447\u0442\u0435\u043d\u0438\u044f":"2 \u043c\u0438\u043d\u0443\u0442\u044b"},"schema":{"@context":"https:\/\/schema.org","@graph":[{"@type":"WebPage","@id":"https:\/\/gbb.md\/product\/myerss-original-dark-rum-40\/","url":"https:\/\/gbb.md\/product\/myerss-original-dark-rum-40\/","name":"Myers's Original Dark Rum 40% | Global Bar Beverages","isPartOf":{"@id":"https:\/\/gbb.md\/#website"},"datePublished":"2025-06-12T09:12:48+00:00","dateModified":"2025-12-02T10:38:18+00:00","breadcrumb":{"@id":"https:\/\/gbb.md\/product\/myerss-original-dark-rum-40\/#breadcrumb"},"inLanguage":"ru-RU","potentialAction":[{"@type":"ReadAction","target":["https:\/\/gbb.md\/product\/myerss-original-dark-rum-40\/"]}]},{"@type":"BreadcrumbList","@id":"https:\/\/gbb.md\/product\/myerss-original-dark-rum-40\/#breadcrumb","itemListElement":[{"@type":"ListItem","position":1,"name":"\u0413\u043b\u0430\u0432\u043d\u0430\u044f \u0441\u0442\u0440\u0430\u043d\u0438\u0446\u0430","item":"https:\/\/gbb.md\/"},{"@type":"ListItem","position":2,"name":"Produse","item":"https:\/\/gbb.md\/shop\/"},{"@type":"ListItem","position":3,"name":"Myers&#8217;s Original Dark Rum 40%"}]},{"@type":"WebSite","@id":"https:\/\/gbb.md\/#website","url":"https:\/\/gbb.md\/","name":"GBB","description":"\u042d\u0442\u043e \u043c\u043e\u043b\u043e\u0434\u0430\u044f \u0431\u044b\u0441\u0442\u0440\u043e\u0440\u0430\u0441\u0442\u0443\u0449\u0430\u044f \u043a\u043e\u043c\u043f\u0430\u043d\u0438\u044f, \u0441\u0442\u0430\u0432\u0448\u0430\u044f \u043a\u0440\u0443\u043f\u043d\u0435\u0439\u0448\u0438\u043c \u0432 \u041c\u043e\u043b\u0434\u043e\u0432\u0435 \u043f\u043e\u0441\u0442\u0430\u0432\u0449\u0438\u043a\u043e\u043c \u0441\u0438\u0440\u043e\u043f\u043e\u0432 \u0438 \u043f\u044e\u0440\u0435 \u0434\u043b\u044f \u043d\u0430\u043f\u0438\u0442\u043a\u043e\u0432, \u0447\u0430\u044f, \u043a\u043e\u0444\u0435, \u0441\u043e\u0443\u0441\u043e\u0432, \u0442\u043e\u043d\u0438\u043a\u043e\u0432 \u0438 bubble tea \u043e\u0442 \u0438\u043c\u0435\u043d\u0438\u0442\u044b\u0445 \u043f\u0440\u043e\u0438\u0437\u0432\u043e\u0434\u0438\u0442\u0435\u043b\u0435\u0439.","publisher":{"@id":"https:\/\/gbb.md\/#organization"},"alternateName":"Global Bar Beverages","potentialAction":[{"@type":"SearchAction","target":{"@type":"EntryPoint","urlTemplate":"https:\/\/gbb.md\/?s={search_term_string}"},"query-input":"required name=search_term_string"}],"inLanguage":"ru-RU"},{"@type":"Organization","@id":"https:\/\/gbb.md\/#organization","name":"GBB","alternateName":"Global Bar Beverages","url":"https:\/\/gbb.md\/","logo":{"@type":"ImageObject","inLanguage":"ru-RU","@id":"https:\/\/gbb.md\/#\/schema\/logo\/image\/","url":"https:\/\/gbb.md\/wp-content\/uploads\/2024\/01\/android-chrome-512x512-1.png","contentUrl":"https:\/\/gbb.md\/wp-content\/uploads\/2024\/01\/android-chrome-512x512-1.png","width":512,"height":512,"caption":"GBB"},"image":{"@id":"https:\/\/gbb.md\/#\/schema\/logo\/image\/"},"sameAs":["https:\/\/www.facebook.com\/profile.php?id=61555243232370"]}]}},"_links":{"self":[{"href":"https:\/\/gbb.md\/ru\/wp-json\/wp\/v2\/product\/10398"}],"collection":[{"href":"https:\/\/gbb.md\/ru\/wp-json\/wp\/v2\/product"}],"about":[{"href":"https:\/\/gbb.md\/ru\/wp-json\/wp\/v2\/types\/product"}],"replies":[{"embeddable":true,"href":"https:\/\/gbb.md\/ru\/wp-json\/wp\/v2\/comments?post=10398"}],"wp:featuredmedia":[{"embeddable":true,"href":"https:\/\/gbb.md\/ru\/wp-json\/wp\/v2\/media\/10399"}],"wp:attachment":[{"href":"https:\/\/gbb.md\/ru\/wp-json\/wp\/v2\/media?parent=10398"}],"wp:term":[{"taxonomy":"product_cat","embeddable":true,"href":"https:\/\/gbb.md\/ru\/wp-json\/wp\/v2\/product_cat?post=10398"},{"taxonomy":"product_tag","embeddable":true,"href":"https:\/\/gbb.md\/ru\/wp-json\/wp\/v2\/product_tag?post=10398"}],"curies":[{"name":"wp","href":"https:\/\/api.w.org\/{rel}","templated":true}]}}