{"id":10660,"date":"2025-10-08T11:22:26","date_gmt":"2025-10-08T08:22:26","guid":{"rendered":"https:\/\/gbb.md\/?post_type=product&#038;p=10660"},"modified":"2025-12-02T12:23:59","modified_gmt":"2025-12-02T10:23:59","slug":"tequila-san-jose-blanco","status":"publish","type":"product","link":"https:\/\/gbb.md\/ru\/product\/tequila-san-jose-blanco\/","title":{"rendered":"Tequila San Jose Blanco"},"content":{"rendered":"<div id=\"fws_69e089a7d6cfd\"  data-midnight=\"dark\" data-top-percent=\"-30%\"  data-bg-mobile-hidden=\"\" class=\"wpb_row vc_row-fluid vc_row top-level  vc_row-o-equal-height vc_row-flex  vc_row-o-content-middle standard_section\"  style=\"padding-top: calc(100vw * 0.0-30); padding-bottom: 0px;  z-index: 100;\"><div class=\"row-bg-wrap\"><div class=\"inner-wrap\"><div class=\"row-bg\"  style=\"\"><\/div><\/div><div class=\"row-bg-overlay\" ><\/div><\/div><div class=\"col span_12 dark left\">\n\t<div style=\"margin-top: -190px; \" class=\"vc_col-sm-12 wpb_column column_container vc_column_container col neg-marg no-extra-padding\"  data-t-w-inherits=\"default\" data-border-radius=\"none\" data-shadow=\"none\" data-border-animation=\"\" data-border-animation-delay=\"\" data-border-width=\"none\" data-border-style=\"solid\" data-border-color=\"\" data-bg-cover=\"\" data-padding-pos=\"all\" data-has-bg-color=\"false\" data-bg-color=\"\" data-bg-opacity=\"1\" data-hover-bg=\"\" data-hover-bg-opacity=\"1\" data-animation=\"\" data-delay=\"0\"><div class=\"column-bg-overlay\"><\/div>\n\t\t<div class=\"vc_column-inner\">\n\t\t\t<div class=\"wpb_wrapper\">\n\t\t\t\t<div class=\"divider-wrap\" data-alignment=\"default\"><div style=\"height: 70px;\" class=\"divider\"><\/div><\/div><div id=\"ultimate-heading-495469e089a7d7128\" class=\"uvc-heading ult-adjust-bottom-margin ultimate-heading-495469e089a7d7128 uvc-9734\" data-hspacer=\"no_spacer\"  data-halign=\"left\" style=\"text-align:left\"><div class=\"uvc-heading-spacer no_spacer\" style=\"top\"><\/div><div class=\"uvc-main-heading ult-responsive\"  data-ultimate-target='.uvc-heading.ultimate-heading-495469e089a7d7128 h2'  data-responsive-json-new='{\"font-size\":\"desktop:28px;\",\"line-height\":\"\"}' ><h2 style=\"font-weight:bold;color:#333333;\">Tequila San Jose Blanco<\/h2><\/div><div class=\"uvc-sub-heading ult-responsive\"  data-ultimate-target='.uvc-heading.ultimate-heading-495469e089a7d7128 .uvc-sub-heading '  data-responsive-json-new='{\"font-size\":\"desktop:18px;\",\"line-height\":\"\"}'  style=\"font-weight:normal;\">\n<p data-start=\"31\" data-end=\"419\">Tequila San Jose Blanco este o tequila mexican\u0103 autentic\u0103, produs\u0103 din agave albastre (Agave Tequilana Weber) cultivate \u00een regiunile \u00eensorite ale Jalisco, Mexic. Este o variant\u0103 <em data-start=\"226\" data-end=\"234\">Blanco<\/em> (sau <em data-start=\"240\" data-end=\"248\">Silver<\/em>), adic\u0103 tequila ne\u00eemb\u0103tr\u00e2nit\u0103, distilat\u0103 \u0219i \u00eembuteliat\u0103 imediat dup\u0103 procesul de distilare, pentru a p\u0103stra aromele pure \u0219i prospe\u021bimea caracteristic\u0103 plantei de agave.<\/p>\n<p data-start=\"421\" data-end=\"585\">Aceast\u0103 tequila este apreciat\u0103 pentru gustul s\u0103u curat, echilibrat \u0219i u\u0219or dulceag, cu o arom\u0103 vegetal\u0103 \u0219i note subtile de piper alb, citrice \u0219i plante aromatice.<\/p>\n<p data-start=\"587\" data-end=\"888\"><strong data-start=\"587\" data-end=\"611\">Metod\u0103 de produc\u021bie:<\/strong><br data-start=\"611\" data-end=\"614\" \/>Agavele sunt recoltate manual la maturitate deplin\u0103, coapte \u00een cuptoare tradi\u021bionale, apoi zdrobite pentru extragerea sucului. Mustul fermentat este distilat de dou\u0103 ori \u00een alambicuri din o\u021bel inoxidabil, ob\u021bin\u00e2ndu-se un distilat limpede, cu o t\u0103rie de aproximativ 38\u201340%.<\/p>\n<p data-start=\"890\" data-end=\"912\"><strong data-start=\"890\" data-end=\"910\">Profil aromatic:<\/strong><\/p>\n<ul data-start=\"913\" data-end=\"1214\">\n<li data-start=\"913\" data-end=\"949\">\n<p data-start=\"915\" data-end=\"949\"><strong data-start=\"915\" data-end=\"927\">Culoare:<\/strong> limpede, cristalin\u0103<\/p>\n<\/li>\n<li data-start=\"950\" data-end=\"1049\">\n<p data-start=\"952\" data-end=\"1049\"><strong data-start=\"952\" data-end=\"962\">Miros:<\/strong> proasp\u0103t, cu note de agave crude, l\u0103m\u00e2ie verde, piper alb \u0219i u\u0219oare accente minerale<\/p>\n<\/li>\n<li data-start=\"1050\" data-end=\"1155\">\n<p data-start=\"1052\" data-end=\"1155\"><strong data-start=\"1052\" data-end=\"1061\">Gust:<\/strong> echilibrat, u\u0219or dulceag la \u00eenceput, urmat de o senza\u021bie piperat\u0103 \u0219i o not\u0103 fin\u0103 de citrice<\/p>\n<\/li>\n<li data-start=\"1156\" data-end=\"1214\">\n<p data-start=\"1158\" data-end=\"1214\"><strong data-start=\"1158\" data-end=\"1171\">Postgust:<\/strong> curat, u\u0219or picant, cu persisten\u021b\u0103 medie<\/p>\n<\/li>\n<\/ul>\n<p data-start=\"1216\" data-end=\"1237\"><strong data-start=\"1216\" data-end=\"1235\">Mod de servire:<\/strong><\/p>\n<ul data-start=\"1238\" data-end=\"1442\">\n<li data-start=\"1238\" data-end=\"1332\">\n<p data-start=\"1240\" data-end=\"1332\">Ideal\u0103 pentru cocktailuri clasice precum <strong data-start=\"1281\" data-end=\"1294\">Margarita<\/strong>, <strong data-start=\"1296\" data-end=\"1315\">Tequila Sunrise<\/strong> sau <strong data-start=\"1320\" data-end=\"1330\">Paloma<\/strong><\/p>\n<\/li>\n<li data-start=\"1333\" data-end=\"1442\">\n<p data-start=\"1335\" data-end=\"1442\">Poate fi servit\u0103 \u0219i simpl\u0103, cu felii de l\u0103m\u00e2ie \u0219i un praf de sare, pentru a savura puritatea distilatului<\/p>\n<\/li>\n<\/ul>\n<p data-start=\"1510\" data-end=\"1708\" data-is-last-node=\"\" data-is-only-node=\"\"><strong data-start=\"1510\" data-end=\"1531\">Caracter general:<\/strong><br data-start=\"1531\" data-end=\"1534\" \/>Tequila San Jose Blanco este o alegere excelent\u0103 pentru cei care prefer\u0103 o tequila u\u0219oar\u0103, proasp\u0103t\u0103 \u0219i versatil\u0103, potrivit\u0103 at\u00e2t pentru b\u0103ut simplu, c\u00e2t \u0219i pentru mixologie.<\/p>\n<\/div><\/div><div class=\"divider-wrap\" data-alignment=\"default\"><div style=\"height: 25px;\" class=\"divider\"><\/div><\/div>\n\t\t\t<\/div> \n\t\t<\/div>\n\t<\/div> \n<\/div><\/div>\n\t\t<div id=\"fws_69e089a7d7c70\"  data-midnight=\"dark\"  data-bg-mobile-hidden=\"\" class=\"wpb_row vc_row-fluid vc_row standard_section\"  style=\"padding-top: 0px; padding-bottom: 0px; \"><div class=\"row-bg-wrap\"><div class=\"inner-wrap\"><div class=\"row-bg\"  style=\"\"><\/div><\/div><div class=\"row-bg-overlay\" ><\/div><\/div><div class=\"col span_12 dark left\">\n\t<div  class=\"vc_col-sm-12 wpb_column column_container vc_column_container col no-extra-padding\"  data-t-w-inherits=\"default\" data-border-radius=\"none\" data-shadow=\"none\" data-border-animation=\"\" data-border-animation-delay=\"\" data-border-width=\"none\" data-border-style=\"solid\" data-border-color=\"\" data-bg-cover=\"\" data-padding-pos=\"all\" data-has-bg-color=\"false\" data-bg-color=\"\" data-bg-opacity=\"1\" data-hover-bg=\"\" data-hover-bg-opacity=\"1\" data-animation=\"\" data-delay=\"0\"><div class=\"column-bg-overlay\"><\/div>\n\t\t<div class=\"vc_column-inner\">\n\t\t\t<div class=\"wpb_wrapper\">\n\t\t\t\t<div class=\"divider-wrap\" data-alignment=\"default\"><div style=\"height: 100px;\" class=\"divider\"><\/div><\/div>\n\t\t\t<\/div> \n\t\t<\/div>\n\t<\/div> \n<\/div><\/div>","protected":false},"excerpt":{"rendered":"<p>Brand:<a href=\"https:\/\/gbb.md\/ru\/product-category\/san-jose\/\"> San Jose<\/a><br \/>\nAlcool: 38\u201340% vol.<br \/>\nVolum: 700 ml (standard, poate varia)<br \/>\n\u021aara de produc\u021bie: Mexic<\/p>","protected":false},"featured_media":10661,"comment_status":"open","ping_status":"closed","template":"","meta":[],"product_cat":[405,404,452,450],"product_tag":[],"yoast_head":"<!-- This site is optimized with the Yoast SEO plugin v20.10 - https:\/\/yoast.com\/wordpress\/plugins\/seo\/ -->\n<title>Tequila San Jose Blanco | Global Bar Beverages<\/title>\n<meta name=\"robots\" content=\"index, follow, max-snippet:-1, max-image-preview:large, max-video-preview:-1\" \/>\n<link rel=\"canonical\" href=\"https:\/\/gbb.md\/ru\/product\/tequila-san-jose-blanco\/\" \/>\n<meta property=\"og:locale\" content=\"ru_RU\" \/>\n<meta property=\"og:type\" content=\"article\" \/>\n<meta property=\"og:title\" content=\"Tequila San Jose Blanco | Global Bar Beverages\" \/>\n<meta property=\"og:description\" content=\"Brand: San Jose Alcool: 38\u201340% vol. Volum: 700 ml (standard, poate varia) \u021aara de produc\u021bie: Mexic\" \/>\n<meta property=\"og:url\" content=\"https:\/\/gbb.md\/ru\/product\/tequila-san-jose-blanco\/\" \/>\n<meta property=\"og:site_name\" content=\"Global Bar Beverages\" \/>\n<meta property=\"article:publisher\" content=\"https:\/\/www.facebook.com\/profile.php?id=61555243232370\" \/>\n<meta property=\"article:modified_time\" content=\"2025-12-02T10:23:59+00:00\" \/>\n<meta property=\"og:image\" content=\"https:\/\/gbb.md\/wp-content\/uploads\/2025\/10\/1c28207bef8ac812d13277c7d0a554df.png\" \/>\n\t<meta property=\"og:image:width\" content=\"1000\" \/>\n\t<meta property=\"og:image:height\" content=\"1000\" \/>\n\t<meta property=\"og:image:type\" content=\"image\/png\" \/>\n<meta name=\"twitter:card\" content=\"summary_large_image\" \/>\n<meta name=\"twitter:label1\" content=\"\u041f\u0440\u0438\u043c\u0435\u0440\u043d\u043e\u0435 \u0432\u0440\u0435\u043c\u044f \u0434\u043b\u044f \u0447\u0442\u0435\u043d\u0438\u044f\" \/>\n\t<meta name=\"twitter:data1\" content=\"2 \u043c\u0438\u043d\u0443\u0442\u044b\" \/>\n<script type=\"application\/ld+json\" class=\"yoast-schema-graph\">{\"@context\":\"https:\/\/schema.org\",\"@graph\":[{\"@type\":\"WebPage\",\"@id\":\"https:\/\/gbb.md\/product\/tequila-san-jose-blanco\/\",\"url\":\"https:\/\/gbb.md\/product\/tequila-san-jose-blanco\/\",\"name\":\"Tequila San Jose Blanco | Global Bar Beverages\",\"isPartOf\":{\"@id\":\"https:\/\/gbb.md\/#website\"},\"datePublished\":\"2025-10-08T08:22:26+00:00\",\"dateModified\":\"2025-12-02T10:23:59+00:00\",\"breadcrumb\":{\"@id\":\"https:\/\/gbb.md\/product\/tequila-san-jose-blanco\/#breadcrumb\"},\"inLanguage\":\"ru-RU\",\"potentialAction\":[{\"@type\":\"ReadAction\",\"target\":[\"https:\/\/gbb.md\/product\/tequila-san-jose-blanco\/\"]}]},{\"@type\":\"BreadcrumbList\",\"@id\":\"https:\/\/gbb.md\/product\/tequila-san-jose-blanco\/#breadcrumb\",\"itemListElement\":[{\"@type\":\"ListItem\",\"position\":1,\"name\":\"\u0413\u043b\u0430\u0432\u043d\u0430\u044f \u0441\u0442\u0440\u0430\u043d\u0438\u0446\u0430\",\"item\":\"https:\/\/gbb.md\/\"},{\"@type\":\"ListItem\",\"position\":2,\"name\":\"Produse\",\"item\":\"https:\/\/gbb.md\/shop\/\"},{\"@type\":\"ListItem\",\"position\":3,\"name\":\"Tequila San Jose Blanco\"}]},{\"@type\":\"WebSite\",\"@id\":\"https:\/\/gbb.md\/#website\",\"url\":\"https:\/\/gbb.md\/\",\"name\":\"GBB\",\"description\":\"\u042d\u0442\u043e \u043c\u043e\u043b\u043e\u0434\u0430\u044f \u0431\u044b\u0441\u0442\u0440\u043e\u0440\u0430\u0441\u0442\u0443\u0449\u0430\u044f \u043a\u043e\u043c\u043f\u0430\u043d\u0438\u044f, \u0441\u0442\u0430\u0432\u0448\u0430\u044f \u043a\u0440\u0443\u043f\u043d\u0435\u0439\u0448\u0438\u043c \u0432 \u041c\u043e\u043b\u0434\u043e\u0432\u0435 \u043f\u043e\u0441\u0442\u0430\u0432\u0449\u0438\u043a\u043e\u043c \u0441\u0438\u0440\u043e\u043f\u043e\u0432 \u0438 \u043f\u044e\u0440\u0435 \u0434\u043b\u044f \u043d\u0430\u043f\u0438\u0442\u043a\u043e\u0432, \u0447\u0430\u044f, \u043a\u043e\u0444\u0435, \u0441\u043e\u0443\u0441\u043e\u0432, \u0442\u043e\u043d\u0438\u043a\u043e\u0432 \u0438 bubble tea \u043e\u0442 \u0438\u043c\u0435\u043d\u0438\u0442\u044b\u0445 \u043f\u0440\u043e\u0438\u0437\u0432\u043e\u0434\u0438\u0442\u0435\u043b\u0435\u0439.\",\"publisher\":{\"@id\":\"https:\/\/gbb.md\/#organization\"},\"alternateName\":\"Global Bar Beverages\",\"potentialAction\":[{\"@type\":\"SearchAction\",\"target\":{\"@type\":\"EntryPoint\",\"urlTemplate\":\"https:\/\/gbb.md\/?s={search_term_string}\"},\"query-input\":\"required name=search_term_string\"}],\"inLanguage\":\"ru-RU\"},{\"@type\":\"Organization\",\"@id\":\"https:\/\/gbb.md\/#organization\",\"name\":\"GBB\",\"alternateName\":\"Global Bar Beverages\",\"url\":\"https:\/\/gbb.md\/\",\"logo\":{\"@type\":\"ImageObject\",\"inLanguage\":\"ru-RU\",\"@id\":\"https:\/\/gbb.md\/#\/schema\/logo\/image\/\",\"url\":\"https:\/\/gbb.md\/wp-content\/uploads\/2024\/01\/android-chrome-512x512-1.png\",\"contentUrl\":\"https:\/\/gbb.md\/wp-content\/uploads\/2024\/01\/android-chrome-512x512-1.png\",\"width\":512,\"height\":512,\"caption\":\"GBB\"},\"image\":{\"@id\":\"https:\/\/gbb.md\/#\/schema\/logo\/image\/\"},\"sameAs\":[\"https:\/\/www.facebook.com\/profile.php?id=61555243232370\"]}]}<\/script>\n<!-- \/ Yoast SEO plugin. -->","yoast_head_json":{"title":"Tequila San Jose Blanco | Global Bar Beverages","robots":{"index":"index","follow":"follow","max-snippet":"max-snippet:-1","max-image-preview":"max-image-preview:large","max-video-preview":"max-video-preview:-1"},"canonical":"https:\/\/gbb.md\/ru\/product\/tequila-san-jose-blanco\/","og_locale":"ru_RU","og_type":"article","og_title":"Tequila San Jose Blanco | Global Bar Beverages","og_description":"Brand: San Jose Alcool: 38\u201340% vol. Volum: 700 ml (standard, poate varia) \u021aara de produc\u021bie: Mexic","og_url":"https:\/\/gbb.md\/ru\/product\/tequila-san-jose-blanco\/","og_site_name":"Global Bar Beverages","article_publisher":"https:\/\/www.facebook.com\/profile.php?id=61555243232370","article_modified_time":"2025-12-02T10:23:59+00:00","og_image":[{"width":1000,"height":1000,"url":"https:\/\/gbb.md\/wp-content\/uploads\/2025\/10\/1c28207bef8ac812d13277c7d0a554df.png","type":"image\/png"}],"twitter_card":"summary_large_image","twitter_misc":{"\u041f\u0440\u0438\u043c\u0435\u0440\u043d\u043e\u0435 \u0432\u0440\u0435\u043c\u044f \u0434\u043b\u044f \u0447\u0442\u0435\u043d\u0438\u044f":"2 \u043c\u0438\u043d\u0443\u0442\u044b"},"schema":{"@context":"https:\/\/schema.org","@graph":[{"@type":"WebPage","@id":"https:\/\/gbb.md\/product\/tequila-san-jose-blanco\/","url":"https:\/\/gbb.md\/product\/tequila-san-jose-blanco\/","name":"Tequila San Jose Blanco | Global Bar Beverages","isPartOf":{"@id":"https:\/\/gbb.md\/#website"},"datePublished":"2025-10-08T08:22:26+00:00","dateModified":"2025-12-02T10:23:59+00:00","breadcrumb":{"@id":"https:\/\/gbb.md\/product\/tequila-san-jose-blanco\/#breadcrumb"},"inLanguage":"ru-RU","potentialAction":[{"@type":"ReadAction","target":["https:\/\/gbb.md\/product\/tequila-san-jose-blanco\/"]}]},{"@type":"BreadcrumbList","@id":"https:\/\/gbb.md\/product\/tequila-san-jose-blanco\/#breadcrumb","itemListElement":[{"@type":"ListItem","position":1,"name":"\u0413\u043b\u0430\u0432\u043d\u0430\u044f \u0441\u0442\u0440\u0430\u043d\u0438\u0446\u0430","item":"https:\/\/gbb.md\/"},{"@type":"ListItem","position":2,"name":"Produse","item":"https:\/\/gbb.md\/shop\/"},{"@type":"ListItem","position":3,"name":"Tequila San Jose Blanco"}]},{"@type":"WebSite","@id":"https:\/\/gbb.md\/#website","url":"https:\/\/gbb.md\/","name":"GBB","description":"\u042d\u0442\u043e \u043c\u043e\u043b\u043e\u0434\u0430\u044f \u0431\u044b\u0441\u0442\u0440\u043e\u0440\u0430\u0441\u0442\u0443\u0449\u0430\u044f \u043a\u043e\u043c\u043f\u0430\u043d\u0438\u044f, \u0441\u0442\u0430\u0432\u0448\u0430\u044f \u043a\u0440\u0443\u043f\u043d\u0435\u0439\u0448\u0438\u043c \u0432 \u041c\u043e\u043b\u0434\u043e\u0432\u0435 \u043f\u043e\u0441\u0442\u0430\u0432\u0449\u0438\u043a\u043e\u043c \u0441\u0438\u0440\u043e\u043f\u043e\u0432 \u0438 \u043f\u044e\u0440\u0435 \u0434\u043b\u044f \u043d\u0430\u043f\u0438\u0442\u043a\u043e\u0432, \u0447\u0430\u044f, \u043a\u043e\u0444\u0435, \u0441\u043e\u0443\u0441\u043e\u0432, \u0442\u043e\u043d\u0438\u043a\u043e\u0432 \u0438 bubble tea \u043e\u0442 \u0438\u043c\u0435\u043d\u0438\u0442\u044b\u0445 \u043f\u0440\u043e\u0438\u0437\u0432\u043e\u0434\u0438\u0442\u0435\u043b\u0435\u0439.","publisher":{"@id":"https:\/\/gbb.md\/#organization"},"alternateName":"Global Bar Beverages","potentialAction":[{"@type":"SearchAction","target":{"@type":"EntryPoint","urlTemplate":"https:\/\/gbb.md\/?s={search_term_string}"},"query-input":"required name=search_term_string"}],"inLanguage":"ru-RU"},{"@type":"Organization","@id":"https:\/\/gbb.md\/#organization","name":"GBB","alternateName":"Global Bar Beverages","url":"https:\/\/gbb.md\/","logo":{"@type":"ImageObject","inLanguage":"ru-RU","@id":"https:\/\/gbb.md\/#\/schema\/logo\/image\/","url":"https:\/\/gbb.md\/wp-content\/uploads\/2024\/01\/android-chrome-512x512-1.png","contentUrl":"https:\/\/gbb.md\/wp-content\/uploads\/2024\/01\/android-chrome-512x512-1.png","width":512,"height":512,"caption":"GBB"},"image":{"@id":"https:\/\/gbb.md\/#\/schema\/logo\/image\/"},"sameAs":["https:\/\/www.facebook.com\/profile.php?id=61555243232370"]}]}},"_links":{"self":[{"href":"https:\/\/gbb.md\/ru\/wp-json\/wp\/v2\/product\/10660"}],"collection":[{"href":"https:\/\/gbb.md\/ru\/wp-json\/wp\/v2\/product"}],"about":[{"href":"https:\/\/gbb.md\/ru\/wp-json\/wp\/v2\/types\/product"}],"replies":[{"embeddable":true,"href":"https:\/\/gbb.md\/ru\/wp-json\/wp\/v2\/comments?post=10660"}],"wp:featuredmedia":[{"embeddable":true,"href":"https:\/\/gbb.md\/ru\/wp-json\/wp\/v2\/media\/10661"}],"wp:attachment":[{"href":"https:\/\/gbb.md\/ru\/wp-json\/wp\/v2\/media?parent=10660"}],"wp:term":[{"taxonomy":"product_cat","embeddable":true,"href":"https:\/\/gbb.md\/ru\/wp-json\/wp\/v2\/product_cat?post=10660"},{"taxonomy":"product_tag","embeddable":true,"href":"https:\/\/gbb.md\/ru\/wp-json\/wp\/v2\/product_tag?post=10660"}],"curies":[{"name":"wp","href":"https:\/\/api.w.org\/{rel}","templated":true}]}}