{"id":10663,"date":"2025-10-08T11:25:28","date_gmt":"2025-10-08T08:25:28","guid":{"rendered":"https:\/\/gbb.md\/?post_type=product&#038;p=10663"},"modified":"2025-12-02T12:24:54","modified_gmt":"2025-12-02T10:24:54","slug":"tequila-san-jose-gold","status":"publish","type":"product","link":"https:\/\/gbb.md\/ru\/product\/tequila-san-jose-gold\/","title":{"rendered":"Tequila San Jose Gold"},"content":{"rendered":"<div id=\"fws_6a048a68e9da6\"  data-midnight=\"dark\" data-top-percent=\"-30%\"  data-bg-mobile-hidden=\"\" class=\"wpb_row vc_row-fluid vc_row top-level  vc_row-o-equal-height vc_row-flex  vc_row-o-content-middle standard_section\"  style=\"padding-top: calc(100vw * 0.0-30); padding-bottom: 0px;  z-index: 100;\"><div class=\"row-bg-wrap\"><div class=\"inner-wrap\"><div class=\"row-bg\"  style=\"\"><\/div><\/div><div class=\"row-bg-overlay\" ><\/div><\/div><div class=\"col span_12 dark left\">\n\t<div style=\"margin-top: -190px; \" class=\"vc_col-sm-12 wpb_column column_container vc_column_container col neg-marg no-extra-padding\"  data-t-w-inherits=\"default\" data-border-radius=\"none\" data-shadow=\"none\" data-border-animation=\"\" data-border-animation-delay=\"\" data-border-width=\"none\" data-border-style=\"solid\" data-border-color=\"\" data-bg-cover=\"\" data-padding-pos=\"all\" data-has-bg-color=\"false\" data-bg-color=\"\" data-bg-opacity=\"1\" data-hover-bg=\"\" data-hover-bg-opacity=\"1\" data-animation=\"\" data-delay=\"0\"><div class=\"column-bg-overlay\"><\/div>\n\t\t<div class=\"vc_column-inner\">\n\t\t\t<div class=\"wpb_wrapper\">\n\t\t\t\t<div class=\"divider-wrap\" data-alignment=\"default\"><div style=\"height: 70px;\" class=\"divider\"><\/div><\/div><div id=\"ultimate-heading-63316a048a68ea044\" class=\"uvc-heading ult-adjust-bottom-margin ultimate-heading-63316a048a68ea044 uvc-2140\" data-hspacer=\"no_spacer\"  data-halign=\"left\" style=\"text-align:left\"><div class=\"uvc-heading-spacer no_spacer\" style=\"top\"><\/div><div class=\"uvc-main-heading ult-responsive\"  data-ultimate-target='.uvc-heading.ultimate-heading-63316a048a68ea044 h2'  data-responsive-json-new='{\"font-size\":\"desktop:28px;\",\"line-height\":\"\"}' ><h2 style=\"font-weight:bold;color:#333333;\">Tequila San Jose Gold<\/h2><\/div><div class=\"uvc-sub-heading ult-responsive\"  data-ultimate-target='.uvc-heading.ultimate-heading-63316a048a68ea044 .uvc-sub-heading '  data-responsive-json-new='{\"font-size\":\"desktop:18px;\",\"line-height\":\"\"}'  style=\"font-weight:normal;\">\n<p data-start=\"29\" data-end=\"500\">Tequila San Jose Gold este o tequila mexican\u0103 autentic\u0103, produs\u0103 din agave albastre (Agave Tequilana Weber) cultivate \u00een regiunile tradi\u021bionale din Jalisco, Mexic. Aceast\u0103 variant\u0103 <em data-start=\"237\" data-end=\"243\">Gold<\/em> (sau <em data-start=\"249\" data-end=\"254\">Oro<\/em>) este cunoscut\u0103 pentru culoarea sa aurie cald\u0103, ob\u021binut\u0103 fie printr-un u\u0219or proces de \u00eemb\u0103tr\u00e2nire \u00een butoaie de stejar, fie prin ad\u0103ugarea unei cantit\u0103\u021bi mici de caramel alimentar pentru uniformizarea culorii \u0219i accentuarea dulcea\u021bei naturale.<\/p>\n<p data-start=\"502\" data-end=\"823\"><strong data-start=\"502\" data-end=\"526\">Metod\u0103 de produc\u021bie:<\/strong><br data-start=\"526\" data-end=\"529\" \/>Agavele sunt recoltate manual la maturitate deplin\u0103 \u0219i coapte tradi\u021bional \u00een cuptoare, pentru a transforma amidonul \u00een zaharuri fermentabile. Sucul rezultat este fermentat \u0219i distilat de dou\u0103 ori \u00een alambicuri din o\u021bel inoxidabil, p\u0103str\u00e2nd aromele pure de agave, cu note u\u0219or dulci \u0219i bogate.<\/p>\n<p data-start=\"825\" data-end=\"847\"><strong data-start=\"825\" data-end=\"845\">Profil aromatic:<\/strong><\/p>\n<ul data-start=\"848\" data-end=\"1148\">\n<li data-start=\"848\" data-end=\"894\">\n<p data-start=\"850\" data-end=\"894\"><strong data-start=\"850\" data-end=\"862\">Culoare:<\/strong> aurie, cald\u0103 \u0219i str\u0103lucitoare<\/p>\n<\/li>\n<li data-start=\"895\" data-end=\"975\">\n<p data-start=\"897\" data-end=\"975\"><strong data-start=\"897\" data-end=\"907\">Miros:<\/strong> note de agave coapte, caramel, vanilie \u0219i u\u0219oare accente lemnoase<\/p>\n<\/li>\n<li data-start=\"976\" data-end=\"1097\">\n<p data-start=\"978\" data-end=\"1097\"><strong data-start=\"978\" data-end=\"987\">Gust:<\/strong> echilibrat, u\u0219or dulce, cu accente de vanilie, caramel \u0219i condimente fine, cu postgust pl\u0103cut, u\u0219or piperat<\/p>\n<\/li>\n<li data-start=\"1098\" data-end=\"1148\">\n<p data-start=\"1100\" data-end=\"1148\"><strong data-start=\"1100\" data-end=\"1113\">Postgust:<\/strong> persistent, dulceag \u0219i catifelat<\/p>\n<\/li>\n<\/ul>\n<p data-start=\"1150\" data-end=\"1171\"><strong data-start=\"1150\" data-end=\"1169\">Mod de servire:<\/strong><\/p>\n<ul data-start=\"1172\" data-end=\"1386\">\n<li data-start=\"1172\" data-end=\"1267\">\n<p data-start=\"1174\" data-end=\"1267\">Ideal\u0103 pentru cocktailuri clasice precum <strong data-start=\"1215\" data-end=\"1228\">Margarita<\/strong>, <strong data-start=\"1230\" data-end=\"1249\">Tequila Sunrise<\/strong>, sau <strong data-start=\"1255\" data-end=\"1265\">Paloma<\/strong><\/p>\n<\/li>\n<li data-start=\"1268\" data-end=\"1386\">\n<p data-start=\"1270\" data-end=\"1386\">Poate fi savurat\u0103 simpl\u0103, cu felii de l\u0103m\u00e2ie \u0219i un praf de sare, pentru a eviden\u021bia aromele sale dulci \u0219i lemnoase<\/p>\n<\/li>\n<\/ul>\n<p data-start=\"1484\" data-end=\"1796\" data-is-last-node=\"\" data-is-only-node=\"\"><strong data-start=\"1484\" data-end=\"1505\">Caracter general:<\/strong><br data-start=\"1505\" data-end=\"1508\" \/>San Jose Gold este o tequila versatil\u0103, cu note u\u0219or dulci \u0219i aromate, potrivit\u0103 at\u00e2t pentru mixologie, c\u00e2t \u0219i pentru consum simplu. Aceasta este apreciat\u0103 pentru echilibrul \u00eentre prospe\u021bimea agavei \u0219i dulcea\u021ba subtil\u0103 de caramel \u0219i vanilie, oferind o experien\u021b\u0103 pl\u0103cut\u0103 \u0219i reconfortant\u0103.<\/p>\n<\/div><\/div><div class=\"divider-wrap\" data-alignment=\"default\"><div style=\"height: 25px;\" class=\"divider\"><\/div><\/div>\n\t\t\t<\/div> \n\t\t<\/div>\n\t<\/div> \n<\/div><\/div>\n\t\t<div id=\"fws_6a048a68ea3fb\"  data-midnight=\"dark\"  data-bg-mobile-hidden=\"\" class=\"wpb_row vc_row-fluid vc_row standard_section\"  style=\"padding-top: 0px; padding-bottom: 0px; \"><div class=\"row-bg-wrap\"><div class=\"inner-wrap\"><div class=\"row-bg\"  style=\"\"><\/div><\/div><div class=\"row-bg-overlay\" ><\/div><\/div><div class=\"col span_12 dark left\">\n\t<div  class=\"vc_col-sm-12 wpb_column column_container vc_column_container col no-extra-padding\"  data-t-w-inherits=\"default\" data-border-radius=\"none\" data-shadow=\"none\" data-border-animation=\"\" data-border-animation-delay=\"\" data-border-width=\"none\" data-border-style=\"solid\" data-border-color=\"\" data-bg-cover=\"\" data-padding-pos=\"all\" data-has-bg-color=\"false\" data-bg-color=\"\" data-bg-opacity=\"1\" data-hover-bg=\"\" data-hover-bg-opacity=\"1\" data-animation=\"\" data-delay=\"0\"><div class=\"column-bg-overlay\"><\/div>\n\t\t<div class=\"vc_column-inner\">\n\t\t\t<div class=\"wpb_wrapper\">\n\t\t\t\t<div class=\"divider-wrap\" data-alignment=\"default\"><div style=\"height: 100px;\" class=\"divider\"><\/div><\/div>\n\t\t\t<\/div> \n\t\t<\/div>\n\t<\/div> \n<\/div><\/div>","protected":false},"excerpt":{"rendered":"<p>Brand: <a href=\"https:\/\/gbb.md\/ru\/product-category\/san-jose\/\">San Jose<\/a><br \/>\nAlcool: 38\u201340% vol.<br \/>\nVolum: 700 ml<br \/>\n\u021aara de produc\u021bie: Mexic<\/p>","protected":false},"featured_media":10664,"comment_status":"open","ping_status":"closed","template":"","meta":[],"product_cat":[405,404,452,450],"product_tag":[],"yoast_head":"<!-- This site is optimized with the Yoast SEO plugin v20.10 - https:\/\/yoast.com\/wordpress\/plugins\/seo\/ -->\n<title>Tequila San Jose Gold | Global Bar Beverages<\/title>\n<meta name=\"robots\" content=\"index, follow, max-snippet:-1, max-image-preview:large, max-video-preview:-1\" \/>\n<link rel=\"canonical\" href=\"https:\/\/gbb.md\/ru\/product\/tequila-san-jose-gold\/\" \/>\n<meta property=\"og:locale\" content=\"ru_RU\" \/>\n<meta property=\"og:type\" content=\"article\" \/>\n<meta property=\"og:title\" content=\"Tequila San Jose Gold | Global Bar Beverages\" \/>\n<meta property=\"og:description\" content=\"Brand: San Jose Alcool: 38\u201340% vol. Volum: 700 ml \u021aara de produc\u021bie: Mexic\" \/>\n<meta property=\"og:url\" content=\"https:\/\/gbb.md\/ru\/product\/tequila-san-jose-gold\/\" \/>\n<meta property=\"og:site_name\" content=\"Global Bar Beverages\" \/>\n<meta property=\"article:publisher\" content=\"https:\/\/www.facebook.com\/profile.php?id=61555243232370\" \/>\n<meta property=\"article:modified_time\" content=\"2025-12-02T10:24:54+00:00\" \/>\n<meta property=\"og:image\" content=\"https:\/\/gbb.md\/wp-content\/uploads\/2025\/10\/8c48d31187bfac34a3fdcd11678676b9.png\" \/>\n\t<meta property=\"og:image:width\" content=\"1000\" \/>\n\t<meta property=\"og:image:height\" content=\"1000\" \/>\n\t<meta property=\"og:image:type\" content=\"image\/png\" \/>\n<meta name=\"twitter:card\" content=\"summary_large_image\" \/>\n<meta name=\"twitter:label1\" content=\"\u041f\u0440\u0438\u043c\u0435\u0440\u043d\u043e\u0435 \u0432\u0440\u0435\u043c\u044f \u0434\u043b\u044f \u0447\u0442\u0435\u043d\u0438\u044f\" \/>\n\t<meta name=\"twitter:data1\" content=\"2 \u043c\u0438\u043d\u0443\u0442\u044b\" \/>\n<script type=\"application\/ld+json\" class=\"yoast-schema-graph\">{\"@context\":\"https:\/\/schema.org\",\"@graph\":[{\"@type\":\"WebPage\",\"@id\":\"https:\/\/gbb.md\/product\/tequila-san-jose-gold\/\",\"url\":\"https:\/\/gbb.md\/product\/tequila-san-jose-gold\/\",\"name\":\"Tequila San Jose Gold | Global Bar Beverages\",\"isPartOf\":{\"@id\":\"https:\/\/gbb.md\/#website\"},\"datePublished\":\"2025-10-08T08:25:28+00:00\",\"dateModified\":\"2025-12-02T10:24:54+00:00\",\"breadcrumb\":{\"@id\":\"https:\/\/gbb.md\/product\/tequila-san-jose-gold\/#breadcrumb\"},\"inLanguage\":\"ru-RU\",\"potentialAction\":[{\"@type\":\"ReadAction\",\"target\":[\"https:\/\/gbb.md\/product\/tequila-san-jose-gold\/\"]}]},{\"@type\":\"BreadcrumbList\",\"@id\":\"https:\/\/gbb.md\/product\/tequila-san-jose-gold\/#breadcrumb\",\"itemListElement\":[{\"@type\":\"ListItem\",\"position\":1,\"name\":\"\u0413\u043b\u0430\u0432\u043d\u0430\u044f \u0441\u0442\u0440\u0430\u043d\u0438\u0446\u0430\",\"item\":\"https:\/\/gbb.md\/\"},{\"@type\":\"ListItem\",\"position\":2,\"name\":\"Produse\",\"item\":\"https:\/\/gbb.md\/shop\/\"},{\"@type\":\"ListItem\",\"position\":3,\"name\":\"Tequila San Jose Gold\"}]},{\"@type\":\"WebSite\",\"@id\":\"https:\/\/gbb.md\/#website\",\"url\":\"https:\/\/gbb.md\/\",\"name\":\"GBB\",\"description\":\"\u042d\u0442\u043e \u043c\u043e\u043b\u043e\u0434\u0430\u044f \u0431\u044b\u0441\u0442\u0440\u043e\u0440\u0430\u0441\u0442\u0443\u0449\u0430\u044f \u043a\u043e\u043c\u043f\u0430\u043d\u0438\u044f, \u0441\u0442\u0430\u0432\u0448\u0430\u044f \u043a\u0440\u0443\u043f\u043d\u0435\u0439\u0448\u0438\u043c \u0432 \u041c\u043e\u043b\u0434\u043e\u0432\u0435 \u043f\u043e\u0441\u0442\u0430\u0432\u0449\u0438\u043a\u043e\u043c \u0441\u0438\u0440\u043e\u043f\u043e\u0432 \u0438 \u043f\u044e\u0440\u0435 \u0434\u043b\u044f \u043d\u0430\u043f\u0438\u0442\u043a\u043e\u0432, \u0447\u0430\u044f, \u043a\u043e\u0444\u0435, \u0441\u043e\u0443\u0441\u043e\u0432, \u0442\u043e\u043d\u0438\u043a\u043e\u0432 \u0438 bubble tea \u043e\u0442 \u0438\u043c\u0435\u043d\u0438\u0442\u044b\u0445 \u043f\u0440\u043e\u0438\u0437\u0432\u043e\u0434\u0438\u0442\u0435\u043b\u0435\u0439.\",\"publisher\":{\"@id\":\"https:\/\/gbb.md\/#organization\"},\"alternateName\":\"Global Bar Beverages\",\"potentialAction\":[{\"@type\":\"SearchAction\",\"target\":{\"@type\":\"EntryPoint\",\"urlTemplate\":\"https:\/\/gbb.md\/?s={search_term_string}\"},\"query-input\":\"required name=search_term_string\"}],\"inLanguage\":\"ru-RU\"},{\"@type\":\"Organization\",\"@id\":\"https:\/\/gbb.md\/#organization\",\"name\":\"GBB\",\"alternateName\":\"Global Bar Beverages\",\"url\":\"https:\/\/gbb.md\/\",\"logo\":{\"@type\":\"ImageObject\",\"inLanguage\":\"ru-RU\",\"@id\":\"https:\/\/gbb.md\/#\/schema\/logo\/image\/\",\"url\":\"https:\/\/gbb.md\/wp-content\/uploads\/2024\/01\/android-chrome-512x512-1.png\",\"contentUrl\":\"https:\/\/gbb.md\/wp-content\/uploads\/2024\/01\/android-chrome-512x512-1.png\",\"width\":512,\"height\":512,\"caption\":\"GBB\"},\"image\":{\"@id\":\"https:\/\/gbb.md\/#\/schema\/logo\/image\/\"},\"sameAs\":[\"https:\/\/www.facebook.com\/profile.php?id=61555243232370\"]}]}<\/script>\n<!-- \/ Yoast SEO plugin. -->","yoast_head_json":{"title":"Tequila San Jose Gold | Global Bar Beverages","robots":{"index":"index","follow":"follow","max-snippet":"max-snippet:-1","max-image-preview":"max-image-preview:large","max-video-preview":"max-video-preview:-1"},"canonical":"https:\/\/gbb.md\/ru\/product\/tequila-san-jose-gold\/","og_locale":"ru_RU","og_type":"article","og_title":"Tequila San Jose Gold | Global Bar Beverages","og_description":"Brand: San Jose Alcool: 38\u201340% vol. Volum: 700 ml \u021aara de produc\u021bie: Mexic","og_url":"https:\/\/gbb.md\/ru\/product\/tequila-san-jose-gold\/","og_site_name":"Global Bar Beverages","article_publisher":"https:\/\/www.facebook.com\/profile.php?id=61555243232370","article_modified_time":"2025-12-02T10:24:54+00:00","og_image":[{"width":1000,"height":1000,"url":"https:\/\/gbb.md\/wp-content\/uploads\/2025\/10\/8c48d31187bfac34a3fdcd11678676b9.png","type":"image\/png"}],"twitter_card":"summary_large_image","twitter_misc":{"\u041f\u0440\u0438\u043c\u0435\u0440\u043d\u043e\u0435 \u0432\u0440\u0435\u043c\u044f \u0434\u043b\u044f \u0447\u0442\u0435\u043d\u0438\u044f":"2 \u043c\u0438\u043d\u0443\u0442\u044b"},"schema":{"@context":"https:\/\/schema.org","@graph":[{"@type":"WebPage","@id":"https:\/\/gbb.md\/product\/tequila-san-jose-gold\/","url":"https:\/\/gbb.md\/product\/tequila-san-jose-gold\/","name":"Tequila San Jose Gold | Global Bar Beverages","isPartOf":{"@id":"https:\/\/gbb.md\/#website"},"datePublished":"2025-10-08T08:25:28+00:00","dateModified":"2025-12-02T10:24:54+00:00","breadcrumb":{"@id":"https:\/\/gbb.md\/product\/tequila-san-jose-gold\/#breadcrumb"},"inLanguage":"ru-RU","potentialAction":[{"@type":"ReadAction","target":["https:\/\/gbb.md\/product\/tequila-san-jose-gold\/"]}]},{"@type":"BreadcrumbList","@id":"https:\/\/gbb.md\/product\/tequila-san-jose-gold\/#breadcrumb","itemListElement":[{"@type":"ListItem","position":1,"name":"\u0413\u043b\u0430\u0432\u043d\u0430\u044f \u0441\u0442\u0440\u0430\u043d\u0438\u0446\u0430","item":"https:\/\/gbb.md\/"},{"@type":"ListItem","position":2,"name":"Produse","item":"https:\/\/gbb.md\/shop\/"},{"@type":"ListItem","position":3,"name":"Tequila San Jose Gold"}]},{"@type":"WebSite","@id":"https:\/\/gbb.md\/#website","url":"https:\/\/gbb.md\/","name":"GBB","description":"\u042d\u0442\u043e \u043c\u043e\u043b\u043e\u0434\u0430\u044f \u0431\u044b\u0441\u0442\u0440\u043e\u0440\u0430\u0441\u0442\u0443\u0449\u0430\u044f \u043a\u043e\u043c\u043f\u0430\u043d\u0438\u044f, \u0441\u0442\u0430\u0432\u0448\u0430\u044f \u043a\u0440\u0443\u043f\u043d\u0435\u0439\u0448\u0438\u043c \u0432 \u041c\u043e\u043b\u0434\u043e\u0432\u0435 \u043f\u043e\u0441\u0442\u0430\u0432\u0449\u0438\u043a\u043e\u043c \u0441\u0438\u0440\u043e\u043f\u043e\u0432 \u0438 \u043f\u044e\u0440\u0435 \u0434\u043b\u044f \u043d\u0430\u043f\u0438\u0442\u043a\u043e\u0432, \u0447\u0430\u044f, \u043a\u043e\u0444\u0435, \u0441\u043e\u0443\u0441\u043e\u0432, \u0442\u043e\u043d\u0438\u043a\u043e\u0432 \u0438 bubble tea \u043e\u0442 \u0438\u043c\u0435\u043d\u0438\u0442\u044b\u0445 \u043f\u0440\u043e\u0438\u0437\u0432\u043e\u0434\u0438\u0442\u0435\u043b\u0435\u0439.","publisher":{"@id":"https:\/\/gbb.md\/#organization"},"alternateName":"Global Bar Beverages","potentialAction":[{"@type":"SearchAction","target":{"@type":"EntryPoint","urlTemplate":"https:\/\/gbb.md\/?s={search_term_string}"},"query-input":"required name=search_term_string"}],"inLanguage":"ru-RU"},{"@type":"Organization","@id":"https:\/\/gbb.md\/#organization","name":"GBB","alternateName":"Global Bar Beverages","url":"https:\/\/gbb.md\/","logo":{"@type":"ImageObject","inLanguage":"ru-RU","@id":"https:\/\/gbb.md\/#\/schema\/logo\/image\/","url":"https:\/\/gbb.md\/wp-content\/uploads\/2024\/01\/android-chrome-512x512-1.png","contentUrl":"https:\/\/gbb.md\/wp-content\/uploads\/2024\/01\/android-chrome-512x512-1.png","width":512,"height":512,"caption":"GBB"},"image":{"@id":"https:\/\/gbb.md\/#\/schema\/logo\/image\/"},"sameAs":["https:\/\/www.facebook.com\/profile.php?id=61555243232370"]}]}},"_links":{"self":[{"href":"https:\/\/gbb.md\/ru\/wp-json\/wp\/v2\/product\/10663"}],"collection":[{"href":"https:\/\/gbb.md\/ru\/wp-json\/wp\/v2\/product"}],"about":[{"href":"https:\/\/gbb.md\/ru\/wp-json\/wp\/v2\/types\/product"}],"replies":[{"embeddable":true,"href":"https:\/\/gbb.md\/ru\/wp-json\/wp\/v2\/comments?post=10663"}],"wp:featuredmedia":[{"embeddable":true,"href":"https:\/\/gbb.md\/ru\/wp-json\/wp\/v2\/media\/10664"}],"wp:attachment":[{"href":"https:\/\/gbb.md\/ru\/wp-json\/wp\/v2\/media?parent=10663"}],"wp:term":[{"taxonomy":"product_cat","embeddable":true,"href":"https:\/\/gbb.md\/ru\/wp-json\/wp\/v2\/product_cat?post=10663"},{"taxonomy":"product_tag","embeddable":true,"href":"https:\/\/gbb.md\/ru\/wp-json\/wp\/v2\/product_tag?post=10663"}],"curies":[{"name":"wp","href":"https:\/\/api.w.org\/{rel}","templated":true}]}}