{"id":10928,"date":"2025-11-11T13:36:18","date_gmt":"2025-11-11T11:36:18","guid":{"rendered":"https:\/\/gbb.md\/?post_type=product&#038;p=10928"},"modified":"2025-12-26T11:30:07","modified_gmt":"2025-12-26T09:30:07","slug":"piure-de-dovleac-pumpkin-puree-agrobar","status":"publish","type":"product","link":"https:\/\/gbb.md\/ru\/product\/piure-de-dovleac-pumpkin-puree-agrobar\/","title":{"rendered":"Piure de dovleac \/ Pumpkin Pur\u00e9e AGROBAR"},"content":{"rendered":"<div id=\"fws_6a04f19fb3072\"  data-midnight=\"dark\" data-top-percent=\"-30%\"  data-bg-mobile-hidden=\"\" class=\"wpb_row vc_row-fluid vc_row top-level  vc_row-o-equal-height vc_row-flex  vc_row-o-content-middle standard_section\"  style=\"padding-top: calc(100vw * 0.0-30); padding-bottom: 0px;  z-index: 100;\"><div class=\"row-bg-wrap\"><div class=\"inner-wrap\"><div class=\"row-bg\"  style=\"\"><\/div><\/div><div class=\"row-bg-overlay\" ><\/div><\/div><div class=\"col span_12 dark left\">\n\t<div style=\"margin-top: -190px; \" class=\"vc_col-sm-12 wpb_column column_container vc_column_container col neg-marg no-extra-padding\"  data-t-w-inherits=\"default\" data-border-radius=\"none\" data-shadow=\"none\" data-border-animation=\"\" data-border-animation-delay=\"\" data-border-width=\"none\" data-border-style=\"solid\" data-border-color=\"\" data-bg-cover=\"\" data-padding-pos=\"all\" data-has-bg-color=\"false\" data-bg-color=\"\" data-bg-opacity=\"1\" data-hover-bg=\"\" data-hover-bg-opacity=\"1\" data-animation=\"\" data-delay=\"0\"><div class=\"column-bg-overlay\"><\/div>\n\t\t<div class=\"vc_column-inner\">\n\t\t\t<div class=\"wpb_wrapper\">\n\t\t\t\t<div class=\"divider-wrap\" data-alignment=\"default\"><div style=\"height: 70px;\" class=\"divider\"><\/div><\/div><div id=\"ultimate-heading-51806a04f19fb3414\" class=\"uvc-heading ult-adjust-bottom-margin ultimate-heading-51806a04f19fb3414 uvc-4271\" data-hspacer=\"no_spacer\"  data-halign=\"left\" style=\"text-align:left\"><div class=\"uvc-heading-spacer no_spacer\" style=\"top\"><\/div><div class=\"uvc-main-heading ult-responsive\"  data-ultimate-target='.uvc-heading.ultimate-heading-51806a04f19fb3414 h2'  data-responsive-json-new='{\"font-size\":\"desktop:28px;\",\"line-height\":\"\"}' ><h2 style=\"font-weight:bold;color:#333333;\">Piure de dovleac \/ Pumpkin Pur\u00e9e AGROBAR<\/h2><\/div><div class=\"uvc-sub-heading ult-responsive\"  data-ultimate-target='.uvc-heading.ultimate-heading-51806a04f19fb3414 .uvc-sub-heading '  data-responsive-json-new='{\"font-size\":\"desktop:18px;\",\"line-height\":\"\"}'  style=\"font-weight:normal;\">\n<p data-start=\"0\" data-end=\"566\">Dovleacul este fructul unei plante din familia porumbului. Are o coaj\u0103 ferm\u0103, neted\u0103 sau neregulat\u0103, precum \u0219i pulp\u0103 portocalie, cu gust dulce \u0219i aromat. Dovleacul este considerat unul dintre cele mai s\u0103n\u0103toase \u0219i gustoase fructe. Este plin de substan\u021be nutritive, inclusiv vitaminele A \u0219i C, dihidroquercetin, calciu \u0219i fibre. Este utilizat \u0219i \u00een prepararea diverselor feluri de m\u00e2ncare, inclusiv pizza, supe, salate \u0219i chiar deserturi. Dovleacul este folosit pentru prevenirea \u0219i restabilirea s\u0103n\u0103t\u0103\u021bii \u0219i este popular printre iubitorii de alimenta\u021bie s\u0103n\u0103toas\u0103.<\/p>\n<p data-start=\"568\" data-end=\"759\" data-is-last-node=\"\" data-is-only-node=\"\"><strong data-start=\"568\" data-end=\"586\">Caracteristici<\/strong><br data-start=\"586\" data-end=\"589\" \/>Compozi\u021bie: dovleac<br data-start=\"608\" data-end=\"611\" \/>Termen de valabilitate: 12 luni la temperatura de -18\u00b0C. Dup\u0103 deschidere \u0219i decongelare, se p\u0103streaz\u0103 maximum 3 zile la temperatura de la 0 la +5\u00b0C.<\/p>\n<\/div><\/div><div class=\"divider-wrap\" data-alignment=\"default\"><div style=\"height: 25px;\" class=\"divider\"><\/div><\/div>\n\t\t\t<\/div> \n\t\t<\/div>\n\t<\/div> \n<\/div><\/div>\n\t\t<div id=\"fws_6a04f19fb37dd\"  data-midnight=\"dark\"  data-bg-mobile-hidden=\"\" class=\"wpb_row vc_row-fluid vc_row standard_section\"  style=\"padding-top: 0px; padding-bottom: 0px; \"><div class=\"row-bg-wrap\"><div class=\"inner-wrap\"><div class=\"row-bg\"  style=\"\"><\/div><\/div><div class=\"row-bg-overlay\" ><\/div><\/div><div class=\"col span_12 dark left\">\n\t<div  class=\"vc_col-sm-12 wpb_column column_container vc_column_container col no-extra-padding\"  data-t-w-inherits=\"default\" data-border-radius=\"none\" data-shadow=\"none\" data-border-animation=\"\" data-border-animation-delay=\"\" data-border-width=\"none\" data-border-style=\"solid\" data-border-color=\"\" data-bg-cover=\"\" data-padding-pos=\"all\" data-has-bg-color=\"false\" data-bg-color=\"\" data-bg-opacity=\"1\" data-hover-bg=\"\" data-hover-bg-opacity=\"1\" data-animation=\"\" data-delay=\"0\"><div class=\"column-bg-overlay\"><\/div>\n\t\t<div class=\"vc_column-inner\">\n\t\t\t<div class=\"wpb_wrapper\">\n\t\t\t\t<div class=\"divider-wrap\" data-alignment=\"default\"><div style=\"height: 100px;\" class=\"divider\"><\/div><\/div>\n\t\t\t<\/div> \n\t\t<\/div>\n\t<\/div> \n<\/div><\/div>","protected":false},"excerpt":{"rendered":"<p>Art F44.0010<br \/>\nCantitatea 1kg<br \/>\nBrand<a href=\"https:\/\/gbb.md\/ru\/product-category\/agrobar\/\"> AGROBAR<\/a><\/p>","protected":false},"featured_media":10929,"comment_status":"open","ping_status":"closed","template":"","meta":[],"product_cat":[451,404,421,419],"product_tag":[],"yoast_head":"<!-- This site is optimized with the Yoast SEO plugin v20.10 - https:\/\/yoast.com\/wordpress\/plugins\/seo\/ -->\n<title>Piure de dovleac \/ Pumpkin Pur\u00e9e AGROBAR | Global Bar Beverages<\/title>\n<meta name=\"robots\" content=\"index, follow, max-snippet:-1, max-image-preview:large, max-video-preview:-1\" \/>\n<link rel=\"canonical\" href=\"https:\/\/gbb.md\/ru\/product\/piure-de-dovleac-pumpkin-puree-agrobar\/\" \/>\n<meta property=\"og:locale\" content=\"ru_RU\" \/>\n<meta property=\"og:type\" content=\"article\" \/>\n<meta property=\"og:title\" content=\"Piure de dovleac \/ Pumpkin Pur\u00e9e AGROBAR | Global Bar Beverages\" \/>\n<meta property=\"og:description\" content=\"Art F44.0010 Cantitatea 1kg Brand AGROBAR\" \/>\n<meta property=\"og:url\" content=\"https:\/\/gbb.md\/ru\/product\/piure-de-dovleac-pumpkin-puree-agrobar\/\" \/>\n<meta property=\"og:site_name\" content=\"Global Bar Beverages\" \/>\n<meta property=\"article:publisher\" content=\"https:\/\/www.facebook.com\/profile.php?id=61555243232370\" \/>\n<meta property=\"article:modified_time\" content=\"2025-12-26T09:30:07+00:00\" \/>\n<meta property=\"og:image\" content=\"https:\/\/gbb.md\/wp-content\/uploads\/2025\/11\/gssvx2bnzsjid6zqqp2to1cckd3d4bul-scaled.jpg\" \/>\n\t<meta property=\"og:image:width\" content=\"2560\" \/>\n\t<meta property=\"og:image:height\" content=\"2560\" \/>\n\t<meta property=\"og:image:type\" content=\"image\/jpeg\" \/>\n<meta name=\"twitter:card\" content=\"summary_large_image\" \/>\n<meta name=\"twitter:label1\" content=\"\u041f\u0440\u0438\u043c\u0435\u0440\u043d\u043e\u0435 \u0432\u0440\u0435\u043c\u044f \u0434\u043b\u044f \u0447\u0442\u0435\u043d\u0438\u044f\" \/>\n\t<meta name=\"twitter:data1\" content=\"1 \u043c\u0438\u043d\u0443\u0442\u0430\" \/>\n<script type=\"application\/ld+json\" class=\"yoast-schema-graph\">{\"@context\":\"https:\/\/schema.org\",\"@graph\":[{\"@type\":\"WebPage\",\"@id\":\"https:\/\/gbb.md\/product\/piure-de-dovleac-pumpkin-puree-agrobar\/\",\"url\":\"https:\/\/gbb.md\/product\/piure-de-dovleac-pumpkin-puree-agrobar\/\",\"name\":\"Piure de dovleac \/ Pumpkin Pur\u00e9e AGROBAR | Global Bar Beverages\",\"isPartOf\":{\"@id\":\"https:\/\/gbb.md\/#website\"},\"datePublished\":\"2025-11-11T11:36:18+00:00\",\"dateModified\":\"2025-12-26T09:30:07+00:00\",\"breadcrumb\":{\"@id\":\"https:\/\/gbb.md\/product\/piure-de-dovleac-pumpkin-puree-agrobar\/#breadcrumb\"},\"inLanguage\":\"ru-RU\",\"potentialAction\":[{\"@type\":\"ReadAction\",\"target\":[\"https:\/\/gbb.md\/product\/piure-de-dovleac-pumpkin-puree-agrobar\/\"]}]},{\"@type\":\"BreadcrumbList\",\"@id\":\"https:\/\/gbb.md\/product\/piure-de-dovleac-pumpkin-puree-agrobar\/#breadcrumb\",\"itemListElement\":[{\"@type\":\"ListItem\",\"position\":1,\"name\":\"\u0413\u043b\u0430\u0432\u043d\u0430\u044f \u0441\u0442\u0440\u0430\u043d\u0438\u0446\u0430\",\"item\":\"https:\/\/gbb.md\/\"},{\"@type\":\"ListItem\",\"position\":2,\"name\":\"Produse\",\"item\":\"https:\/\/gbb.md\/shop\/\"},{\"@type\":\"ListItem\",\"position\":3,\"name\":\"Piure de dovleac \/ Pumpkin Pur\u00e9e AGROBAR\"}]},{\"@type\":\"WebSite\",\"@id\":\"https:\/\/gbb.md\/#website\",\"url\":\"https:\/\/gbb.md\/\",\"name\":\"GBB\",\"description\":\"\u042d\u0442\u043e \u043c\u043e\u043b\u043e\u0434\u0430\u044f \u0431\u044b\u0441\u0442\u0440\u043e\u0440\u0430\u0441\u0442\u0443\u0449\u0430\u044f \u043a\u043e\u043c\u043f\u0430\u043d\u0438\u044f, \u0441\u0442\u0430\u0432\u0448\u0430\u044f \u043a\u0440\u0443\u043f\u043d\u0435\u0439\u0448\u0438\u043c \u0432 \u041c\u043e\u043b\u0434\u043e\u0432\u0435 \u043f\u043e\u0441\u0442\u0430\u0432\u0449\u0438\u043a\u043e\u043c \u0441\u0438\u0440\u043e\u043f\u043e\u0432 \u0438 \u043f\u044e\u0440\u0435 \u0434\u043b\u044f \u043d\u0430\u043f\u0438\u0442\u043a\u043e\u0432, \u0447\u0430\u044f, \u043a\u043e\u0444\u0435, \u0441\u043e\u0443\u0441\u043e\u0432, \u0442\u043e\u043d\u0438\u043a\u043e\u0432 \u0438 bubble tea \u043e\u0442 \u0438\u043c\u0435\u043d\u0438\u0442\u044b\u0445 \u043f\u0440\u043e\u0438\u0437\u0432\u043e\u0434\u0438\u0442\u0435\u043b\u0435\u0439.\",\"publisher\":{\"@id\":\"https:\/\/gbb.md\/#organization\"},\"alternateName\":\"Global Bar Beverages\",\"potentialAction\":[{\"@type\":\"SearchAction\",\"target\":{\"@type\":\"EntryPoint\",\"urlTemplate\":\"https:\/\/gbb.md\/?s={search_term_string}\"},\"query-input\":\"required name=search_term_string\"}],\"inLanguage\":\"ru-RU\"},{\"@type\":\"Organization\",\"@id\":\"https:\/\/gbb.md\/#organization\",\"name\":\"GBB\",\"alternateName\":\"Global Bar Beverages\",\"url\":\"https:\/\/gbb.md\/\",\"logo\":{\"@type\":\"ImageObject\",\"inLanguage\":\"ru-RU\",\"@id\":\"https:\/\/gbb.md\/#\/schema\/logo\/image\/\",\"url\":\"https:\/\/gbb.md\/wp-content\/uploads\/2024\/01\/android-chrome-512x512-1.png\",\"contentUrl\":\"https:\/\/gbb.md\/wp-content\/uploads\/2024\/01\/android-chrome-512x512-1.png\",\"width\":512,\"height\":512,\"caption\":\"GBB\"},\"image\":{\"@id\":\"https:\/\/gbb.md\/#\/schema\/logo\/image\/\"},\"sameAs\":[\"https:\/\/www.facebook.com\/profile.php?id=61555243232370\"]}]}<\/script>\n<!-- \/ Yoast SEO plugin. -->","yoast_head_json":{"title":"Piure de dovleac \/ Pumpkin Pur\u00e9e AGROBAR | Global Bar Beverages","robots":{"index":"index","follow":"follow","max-snippet":"max-snippet:-1","max-image-preview":"max-image-preview:large","max-video-preview":"max-video-preview:-1"},"canonical":"https:\/\/gbb.md\/ru\/product\/piure-de-dovleac-pumpkin-puree-agrobar\/","og_locale":"ru_RU","og_type":"article","og_title":"Piure de dovleac \/ Pumpkin Pur\u00e9e AGROBAR | Global Bar Beverages","og_description":"Art F44.0010 Cantitatea 1kg Brand AGROBAR","og_url":"https:\/\/gbb.md\/ru\/product\/piure-de-dovleac-pumpkin-puree-agrobar\/","og_site_name":"Global Bar Beverages","article_publisher":"https:\/\/www.facebook.com\/profile.php?id=61555243232370","article_modified_time":"2025-12-26T09:30:07+00:00","og_image":[{"width":2560,"height":2560,"url":"https:\/\/gbb.md\/wp-content\/uploads\/2025\/11\/gssvx2bnzsjid6zqqp2to1cckd3d4bul-scaled.jpg","type":"image\/jpeg"}],"twitter_card":"summary_large_image","twitter_misc":{"\u041f\u0440\u0438\u043c\u0435\u0440\u043d\u043e\u0435 \u0432\u0440\u0435\u043c\u044f \u0434\u043b\u044f \u0447\u0442\u0435\u043d\u0438\u044f":"1 \u043c\u0438\u043d\u0443\u0442\u0430"},"schema":{"@context":"https:\/\/schema.org","@graph":[{"@type":"WebPage","@id":"https:\/\/gbb.md\/product\/piure-de-dovleac-pumpkin-puree-agrobar\/","url":"https:\/\/gbb.md\/product\/piure-de-dovleac-pumpkin-puree-agrobar\/","name":"Piure de dovleac \/ Pumpkin Pur\u00e9e AGROBAR | Global Bar Beverages","isPartOf":{"@id":"https:\/\/gbb.md\/#website"},"datePublished":"2025-11-11T11:36:18+00:00","dateModified":"2025-12-26T09:30:07+00:00","breadcrumb":{"@id":"https:\/\/gbb.md\/product\/piure-de-dovleac-pumpkin-puree-agrobar\/#breadcrumb"},"inLanguage":"ru-RU","potentialAction":[{"@type":"ReadAction","target":["https:\/\/gbb.md\/product\/piure-de-dovleac-pumpkin-puree-agrobar\/"]}]},{"@type":"BreadcrumbList","@id":"https:\/\/gbb.md\/product\/piure-de-dovleac-pumpkin-puree-agrobar\/#breadcrumb","itemListElement":[{"@type":"ListItem","position":1,"name":"\u0413\u043b\u0430\u0432\u043d\u0430\u044f \u0441\u0442\u0440\u0430\u043d\u0438\u0446\u0430","item":"https:\/\/gbb.md\/"},{"@type":"ListItem","position":2,"name":"Produse","item":"https:\/\/gbb.md\/shop\/"},{"@type":"ListItem","position":3,"name":"Piure de dovleac \/ Pumpkin Pur\u00e9e AGROBAR"}]},{"@type":"WebSite","@id":"https:\/\/gbb.md\/#website","url":"https:\/\/gbb.md\/","name":"GBB","description":"\u042d\u0442\u043e \u043c\u043e\u043b\u043e\u0434\u0430\u044f \u0431\u044b\u0441\u0442\u0440\u043e\u0440\u0430\u0441\u0442\u0443\u0449\u0430\u044f \u043a\u043e\u043c\u043f\u0430\u043d\u0438\u044f, \u0441\u0442\u0430\u0432\u0448\u0430\u044f \u043a\u0440\u0443\u043f\u043d\u0435\u0439\u0448\u0438\u043c \u0432 \u041c\u043e\u043b\u0434\u043e\u0432\u0435 \u043f\u043e\u0441\u0442\u0430\u0432\u0449\u0438\u043a\u043e\u043c \u0441\u0438\u0440\u043e\u043f\u043e\u0432 \u0438 \u043f\u044e\u0440\u0435 \u0434\u043b\u044f \u043d\u0430\u043f\u0438\u0442\u043a\u043e\u0432, \u0447\u0430\u044f, \u043a\u043e\u0444\u0435, \u0441\u043e\u0443\u0441\u043e\u0432, \u0442\u043e\u043d\u0438\u043a\u043e\u0432 \u0438 bubble tea \u043e\u0442 \u0438\u043c\u0435\u043d\u0438\u0442\u044b\u0445 \u043f\u0440\u043e\u0438\u0437\u0432\u043e\u0434\u0438\u0442\u0435\u043b\u0435\u0439.","publisher":{"@id":"https:\/\/gbb.md\/#organization"},"alternateName":"Global Bar Beverages","potentialAction":[{"@type":"SearchAction","target":{"@type":"EntryPoint","urlTemplate":"https:\/\/gbb.md\/?s={search_term_string}"},"query-input":"required name=search_term_string"}],"inLanguage":"ru-RU"},{"@type":"Organization","@id":"https:\/\/gbb.md\/#organization","name":"GBB","alternateName":"Global Bar Beverages","url":"https:\/\/gbb.md\/","logo":{"@type":"ImageObject","inLanguage":"ru-RU","@id":"https:\/\/gbb.md\/#\/schema\/logo\/image\/","url":"https:\/\/gbb.md\/wp-content\/uploads\/2024\/01\/android-chrome-512x512-1.png","contentUrl":"https:\/\/gbb.md\/wp-content\/uploads\/2024\/01\/android-chrome-512x512-1.png","width":512,"height":512,"caption":"GBB"},"image":{"@id":"https:\/\/gbb.md\/#\/schema\/logo\/image\/"},"sameAs":["https:\/\/www.facebook.com\/profile.php?id=61555243232370"]}]}},"_links":{"self":[{"href":"https:\/\/gbb.md\/ru\/wp-json\/wp\/v2\/product\/10928"}],"collection":[{"href":"https:\/\/gbb.md\/ru\/wp-json\/wp\/v2\/product"}],"about":[{"href":"https:\/\/gbb.md\/ru\/wp-json\/wp\/v2\/types\/product"}],"replies":[{"embeddable":true,"href":"https:\/\/gbb.md\/ru\/wp-json\/wp\/v2\/comments?post=10928"}],"wp:featuredmedia":[{"embeddable":true,"href":"https:\/\/gbb.md\/ru\/wp-json\/wp\/v2\/media\/10929"}],"wp:attachment":[{"href":"https:\/\/gbb.md\/ru\/wp-json\/wp\/v2\/media?parent=10928"}],"wp:term":[{"taxonomy":"product_cat","embeddable":true,"href":"https:\/\/gbb.md\/ru\/wp-json\/wp\/v2\/product_cat?post=10928"},{"taxonomy":"product_tag","embeddable":true,"href":"https:\/\/gbb.md\/ru\/wp-json\/wp\/v2\/product_tag?post=10928"}],"curies":[{"name":"wp","href":"https:\/\/api.w.org\/{rel}","templated":true}]}}