{"id":11024,"date":"2025-12-11T17:11:51","date_gmt":"2025-12-11T15:11:51","guid":{"rendered":"https:\/\/gbb.md\/?post_type=product&#038;p=11024"},"modified":"2026-04-08T18:17:39","modified_gmt":"2026-04-08T15:17:39","slug":"whisky-torabhaig-sound-of-sleat-sky","status":"publish","type":"product","link":"https:\/\/gbb.md\/ru\/product\/whisky-torabhaig-sound-of-sleat-sky\/","title":{"rendered":"Whisky Torabhaig Sound of Sleat (Sky)"},"content":{"rendered":"<div id=\"fws_6a048bf37a55b\"  data-midnight=\"dark\" data-top-percent=\"-30%\"  data-bg-mobile-hidden=\"\" class=\"wpb_row vc_row-fluid vc_row top-level  vc_row-o-equal-height vc_row-flex  vc_row-o-content-middle standard_section\"  style=\"padding-top: calc(100vw * 0.0-30); padding-bottom: 0px;  z-index: 100;\"><div class=\"row-bg-wrap\"><div class=\"inner-wrap\"><div class=\"row-bg\"  style=\"\"><\/div><\/div><div class=\"row-bg-overlay\" ><\/div><\/div><div class=\"col span_12 dark left\">\n\t<div style=\"margin-top: -190px; \" class=\"vc_col-sm-12 wpb_column column_container vc_column_container col neg-marg no-extra-padding\"  data-t-w-inherits=\"default\" data-border-radius=\"none\" data-shadow=\"none\" data-border-animation=\"\" data-border-animation-delay=\"\" data-border-width=\"none\" data-border-style=\"solid\" data-border-color=\"\" data-bg-cover=\"\" data-padding-pos=\"all\" data-has-bg-color=\"false\" data-bg-color=\"\" data-bg-opacity=\"1\" data-hover-bg=\"\" data-hover-bg-opacity=\"1\" data-animation=\"\" data-delay=\"0\"><div class=\"column-bg-overlay\"><\/div>\n\t\t<div class=\"vc_column-inner\">\n\t\t\t<div class=\"wpb_wrapper\">\n\t\t\t\t<div class=\"divider-wrap\" data-alignment=\"default\"><div style=\"height: 70px;\" class=\"divider\"><\/div><\/div><div id=\"ultimate-heading-61466a048bf37a928\" class=\"uvc-heading ult-adjust-bottom-margin ultimate-heading-61466a048bf37a928 uvc-6370\" data-hspacer=\"no_spacer\"  data-halign=\"left\" style=\"text-align:left\"><div class=\"uvc-heading-spacer no_spacer\" style=\"top\"><\/div><div class=\"uvc-main-heading ult-responsive\"  data-ultimate-target='.uvc-heading.ultimate-heading-61466a048bf37a928 h2'  data-responsive-json-new='{\"font-size\":\"desktop:28px;\",\"line-height\":\"\"}' ><h2 style=\"font-weight:bold;color:#333333;\">Whisky Torabhaig Sound of Sleat (Sky)<\/h2><\/div><div class=\"uvc-sub-heading ult-responsive\"  data-ultimate-target='.uvc-heading.ultimate-heading-61466a048bf37a928 .uvc-sub-heading '  data-responsive-json-new='{\"font-size\":\"desktop:18px;\",\"line-height\":\"\"}'  style=\"font-weight:normal;\">\n<h2 data-start=\"532\" data-end=\"551\"><strong data-start=\"538\" data-end=\"551\">Produc\u021bie<\/strong><\/h2>\n<ul data-start=\"552\" data-end=\"801\">\n<li data-start=\"552\" data-end=\"630\">\n<p data-start=\"554\" data-end=\"630\">Realizat din orz maltificat <strong data-start=\"582\" data-end=\"594\">Concerto<\/strong> \u0219i <strong data-start=\"598\" data-end=\"610\">Laureate<\/strong>, puternic afumat.<\/p>\n<\/li>\n<li data-start=\"631\" data-end=\"696\">\n<p data-start=\"633\" data-end=\"696\">Fermenta\u021bie de aproximativ 72 de ore cu drojdii Pinnacle MG+.<\/p>\n<\/li>\n<li data-start=\"697\" data-end=\"801\">\n<p data-start=\"699\" data-end=\"801\">Maturat exclusiv \u00een <strong data-start=\"719\" data-end=\"749\">butoaie de stejar american<\/strong>: butoaie noi puternic arse \u0219i butoaie ex-bourbon.<\/p>\n<\/li>\n<\/ul>\n<h2 data-start=\"808\" data-end=\"830\">\u00a0<strong data-start=\"814\" data-end=\"830\">Arom\u0103 (Nose)<\/strong><\/h2>\n<ul data-start=\"831\" data-end=\"1010\">\n<li data-start=\"831\" data-end=\"914\">\n<p data-start=\"833\" data-end=\"914\">Note proaspete de <strong data-start=\"851\" data-end=\"874\">citrice (portocal\u0103)<\/strong>, <strong data-start=\"876\" data-end=\"885\">cais\u0103<\/strong> \u0219i o tent\u0103 de <strong data-start=\"900\" data-end=\"911\">popcorn<\/strong>.<\/p>\n<\/li>\n<li data-start=\"915\" data-end=\"963\">\n<p data-start=\"917\" data-end=\"963\">Accente marine: sare, alge, briz\u0103 de coast\u0103.<\/p>\n<\/li>\n<li data-start=\"964\" data-end=\"1010\">\n<p data-start=\"966\" data-end=\"1010\">Fum u\u0219or de foc de tab\u0103r\u0103, vanilie \u0219i miere.<\/p>\n<\/li>\n<\/ul>\n<h2 data-start=\"1017\" data-end=\"1040\">\u00a0<strong data-start=\"1023\" data-end=\"1040\">Gust (Palate)<\/strong><\/h2>\n<ul data-start=\"1041\" data-end=\"1243\">\n<li data-start=\"1041\" data-end=\"1103\">\n<p data-start=\"1043\" data-end=\"1103\"><strong data-start=\"1043\" data-end=\"1059\">Fum de turb\u0103<\/strong> combinat cu dulcea\u021b\u0103 de miere \u0219i vanilie.<\/p>\n<\/li>\n<li data-start=\"1104\" data-end=\"1169\">\n<p data-start=\"1106\" data-end=\"1169\">Note de <strong data-start=\"1114\" data-end=\"1128\">ap\u0103 s\u0103rat\u0103<\/strong>, minerale, condiment u\u0219or (piper alb).<\/p>\n<\/li>\n<li data-start=\"1170\" data-end=\"1243\">\n<p data-start=\"1172\" data-end=\"1243\">Tonuri lemnoase \u0219i structur\u0103 elegant\u0103, echilibru \u00eentre dulce \u0219i afumat.<\/p>\n<\/li>\n<\/ul>\n<h2 data-start=\"1250\" data-end=\"1274\">\u00a0<strong data-start=\"1256\" data-end=\"1274\">Finish (Final)<\/strong><\/h2>\n<ul data-start=\"1275\" data-end=\"1380\">\n<li data-start=\"1275\" data-end=\"1320\">\n<p data-start=\"1277\" data-end=\"1320\"><strong data-start=\"1277\" data-end=\"1296\">Mediu spre lung<\/strong>, curat \u0219i echilibrat.<\/p>\n<\/li>\n<li data-start=\"1321\" data-end=\"1380\">\n<p data-start=\"1323\" data-end=\"1380\">Las\u0103 impresii de <strong data-start=\"1340\" data-end=\"1379\">fum s\u0103rat, miere \u0219i condimente fine<\/strong>.<\/p>\n<\/li>\n<\/ul>\n<h2 data-start=\"1387\" data-end=\"1414\">\u00a0<strong data-start=\"1394\" data-end=\"1414\">Caracter general<\/strong><\/h2>\n<p data-start=\"1415\" data-end=\"1658\">Torabhaig Sound of Sleat este un single malt de insul\u0103 <strong data-start=\"1470\" data-end=\"1501\">echilibrat, afumat \u0219i marin<\/strong>, ce reflect\u0103 perfect climatul de pe Isle of Skye. Stilul s\u0103u \u201e<strong data-start=\"1564\" data-end=\"1581\">Smoke &amp; Brine<\/strong>\u201d combin\u0103 armonios fumul de turb\u0103 cu dulcea\u021ba lemnoas\u0103 \u0219i prospe\u021bimea s\u0103rat\u0103.<\/p>\n<\/div><\/div><div class=\"divider-wrap\" data-alignment=\"default\"><div style=\"height: 25px;\" class=\"divider\"><\/div><\/div>\n\t\t\t<\/div> \n\t\t<\/div>\n\t<\/div> \n<\/div><\/div>\n\t\t<div id=\"fws_6a048bf37ad13\"  data-midnight=\"dark\"  data-bg-mobile-hidden=\"\" class=\"wpb_row vc_row-fluid vc_row standard_section\"  style=\"padding-top: 0px; padding-bottom: 0px; \"><div class=\"row-bg-wrap\"><div class=\"inner-wrap\"><div class=\"row-bg\"  style=\"\"><\/div><\/div><div class=\"row-bg-overlay\" ><\/div><\/div><div class=\"col span_12 dark left\">\n\t<div  class=\"vc_col-sm-12 wpb_column column_container vc_column_container col no-extra-padding\"  data-t-w-inherits=\"default\" data-border-radius=\"none\" data-shadow=\"none\" data-border-animation=\"\" data-border-animation-delay=\"\" data-border-width=\"none\" data-border-style=\"solid\" data-border-color=\"\" data-bg-cover=\"\" data-padding-pos=\"all\" data-has-bg-color=\"false\" data-bg-color=\"\" data-bg-opacity=\"1\" data-hover-bg=\"\" data-hover-bg-opacity=\"1\" data-animation=\"\" data-delay=\"0\"><div class=\"column-bg-overlay\"><\/div>\n\t\t<div class=\"vc_column-inner\">\n\t\t\t<div class=\"wpb_wrapper\">\n\t\t\t\t<div class=\"divider-wrap\" data-alignment=\"default\"><div style=\"height: 100px;\" class=\"divider\"><\/div><\/div>\n\t\t\t<\/div> \n\t\t<\/div>\n\t<\/div> \n<\/div><\/div>","protected":false},"excerpt":{"rendered":"<ul>\n<li data-start=\"216\" data-end=\"254\">\n<p data-start=\"218\" data-end=\"254\"><strong data-start=\"218\" data-end=\"226\">Tip:<\/strong> Single Malt Scotch Whisky<\/p>\n<\/li>\n<li data-start=\"255\" data-end=\"292\">\n<p data-start=\"257\" data-end=\"292\"><strong data-start=\"257\" data-end=\"269\">Regiune:<\/strong> Isle of Skye, Sco\u021bia<\/p>\n<\/li>\n<li data-start=\"293\" data-end=\"335\">\n<p data-start=\"295\" data-end=\"335\"><strong data-start=\"295\" data-end=\"305\">Seria:<\/strong> Legacy Series (Capitolul 4)<\/p>\n<\/li>\n<li data-start=\"336\" data-end=\"368\">\n<p data-start=\"338\" data-end=\"368\"><strong data-start=\"338\" data-end=\"358\">T\u0103rie alcoolic\u0103:<\/strong> 46% ABV<\/p>\n<\/li>\n<li data-start=\"369\" data-end=\"424\">\n<p data-start=\"371\" data-end=\"424\"><strong data-start=\"371\" data-end=\"384\">Filtrare:<\/strong> f\u0103r\u0103 filtrare la rece, f\u0103r\u0103 coloran\u021bi<\/p>\n<\/li>\n<li data-start=\"425\" data-end=\"445\">\n<p data-start=\"427\" data-end=\"445\"><strong data-start=\"427\" data-end=\"437\">Volum:<\/strong> 0,7 L<\/p>\n<\/li>\n<\/ul>","protected":false},"featured_media":11025,"comment_status":"open","ping_status":"closed","template":"","meta":[],"product_cat":[405,404,408,391],"product_tag":[],"yoast_head":"<!-- This site is optimized with the Yoast SEO plugin v20.10 - https:\/\/yoast.com\/wordpress\/plugins\/seo\/ -->\n<title>Whisky Torabhaig Sound of Sleat (Sky) | Global Bar Beverages<\/title>\n<meta name=\"robots\" content=\"index, follow, max-snippet:-1, max-image-preview:large, max-video-preview:-1\" \/>\n<link rel=\"canonical\" href=\"https:\/\/gbb.md\/ru\/product\/whisky-torabhaig-sound-of-sleat-sky\/\" \/>\n<meta property=\"og:locale\" content=\"ru_RU\" \/>\n<meta property=\"og:type\" content=\"article\" \/>\n<meta property=\"og:title\" content=\"Whisky Torabhaig Sound of Sleat (Sky) | Global Bar Beverages\" \/>\n<meta property=\"og:description\" content=\"Tip: Single Malt Scotch Whisky    Regiune: Isle of Skye, Sco\u021bia    Seria: Legacy Series (Capitolul 4)    T\u0103rie alcoolic\u0103: 46% ABV    Filtrare: f\u0103r\u0103 filtrare la rece, f\u0103r\u0103 coloran\u021bi    Volum: 0,7 L\" \/>\n<meta property=\"og:url\" content=\"https:\/\/gbb.md\/ru\/product\/whisky-torabhaig-sound-of-sleat-sky\/\" \/>\n<meta property=\"og:site_name\" content=\"Global Bar Beverages\" \/>\n<meta property=\"article:publisher\" content=\"https:\/\/www.facebook.com\/profile.php?id=61555243232370\" \/>\n<meta property=\"article:modified_time\" content=\"2026-04-08T15:17:39+00:00\" \/>\n<meta property=\"og:image\" content=\"https:\/\/gbb.md\/wp-content\/uploads\/2025\/12\/torabhaig-sound-of-sleat-review-1024x538-1.jpg\" \/>\n\t<meta property=\"og:image:width\" content=\"608\" \/>\n\t<meta property=\"og:image:height\" content=\"538\" \/>\n\t<meta property=\"og:image:type\" content=\"image\/jpeg\" \/>\n<meta name=\"twitter:card\" content=\"summary_large_image\" \/>\n<meta name=\"twitter:label1\" content=\"\u041f\u0440\u0438\u043c\u0435\u0440\u043d\u043e\u0435 \u0432\u0440\u0435\u043c\u044f \u0434\u043b\u044f \u0447\u0442\u0435\u043d\u0438\u044f\" \/>\n\t<meta name=\"twitter:data1\" content=\"2 \u043c\u0438\u043d\u0443\u0442\u044b\" \/>\n<script type=\"application\/ld+json\" class=\"yoast-schema-graph\">{\"@context\":\"https:\/\/schema.org\",\"@graph\":[{\"@type\":\"WebPage\",\"@id\":\"https:\/\/gbb.md\/product\/whisky-torabhaig-sound-of-sleat-sky\/\",\"url\":\"https:\/\/gbb.md\/product\/whisky-torabhaig-sound-of-sleat-sky\/\",\"name\":\"Whisky Torabhaig Sound of Sleat (Sky) | Global Bar Beverages\",\"isPartOf\":{\"@id\":\"https:\/\/gbb.md\/#website\"},\"datePublished\":\"2025-12-11T15:11:51+00:00\",\"dateModified\":\"2026-04-08T15:17:39+00:00\",\"breadcrumb\":{\"@id\":\"https:\/\/gbb.md\/product\/whisky-torabhaig-sound-of-sleat-sky\/#breadcrumb\"},\"inLanguage\":\"ru-RU\",\"potentialAction\":[{\"@type\":\"ReadAction\",\"target\":[\"https:\/\/gbb.md\/product\/whisky-torabhaig-sound-of-sleat-sky\/\"]}]},{\"@type\":\"BreadcrumbList\",\"@id\":\"https:\/\/gbb.md\/product\/whisky-torabhaig-sound-of-sleat-sky\/#breadcrumb\",\"itemListElement\":[{\"@type\":\"ListItem\",\"position\":1,\"name\":\"\u0413\u043b\u0430\u0432\u043d\u0430\u044f \u0441\u0442\u0440\u0430\u043d\u0438\u0446\u0430\",\"item\":\"https:\/\/gbb.md\/\"},{\"@type\":\"ListItem\",\"position\":2,\"name\":\"Produse\",\"item\":\"https:\/\/gbb.md\/shop\/\"},{\"@type\":\"ListItem\",\"position\":3,\"name\":\"Whisky Torabhaig Sound of Sleat (Sky)\"}]},{\"@type\":\"WebSite\",\"@id\":\"https:\/\/gbb.md\/#website\",\"url\":\"https:\/\/gbb.md\/\",\"name\":\"GBB\",\"description\":\"\u042d\u0442\u043e \u043c\u043e\u043b\u043e\u0434\u0430\u044f \u0431\u044b\u0441\u0442\u0440\u043e\u0440\u0430\u0441\u0442\u0443\u0449\u0430\u044f \u043a\u043e\u043c\u043f\u0430\u043d\u0438\u044f, \u0441\u0442\u0430\u0432\u0448\u0430\u044f \u043a\u0440\u0443\u043f\u043d\u0435\u0439\u0448\u0438\u043c \u0432 \u041c\u043e\u043b\u0434\u043e\u0432\u0435 \u043f\u043e\u0441\u0442\u0430\u0432\u0449\u0438\u043a\u043e\u043c \u0441\u0438\u0440\u043e\u043f\u043e\u0432 \u0438 \u043f\u044e\u0440\u0435 \u0434\u043b\u044f \u043d\u0430\u043f\u0438\u0442\u043a\u043e\u0432, \u0447\u0430\u044f, \u043a\u043e\u0444\u0435, \u0441\u043e\u0443\u0441\u043e\u0432, \u0442\u043e\u043d\u0438\u043a\u043e\u0432 \u0438 bubble tea \u043e\u0442 \u0438\u043c\u0435\u043d\u0438\u0442\u044b\u0445 \u043f\u0440\u043e\u0438\u0437\u0432\u043e\u0434\u0438\u0442\u0435\u043b\u0435\u0439.\",\"publisher\":{\"@id\":\"https:\/\/gbb.md\/#organization\"},\"alternateName\":\"Global Bar Beverages\",\"potentialAction\":[{\"@type\":\"SearchAction\",\"target\":{\"@type\":\"EntryPoint\",\"urlTemplate\":\"https:\/\/gbb.md\/?s={search_term_string}\"},\"query-input\":\"required name=search_term_string\"}],\"inLanguage\":\"ru-RU\"},{\"@type\":\"Organization\",\"@id\":\"https:\/\/gbb.md\/#organization\",\"name\":\"GBB\",\"alternateName\":\"Global Bar Beverages\",\"url\":\"https:\/\/gbb.md\/\",\"logo\":{\"@type\":\"ImageObject\",\"inLanguage\":\"ru-RU\",\"@id\":\"https:\/\/gbb.md\/#\/schema\/logo\/image\/\",\"url\":\"https:\/\/gbb.md\/wp-content\/uploads\/2024\/01\/android-chrome-512x512-1.png\",\"contentUrl\":\"https:\/\/gbb.md\/wp-content\/uploads\/2024\/01\/android-chrome-512x512-1.png\",\"width\":512,\"height\":512,\"caption\":\"GBB\"},\"image\":{\"@id\":\"https:\/\/gbb.md\/#\/schema\/logo\/image\/\"},\"sameAs\":[\"https:\/\/www.facebook.com\/profile.php?id=61555243232370\"]}]}<\/script>\n<!-- \/ Yoast SEO plugin. -->","yoast_head_json":{"title":"Whisky Torabhaig Sound of Sleat (Sky) | Global Bar Beverages","robots":{"index":"index","follow":"follow","max-snippet":"max-snippet:-1","max-image-preview":"max-image-preview:large","max-video-preview":"max-video-preview:-1"},"canonical":"https:\/\/gbb.md\/ru\/product\/whisky-torabhaig-sound-of-sleat-sky\/","og_locale":"ru_RU","og_type":"article","og_title":"Whisky Torabhaig Sound of Sleat (Sky) | Global Bar Beverages","og_description":"Tip: Single Malt Scotch Whisky    Regiune: Isle of Skye, Sco\u021bia    Seria: Legacy Series (Capitolul 4)    T\u0103rie alcoolic\u0103: 46% ABV    Filtrare: f\u0103r\u0103 filtrare la rece, f\u0103r\u0103 coloran\u021bi    Volum: 0,7 L","og_url":"https:\/\/gbb.md\/ru\/product\/whisky-torabhaig-sound-of-sleat-sky\/","og_site_name":"Global Bar Beverages","article_publisher":"https:\/\/www.facebook.com\/profile.php?id=61555243232370","article_modified_time":"2026-04-08T15:17:39+00:00","og_image":[{"width":608,"height":538,"url":"https:\/\/gbb.md\/wp-content\/uploads\/2025\/12\/torabhaig-sound-of-sleat-review-1024x538-1.jpg","type":"image\/jpeg"}],"twitter_card":"summary_large_image","twitter_misc":{"\u041f\u0440\u0438\u043c\u0435\u0440\u043d\u043e\u0435 \u0432\u0440\u0435\u043c\u044f \u0434\u043b\u044f \u0447\u0442\u0435\u043d\u0438\u044f":"2 \u043c\u0438\u043d\u0443\u0442\u044b"},"schema":{"@context":"https:\/\/schema.org","@graph":[{"@type":"WebPage","@id":"https:\/\/gbb.md\/product\/whisky-torabhaig-sound-of-sleat-sky\/","url":"https:\/\/gbb.md\/product\/whisky-torabhaig-sound-of-sleat-sky\/","name":"Whisky Torabhaig Sound of Sleat (Sky) | Global Bar Beverages","isPartOf":{"@id":"https:\/\/gbb.md\/#website"},"datePublished":"2025-12-11T15:11:51+00:00","dateModified":"2026-04-08T15:17:39+00:00","breadcrumb":{"@id":"https:\/\/gbb.md\/product\/whisky-torabhaig-sound-of-sleat-sky\/#breadcrumb"},"inLanguage":"ru-RU","potentialAction":[{"@type":"ReadAction","target":["https:\/\/gbb.md\/product\/whisky-torabhaig-sound-of-sleat-sky\/"]}]},{"@type":"BreadcrumbList","@id":"https:\/\/gbb.md\/product\/whisky-torabhaig-sound-of-sleat-sky\/#breadcrumb","itemListElement":[{"@type":"ListItem","position":1,"name":"\u0413\u043b\u0430\u0432\u043d\u0430\u044f \u0441\u0442\u0440\u0430\u043d\u0438\u0446\u0430","item":"https:\/\/gbb.md\/"},{"@type":"ListItem","position":2,"name":"Produse","item":"https:\/\/gbb.md\/shop\/"},{"@type":"ListItem","position":3,"name":"Whisky Torabhaig Sound of Sleat (Sky)"}]},{"@type":"WebSite","@id":"https:\/\/gbb.md\/#website","url":"https:\/\/gbb.md\/","name":"GBB","description":"\u042d\u0442\u043e \u043c\u043e\u043b\u043e\u0434\u0430\u044f \u0431\u044b\u0441\u0442\u0440\u043e\u0440\u0430\u0441\u0442\u0443\u0449\u0430\u044f \u043a\u043e\u043c\u043f\u0430\u043d\u0438\u044f, \u0441\u0442\u0430\u0432\u0448\u0430\u044f \u043a\u0440\u0443\u043f\u043d\u0435\u0439\u0448\u0438\u043c \u0432 \u041c\u043e\u043b\u0434\u043e\u0432\u0435 \u043f\u043e\u0441\u0442\u0430\u0432\u0449\u0438\u043a\u043e\u043c \u0441\u0438\u0440\u043e\u043f\u043e\u0432 \u0438 \u043f\u044e\u0440\u0435 \u0434\u043b\u044f \u043d\u0430\u043f\u0438\u0442\u043a\u043e\u0432, \u0447\u0430\u044f, \u043a\u043e\u0444\u0435, \u0441\u043e\u0443\u0441\u043e\u0432, \u0442\u043e\u043d\u0438\u043a\u043e\u0432 \u0438 bubble tea \u043e\u0442 \u0438\u043c\u0435\u043d\u0438\u0442\u044b\u0445 \u043f\u0440\u043e\u0438\u0437\u0432\u043e\u0434\u0438\u0442\u0435\u043b\u0435\u0439.","publisher":{"@id":"https:\/\/gbb.md\/#organization"},"alternateName":"Global Bar Beverages","potentialAction":[{"@type":"SearchAction","target":{"@type":"EntryPoint","urlTemplate":"https:\/\/gbb.md\/?s={search_term_string}"},"query-input":"required name=search_term_string"}],"inLanguage":"ru-RU"},{"@type":"Organization","@id":"https:\/\/gbb.md\/#organization","name":"GBB","alternateName":"Global Bar Beverages","url":"https:\/\/gbb.md\/","logo":{"@type":"ImageObject","inLanguage":"ru-RU","@id":"https:\/\/gbb.md\/#\/schema\/logo\/image\/","url":"https:\/\/gbb.md\/wp-content\/uploads\/2024\/01\/android-chrome-512x512-1.png","contentUrl":"https:\/\/gbb.md\/wp-content\/uploads\/2024\/01\/android-chrome-512x512-1.png","width":512,"height":512,"caption":"GBB"},"image":{"@id":"https:\/\/gbb.md\/#\/schema\/logo\/image\/"},"sameAs":["https:\/\/www.facebook.com\/profile.php?id=61555243232370"]}]}},"_links":{"self":[{"href":"https:\/\/gbb.md\/ru\/wp-json\/wp\/v2\/product\/11024"}],"collection":[{"href":"https:\/\/gbb.md\/ru\/wp-json\/wp\/v2\/product"}],"about":[{"href":"https:\/\/gbb.md\/ru\/wp-json\/wp\/v2\/types\/product"}],"replies":[{"embeddable":true,"href":"https:\/\/gbb.md\/ru\/wp-json\/wp\/v2\/comments?post=11024"}],"wp:featuredmedia":[{"embeddable":true,"href":"https:\/\/gbb.md\/ru\/wp-json\/wp\/v2\/media\/11025"}],"wp:attachment":[{"href":"https:\/\/gbb.md\/ru\/wp-json\/wp\/v2\/media?parent=11024"}],"wp:term":[{"taxonomy":"product_cat","embeddable":true,"href":"https:\/\/gbb.md\/ru\/wp-json\/wp\/v2\/product_cat?post=11024"},{"taxonomy":"product_tag","embeddable":true,"href":"https:\/\/gbb.md\/ru\/wp-json\/wp\/v2\/product_tag?post=11024"}],"curies":[{"name":"wp","href":"https:\/\/api.w.org\/{rel}","templated":true}]}}