{"id":11031,"date":"2025-12-11T18:42:40","date_gmt":"2025-12-11T16:42:40","guid":{"rendered":"https:\/\/gbb.md\/?post_type=product&#038;p=11031"},"modified":"2026-04-09T10:56:58","modified_gmt":"2026-04-09T07:56:58","slug":"sake-akashi-daiginjo-genshu","status":"publish","type":"product","link":"https:\/\/gbb.md\/ru\/product\/sake-akashi-daiginjo-genshu\/","title":{"rendered":"Sake Akashi Daiginjo Genshu"},"content":{"rendered":"<div id=\"fws_6a047af1854ec\"  data-midnight=\"dark\" data-top-percent=\"-30%\"  data-bg-mobile-hidden=\"\" class=\"wpb_row vc_row-fluid vc_row top-level  vc_row-o-equal-height vc_row-flex  vc_row-o-content-middle standard_section\"  style=\"padding-top: calc(100vw * 0.0-30); padding-bottom: 0px;  z-index: 100;\"><div class=\"row-bg-wrap\"><div class=\"inner-wrap\"><div class=\"row-bg\"  style=\"\"><\/div><\/div><div class=\"row-bg-overlay\" ><\/div><\/div><div class=\"col span_12 dark left\">\n\t<div style=\"margin-top: -190px; \" class=\"vc_col-sm-12 wpb_column column_container vc_column_container col neg-marg no-extra-padding\"  data-t-w-inherits=\"default\" data-border-radius=\"none\" data-shadow=\"none\" data-border-animation=\"\" data-border-animation-delay=\"\" data-border-width=\"none\" data-border-style=\"solid\" data-border-color=\"\" data-bg-cover=\"\" data-padding-pos=\"all\" data-has-bg-color=\"false\" data-bg-color=\"\" data-bg-opacity=\"1\" data-hover-bg=\"\" data-hover-bg-opacity=\"1\" data-animation=\"\" data-delay=\"0\"><div class=\"column-bg-overlay\"><\/div>\n\t\t<div class=\"vc_column-inner\">\n\t\t\t<div class=\"wpb_wrapper\">\n\t\t\t\t<div class=\"divider-wrap\" data-alignment=\"default\"><div style=\"height: 70px;\" class=\"divider\"><\/div><\/div><div id=\"ultimate-heading-3296a047af1857ae\" class=\"uvc-heading ult-adjust-bottom-margin ultimate-heading-3296a047af1857ae uvc-1609\" data-hspacer=\"no_spacer\"  data-halign=\"left\" style=\"text-align:left\"><div class=\"uvc-heading-spacer no_spacer\" style=\"top\"><\/div><div class=\"uvc-main-heading ult-responsive\"  data-ultimate-target='.uvc-heading.ultimate-heading-3296a047af1857ae h2'  data-responsive-json-new='{\"font-size\":\"desktop:28px;\",\"line-height\":\"\"}' ><h2 style=\"font-weight:bold;color:#333333;\">Sake Akashi Daiginjo Genshu<\/h2><\/div><div class=\"uvc-sub-heading ult-responsive\"  data-ultimate-target='.uvc-heading.ultimate-heading-3296a047af1857ae .uvc-sub-heading '  data-responsive-json-new='{\"font-size\":\"desktop:18px;\",\"line-height\":\"\"}'  style=\"font-weight:normal;\"><b data-path-to-node=\"0\" data-index-in-node=\"0\">Akashi-Tai Daiginjo Genshu<\/b> este un sake de un rafinament extrem, considerat una dintre cele mai puternice \u0219i complexe expresii ale distileriei Akashi-Tai. Aceast\u0103 b\u0103utur\u0103 combin\u0103 elegan\u021ba categoriei \u201eDaiginjo\u201d cu intensitatea stilului \u201eGenshu\u201d, rezult\u00e2nd un profil aromatic bogat \u0219i o prezen\u021b\u0103 remarcabil\u0103 pe palat.<\/p>\n<h3 data-path-to-node=\"3\">Ce \u00eenseamn\u0103 denumirea?<\/h3>\n<ul data-path-to-node=\"4\">\n<li>\n<p data-path-to-node=\"4,0,0\"><b data-path-to-node=\"4,0,0\" data-index-in-node=\"0\">Daiginjo:<\/b> Este categoria super-premium a sake-ului. Orezul este \u0219lefuit p\u00e2n\u0103 c\u00e2nd r\u0103m\u00e2ne mai pu\u021bin de 50% din bob (\u00een acest caz, adesea p\u00e2n\u0103 la <b data-path-to-node=\"4,0,0\" data-index-in-node=\"144\">38%<\/b>), elimin\u00e2nd gr\u0103simile \u0219i proteinele pentru a p\u0103stra doar inima pur\u0103 de amidon. Spre deosebire de <i data-path-to-node=\"4,0,0\" data-index-in-node=\"245\">Junmai<\/i>, aici se adaug\u0103 o cantitate minim\u0103 de alcool distilat \u00een timpul ferment\u0103rii pentru a extrage aromele florale \u0219i fructate cele mai fine.<\/p>\n<\/li>\n<li>\n<p data-path-to-node=\"4,1,0\"><b data-path-to-node=\"4,1,0\" data-index-in-node=\"0\">Genshu:<\/b> \u00censeamn\u0103 c\u0103 sake-ul este <b data-path-to-node=\"4,1,0\" data-index-in-node=\"33\">nediluat<\/b>. Majoritatea sake-urilor sunt diluate cu ap\u0103 dup\u0103 fermentare pentru a reduce alcoolul la 15%. Un <i data-path-to-node=\"4,1,0\" data-index-in-node=\"139\">Genshu<\/i> este \u00eembuteliat la t\u0103ria sa natural\u0103, oferind arome mult mai concentrate \u0219i un con\u021binut alcoolic mai ridicat.<\/p>\n<\/li>\n<\/ul>\n<p>&nbsp;<\/p>\n<ul>\n<li>\n<p data-path-to-node=\"10,0,0\"><b data-path-to-node=\"10,0,0\" data-index-in-node=\"0\">Aroma:<\/b> Un buchet intens \u0219i sofisticat. Se remarc\u0103 note clare de <b data-path-to-node=\"10,0,0\" data-index-in-node=\"64\">fructe tropicale<\/b> (ananas, mango), pepene galben \u0219i piersici, urmate de nuan\u021be florale de crini \u0219i l\u0103cr\u0103mioare.<\/p>\n<\/li>\n<li>\n<p data-path-to-node=\"10,1,0\"><b data-path-to-node=\"10,1,0\" data-index-in-node=\"0\">Gustul:<\/b> Fiind un <i data-path-to-node=\"10,1,0\" data-index-in-node=\"17\">Genshu<\/i>, impactul ini\u021bial este puternic \u0219i plin. Textura este onctuoas\u0103, aproape catifelat\u0103. Gustul explodeaz\u0103 \u00een arome de fructe coapte, cu o dulcea\u021b\u0103 discret\u0103, perfect echilibrat\u0103 de o aciditate vie \u0219i de t\u0103ria alcoolului care aduce o not\u0103 \u201epicant\u0103\u201d \u0219i cald\u0103.<\/p>\n<\/li>\n<li>\n<p data-path-to-node=\"10,2,0\"><b data-path-to-node=\"10,2,0\" data-index-in-node=\"0\">Postgust:<\/b> Foarte lung, curat \u0219i memorabil. Las\u0103 o senza\u021bie de prospe\u021bime mineral\u0103 \u0219i un ecou de citrice \u0219i fructe exotice.<\/p>\n<\/li>\n<\/ul>\n<\/div><\/div><div class=\"divider-wrap\" data-alignment=\"default\"><div style=\"height: 25px;\" class=\"divider\"><\/div><\/div>\n\t\t\t<\/div> \n\t\t<\/div>\n\t<\/div> \n<\/div><\/div>\n\t\t<div id=\"fws_6a047af185b4c\"  data-midnight=\"dark\"  data-bg-mobile-hidden=\"\" class=\"wpb_row vc_row-fluid vc_row standard_section\"  style=\"padding-top: 0px; padding-bottom: 0px; \"><div class=\"row-bg-wrap\"><div class=\"inner-wrap\"><div class=\"row-bg\"  style=\"\"><\/div><\/div><div class=\"row-bg-overlay\" ><\/div><\/div><div class=\"col span_12 dark left\">\n\t<div  class=\"vc_col-sm-12 wpb_column column_container vc_column_container col no-extra-padding\"  data-t-w-inherits=\"default\" data-border-radius=\"none\" data-shadow=\"none\" data-border-animation=\"\" data-border-animation-delay=\"\" data-border-width=\"none\" data-border-style=\"solid\" data-border-color=\"\" data-bg-cover=\"\" data-padding-pos=\"all\" data-has-bg-color=\"false\" data-bg-color=\"\" data-bg-opacity=\"1\" data-hover-bg=\"\" data-hover-bg-opacity=\"1\" data-animation=\"\" data-delay=\"0\"><div class=\"column-bg-overlay\"><\/div>\n\t\t<div class=\"vc_column-inner\">\n\t\t\t<div class=\"wpb_wrapper\">\n\t\t\t\t<div class=\"divider-wrap\" data-alignment=\"default\"><div style=\"height: 100px;\" class=\"divider\"><\/div><\/div>\n\t\t\t<\/div> \n\t\t<\/div>\n\t<\/div> \n<\/div><\/div>","protected":false},"excerpt":{"rendered":"<p>Tip: Sak\u00e9 japonez Daiginjo Genshu (nediluat) \u2013 variant\u0103 premium, aromatic\u0103 \u0219i intens\u0103<br \/>\nProduc\u0103tor: Akashi Sake Brewery Co., Ltd., Japonia<br \/>\nIngrediente: Orez (inclusiv rizom Yamadanishiki), koji, alcool distilat, ap\u0103<br \/>\nRice polishing rate: aprox. 38\u202f%<br \/>\nAlcool: aprox. 17\u202f% vol.<br \/>\nVolum: 720 ml<br \/>\nTemperatura de servire: 6\u201313\u202f\u00b0C (rece pentru a eviden\u021bia aromele florale)<br \/>\nProfil aromatic: fructat \u0219i floral cu note delicate de pere, miere, flori albe \u0219i accente u\u0219oare de anason<\/p>","protected":false},"featured_media":11032,"comment_status":"open","ping_status":"closed","template":"","meta":[],"product_cat":[405,404,431],"product_tag":[],"yoast_head":"<!-- This site is optimized with the Yoast SEO plugin v20.10 - https:\/\/yoast.com\/wordpress\/plugins\/seo\/ -->\n<title>Sake Akashi Daiginjo Genshu | Global Bar Beverages<\/title>\n<meta name=\"robots\" content=\"index, follow, max-snippet:-1, max-image-preview:large, max-video-preview:-1\" \/>\n<link rel=\"canonical\" href=\"https:\/\/gbb.md\/ru\/product\/sake-akashi-daiginjo-genshu\/\" \/>\n<meta property=\"og:locale\" content=\"ru_RU\" \/>\n<meta property=\"og:type\" content=\"article\" \/>\n<meta property=\"og:title\" content=\"Sake Akashi Daiginjo Genshu | Global Bar Beverages\" \/>\n<meta property=\"og:description\" content=\"Tip: Sak\u00e9 japonez Daiginjo Genshu (nediluat) \u2013 variant\u0103 premium, aromatic\u0103 \u0219i intens\u0103 Produc\u0103tor: Akashi Sake Brewery Co., Ltd., Japonia Ingrediente: Orez (inclusiv rizom Yamadanishiki), koji, alcool distilat, ap\u0103 Rice polishing rate: aprox. 38\u202f% Alcool: aprox. 17\u202f% vol. Volum: 720 ml Temperatura de servire: 6\u201313\u202f\u00b0C (rece pentru a eviden\u021bia aromele florale) Profil aromatic: fructat \u0219i floral cu note delicate de pere, miere, flori albe \u0219i accente u\u0219oare de anason\" \/>\n<meta property=\"og:url\" content=\"https:\/\/gbb.md\/ru\/product\/sake-akashi-daiginjo-genshu\/\" \/>\n<meta property=\"og:site_name\" content=\"Global Bar Beverages\" \/>\n<meta property=\"article:publisher\" content=\"https:\/\/www.facebook.com\/profile.php?id=61555243232370\" \/>\n<meta property=\"article:modified_time\" content=\"2026-04-09T07:56:58+00:00\" \/>\n<meta property=\"og:image\" content=\"https:\/\/gbb.md\/wp-content\/uploads\/2025\/12\/daiginjo-genshu-big.png\" \/>\n\t<meta property=\"og:image:width\" content=\"2219\" \/>\n\t<meta property=\"og:image:height\" content=\"1839\" \/>\n\t<meta property=\"og:image:type\" content=\"image\/png\" \/>\n<meta name=\"twitter:card\" content=\"summary_large_image\" \/>\n<meta name=\"twitter:label1\" content=\"\u041f\u0440\u0438\u043c\u0435\u0440\u043d\u043e\u0435 \u0432\u0440\u0435\u043c\u044f \u0434\u043b\u044f \u0447\u0442\u0435\u043d\u0438\u044f\" \/>\n\t<meta name=\"twitter:data1\" content=\"2 \u043c\u0438\u043d\u0443\u0442\u044b\" \/>\n<script type=\"application\/ld+json\" class=\"yoast-schema-graph\">{\"@context\":\"https:\/\/schema.org\",\"@graph\":[{\"@type\":\"WebPage\",\"@id\":\"https:\/\/gbb.md\/product\/sake-akashi-daiginjo-genshu\/\",\"url\":\"https:\/\/gbb.md\/product\/sake-akashi-daiginjo-genshu\/\",\"name\":\"Sake Akashi Daiginjo Genshu | Global Bar Beverages\",\"isPartOf\":{\"@id\":\"https:\/\/gbb.md\/#website\"},\"datePublished\":\"2025-12-11T16:42:40+00:00\",\"dateModified\":\"2026-04-09T07:56:58+00:00\",\"breadcrumb\":{\"@id\":\"https:\/\/gbb.md\/product\/sake-akashi-daiginjo-genshu\/#breadcrumb\"},\"inLanguage\":\"ru-RU\",\"potentialAction\":[{\"@type\":\"ReadAction\",\"target\":[\"https:\/\/gbb.md\/product\/sake-akashi-daiginjo-genshu\/\"]}]},{\"@type\":\"BreadcrumbList\",\"@id\":\"https:\/\/gbb.md\/product\/sake-akashi-daiginjo-genshu\/#breadcrumb\",\"itemListElement\":[{\"@type\":\"ListItem\",\"position\":1,\"name\":\"\u0413\u043b\u0430\u0432\u043d\u0430\u044f \u0441\u0442\u0440\u0430\u043d\u0438\u0446\u0430\",\"item\":\"https:\/\/gbb.md\/\"},{\"@type\":\"ListItem\",\"position\":2,\"name\":\"Produse\",\"item\":\"https:\/\/gbb.md\/shop\/\"},{\"@type\":\"ListItem\",\"position\":3,\"name\":\"Sake Akashi Daiginjo Genshu\"}]},{\"@type\":\"WebSite\",\"@id\":\"https:\/\/gbb.md\/#website\",\"url\":\"https:\/\/gbb.md\/\",\"name\":\"GBB\",\"description\":\"\u042d\u0442\u043e \u043c\u043e\u043b\u043e\u0434\u0430\u044f \u0431\u044b\u0441\u0442\u0440\u043e\u0440\u0430\u0441\u0442\u0443\u0449\u0430\u044f \u043a\u043e\u043c\u043f\u0430\u043d\u0438\u044f, \u0441\u0442\u0430\u0432\u0448\u0430\u044f \u043a\u0440\u0443\u043f\u043d\u0435\u0439\u0448\u0438\u043c \u0432 \u041c\u043e\u043b\u0434\u043e\u0432\u0435 \u043f\u043e\u0441\u0442\u0430\u0432\u0449\u0438\u043a\u043e\u043c \u0441\u0438\u0440\u043e\u043f\u043e\u0432 \u0438 \u043f\u044e\u0440\u0435 \u0434\u043b\u044f \u043d\u0430\u043f\u0438\u0442\u043a\u043e\u0432, \u0447\u0430\u044f, \u043a\u043e\u0444\u0435, \u0441\u043e\u0443\u0441\u043e\u0432, \u0442\u043e\u043d\u0438\u043a\u043e\u0432 \u0438 bubble tea \u043e\u0442 \u0438\u043c\u0435\u043d\u0438\u0442\u044b\u0445 \u043f\u0440\u043e\u0438\u0437\u0432\u043e\u0434\u0438\u0442\u0435\u043b\u0435\u0439.\",\"publisher\":{\"@id\":\"https:\/\/gbb.md\/#organization\"},\"alternateName\":\"Global Bar Beverages\",\"potentialAction\":[{\"@type\":\"SearchAction\",\"target\":{\"@type\":\"EntryPoint\",\"urlTemplate\":\"https:\/\/gbb.md\/?s={search_term_string}\"},\"query-input\":\"required name=search_term_string\"}],\"inLanguage\":\"ru-RU\"},{\"@type\":\"Organization\",\"@id\":\"https:\/\/gbb.md\/#organization\",\"name\":\"GBB\",\"alternateName\":\"Global Bar Beverages\",\"url\":\"https:\/\/gbb.md\/\",\"logo\":{\"@type\":\"ImageObject\",\"inLanguage\":\"ru-RU\",\"@id\":\"https:\/\/gbb.md\/#\/schema\/logo\/image\/\",\"url\":\"https:\/\/gbb.md\/wp-content\/uploads\/2024\/01\/android-chrome-512x512-1.png\",\"contentUrl\":\"https:\/\/gbb.md\/wp-content\/uploads\/2024\/01\/android-chrome-512x512-1.png\",\"width\":512,\"height\":512,\"caption\":\"GBB\"},\"image\":{\"@id\":\"https:\/\/gbb.md\/#\/schema\/logo\/image\/\"},\"sameAs\":[\"https:\/\/www.facebook.com\/profile.php?id=61555243232370\"]}]}<\/script>\n<!-- \/ Yoast SEO plugin. -->","yoast_head_json":{"title":"Sake Akashi Daiginjo Genshu | Global Bar Beverages","robots":{"index":"index","follow":"follow","max-snippet":"max-snippet:-1","max-image-preview":"max-image-preview:large","max-video-preview":"max-video-preview:-1"},"canonical":"https:\/\/gbb.md\/ru\/product\/sake-akashi-daiginjo-genshu\/","og_locale":"ru_RU","og_type":"article","og_title":"Sake Akashi Daiginjo Genshu | Global Bar Beverages","og_description":"Tip: Sak\u00e9 japonez Daiginjo Genshu (nediluat) \u2013 variant\u0103 premium, aromatic\u0103 \u0219i intens\u0103 Produc\u0103tor: Akashi Sake Brewery Co., Ltd., Japonia Ingrediente: Orez (inclusiv rizom Yamadanishiki), koji, alcool distilat, ap\u0103 Rice polishing rate: aprox. 38\u202f% Alcool: aprox. 17\u202f% vol. Volum: 720 ml Temperatura de servire: 6\u201313\u202f\u00b0C (rece pentru a eviden\u021bia aromele florale) Profil aromatic: fructat \u0219i floral cu note delicate de pere, miere, flori albe \u0219i accente u\u0219oare de anason","og_url":"https:\/\/gbb.md\/ru\/product\/sake-akashi-daiginjo-genshu\/","og_site_name":"Global Bar Beverages","article_publisher":"https:\/\/www.facebook.com\/profile.php?id=61555243232370","article_modified_time":"2026-04-09T07:56:58+00:00","og_image":[{"width":2219,"height":1839,"url":"https:\/\/gbb.md\/wp-content\/uploads\/2025\/12\/daiginjo-genshu-big.png","type":"image\/png"}],"twitter_card":"summary_large_image","twitter_misc":{"\u041f\u0440\u0438\u043c\u0435\u0440\u043d\u043e\u0435 \u0432\u0440\u0435\u043c\u044f \u0434\u043b\u044f \u0447\u0442\u0435\u043d\u0438\u044f":"2 \u043c\u0438\u043d\u0443\u0442\u044b"},"schema":{"@context":"https:\/\/schema.org","@graph":[{"@type":"WebPage","@id":"https:\/\/gbb.md\/product\/sake-akashi-daiginjo-genshu\/","url":"https:\/\/gbb.md\/product\/sake-akashi-daiginjo-genshu\/","name":"Sake Akashi Daiginjo Genshu | Global Bar Beverages","isPartOf":{"@id":"https:\/\/gbb.md\/#website"},"datePublished":"2025-12-11T16:42:40+00:00","dateModified":"2026-04-09T07:56:58+00:00","breadcrumb":{"@id":"https:\/\/gbb.md\/product\/sake-akashi-daiginjo-genshu\/#breadcrumb"},"inLanguage":"ru-RU","potentialAction":[{"@type":"ReadAction","target":["https:\/\/gbb.md\/product\/sake-akashi-daiginjo-genshu\/"]}]},{"@type":"BreadcrumbList","@id":"https:\/\/gbb.md\/product\/sake-akashi-daiginjo-genshu\/#breadcrumb","itemListElement":[{"@type":"ListItem","position":1,"name":"\u0413\u043b\u0430\u0432\u043d\u0430\u044f \u0441\u0442\u0440\u0430\u043d\u0438\u0446\u0430","item":"https:\/\/gbb.md\/"},{"@type":"ListItem","position":2,"name":"Produse","item":"https:\/\/gbb.md\/shop\/"},{"@type":"ListItem","position":3,"name":"Sake Akashi Daiginjo Genshu"}]},{"@type":"WebSite","@id":"https:\/\/gbb.md\/#website","url":"https:\/\/gbb.md\/","name":"GBB","description":"\u042d\u0442\u043e \u043c\u043e\u043b\u043e\u0434\u0430\u044f \u0431\u044b\u0441\u0442\u0440\u043e\u0440\u0430\u0441\u0442\u0443\u0449\u0430\u044f \u043a\u043e\u043c\u043f\u0430\u043d\u0438\u044f, \u0441\u0442\u0430\u0432\u0448\u0430\u044f \u043a\u0440\u0443\u043f\u043d\u0435\u0439\u0448\u0438\u043c \u0432 \u041c\u043e\u043b\u0434\u043e\u0432\u0435 \u043f\u043e\u0441\u0442\u0430\u0432\u0449\u0438\u043a\u043e\u043c \u0441\u0438\u0440\u043e\u043f\u043e\u0432 \u0438 \u043f\u044e\u0440\u0435 \u0434\u043b\u044f \u043d\u0430\u043f\u0438\u0442\u043a\u043e\u0432, \u0447\u0430\u044f, \u043a\u043e\u0444\u0435, \u0441\u043e\u0443\u0441\u043e\u0432, \u0442\u043e\u043d\u0438\u043a\u043e\u0432 \u0438 bubble tea \u043e\u0442 \u0438\u043c\u0435\u043d\u0438\u0442\u044b\u0445 \u043f\u0440\u043e\u0438\u0437\u0432\u043e\u0434\u0438\u0442\u0435\u043b\u0435\u0439.","publisher":{"@id":"https:\/\/gbb.md\/#organization"},"alternateName":"Global Bar Beverages","potentialAction":[{"@type":"SearchAction","target":{"@type":"EntryPoint","urlTemplate":"https:\/\/gbb.md\/?s={search_term_string}"},"query-input":"required name=search_term_string"}],"inLanguage":"ru-RU"},{"@type":"Organization","@id":"https:\/\/gbb.md\/#organization","name":"GBB","alternateName":"Global Bar Beverages","url":"https:\/\/gbb.md\/","logo":{"@type":"ImageObject","inLanguage":"ru-RU","@id":"https:\/\/gbb.md\/#\/schema\/logo\/image\/","url":"https:\/\/gbb.md\/wp-content\/uploads\/2024\/01\/android-chrome-512x512-1.png","contentUrl":"https:\/\/gbb.md\/wp-content\/uploads\/2024\/01\/android-chrome-512x512-1.png","width":512,"height":512,"caption":"GBB"},"image":{"@id":"https:\/\/gbb.md\/#\/schema\/logo\/image\/"},"sameAs":["https:\/\/www.facebook.com\/profile.php?id=61555243232370"]}]}},"_links":{"self":[{"href":"https:\/\/gbb.md\/ru\/wp-json\/wp\/v2\/product\/11031"}],"collection":[{"href":"https:\/\/gbb.md\/ru\/wp-json\/wp\/v2\/product"}],"about":[{"href":"https:\/\/gbb.md\/ru\/wp-json\/wp\/v2\/types\/product"}],"replies":[{"embeddable":true,"href":"https:\/\/gbb.md\/ru\/wp-json\/wp\/v2\/comments?post=11031"}],"wp:featuredmedia":[{"embeddable":true,"href":"https:\/\/gbb.md\/ru\/wp-json\/wp\/v2\/media\/11032"}],"wp:attachment":[{"href":"https:\/\/gbb.md\/ru\/wp-json\/wp\/v2\/media?parent=11031"}],"wp:term":[{"taxonomy":"product_cat","embeddable":true,"href":"https:\/\/gbb.md\/ru\/wp-json\/wp\/v2\/product_cat?post=11031"},{"taxonomy":"product_tag","embeddable":true,"href":"https:\/\/gbb.md\/ru\/wp-json\/wp\/v2\/product_tag?post=11031"}],"curies":[{"name":"wp","href":"https:\/\/api.w.org\/{rel}","templated":true}]}}