{"id":11033,"date":"2025-12-11T18:46:30","date_gmt":"2025-12-11T16:46:30","guid":{"rendered":"https:\/\/gbb.md\/?post_type=product&#038;p=11033"},"modified":"2026-04-09T10:52:47","modified_gmt":"2026-04-09T07:52:47","slug":"sake-akashi-junmai-daiginjo-gen","status":"publish","type":"product","link":"https:\/\/gbb.md\/ru\/product\/sake-akashi-junmai-daiginjo-gen\/","title":{"rendered":"Sake Akashi Junmai Daiginjo Gen"},"content":{"rendered":"<div id=\"fws_69e188e48f736\"  data-midnight=\"dark\" data-top-percent=\"-30%\"  data-bg-mobile-hidden=\"\" class=\"wpb_row vc_row-fluid vc_row top-level  vc_row-o-equal-height vc_row-flex  vc_row-o-content-middle standard_section\"  style=\"padding-top: calc(100vw * 0.0-30); padding-bottom: 0px;  z-index: 100;\"><div class=\"row-bg-wrap\"><div class=\"inner-wrap\"><div class=\"row-bg\"  style=\"\"><\/div><\/div><div class=\"row-bg-overlay\" ><\/div><\/div><div class=\"col span_12 dark left\">\n\t<div style=\"margin-top: -190px; \" class=\"vc_col-sm-12 wpb_column column_container vc_column_container col neg-marg no-extra-padding\"  data-t-w-inherits=\"default\" data-border-radius=\"none\" data-shadow=\"none\" data-border-animation=\"\" data-border-animation-delay=\"\" data-border-width=\"none\" data-border-style=\"solid\" data-border-color=\"\" data-bg-cover=\"\" data-padding-pos=\"all\" data-has-bg-color=\"false\" data-bg-color=\"\" data-bg-opacity=\"1\" data-hover-bg=\"\" data-hover-bg-opacity=\"1\" data-animation=\"\" data-delay=\"0\"><div class=\"column-bg-overlay\"><\/div>\n\t\t<div class=\"vc_column-inner\">\n\t\t\t<div class=\"wpb_wrapper\">\n\t\t\t\t<div class=\"divider-wrap\" data-alignment=\"default\"><div style=\"height: 70px;\" class=\"divider\"><\/div><\/div><div id=\"ultimate-heading-550169e188e48fb67\" class=\"uvc-heading ult-adjust-bottom-margin ultimate-heading-550169e188e48fb67 uvc-3796\" data-hspacer=\"no_spacer\"  data-halign=\"left\" style=\"text-align:left\"><div class=\"uvc-heading-spacer no_spacer\" style=\"top\"><\/div><div class=\"uvc-main-heading ult-responsive\"  data-ultimate-target='.uvc-heading.ultimate-heading-550169e188e48fb67 h2'  data-responsive-json-new='{\"font-size\":\"desktop:28px;\",\"line-height\":\"\"}' ><h2 style=\"font-weight:bold;color:#333333;\">Sake Akashi Junmai Daiginjo Gen<\/h2><\/div><div class=\"uvc-sub-heading ult-responsive\"  data-ultimate-target='.uvc-heading.ultimate-heading-550169e188e48fb67 .uvc-sub-heading '  data-responsive-json-new='{\"font-size\":\"desktop:18px;\",\"line-height\":\"\"}'  style=\"font-weight:normal;\"><b class=\"\" data-path-to-node=\"0\" data-index-in-node=\"0\">Akashi-Tai Junmai Daiginjo Gen<\/b><span class=\"\"> este un sake de o calitate excep\u021bional\u0103,<\/span><span class=\"\"> reprezent\u00e2nd v\u00e2rful m\u0103iestriei produc\u0103torului nipon Akashi-Tai (Yonezawa Syuzou).<\/span><span class=\"\"> Fiind clasificat ca \u201eJunmai Daiginjo\u201d,<\/span><span class=\"\"> acesta face parte din categoria cea mai rafinat\u0103 \u0219i exclusivist\u0103 de sake din lume.<\/span><\/p>\n<p>Produs \u00een ora\u0219ul de coast\u0103 Akashi (prefectura Hyogo) \u2014 o regiune celebr\u0103 pentru calitatea apei \u0219i a orezului \u2014 acest sake este rezultatul unei selec\u021bii riguroase. \u201eJunmai\u201d \u00eenseamn\u0103 c\u0103 b\u0103utura este produs\u0103 exclusiv din orez, ap\u0103, drojdie \u0219i koji, f\u0103r\u0103 niciun adaos de alcool distilat. \u201eDaiginjo\u201d indic\u0103 faptul c\u0103 boabele de orez au fost \u0219lefuite p\u00e2n\u0103 la un nivel foarte fin, elimin\u00e2nd straturile exterioare pentru a l\u0103sa doar inima pur\u0103 a bobului, bogat\u0103 \u00een amidon.<\/p>\n<p>&nbsp;<\/p>\n<ul>\n<li>\n<p data-path-to-node=\"10,0,0\"><b data-path-to-node=\"10,0,0\" data-index-in-node=\"0\">Aroma:<\/b> Buchetul este delicat \u0219i complex. Se disting note florale de crini \u0219i magnolie, completate de arome fructate de pepene galben, pere coapte \u0219i o not\u0103 discret\u0103 de banane.<\/p>\n<\/li>\n<li>\n<p data-path-to-node=\"10,1,0\"><b data-path-to-node=\"10,1,0\" data-index-in-node=\"0\">Gustul:<\/b> Textura este m\u0103t\u0103soas\u0103, aproape cremoas\u0103 pe palat. Gustul este curat, cu o dulcea\u021b\u0103 natural\u0103 foarte fin\u0103 de orez, echilibrat\u0103 de o aciditate subtil\u0103 care \u00eei confer\u0103 prospe\u021bime.<\/p>\n<\/li>\n<li>\n<p data-path-to-node=\"10,2,0\"><b data-path-to-node=\"10,2,0\" data-index-in-node=\"0\">Postgust:<\/b> Persistent, elegant \u0219i extrem de curat, cu un final care aminte\u0219te de apa proasp\u0103t\u0103 de izvor \u0219i un strop de anason.<\/p>\n<\/li>\n<\/ul>\n<\/div><\/div><div class=\"divider-wrap\" data-alignment=\"default\"><div style=\"height: 25px;\" class=\"divider\"><\/div><\/div>\n\t\t\t<\/div> \n\t\t<\/div>\n\t<\/div> \n<\/div><\/div>\n\t\t<div id=\"fws_69e188e48ff17\"  data-midnight=\"dark\"  data-bg-mobile-hidden=\"\" class=\"wpb_row vc_row-fluid vc_row standard_section\"  style=\"padding-top: 0px; padding-bottom: 0px; \"><div class=\"row-bg-wrap\"><div class=\"inner-wrap\"><div class=\"row-bg\"  style=\"\"><\/div><\/div><div class=\"row-bg-overlay\" ><\/div><\/div><div class=\"col span_12 dark left\">\n\t<div  class=\"vc_col-sm-12 wpb_column column_container vc_column_container col no-extra-padding\"  data-t-w-inherits=\"default\" data-border-radius=\"none\" data-shadow=\"none\" data-border-animation=\"\" data-border-animation-delay=\"\" data-border-width=\"none\" data-border-style=\"solid\" data-border-color=\"\" data-bg-cover=\"\" data-padding-pos=\"all\" data-has-bg-color=\"false\" data-bg-color=\"\" data-bg-opacity=\"1\" data-hover-bg=\"\" data-hover-bg-opacity=\"1\" data-animation=\"\" data-delay=\"0\"><div class=\"column-bg-overlay\"><\/div>\n\t\t<div class=\"vc_column-inner\">\n\t\t\t<div class=\"wpb_wrapper\">\n\t\t\t\t<div class=\"divider-wrap\" data-alignment=\"default\"><div style=\"height: 100px;\" class=\"divider\"><\/div><\/div>\n\t\t\t<\/div> \n\t\t<\/div>\n\t<\/div> \n<\/div><\/div>","protected":false},"excerpt":{"rendered":"<p>Tip: Sak\u00e9 japonez Junmai Daiginjo Genshu \u2013 varianta premium, nediluat\u0103<br \/>\nProduc\u0103tor: Akashi Sake Brewery Co., Ltd., Japonia<br \/>\nIngrediente: Orez (inclusiv Yamadanishiki), koji, ap\u0103, drojdie<br \/>\nRice polishing rate: aprox. 38\u202f%<br \/>\nAlcool: aprox. 16\u202f% vol.<br \/>\nVolum: 720\u202fml<br \/>\nTemperatura de servire: 7\u201315\u202f\u00b0C (de preferat rece)<br \/>\nProfil aromatic: foarte floral \u0219i fructat, cu note de melon, l\u0103m\u00e2ie, portocal\u0103 amar\u0103, salvie \u0219i ierburi fine<\/p>","protected":false},"featured_media":11034,"comment_status":"open","ping_status":"closed","template":"","meta":[],"product_cat":[405,404,431],"product_tag":[],"yoast_head":"<!-- This site is optimized with the Yoast SEO plugin v20.10 - https:\/\/yoast.com\/wordpress\/plugins\/seo\/ -->\n<title>Sake Akashi Junmai Daiginjo Gen | Global Bar Beverages<\/title>\n<meta name=\"robots\" content=\"index, follow, max-snippet:-1, max-image-preview:large, max-video-preview:-1\" \/>\n<link rel=\"canonical\" href=\"https:\/\/gbb.md\/ru\/product\/sake-akashi-junmai-daiginjo-gen\/\" \/>\n<meta property=\"og:locale\" content=\"ru_RU\" \/>\n<meta property=\"og:type\" content=\"article\" \/>\n<meta property=\"og:title\" content=\"Sake Akashi Junmai Daiginjo Gen | Global Bar Beverages\" \/>\n<meta property=\"og:description\" content=\"Tip: Sak\u00e9 japonez Junmai Daiginjo Genshu \u2013 varianta premium, nediluat\u0103 Produc\u0103tor: Akashi Sake Brewery Co., Ltd., Japonia Ingrediente: Orez (inclusiv Yamadanishiki), koji, ap\u0103, drojdie Rice polishing rate: aprox. 38\u202f% Alcool: aprox. 16\u202f% vol. Volum: 720\u202fml Temperatura de servire: 7\u201315\u202f\u00b0C (de preferat rece) Profil aromatic: foarte floral \u0219i fructat, cu note de melon, l\u0103m\u00e2ie, portocal\u0103 amar\u0103, salvie \u0219i ierburi fine\" \/>\n<meta property=\"og:url\" content=\"https:\/\/gbb.md\/ru\/product\/sake-akashi-junmai-daiginjo-gen\/\" \/>\n<meta property=\"og:site_name\" content=\"Global Bar Beverages\" \/>\n<meta property=\"article:publisher\" content=\"https:\/\/www.facebook.com\/profile.php?id=61555243232370\" \/>\n<meta property=\"article:modified_time\" content=\"2026-04-09T07:52:47+00:00\" \/>\n<meta property=\"og:image\" content=\"https:\/\/gbb.md\/wp-content\/uploads\/2025\/12\/daiginjo-genshu-big-1.png\" \/>\n\t<meta property=\"og:image:width\" content=\"2219\" \/>\n\t<meta property=\"og:image:height\" content=\"1839\" \/>\n\t<meta property=\"og:image:type\" content=\"image\/png\" \/>\n<meta name=\"twitter:card\" content=\"summary_large_image\" \/>\n<script type=\"application\/ld+json\" class=\"yoast-schema-graph\">{\"@context\":\"https:\/\/schema.org\",\"@graph\":[{\"@type\":\"WebPage\",\"@id\":\"https:\/\/gbb.md\/product\/sake-akashi-junmai-daiginjo-gen\/\",\"url\":\"https:\/\/gbb.md\/product\/sake-akashi-junmai-daiginjo-gen\/\",\"name\":\"Sake Akashi Junmai Daiginjo Gen | Global Bar Beverages\",\"isPartOf\":{\"@id\":\"https:\/\/gbb.md\/#website\"},\"datePublished\":\"2025-12-11T16:46:30+00:00\",\"dateModified\":\"2026-04-09T07:52:47+00:00\",\"breadcrumb\":{\"@id\":\"https:\/\/gbb.md\/product\/sake-akashi-junmai-daiginjo-gen\/#breadcrumb\"},\"inLanguage\":\"ru-RU\",\"potentialAction\":[{\"@type\":\"ReadAction\",\"target\":[\"https:\/\/gbb.md\/product\/sake-akashi-junmai-daiginjo-gen\/\"]}]},{\"@type\":\"BreadcrumbList\",\"@id\":\"https:\/\/gbb.md\/product\/sake-akashi-junmai-daiginjo-gen\/#breadcrumb\",\"itemListElement\":[{\"@type\":\"ListItem\",\"position\":1,\"name\":\"\u0413\u043b\u0430\u0432\u043d\u0430\u044f \u0441\u0442\u0440\u0430\u043d\u0438\u0446\u0430\",\"item\":\"https:\/\/gbb.md\/\"},{\"@type\":\"ListItem\",\"position\":2,\"name\":\"Produse\",\"item\":\"https:\/\/gbb.md\/shop\/\"},{\"@type\":\"ListItem\",\"position\":3,\"name\":\"Sake Akashi Junmai Daiginjo Gen\"}]},{\"@type\":\"WebSite\",\"@id\":\"https:\/\/gbb.md\/#website\",\"url\":\"https:\/\/gbb.md\/\",\"name\":\"GBB\",\"description\":\"\u042d\u0442\u043e \u043c\u043e\u043b\u043e\u0434\u0430\u044f \u0431\u044b\u0441\u0442\u0440\u043e\u0440\u0430\u0441\u0442\u0443\u0449\u0430\u044f \u043a\u043e\u043c\u043f\u0430\u043d\u0438\u044f, \u0441\u0442\u0430\u0432\u0448\u0430\u044f \u043a\u0440\u0443\u043f\u043d\u0435\u0439\u0448\u0438\u043c \u0432 \u041c\u043e\u043b\u0434\u043e\u0432\u0435 \u043f\u043e\u0441\u0442\u0430\u0432\u0449\u0438\u043a\u043e\u043c \u0441\u0438\u0440\u043e\u043f\u043e\u0432 \u0438 \u043f\u044e\u0440\u0435 \u0434\u043b\u044f \u043d\u0430\u043f\u0438\u0442\u043a\u043e\u0432, \u0447\u0430\u044f, \u043a\u043e\u0444\u0435, \u0441\u043e\u0443\u0441\u043e\u0432, \u0442\u043e\u043d\u0438\u043a\u043e\u0432 \u0438 bubble tea \u043e\u0442 \u0438\u043c\u0435\u043d\u0438\u0442\u044b\u0445 \u043f\u0440\u043e\u0438\u0437\u0432\u043e\u0434\u0438\u0442\u0435\u043b\u0435\u0439.\",\"publisher\":{\"@id\":\"https:\/\/gbb.md\/#organization\"},\"alternateName\":\"Global Bar Beverages\",\"potentialAction\":[{\"@type\":\"SearchAction\",\"target\":{\"@type\":\"EntryPoint\",\"urlTemplate\":\"https:\/\/gbb.md\/?s={search_term_string}\"},\"query-input\":\"required name=search_term_string\"}],\"inLanguage\":\"ru-RU\"},{\"@type\":\"Organization\",\"@id\":\"https:\/\/gbb.md\/#organization\",\"name\":\"GBB\",\"alternateName\":\"Global Bar Beverages\",\"url\":\"https:\/\/gbb.md\/\",\"logo\":{\"@type\":\"ImageObject\",\"inLanguage\":\"ru-RU\",\"@id\":\"https:\/\/gbb.md\/#\/schema\/logo\/image\/\",\"url\":\"https:\/\/gbb.md\/wp-content\/uploads\/2024\/01\/android-chrome-512x512-1.png\",\"contentUrl\":\"https:\/\/gbb.md\/wp-content\/uploads\/2024\/01\/android-chrome-512x512-1.png\",\"width\":512,\"height\":512,\"caption\":\"GBB\"},\"image\":{\"@id\":\"https:\/\/gbb.md\/#\/schema\/logo\/image\/\"},\"sameAs\":[\"https:\/\/www.facebook.com\/profile.php?id=61555243232370\"]}]}<\/script>\n<!-- \/ Yoast SEO plugin. -->","yoast_head_json":{"title":"Sake Akashi Junmai Daiginjo Gen | Global Bar Beverages","robots":{"index":"index","follow":"follow","max-snippet":"max-snippet:-1","max-image-preview":"max-image-preview:large","max-video-preview":"max-video-preview:-1"},"canonical":"https:\/\/gbb.md\/ru\/product\/sake-akashi-junmai-daiginjo-gen\/","og_locale":"ru_RU","og_type":"article","og_title":"Sake Akashi Junmai Daiginjo Gen | Global Bar Beverages","og_description":"Tip: Sak\u00e9 japonez Junmai Daiginjo Genshu \u2013 varianta premium, nediluat\u0103 Produc\u0103tor: Akashi Sake Brewery Co., Ltd., Japonia Ingrediente: Orez (inclusiv Yamadanishiki), koji, ap\u0103, drojdie Rice polishing rate: aprox. 38\u202f% Alcool: aprox. 16\u202f% vol. Volum: 720\u202fml Temperatura de servire: 7\u201315\u202f\u00b0C (de preferat rece) Profil aromatic: foarte floral \u0219i fructat, cu note de melon, l\u0103m\u00e2ie, portocal\u0103 amar\u0103, salvie \u0219i ierburi fine","og_url":"https:\/\/gbb.md\/ru\/product\/sake-akashi-junmai-daiginjo-gen\/","og_site_name":"Global Bar Beverages","article_publisher":"https:\/\/www.facebook.com\/profile.php?id=61555243232370","article_modified_time":"2026-04-09T07:52:47+00:00","og_image":[{"width":2219,"height":1839,"url":"https:\/\/gbb.md\/wp-content\/uploads\/2025\/12\/daiginjo-genshu-big-1.png","type":"image\/png"}],"twitter_card":"summary_large_image","schema":{"@context":"https:\/\/schema.org","@graph":[{"@type":"WebPage","@id":"https:\/\/gbb.md\/product\/sake-akashi-junmai-daiginjo-gen\/","url":"https:\/\/gbb.md\/product\/sake-akashi-junmai-daiginjo-gen\/","name":"Sake Akashi Junmai Daiginjo Gen | Global Bar Beverages","isPartOf":{"@id":"https:\/\/gbb.md\/#website"},"datePublished":"2025-12-11T16:46:30+00:00","dateModified":"2026-04-09T07:52:47+00:00","breadcrumb":{"@id":"https:\/\/gbb.md\/product\/sake-akashi-junmai-daiginjo-gen\/#breadcrumb"},"inLanguage":"ru-RU","potentialAction":[{"@type":"ReadAction","target":["https:\/\/gbb.md\/product\/sake-akashi-junmai-daiginjo-gen\/"]}]},{"@type":"BreadcrumbList","@id":"https:\/\/gbb.md\/product\/sake-akashi-junmai-daiginjo-gen\/#breadcrumb","itemListElement":[{"@type":"ListItem","position":1,"name":"\u0413\u043b\u0430\u0432\u043d\u0430\u044f \u0441\u0442\u0440\u0430\u043d\u0438\u0446\u0430","item":"https:\/\/gbb.md\/"},{"@type":"ListItem","position":2,"name":"Produse","item":"https:\/\/gbb.md\/shop\/"},{"@type":"ListItem","position":3,"name":"Sake Akashi Junmai Daiginjo Gen"}]},{"@type":"WebSite","@id":"https:\/\/gbb.md\/#website","url":"https:\/\/gbb.md\/","name":"GBB","description":"\u042d\u0442\u043e \u043c\u043e\u043b\u043e\u0434\u0430\u044f \u0431\u044b\u0441\u0442\u0440\u043e\u0440\u0430\u0441\u0442\u0443\u0449\u0430\u044f \u043a\u043e\u043c\u043f\u0430\u043d\u0438\u044f, \u0441\u0442\u0430\u0432\u0448\u0430\u044f \u043a\u0440\u0443\u043f\u043d\u0435\u0439\u0448\u0438\u043c \u0432 \u041c\u043e\u043b\u0434\u043e\u0432\u0435 \u043f\u043e\u0441\u0442\u0430\u0432\u0449\u0438\u043a\u043e\u043c \u0441\u0438\u0440\u043e\u043f\u043e\u0432 \u0438 \u043f\u044e\u0440\u0435 \u0434\u043b\u044f \u043d\u0430\u043f\u0438\u0442\u043a\u043e\u0432, \u0447\u0430\u044f, \u043a\u043e\u0444\u0435, \u0441\u043e\u0443\u0441\u043e\u0432, \u0442\u043e\u043d\u0438\u043a\u043e\u0432 \u0438 bubble tea \u043e\u0442 \u0438\u043c\u0435\u043d\u0438\u0442\u044b\u0445 \u043f\u0440\u043e\u0438\u0437\u0432\u043e\u0434\u0438\u0442\u0435\u043b\u0435\u0439.","publisher":{"@id":"https:\/\/gbb.md\/#organization"},"alternateName":"Global Bar Beverages","potentialAction":[{"@type":"SearchAction","target":{"@type":"EntryPoint","urlTemplate":"https:\/\/gbb.md\/?s={search_term_string}"},"query-input":"required name=search_term_string"}],"inLanguage":"ru-RU"},{"@type":"Organization","@id":"https:\/\/gbb.md\/#organization","name":"GBB","alternateName":"Global Bar Beverages","url":"https:\/\/gbb.md\/","logo":{"@type":"ImageObject","inLanguage":"ru-RU","@id":"https:\/\/gbb.md\/#\/schema\/logo\/image\/","url":"https:\/\/gbb.md\/wp-content\/uploads\/2024\/01\/android-chrome-512x512-1.png","contentUrl":"https:\/\/gbb.md\/wp-content\/uploads\/2024\/01\/android-chrome-512x512-1.png","width":512,"height":512,"caption":"GBB"},"image":{"@id":"https:\/\/gbb.md\/#\/schema\/logo\/image\/"},"sameAs":["https:\/\/www.facebook.com\/profile.php?id=61555243232370"]}]}},"_links":{"self":[{"href":"https:\/\/gbb.md\/ru\/wp-json\/wp\/v2\/product\/11033"}],"collection":[{"href":"https:\/\/gbb.md\/ru\/wp-json\/wp\/v2\/product"}],"about":[{"href":"https:\/\/gbb.md\/ru\/wp-json\/wp\/v2\/types\/product"}],"replies":[{"embeddable":true,"href":"https:\/\/gbb.md\/ru\/wp-json\/wp\/v2\/comments?post=11033"}],"wp:featuredmedia":[{"embeddable":true,"href":"https:\/\/gbb.md\/ru\/wp-json\/wp\/v2\/media\/11034"}],"wp:attachment":[{"href":"https:\/\/gbb.md\/ru\/wp-json\/wp\/v2\/media?parent=11033"}],"wp:term":[{"taxonomy":"product_cat","embeddable":true,"href":"https:\/\/gbb.md\/ru\/wp-json\/wp\/v2\/product_cat?post=11033"},{"taxonomy":"product_tag","embeddable":true,"href":"https:\/\/gbb.md\/ru\/wp-json\/wp\/v2\/product_tag?post=11033"}],"curies":[{"name":"wp","href":"https:\/\/api.w.org\/{rel}","templated":true}]}}