{"id":11035,"date":"2025-12-11T18:48:55","date_gmt":"2025-12-11T16:48:55","guid":{"rendered":"https:\/\/gbb.md\/?post_type=product&#038;p=11035"},"modified":"2026-04-09T10:48:39","modified_gmt":"2026-04-09T07:48:39","slug":"chacha-oak-supreme-gws","status":"publish","type":"product","link":"https:\/\/gbb.md\/ru\/product\/chacha-oak-supreme-gws\/","title":{"rendered":"Chacha Oak, Supreme, GWS"},"content":{"rendered":"<div id=\"fws_6a0495312814f\"  data-midnight=\"dark\" data-top-percent=\"-30%\"  data-bg-mobile-hidden=\"\" class=\"wpb_row vc_row-fluid vc_row top-level  vc_row-o-equal-height vc_row-flex  vc_row-o-content-middle standard_section\"  style=\"padding-top: calc(100vw * 0.0-30); padding-bottom: 0px;  z-index: 100;\"><div class=\"row-bg-wrap\"><div class=\"inner-wrap\"><div class=\"row-bg\"  style=\"\"><\/div><\/div><div class=\"row-bg-overlay\" ><\/div><\/div><div class=\"col span_12 dark left\">\n\t<div style=\"margin-top: -190px; \" class=\"vc_col-sm-12 wpb_column column_container vc_column_container col neg-marg no-extra-padding\"  data-t-w-inherits=\"default\" data-border-radius=\"none\" data-shadow=\"none\" data-border-animation=\"\" data-border-animation-delay=\"\" data-border-width=\"none\" data-border-style=\"solid\" data-border-color=\"\" data-bg-cover=\"\" data-padding-pos=\"all\" data-has-bg-color=\"false\" data-bg-color=\"\" data-bg-opacity=\"1\" data-hover-bg=\"\" data-hover-bg-opacity=\"1\" data-animation=\"\" data-delay=\"0\"><div class=\"column-bg-overlay\"><\/div>\n\t\t<div class=\"vc_column-inner\">\n\t\t\t<div class=\"wpb_wrapper\">\n\t\t\t\t<div class=\"divider-wrap\" data-alignment=\"default\"><div style=\"height: 70px;\" class=\"divider\"><\/div><\/div><div id=\"ultimate-heading-58796a049531283c6\" class=\"uvc-heading ult-adjust-bottom-margin ultimate-heading-58796a049531283c6 uvc-4944\" data-hspacer=\"no_spacer\"  data-halign=\"left\" style=\"text-align:left\"><div class=\"uvc-heading-spacer no_spacer\" style=\"top\"><\/div><div class=\"uvc-main-heading ult-responsive\"  data-ultimate-target='.uvc-heading.ultimate-heading-58796a049531283c6 h2'  data-responsive-json-new='{\"font-size\":\"desktop:28px;\",\"line-height\":\"\"}' ><h2 style=\"font-weight:bold;color:#333333;\">Chacha Oak, Supreme, GWS<\/h2><\/div><div class=\"uvc-sub-heading ult-responsive\"  data-ultimate-target='.uvc-heading.ultimate-heading-58796a049531283c6 .uvc-sub-heading '  data-responsive-json-new='{\"font-size\":\"desktop:18px;\",\"line-height\":\"\"}'  style=\"font-weight:normal;\"><b data-path-to-node=\"0\" data-index-in-node=\"0\">Chacha Oak, Supreme GWS<\/b> este varianta maturat\u0103 \u0219i sofisticat\u0103 a tradi\u021bionalei b\u0103uturi spirtoase georgiene. Dac\u0103 varianta cu miere este despre fine\u021be, edi\u021bia <b data-path-to-node=\"0\" data-index-in-node=\"157\">Oak<\/b> (Stejar) este despre profunzime, structur\u0103 \u0219i elegan\u021b\u0103, fiind maturat\u0103 \u00een butoaie de stejar pentru a dob\u00e2ndi note similare cu cele ale unui coniac de calitate sau ale unei grappa \u201ebarricata\u201d.<\/p>\n<p>Produs\u0103 de <b data-path-to-node=\"4\" data-index-in-node=\"11\">GWS (Georgian Wines and Spirits Company)<\/b> \u00een renumita regiune viticol\u0103 Kakheti, aceast\u0103 chacha trece printr-un proces de \u00eennobilare \u00een butoaie de stejar (adesea stejar caucazian sau francez). Maturarea transform\u0103 caracterul \u201es\u0103lbatic\u201d al distilatului proasp\u0103t de struguri \u00eentr-o experien\u021b\u0103 complex\u0103, unde aromele primare de fruct se \u00eempletesc cu aromele ter\u021biare de lemn, vanilie \u0219i condimente.<\/p>\n<p>&nbsp;<\/p>\n<ul>\n<li>\n<p data-path-to-node=\"10,0,0\"><b data-path-to-node=\"10,0,0\" data-index-in-node=\"0\">Aroma:<\/b> Buchetul este mult mai bogat dec\u00e2t la o chacha alb\u0103. Se resimt note clare de <b data-path-to-node=\"10,0,0\" data-index-in-node=\"84\">vanilie<\/b>, lemn de stejar u\u0219or pr\u0103jit \u0219i influen\u021be de nuci. Fundalul p\u0103streaz\u0103 aroma proasp\u0103t\u0103 de struguri \u0219i un strop de fructe uscate (caise, stafide).<\/p>\n<\/li>\n<li>\n<p data-path-to-node=\"10,1,0\"><b data-path-to-node=\"10,1,0\" data-index-in-node=\"0\">Gustul:<\/b> Textura este catifelat\u0103 \u0219i bine structurat\u0103. Gustul de struguri este prezent, dar este acompaniat de aromele de tannini dulci proveni\u021bi din lemn. Se simt accente de caramel, ciocolat\u0103 neagr\u0103 \u0219i condimente calde (piper alb, scor\u021bi\u0219oar\u0103).<\/p>\n<\/li>\n<li>\n<p data-path-to-node=\"10,2,0\"><b data-path-to-node=\"10,2,0\" data-index-in-node=\"0\">Postgust:<\/b> Lung, cald \u0219i persistent, cu un final sec \u0219i elegant, dominat de note lemnoase \u0219i de fructe maturate.<\/p>\n<\/li>\n<\/ul>\n<\/div><\/div><div class=\"divider-wrap\" data-alignment=\"default\"><div style=\"height: 25px;\" class=\"divider\"><\/div><\/div>\n\t\t\t<\/div> \n\t\t<\/div>\n\t<\/div> \n<\/div><\/div>\n\t\t<div id=\"fws_6a0495312875d\"  data-midnight=\"dark\"  data-bg-mobile-hidden=\"\" class=\"wpb_row vc_row-fluid vc_row standard_section\"  style=\"padding-top: 0px; padding-bottom: 0px; \"><div class=\"row-bg-wrap\"><div class=\"inner-wrap\"><div class=\"row-bg\"  style=\"\"><\/div><\/div><div class=\"row-bg-overlay\" ><\/div><\/div><div class=\"col span_12 dark left\">\n\t<div  class=\"vc_col-sm-12 wpb_column column_container vc_column_container col no-extra-padding\"  data-t-w-inherits=\"default\" data-border-radius=\"none\" data-shadow=\"none\" data-border-animation=\"\" data-border-animation-delay=\"\" data-border-width=\"none\" data-border-style=\"solid\" data-border-color=\"\" data-bg-cover=\"\" data-padding-pos=\"all\" data-has-bg-color=\"false\" data-bg-color=\"\" data-bg-opacity=\"1\" data-hover-bg=\"\" data-hover-bg-opacity=\"1\" data-animation=\"\" data-delay=\"0\"><div class=\"column-bg-overlay\"><\/div>\n\t\t<div class=\"vc_column-inner\">\n\t\t\t<div class=\"wpb_wrapper\">\n\t\t\t\t<div class=\"divider-wrap\" data-alignment=\"default\"><div style=\"height: 100px;\" class=\"divider\"><\/div><\/div>\n\t\t\t<\/div> \n\t\t<\/div>\n\t<\/div> \n<\/div><\/div>","protected":false},"excerpt":{"rendered":"<p>Tip: b\u0103utur\u0103 spirtoas\u0103 georgian\u0103 \u2013 chacha cu maturare \u00een butoaie de stejar<br \/>\nBrand: GWS (Georgia Wines &#038; Spirits)<br \/>\n\u021aara de origine: Georgia, regiunea Kakheti<br \/>\nIngrediente de baz\u0103: resturi de struguri (pomiace) din soiurile Rkatsiteli, Mtsvane, Kisi<br \/>\nMaturare: aproximativ 12 luni \u00een butoaie de stejar fran\u021buzesc<br \/>\nAlcool: cca 42\u202f% vol.<br \/>\nVolum: 0,7\u202fl<br \/>\nCuloare: ambra \/ aurie<br \/>\nProfil aromatic: note de stejar, vanilie, migdal\u0103 \u0219i tabac<br \/>\nGust: bogat, curat, cu u\u0219oare nuan\u021be de vin \u0219i fructe<br \/>\nMod de servire: simplu, rece sau la temperatura camerei, \u00een por\u021bii mici<\/p>","protected":false},"featured_media":11037,"comment_status":"open","ping_status":"closed","template":"","meta":[],"product_cat":[405,404,440,437],"product_tag":[],"yoast_head":"<!-- This site is optimized with the Yoast SEO plugin v20.10 - https:\/\/yoast.com\/wordpress\/plugins\/seo\/ -->\n<title>Chacha Oak, Supreme, GWS | Global Bar Beverages<\/title>\n<meta name=\"robots\" content=\"index, follow, max-snippet:-1, max-image-preview:large, max-video-preview:-1\" \/>\n<link rel=\"canonical\" href=\"https:\/\/gbb.md\/ru\/product\/chacha-oak-supreme-gws\/\" \/>\n<meta property=\"og:locale\" content=\"ru_RU\" \/>\n<meta property=\"og:type\" content=\"article\" \/>\n<meta property=\"og:title\" content=\"Chacha Oak, Supreme, GWS | Global Bar Beverages\" \/>\n<meta property=\"og:description\" content=\"Tip: b\u0103utur\u0103 spirtoas\u0103 georgian\u0103 \u2013 chacha cu maturare \u00een butoaie de stejar Brand: GWS (Georgia Wines &amp; Spirits) \u021aara de origine: Georgia, regiunea Kakheti Ingrediente de baz\u0103: resturi de struguri (pomiace) din soiurile Rkatsiteli, Mtsvane, Kisi Maturare: aproximativ 12 luni \u00een butoaie de stejar fran\u021buzesc Alcool: cca 42\u202f% vol. Volum: 0,7\u202fl Culoare: ambra \/ aurie Profil aromatic: note de stejar, vanilie, migdal\u0103 \u0219i tabac Gust: bogat, curat, cu u\u0219oare nuan\u021be de vin \u0219i fructe Mod de servire: simplu, rece sau la temperatura camerei, \u00een por\u021bii mici\" \/>\n<meta property=\"og:url\" content=\"https:\/\/gbb.md\/ru\/product\/chacha-oak-supreme-gws\/\" \/>\n<meta property=\"og:site_name\" content=\"Global Bar Beverages\" \/>\n<meta property=\"article:publisher\" content=\"https:\/\/www.facebook.com\/profile.php?id=61555243232370\" \/>\n<meta property=\"article:modified_time\" content=\"2026-04-09T07:48:39+00:00\" \/>\n<meta property=\"og:image\" content=\"https:\/\/gbb.md\/wp-content\/uploads\/2025\/12\/582d26f0-87d5-11eb-989f-e1dbf3323805-1.jpg\" \/>\n\t<meta property=\"og:image:width\" content=\"830\" \/>\n\t<meta property=\"og:image:height\" content=\"714\" \/>\n\t<meta property=\"og:image:type\" content=\"image\/jpeg\" \/>\n<meta name=\"twitter:card\" content=\"summary_large_image\" \/>\n<script type=\"application\/ld+json\" class=\"yoast-schema-graph\">{\"@context\":\"https:\/\/schema.org\",\"@graph\":[{\"@type\":\"WebPage\",\"@id\":\"https:\/\/gbb.md\/product\/chacha-oak-supreme-gws\/\",\"url\":\"https:\/\/gbb.md\/product\/chacha-oak-supreme-gws\/\",\"name\":\"Chacha Oak, Supreme, GWS | Global Bar Beverages\",\"isPartOf\":{\"@id\":\"https:\/\/gbb.md\/#website\"},\"datePublished\":\"2025-12-11T16:48:55+00:00\",\"dateModified\":\"2026-04-09T07:48:39+00:00\",\"breadcrumb\":{\"@id\":\"https:\/\/gbb.md\/product\/chacha-oak-supreme-gws\/#breadcrumb\"},\"inLanguage\":\"ru-RU\",\"potentialAction\":[{\"@type\":\"ReadAction\",\"target\":[\"https:\/\/gbb.md\/product\/chacha-oak-supreme-gws\/\"]}]},{\"@type\":\"BreadcrumbList\",\"@id\":\"https:\/\/gbb.md\/product\/chacha-oak-supreme-gws\/#breadcrumb\",\"itemListElement\":[{\"@type\":\"ListItem\",\"position\":1,\"name\":\"\u0413\u043b\u0430\u0432\u043d\u0430\u044f \u0441\u0442\u0440\u0430\u043d\u0438\u0446\u0430\",\"item\":\"https:\/\/gbb.md\/\"},{\"@type\":\"ListItem\",\"position\":2,\"name\":\"Produse\",\"item\":\"https:\/\/gbb.md\/shop\/\"},{\"@type\":\"ListItem\",\"position\":3,\"name\":\"Chacha Oak, Supreme, GWS\"}]},{\"@type\":\"WebSite\",\"@id\":\"https:\/\/gbb.md\/#website\",\"url\":\"https:\/\/gbb.md\/\",\"name\":\"GBB\",\"description\":\"\u042d\u0442\u043e \u043c\u043e\u043b\u043e\u0434\u0430\u044f \u0431\u044b\u0441\u0442\u0440\u043e\u0440\u0430\u0441\u0442\u0443\u0449\u0430\u044f \u043a\u043e\u043c\u043f\u0430\u043d\u0438\u044f, \u0441\u0442\u0430\u0432\u0448\u0430\u044f \u043a\u0440\u0443\u043f\u043d\u0435\u0439\u0448\u0438\u043c \u0432 \u041c\u043e\u043b\u0434\u043e\u0432\u0435 \u043f\u043e\u0441\u0442\u0430\u0432\u0449\u0438\u043a\u043e\u043c \u0441\u0438\u0440\u043e\u043f\u043e\u0432 \u0438 \u043f\u044e\u0440\u0435 \u0434\u043b\u044f \u043d\u0430\u043f\u0438\u0442\u043a\u043e\u0432, \u0447\u0430\u044f, \u043a\u043e\u0444\u0435, \u0441\u043e\u0443\u0441\u043e\u0432, \u0442\u043e\u043d\u0438\u043a\u043e\u0432 \u0438 bubble tea \u043e\u0442 \u0438\u043c\u0435\u043d\u0438\u0442\u044b\u0445 \u043f\u0440\u043e\u0438\u0437\u0432\u043e\u0434\u0438\u0442\u0435\u043b\u0435\u0439.\",\"publisher\":{\"@id\":\"https:\/\/gbb.md\/#organization\"},\"alternateName\":\"Global Bar Beverages\",\"potentialAction\":[{\"@type\":\"SearchAction\",\"target\":{\"@type\":\"EntryPoint\",\"urlTemplate\":\"https:\/\/gbb.md\/?s={search_term_string}\"},\"query-input\":\"required name=search_term_string\"}],\"inLanguage\":\"ru-RU\"},{\"@type\":\"Organization\",\"@id\":\"https:\/\/gbb.md\/#organization\",\"name\":\"GBB\",\"alternateName\":\"Global Bar Beverages\",\"url\":\"https:\/\/gbb.md\/\",\"logo\":{\"@type\":\"ImageObject\",\"inLanguage\":\"ru-RU\",\"@id\":\"https:\/\/gbb.md\/#\/schema\/logo\/image\/\",\"url\":\"https:\/\/gbb.md\/wp-content\/uploads\/2024\/01\/android-chrome-512x512-1.png\",\"contentUrl\":\"https:\/\/gbb.md\/wp-content\/uploads\/2024\/01\/android-chrome-512x512-1.png\",\"width\":512,\"height\":512,\"caption\":\"GBB\"},\"image\":{\"@id\":\"https:\/\/gbb.md\/#\/schema\/logo\/image\/\"},\"sameAs\":[\"https:\/\/www.facebook.com\/profile.php?id=61555243232370\"]}]}<\/script>\n<!-- \/ Yoast SEO plugin. -->","yoast_head_json":{"title":"Chacha Oak, Supreme, GWS | Global Bar Beverages","robots":{"index":"index","follow":"follow","max-snippet":"max-snippet:-1","max-image-preview":"max-image-preview:large","max-video-preview":"max-video-preview:-1"},"canonical":"https:\/\/gbb.md\/ru\/product\/chacha-oak-supreme-gws\/","og_locale":"ru_RU","og_type":"article","og_title":"Chacha Oak, Supreme, GWS | Global Bar Beverages","og_description":"Tip: b\u0103utur\u0103 spirtoas\u0103 georgian\u0103 \u2013 chacha cu maturare \u00een butoaie de stejar Brand: GWS (Georgia Wines & Spirits) \u021aara de origine: Georgia, regiunea Kakheti Ingrediente de baz\u0103: resturi de struguri (pomiace) din soiurile Rkatsiteli, Mtsvane, Kisi Maturare: aproximativ 12 luni \u00een butoaie de stejar fran\u021buzesc Alcool: cca 42\u202f% vol. Volum: 0,7\u202fl Culoare: ambra \/ aurie Profil aromatic: note de stejar, vanilie, migdal\u0103 \u0219i tabac Gust: bogat, curat, cu u\u0219oare nuan\u021be de vin \u0219i fructe Mod de servire: simplu, rece sau la temperatura camerei, \u00een por\u021bii mici","og_url":"https:\/\/gbb.md\/ru\/product\/chacha-oak-supreme-gws\/","og_site_name":"Global Bar Beverages","article_publisher":"https:\/\/www.facebook.com\/profile.php?id=61555243232370","article_modified_time":"2026-04-09T07:48:39+00:00","og_image":[{"width":830,"height":714,"url":"https:\/\/gbb.md\/wp-content\/uploads\/2025\/12\/582d26f0-87d5-11eb-989f-e1dbf3323805-1.jpg","type":"image\/jpeg"}],"twitter_card":"summary_large_image","schema":{"@context":"https:\/\/schema.org","@graph":[{"@type":"WebPage","@id":"https:\/\/gbb.md\/product\/chacha-oak-supreme-gws\/","url":"https:\/\/gbb.md\/product\/chacha-oak-supreme-gws\/","name":"Chacha Oak, Supreme, GWS | Global Bar Beverages","isPartOf":{"@id":"https:\/\/gbb.md\/#website"},"datePublished":"2025-12-11T16:48:55+00:00","dateModified":"2026-04-09T07:48:39+00:00","breadcrumb":{"@id":"https:\/\/gbb.md\/product\/chacha-oak-supreme-gws\/#breadcrumb"},"inLanguage":"ru-RU","potentialAction":[{"@type":"ReadAction","target":["https:\/\/gbb.md\/product\/chacha-oak-supreme-gws\/"]}]},{"@type":"BreadcrumbList","@id":"https:\/\/gbb.md\/product\/chacha-oak-supreme-gws\/#breadcrumb","itemListElement":[{"@type":"ListItem","position":1,"name":"\u0413\u043b\u0430\u0432\u043d\u0430\u044f \u0441\u0442\u0440\u0430\u043d\u0438\u0446\u0430","item":"https:\/\/gbb.md\/"},{"@type":"ListItem","position":2,"name":"Produse","item":"https:\/\/gbb.md\/shop\/"},{"@type":"ListItem","position":3,"name":"Chacha Oak, Supreme, GWS"}]},{"@type":"WebSite","@id":"https:\/\/gbb.md\/#website","url":"https:\/\/gbb.md\/","name":"GBB","description":"\u042d\u0442\u043e \u043c\u043e\u043b\u043e\u0434\u0430\u044f \u0431\u044b\u0441\u0442\u0440\u043e\u0440\u0430\u0441\u0442\u0443\u0449\u0430\u044f \u043a\u043e\u043c\u043f\u0430\u043d\u0438\u044f, \u0441\u0442\u0430\u0432\u0448\u0430\u044f \u043a\u0440\u0443\u043f\u043d\u0435\u0439\u0448\u0438\u043c \u0432 \u041c\u043e\u043b\u0434\u043e\u0432\u0435 \u043f\u043e\u0441\u0442\u0430\u0432\u0449\u0438\u043a\u043e\u043c \u0441\u0438\u0440\u043e\u043f\u043e\u0432 \u0438 \u043f\u044e\u0440\u0435 \u0434\u043b\u044f \u043d\u0430\u043f\u0438\u0442\u043a\u043e\u0432, \u0447\u0430\u044f, \u043a\u043e\u0444\u0435, \u0441\u043e\u0443\u0441\u043e\u0432, \u0442\u043e\u043d\u0438\u043a\u043e\u0432 \u0438 bubble tea \u043e\u0442 \u0438\u043c\u0435\u043d\u0438\u0442\u044b\u0445 \u043f\u0440\u043e\u0438\u0437\u0432\u043e\u0434\u0438\u0442\u0435\u043b\u0435\u0439.","publisher":{"@id":"https:\/\/gbb.md\/#organization"},"alternateName":"Global Bar Beverages","potentialAction":[{"@type":"SearchAction","target":{"@type":"EntryPoint","urlTemplate":"https:\/\/gbb.md\/?s={search_term_string}"},"query-input":"required name=search_term_string"}],"inLanguage":"ru-RU"},{"@type":"Organization","@id":"https:\/\/gbb.md\/#organization","name":"GBB","alternateName":"Global Bar Beverages","url":"https:\/\/gbb.md\/","logo":{"@type":"ImageObject","inLanguage":"ru-RU","@id":"https:\/\/gbb.md\/#\/schema\/logo\/image\/","url":"https:\/\/gbb.md\/wp-content\/uploads\/2024\/01\/android-chrome-512x512-1.png","contentUrl":"https:\/\/gbb.md\/wp-content\/uploads\/2024\/01\/android-chrome-512x512-1.png","width":512,"height":512,"caption":"GBB"},"image":{"@id":"https:\/\/gbb.md\/#\/schema\/logo\/image\/"},"sameAs":["https:\/\/www.facebook.com\/profile.php?id=61555243232370"]}]}},"_links":{"self":[{"href":"https:\/\/gbb.md\/ru\/wp-json\/wp\/v2\/product\/11035"}],"collection":[{"href":"https:\/\/gbb.md\/ru\/wp-json\/wp\/v2\/product"}],"about":[{"href":"https:\/\/gbb.md\/ru\/wp-json\/wp\/v2\/types\/product"}],"replies":[{"embeddable":true,"href":"https:\/\/gbb.md\/ru\/wp-json\/wp\/v2\/comments?post=11035"}],"wp:featuredmedia":[{"embeddable":true,"href":"https:\/\/gbb.md\/ru\/wp-json\/wp\/v2\/media\/11037"}],"wp:attachment":[{"href":"https:\/\/gbb.md\/ru\/wp-json\/wp\/v2\/media?parent=11035"}],"wp:term":[{"taxonomy":"product_cat","embeddable":true,"href":"https:\/\/gbb.md\/ru\/wp-json\/wp\/v2\/product_cat?post=11035"},{"taxonomy":"product_tag","embeddable":true,"href":"https:\/\/gbb.md\/ru\/wp-json\/wp\/v2\/product_tag?post=11035"}],"curies":[{"name":"wp","href":"https:\/\/api.w.org\/{rel}","templated":true}]}}