{"id":11038,"date":"2025-12-11T18:52:25","date_gmt":"2025-12-11T16:52:25","guid":{"rendered":"https:\/\/gbb.md\/?post_type=product&#038;p=11038"},"modified":"2026-04-09T10:45:57","modified_gmt":"2026-04-09T07:45:57","slug":"chacha-honey-supreme-gws","status":"publish","type":"product","link":"https:\/\/gbb.md\/ru\/product\/chacha-honey-supreme-gws\/","title":{"rendered":"Chacha Honey, Supreme GWS"},"content":{"rendered":"<div id=\"fws_6a048a74ba1f1\"  data-midnight=\"dark\" data-top-percent=\"-30%\"  data-bg-mobile-hidden=\"\" class=\"wpb_row vc_row-fluid vc_row top-level  vc_row-o-equal-height vc_row-flex  vc_row-o-content-middle standard_section\"  style=\"padding-top: calc(100vw * 0.0-30); padding-bottom: 0px;  z-index: 100;\"><div class=\"row-bg-wrap\"><div class=\"inner-wrap\"><div class=\"row-bg\"  style=\"\"><\/div><\/div><div class=\"row-bg-overlay\" ><\/div><\/div><div class=\"col span_12 dark left\">\n\t<div style=\"margin-top: -190px; \" class=\"vc_col-sm-12 wpb_column column_container vc_column_container col neg-marg no-extra-padding\"  data-t-w-inherits=\"default\" data-border-radius=\"none\" data-shadow=\"none\" data-border-animation=\"\" data-border-animation-delay=\"\" data-border-width=\"none\" data-border-style=\"solid\" data-border-color=\"\" data-bg-cover=\"\" data-padding-pos=\"all\" data-has-bg-color=\"false\" data-bg-color=\"\" data-bg-opacity=\"1\" data-hover-bg=\"\" data-hover-bg-opacity=\"1\" data-animation=\"\" data-delay=\"0\"><div class=\"column-bg-overlay\"><\/div>\n\t\t<div class=\"vc_column-inner\">\n\t\t\t<div class=\"wpb_wrapper\">\n\t\t\t\t<div class=\"divider-wrap\" data-alignment=\"default\"><div style=\"height: 70px;\" class=\"divider\"><\/div><\/div><div id=\"ultimate-heading-4256a048a74ba470\" class=\"uvc-heading ult-adjust-bottom-margin ultimate-heading-4256a048a74ba470 uvc-429\" data-hspacer=\"no_spacer\"  data-halign=\"left\" style=\"text-align:left\"><div class=\"uvc-heading-spacer no_spacer\" style=\"top\"><\/div><div class=\"uvc-main-heading ult-responsive\"  data-ultimate-target='.uvc-heading.ultimate-heading-4256a048a74ba470 h2'  data-responsive-json-new='{\"font-size\":\"desktop:28px;\",\"line-height\":\"\"}' ><h2 style=\"font-weight:bold;color:#333333;\">Chacha Honey, Supreme GWS<\/h2><\/div><div class=\"uvc-sub-heading ult-responsive\"  data-ultimate-target='.uvc-heading.ultimate-heading-4256a048a74ba470 .uvc-sub-heading '  data-responsive-json-new='{\"font-size\":\"desktop:18px;\",\"line-height\":\"\"}'  style=\"font-weight:normal;\">\n<div class=\"thoughts-container ng-star-inserted\">\n<div class=\"thoughts-content ng-star-inserted\">\n<div class=\"thoughts-wrapper\">\n<div id=\"xap-auto-id-39\" class=\"model-thoughts ng-tns-c2219222916-265\">\n<div class=\"thoughts-header ng-tns-c2219222916-265\">\n<div id=\"model-response-message-contentr_c28b0a61d42dbdb7\" class=\"markdown markdown-main-panel stronger enable-updated-hr-color\" dir=\"ltr\" aria-live=\"polite\" aria-busy=\"false\">\n<p data-path-to-node=\"0\"><b data-path-to-node=\"0\" data-index-in-node=\"0\">Chacha Honey, Supreme GWS<\/b> este o b\u0103utur\u0103 spirtoas\u0103 premium care \u00eembin\u0103 for\u021ba tradi\u021biei georgiene cu fine\u021bea natural\u0103 a mierii. Produs\u0103 de <b data-path-to-node=\"0\" data-index-in-node=\"138\">GWS (Georgian Wines and Spirits Company)<\/b>, una dintre cele mai vechi \u0219i respectate crame din Georgia, aceast\u0103 variant\u0103 de chacha (grappa georgian\u0103) este creat\u0103 pentru cei care apreciaz\u0103 un distilat puternic, dar cu un final catifelat.<\/p>\n<p data-path-to-node=\"0\">Spre deosebire de chacha clasic\u0103, care poate fi destul de aspr\u0103 pentru palatul neobi\u0219nuit, <b data-path-to-node=\"4\" data-index-in-node=\"91\">Supreme Chacha Honey<\/b> este g\u00e2ndit\u0103 ca o b\u0103utur\u0103 de \u201econfort\u201d. Aceasta este ob\u021binut\u0103 prin distilarea tescovinei de struguri selec\u021biona\u021bi, urmat\u0103 de o infuzare cu miere natural\u0103. Rezultatul este un echilibru interesant: \u201efocul\u201d specific distilatului de struguri este \u00eembl\u00e2nzit de dulcea\u021ba \u0219i aromele florale ale mierii.<\/p>\n<\/div>\n<ul>\n<li>\n<p data-path-to-node=\"10,0,0\"><b data-path-to-node=\"10,0,0\" data-index-in-node=\"0\">Aroma:<\/b> Buchetul se deschide cu note tipice de struguri cop\u021bi \u0219i mosc, peste care se suprapun arome intense de miere poliflor\u0103, cear\u0103 de albine \u0219i u\u0219oare accente de ierburi de c\u00e2mp.<\/p>\n<\/li>\n<li>\n<p data-path-to-node=\"10,1,0\"><b data-path-to-node=\"10,1,0\" data-index-in-node=\"0\">Gustul:<\/b> Atacul este cald \u0219i viguros, dar imediat intervine textura onctuoas\u0103 a mierii. Nu este o b\u0103utur\u0103 excesiv de dulce (nu este un lichior), ci mai degrab\u0103 un distilat sec cu o arom\u0103 bogat\u0103 de miere care rotunje\u0219te marginile aspre ale alcoolului.<\/p>\n<\/li>\n<li>\n<p data-path-to-node=\"10,2,0\"><b data-path-to-node=\"10,2,0\" data-index-in-node=\"0\">Postgust:<\/b> Lung \u0219i reconfortant. Las\u0103 o senza\u021bie de c\u0103ldur\u0103 \u00een piept, cu un ecou persistent de polen \u0219i fructe uscate.<\/p>\n<\/li>\n<\/ul>\n<\/div>\n<\/div>\n<\/div>\n<\/div>\n<\/div>\n<\/div><\/div><div class=\"divider-wrap\" data-alignment=\"default\"><div style=\"height: 25px;\" class=\"divider\"><\/div><\/div>\n\t\t\t<\/div> \n\t\t<\/div>\n\t<\/div> \n<\/div><\/div>\n\t\t<div id=\"fws_6a048a74ba80b\"  data-midnight=\"dark\"  data-bg-mobile-hidden=\"\" class=\"wpb_row vc_row-fluid vc_row standard_section\"  style=\"padding-top: 0px; padding-bottom: 0px; \"><div class=\"row-bg-wrap\"><div class=\"inner-wrap\"><div class=\"row-bg\"  style=\"\"><\/div><\/div><div class=\"row-bg-overlay\" ><\/div><\/div><div class=\"col span_12 dark left\">\n\t<div  class=\"vc_col-sm-12 wpb_column column_container vc_column_container col no-extra-padding\"  data-t-w-inherits=\"default\" data-border-radius=\"none\" data-shadow=\"none\" data-border-animation=\"\" data-border-animation-delay=\"\" data-border-width=\"none\" data-border-style=\"solid\" data-border-color=\"\" data-bg-cover=\"\" data-padding-pos=\"all\" data-has-bg-color=\"false\" data-bg-color=\"\" data-bg-opacity=\"1\" data-hover-bg=\"\" data-hover-bg-opacity=\"1\" data-animation=\"\" data-delay=\"0\"><div class=\"column-bg-overlay\"><\/div>\n\t\t<div class=\"vc_column-inner\">\n\t\t\t<div class=\"wpb_wrapper\">\n\t\t\t\t<div class=\"divider-wrap\" data-alignment=\"default\"><div style=\"height: 100px;\" class=\"divider\"><\/div><\/div>\n\t\t\t<\/div> \n\t\t<\/div>\n\t<\/div> \n<\/div><\/div>","protected":false},"excerpt":{"rendered":"<p>Tip: b\u0103utur\u0103 spirtoas\u0103 tradi\u021bional\u0103 georgian\u0103 \u2013 chacha aromat\u0103 cu miere<br \/>\n\u021aara de origine: Georgia (regiunea Kakheti)<br \/>\nProduc\u0103tor: Georgian Wines &#038; Spirits (GWS)<br \/>\nIngrediente de baz\u0103: distilat de struguri (pomace) cu infuzie de miere<br \/>\nAlcool: ~ 42\u202f% vol.<br \/>\nVolum tipic: 0,7\u202fl<br \/>\nCuloare: transparent\u0103 \/ limpede<br \/>\nProfil aromatic: intens, cu note de miere \u0219i nuan\u021be subtile de fructe \u0219i lemn<br \/>\nGust: dulce\u2011pl\u0103cut, cu nuan\u021be de vin \u0219i miere<br \/>\nTemperatura de servire: 12\u201320\u202f\u00b0C<br \/>\nMod de servire: degustat curat, \u00een por\u021bii mici, ca digestiv sau acompaniament<\/p>","protected":false},"featured_media":11039,"comment_status":"open","ping_status":"closed","template":"","meta":[],"product_cat":[405,404,440,437],"product_tag":[],"yoast_head":"<!-- This site is optimized with the Yoast SEO plugin v20.10 - https:\/\/yoast.com\/wordpress\/plugins\/seo\/ -->\n<title>Chacha Honey, Supreme GWS | Global Bar Beverages<\/title>\n<meta name=\"robots\" content=\"index, follow, max-snippet:-1, max-image-preview:large, max-video-preview:-1\" \/>\n<link rel=\"canonical\" href=\"https:\/\/gbb.md\/ru\/product\/chacha-honey-supreme-gws\/\" \/>\n<meta property=\"og:locale\" content=\"ru_RU\" \/>\n<meta property=\"og:type\" content=\"article\" \/>\n<meta property=\"og:title\" content=\"Chacha Honey, Supreme GWS | Global Bar Beverages\" \/>\n<meta property=\"og:description\" content=\"Tip: b\u0103utur\u0103 spirtoas\u0103 tradi\u021bional\u0103 georgian\u0103 \u2013 chacha aromat\u0103 cu miere \u021aara de origine: Georgia (regiunea Kakheti) Produc\u0103tor: Georgian Wines &amp; Spirits (GWS) Ingrediente de baz\u0103: distilat de struguri (pomace) cu infuzie de miere Alcool: ~ 42\u202f% vol. Volum tipic: 0,7\u202fl Culoare: transparent\u0103 \/ limpede Profil aromatic: intens, cu note de miere \u0219i nuan\u021be subtile de fructe \u0219i lemn Gust: dulce\u2011pl\u0103cut, cu nuan\u021be de vin \u0219i miere Temperatura de servire: 12\u201320\u202f\u00b0C Mod de servire: degustat curat, \u00een por\u021bii mici, ca digestiv sau acompaniament\" \/>\n<meta property=\"og:url\" content=\"https:\/\/gbb.md\/ru\/product\/chacha-honey-supreme-gws\/\" \/>\n<meta property=\"og:site_name\" content=\"Global Bar Beverages\" \/>\n<meta property=\"article:publisher\" content=\"https:\/\/www.facebook.com\/profile.php?id=61555243232370\" \/>\n<meta property=\"article:modified_time\" content=\"2026-04-09T07:45:57+00:00\" \/>\n<meta property=\"og:image\" content=\"https:\/\/gbb.md\/wp-content\/uploads\/2025\/12\/e7fb7e00-87d3-11eb-989f-e1dbf3323805.jpg\" \/>\n\t<meta property=\"og:image:width\" content=\"688\" \/>\n\t<meta property=\"og:image:height\" content=\"704\" \/>\n\t<meta property=\"og:image:type\" content=\"image\/jpeg\" \/>\n<meta name=\"twitter:card\" content=\"summary_large_image\" \/>\n<meta name=\"twitter:label1\" content=\"\u041f\u0440\u0438\u043c\u0435\u0440\u043d\u043e\u0435 \u0432\u0440\u0435\u043c\u044f \u0434\u043b\u044f \u0447\u0442\u0435\u043d\u0438\u044f\" \/>\n\t<meta name=\"twitter:data1\" content=\"2 \u043c\u0438\u043d\u0443\u0442\u044b\" \/>\n<script type=\"application\/ld+json\" class=\"yoast-schema-graph\">{\"@context\":\"https:\/\/schema.org\",\"@graph\":[{\"@type\":\"WebPage\",\"@id\":\"https:\/\/gbb.md\/product\/chacha-honey-supreme-gws\/\",\"url\":\"https:\/\/gbb.md\/product\/chacha-honey-supreme-gws\/\",\"name\":\"Chacha Honey, Supreme GWS | Global Bar Beverages\",\"isPartOf\":{\"@id\":\"https:\/\/gbb.md\/#website\"},\"datePublished\":\"2025-12-11T16:52:25+00:00\",\"dateModified\":\"2026-04-09T07:45:57+00:00\",\"breadcrumb\":{\"@id\":\"https:\/\/gbb.md\/product\/chacha-honey-supreme-gws\/#breadcrumb\"},\"inLanguage\":\"ru-RU\",\"potentialAction\":[{\"@type\":\"ReadAction\",\"target\":[\"https:\/\/gbb.md\/product\/chacha-honey-supreme-gws\/\"]}]},{\"@type\":\"BreadcrumbList\",\"@id\":\"https:\/\/gbb.md\/product\/chacha-honey-supreme-gws\/#breadcrumb\",\"itemListElement\":[{\"@type\":\"ListItem\",\"position\":1,\"name\":\"\u0413\u043b\u0430\u0432\u043d\u0430\u044f \u0441\u0442\u0440\u0430\u043d\u0438\u0446\u0430\",\"item\":\"https:\/\/gbb.md\/\"},{\"@type\":\"ListItem\",\"position\":2,\"name\":\"Produse\",\"item\":\"https:\/\/gbb.md\/shop\/\"},{\"@type\":\"ListItem\",\"position\":3,\"name\":\"Chacha Honey, Supreme GWS\"}]},{\"@type\":\"WebSite\",\"@id\":\"https:\/\/gbb.md\/#website\",\"url\":\"https:\/\/gbb.md\/\",\"name\":\"GBB\",\"description\":\"\u042d\u0442\u043e \u043c\u043e\u043b\u043e\u0434\u0430\u044f \u0431\u044b\u0441\u0442\u0440\u043e\u0440\u0430\u0441\u0442\u0443\u0449\u0430\u044f \u043a\u043e\u043c\u043f\u0430\u043d\u0438\u044f, \u0441\u0442\u0430\u0432\u0448\u0430\u044f \u043a\u0440\u0443\u043f\u043d\u0435\u0439\u0448\u0438\u043c \u0432 \u041c\u043e\u043b\u0434\u043e\u0432\u0435 \u043f\u043e\u0441\u0442\u0430\u0432\u0449\u0438\u043a\u043e\u043c \u0441\u0438\u0440\u043e\u043f\u043e\u0432 \u0438 \u043f\u044e\u0440\u0435 \u0434\u043b\u044f \u043d\u0430\u043f\u0438\u0442\u043a\u043e\u0432, \u0447\u0430\u044f, \u043a\u043e\u0444\u0435, \u0441\u043e\u0443\u0441\u043e\u0432, \u0442\u043e\u043d\u0438\u043a\u043e\u0432 \u0438 bubble tea \u043e\u0442 \u0438\u043c\u0435\u043d\u0438\u0442\u044b\u0445 \u043f\u0440\u043e\u0438\u0437\u0432\u043e\u0434\u0438\u0442\u0435\u043b\u0435\u0439.\",\"publisher\":{\"@id\":\"https:\/\/gbb.md\/#organization\"},\"alternateName\":\"Global Bar Beverages\",\"potentialAction\":[{\"@type\":\"SearchAction\",\"target\":{\"@type\":\"EntryPoint\",\"urlTemplate\":\"https:\/\/gbb.md\/?s={search_term_string}\"},\"query-input\":\"required name=search_term_string\"}],\"inLanguage\":\"ru-RU\"},{\"@type\":\"Organization\",\"@id\":\"https:\/\/gbb.md\/#organization\",\"name\":\"GBB\",\"alternateName\":\"Global Bar Beverages\",\"url\":\"https:\/\/gbb.md\/\",\"logo\":{\"@type\":\"ImageObject\",\"inLanguage\":\"ru-RU\",\"@id\":\"https:\/\/gbb.md\/#\/schema\/logo\/image\/\",\"url\":\"https:\/\/gbb.md\/wp-content\/uploads\/2024\/01\/android-chrome-512x512-1.png\",\"contentUrl\":\"https:\/\/gbb.md\/wp-content\/uploads\/2024\/01\/android-chrome-512x512-1.png\",\"width\":512,\"height\":512,\"caption\":\"GBB\"},\"image\":{\"@id\":\"https:\/\/gbb.md\/#\/schema\/logo\/image\/\"},\"sameAs\":[\"https:\/\/www.facebook.com\/profile.php?id=61555243232370\"]}]}<\/script>\n<!-- \/ Yoast SEO plugin. -->","yoast_head_json":{"title":"Chacha Honey, Supreme GWS | Global Bar Beverages","robots":{"index":"index","follow":"follow","max-snippet":"max-snippet:-1","max-image-preview":"max-image-preview:large","max-video-preview":"max-video-preview:-1"},"canonical":"https:\/\/gbb.md\/ru\/product\/chacha-honey-supreme-gws\/","og_locale":"ru_RU","og_type":"article","og_title":"Chacha Honey, Supreme GWS | Global Bar Beverages","og_description":"Tip: b\u0103utur\u0103 spirtoas\u0103 tradi\u021bional\u0103 georgian\u0103 \u2013 chacha aromat\u0103 cu miere \u021aara de origine: Georgia (regiunea Kakheti) Produc\u0103tor: Georgian Wines & Spirits (GWS) Ingrediente de baz\u0103: distilat de struguri (pomace) cu infuzie de miere Alcool: ~ 42\u202f% vol. Volum tipic: 0,7\u202fl Culoare: transparent\u0103 \/ limpede Profil aromatic: intens, cu note de miere \u0219i nuan\u021be subtile de fructe \u0219i lemn Gust: dulce\u2011pl\u0103cut, cu nuan\u021be de vin \u0219i miere Temperatura de servire: 12\u201320\u202f\u00b0C Mod de servire: degustat curat, \u00een por\u021bii mici, ca digestiv sau acompaniament","og_url":"https:\/\/gbb.md\/ru\/product\/chacha-honey-supreme-gws\/","og_site_name":"Global Bar Beverages","article_publisher":"https:\/\/www.facebook.com\/profile.php?id=61555243232370","article_modified_time":"2026-04-09T07:45:57+00:00","og_image":[{"width":688,"height":704,"url":"https:\/\/gbb.md\/wp-content\/uploads\/2025\/12\/e7fb7e00-87d3-11eb-989f-e1dbf3323805.jpg","type":"image\/jpeg"}],"twitter_card":"summary_large_image","twitter_misc":{"\u041f\u0440\u0438\u043c\u0435\u0440\u043d\u043e\u0435 \u0432\u0440\u0435\u043c\u044f \u0434\u043b\u044f \u0447\u0442\u0435\u043d\u0438\u044f":"2 \u043c\u0438\u043d\u0443\u0442\u044b"},"schema":{"@context":"https:\/\/schema.org","@graph":[{"@type":"WebPage","@id":"https:\/\/gbb.md\/product\/chacha-honey-supreme-gws\/","url":"https:\/\/gbb.md\/product\/chacha-honey-supreme-gws\/","name":"Chacha Honey, Supreme GWS | Global Bar Beverages","isPartOf":{"@id":"https:\/\/gbb.md\/#website"},"datePublished":"2025-12-11T16:52:25+00:00","dateModified":"2026-04-09T07:45:57+00:00","breadcrumb":{"@id":"https:\/\/gbb.md\/product\/chacha-honey-supreme-gws\/#breadcrumb"},"inLanguage":"ru-RU","potentialAction":[{"@type":"ReadAction","target":["https:\/\/gbb.md\/product\/chacha-honey-supreme-gws\/"]}]},{"@type":"BreadcrumbList","@id":"https:\/\/gbb.md\/product\/chacha-honey-supreme-gws\/#breadcrumb","itemListElement":[{"@type":"ListItem","position":1,"name":"\u0413\u043b\u0430\u0432\u043d\u0430\u044f \u0441\u0442\u0440\u0430\u043d\u0438\u0446\u0430","item":"https:\/\/gbb.md\/"},{"@type":"ListItem","position":2,"name":"Produse","item":"https:\/\/gbb.md\/shop\/"},{"@type":"ListItem","position":3,"name":"Chacha Honey, Supreme GWS"}]},{"@type":"WebSite","@id":"https:\/\/gbb.md\/#website","url":"https:\/\/gbb.md\/","name":"GBB","description":"\u042d\u0442\u043e \u043c\u043e\u043b\u043e\u0434\u0430\u044f \u0431\u044b\u0441\u0442\u0440\u043e\u0440\u0430\u0441\u0442\u0443\u0449\u0430\u044f \u043a\u043e\u043c\u043f\u0430\u043d\u0438\u044f, \u0441\u0442\u0430\u0432\u0448\u0430\u044f \u043a\u0440\u0443\u043f\u043d\u0435\u0439\u0448\u0438\u043c \u0432 \u041c\u043e\u043b\u0434\u043e\u0432\u0435 \u043f\u043e\u0441\u0442\u0430\u0432\u0449\u0438\u043a\u043e\u043c \u0441\u0438\u0440\u043e\u043f\u043e\u0432 \u0438 \u043f\u044e\u0440\u0435 \u0434\u043b\u044f \u043d\u0430\u043f\u0438\u0442\u043a\u043e\u0432, \u0447\u0430\u044f, \u043a\u043e\u0444\u0435, \u0441\u043e\u0443\u0441\u043e\u0432, \u0442\u043e\u043d\u0438\u043a\u043e\u0432 \u0438 bubble tea \u043e\u0442 \u0438\u043c\u0435\u043d\u0438\u0442\u044b\u0445 \u043f\u0440\u043e\u0438\u0437\u0432\u043e\u0434\u0438\u0442\u0435\u043b\u0435\u0439.","publisher":{"@id":"https:\/\/gbb.md\/#organization"},"alternateName":"Global Bar Beverages","potentialAction":[{"@type":"SearchAction","target":{"@type":"EntryPoint","urlTemplate":"https:\/\/gbb.md\/?s={search_term_string}"},"query-input":"required name=search_term_string"}],"inLanguage":"ru-RU"},{"@type":"Organization","@id":"https:\/\/gbb.md\/#organization","name":"GBB","alternateName":"Global Bar Beverages","url":"https:\/\/gbb.md\/","logo":{"@type":"ImageObject","inLanguage":"ru-RU","@id":"https:\/\/gbb.md\/#\/schema\/logo\/image\/","url":"https:\/\/gbb.md\/wp-content\/uploads\/2024\/01\/android-chrome-512x512-1.png","contentUrl":"https:\/\/gbb.md\/wp-content\/uploads\/2024\/01\/android-chrome-512x512-1.png","width":512,"height":512,"caption":"GBB"},"image":{"@id":"https:\/\/gbb.md\/#\/schema\/logo\/image\/"},"sameAs":["https:\/\/www.facebook.com\/profile.php?id=61555243232370"]}]}},"_links":{"self":[{"href":"https:\/\/gbb.md\/ru\/wp-json\/wp\/v2\/product\/11038"}],"collection":[{"href":"https:\/\/gbb.md\/ru\/wp-json\/wp\/v2\/product"}],"about":[{"href":"https:\/\/gbb.md\/ru\/wp-json\/wp\/v2\/types\/product"}],"replies":[{"embeddable":true,"href":"https:\/\/gbb.md\/ru\/wp-json\/wp\/v2\/comments?post=11038"}],"wp:featuredmedia":[{"embeddable":true,"href":"https:\/\/gbb.md\/ru\/wp-json\/wp\/v2\/media\/11039"}],"wp:attachment":[{"href":"https:\/\/gbb.md\/ru\/wp-json\/wp\/v2\/media?parent=11038"}],"wp:term":[{"taxonomy":"product_cat","embeddable":true,"href":"https:\/\/gbb.md\/ru\/wp-json\/wp\/v2\/product_cat?post=11038"},{"taxonomy":"product_tag","embeddable":true,"href":"https:\/\/gbb.md\/ru\/wp-json\/wp\/v2\/product_tag?post=11038"}],"curies":[{"name":"wp","href":"https:\/\/api.w.org\/{rel}","templated":true}]}}