{"id":11045,"date":"2025-12-18T17:57:27","date_gmt":"2025-12-18T15:57:27","guid":{"rendered":"https:\/\/gbb.md\/?post_type=product&#038;p=11045"},"modified":"2026-04-08T18:11:25","modified_gmt":"2026-04-08T15:11:25","slug":"camus-ile-de-re-fine-island-vsop","status":"publish","type":"product","link":"https:\/\/gbb.md\/ru\/product\/camus-ile-de-re-fine-island-vsop\/","title":{"rendered":"Camus Ile de Re Fine Island &#8211; VSOP"},"content":{"rendered":"<div id=\"fws_69e32390890ba\"  data-midnight=\"dark\" data-top-percent=\"-30%\"  data-bg-mobile-hidden=\"\" class=\"wpb_row vc_row-fluid vc_row top-level  vc_row-o-equal-height vc_row-flex  vc_row-o-content-middle standard_section\"  style=\"padding-top: calc(100vw * 0.0-30); padding-bottom: 0px;  z-index: 100;\"><div class=\"row-bg-wrap\"><div class=\"inner-wrap\"><div class=\"row-bg\"  style=\"\"><\/div><\/div><div class=\"row-bg-overlay\" ><\/div><\/div><div class=\"col span_12 dark left\">\n\t<div style=\"margin-top: -190px; \" class=\"vc_col-sm-12 wpb_column column_container vc_column_container col neg-marg no-extra-padding\"  data-t-w-inherits=\"default\" data-border-radius=\"none\" data-shadow=\"none\" data-border-animation=\"\" data-border-animation-delay=\"\" data-border-width=\"none\" data-border-style=\"solid\" data-border-color=\"\" data-bg-cover=\"\" data-padding-pos=\"all\" data-has-bg-color=\"false\" data-bg-color=\"\" data-bg-opacity=\"1\" data-hover-bg=\"\" data-hover-bg-opacity=\"1\" data-animation=\"\" data-delay=\"0\"><div class=\"column-bg-overlay\"><\/div>\n\t\t<div class=\"vc_column-inner\">\n\t\t\t<div class=\"wpb_wrapper\">\n\t\t\t\t<div class=\"divider-wrap\" data-alignment=\"default\"><div style=\"height: 70px;\" class=\"divider\"><\/div><\/div><div id=\"ultimate-heading-428269e3239089318\" class=\"uvc-heading ult-adjust-bottom-margin ultimate-heading-428269e3239089318 uvc-8703\" data-hspacer=\"no_spacer\"  data-halign=\"left\" style=\"text-align:left\"><div class=\"uvc-heading-spacer no_spacer\" style=\"top\"><\/div><div class=\"uvc-main-heading ult-responsive\"  data-ultimate-target='.uvc-heading.ultimate-heading-428269e3239089318 h2'  data-responsive-json-new='{\"font-size\":\"desktop:28px;\",\"line-height\":\"\"}' ><h2 style=\"font-weight:bold;color:#333333;\">Camus Ile de Re Fine Island - VSOP<\/h2><\/div><div class=\"uvc-sub-heading ult-responsive\"  data-ultimate-target='.uvc-heading.ultimate-heading-428269e3239089318 .uvc-sub-heading '  data-responsive-json-new='{\"font-size\":\"desktop:18px;\",\"line-height\":\"\"}'  style=\"font-weight:normal;\">\n<p data-start=\"804\" data-end=\"1124\"><em data-start=\"804\" data-end=\"833\">Camus \u00cele de R\u00e9 Fine Island<\/em> este un cognac distinctiv produs de casa <strong data-start=\"875\" data-end=\"884\">Camus<\/strong>, care se remarc\u0103 prin influen\u021ba <strong data-start=\"917\" data-end=\"941\">terroir-ului insular<\/strong> al insulei \u00cele de R\u00e9. Climatul oceanic, solurile nisipo-calcaroase \u0219i aerul s\u0103rat confer\u0103 strugurilor caracteristici speciale, reflectate ulterior \u00een profilul aromatic al cognacului.<\/p>\n<p data-start=\"1126\" data-end=\"1569\">B\u0103utura este maturat\u0103 timp de cel pu\u021bin <strong data-start=\"1166\" data-end=\"1209\">doi ani \u00een butoaie de stejar fran\u021buzesc<\/strong>, dezvolt\u00e2nd o culoare aurie elegant\u0103 \u0219i o structur\u0103 bine echilibrat\u0103. La nivel olfactiv, se disting <strong data-start=\"1310\" data-end=\"1344\">arome de fructe albe proaspete<\/strong>, completate de note fine de <strong data-start=\"1373\" data-end=\"1407\">caramel, migdale \u0219i condimente<\/strong>. Gustul este rotund \u0219i armonios, cu o <strong data-start=\"1446\" data-end=\"1470\">mineralitate subtil\u0103<\/strong> \u0219i o u\u0219oar\u0103 not\u0103 marin\u0103, care diferen\u021biaz\u0103 acest cognac de expresiile clasice din regiunea Cognac.<\/p>\n<p data-start=\"1571\" data-end=\"1870\">Datorit\u0103 caracterului s\u0103u proasp\u0103t \u0219i echilibrat, <em data-start=\"1621\" data-end=\"1650\">Camus \u00cele de R\u00e9 Fine Island<\/em> poate fi savurat <strong data-start=\"1668\" data-end=\"1696\">ca aperitiv sau digestiv<\/strong>, servit simplu, cu ghea\u021b\u0103 sau utilizat \u00een cocktailuri elegante. Este o alegere ideal\u0103 pentru cei care caut\u0103 un cognac cu personalitate aparte \u0219i influen\u021be maritime delicate.<\/p>\n<\/div><\/div><div class=\"divider-wrap\" data-alignment=\"default\"><div style=\"height: 25px;\" class=\"divider\"><\/div><\/div>\n\t\t\t<\/div> \n\t\t<\/div>\n\t<\/div> \n<\/div><\/div>\n\t\t<div id=\"fws_69e32390896b6\"  data-midnight=\"dark\"  data-bg-mobile-hidden=\"\" class=\"wpb_row vc_row-fluid vc_row standard_section\"  style=\"padding-top: 0px; padding-bottom: 0px; \"><div class=\"row-bg-wrap\"><div class=\"inner-wrap\"><div class=\"row-bg\"  style=\"\"><\/div><\/div><div class=\"row-bg-overlay\" ><\/div><\/div><div class=\"col span_12 dark left\">\n\t<div  class=\"vc_col-sm-12 wpb_column column_container vc_column_container col no-extra-padding\"  data-t-w-inherits=\"default\" data-border-radius=\"none\" data-shadow=\"none\" data-border-animation=\"\" data-border-animation-delay=\"\" data-border-width=\"none\" data-border-style=\"solid\" data-border-color=\"\" data-bg-cover=\"\" data-padding-pos=\"all\" data-has-bg-color=\"false\" data-bg-color=\"\" data-bg-opacity=\"1\" data-hover-bg=\"\" data-hover-bg-opacity=\"1\" data-animation=\"\" data-delay=\"0\"><div class=\"column-bg-overlay\"><\/div>\n\t\t<div class=\"vc_column-inner\">\n\t\t\t<div class=\"wpb_wrapper\">\n\t\t\t\t<div class=\"divider-wrap\" data-alignment=\"default\"><div style=\"height: 100px;\" class=\"divider\"><\/div><\/div>\n\t\t\t<\/div> \n\t\t<\/div>\n\t<\/div> \n<\/div><\/div>","protected":false},"excerpt":{"rendered":"<ul>\n<li data-start=\"233\" data-end=\"289\">\n<p data-start=\"235\" data-end=\"289\"><strong data-start=\"235\" data-end=\"243\">Tip:<\/strong> Cognac fran\u021buzesc (spirit din vin distilat)<\/p>\n<\/li>\n<li data-start=\"290\" data-end=\"310\">\n<p data-start=\"292\" data-end=\"310\"><strong data-start=\"292\" data-end=\"302\">Brand:<\/strong> Camus<\/p>\n<\/li>\n<li data-start=\"311\" data-end=\"378\">\n<p data-start=\"313\" data-end=\"378\"><strong data-start=\"313\" data-end=\"333\">\u021aara de origine:<\/strong> Fran\u021ba (insula \u00cele de R\u00e9, regiunea Cognac)<\/p>\n<\/li>\n<li data-start=\"379\" data-end=\"490\">\n<p data-start=\"381\" data-end=\"490\"><strong data-start=\"381\" data-end=\"405\">Ingrediente de baz\u0103:<\/strong> distilat de vin f\u0103cut din struguri (\u00een principal Ugni Blanc; posibil \u0219i Colombard)<\/p>\n<\/li>\n<li data-start=\"491\" data-end=\"556\">\n<p data-start=\"493\" data-end=\"556\"><strong data-start=\"493\" data-end=\"506\">Maturare:<\/strong> minim <strong data-start=\"513\" data-end=\"522\">2 ani<\/strong> \u00een butoaie de stejar fran\u021buzesc<\/p>\n<\/li>\n<li data-start=\"557\" data-end=\"586\">\n<p data-start=\"559\" data-end=\"586\"><strong data-start=\"559\" data-end=\"570\">Alcool:<\/strong> <strong data-start=\"571\" data-end=\"584\">40 % vol.<\/strong><\/p>\n<\/li>\n<li data-start=\"587\" data-end=\"617\">\n<p data-start=\"589\" data-end=\"617\"><strong data-start=\"589\" data-end=\"599\">Volum:<\/strong> tipic <strong data-start=\"606\" data-end=\"615\">0,7 l<\/strong><\/p>\n<\/li>\n<li data-start=\"618\" data-end=\"665\">\n<p data-start=\"620\" data-end=\"665\"><strong data-start=\"620\" data-end=\"632\">Culoare:<\/strong> auriu intens cu reflexii ambr\u0103<\/p>\n<\/li>\n<li data-start=\"666\" data-end=\"786\">\n<p data-start=\"668\" data-end=\"786\"><strong data-start=\"668\" data-end=\"688\">Profil aromatic:<\/strong> fructe albe (piersic\u0103, caise), note <strong data-start=\"725\" data-end=\"744\">marine\/minerale<\/strong>, caramel, migdale, scor\u021bi\u0219oar\u0103 \u0219i cacao<\/p>\n<\/li>\n<li data-start=\"787\" data-end=\"860\">\n<p data-start=\"789\" data-end=\"860\"><strong data-start=\"789\" data-end=\"798\">Gust:<\/strong> echilibrat, cu fructe proaspete \u0219i accente minerale subtile<\/p>\n<\/li>\n<li data-start=\"861\" data-end=\"918\">\n<p data-start=\"863\" data-end=\"918\"><strong data-start=\"863\" data-end=\"882\">Mod de servire:<\/strong> pur, cu ghea\u021b\u0103 sau \u00een cocktailuri<\/p>\n<\/li>\n<\/ul>","protected":false},"featured_media":11046,"comment_status":"open","ping_status":"closed","template":"","meta":[],"product_cat":[405,441,404,442],"product_tag":[],"yoast_head":"<!-- This site is optimized with the Yoast SEO plugin v20.10 - https:\/\/yoast.com\/wordpress\/plugins\/seo\/ -->\n<title>Camus Ile de Re Fine Island - VSOP | Global Bar Beverages<\/title>\n<meta name=\"robots\" content=\"index, follow, max-snippet:-1, max-image-preview:large, max-video-preview:-1\" \/>\n<link rel=\"canonical\" href=\"https:\/\/gbb.md\/ru\/product\/camus-ile-de-re-fine-island-vsop\/\" \/>\n<meta property=\"og:locale\" content=\"ru_RU\" \/>\n<meta property=\"og:type\" content=\"article\" \/>\n<meta property=\"og:title\" content=\"Camus Ile de Re Fine Island - VSOP | Global Bar Beverages\" \/>\n<meta property=\"og:description\" content=\"Tip: Cognac fran\u021buzesc (spirit din vin distilat)    Brand: Camus    \u021aara de origine: Fran\u021ba (insula \u00cele de R\u00e9, regiunea Cognac)    Ingrediente de baz\u0103: distilat de vin f\u0103cut din struguri (\u00een principal Ugni Blanc; posibil \u0219i Colombard)    Maturare: minim 2 ani \u00een butoaie de stejar fran\u021buzesc    Alcool: 40 % vol.    Volum: tipic 0,7 l    Culoare: auriu intens cu reflexii ambr\u0103    Profil aromatic: fructe albe (piersic\u0103, caise), note marine\/minerale, caramel, migdale, scor\u021bi\u0219oar\u0103 \u0219i cacao    Gust: echilibrat, cu fructe proaspete \u0219i accente minerale subtile    Mod de servire: pur, cu ghea\u021b\u0103 sau \u00een cocktailuri\" \/>\n<meta property=\"og:url\" content=\"https:\/\/gbb.md\/ru\/product\/camus-ile-de-re-fine-island-vsop\/\" \/>\n<meta property=\"og:site_name\" content=\"Global Bar Beverages\" \/>\n<meta property=\"article:publisher\" content=\"https:\/\/www.facebook.com\/profile.php?id=61555243232370\" \/>\n<meta property=\"article:modified_time\" content=\"2026-04-08T15:11:25+00:00\" \/>\n<meta property=\"og:image\" content=\"https:\/\/gbb.md\/wp-content\/uploads\/2025\/12\/df93f03d5f18a659129075bcb6523796.png\" \/>\n\t<meta property=\"og:image:width\" content=\"643\" \/>\n\t<meta property=\"og:image:height\" content=\"700\" \/>\n\t<meta property=\"og:image:type\" content=\"image\/png\" \/>\n<meta name=\"twitter:card\" content=\"summary_large_image\" \/>\n<meta name=\"twitter:label1\" content=\"\u041f\u0440\u0438\u043c\u0435\u0440\u043d\u043e\u0435 \u0432\u0440\u0435\u043c\u044f \u0434\u043b\u044f \u0447\u0442\u0435\u043d\u0438\u044f\" \/>\n\t<meta name=\"twitter:data1\" content=\"2 \u043c\u0438\u043d\u0443\u0442\u044b\" \/>\n<script type=\"application\/ld+json\" class=\"yoast-schema-graph\">{\"@context\":\"https:\/\/schema.org\",\"@graph\":[{\"@type\":\"WebPage\",\"@id\":\"https:\/\/gbb.md\/product\/camus-ile-de-re-fine-island-vsop\/\",\"url\":\"https:\/\/gbb.md\/product\/camus-ile-de-re-fine-island-vsop\/\",\"name\":\"Camus Ile de Re Fine Island - VSOP | Global Bar Beverages\",\"isPartOf\":{\"@id\":\"https:\/\/gbb.md\/#website\"},\"datePublished\":\"2025-12-18T15:57:27+00:00\",\"dateModified\":\"2026-04-08T15:11:25+00:00\",\"breadcrumb\":{\"@id\":\"https:\/\/gbb.md\/product\/camus-ile-de-re-fine-island-vsop\/#breadcrumb\"},\"inLanguage\":\"ru-RU\",\"potentialAction\":[{\"@type\":\"ReadAction\",\"target\":[\"https:\/\/gbb.md\/product\/camus-ile-de-re-fine-island-vsop\/\"]}]},{\"@type\":\"BreadcrumbList\",\"@id\":\"https:\/\/gbb.md\/product\/camus-ile-de-re-fine-island-vsop\/#breadcrumb\",\"itemListElement\":[{\"@type\":\"ListItem\",\"position\":1,\"name\":\"\u0413\u043b\u0430\u0432\u043d\u0430\u044f \u0441\u0442\u0440\u0430\u043d\u0438\u0446\u0430\",\"item\":\"https:\/\/gbb.md\/\"},{\"@type\":\"ListItem\",\"position\":2,\"name\":\"Produse\",\"item\":\"https:\/\/gbb.md\/shop\/\"},{\"@type\":\"ListItem\",\"position\":3,\"name\":\"Camus Ile de Re Fine Island &#8212; VSOP\"}]},{\"@type\":\"WebSite\",\"@id\":\"https:\/\/gbb.md\/#website\",\"url\":\"https:\/\/gbb.md\/\",\"name\":\"GBB\",\"description\":\"\u042d\u0442\u043e \u043c\u043e\u043b\u043e\u0434\u0430\u044f \u0431\u044b\u0441\u0442\u0440\u043e\u0440\u0430\u0441\u0442\u0443\u0449\u0430\u044f \u043a\u043e\u043c\u043f\u0430\u043d\u0438\u044f, \u0441\u0442\u0430\u0432\u0448\u0430\u044f \u043a\u0440\u0443\u043f\u043d\u0435\u0439\u0448\u0438\u043c \u0432 \u041c\u043e\u043b\u0434\u043e\u0432\u0435 \u043f\u043e\u0441\u0442\u0430\u0432\u0449\u0438\u043a\u043e\u043c \u0441\u0438\u0440\u043e\u043f\u043e\u0432 \u0438 \u043f\u044e\u0440\u0435 \u0434\u043b\u044f \u043d\u0430\u043f\u0438\u0442\u043a\u043e\u0432, \u0447\u0430\u044f, \u043a\u043e\u0444\u0435, \u0441\u043e\u0443\u0441\u043e\u0432, \u0442\u043e\u043d\u0438\u043a\u043e\u0432 \u0438 bubble tea \u043e\u0442 \u0438\u043c\u0435\u043d\u0438\u0442\u044b\u0445 \u043f\u0440\u043e\u0438\u0437\u0432\u043e\u0434\u0438\u0442\u0435\u043b\u0435\u0439.\",\"publisher\":{\"@id\":\"https:\/\/gbb.md\/#organization\"},\"alternateName\":\"Global Bar Beverages\",\"potentialAction\":[{\"@type\":\"SearchAction\",\"target\":{\"@type\":\"EntryPoint\",\"urlTemplate\":\"https:\/\/gbb.md\/?s={search_term_string}\"},\"query-input\":\"required name=search_term_string\"}],\"inLanguage\":\"ru-RU\"},{\"@type\":\"Organization\",\"@id\":\"https:\/\/gbb.md\/#organization\",\"name\":\"GBB\",\"alternateName\":\"Global Bar Beverages\",\"url\":\"https:\/\/gbb.md\/\",\"logo\":{\"@type\":\"ImageObject\",\"inLanguage\":\"ru-RU\",\"@id\":\"https:\/\/gbb.md\/#\/schema\/logo\/image\/\",\"url\":\"https:\/\/gbb.md\/wp-content\/uploads\/2024\/01\/android-chrome-512x512-1.png\",\"contentUrl\":\"https:\/\/gbb.md\/wp-content\/uploads\/2024\/01\/android-chrome-512x512-1.png\",\"width\":512,\"height\":512,\"caption\":\"GBB\"},\"image\":{\"@id\":\"https:\/\/gbb.md\/#\/schema\/logo\/image\/\"},\"sameAs\":[\"https:\/\/www.facebook.com\/profile.php?id=61555243232370\"]}]}<\/script>\n<!-- \/ Yoast SEO plugin. -->","yoast_head_json":{"title":"Camus Ile de Re Fine Island - VSOP | Global Bar Beverages","robots":{"index":"index","follow":"follow","max-snippet":"max-snippet:-1","max-image-preview":"max-image-preview:large","max-video-preview":"max-video-preview:-1"},"canonical":"https:\/\/gbb.md\/ru\/product\/camus-ile-de-re-fine-island-vsop\/","og_locale":"ru_RU","og_type":"article","og_title":"Camus Ile de Re Fine Island - VSOP | Global Bar Beverages","og_description":"Tip: Cognac fran\u021buzesc (spirit din vin distilat)    Brand: Camus    \u021aara de origine: Fran\u021ba (insula \u00cele de R\u00e9, regiunea Cognac)    Ingrediente de baz\u0103: distilat de vin f\u0103cut din struguri (\u00een principal Ugni Blanc; posibil \u0219i Colombard)    Maturare: minim 2 ani \u00een butoaie de stejar fran\u021buzesc    Alcool: 40 % vol.    Volum: tipic 0,7 l    Culoare: auriu intens cu reflexii ambr\u0103    Profil aromatic: fructe albe (piersic\u0103, caise), note marine\/minerale, caramel, migdale, scor\u021bi\u0219oar\u0103 \u0219i cacao    Gust: echilibrat, cu fructe proaspete \u0219i accente minerale subtile    Mod de servire: pur, cu ghea\u021b\u0103 sau \u00een cocktailuri","og_url":"https:\/\/gbb.md\/ru\/product\/camus-ile-de-re-fine-island-vsop\/","og_site_name":"Global Bar Beverages","article_publisher":"https:\/\/www.facebook.com\/profile.php?id=61555243232370","article_modified_time":"2026-04-08T15:11:25+00:00","og_image":[{"width":643,"height":700,"url":"https:\/\/gbb.md\/wp-content\/uploads\/2025\/12\/df93f03d5f18a659129075bcb6523796.png","type":"image\/png"}],"twitter_card":"summary_large_image","twitter_misc":{"\u041f\u0440\u0438\u043c\u0435\u0440\u043d\u043e\u0435 \u0432\u0440\u0435\u043c\u044f \u0434\u043b\u044f \u0447\u0442\u0435\u043d\u0438\u044f":"2 \u043c\u0438\u043d\u0443\u0442\u044b"},"schema":{"@context":"https:\/\/schema.org","@graph":[{"@type":"WebPage","@id":"https:\/\/gbb.md\/product\/camus-ile-de-re-fine-island-vsop\/","url":"https:\/\/gbb.md\/product\/camus-ile-de-re-fine-island-vsop\/","name":"Camus Ile de Re Fine Island - VSOP | Global Bar Beverages","isPartOf":{"@id":"https:\/\/gbb.md\/#website"},"datePublished":"2025-12-18T15:57:27+00:00","dateModified":"2026-04-08T15:11:25+00:00","breadcrumb":{"@id":"https:\/\/gbb.md\/product\/camus-ile-de-re-fine-island-vsop\/#breadcrumb"},"inLanguage":"ru-RU","potentialAction":[{"@type":"ReadAction","target":["https:\/\/gbb.md\/product\/camus-ile-de-re-fine-island-vsop\/"]}]},{"@type":"BreadcrumbList","@id":"https:\/\/gbb.md\/product\/camus-ile-de-re-fine-island-vsop\/#breadcrumb","itemListElement":[{"@type":"ListItem","position":1,"name":"\u0413\u043b\u0430\u0432\u043d\u0430\u044f \u0441\u0442\u0440\u0430\u043d\u0438\u0446\u0430","item":"https:\/\/gbb.md\/"},{"@type":"ListItem","position":2,"name":"Produse","item":"https:\/\/gbb.md\/shop\/"},{"@type":"ListItem","position":3,"name":"Camus Ile de Re Fine Island &#8212; VSOP"}]},{"@type":"WebSite","@id":"https:\/\/gbb.md\/#website","url":"https:\/\/gbb.md\/","name":"GBB","description":"\u042d\u0442\u043e \u043c\u043e\u043b\u043e\u0434\u0430\u044f \u0431\u044b\u0441\u0442\u0440\u043e\u0440\u0430\u0441\u0442\u0443\u0449\u0430\u044f \u043a\u043e\u043c\u043f\u0430\u043d\u0438\u044f, \u0441\u0442\u0430\u0432\u0448\u0430\u044f \u043a\u0440\u0443\u043f\u043d\u0435\u0439\u0448\u0438\u043c \u0432 \u041c\u043e\u043b\u0434\u043e\u0432\u0435 \u043f\u043e\u0441\u0442\u0430\u0432\u0449\u0438\u043a\u043e\u043c \u0441\u0438\u0440\u043e\u043f\u043e\u0432 \u0438 \u043f\u044e\u0440\u0435 \u0434\u043b\u044f \u043d\u0430\u043f\u0438\u0442\u043a\u043e\u0432, \u0447\u0430\u044f, \u043a\u043e\u0444\u0435, \u0441\u043e\u0443\u0441\u043e\u0432, \u0442\u043e\u043d\u0438\u043a\u043e\u0432 \u0438 bubble tea \u043e\u0442 \u0438\u043c\u0435\u043d\u0438\u0442\u044b\u0445 \u043f\u0440\u043e\u0438\u0437\u0432\u043e\u0434\u0438\u0442\u0435\u043b\u0435\u0439.","publisher":{"@id":"https:\/\/gbb.md\/#organization"},"alternateName":"Global Bar Beverages","potentialAction":[{"@type":"SearchAction","target":{"@type":"EntryPoint","urlTemplate":"https:\/\/gbb.md\/?s={search_term_string}"},"query-input":"required name=search_term_string"}],"inLanguage":"ru-RU"},{"@type":"Organization","@id":"https:\/\/gbb.md\/#organization","name":"GBB","alternateName":"Global Bar Beverages","url":"https:\/\/gbb.md\/","logo":{"@type":"ImageObject","inLanguage":"ru-RU","@id":"https:\/\/gbb.md\/#\/schema\/logo\/image\/","url":"https:\/\/gbb.md\/wp-content\/uploads\/2024\/01\/android-chrome-512x512-1.png","contentUrl":"https:\/\/gbb.md\/wp-content\/uploads\/2024\/01\/android-chrome-512x512-1.png","width":512,"height":512,"caption":"GBB"},"image":{"@id":"https:\/\/gbb.md\/#\/schema\/logo\/image\/"},"sameAs":["https:\/\/www.facebook.com\/profile.php?id=61555243232370"]}]}},"_links":{"self":[{"href":"https:\/\/gbb.md\/ru\/wp-json\/wp\/v2\/product\/11045"}],"collection":[{"href":"https:\/\/gbb.md\/ru\/wp-json\/wp\/v2\/product"}],"about":[{"href":"https:\/\/gbb.md\/ru\/wp-json\/wp\/v2\/types\/product"}],"replies":[{"embeddable":true,"href":"https:\/\/gbb.md\/ru\/wp-json\/wp\/v2\/comments?post=11045"}],"wp:featuredmedia":[{"embeddable":true,"href":"https:\/\/gbb.md\/ru\/wp-json\/wp\/v2\/media\/11046"}],"wp:attachment":[{"href":"https:\/\/gbb.md\/ru\/wp-json\/wp\/v2\/media?parent=11045"}],"wp:term":[{"taxonomy":"product_cat","embeddable":true,"href":"https:\/\/gbb.md\/ru\/wp-json\/wp\/v2\/product_cat?post=11045"},{"taxonomy":"product_tag","embeddable":true,"href":"https:\/\/gbb.md\/ru\/wp-json\/wp\/v2\/product_tag?post=11045"}],"curies":[{"name":"wp","href":"https:\/\/api.w.org\/{rel}","templated":true}]}}