{"id":11048,"date":"2025-12-18T18:03:23","date_gmt":"2025-12-18T16:03:23","guid":{"rendered":"https:\/\/gbb.md\/?post_type=product&#038;p=11048"},"modified":"2025-12-18T18:04:08","modified_gmt":"2025-12-18T16:04:08","slug":"rum-barcelo-anejo","status":"publish","type":"product","link":"https:\/\/gbb.md\/ru\/product\/rum-barcelo-anejo\/","title":{"rendered":"Rum Barcel\u00f3 A\u00f1ejo"},"content":{"rendered":"<div id=\"fws_69e175fa4cf76\"  data-midnight=\"dark\" data-top-percent=\"-30%\"  data-bg-mobile-hidden=\"\" class=\"wpb_row vc_row-fluid vc_row top-level  vc_row-o-equal-height vc_row-flex  vc_row-o-content-middle standard_section\"  style=\"padding-top: calc(100vw * 0.0-30); padding-bottom: 0px;  z-index: 100;\"><div class=\"row-bg-wrap\"><div class=\"inner-wrap\"><div class=\"row-bg\"  style=\"\"><\/div><\/div><div class=\"row-bg-overlay\" ><\/div><\/div><div class=\"col span_12 dark left\">\n\t<div style=\"margin-top: -190px; \" class=\"vc_col-sm-12 wpb_column column_container vc_column_container col neg-marg no-extra-padding\"  data-t-w-inherits=\"default\" data-border-radius=\"none\" data-shadow=\"none\" data-border-animation=\"\" data-border-animation-delay=\"\" data-border-width=\"none\" data-border-style=\"solid\" data-border-color=\"\" data-bg-cover=\"\" data-padding-pos=\"all\" data-has-bg-color=\"false\" data-bg-color=\"\" data-bg-opacity=\"1\" data-hover-bg=\"\" data-hover-bg-opacity=\"1\" data-animation=\"\" data-delay=\"0\"><div class=\"column-bg-overlay\"><\/div>\n\t\t<div class=\"vc_column-inner\">\n\t\t\t<div class=\"wpb_wrapper\">\n\t\t\t\t<div class=\"divider-wrap\" data-alignment=\"default\"><div style=\"height: 70px;\" class=\"divider\"><\/div><\/div><div id=\"ultimate-heading-969169e175fa4d215\" class=\"uvc-heading ult-adjust-bottom-margin ultimate-heading-969169e175fa4d215 uvc-2392\" data-hspacer=\"no_spacer\"  data-halign=\"left\" style=\"text-align:left\"><div class=\"uvc-heading-spacer no_spacer\" style=\"top\"><\/div><div class=\"uvc-main-heading ult-responsive\"  data-ultimate-target='.uvc-heading.ultimate-heading-969169e175fa4d215 h2'  data-responsive-json-new='{\"font-size\":\"desktop:28px;\",\"line-height\":\"\"}' ><h2 style=\"font-weight:bold;color:#333333;\">Rum Barcel\u00f3 A\u00f1ejo<\/h2><\/div><div class=\"uvc-sub-heading ult-responsive\"  data-ultimate-target='.uvc-heading.ultimate-heading-969169e175fa4d215 .uvc-sub-heading '  data-responsive-json-new='{\"font-size\":\"desktop:18px;\",\"line-height\":\"\"}'  style=\"font-weight:normal;\">\n<p data-start=\"919\" data-end=\"1306\"><em data-start=\"919\" data-end=\"938\">Ron Barcel\u00f3 A\u00f1ejo<\/em> este un rom dominican de calitate, produs de casa <strong data-start=\"989\" data-end=\"1004\">Ron Barcel\u00f3<\/strong>, una dintre cele mai mari \u0219i recunoscute distilerii din Republica Dominican\u0103. Acest rom face parte din categoria <strong data-start=\"1118\" data-end=\"1127\">a\u00f1ejo<\/strong> (\u201c\u00eemb\u0103tr\u00e2nit\u201d), ceea ce \u00eenseamn\u0103 c\u0103 a fost maturat timp \u00eendelungat \u00een butoaie de stejar \u2014 de obicei \u00eentre <strong data-start=\"1234\" data-end=\"1248\">3 \u0219i 5 ani<\/strong> \u2014 pentru a dezvolta arome complexe \u0219i o structur\u0103 bogat\u0103.<\/p>\n<p data-start=\"1308\" data-end=\"1624\">Romul este ob\u021binut din <strong data-start=\"1331\" data-end=\"1358\">suc de trestie de zah\u0103r<\/strong>, nu din melas\u0103, ceea ce \u00eei confer\u0103 o dulcea\u021b\u0103 natural\u0103 \u0219i o fine\u021be distinct\u0103. Maturarea \u00een stejar aduce note profunde de <strong data-start=\"1480\" data-end=\"1533\">vanilie, caramel, lemn pr\u0103jit \u0219i condimente dulci<\/strong>, \u00een timp ce fructele confiate \u0219i nuan\u021bele aromatice subtile completeaz\u0103 profilul gustativ.<\/p>\n<p data-start=\"1626\" data-end=\"1854\">\u00cen pahar, <em data-start=\"1636\" data-end=\"1651\">Barcel\u00f3 A\u00f1ejo<\/em> impresioneaz\u0103 prin <strong data-start=\"1671\" data-end=\"1697\">culoarea aurie \u00eenchis\u0103<\/strong> \u0219i un buchet olfactiv pl\u0103cut, cu accente dulci \u0219i calde. La degustare, gustul este <strong data-start=\"1781\" data-end=\"1817\">bogat, rotund \u0219i bine echilibrat<\/strong>, cu un final persistent \u0219i armonios.<\/p>\n<p data-start=\"1856\" data-end=\"2183\">Acest rom este versatil: poate fi savurat <strong data-start=\"1898\" data-end=\"1908\">simplu<\/strong>, cu <strong data-start=\"1913\" data-end=\"1923\">ghea\u021b\u0103<\/strong>, \u00eentr-un pahar de tip \u201cold fashion\u201d, sau folosit ca baz\u0103 pentru <strong data-start=\"1988\" data-end=\"2011\">cocktailuri clasice<\/strong> precum <em data-start=\"2019\" data-end=\"2034\">Old Fashioned<\/em>, <em data-start=\"2036\" data-end=\"2048\">Rum &amp; Cola<\/em>, <em data-start=\"2050\" data-end=\"2059\">Mai Tai<\/em> sau <em data-start=\"2064\" data-end=\"2074\">Daiquiri<\/em>. Datorit\u0103 complexit\u0103\u021bii sale, este potrivit at\u00e2t pentru consumul de zi cu zi, c\u00e2t \u0219i pentru ocazii speciale.<\/p>\n<p data-start=\"2185\" data-end=\"2369\"><em data-start=\"2185\" data-end=\"2204\">Ron Barcel\u00f3 A\u00f1ejo<\/em> este apreciat pentru calitatea sa constant\u0103, echilibrul aromelor \u0219i profilul prietenos, care \u00eel fac u\u0219or de b\u0103ut chiar \u0219i pentru cei care descoper\u0103 romul maturat.<\/p>\n<\/div><\/div><div class=\"divider-wrap\" data-alignment=\"default\"><div style=\"height: 25px;\" class=\"divider\"><\/div><\/div>\n\t\t\t<\/div> \n\t\t<\/div>\n\t<\/div> \n<\/div><\/div>\n\t\t<div id=\"fws_69e175fa4d515\"  data-midnight=\"dark\"  data-bg-mobile-hidden=\"\" class=\"wpb_row vc_row-fluid vc_row standard_section\"  style=\"padding-top: 0px; padding-bottom: 0px; \"><div class=\"row-bg-wrap\"><div class=\"inner-wrap\"><div class=\"row-bg\"  style=\"\"><\/div><\/div><div class=\"row-bg-overlay\" ><\/div><\/div><div class=\"col span_12 dark left\">\n\t<div  class=\"vc_col-sm-12 wpb_column column_container vc_column_container col no-extra-padding\"  data-t-w-inherits=\"default\" data-border-radius=\"none\" data-shadow=\"none\" data-border-animation=\"\" data-border-animation-delay=\"\" data-border-width=\"none\" data-border-style=\"solid\" data-border-color=\"\" data-bg-cover=\"\" data-padding-pos=\"all\" data-has-bg-color=\"false\" data-bg-color=\"\" data-bg-opacity=\"1\" data-hover-bg=\"\" data-hover-bg-opacity=\"1\" data-animation=\"\" data-delay=\"0\"><div class=\"column-bg-overlay\"><\/div>\n\t\t<div class=\"vc_column-inner\">\n\t\t\t<div class=\"wpb_wrapper\">\n\t\t\t\t<div class=\"divider-wrap\" data-alignment=\"default\"><div style=\"height: 100px;\" class=\"divider\"><\/div><\/div>\n\t\t\t<\/div> \n\t\t<\/div>\n\t<\/div> \n<\/div><\/div>","protected":false},"excerpt":{"rendered":"<ul>\n<li data-start=\"204\" data-end=\"243\">\n<p data-start=\"206\" data-end=\"243\"><strong data-start=\"206\" data-end=\"214\">Tip:<\/strong> <strong data-start=\"215\" data-end=\"241\">rom dominican \u00eenvechit<\/strong><\/p>\n<\/li>\n<li data-start=\"244\" data-end=\"270\">\n<p data-start=\"246\" data-end=\"270\"><strong data-start=\"246\" data-end=\"256\">Brand:<\/strong> Ron Barcel\u00f3<\/p>\n<\/li>\n<li data-start=\"271\" data-end=\"316\">\n<p data-start=\"273\" data-end=\"316\"><strong data-start=\"273\" data-end=\"293\">\u021aara de origine:<\/strong> Republica Dominican\u0103<\/p>\n<\/li>\n<li data-start=\"317\" data-end=\"421\">\n<p data-start=\"319\" data-end=\"421\"><strong data-start=\"319\" data-end=\"343\">Ingrediente de baz\u0103:<\/strong> distilat din <strong data-start=\"357\" data-end=\"384\">suc de trestie de zah\u0103r<\/strong>, fermentat \u0219i distilat tradi\u021bional<\/p>\n<\/li>\n<li data-start=\"422\" data-end=\"495\">\n<p data-start=\"424\" data-end=\"495\"><strong data-start=\"424\" data-end=\"437\">Maturare:<\/strong> <strong data-start=\"438\" data-end=\"449\">3\u20135 ani<\/strong> \u00een butoaie de stejar fran\u021buzesc \u0219i american<\/p>\n<\/li>\n<li data-start=\"496\" data-end=\"552\">\n<p data-start=\"498\" data-end=\"552\"><strong data-start=\"498\" data-end=\"509\">Alcool:<\/strong> <strong data-start=\"510\" data-end=\"525\">37,5 % vol.<\/strong> (\u00een unele variante 40 %)<\/p>\n<\/li>\n<li data-start=\"553\" data-end=\"582\">\n<p data-start=\"555\" data-end=\"582\"><strong data-start=\"555\" data-end=\"565\">Volum:<\/strong> 700 ml sau 1 l<\/p>\n<\/li>\n<li data-start=\"583\" data-end=\"612\">\n<p data-start=\"585\" data-end=\"612\"><strong data-start=\"585\" data-end=\"597\">Culoare:<\/strong> auriu \u00eenchis<\/p>\n<\/li>\n<li data-start=\"613\" data-end=\"709\">\n<p data-start=\"615\" data-end=\"709\"><strong data-start=\"615\" data-end=\"635\">Profil aromatic:<\/strong> note de <strong data-start=\"644\" data-end=\"707\">vanilie, caramel, stejar, fructe confiate, condimente dulci<\/strong><\/p>\n<\/li>\n<li data-start=\"710\" data-end=\"775\">\n<p data-start=\"712\" data-end=\"775\"><strong data-start=\"712\" data-end=\"721\">Gust:<\/strong> bogat, rotund, echilibrat \u00eentre dulce \u0219i condimente<\/p>\n<\/li>\n<li data-start=\"776\" data-end=\"881\">\n<p data-start=\"778\" data-end=\"881\"><strong data-start=\"778\" data-end=\"797\">Mod de servire:<\/strong> simplu, cu ghea\u021b\u0103, \u00een pahar \u201cold fashion\u201d, sau ca baz\u0103 pentru cocktailuri clasice<\/p>\n<\/li>\n<\/ul>","protected":false},"featured_media":11049,"comment_status":"open","ping_status":"closed","template":"","meta":[],"product_cat":[405,453,404,409],"product_tag":[],"yoast_head":"<!-- This site is optimized with the Yoast SEO plugin v20.10 - https:\/\/yoast.com\/wordpress\/plugins\/seo\/ -->\n<title>Rum Barcel\u00f3 A\u00f1ejo | Global Bar Beverages<\/title>\n<meta name=\"robots\" content=\"index, follow, max-snippet:-1, max-image-preview:large, max-video-preview:-1\" \/>\n<link rel=\"canonical\" href=\"https:\/\/gbb.md\/ru\/product\/rum-barcelo-anejo\/\" \/>\n<meta property=\"og:locale\" content=\"ru_RU\" \/>\n<meta property=\"og:type\" content=\"article\" \/>\n<meta property=\"og:title\" content=\"Rum Barcel\u00f3 A\u00f1ejo | Global Bar Beverages\" \/>\n<meta property=\"og:description\" content=\"Tip: rom dominican \u00eenvechit    Brand: Ron Barcel\u00f3    \u021aara de origine: Republica Dominican\u0103    Ingrediente de baz\u0103: distilat din suc de trestie de zah\u0103r, fermentat \u0219i distilat tradi\u021bional    Maturare: 3\u20135 ani \u00een butoaie de stejar fran\u021buzesc \u0219i american    Alcool: 37,5 % vol. (\u00een unele variante 40 %)    Volum: 700 ml sau 1 l    Culoare: auriu \u00eenchis    Profil aromatic: note de vanilie, caramel, stejar, fructe confiate, condimente dulci    Gust: bogat, rotund, echilibrat \u00eentre dulce \u0219i condimente    Mod de servire: simplu, cu ghea\u021b\u0103, \u00een pahar \u201cold fashion\u201d, sau ca baz\u0103 pentru cocktailuri clasice\" \/>\n<meta property=\"og:url\" content=\"https:\/\/gbb.md\/ru\/product\/rum-barcelo-anejo\/\" \/>\n<meta property=\"og:site_name\" content=\"Global Bar Beverages\" \/>\n<meta property=\"article:publisher\" content=\"https:\/\/www.facebook.com\/profile.php?id=61555243232370\" \/>\n<meta property=\"article:modified_time\" content=\"2025-12-18T16:04:08+00:00\" \/>\n<meta property=\"og:image\" content=\"https:\/\/gbb.md\/wp-content\/uploads\/2025\/12\/BarceloAnejo.png\" \/>\n\t<meta property=\"og:image:width\" content=\"1266\" \/>\n\t<meta property=\"og:image:height\" content=\"1092\" \/>\n\t<meta property=\"og:image:type\" content=\"image\/png\" \/>\n<meta name=\"twitter:card\" content=\"summary_large_image\" \/>\n<meta name=\"twitter:label1\" content=\"\u041f\u0440\u0438\u043c\u0435\u0440\u043d\u043e\u0435 \u0432\u0440\u0435\u043c\u044f \u0434\u043b\u044f \u0447\u0442\u0435\u043d\u0438\u044f\" \/>\n\t<meta name=\"twitter:data1\" content=\"1 \u043c\u0438\u043d\u0443\u0442\u0430\" \/>\n<script type=\"application\/ld+json\" class=\"yoast-schema-graph\">{\"@context\":\"https:\/\/schema.org\",\"@graph\":[{\"@type\":\"WebPage\",\"@id\":\"https:\/\/gbb.md\/product\/rum-barcelo-anejo\/\",\"url\":\"https:\/\/gbb.md\/product\/rum-barcelo-anejo\/\",\"name\":\"Rum Barcel\u00f3 A\u00f1ejo | Global Bar Beverages\",\"isPartOf\":{\"@id\":\"https:\/\/gbb.md\/#website\"},\"datePublished\":\"2025-12-18T16:03:23+00:00\",\"dateModified\":\"2025-12-18T16:04:08+00:00\",\"breadcrumb\":{\"@id\":\"https:\/\/gbb.md\/product\/rum-barcelo-anejo\/#breadcrumb\"},\"inLanguage\":\"ru-RU\",\"potentialAction\":[{\"@type\":\"ReadAction\",\"target\":[\"https:\/\/gbb.md\/product\/rum-barcelo-anejo\/\"]}]},{\"@type\":\"BreadcrumbList\",\"@id\":\"https:\/\/gbb.md\/product\/rum-barcelo-anejo\/#breadcrumb\",\"itemListElement\":[{\"@type\":\"ListItem\",\"position\":1,\"name\":\"\u0413\u043b\u0430\u0432\u043d\u0430\u044f \u0441\u0442\u0440\u0430\u043d\u0438\u0446\u0430\",\"item\":\"https:\/\/gbb.md\/\"},{\"@type\":\"ListItem\",\"position\":2,\"name\":\"Produse\",\"item\":\"https:\/\/gbb.md\/shop\/\"},{\"@type\":\"ListItem\",\"position\":3,\"name\":\"Rum Barcel\u00f3 A\u00f1ejo\"}]},{\"@type\":\"WebSite\",\"@id\":\"https:\/\/gbb.md\/#website\",\"url\":\"https:\/\/gbb.md\/\",\"name\":\"GBB\",\"description\":\"\u042d\u0442\u043e \u043c\u043e\u043b\u043e\u0434\u0430\u044f \u0431\u044b\u0441\u0442\u0440\u043e\u0440\u0430\u0441\u0442\u0443\u0449\u0430\u044f \u043a\u043e\u043c\u043f\u0430\u043d\u0438\u044f, \u0441\u0442\u0430\u0432\u0448\u0430\u044f \u043a\u0440\u0443\u043f\u043d\u0435\u0439\u0448\u0438\u043c \u0432 \u041c\u043e\u043b\u0434\u043e\u0432\u0435 \u043f\u043e\u0441\u0442\u0430\u0432\u0449\u0438\u043a\u043e\u043c \u0441\u0438\u0440\u043e\u043f\u043e\u0432 \u0438 \u043f\u044e\u0440\u0435 \u0434\u043b\u044f \u043d\u0430\u043f\u0438\u0442\u043a\u043e\u0432, \u0447\u0430\u044f, \u043a\u043e\u0444\u0435, \u0441\u043e\u0443\u0441\u043e\u0432, \u0442\u043e\u043d\u0438\u043a\u043e\u0432 \u0438 bubble tea \u043e\u0442 \u0438\u043c\u0435\u043d\u0438\u0442\u044b\u0445 \u043f\u0440\u043e\u0438\u0437\u0432\u043e\u0434\u0438\u0442\u0435\u043b\u0435\u0439.\",\"publisher\":{\"@id\":\"https:\/\/gbb.md\/#organization\"},\"alternateName\":\"Global Bar Beverages\",\"potentialAction\":[{\"@type\":\"SearchAction\",\"target\":{\"@type\":\"EntryPoint\",\"urlTemplate\":\"https:\/\/gbb.md\/?s={search_term_string}\"},\"query-input\":\"required name=search_term_string\"}],\"inLanguage\":\"ru-RU\"},{\"@type\":\"Organization\",\"@id\":\"https:\/\/gbb.md\/#organization\",\"name\":\"GBB\",\"alternateName\":\"Global Bar Beverages\",\"url\":\"https:\/\/gbb.md\/\",\"logo\":{\"@type\":\"ImageObject\",\"inLanguage\":\"ru-RU\",\"@id\":\"https:\/\/gbb.md\/#\/schema\/logo\/image\/\",\"url\":\"https:\/\/gbb.md\/wp-content\/uploads\/2024\/01\/android-chrome-512x512-1.png\",\"contentUrl\":\"https:\/\/gbb.md\/wp-content\/uploads\/2024\/01\/android-chrome-512x512-1.png\",\"width\":512,\"height\":512,\"caption\":\"GBB\"},\"image\":{\"@id\":\"https:\/\/gbb.md\/#\/schema\/logo\/image\/\"},\"sameAs\":[\"https:\/\/www.facebook.com\/profile.php?id=61555243232370\"]}]}<\/script>\n<!-- \/ Yoast SEO plugin. -->","yoast_head_json":{"title":"Rum Barcel\u00f3 A\u00f1ejo | Global Bar Beverages","robots":{"index":"index","follow":"follow","max-snippet":"max-snippet:-1","max-image-preview":"max-image-preview:large","max-video-preview":"max-video-preview:-1"},"canonical":"https:\/\/gbb.md\/ru\/product\/rum-barcelo-anejo\/","og_locale":"ru_RU","og_type":"article","og_title":"Rum Barcel\u00f3 A\u00f1ejo | Global Bar Beverages","og_description":"Tip: rom dominican \u00eenvechit    Brand: Ron Barcel\u00f3    \u021aara de origine: Republica Dominican\u0103    Ingrediente de baz\u0103: distilat din suc de trestie de zah\u0103r, fermentat \u0219i distilat tradi\u021bional    Maturare: 3\u20135 ani \u00een butoaie de stejar fran\u021buzesc \u0219i american    Alcool: 37,5 % vol. (\u00een unele variante 40 %)    Volum: 700 ml sau 1 l    Culoare: auriu \u00eenchis    Profil aromatic: note de vanilie, caramel, stejar, fructe confiate, condimente dulci    Gust: bogat, rotund, echilibrat \u00eentre dulce \u0219i condimente    Mod de servire: simplu, cu ghea\u021b\u0103, \u00een pahar \u201cold fashion\u201d, sau ca baz\u0103 pentru cocktailuri clasice","og_url":"https:\/\/gbb.md\/ru\/product\/rum-barcelo-anejo\/","og_site_name":"Global Bar Beverages","article_publisher":"https:\/\/www.facebook.com\/profile.php?id=61555243232370","article_modified_time":"2025-12-18T16:04:08+00:00","og_image":[{"width":1266,"height":1092,"url":"https:\/\/gbb.md\/wp-content\/uploads\/2025\/12\/BarceloAnejo.png","type":"image\/png"}],"twitter_card":"summary_large_image","twitter_misc":{"\u041f\u0440\u0438\u043c\u0435\u0440\u043d\u043e\u0435 \u0432\u0440\u0435\u043c\u044f \u0434\u043b\u044f \u0447\u0442\u0435\u043d\u0438\u044f":"1 \u043c\u0438\u043d\u0443\u0442\u0430"},"schema":{"@context":"https:\/\/schema.org","@graph":[{"@type":"WebPage","@id":"https:\/\/gbb.md\/product\/rum-barcelo-anejo\/","url":"https:\/\/gbb.md\/product\/rum-barcelo-anejo\/","name":"Rum Barcel\u00f3 A\u00f1ejo | Global Bar Beverages","isPartOf":{"@id":"https:\/\/gbb.md\/#website"},"datePublished":"2025-12-18T16:03:23+00:00","dateModified":"2025-12-18T16:04:08+00:00","breadcrumb":{"@id":"https:\/\/gbb.md\/product\/rum-barcelo-anejo\/#breadcrumb"},"inLanguage":"ru-RU","potentialAction":[{"@type":"ReadAction","target":["https:\/\/gbb.md\/product\/rum-barcelo-anejo\/"]}]},{"@type":"BreadcrumbList","@id":"https:\/\/gbb.md\/product\/rum-barcelo-anejo\/#breadcrumb","itemListElement":[{"@type":"ListItem","position":1,"name":"\u0413\u043b\u0430\u0432\u043d\u0430\u044f \u0441\u0442\u0440\u0430\u043d\u0438\u0446\u0430","item":"https:\/\/gbb.md\/"},{"@type":"ListItem","position":2,"name":"Produse","item":"https:\/\/gbb.md\/shop\/"},{"@type":"ListItem","position":3,"name":"Rum Barcel\u00f3 A\u00f1ejo"}]},{"@type":"WebSite","@id":"https:\/\/gbb.md\/#website","url":"https:\/\/gbb.md\/","name":"GBB","description":"\u042d\u0442\u043e \u043c\u043e\u043b\u043e\u0434\u0430\u044f \u0431\u044b\u0441\u0442\u0440\u043e\u0440\u0430\u0441\u0442\u0443\u0449\u0430\u044f \u043a\u043e\u043c\u043f\u0430\u043d\u0438\u044f, \u0441\u0442\u0430\u0432\u0448\u0430\u044f \u043a\u0440\u0443\u043f\u043d\u0435\u0439\u0448\u0438\u043c \u0432 \u041c\u043e\u043b\u0434\u043e\u0432\u0435 \u043f\u043e\u0441\u0442\u0430\u0432\u0449\u0438\u043a\u043e\u043c \u0441\u0438\u0440\u043e\u043f\u043e\u0432 \u0438 \u043f\u044e\u0440\u0435 \u0434\u043b\u044f \u043d\u0430\u043f\u0438\u0442\u043a\u043e\u0432, \u0447\u0430\u044f, \u043a\u043e\u0444\u0435, \u0441\u043e\u0443\u0441\u043e\u0432, \u0442\u043e\u043d\u0438\u043a\u043e\u0432 \u0438 bubble tea \u043e\u0442 \u0438\u043c\u0435\u043d\u0438\u0442\u044b\u0445 \u043f\u0440\u043e\u0438\u0437\u0432\u043e\u0434\u0438\u0442\u0435\u043b\u0435\u0439.","publisher":{"@id":"https:\/\/gbb.md\/#organization"},"alternateName":"Global Bar Beverages","potentialAction":[{"@type":"SearchAction","target":{"@type":"EntryPoint","urlTemplate":"https:\/\/gbb.md\/?s={search_term_string}"},"query-input":"required name=search_term_string"}],"inLanguage":"ru-RU"},{"@type":"Organization","@id":"https:\/\/gbb.md\/#organization","name":"GBB","alternateName":"Global Bar Beverages","url":"https:\/\/gbb.md\/","logo":{"@type":"ImageObject","inLanguage":"ru-RU","@id":"https:\/\/gbb.md\/#\/schema\/logo\/image\/","url":"https:\/\/gbb.md\/wp-content\/uploads\/2024\/01\/android-chrome-512x512-1.png","contentUrl":"https:\/\/gbb.md\/wp-content\/uploads\/2024\/01\/android-chrome-512x512-1.png","width":512,"height":512,"caption":"GBB"},"image":{"@id":"https:\/\/gbb.md\/#\/schema\/logo\/image\/"},"sameAs":["https:\/\/www.facebook.com\/profile.php?id=61555243232370"]}]}},"_links":{"self":[{"href":"https:\/\/gbb.md\/ru\/wp-json\/wp\/v2\/product\/11048"}],"collection":[{"href":"https:\/\/gbb.md\/ru\/wp-json\/wp\/v2\/product"}],"about":[{"href":"https:\/\/gbb.md\/ru\/wp-json\/wp\/v2\/types\/product"}],"replies":[{"embeddable":true,"href":"https:\/\/gbb.md\/ru\/wp-json\/wp\/v2\/comments?post=11048"}],"wp:featuredmedia":[{"embeddable":true,"href":"https:\/\/gbb.md\/ru\/wp-json\/wp\/v2\/media\/11049"}],"wp:attachment":[{"href":"https:\/\/gbb.md\/ru\/wp-json\/wp\/v2\/media?parent=11048"}],"wp:term":[{"taxonomy":"product_cat","embeddable":true,"href":"https:\/\/gbb.md\/ru\/wp-json\/wp\/v2\/product_cat?post=11048"},{"taxonomy":"product_tag","embeddable":true,"href":"https:\/\/gbb.md\/ru\/wp-json\/wp\/v2\/product_tag?post=11048"}],"curies":[{"name":"wp","href":"https:\/\/api.w.org\/{rel}","templated":true}]}}