{"id":11051,"date":"2025-12-18T18:07:12","date_gmt":"2025-12-18T16:07:12","guid":{"rendered":"https:\/\/gbb.md\/?post_type=product&#038;p=11051"},"modified":"2025-12-18T18:07:13","modified_gmt":"2025-12-18T16:07:13","slug":"rum-barcelo-dark","status":"publish","type":"product","link":"https:\/\/gbb.md\/ru\/product\/rum-barcelo-dark\/","title":{"rendered":"Rum Barcel\u00f3 Dark"},"content":{"rendered":"<div id=\"fws_69e162ebcdc31\"  data-midnight=\"dark\" data-top-percent=\"-30%\"  data-bg-mobile-hidden=\"\" class=\"wpb_row vc_row-fluid vc_row top-level  vc_row-o-equal-height vc_row-flex  vc_row-o-content-middle standard_section\"  style=\"padding-top: calc(100vw * 0.0-30); padding-bottom: 0px;  z-index: 100;\"><div class=\"row-bg-wrap\"><div class=\"inner-wrap\"><div class=\"row-bg\"  style=\"\"><\/div><\/div><div class=\"row-bg-overlay\" ><\/div><\/div><div class=\"col span_12 dark left\">\n\t<div style=\"margin-top: -190px; \" class=\"vc_col-sm-12 wpb_column column_container vc_column_container col neg-marg no-extra-padding\"  data-t-w-inherits=\"default\" data-border-radius=\"none\" data-shadow=\"none\" data-border-animation=\"\" data-border-animation-delay=\"\" data-border-width=\"none\" data-border-style=\"solid\" data-border-color=\"\" data-bg-cover=\"\" data-padding-pos=\"all\" data-has-bg-color=\"false\" data-bg-color=\"\" data-bg-opacity=\"1\" data-hover-bg=\"\" data-hover-bg-opacity=\"1\" data-animation=\"\" data-delay=\"0\"><div class=\"column-bg-overlay\"><\/div>\n\t\t<div class=\"vc_column-inner\">\n\t\t\t<div class=\"wpb_wrapper\">\n\t\t\t\t<div class=\"divider-wrap\" data-alignment=\"default\"><div style=\"height: 70px;\" class=\"divider\"><\/div><\/div><div id=\"ultimate-heading-138069e162ebcdedc\" class=\"uvc-heading ult-adjust-bottom-margin ultimate-heading-138069e162ebcdedc uvc-2493\" data-hspacer=\"no_spacer\"  data-halign=\"left\" style=\"text-align:left\"><div class=\"uvc-heading-spacer no_spacer\" style=\"top\"><\/div><div class=\"uvc-main-heading ult-responsive\"  data-ultimate-target='.uvc-heading.ultimate-heading-138069e162ebcdedc h2'  data-responsive-json-new='{\"font-size\":\"desktop:28px;\",\"line-height\":\"\"}' ><h2 style=\"font-weight:bold;color:#333333;\">Rum Barcel\u00f3 Dark<\/h2><\/div><div class=\"uvc-sub-heading ult-responsive\"  data-ultimate-target='.uvc-heading.ultimate-heading-138069e162ebcdedc .uvc-sub-heading '  data-responsive-json-new='{\"font-size\":\"desktop:18px;\",\"line-height\":\"\"}'  style=\"font-weight:normal;\">\n<p data-start=\"917\" data-end=\"1303\"><em data-start=\"917\" data-end=\"935\">Ron Barcel\u00f3 Dark<\/em> este un <strong data-start=\"944\" data-end=\"971\">rom dominican \u00eentunecat<\/strong>, produs de casa <strong data-start=\"988\" data-end=\"1003\">Ron Barcel\u00f3<\/strong>, un produc\u0103tor renumit pentru romurile sale de calitate din Republica Dominican\u0103. Spre deosebire de romurile albe sau cele foarte maturate, un <strong data-start=\"1147\" data-end=\"1159\">dark rum<\/strong> are <strong data-start=\"1164\" data-end=\"1186\">culoare mai bogat\u0103<\/strong> \u0219i <strong data-start=\"1190\" data-end=\"1207\">arome intense<\/strong> developate at\u00e2t \u00een timpul ferment\u0103rii \u0219i distil\u0103rii, c\u00e2t \u0219i prin contactul cu lemnul butoiului.<\/p>\n<p data-start=\"1305\" data-end=\"1661\">Romul este ob\u021binut din <strong data-start=\"1328\" data-end=\"1355\">suc de trestie de zah\u0103r<\/strong>, ceea ce \u00eei confer\u0103 o baz\u0103 aromat\u0103 dulce-natural\u0103. Maturarea \u00een butoaie de stejar \u00eei aduce <strong data-start=\"1447\" data-end=\"1512\">note de caramel, vanilie, sirop de melas\u0103 \u0219i condimente dulci<\/strong>, \u00een timp ce culoarea \u00eenchis\u0103 provine din timpul petrecut \u00een lemn \u0219i, uneori, din adaosul subtil de caramel pentru uniformizarea gustului \u0219i culorii.<\/p>\n<p data-start=\"1663\" data-end=\"1926\">La degustare, <em data-start=\"1677\" data-end=\"1691\">Barcel\u00f3 Dark<\/em> ofer\u0103 un profil <strong data-start=\"1708\" data-end=\"1723\">dulce-bogat<\/strong>, cu nuan\u021be de <strong data-start=\"1738\" data-end=\"1790\">caramel intens, fructe uscate, vanilie \u0219i stejar<\/strong>, \u0219i un final pl\u0103cut, moderat condimentat. Pentru mul\u021bi consumatori, acesta este un rom u\u0219or de b\u0103ut, perfect pentru combina\u021bii clasice.<\/p>\n<p data-start=\"1928\" data-end=\"1959\">Acest tip de rom este versatil:<\/p>\n<ul data-start=\"1961\" data-end=\"2155\">\n<li data-start=\"1961\" data-end=\"2016\">\n<p data-start=\"1963\" data-end=\"2016\"><strong data-start=\"1963\" data-end=\"1973\">Simplu<\/strong>, cu ghea\u021b\u0103 \u2013 pentru a eviden\u021bia aromeile<\/p>\n<\/li>\n<li data-start=\"2017\" data-end=\"2105\">\n<p data-start=\"2019\" data-end=\"2105\"><strong data-start=\"2019\" data-end=\"2045\">\u00cen cocktailuri clasice<\/strong> \u2013 cum ar fi <em data-start=\"2058\" data-end=\"2075\">Dark \u2019n\u2019 Stormy<\/em>, <em data-start=\"2077\" data-end=\"2089\">Rum &amp; Cola<\/em> sau <em data-start=\"2094\" data-end=\"2103\">Mai Tai<\/em><\/p>\n<\/li>\n<li data-start=\"2106\" data-end=\"2155\">\n<p data-start=\"2108\" data-end=\"2155\"><strong data-start=\"2108\" data-end=\"2153\">Cu b\u0103uturi carbogazoase sau suc de fructe<\/strong><\/p>\n<\/li>\n<\/ul>\n<p data-start=\"2157\" data-end=\"2366\"><em data-start=\"2157\" data-end=\"2175\">Ron Barcel\u00f3 Dark<\/em> este apreciat pentru echilibrul s\u0103u \u00eentre dulcea\u021b\u0103 \u0219i profunzimea aromelor, fiind o op\u021biune bun\u0103 pentru cocktailuri sau pentru cei care prefer\u0103 romurile cu caracter mai intens \u0219i mai rotund.<\/p>\n<\/div><\/div><div class=\"divider-wrap\" data-alignment=\"default\"><div style=\"height: 25px;\" class=\"divider\"><\/div><\/div>\n\t\t\t<\/div> \n\t\t<\/div>\n\t<\/div> \n<\/div><\/div>\n\t\t<div id=\"fws_69e162ebce268\"  data-midnight=\"dark\"  data-bg-mobile-hidden=\"\" class=\"wpb_row vc_row-fluid vc_row standard_section\"  style=\"padding-top: 0px; padding-bottom: 0px; \"><div class=\"row-bg-wrap\"><div class=\"inner-wrap\"><div class=\"row-bg\"  style=\"\"><\/div><\/div><div class=\"row-bg-overlay\" ><\/div><\/div><div class=\"col span_12 dark left\">\n\t<div  class=\"vc_col-sm-12 wpb_column column_container vc_column_container col no-extra-padding\"  data-t-w-inherits=\"default\" data-border-radius=\"none\" data-shadow=\"none\" data-border-animation=\"\" data-border-animation-delay=\"\" data-border-width=\"none\" data-border-style=\"solid\" data-border-color=\"\" data-bg-cover=\"\" data-padding-pos=\"all\" data-has-bg-color=\"false\" data-bg-color=\"\" data-bg-opacity=\"1\" data-hover-bg=\"\" data-hover-bg-opacity=\"1\" data-animation=\"\" data-delay=\"0\"><div class=\"column-bg-overlay\"><\/div>\n\t\t<div class=\"vc_column-inner\">\n\t\t\t<div class=\"wpb_wrapper\">\n\t\t\t\t<div class=\"divider-wrap\" data-alignment=\"default\"><div style=\"height: 100px;\" class=\"divider\"><\/div><\/div>\n\t\t\t<\/div> \n\t\t<\/div>\n\t<\/div> \n<\/div><\/div>","protected":false},"excerpt":{"rendered":"<ul>\n<li data-start=\"202\" data-end=\"253\">\n<p data-start=\"204\" data-end=\"253\"><strong data-start=\"204\" data-end=\"212\">Tip:<\/strong> rom dominican <strong data-start=\"227\" data-end=\"240\">\u00eentunecat<\/strong> (dark rum)<\/p>\n<\/li>\n<li data-start=\"254\" data-end=\"280\">\n<p data-start=\"256\" data-end=\"280\"><strong data-start=\"256\" data-end=\"266\">Brand:<\/strong> Ron Barcel\u00f3<\/p>\n<\/li>\n<li data-start=\"281\" data-end=\"326\">\n<p data-start=\"283\" data-end=\"326\"><strong data-start=\"283\" data-end=\"303\">\u021aara de origine:<\/strong> Republica Dominican\u0103<\/p>\n<\/li>\n<li data-start=\"327\" data-end=\"396\">\n<p data-start=\"329\" data-end=\"396\"><strong data-start=\"329\" data-end=\"353\">Ingrediente de baz\u0103:<\/strong> distilat din <strong data-start=\"367\" data-end=\"394\">suc de trestie de zah\u0103r<\/strong><\/p>\n<\/li>\n<li data-start=\"397\" data-end=\"484\">\n<p data-start=\"399\" data-end=\"484\"><strong data-start=\"399\" data-end=\"412\">Maturare:<\/strong> \u00een butoaie de stejar (de obicei mai scurt\u0103 dec\u00e2t la rumurile \u201ea\u00f1ejo\u201d)<\/p>\n<\/li>\n<li data-start=\"485\" data-end=\"553\">\n<p data-start=\"487\" data-end=\"553\"><strong data-start=\"487\" data-end=\"498\">Alcool:<\/strong> ~ <strong data-start=\"501\" data-end=\"516\">37,5 % vol.<\/strong> (variaz\u0103 u\u0219or \u00een func\u021bie de pia\u021b\u0103)<\/p>\n<\/li>\n<li data-start=\"554\" data-end=\"600\">\n<p data-start=\"556\" data-end=\"600\"><strong data-start=\"556\" data-end=\"566\">Volum:<\/strong> de regul\u0103 <strong data-start=\"577\" data-end=\"586\">0,7 l<\/strong> sau <strong data-start=\"591\" data-end=\"598\">1 l<\/strong><\/p>\n<\/li>\n<li data-start=\"601\" data-end=\"653\">\n<p data-start=\"603\" data-end=\"653\"><strong data-start=\"603\" data-end=\"615\">Culoare:<\/strong> <strong data-start=\"616\" data-end=\"651\">chihlimbar \u00eenchis \/ brun \u00eenchis<\/strong><\/p>\n<\/li>\n<li data-start=\"654\" data-end=\"744\">\n<p data-start=\"656\" data-end=\"744\"><strong data-start=\"656\" data-end=\"676\">Profil aromatic:<\/strong> <strong data-start=\"677\" data-end=\"742\">melas\u0103, caramel, vanilie, note de fructe uscate \u0219i condimente<\/strong><\/p>\n<\/li>\n<li data-start=\"745\" data-end=\"810\">\n<p data-start=\"747\" data-end=\"810\"><strong data-start=\"747\" data-end=\"756\">Gust:<\/strong> dulce-bogat, cu arome profunde de caramel \u0219i stejar<\/p>\n<\/li>\n<li data-start=\"811\" data-end=\"879\">\n<p data-start=\"813\" data-end=\"879\"><strong data-start=\"813\" data-end=\"832\">Mod de servire:<\/strong> simplu cu ghea\u021b\u0103, \u00een cocktailuri sau cu cola<\/p>\n<\/li>\n<\/ul>","protected":false},"featured_media":11052,"comment_status":"open","ping_status":"closed","template":"","meta":[],"product_cat":[405,453,404,409],"product_tag":[],"yoast_head":"<!-- This site is optimized with the Yoast SEO plugin v20.10 - https:\/\/yoast.com\/wordpress\/plugins\/seo\/ -->\n<title>Rum Barcel\u00f3 Dark | Global Bar Beverages<\/title>\n<meta name=\"robots\" content=\"index, follow, max-snippet:-1, max-image-preview:large, max-video-preview:-1\" \/>\n<link rel=\"canonical\" href=\"https:\/\/gbb.md\/ru\/product\/rum-barcelo-dark\/\" \/>\n<meta property=\"og:locale\" content=\"ru_RU\" \/>\n<meta property=\"og:type\" content=\"article\" \/>\n<meta property=\"og:title\" content=\"Rum Barcel\u00f3 Dark | Global Bar Beverages\" \/>\n<meta property=\"og:description\" content=\"Tip: rom dominican \u00eentunecat (dark rum)    Brand: Ron Barcel\u00f3    \u021aara de origine: Republica Dominican\u0103    Ingrediente de baz\u0103: distilat din suc de trestie de zah\u0103r    Maturare: \u00een butoaie de stejar (de obicei mai scurt\u0103 dec\u00e2t la rumurile \u201ea\u00f1ejo\u201d)    Alcool: ~ 37,5 % vol. (variaz\u0103 u\u0219or \u00een func\u021bie de pia\u021b\u0103)    Volum: de regul\u0103 0,7 l sau 1 l    Culoare: chihlimbar \u00eenchis \/ brun \u00eenchis    Profil aromatic: melas\u0103, caramel, vanilie, note de fructe uscate \u0219i condimente    Gust: dulce-bogat, cu arome profunde de caramel \u0219i stejar    Mod de servire: simplu cu ghea\u021b\u0103, \u00een cocktailuri sau cu cola\" \/>\n<meta property=\"og:url\" content=\"https:\/\/gbb.md\/ru\/product\/rum-barcelo-dark\/\" \/>\n<meta property=\"og:site_name\" content=\"Global Bar Beverages\" \/>\n<meta property=\"article:publisher\" content=\"https:\/\/www.facebook.com\/profile.php?id=61555243232370\" \/>\n<meta property=\"article:modified_time\" content=\"2025-12-18T16:07:13+00:00\" \/>\n<meta property=\"og:image\" content=\"https:\/\/gbb.md\/wp-content\/uploads\/2025\/12\/GranAnejoDark.png\" \/>\n\t<meta property=\"og:image:width\" content=\"1174\" \/>\n\t<meta property=\"og:image:height\" content=\"1078\" \/>\n\t<meta property=\"og:image:type\" content=\"image\/png\" \/>\n<meta name=\"twitter:card\" content=\"summary_large_image\" \/>\n<meta name=\"twitter:label1\" content=\"\u041f\u0440\u0438\u043c\u0435\u0440\u043d\u043e\u0435 \u0432\u0440\u0435\u043c\u044f \u0434\u043b\u044f \u0447\u0442\u0435\u043d\u0438\u044f\" \/>\n\t<meta name=\"twitter:data1\" content=\"1 \u043c\u0438\u043d\u0443\u0442\u0430\" \/>\n<script type=\"application\/ld+json\" class=\"yoast-schema-graph\">{\"@context\":\"https:\/\/schema.org\",\"@graph\":[{\"@type\":\"WebPage\",\"@id\":\"https:\/\/gbb.md\/product\/rum-barcelo-dark\/\",\"url\":\"https:\/\/gbb.md\/product\/rum-barcelo-dark\/\",\"name\":\"Rum Barcel\u00f3 Dark | Global Bar Beverages\",\"isPartOf\":{\"@id\":\"https:\/\/gbb.md\/#website\"},\"datePublished\":\"2025-12-18T16:07:12+00:00\",\"dateModified\":\"2025-12-18T16:07:13+00:00\",\"breadcrumb\":{\"@id\":\"https:\/\/gbb.md\/product\/rum-barcelo-dark\/#breadcrumb\"},\"inLanguage\":\"ru-RU\",\"potentialAction\":[{\"@type\":\"ReadAction\",\"target\":[\"https:\/\/gbb.md\/product\/rum-barcelo-dark\/\"]}]},{\"@type\":\"BreadcrumbList\",\"@id\":\"https:\/\/gbb.md\/product\/rum-barcelo-dark\/#breadcrumb\",\"itemListElement\":[{\"@type\":\"ListItem\",\"position\":1,\"name\":\"\u0413\u043b\u0430\u0432\u043d\u0430\u044f \u0441\u0442\u0440\u0430\u043d\u0438\u0446\u0430\",\"item\":\"https:\/\/gbb.md\/\"},{\"@type\":\"ListItem\",\"position\":2,\"name\":\"Produse\",\"item\":\"https:\/\/gbb.md\/shop\/\"},{\"@type\":\"ListItem\",\"position\":3,\"name\":\"Rum Barcel\u00f3 Dark\"}]},{\"@type\":\"WebSite\",\"@id\":\"https:\/\/gbb.md\/#website\",\"url\":\"https:\/\/gbb.md\/\",\"name\":\"GBB\",\"description\":\"\u042d\u0442\u043e \u043c\u043e\u043b\u043e\u0434\u0430\u044f \u0431\u044b\u0441\u0442\u0440\u043e\u0440\u0430\u0441\u0442\u0443\u0449\u0430\u044f \u043a\u043e\u043c\u043f\u0430\u043d\u0438\u044f, \u0441\u0442\u0430\u0432\u0448\u0430\u044f \u043a\u0440\u0443\u043f\u043d\u0435\u0439\u0448\u0438\u043c \u0432 \u041c\u043e\u043b\u0434\u043e\u0432\u0435 \u043f\u043e\u0441\u0442\u0430\u0432\u0449\u0438\u043a\u043e\u043c \u0441\u0438\u0440\u043e\u043f\u043e\u0432 \u0438 \u043f\u044e\u0440\u0435 \u0434\u043b\u044f \u043d\u0430\u043f\u0438\u0442\u043a\u043e\u0432, \u0447\u0430\u044f, \u043a\u043e\u0444\u0435, \u0441\u043e\u0443\u0441\u043e\u0432, \u0442\u043e\u043d\u0438\u043a\u043e\u0432 \u0438 bubble tea \u043e\u0442 \u0438\u043c\u0435\u043d\u0438\u0442\u044b\u0445 \u043f\u0440\u043e\u0438\u0437\u0432\u043e\u0434\u0438\u0442\u0435\u043b\u0435\u0439.\",\"publisher\":{\"@id\":\"https:\/\/gbb.md\/#organization\"},\"alternateName\":\"Global Bar Beverages\",\"potentialAction\":[{\"@type\":\"SearchAction\",\"target\":{\"@type\":\"EntryPoint\",\"urlTemplate\":\"https:\/\/gbb.md\/?s={search_term_string}\"},\"query-input\":\"required name=search_term_string\"}],\"inLanguage\":\"ru-RU\"},{\"@type\":\"Organization\",\"@id\":\"https:\/\/gbb.md\/#organization\",\"name\":\"GBB\",\"alternateName\":\"Global Bar Beverages\",\"url\":\"https:\/\/gbb.md\/\",\"logo\":{\"@type\":\"ImageObject\",\"inLanguage\":\"ru-RU\",\"@id\":\"https:\/\/gbb.md\/#\/schema\/logo\/image\/\",\"url\":\"https:\/\/gbb.md\/wp-content\/uploads\/2024\/01\/android-chrome-512x512-1.png\",\"contentUrl\":\"https:\/\/gbb.md\/wp-content\/uploads\/2024\/01\/android-chrome-512x512-1.png\",\"width\":512,\"height\":512,\"caption\":\"GBB\"},\"image\":{\"@id\":\"https:\/\/gbb.md\/#\/schema\/logo\/image\/\"},\"sameAs\":[\"https:\/\/www.facebook.com\/profile.php?id=61555243232370\"]}]}<\/script>\n<!-- \/ Yoast SEO plugin. -->","yoast_head_json":{"title":"Rum Barcel\u00f3 Dark | Global Bar Beverages","robots":{"index":"index","follow":"follow","max-snippet":"max-snippet:-1","max-image-preview":"max-image-preview:large","max-video-preview":"max-video-preview:-1"},"canonical":"https:\/\/gbb.md\/ru\/product\/rum-barcelo-dark\/","og_locale":"ru_RU","og_type":"article","og_title":"Rum Barcel\u00f3 Dark | Global Bar Beverages","og_description":"Tip: rom dominican \u00eentunecat (dark rum)    Brand: Ron Barcel\u00f3    \u021aara de origine: Republica Dominican\u0103    Ingrediente de baz\u0103: distilat din suc de trestie de zah\u0103r    Maturare: \u00een butoaie de stejar (de obicei mai scurt\u0103 dec\u00e2t la rumurile \u201ea\u00f1ejo\u201d)    Alcool: ~ 37,5 % vol. (variaz\u0103 u\u0219or \u00een func\u021bie de pia\u021b\u0103)    Volum: de regul\u0103 0,7 l sau 1 l    Culoare: chihlimbar \u00eenchis \/ brun \u00eenchis    Profil aromatic: melas\u0103, caramel, vanilie, note de fructe uscate \u0219i condimente    Gust: dulce-bogat, cu arome profunde de caramel \u0219i stejar    Mod de servire: simplu cu ghea\u021b\u0103, \u00een cocktailuri sau cu cola","og_url":"https:\/\/gbb.md\/ru\/product\/rum-barcelo-dark\/","og_site_name":"Global Bar Beverages","article_publisher":"https:\/\/www.facebook.com\/profile.php?id=61555243232370","article_modified_time":"2025-12-18T16:07:13+00:00","og_image":[{"width":1174,"height":1078,"url":"https:\/\/gbb.md\/wp-content\/uploads\/2025\/12\/GranAnejoDark.png","type":"image\/png"}],"twitter_card":"summary_large_image","twitter_misc":{"\u041f\u0440\u0438\u043c\u0435\u0440\u043d\u043e\u0435 \u0432\u0440\u0435\u043c\u044f \u0434\u043b\u044f \u0447\u0442\u0435\u043d\u0438\u044f":"1 \u043c\u0438\u043d\u0443\u0442\u0430"},"schema":{"@context":"https:\/\/schema.org","@graph":[{"@type":"WebPage","@id":"https:\/\/gbb.md\/product\/rum-barcelo-dark\/","url":"https:\/\/gbb.md\/product\/rum-barcelo-dark\/","name":"Rum Barcel\u00f3 Dark | Global Bar Beverages","isPartOf":{"@id":"https:\/\/gbb.md\/#website"},"datePublished":"2025-12-18T16:07:12+00:00","dateModified":"2025-12-18T16:07:13+00:00","breadcrumb":{"@id":"https:\/\/gbb.md\/product\/rum-barcelo-dark\/#breadcrumb"},"inLanguage":"ru-RU","potentialAction":[{"@type":"ReadAction","target":["https:\/\/gbb.md\/product\/rum-barcelo-dark\/"]}]},{"@type":"BreadcrumbList","@id":"https:\/\/gbb.md\/product\/rum-barcelo-dark\/#breadcrumb","itemListElement":[{"@type":"ListItem","position":1,"name":"\u0413\u043b\u0430\u0432\u043d\u0430\u044f \u0441\u0442\u0440\u0430\u043d\u0438\u0446\u0430","item":"https:\/\/gbb.md\/"},{"@type":"ListItem","position":2,"name":"Produse","item":"https:\/\/gbb.md\/shop\/"},{"@type":"ListItem","position":3,"name":"Rum Barcel\u00f3 Dark"}]},{"@type":"WebSite","@id":"https:\/\/gbb.md\/#website","url":"https:\/\/gbb.md\/","name":"GBB","description":"\u042d\u0442\u043e \u043c\u043e\u043b\u043e\u0434\u0430\u044f \u0431\u044b\u0441\u0442\u0440\u043e\u0440\u0430\u0441\u0442\u0443\u0449\u0430\u044f \u043a\u043e\u043c\u043f\u0430\u043d\u0438\u044f, \u0441\u0442\u0430\u0432\u0448\u0430\u044f \u043a\u0440\u0443\u043f\u043d\u0435\u0439\u0448\u0438\u043c \u0432 \u041c\u043e\u043b\u0434\u043e\u0432\u0435 \u043f\u043e\u0441\u0442\u0430\u0432\u0449\u0438\u043a\u043e\u043c \u0441\u0438\u0440\u043e\u043f\u043e\u0432 \u0438 \u043f\u044e\u0440\u0435 \u0434\u043b\u044f \u043d\u0430\u043f\u0438\u0442\u043a\u043e\u0432, \u0447\u0430\u044f, \u043a\u043e\u0444\u0435, \u0441\u043e\u0443\u0441\u043e\u0432, \u0442\u043e\u043d\u0438\u043a\u043e\u0432 \u0438 bubble tea \u043e\u0442 \u0438\u043c\u0435\u043d\u0438\u0442\u044b\u0445 \u043f\u0440\u043e\u0438\u0437\u0432\u043e\u0434\u0438\u0442\u0435\u043b\u0435\u0439.","publisher":{"@id":"https:\/\/gbb.md\/#organization"},"alternateName":"Global Bar Beverages","potentialAction":[{"@type":"SearchAction","target":{"@type":"EntryPoint","urlTemplate":"https:\/\/gbb.md\/?s={search_term_string}"},"query-input":"required name=search_term_string"}],"inLanguage":"ru-RU"},{"@type":"Organization","@id":"https:\/\/gbb.md\/#organization","name":"GBB","alternateName":"Global Bar Beverages","url":"https:\/\/gbb.md\/","logo":{"@type":"ImageObject","inLanguage":"ru-RU","@id":"https:\/\/gbb.md\/#\/schema\/logo\/image\/","url":"https:\/\/gbb.md\/wp-content\/uploads\/2024\/01\/android-chrome-512x512-1.png","contentUrl":"https:\/\/gbb.md\/wp-content\/uploads\/2024\/01\/android-chrome-512x512-1.png","width":512,"height":512,"caption":"GBB"},"image":{"@id":"https:\/\/gbb.md\/#\/schema\/logo\/image\/"},"sameAs":["https:\/\/www.facebook.com\/profile.php?id=61555243232370"]}]}},"_links":{"self":[{"href":"https:\/\/gbb.md\/ru\/wp-json\/wp\/v2\/product\/11051"}],"collection":[{"href":"https:\/\/gbb.md\/ru\/wp-json\/wp\/v2\/product"}],"about":[{"href":"https:\/\/gbb.md\/ru\/wp-json\/wp\/v2\/types\/product"}],"replies":[{"embeddable":true,"href":"https:\/\/gbb.md\/ru\/wp-json\/wp\/v2\/comments?post=11051"}],"wp:featuredmedia":[{"embeddable":true,"href":"https:\/\/gbb.md\/ru\/wp-json\/wp\/v2\/media\/11052"}],"wp:attachment":[{"href":"https:\/\/gbb.md\/ru\/wp-json\/wp\/v2\/media?parent=11051"}],"wp:term":[{"taxonomy":"product_cat","embeddable":true,"href":"https:\/\/gbb.md\/ru\/wp-json\/wp\/v2\/product_cat?post=11051"},{"taxonomy":"product_tag","embeddable":true,"href":"https:\/\/gbb.md\/ru\/wp-json\/wp\/v2\/product_tag?post=11051"}],"curies":[{"name":"wp","href":"https:\/\/api.w.org\/{rel}","templated":true}]}}