{"id":11053,"date":"2025-12-18T18:09:37","date_gmt":"2025-12-18T16:09:37","guid":{"rendered":"https:\/\/gbb.md\/?post_type=product&#038;p=11053"},"modified":"2025-12-18T18:09:38","modified_gmt":"2025-12-18T16:09:38","slug":"rum-barcelo-imperial","status":"publish","type":"product","link":"https:\/\/gbb.md\/ru\/product\/rum-barcelo-imperial\/","title":{"rendered":"Rum Barcel\u00f3 Imperial"},"content":{"rendered":"<div id=\"fws_69e175fab7e58\"  data-midnight=\"dark\" data-top-percent=\"-30%\"  data-bg-mobile-hidden=\"\" class=\"wpb_row vc_row-fluid vc_row top-level  vc_row-o-equal-height vc_row-flex  vc_row-o-content-middle standard_section\"  style=\"padding-top: calc(100vw * 0.0-30); padding-bottom: 0px;  z-index: 100;\"><div class=\"row-bg-wrap\"><div class=\"inner-wrap\"><div class=\"row-bg\"  style=\"\"><\/div><\/div><div class=\"row-bg-overlay\" ><\/div><\/div><div class=\"col span_12 dark left\">\n\t<div style=\"margin-top: -190px; \" class=\"vc_col-sm-12 wpb_column column_container vc_column_container col neg-marg no-extra-padding\"  data-t-w-inherits=\"default\" data-border-radius=\"none\" data-shadow=\"none\" data-border-animation=\"\" data-border-animation-delay=\"\" data-border-width=\"none\" data-border-style=\"solid\" data-border-color=\"\" data-bg-cover=\"\" data-padding-pos=\"all\" data-has-bg-color=\"false\" data-bg-color=\"\" data-bg-opacity=\"1\" data-hover-bg=\"\" data-hover-bg-opacity=\"1\" data-animation=\"\" data-delay=\"0\"><div class=\"column-bg-overlay\"><\/div>\n\t\t<div class=\"vc_column-inner\">\n\t\t\t<div class=\"wpb_wrapper\">\n\t\t\t\t<div class=\"divider-wrap\" data-alignment=\"default\"><div style=\"height: 70px;\" class=\"divider\"><\/div><\/div><div id=\"ultimate-heading-67569e175fab80d1\" class=\"uvc-heading ult-adjust-bottom-margin ultimate-heading-67569e175fab80d1 uvc-2929\" data-hspacer=\"no_spacer\"  data-halign=\"left\" style=\"text-align:left\"><div class=\"uvc-heading-spacer no_spacer\" style=\"top\"><\/div><div class=\"uvc-main-heading ult-responsive\"  data-ultimate-target='.uvc-heading.ultimate-heading-67569e175fab80d1 h2'  data-responsive-json-new='{\"font-size\":\"desktop:28px;\",\"line-height\":\"\"}' ><h2 style=\"font-weight:bold;color:#333333;\">Rum Barcel\u00f3 Imperial<\/h2><\/div><div class=\"uvc-sub-heading ult-responsive\"  data-ultimate-target='.uvc-heading.ultimate-heading-67569e175fab80d1 .uvc-sub-heading '  data-responsive-json-new='{\"font-size\":\"desktop:18px;\",\"line-height\":\"\"}'  style=\"font-weight:normal;\">\n<p data-start=\"926\" data-end=\"1340\"><em data-start=\"926\" data-end=\"948\">Ron Barcel\u00f3 Imperial<\/em> este un rom dominican <strong data-start=\"971\" data-end=\"982\">premium<\/strong> din portofoliul <strong data-start=\"999\" data-end=\"1014\">Ron Barcel\u00f3<\/strong>, recunoscut pentru calitatea \u0219i profunzimea sa aromatic\u0103. Spre deosebire de romurile alb sau dark rom mai t\u00e2n\u0103r, <em data-start=\"1128\" data-end=\"1138\">Imperial<\/em> trece printr-un proces de <strong data-start=\"1165\" data-end=\"1189\">maturare \u00eendelungat\u0103<\/strong>, de regul\u0103 \u00eentre <strong data-start=\"1207\" data-end=\"1223\">8 \u0219i 10+ ani<\/strong>, \u00een butoaie de stejar, ceea ce confer\u0103 b\u0103uturii o complexitate deosebit\u0103, culori bogate \u0219i un profil gustativ matur.<\/p>\n<p data-start=\"1342\" data-end=\"1779\">Romul este distilat din <strong data-start=\"1366\" data-end=\"1393\">suc de trestie de zah\u0103r<\/strong>, nu din melas\u0103, astfel c\u0103 are un caracter mai fin \u0219i mai aromatic \u00eenc\u0103 de la baz\u0103. Maturarea \u00een stejar aduce \u00een prim-plan <strong data-start=\"1516\" data-end=\"1591\">arome profunde de vanilie, caramel, fructe confiate \u0219i condimente dulci<\/strong>, completate de note elegante de <strong data-start=\"1624\" data-end=\"1661\">stejar, ciocolat\u0103 \u0219i nuci pr\u0103jite<\/strong>. Culoarea este un <strong data-start=\"1680\" data-end=\"1718\">chihlimbar intens sau auriu \u00eenchis<\/strong>, semn al timpului petrecut \u00een lemn \u0219i al \u00eemb\u0103tr\u00e2nirii lente.<\/p>\n<p data-start=\"1781\" data-end=\"2136\">La degustare, <em data-start=\"1795\" data-end=\"1813\">Barcel\u00f3 Imperial<\/em> impresionaz\u0103 printr-un <strong data-start=\"1837\" data-end=\"1867\">gust complex \u0219i echilibrat<\/strong>: dulce-pl\u0103cut, bogat \u00een arome, cu un final fin \u0219i persistent. Este potrivit pentru consumul <strong data-start=\"1960\" data-end=\"1970\">simplu<\/strong>, \u00een pahare largi, eventual cu un cub mare de ghea\u021b\u0103 pentru a deschide aromele, sau ca element central \u00een <strong data-start=\"2076\" data-end=\"2103\">cocktailuri sofisticate<\/strong> ce cer un rom matur \u0219i expresiv.<\/p>\n<p data-start=\"2138\" data-end=\"2397\">Acest rom premium este adesea considerat o b\u0103utur\u0103 de <strong data-start=\"2192\" data-end=\"2211\">ocazii speciale<\/strong> sau o alegere excelent\u0103 pentru cei care apreciaz\u0103 romurile bine \u00eenvechite, cu caracter aromatic bogat \u0219i echilibru rafinat \u00eentre dulcea\u021b\u0103 \u0219i profunzimea notelor de stejar \u0219i condimente.<\/p>\n<\/div><\/div><div class=\"divider-wrap\" data-alignment=\"default\"><div style=\"height: 25px;\" class=\"divider\"><\/div><\/div>\n\t\t\t<\/div> \n\t\t<\/div>\n\t<\/div> \n<\/div><\/div>\n\t\t<div id=\"fws_69e175fab8465\"  data-midnight=\"dark\"  data-bg-mobile-hidden=\"\" class=\"wpb_row vc_row-fluid vc_row standard_section\"  style=\"padding-top: 0px; padding-bottom: 0px; \"><div class=\"row-bg-wrap\"><div class=\"inner-wrap\"><div class=\"row-bg\"  style=\"\"><\/div><\/div><div class=\"row-bg-overlay\" ><\/div><\/div><div class=\"col span_12 dark left\">\n\t<div  class=\"vc_col-sm-12 wpb_column column_container vc_column_container col no-extra-padding\"  data-t-w-inherits=\"default\" data-border-radius=\"none\" data-shadow=\"none\" data-border-animation=\"\" data-border-animation-delay=\"\" data-border-width=\"none\" data-border-style=\"solid\" data-border-color=\"\" data-bg-cover=\"\" data-padding-pos=\"all\" data-has-bg-color=\"false\" data-bg-color=\"\" data-bg-opacity=\"1\" data-hover-bg=\"\" data-hover-bg-opacity=\"1\" data-animation=\"\" data-delay=\"0\"><div class=\"column-bg-overlay\"><\/div>\n\t\t<div class=\"vc_column-inner\">\n\t\t\t<div class=\"wpb_wrapper\">\n\t\t\t\t<div class=\"divider-wrap\" data-alignment=\"default\"><div style=\"height: 100px;\" class=\"divider\"><\/div><\/div>\n\t\t\t<\/div> \n\t\t<\/div>\n\t<\/div> \n<\/div><\/div>","protected":false},"excerpt":{"rendered":"<ul>\n<li data-start=\"210\" data-end=\"257\">\n<p data-start=\"212\" data-end=\"257\"><strong data-start=\"212\" data-end=\"220\">Tip:<\/strong> rom dominican <strong data-start=\"235\" data-end=\"255\">premium \u00eenvechit<\/strong><\/p>\n<\/li>\n<li data-start=\"258\" data-end=\"284\">\n<p data-start=\"260\" data-end=\"284\"><strong data-start=\"260\" data-end=\"270\">Brand:<\/strong> Ron Barcel\u00f3<\/p>\n<\/li>\n<li data-start=\"285\" data-end=\"330\">\n<p data-start=\"287\" data-end=\"330\"><strong data-start=\"287\" data-end=\"307\">\u021aara de origine:<\/strong> Republica Dominican\u0103<\/p>\n<\/li>\n<li data-start=\"331\" data-end=\"400\">\n<p data-start=\"333\" data-end=\"400\"><strong data-start=\"333\" data-end=\"357\">Ingrediente de baz\u0103:<\/strong> distilat din <strong data-start=\"371\" data-end=\"398\">suc de trestie de zah\u0103r<\/strong><\/p>\n<\/li>\n<li data-start=\"401\" data-end=\"474\">\n<p data-start=\"403\" data-end=\"474\"><strong data-start=\"403\" data-end=\"416\">Maturare:<\/strong> \u00eendelungat\u0103, \u00een butoaie de stejar (de obicei 8\u201310+ ani)<\/p>\n<\/li>\n<li data-start=\"475\" data-end=\"537\">\n<p data-start=\"477\" data-end=\"537\"><strong data-start=\"477\" data-end=\"488\">Alcool:<\/strong> aprox. <strong data-start=\"496\" data-end=\"509\">38 % vol.<\/strong> (variaz\u0103 u\u0219or dup\u0103 pia\u021b\u0103)<\/p>\n<\/li>\n<li data-start=\"538\" data-end=\"584\">\n<p data-start=\"540\" data-end=\"584\"><strong data-start=\"540\" data-end=\"550\">Volum:<\/strong> de regul\u0103 <strong data-start=\"561\" data-end=\"570\">0,7 l<\/strong> sau <strong data-start=\"575\" data-end=\"582\">1 l<\/strong><\/p>\n<\/li>\n<li data-start=\"585\" data-end=\"638\">\n<p data-start=\"587\" data-end=\"638\"><strong data-start=\"587\" data-end=\"599\">Culoare:<\/strong> <strong data-start=\"600\" data-end=\"636\">chihlimbar \u00eenchis \/ auriu intens<\/strong><\/p>\n<\/li>\n<li data-start=\"639\" data-end=\"753\">\n<p data-start=\"641\" data-end=\"753\"><strong data-start=\"641\" data-end=\"661\">Profil aromatic:<\/strong> note bogate de <strong data-start=\"677\" data-end=\"751\">vanilie, caramel, fructe confiate, condimente dulci, stejar, ciocolat\u0103<\/strong><\/p>\n<\/li>\n<li data-start=\"754\" data-end=\"799\">\n<p data-start=\"756\" data-end=\"799\"><strong data-start=\"756\" data-end=\"765\">Gust:<\/strong> complex, rotund, fin echilibrat<\/p>\n<\/li>\n<li data-start=\"800\" data-end=\"888\">\n<p data-start=\"802\" data-end=\"888\"><strong data-start=\"802\" data-end=\"821\">Mod de servire:<\/strong> degustare simpl\u0103, cu ghea\u021b\u0103 mare, sau \u00een cocktailuri sofisticate<\/p>\n<\/li>\n<\/ul>","protected":false},"featured_media":11054,"comment_status":"open","ping_status":"closed","template":"","meta":[],"product_cat":[405,453,404,409],"product_tag":[],"yoast_head":"<!-- This site is optimized with the Yoast SEO plugin v20.10 - https:\/\/yoast.com\/wordpress\/plugins\/seo\/ -->\n<title>Rum Barcel\u00f3 Imperial | Global Bar Beverages<\/title>\n<meta name=\"robots\" content=\"index, follow, max-snippet:-1, max-image-preview:large, max-video-preview:-1\" \/>\n<link rel=\"canonical\" href=\"https:\/\/gbb.md\/ru\/product\/rum-barcelo-imperial\/\" \/>\n<meta property=\"og:locale\" content=\"ru_RU\" \/>\n<meta property=\"og:type\" content=\"article\" \/>\n<meta property=\"og:title\" content=\"Rum Barcel\u00f3 Imperial | Global Bar Beverages\" \/>\n<meta property=\"og:description\" content=\"Tip: rom dominican premium \u00eenvechit    Brand: Ron Barcel\u00f3    \u021aara de origine: Republica Dominican\u0103    Ingrediente de baz\u0103: distilat din suc de trestie de zah\u0103r    Maturare: \u00eendelungat\u0103, \u00een butoaie de stejar (de obicei 8\u201310+ ani)    Alcool: aprox. 38 % vol. (variaz\u0103 u\u0219or dup\u0103 pia\u021b\u0103)    Volum: de regul\u0103 0,7 l sau 1 l    Culoare: chihlimbar \u00eenchis \/ auriu intens    Profil aromatic: note bogate de vanilie, caramel, fructe confiate, condimente dulci, stejar, ciocolat\u0103    Gust: complex, rotund, fin echilibrat    Mod de servire: degustare simpl\u0103, cu ghea\u021b\u0103 mare, sau \u00een cocktailuri sofisticate\" \/>\n<meta property=\"og:url\" content=\"https:\/\/gbb.md\/ru\/product\/rum-barcelo-imperial\/\" \/>\n<meta property=\"og:site_name\" content=\"Global Bar Beverages\" \/>\n<meta property=\"article:publisher\" content=\"https:\/\/www.facebook.com\/profile.php?id=61555243232370\" \/>\n<meta property=\"article:modified_time\" content=\"2025-12-18T16:09:38+00:00\" \/>\n<meta property=\"og:image\" content=\"https:\/\/gbb.md\/wp-content\/uploads\/2025\/12\/barcelo-imperial-rum-7461323129459-39209554772220.jpg\" \/>\n\t<meta property=\"og:image:width\" content=\"2048\" \/>\n\t<meta property=\"og:image:height\" content=\"2048\" \/>\n\t<meta property=\"og:image:type\" content=\"image\/jpeg\" \/>\n<meta name=\"twitter:card\" content=\"summary_large_image\" \/>\n<meta name=\"twitter:label1\" content=\"\u041f\u0440\u0438\u043c\u0435\u0440\u043d\u043e\u0435 \u0432\u0440\u0435\u043c\u044f \u0434\u043b\u044f \u0447\u0442\u0435\u043d\u0438\u044f\" \/>\n\t<meta name=\"twitter:data1\" content=\"1 \u043c\u0438\u043d\u0443\u0442\u0430\" \/>\n<script type=\"application\/ld+json\" class=\"yoast-schema-graph\">{\"@context\":\"https:\/\/schema.org\",\"@graph\":[{\"@type\":\"WebPage\",\"@id\":\"https:\/\/gbb.md\/product\/rum-barcelo-imperial\/\",\"url\":\"https:\/\/gbb.md\/product\/rum-barcelo-imperial\/\",\"name\":\"Rum Barcel\u00f3 Imperial | Global Bar Beverages\",\"isPartOf\":{\"@id\":\"https:\/\/gbb.md\/#website\"},\"datePublished\":\"2025-12-18T16:09:37+00:00\",\"dateModified\":\"2025-12-18T16:09:38+00:00\",\"breadcrumb\":{\"@id\":\"https:\/\/gbb.md\/product\/rum-barcelo-imperial\/#breadcrumb\"},\"inLanguage\":\"ru-RU\",\"potentialAction\":[{\"@type\":\"ReadAction\",\"target\":[\"https:\/\/gbb.md\/product\/rum-barcelo-imperial\/\"]}]},{\"@type\":\"BreadcrumbList\",\"@id\":\"https:\/\/gbb.md\/product\/rum-barcelo-imperial\/#breadcrumb\",\"itemListElement\":[{\"@type\":\"ListItem\",\"position\":1,\"name\":\"\u0413\u043b\u0430\u0432\u043d\u0430\u044f \u0441\u0442\u0440\u0430\u043d\u0438\u0446\u0430\",\"item\":\"https:\/\/gbb.md\/\"},{\"@type\":\"ListItem\",\"position\":2,\"name\":\"Produse\",\"item\":\"https:\/\/gbb.md\/shop\/\"},{\"@type\":\"ListItem\",\"position\":3,\"name\":\"Rum Barcel\u00f3 Imperial\"}]},{\"@type\":\"WebSite\",\"@id\":\"https:\/\/gbb.md\/#website\",\"url\":\"https:\/\/gbb.md\/\",\"name\":\"GBB\",\"description\":\"\u042d\u0442\u043e \u043c\u043e\u043b\u043e\u0434\u0430\u044f \u0431\u044b\u0441\u0442\u0440\u043e\u0440\u0430\u0441\u0442\u0443\u0449\u0430\u044f \u043a\u043e\u043c\u043f\u0430\u043d\u0438\u044f, \u0441\u0442\u0430\u0432\u0448\u0430\u044f \u043a\u0440\u0443\u043f\u043d\u0435\u0439\u0448\u0438\u043c \u0432 \u041c\u043e\u043b\u0434\u043e\u0432\u0435 \u043f\u043e\u0441\u0442\u0430\u0432\u0449\u0438\u043a\u043e\u043c \u0441\u0438\u0440\u043e\u043f\u043e\u0432 \u0438 \u043f\u044e\u0440\u0435 \u0434\u043b\u044f \u043d\u0430\u043f\u0438\u0442\u043a\u043e\u0432, \u0447\u0430\u044f, \u043a\u043e\u0444\u0435, \u0441\u043e\u0443\u0441\u043e\u0432, \u0442\u043e\u043d\u0438\u043a\u043e\u0432 \u0438 bubble tea \u043e\u0442 \u0438\u043c\u0435\u043d\u0438\u0442\u044b\u0445 \u043f\u0440\u043e\u0438\u0437\u0432\u043e\u0434\u0438\u0442\u0435\u043b\u0435\u0439.\",\"publisher\":{\"@id\":\"https:\/\/gbb.md\/#organization\"},\"alternateName\":\"Global Bar Beverages\",\"potentialAction\":[{\"@type\":\"SearchAction\",\"target\":{\"@type\":\"EntryPoint\",\"urlTemplate\":\"https:\/\/gbb.md\/?s={search_term_string}\"},\"query-input\":\"required name=search_term_string\"}],\"inLanguage\":\"ru-RU\"},{\"@type\":\"Organization\",\"@id\":\"https:\/\/gbb.md\/#organization\",\"name\":\"GBB\",\"alternateName\":\"Global Bar Beverages\",\"url\":\"https:\/\/gbb.md\/\",\"logo\":{\"@type\":\"ImageObject\",\"inLanguage\":\"ru-RU\",\"@id\":\"https:\/\/gbb.md\/#\/schema\/logo\/image\/\",\"url\":\"https:\/\/gbb.md\/wp-content\/uploads\/2024\/01\/android-chrome-512x512-1.png\",\"contentUrl\":\"https:\/\/gbb.md\/wp-content\/uploads\/2024\/01\/android-chrome-512x512-1.png\",\"width\":512,\"height\":512,\"caption\":\"GBB\"},\"image\":{\"@id\":\"https:\/\/gbb.md\/#\/schema\/logo\/image\/\"},\"sameAs\":[\"https:\/\/www.facebook.com\/profile.php?id=61555243232370\"]}]}<\/script>\n<!-- \/ Yoast SEO plugin. -->","yoast_head_json":{"title":"Rum Barcel\u00f3 Imperial | Global Bar Beverages","robots":{"index":"index","follow":"follow","max-snippet":"max-snippet:-1","max-image-preview":"max-image-preview:large","max-video-preview":"max-video-preview:-1"},"canonical":"https:\/\/gbb.md\/ru\/product\/rum-barcelo-imperial\/","og_locale":"ru_RU","og_type":"article","og_title":"Rum Barcel\u00f3 Imperial | Global Bar Beverages","og_description":"Tip: rom dominican premium \u00eenvechit    Brand: Ron Barcel\u00f3    \u021aara de origine: Republica Dominican\u0103    Ingrediente de baz\u0103: distilat din suc de trestie de zah\u0103r    Maturare: \u00eendelungat\u0103, \u00een butoaie de stejar (de obicei 8\u201310+ ani)    Alcool: aprox. 38 % vol. (variaz\u0103 u\u0219or dup\u0103 pia\u021b\u0103)    Volum: de regul\u0103 0,7 l sau 1 l    Culoare: chihlimbar \u00eenchis \/ auriu intens    Profil aromatic: note bogate de vanilie, caramel, fructe confiate, condimente dulci, stejar, ciocolat\u0103    Gust: complex, rotund, fin echilibrat    Mod de servire: degustare simpl\u0103, cu ghea\u021b\u0103 mare, sau \u00een cocktailuri sofisticate","og_url":"https:\/\/gbb.md\/ru\/product\/rum-barcelo-imperial\/","og_site_name":"Global Bar Beverages","article_publisher":"https:\/\/www.facebook.com\/profile.php?id=61555243232370","article_modified_time":"2025-12-18T16:09:38+00:00","og_image":[{"width":2048,"height":2048,"url":"https:\/\/gbb.md\/wp-content\/uploads\/2025\/12\/barcelo-imperial-rum-7461323129459-39209554772220.jpg","type":"image\/jpeg"}],"twitter_card":"summary_large_image","twitter_misc":{"\u041f\u0440\u0438\u043c\u0435\u0440\u043d\u043e\u0435 \u0432\u0440\u0435\u043c\u044f \u0434\u043b\u044f \u0447\u0442\u0435\u043d\u0438\u044f":"1 \u043c\u0438\u043d\u0443\u0442\u0430"},"schema":{"@context":"https:\/\/schema.org","@graph":[{"@type":"WebPage","@id":"https:\/\/gbb.md\/product\/rum-barcelo-imperial\/","url":"https:\/\/gbb.md\/product\/rum-barcelo-imperial\/","name":"Rum Barcel\u00f3 Imperial | Global Bar Beverages","isPartOf":{"@id":"https:\/\/gbb.md\/#website"},"datePublished":"2025-12-18T16:09:37+00:00","dateModified":"2025-12-18T16:09:38+00:00","breadcrumb":{"@id":"https:\/\/gbb.md\/product\/rum-barcelo-imperial\/#breadcrumb"},"inLanguage":"ru-RU","potentialAction":[{"@type":"ReadAction","target":["https:\/\/gbb.md\/product\/rum-barcelo-imperial\/"]}]},{"@type":"BreadcrumbList","@id":"https:\/\/gbb.md\/product\/rum-barcelo-imperial\/#breadcrumb","itemListElement":[{"@type":"ListItem","position":1,"name":"\u0413\u043b\u0430\u0432\u043d\u0430\u044f \u0441\u0442\u0440\u0430\u043d\u0438\u0446\u0430","item":"https:\/\/gbb.md\/"},{"@type":"ListItem","position":2,"name":"Produse","item":"https:\/\/gbb.md\/shop\/"},{"@type":"ListItem","position":3,"name":"Rum Barcel\u00f3 Imperial"}]},{"@type":"WebSite","@id":"https:\/\/gbb.md\/#website","url":"https:\/\/gbb.md\/","name":"GBB","description":"\u042d\u0442\u043e \u043c\u043e\u043b\u043e\u0434\u0430\u044f \u0431\u044b\u0441\u0442\u0440\u043e\u0440\u0430\u0441\u0442\u0443\u0449\u0430\u044f \u043a\u043e\u043c\u043f\u0430\u043d\u0438\u044f, \u0441\u0442\u0430\u0432\u0448\u0430\u044f \u043a\u0440\u0443\u043f\u043d\u0435\u0439\u0448\u0438\u043c \u0432 \u041c\u043e\u043b\u0434\u043e\u0432\u0435 \u043f\u043e\u0441\u0442\u0430\u0432\u0449\u0438\u043a\u043e\u043c \u0441\u0438\u0440\u043e\u043f\u043e\u0432 \u0438 \u043f\u044e\u0440\u0435 \u0434\u043b\u044f \u043d\u0430\u043f\u0438\u0442\u043a\u043e\u0432, \u0447\u0430\u044f, \u043a\u043e\u0444\u0435, \u0441\u043e\u0443\u0441\u043e\u0432, \u0442\u043e\u043d\u0438\u043a\u043e\u0432 \u0438 bubble tea \u043e\u0442 \u0438\u043c\u0435\u043d\u0438\u0442\u044b\u0445 \u043f\u0440\u043e\u0438\u0437\u0432\u043e\u0434\u0438\u0442\u0435\u043b\u0435\u0439.","publisher":{"@id":"https:\/\/gbb.md\/#organization"},"alternateName":"Global Bar Beverages","potentialAction":[{"@type":"SearchAction","target":{"@type":"EntryPoint","urlTemplate":"https:\/\/gbb.md\/?s={search_term_string}"},"query-input":"required name=search_term_string"}],"inLanguage":"ru-RU"},{"@type":"Organization","@id":"https:\/\/gbb.md\/#organization","name":"GBB","alternateName":"Global Bar Beverages","url":"https:\/\/gbb.md\/","logo":{"@type":"ImageObject","inLanguage":"ru-RU","@id":"https:\/\/gbb.md\/#\/schema\/logo\/image\/","url":"https:\/\/gbb.md\/wp-content\/uploads\/2024\/01\/android-chrome-512x512-1.png","contentUrl":"https:\/\/gbb.md\/wp-content\/uploads\/2024\/01\/android-chrome-512x512-1.png","width":512,"height":512,"caption":"GBB"},"image":{"@id":"https:\/\/gbb.md\/#\/schema\/logo\/image\/"},"sameAs":["https:\/\/www.facebook.com\/profile.php?id=61555243232370"]}]}},"_links":{"self":[{"href":"https:\/\/gbb.md\/ru\/wp-json\/wp\/v2\/product\/11053"}],"collection":[{"href":"https:\/\/gbb.md\/ru\/wp-json\/wp\/v2\/product"}],"about":[{"href":"https:\/\/gbb.md\/ru\/wp-json\/wp\/v2\/types\/product"}],"replies":[{"embeddable":true,"href":"https:\/\/gbb.md\/ru\/wp-json\/wp\/v2\/comments?post=11053"}],"wp:featuredmedia":[{"embeddable":true,"href":"https:\/\/gbb.md\/ru\/wp-json\/wp\/v2\/media\/11054"}],"wp:attachment":[{"href":"https:\/\/gbb.md\/ru\/wp-json\/wp\/v2\/media?parent=11053"}],"wp:term":[{"taxonomy":"product_cat","embeddable":true,"href":"https:\/\/gbb.md\/ru\/wp-json\/wp\/v2\/product_cat?post=11053"},{"taxonomy":"product_tag","embeddable":true,"href":"https:\/\/gbb.md\/ru\/wp-json\/wp\/v2\/product_tag?post=11053"}],"curies":[{"name":"wp","href":"https:\/\/api.w.org\/{rel}","templated":true}]}}