{"id":11115,"date":"2026-01-22T12:04:51","date_gmt":"2026-01-22T10:04:51","guid":{"rendered":"https:\/\/gbb.md\/?post_type=product&#038;p=11115"},"modified":"2026-01-22T12:04:53","modified_gmt":"2026-01-22T10:04:53","slug":"tequila-corazon-anejo-0-7l","status":"publish","type":"product","link":"https:\/\/gbb.md\/ru\/product\/tequila-corazon-anejo-0-7l\/","title":{"rendered":"Tequila Corazon Anejo 0.7L"},"content":{"rendered":"<div id=\"fws_6a047aeebb0e5\"  data-midnight=\"dark\" data-top-percent=\"-30%\"  data-bg-mobile-hidden=\"\" class=\"wpb_row vc_row-fluid vc_row top-level  vc_row-o-equal-height vc_row-flex  vc_row-o-content-middle standard_section\"  style=\"padding-top: calc(100vw * 0.0-30); padding-bottom: 0px;  z-index: 100;\"><div class=\"row-bg-wrap\"><div class=\"inner-wrap\"><div class=\"row-bg\"  style=\"\"><\/div><\/div><div class=\"row-bg-overlay\" ><\/div><\/div><div class=\"col span_12 dark left\">\n\t<div style=\"margin-top: -190px; \" class=\"vc_col-sm-12 wpb_column column_container vc_column_container col neg-marg no-extra-padding\"  data-t-w-inherits=\"default\" data-border-radius=\"none\" data-shadow=\"none\" data-border-animation=\"\" data-border-animation-delay=\"\" data-border-width=\"none\" data-border-style=\"solid\" data-border-color=\"\" data-bg-cover=\"\" data-padding-pos=\"all\" data-has-bg-color=\"false\" data-bg-color=\"\" data-bg-opacity=\"1\" data-hover-bg=\"\" data-hover-bg-opacity=\"1\" data-animation=\"\" data-delay=\"0\"><div class=\"column-bg-overlay\"><\/div>\n\t\t<div class=\"vc_column-inner\">\n\t\t\t<div class=\"wpb_wrapper\">\n\t\t\t\t<div class=\"divider-wrap\" data-alignment=\"default\"><div style=\"height: 70px;\" class=\"divider\"><\/div><\/div><div id=\"ultimate-heading-2446a047aeebb35b\" class=\"uvc-heading ult-adjust-bottom-margin ultimate-heading-2446a047aeebb35b uvc-6392\" data-hspacer=\"no_spacer\"  data-halign=\"left\" style=\"text-align:left\"><div class=\"uvc-heading-spacer no_spacer\" style=\"top\"><\/div><div class=\"uvc-main-heading ult-responsive\"  data-ultimate-target='.uvc-heading.ultimate-heading-2446a047aeebb35b h2'  data-responsive-json-new='{\"font-size\":\"desktop:28px;\",\"line-height\":\"\"}' ><h2 style=\"font-weight:bold;color:#333333;\">Tequila Corazon Anejo<\/h2><\/div><div class=\"uvc-sub-heading ult-responsive\"  data-ultimate-target='.uvc-heading.ultimate-heading-2446a047aeebb35b .uvc-sub-heading '  data-responsive-json-new='{\"font-size\":\"desktop:18px;\",\"line-height\":\"\"}'  style=\"font-weight:normal;\">\n<p data-start=\"893\" data-end=\"1116\"><em data-start=\"893\" data-end=\"916\">Coraz\u00f3n Tequila A\u00f1ejo<\/em> este o tequila A\u00f1ejo premium produs\u0103 \u00een regiunea <strong data-start=\"966\" data-end=\"991\">Los Altos din Jalisco<\/strong>, \u00een Mexic, de c\u0103tre distileria <strong data-start=\"1023\" data-end=\"1042\">Casa San Mat\u00edas<\/strong>, cunoscut\u0103 pentru tradi\u021bia sa \u00een produc\u021bia de tequila de \u00eenalt\u0103 calitate.<\/p>\n<p data-start=\"1118\" data-end=\"1499\">Aceast\u0103 tequila este realizat\u0103 exclusiv din <strong data-start=\"1162\" data-end=\"1199\">100 % agave albastr\u0103 (Blue Weber)<\/strong>, cresc\u00e2nd la altitudini mai mari, ceea ce \u00eei confer\u0103 un caracter aromatic \u0219i gust distinct. Dup\u0103 fermentare \u0219i distilare, tequila este <strong data-start=\"1335\" data-end=\"1377\">maturat\u0103 \u00een butoaie de stejar american<\/strong> timp de aproximativ <strong data-start=\"1398\" data-end=\"1412\">16\u201318 luni<\/strong>, proces care \u00eei ofer\u0103 o <strong data-start=\"1437\" data-end=\"1462\">culoare ambra pl\u0103cut\u0103<\/strong>, profunzime \u0219i complexitate aromat\u0103.<\/p>\n<p data-start=\"1501\" data-end=\"1821\">La nivel olfactiv, <em data-start=\"1520\" data-end=\"1535\">Coraz\u00f3n A\u00f1ejo<\/em> dezvolt\u0103 <strong data-start=\"1545\" data-end=\"1569\">note de agave coapt\u0103<\/strong>, urmate de <strong data-start=\"1581\" data-end=\"1619\">vanilie, caramel \u0219i lemn de stejar<\/strong>, completate de accente subtile vegetale \u0219i condimente fine. Gustul este <strong data-start=\"1692\" data-end=\"1720\">bine echilibrat \u0219i neted<\/strong>, combin\u00e2nd dulcea\u021ba natural\u0103 a agavei cu aromele mai profunde dob\u00e2ndite \u00een timpul matur\u0103rii \u00een lemn.<\/p>\n<p data-start=\"1823\" data-end=\"2186\">Aceast\u0103 tequila este ideal\u0103 pentru <strong data-start=\"1858\" data-end=\"1879\">degustarea simpl\u0103<\/strong>, servit\u0103 neat sau cu un <strong data-start=\"1904\" data-end=\"1926\">cub mare de ghea\u021b\u0103<\/strong>, ceea ce permite aromelor s\u0103 se deschid\u0103 lent. <em data-start=\"1974\" data-end=\"1997\">Coraz\u00f3n Tequila A\u00f1ejo<\/em> este apreciat\u0103 pentru <strong data-start=\"2020\" data-end=\"2055\">profilul s\u0103u elegant \u0219i complex<\/strong>, reflect\u00e2nd at\u00e2t tradi\u021bia produc\u021biei mexicane de tequila, c\u00e2t \u0219i impactul matur\u0103rii \u00een lemn asupra caracterului final al b\u0103uturii.<\/p>\n<\/div><\/div><div class=\"divider-wrap\" data-alignment=\"default\"><div style=\"height: 25px;\" class=\"divider\"><\/div><\/div>\n\t\t\t<\/div> \n\t\t<\/div>\n\t<\/div> \n<\/div><\/div>\n\t\t<div id=\"fws_6a047aeebb6e8\"  data-midnight=\"dark\"  data-bg-mobile-hidden=\"\" class=\"wpb_row vc_row-fluid vc_row standard_section\"  style=\"padding-top: 0px; padding-bottom: 0px; \"><div class=\"row-bg-wrap\"><div class=\"inner-wrap\"><div class=\"row-bg\"  style=\"\"><\/div><\/div><div class=\"row-bg-overlay\" ><\/div><\/div><div class=\"col span_12 dark left\">\n\t<div  class=\"vc_col-sm-12 wpb_column column_container vc_column_container col no-extra-padding\"  data-t-w-inherits=\"default\" data-border-radius=\"none\" data-shadow=\"none\" data-border-animation=\"\" data-border-animation-delay=\"\" data-border-width=\"none\" data-border-style=\"solid\" data-border-color=\"\" data-bg-cover=\"\" data-padding-pos=\"all\" data-has-bg-color=\"false\" data-bg-color=\"\" data-bg-opacity=\"1\" data-hover-bg=\"\" data-hover-bg-opacity=\"1\" data-animation=\"\" data-delay=\"0\"><div class=\"column-bg-overlay\"><\/div>\n\t\t<div class=\"vc_column-inner\">\n\t\t\t<div class=\"wpb_wrapper\">\n\t\t\t\t<div class=\"divider-wrap\" data-alignment=\"default\"><div style=\"height: 100px;\" class=\"divider\"><\/div><\/div>\n\t\t\t<\/div> \n\t\t<\/div>\n\t<\/div> \n<\/div><\/div>","protected":false},"excerpt":{"rendered":"<ul>\n<li data-start=\"166\" data-end=\"210\"><strong data-start=\"260\" data-end=\"280\">\u021aara de origine:<\/strong> Mexic (regiunea Jalisco, Los Altos)<\/li>\n<li data-start=\"319\" data-end=\"372\">\n<p data-start=\"321\" data-end=\"372\"><strong data-start=\"321\" data-end=\"336\">Produc\u0103tor:<\/strong> Casa San Mat\u00edas (brandul Coraz\u00f3n)<\/p>\n<\/li>\n<li data-start=\"373\" data-end=\"429\">\n<p data-start=\"375\" data-end=\"429\"><strong data-start=\"375\" data-end=\"393\">Materie prim\u0103:<\/strong> 100 % agave albastr\u0103 (Blue Weber)<\/p>\n<\/li>\n<li data-start=\"430\" data-end=\"470\">\n<p data-start=\"432\" data-end=\"470\"><strong data-start=\"432\" data-end=\"446\">Distilare:<\/strong> de obicei de dou\u0103 ori<\/p>\n<\/li>\n<li data-start=\"471\" data-end=\"549\">\n<p data-start=\"473\" data-end=\"549\"><strong data-start=\"473\" data-end=\"486\">Maturare:<\/strong> \u00een butoaie de stejar american timp de aproximativ 16\u201318 luni<\/p>\n<\/li>\n<li data-start=\"550\" data-end=\"575\">\n<p data-start=\"552\" data-end=\"575\"><strong data-start=\"552\" data-end=\"563\">Alcool:<\/strong> 40 % vol.<\/p>\n<\/li>\n<li data-start=\"576\" data-end=\"612\">\n<p data-start=\"578\" data-end=\"612\"><strong data-start=\"578\" data-end=\"590\">Culoare:<\/strong> ambra \/ auriu mediu<\/p>\n<\/li>\n<li data-start=\"613\" data-end=\"714\">\n<p data-start=\"615\" data-end=\"714\"><strong data-start=\"615\" data-end=\"635\">Profil aromatic:<\/strong> agave coapt\u0103, vanilie, caramel, lemn de stejar, ierburi \u0219i condimente u\u0219oare<\/p>\n<\/li>\n<li data-start=\"715\" data-end=\"791\">\n<p data-start=\"717\" data-end=\"791\"><strong data-start=\"717\" data-end=\"726\">Gust:<\/strong> complex, neted, cu arome de agave dulce, caramel \u0219i condimente<\/p>\n<\/li>\n<li data-start=\"792\" data-end=\"855\">\n<p data-start=\"794\" data-end=\"855\"><strong data-start=\"794\" data-end=\"813\">Mod de servire:<\/strong> simplu (neat) sau cu cub mare de ghea\u021b\u0103<\/p>\n<\/li>\n<\/ul>","protected":false},"featured_media":11116,"comment_status":"open","ping_status":"closed","template":"","meta":[],"product_cat":[405,404,454,450],"product_tag":[],"yoast_head":"<!-- This site is optimized with the Yoast SEO plugin v20.10 - https:\/\/yoast.com\/wordpress\/plugins\/seo\/ -->\n<title>Tequila Corazon Anejo 0.7L | Global Bar Beverages<\/title>\n<meta name=\"robots\" content=\"index, follow, max-snippet:-1, max-image-preview:large, max-video-preview:-1\" \/>\n<link rel=\"canonical\" href=\"https:\/\/gbb.md\/ru\/product\/tequila-corazon-anejo-0-7l\/\" \/>\n<meta property=\"og:locale\" content=\"ru_RU\" \/>\n<meta property=\"og:type\" content=\"article\" \/>\n<meta property=\"og:title\" content=\"Tequila Corazon Anejo 0.7L | Global Bar Beverages\" \/>\n<meta property=\"og:description\" content=\"\u021aara de origine: Mexic (regiunea Jalisco, Los Altos)   Produc\u0103tor: Casa San Mat\u00edas (brandul Coraz\u00f3n)    Materie prim\u0103: 100 % agave albastr\u0103 (Blue Weber)    Distilare: de obicei de dou\u0103 ori    Maturare: \u00een butoaie de stejar american timp de aproximativ 16\u201318 luni    Alcool: 40 % vol.    Culoare: ambra \/ auriu mediu    Profil aromatic: agave coapt\u0103, vanilie, caramel, lemn de stejar, ierburi \u0219i condimente u\u0219oare    Gust: complex, neted, cu arome de agave dulce, caramel \u0219i condimente    Mod de servire: simplu (neat) sau cu cub mare de ghea\u021b\u0103\" \/>\n<meta property=\"og:url\" content=\"https:\/\/gbb.md\/ru\/product\/tequila-corazon-anejo-0-7l\/\" \/>\n<meta property=\"og:site_name\" content=\"Global Bar Beverages\" \/>\n<meta property=\"article:publisher\" content=\"https:\/\/www.facebook.com\/profile.php?id=61555243232370\" \/>\n<meta property=\"article:modified_time\" content=\"2026-01-22T10:04:53+00:00\" \/>\n<meta property=\"og:image\" content=\"https:\/\/gbb.md\/wp-content\/uploads\/2026\/01\/Corazon-Anejo-776x1176-1.jpg\" \/>\n\t<meta property=\"og:image:width\" content=\"1588\" \/>\n\t<meta property=\"og:image:height\" content=\"1300\" \/>\n\t<meta property=\"og:image:type\" content=\"image\/jpeg\" \/>\n<meta name=\"twitter:card\" content=\"summary_large_image\" \/>\n<meta name=\"twitter:label1\" content=\"\u041f\u0440\u0438\u043c\u0435\u0440\u043d\u043e\u0435 \u0432\u0440\u0435\u043c\u044f \u0434\u043b\u044f \u0447\u0442\u0435\u043d\u0438\u044f\" \/>\n\t<meta name=\"twitter:data1\" content=\"2 \u043c\u0438\u043d\u0443\u0442\u044b\" \/>\n<script type=\"application\/ld+json\" class=\"yoast-schema-graph\">{\"@context\":\"https:\/\/schema.org\",\"@graph\":[{\"@type\":\"WebPage\",\"@id\":\"https:\/\/gbb.md\/product\/tequila-corazon-anejo-0-7l\/\",\"url\":\"https:\/\/gbb.md\/product\/tequila-corazon-anejo-0-7l\/\",\"name\":\"Tequila Corazon Anejo 0.7L | Global Bar Beverages\",\"isPartOf\":{\"@id\":\"https:\/\/gbb.md\/#website\"},\"datePublished\":\"2026-01-22T10:04:51+00:00\",\"dateModified\":\"2026-01-22T10:04:53+00:00\",\"breadcrumb\":{\"@id\":\"https:\/\/gbb.md\/product\/tequila-corazon-anejo-0-7l\/#breadcrumb\"},\"inLanguage\":\"ru-RU\",\"potentialAction\":[{\"@type\":\"ReadAction\",\"target\":[\"https:\/\/gbb.md\/product\/tequila-corazon-anejo-0-7l\/\"]}]},{\"@type\":\"BreadcrumbList\",\"@id\":\"https:\/\/gbb.md\/product\/tequila-corazon-anejo-0-7l\/#breadcrumb\",\"itemListElement\":[{\"@type\":\"ListItem\",\"position\":1,\"name\":\"\u0413\u043b\u0430\u0432\u043d\u0430\u044f \u0441\u0442\u0440\u0430\u043d\u0438\u0446\u0430\",\"item\":\"https:\/\/gbb.md\/\"},{\"@type\":\"ListItem\",\"position\":2,\"name\":\"Produse\",\"item\":\"https:\/\/gbb.md\/shop\/\"},{\"@type\":\"ListItem\",\"position\":3,\"name\":\"Tequila Corazon Anejo 0.7L\"}]},{\"@type\":\"WebSite\",\"@id\":\"https:\/\/gbb.md\/#website\",\"url\":\"https:\/\/gbb.md\/\",\"name\":\"GBB\",\"description\":\"\u042d\u0442\u043e \u043c\u043e\u043b\u043e\u0434\u0430\u044f \u0431\u044b\u0441\u0442\u0440\u043e\u0440\u0430\u0441\u0442\u0443\u0449\u0430\u044f \u043a\u043e\u043c\u043f\u0430\u043d\u0438\u044f, \u0441\u0442\u0430\u0432\u0448\u0430\u044f \u043a\u0440\u0443\u043f\u043d\u0435\u0439\u0448\u0438\u043c \u0432 \u041c\u043e\u043b\u0434\u043e\u0432\u0435 \u043f\u043e\u0441\u0442\u0430\u0432\u0449\u0438\u043a\u043e\u043c \u0441\u0438\u0440\u043e\u043f\u043e\u0432 \u0438 \u043f\u044e\u0440\u0435 \u0434\u043b\u044f \u043d\u0430\u043f\u0438\u0442\u043a\u043e\u0432, \u0447\u0430\u044f, \u043a\u043e\u0444\u0435, \u0441\u043e\u0443\u0441\u043e\u0432, \u0442\u043e\u043d\u0438\u043a\u043e\u0432 \u0438 bubble tea \u043e\u0442 \u0438\u043c\u0435\u043d\u0438\u0442\u044b\u0445 \u043f\u0440\u043e\u0438\u0437\u0432\u043e\u0434\u0438\u0442\u0435\u043b\u0435\u0439.\",\"publisher\":{\"@id\":\"https:\/\/gbb.md\/#organization\"},\"alternateName\":\"Global Bar Beverages\",\"potentialAction\":[{\"@type\":\"SearchAction\",\"target\":{\"@type\":\"EntryPoint\",\"urlTemplate\":\"https:\/\/gbb.md\/?s={search_term_string}\"},\"query-input\":\"required name=search_term_string\"}],\"inLanguage\":\"ru-RU\"},{\"@type\":\"Organization\",\"@id\":\"https:\/\/gbb.md\/#organization\",\"name\":\"GBB\",\"alternateName\":\"Global Bar Beverages\",\"url\":\"https:\/\/gbb.md\/\",\"logo\":{\"@type\":\"ImageObject\",\"inLanguage\":\"ru-RU\",\"@id\":\"https:\/\/gbb.md\/#\/schema\/logo\/image\/\",\"url\":\"https:\/\/gbb.md\/wp-content\/uploads\/2024\/01\/android-chrome-512x512-1.png\",\"contentUrl\":\"https:\/\/gbb.md\/wp-content\/uploads\/2024\/01\/android-chrome-512x512-1.png\",\"width\":512,\"height\":512,\"caption\":\"GBB\"},\"image\":{\"@id\":\"https:\/\/gbb.md\/#\/schema\/logo\/image\/\"},\"sameAs\":[\"https:\/\/www.facebook.com\/profile.php?id=61555243232370\"]}]}<\/script>\n<!-- \/ Yoast SEO plugin. -->","yoast_head_json":{"title":"Tequila Corazon Anejo 0.7L | Global Bar Beverages","robots":{"index":"index","follow":"follow","max-snippet":"max-snippet:-1","max-image-preview":"max-image-preview:large","max-video-preview":"max-video-preview:-1"},"canonical":"https:\/\/gbb.md\/ru\/product\/tequila-corazon-anejo-0-7l\/","og_locale":"ru_RU","og_type":"article","og_title":"Tequila Corazon Anejo 0.7L | Global Bar Beverages","og_description":"\u021aara de origine: Mexic (regiunea Jalisco, Los Altos)   Produc\u0103tor: Casa San Mat\u00edas (brandul Coraz\u00f3n)    Materie prim\u0103: 100 % agave albastr\u0103 (Blue Weber)    Distilare: de obicei de dou\u0103 ori    Maturare: \u00een butoaie de stejar american timp de aproximativ 16\u201318 luni    Alcool: 40 % vol.    Culoare: ambra \/ auriu mediu    Profil aromatic: agave coapt\u0103, vanilie, caramel, lemn de stejar, ierburi \u0219i condimente u\u0219oare    Gust: complex, neted, cu arome de agave dulce, caramel \u0219i condimente    Mod de servire: simplu (neat) sau cu cub mare de ghea\u021b\u0103","og_url":"https:\/\/gbb.md\/ru\/product\/tequila-corazon-anejo-0-7l\/","og_site_name":"Global Bar Beverages","article_publisher":"https:\/\/www.facebook.com\/profile.php?id=61555243232370","article_modified_time":"2026-01-22T10:04:53+00:00","og_image":[{"width":1588,"height":1300,"url":"https:\/\/gbb.md\/wp-content\/uploads\/2026\/01\/Corazon-Anejo-776x1176-1.jpg","type":"image\/jpeg"}],"twitter_card":"summary_large_image","twitter_misc":{"\u041f\u0440\u0438\u043c\u0435\u0440\u043d\u043e\u0435 \u0432\u0440\u0435\u043c\u044f \u0434\u043b\u044f \u0447\u0442\u0435\u043d\u0438\u044f":"2 \u043c\u0438\u043d\u0443\u0442\u044b"},"schema":{"@context":"https:\/\/schema.org","@graph":[{"@type":"WebPage","@id":"https:\/\/gbb.md\/product\/tequila-corazon-anejo-0-7l\/","url":"https:\/\/gbb.md\/product\/tequila-corazon-anejo-0-7l\/","name":"Tequila Corazon Anejo 0.7L | Global Bar Beverages","isPartOf":{"@id":"https:\/\/gbb.md\/#website"},"datePublished":"2026-01-22T10:04:51+00:00","dateModified":"2026-01-22T10:04:53+00:00","breadcrumb":{"@id":"https:\/\/gbb.md\/product\/tequila-corazon-anejo-0-7l\/#breadcrumb"},"inLanguage":"ru-RU","potentialAction":[{"@type":"ReadAction","target":["https:\/\/gbb.md\/product\/tequila-corazon-anejo-0-7l\/"]}]},{"@type":"BreadcrumbList","@id":"https:\/\/gbb.md\/product\/tequila-corazon-anejo-0-7l\/#breadcrumb","itemListElement":[{"@type":"ListItem","position":1,"name":"\u0413\u043b\u0430\u0432\u043d\u0430\u044f \u0441\u0442\u0440\u0430\u043d\u0438\u0446\u0430","item":"https:\/\/gbb.md\/"},{"@type":"ListItem","position":2,"name":"Produse","item":"https:\/\/gbb.md\/shop\/"},{"@type":"ListItem","position":3,"name":"Tequila Corazon Anejo 0.7L"}]},{"@type":"WebSite","@id":"https:\/\/gbb.md\/#website","url":"https:\/\/gbb.md\/","name":"GBB","description":"\u042d\u0442\u043e \u043c\u043e\u043b\u043e\u0434\u0430\u044f \u0431\u044b\u0441\u0442\u0440\u043e\u0440\u0430\u0441\u0442\u0443\u0449\u0430\u044f \u043a\u043e\u043c\u043f\u0430\u043d\u0438\u044f, \u0441\u0442\u0430\u0432\u0448\u0430\u044f \u043a\u0440\u0443\u043f\u043d\u0435\u0439\u0448\u0438\u043c \u0432 \u041c\u043e\u043b\u0434\u043e\u0432\u0435 \u043f\u043e\u0441\u0442\u0430\u0432\u0449\u0438\u043a\u043e\u043c \u0441\u0438\u0440\u043e\u043f\u043e\u0432 \u0438 \u043f\u044e\u0440\u0435 \u0434\u043b\u044f \u043d\u0430\u043f\u0438\u0442\u043a\u043e\u0432, \u0447\u0430\u044f, \u043a\u043e\u0444\u0435, \u0441\u043e\u0443\u0441\u043e\u0432, \u0442\u043e\u043d\u0438\u043a\u043e\u0432 \u0438 bubble tea \u043e\u0442 \u0438\u043c\u0435\u043d\u0438\u0442\u044b\u0445 \u043f\u0440\u043e\u0438\u0437\u0432\u043e\u0434\u0438\u0442\u0435\u043b\u0435\u0439.","publisher":{"@id":"https:\/\/gbb.md\/#organization"},"alternateName":"Global Bar Beverages","potentialAction":[{"@type":"SearchAction","target":{"@type":"EntryPoint","urlTemplate":"https:\/\/gbb.md\/?s={search_term_string}"},"query-input":"required name=search_term_string"}],"inLanguage":"ru-RU"},{"@type":"Organization","@id":"https:\/\/gbb.md\/#organization","name":"GBB","alternateName":"Global Bar Beverages","url":"https:\/\/gbb.md\/","logo":{"@type":"ImageObject","inLanguage":"ru-RU","@id":"https:\/\/gbb.md\/#\/schema\/logo\/image\/","url":"https:\/\/gbb.md\/wp-content\/uploads\/2024\/01\/android-chrome-512x512-1.png","contentUrl":"https:\/\/gbb.md\/wp-content\/uploads\/2024\/01\/android-chrome-512x512-1.png","width":512,"height":512,"caption":"GBB"},"image":{"@id":"https:\/\/gbb.md\/#\/schema\/logo\/image\/"},"sameAs":["https:\/\/www.facebook.com\/profile.php?id=61555243232370"]}]}},"_links":{"self":[{"href":"https:\/\/gbb.md\/ru\/wp-json\/wp\/v2\/product\/11115"}],"collection":[{"href":"https:\/\/gbb.md\/ru\/wp-json\/wp\/v2\/product"}],"about":[{"href":"https:\/\/gbb.md\/ru\/wp-json\/wp\/v2\/types\/product"}],"replies":[{"embeddable":true,"href":"https:\/\/gbb.md\/ru\/wp-json\/wp\/v2\/comments?post=11115"}],"wp:featuredmedia":[{"embeddable":true,"href":"https:\/\/gbb.md\/ru\/wp-json\/wp\/v2\/media\/11116"}],"wp:attachment":[{"href":"https:\/\/gbb.md\/ru\/wp-json\/wp\/v2\/media?parent=11115"}],"wp:term":[{"taxonomy":"product_cat","embeddable":true,"href":"https:\/\/gbb.md\/ru\/wp-json\/wp\/v2\/product_cat?post=11115"},{"taxonomy":"product_tag","embeddable":true,"href":"https:\/\/gbb.md\/ru\/wp-json\/wp\/v2\/product_tag?post=11115"}],"curies":[{"name":"wp","href":"https:\/\/api.w.org\/{rel}","templated":true}]}}