{"id":11120,"date":"2026-01-22T12:18:57","date_gmt":"2026-01-22T10:18:57","guid":{"rendered":"https:\/\/gbb.md\/?post_type=product&#038;p=11120"},"modified":"2026-01-22T12:18:57","modified_gmt":"2026-01-22T10:18:57","slug":"tequila-corazon-blanco-0-7l","status":"publish","type":"product","link":"https:\/\/gbb.md\/ru\/product\/tequila-corazon-blanco-0-7l\/","title":{"rendered":"Tequila Corazon Blanco 0.7L"},"content":{"rendered":"<div id=\"fws_6a047aebcf81c\"  data-midnight=\"dark\" data-top-percent=\"-30%\"  data-bg-mobile-hidden=\"\" class=\"wpb_row vc_row-fluid vc_row top-level  vc_row-o-equal-height vc_row-flex  vc_row-o-content-middle standard_section\"  style=\"padding-top: calc(100vw * 0.0-30); padding-bottom: 0px;  z-index: 100;\"><div class=\"row-bg-wrap\"><div class=\"inner-wrap\"><div class=\"row-bg\"  style=\"\"><\/div><\/div><div class=\"row-bg-overlay\" ><\/div><\/div><div class=\"col span_12 dark left\">\n\t<div style=\"margin-top: -190px; \" class=\"vc_col-sm-12 wpb_column column_container vc_column_container col neg-marg no-extra-padding\"  data-t-w-inherits=\"default\" data-border-radius=\"none\" data-shadow=\"none\" data-border-animation=\"\" data-border-animation-delay=\"\" data-border-width=\"none\" data-border-style=\"solid\" data-border-color=\"\" data-bg-cover=\"\" data-padding-pos=\"all\" data-has-bg-color=\"false\" data-bg-color=\"\" data-bg-opacity=\"1\" data-hover-bg=\"\" data-hover-bg-opacity=\"1\" data-animation=\"\" data-delay=\"0\"><div class=\"column-bg-overlay\"><\/div>\n\t\t<div class=\"vc_column-inner\">\n\t\t\t<div class=\"wpb_wrapper\">\n\t\t\t\t<div class=\"divider-wrap\" data-alignment=\"default\"><div style=\"height: 70px;\" class=\"divider\"><\/div><\/div><div id=\"ultimate-heading-98986a047aebcfbab\" class=\"uvc-heading ult-adjust-bottom-margin ultimate-heading-98986a047aebcfbab uvc-8771\" data-hspacer=\"no_spacer\"  data-halign=\"left\" style=\"text-align:left\"><div class=\"uvc-heading-spacer no_spacer\" style=\"top\"><\/div><div class=\"uvc-main-heading ult-responsive\"  data-ultimate-target='.uvc-heading.ultimate-heading-98986a047aebcfbab h2'  data-responsive-json-new='{\"font-size\":\"desktop:28px;\",\"line-height\":\"\"}' ><h2 style=\"font-weight:bold;color:#333333;\">Tequila Corazon Blanco<\/h2><\/div><div class=\"uvc-sub-heading ult-responsive\"  data-ultimate-target='.uvc-heading.ultimate-heading-98986a047aebcfbab .uvc-sub-heading '  data-responsive-json-new='{\"font-size\":\"desktop:18px;\",\"line-height\":\"\"}'  style=\"font-weight:normal;\">\n<p data-start=\"920\" data-end=\"1328\"><em data-start=\"920\" data-end=\"944\">Tequila Coraz\u00f3n Blanco<\/em> este o tequila mexican\u0103 de tip <strong data-start=\"976\" data-end=\"986\">Blanco<\/strong> (numit\u0103 uneori Plata), caracterizat\u0103 prin <strong data-start=\"1029\" data-end=\"1051\">puritatea aromelor<\/strong> \u0219i <strong data-start=\"1055\" data-end=\"1088\">absen\u021ba matur\u0103rii \u00eendelungate<\/strong>, ceea ce p\u0103streaz\u0103 expresia direct\u0103 a agavei. Produs\u0103 \u00een regiunea <strong data-start=\"1155\" data-end=\"1180\">Los Altos din Jalisco<\/strong>, aceast\u0103 tequila este realizat\u0103 din <strong data-start=\"1217\" data-end=\"1254\">100 % agave albastr\u0103 (Blue Weber)<\/strong>, cultivat\u0103 la altitudine \u0219i recunoscut\u0103 pentru calitatea \u0219i aromele sale.<\/p>\n<p data-start=\"1330\" data-end=\"1650\">Procesul implic\u0103 <strong data-start=\"1347\" data-end=\"1380\">fermentare \u0219i dubl\u0103 distilare<\/strong>, dup\u0103 care tequila este \u00eembuteliat\u0103 f\u0103r\u0103 a petrece timp \u00eendelungat \u00een butoaie de lemn. Dac\u0103 este maturat\u0103, acest lucru se face doar foarte scurt, \u00een recipiente neutre, pentru a p\u0103stra culoarea <strong data-start=\"1574\" data-end=\"1603\">transparent\u0103 \/ cristalin\u0103<\/strong> \u0219i pentru a nu ad\u0103uga arome externe puternice.<\/p>\n<p data-start=\"1652\" data-end=\"1877\">Aromele domin\u0103 prin <strong data-start=\"1672\" data-end=\"1699\">note proaspete de agave<\/strong>, citrice, verde\u021buri \u0219i accente florale delicate. Gustul este <strong data-start=\"1761\" data-end=\"1791\">curat, neted \u0219i echilibrat<\/strong>, oferind o senza\u021bie de prospe\u021bime \u0219i naturale\u021be caracteristic\u0103 tequila-urilor Blanco.<\/p>\n<p data-start=\"1879\" data-end=\"2189\">Datorit\u0103 profilului s\u0103u, <em data-start=\"1904\" data-end=\"1928\">Tequila Coraz\u00f3n Blanco<\/em> este ideal\u0103 pentru consum <strong data-start=\"1955\" data-end=\"1972\">simplu (neat)<\/strong> sau cu <strong data-start=\"1980\" data-end=\"1990\">ghea\u021b\u0103<\/strong>, dar se comport\u0103 excelent \u0219i ca <strong data-start=\"2023\" data-end=\"2058\">baz\u0103 pentru cocktailuri clasice<\/strong> precum <strong data-start=\"2066\" data-end=\"2079\">Margarita<\/strong>, <strong data-start=\"2081\" data-end=\"2091\">Paloma<\/strong>, <strong data-start=\"2093\" data-end=\"2112\">Tequila Sunrise<\/strong> sau <strong data-start=\"2117\" data-end=\"2138\">Tommy\u2019s Margarita<\/strong>, unde contribuie cu aromele sale pure \u0219i vibrante.<\/p>\n<\/div><\/div><div class=\"divider-wrap\" data-alignment=\"default\"><div style=\"height: 25px;\" class=\"divider\"><\/div><\/div>\n\t\t\t<\/div> \n\t\t<\/div>\n\t<\/div> \n<\/div><\/div>\n\t\t<div id=\"fws_6a047aebcff60\"  data-midnight=\"dark\"  data-bg-mobile-hidden=\"\" class=\"wpb_row vc_row-fluid vc_row standard_section\"  style=\"padding-top: 0px; padding-bottom: 0px; \"><div class=\"row-bg-wrap\"><div class=\"inner-wrap\"><div class=\"row-bg\"  style=\"\"><\/div><\/div><div class=\"row-bg-overlay\" ><\/div><\/div><div class=\"col span_12 dark left\">\n\t<div  class=\"vc_col-sm-12 wpb_column column_container vc_column_container col no-extra-padding\"  data-t-w-inherits=\"default\" data-border-radius=\"none\" data-shadow=\"none\" data-border-animation=\"\" data-border-animation-delay=\"\" data-border-width=\"none\" data-border-style=\"solid\" data-border-color=\"\" data-bg-cover=\"\" data-padding-pos=\"all\" data-has-bg-color=\"false\" data-bg-color=\"\" data-bg-opacity=\"1\" data-hover-bg=\"\" data-hover-bg-opacity=\"1\" data-animation=\"\" data-delay=\"0\"><div class=\"column-bg-overlay\"><\/div>\n\t\t<div class=\"vc_column-inner\">\n\t\t\t<div class=\"wpb_wrapper\">\n\t\t\t\t<div class=\"divider-wrap\" data-alignment=\"default\"><div style=\"height: 100px;\" class=\"divider\"><\/div><\/div>\n\t\t\t<\/div> \n\t\t<\/div>\n\t<\/div> \n<\/div><\/div>","protected":false},"excerpt":{"rendered":"<ul>\n<li data-start=\"265\" data-end=\"333\">\n<p data-start=\"267\" data-end=\"333\"><strong data-start=\"267\" data-end=\"287\">\u021aara de origine:<\/strong> <strong data-start=\"288\" data-end=\"297\">Mexic<\/strong> (regiunea <strong data-start=\"308\" data-end=\"319\">Jalisco<\/strong>, Los Altos)<\/p>\n<\/li>\n<li data-start=\"334\" data-end=\"387\">\n<p data-start=\"336\" data-end=\"387\"><strong data-start=\"336\" data-end=\"351\">Produc\u0103tor:<\/strong> Casa San Mat\u00edas (brandul Coraz\u00f3n)<\/p>\n<\/li>\n<li data-start=\"388\" data-end=\"448\">\n<p data-start=\"390\" data-end=\"448\"><strong data-start=\"390\" data-end=\"408\">Materie prim\u0103:<\/strong> <strong data-start=\"409\" data-end=\"446\">100 % agave albastr\u0103 (Blue Weber)<\/strong><\/p>\n<\/li>\n<li data-start=\"449\" data-end=\"493\">\n<p data-start=\"451\" data-end=\"493\"><strong data-start=\"451\" data-end=\"465\">Distilare:<\/strong> de obicei <strong data-start=\"476\" data-end=\"491\">de dou\u0103 ori<\/strong><\/p>\n<\/li>\n<li data-start=\"494\" data-end=\"588\">\n<p data-start=\"496\" data-end=\"588\"><strong data-start=\"496\" data-end=\"509\">Maturare:<\/strong> <strong data-start=\"510\" data-end=\"531\">nu este \u00eenvechit\u0103<\/strong> sau foarte scurt (p\u00e2n\u0103 la 2 luni \u00een recipiente neutre)<\/p>\n<\/li>\n<li data-start=\"589\" data-end=\"618\">\n<p data-start=\"591\" data-end=\"618\"><strong data-start=\"591\" data-end=\"602\">Alcool:<\/strong> <strong data-start=\"603\" data-end=\"616\">40 % vol.<\/strong><\/p>\n<\/li>\n<li data-start=\"619\" data-end=\"643\">\n<p data-start=\"621\" data-end=\"643\"><strong data-start=\"621\" data-end=\"631\">Volum:<\/strong> <strong data-start=\"632\" data-end=\"641\">0,7 L<\/strong><\/p>\n<\/li>\n<li data-start=\"644\" data-end=\"688\">\n<p data-start=\"646\" data-end=\"688\"><strong data-start=\"646\" data-end=\"658\">Culoare:<\/strong> <strong data-start=\"659\" data-end=\"686\">transparent \/ cristalin<\/strong><\/p>\n<\/li>\n<li data-start=\"689\" data-end=\"773\">\n<p data-start=\"691\" data-end=\"773\"><strong data-start=\"691\" data-end=\"711\">Profil aromatic:<\/strong> note pure de <strong data-start=\"725\" data-end=\"744\">agave proasp\u0103t\u0103<\/strong>, citrice, verde\u021buri, flori<\/p>\n<\/li>\n<li data-start=\"774\" data-end=\"815\">\n<p data-start=\"776\" data-end=\"815\"><strong data-start=\"776\" data-end=\"785\">Gust:<\/strong> curat, proasp\u0103t, echilibrat<\/p>\n<\/li>\n<li data-start=\"816\" data-end=\"883\">\n<p data-start=\"818\" data-end=\"883\"><strong data-start=\"818\" data-end=\"837\">Mod de servire:<\/strong> simplu (neat), cu ghea\u021b\u0103 sau \u00een cocktailuri<\/p>\n<\/li>\n<\/ul>","protected":false},"featured_media":11121,"comment_status":"open","ping_status":"closed","template":"","meta":[],"product_cat":[405,404,454,450],"product_tag":[],"yoast_head":"<!-- This site is optimized with the Yoast SEO plugin v20.10 - https:\/\/yoast.com\/wordpress\/plugins\/seo\/ -->\n<title>Tequila Corazon Blanco 0.7L | Global Bar Beverages<\/title>\n<meta name=\"robots\" content=\"index, follow, max-snippet:-1, max-image-preview:large, max-video-preview:-1\" \/>\n<link rel=\"canonical\" href=\"https:\/\/gbb.md\/ru\/product\/tequila-corazon-blanco-0-7l\/\" \/>\n<meta property=\"og:locale\" content=\"ru_RU\" \/>\n<meta property=\"og:type\" content=\"article\" \/>\n<meta property=\"og:title\" content=\"Tequila Corazon Blanco 0.7L | Global Bar Beverages\" \/>\n<meta property=\"og:description\" content=\"\u021aara de origine: Mexic (regiunea Jalisco, Los Altos)    Produc\u0103tor: Casa San Mat\u00edas (brandul Coraz\u00f3n)    Materie prim\u0103: 100 % agave albastr\u0103 (Blue Weber)    Distilare: de obicei de dou\u0103 ori    Maturare: nu este \u00eenvechit\u0103 sau foarte scurt (p\u00e2n\u0103 la 2 luni \u00een recipiente neutre)    Alcool: 40 % vol.    Volum: 0,7 L    Culoare: transparent \/ cristalin    Profil aromatic: note pure de agave proasp\u0103t\u0103, citrice, verde\u021buri, flori    Gust: curat, proasp\u0103t, echilibrat    Mod de servire: simplu (neat), cu ghea\u021b\u0103 sau \u00een cocktailuri\" \/>\n<meta property=\"og:url\" content=\"https:\/\/gbb.md\/ru\/product\/tequila-corazon-blanco-0-7l\/\" \/>\n<meta property=\"og:site_name\" content=\"Global Bar Beverages\" \/>\n<meta property=\"article:publisher\" content=\"https:\/\/www.facebook.com\/profile.php?id=61555243232370\" \/>\n<meta property=\"og:image\" content=\"https:\/\/gbb.md\/wp-content\/uploads\/2026\/01\/Corazon-Anejo-776x1176-2.png\" \/>\n\t<meta property=\"og:image:width\" content=\"1588\" \/>\n\t<meta property=\"og:image:height\" content=\"1300\" \/>\n\t<meta property=\"og:image:type\" content=\"image\/png\" \/>\n<meta name=\"twitter:card\" content=\"summary_large_image\" \/>\n<meta name=\"twitter:label1\" content=\"\u041f\u0440\u0438\u043c\u0435\u0440\u043d\u043e\u0435 \u0432\u0440\u0435\u043c\u044f \u0434\u043b\u044f \u0447\u0442\u0435\u043d\u0438\u044f\" \/>\n\t<meta name=\"twitter:data1\" content=\"1 \u043c\u0438\u043d\u0443\u0442\u0430\" \/>\n<script type=\"application\/ld+json\" class=\"yoast-schema-graph\">{\"@context\":\"https:\/\/schema.org\",\"@graph\":[{\"@type\":\"WebPage\",\"@id\":\"https:\/\/gbb.md\/product\/tequila-corazon-blanco-0-7l\/\",\"url\":\"https:\/\/gbb.md\/product\/tequila-corazon-blanco-0-7l\/\",\"name\":\"Tequila Corazon Blanco 0.7L | Global Bar Beverages\",\"isPartOf\":{\"@id\":\"https:\/\/gbb.md\/#website\"},\"datePublished\":\"2026-01-22T10:18:57+00:00\",\"dateModified\":\"2026-01-22T10:18:57+00:00\",\"breadcrumb\":{\"@id\":\"https:\/\/gbb.md\/product\/tequila-corazon-blanco-0-7l\/#breadcrumb\"},\"inLanguage\":\"ru-RU\",\"potentialAction\":[{\"@type\":\"ReadAction\",\"target\":[\"https:\/\/gbb.md\/product\/tequila-corazon-blanco-0-7l\/\"]}]},{\"@type\":\"BreadcrumbList\",\"@id\":\"https:\/\/gbb.md\/product\/tequila-corazon-blanco-0-7l\/#breadcrumb\",\"itemListElement\":[{\"@type\":\"ListItem\",\"position\":1,\"name\":\"\u0413\u043b\u0430\u0432\u043d\u0430\u044f \u0441\u0442\u0440\u0430\u043d\u0438\u0446\u0430\",\"item\":\"https:\/\/gbb.md\/\"},{\"@type\":\"ListItem\",\"position\":2,\"name\":\"Produse\",\"item\":\"https:\/\/gbb.md\/shop\/\"},{\"@type\":\"ListItem\",\"position\":3,\"name\":\"Tequila Corazon Blanco 0.7L\"}]},{\"@type\":\"WebSite\",\"@id\":\"https:\/\/gbb.md\/#website\",\"url\":\"https:\/\/gbb.md\/\",\"name\":\"GBB\",\"description\":\"\u042d\u0442\u043e \u043c\u043e\u043b\u043e\u0434\u0430\u044f \u0431\u044b\u0441\u0442\u0440\u043e\u0440\u0430\u0441\u0442\u0443\u0449\u0430\u044f \u043a\u043e\u043c\u043f\u0430\u043d\u0438\u044f, \u0441\u0442\u0430\u0432\u0448\u0430\u044f \u043a\u0440\u0443\u043f\u043d\u0435\u0439\u0448\u0438\u043c \u0432 \u041c\u043e\u043b\u0434\u043e\u0432\u0435 \u043f\u043e\u0441\u0442\u0430\u0432\u0449\u0438\u043a\u043e\u043c \u0441\u0438\u0440\u043e\u043f\u043e\u0432 \u0438 \u043f\u044e\u0440\u0435 \u0434\u043b\u044f \u043d\u0430\u043f\u0438\u0442\u043a\u043e\u0432, \u0447\u0430\u044f, \u043a\u043e\u0444\u0435, \u0441\u043e\u0443\u0441\u043e\u0432, \u0442\u043e\u043d\u0438\u043a\u043e\u0432 \u0438 bubble tea \u043e\u0442 \u0438\u043c\u0435\u043d\u0438\u0442\u044b\u0445 \u043f\u0440\u043e\u0438\u0437\u0432\u043e\u0434\u0438\u0442\u0435\u043b\u0435\u0439.\",\"publisher\":{\"@id\":\"https:\/\/gbb.md\/#organization\"},\"alternateName\":\"Global Bar Beverages\",\"potentialAction\":[{\"@type\":\"SearchAction\",\"target\":{\"@type\":\"EntryPoint\",\"urlTemplate\":\"https:\/\/gbb.md\/?s={search_term_string}\"},\"query-input\":\"required name=search_term_string\"}],\"inLanguage\":\"ru-RU\"},{\"@type\":\"Organization\",\"@id\":\"https:\/\/gbb.md\/#organization\",\"name\":\"GBB\",\"alternateName\":\"Global Bar Beverages\",\"url\":\"https:\/\/gbb.md\/\",\"logo\":{\"@type\":\"ImageObject\",\"inLanguage\":\"ru-RU\",\"@id\":\"https:\/\/gbb.md\/#\/schema\/logo\/image\/\",\"url\":\"https:\/\/gbb.md\/wp-content\/uploads\/2024\/01\/android-chrome-512x512-1.png\",\"contentUrl\":\"https:\/\/gbb.md\/wp-content\/uploads\/2024\/01\/android-chrome-512x512-1.png\",\"width\":512,\"height\":512,\"caption\":\"GBB\"},\"image\":{\"@id\":\"https:\/\/gbb.md\/#\/schema\/logo\/image\/\"},\"sameAs\":[\"https:\/\/www.facebook.com\/profile.php?id=61555243232370\"]}]}<\/script>\n<!-- \/ Yoast SEO plugin. -->","yoast_head_json":{"title":"Tequila Corazon Blanco 0.7L | Global Bar Beverages","robots":{"index":"index","follow":"follow","max-snippet":"max-snippet:-1","max-image-preview":"max-image-preview:large","max-video-preview":"max-video-preview:-1"},"canonical":"https:\/\/gbb.md\/ru\/product\/tequila-corazon-blanco-0-7l\/","og_locale":"ru_RU","og_type":"article","og_title":"Tequila Corazon Blanco 0.7L | Global Bar Beverages","og_description":"\u021aara de origine: Mexic (regiunea Jalisco, Los Altos)    Produc\u0103tor: Casa San Mat\u00edas (brandul Coraz\u00f3n)    Materie prim\u0103: 100 % agave albastr\u0103 (Blue Weber)    Distilare: de obicei de dou\u0103 ori    Maturare: nu este \u00eenvechit\u0103 sau foarte scurt (p\u00e2n\u0103 la 2 luni \u00een recipiente neutre)    Alcool: 40 % vol.    Volum: 0,7 L    Culoare: transparent \/ cristalin    Profil aromatic: note pure de agave proasp\u0103t\u0103, citrice, verde\u021buri, flori    Gust: curat, proasp\u0103t, echilibrat    Mod de servire: simplu (neat), cu ghea\u021b\u0103 sau \u00een cocktailuri","og_url":"https:\/\/gbb.md\/ru\/product\/tequila-corazon-blanco-0-7l\/","og_site_name":"Global Bar Beverages","article_publisher":"https:\/\/www.facebook.com\/profile.php?id=61555243232370","og_image":[{"width":1588,"height":1300,"url":"https:\/\/gbb.md\/wp-content\/uploads\/2026\/01\/Corazon-Anejo-776x1176-2.png","type":"image\/png"}],"twitter_card":"summary_large_image","twitter_misc":{"\u041f\u0440\u0438\u043c\u0435\u0440\u043d\u043e\u0435 \u0432\u0440\u0435\u043c\u044f \u0434\u043b\u044f \u0447\u0442\u0435\u043d\u0438\u044f":"1 \u043c\u0438\u043d\u0443\u0442\u0430"},"schema":{"@context":"https:\/\/schema.org","@graph":[{"@type":"WebPage","@id":"https:\/\/gbb.md\/product\/tequila-corazon-blanco-0-7l\/","url":"https:\/\/gbb.md\/product\/tequila-corazon-blanco-0-7l\/","name":"Tequila Corazon Blanco 0.7L | Global Bar Beverages","isPartOf":{"@id":"https:\/\/gbb.md\/#website"},"datePublished":"2026-01-22T10:18:57+00:00","dateModified":"2026-01-22T10:18:57+00:00","breadcrumb":{"@id":"https:\/\/gbb.md\/product\/tequila-corazon-blanco-0-7l\/#breadcrumb"},"inLanguage":"ru-RU","potentialAction":[{"@type":"ReadAction","target":["https:\/\/gbb.md\/product\/tequila-corazon-blanco-0-7l\/"]}]},{"@type":"BreadcrumbList","@id":"https:\/\/gbb.md\/product\/tequila-corazon-blanco-0-7l\/#breadcrumb","itemListElement":[{"@type":"ListItem","position":1,"name":"\u0413\u043b\u0430\u0432\u043d\u0430\u044f \u0441\u0442\u0440\u0430\u043d\u0438\u0446\u0430","item":"https:\/\/gbb.md\/"},{"@type":"ListItem","position":2,"name":"Produse","item":"https:\/\/gbb.md\/shop\/"},{"@type":"ListItem","position":3,"name":"Tequila Corazon Blanco 0.7L"}]},{"@type":"WebSite","@id":"https:\/\/gbb.md\/#website","url":"https:\/\/gbb.md\/","name":"GBB","description":"\u042d\u0442\u043e \u043c\u043e\u043b\u043e\u0434\u0430\u044f \u0431\u044b\u0441\u0442\u0440\u043e\u0440\u0430\u0441\u0442\u0443\u0449\u0430\u044f \u043a\u043e\u043c\u043f\u0430\u043d\u0438\u044f, \u0441\u0442\u0430\u0432\u0448\u0430\u044f \u043a\u0440\u0443\u043f\u043d\u0435\u0439\u0448\u0438\u043c \u0432 \u041c\u043e\u043b\u0434\u043e\u0432\u0435 \u043f\u043e\u0441\u0442\u0430\u0432\u0449\u0438\u043a\u043e\u043c \u0441\u0438\u0440\u043e\u043f\u043e\u0432 \u0438 \u043f\u044e\u0440\u0435 \u0434\u043b\u044f \u043d\u0430\u043f\u0438\u0442\u043a\u043e\u0432, \u0447\u0430\u044f, \u043a\u043e\u0444\u0435, \u0441\u043e\u0443\u0441\u043e\u0432, \u0442\u043e\u043d\u0438\u043a\u043e\u0432 \u0438 bubble tea \u043e\u0442 \u0438\u043c\u0435\u043d\u0438\u0442\u044b\u0445 \u043f\u0440\u043e\u0438\u0437\u0432\u043e\u0434\u0438\u0442\u0435\u043b\u0435\u0439.","publisher":{"@id":"https:\/\/gbb.md\/#organization"},"alternateName":"Global Bar Beverages","potentialAction":[{"@type":"SearchAction","target":{"@type":"EntryPoint","urlTemplate":"https:\/\/gbb.md\/?s={search_term_string}"},"query-input":"required name=search_term_string"}],"inLanguage":"ru-RU"},{"@type":"Organization","@id":"https:\/\/gbb.md\/#organization","name":"GBB","alternateName":"Global Bar Beverages","url":"https:\/\/gbb.md\/","logo":{"@type":"ImageObject","inLanguage":"ru-RU","@id":"https:\/\/gbb.md\/#\/schema\/logo\/image\/","url":"https:\/\/gbb.md\/wp-content\/uploads\/2024\/01\/android-chrome-512x512-1.png","contentUrl":"https:\/\/gbb.md\/wp-content\/uploads\/2024\/01\/android-chrome-512x512-1.png","width":512,"height":512,"caption":"GBB"},"image":{"@id":"https:\/\/gbb.md\/#\/schema\/logo\/image\/"},"sameAs":["https:\/\/www.facebook.com\/profile.php?id=61555243232370"]}]}},"_links":{"self":[{"href":"https:\/\/gbb.md\/ru\/wp-json\/wp\/v2\/product\/11120"}],"collection":[{"href":"https:\/\/gbb.md\/ru\/wp-json\/wp\/v2\/product"}],"about":[{"href":"https:\/\/gbb.md\/ru\/wp-json\/wp\/v2\/types\/product"}],"replies":[{"embeddable":true,"href":"https:\/\/gbb.md\/ru\/wp-json\/wp\/v2\/comments?post=11120"}],"wp:featuredmedia":[{"embeddable":true,"href":"https:\/\/gbb.md\/ru\/wp-json\/wp\/v2\/media\/11121"}],"wp:attachment":[{"href":"https:\/\/gbb.md\/ru\/wp-json\/wp\/v2\/media?parent=11120"}],"wp:term":[{"taxonomy":"product_cat","embeddable":true,"href":"https:\/\/gbb.md\/ru\/wp-json\/wp\/v2\/product_cat?post=11120"},{"taxonomy":"product_tag","embeddable":true,"href":"https:\/\/gbb.md\/ru\/wp-json\/wp\/v2\/product_tag?post=11120"}],"curies":[{"name":"wp","href":"https:\/\/api.w.org\/{rel}","templated":true}]}}