{"id":11613,"date":"2026-03-31T15:57:46","date_gmt":"2026-03-31T12:57:46","guid":{"rendered":"https:\/\/gbb.md\/?post_type=product&#038;p=11613"},"modified":"2026-03-31T15:57:46","modified_gmt":"2026-03-31T12:57:46","slug":"fs-original-cola-1886-0-275l","status":"publish","type":"product","link":"https:\/\/gbb.md\/ru\/product\/fs-original-cola-1886-0-275l\/","title":{"rendered":"F&#038;S- Original Cola 1886 &#8211; 0.275L"},"content":{"rendered":"<div id=\"fws_69e0895b8a2fe\"  data-midnight=\"dark\" data-top-percent=\"-30%\"  data-bg-mobile-hidden=\"\" class=\"wpb_row vc_row-fluid vc_row top-level  vc_row-o-equal-height vc_row-flex  vc_row-o-content-middle standard_section\"  style=\"padding-top: calc(100vw * 0.0-30); padding-bottom: 0px;  z-index: 100;\"><div class=\"row-bg-wrap\"><div class=\"inner-wrap\"><div class=\"row-bg\"  style=\"\"><\/div><\/div><div class=\"row-bg-overlay\" ><\/div><\/div><div class=\"col span_12 dark left\">\n\t<div style=\"margin-top: -190px; \" class=\"vc_col-sm-12 wpb_column column_container vc_column_container col neg-marg no-extra-padding\"  data-t-w-inherits=\"default\" data-border-radius=\"none\" data-shadow=\"none\" data-border-animation=\"\" data-border-animation-delay=\"\" data-border-width=\"none\" data-border-style=\"solid\" data-border-color=\"\" data-bg-cover=\"\" data-padding-pos=\"all\" data-has-bg-color=\"false\" data-bg-color=\"\" data-bg-opacity=\"1\" data-hover-bg=\"\" data-hover-bg-opacity=\"1\" data-animation=\"\" data-delay=\"0\"><div class=\"column-bg-overlay\"><\/div>\n\t\t<div class=\"vc_column-inner\">\n\t\t\t<div class=\"wpb_wrapper\">\n\t\t\t\t<div class=\"divider-wrap\" data-alignment=\"default\"><div style=\"height: 70px;\" class=\"divider\"><\/div><\/div><div id=\"ultimate-heading-121469e0895b8a686\" class=\"uvc-heading ult-adjust-bottom-margin ultimate-heading-121469e0895b8a686 uvc-3193\" data-hspacer=\"no_spacer\"  data-halign=\"left\" style=\"text-align:left\"><div class=\"uvc-heading-spacer no_spacer\" style=\"top\"><\/div><div class=\"uvc-main-heading ult-responsive\"  data-ultimate-target='.uvc-heading.ultimate-heading-121469e0895b8a686 h2'  data-responsive-json-new='{\"font-size\":\"desktop:28px;\",\"line-height\":\"\"}' ><h2 style=\"font-weight:bold;color:#333333;\">F&amp;S- Original Cola 1886 - 0.275L<\/h2><\/div><div class=\"uvc-sub-heading ult-responsive\"  data-ultimate-target='.uvc-heading.ultimate-heading-121469e0895b8a686 .uvc-sub-heading '  data-responsive-json-new='{\"font-size\":\"desktop:18px;\",\"line-height\":\"\"}'  style=\"font-weight:normal;\">\n<div class=\"response-container-content ng-tns-c4162168642-173 has-thoughts\">\n<div class=\"response-content ng-tns-c4162168642-173\">\n<div class=\"container\">\n<div id=\"model-response-message-contentr_b73f2992b45af732\" class=\"markdown markdown-main-panel stronger enable-updated-hr-color\" dir=\"ltr\" aria-live=\"polite\" aria-busy=\"false\">\n<p data-path-to-node=\"0\">\u00cen timp ce tonicele de la Franklin &amp; Sons sunt create pentru a fi mixere, <b data-path-to-node=\"0\" data-index-in-node=\"74\">F&amp;S Original Cola 1886<\/b> (\u00een formatul de <b data-path-to-node=\"0\" data-index-in-node=\"113\">0.275L<\/b>) este o b\u0103utur\u0103 artizanal\u0103 care poate sta m\u00e2ndr\u0103 singur\u0103 pe mas\u0103 sau poate transforma un cocktail clasic \u00eentr-o experien\u021b\u0103 gourmet.<\/p>\n<p data-path-to-node=\"1\">Aceasta nu este \u201edoar o alt\u0103 cola\u201d, ci o re\u021bet\u0103 istoric\u0103, mult mai complex\u0103 \u0219i mai pu\u021bin dulce dec\u00e2t variantele comerciale de mas\u0103.<\/p>\n<h2 data-path-to-node=\"3\">F&amp;S Original Cola 1886 \u2014 O C\u0103l\u0103torie Gustativ\u0103 \u00een Timp<\/h2>\n<p data-path-to-node=\"4\">Lansat\u0103 pentru a celebra anul \u00een care fra\u021bii Franklin au \u00eenceput s\u0103 creeze b\u0103uturi carbogazoase \u00een Londra, aceast\u0103 cola este infuzat\u0103 cu ingrediente botanice reale. Spre deosebire de sucurile obi\u0219nuite, aici vei g\u0103si profunzime, note condimentate \u0219i o textur\u0103 fin\u0103.<\/p>\n<h2 data-path-to-node=\"5\">Profil Senzorial<\/h2>\n<ul data-path-to-node=\"6\">\n<li>\n<p data-path-to-node=\"6,0,0\"><b data-path-to-node=\"6,0,0\" data-index-in-node=\"0\">Aspect:<\/b> Culoare brun \u00eenchis, natural\u0103 (f\u0103r\u0103 coloran\u021bi artificiali de tip caramel E150d \u00een exces).<\/p>\n<\/li>\n<li>\n<p data-path-to-node=\"6,1,0\"><b data-path-to-node=\"6,1,0\" data-index-in-node=\"0\">Arom\u0103:<\/b> Note bogate de <b data-path-to-node=\"6,1,0\" data-index-in-node=\"22\">vanilie din Madagascar<\/b>, scor\u021bi\u0219oar\u0103 \u0219i o atingere surprinz\u0103toare de <b data-path-to-node=\"6,1,0\" data-index-in-node=\"90\">boabe de cafea columbian\u0103<\/b>.<\/p>\n<\/li>\n<li>\n<p data-path-to-node=\"6,2,0\"><b data-path-to-node=\"6,2,0\" data-index-in-node=\"0\">Gust:<\/b> Un amestec echilibrat \u00eentre dulcea\u021ba zah\u0103rului din sfecl\u0103 \u0219i am\u0103reala subtil\u0103 a <b data-path-to-node=\"6,2,0\" data-index-in-node=\"86\">nucilor de Kola<\/b> din Africa de Vest. Finalul este curat, u\u0219or picant \u0219i extrem de r\u0103coritor.<\/p>\n<\/li>\n<\/ul>\n<\/div>\n<\/div>\n<\/div>\n<\/div>\n<\/div><\/div><div class=\"divider-wrap\" data-alignment=\"default\"><div style=\"height: 25px;\" class=\"divider\"><\/div><\/div>\n\t\t\t<\/div> \n\t\t<\/div>\n\t<\/div> \n<\/div><\/div>\n\t\t<div id=\"fws_69e0895b8aa5e\"  data-midnight=\"dark\"  data-bg-mobile-hidden=\"\" class=\"wpb_row vc_row-fluid vc_row standard_section\"  style=\"padding-top: 0px; padding-bottom: 0px; \"><div class=\"row-bg-wrap\"><div class=\"inner-wrap\"><div class=\"row-bg\"  style=\"\"><\/div><\/div><div class=\"row-bg-overlay\" ><\/div><\/div><div class=\"col span_12 dark left\">\n\t<div  class=\"vc_col-sm-12 wpb_column column_container vc_column_container col no-extra-padding\"  data-t-w-inherits=\"default\" data-border-radius=\"none\" data-shadow=\"none\" data-border-animation=\"\" data-border-animation-delay=\"\" data-border-width=\"none\" data-border-style=\"solid\" data-border-color=\"\" data-bg-cover=\"\" data-padding-pos=\"all\" data-has-bg-color=\"false\" data-bg-color=\"\" data-bg-opacity=\"1\" data-hover-bg=\"\" data-hover-bg-opacity=\"1\" data-animation=\"\" data-delay=\"0\"><div class=\"column-bg-overlay\"><\/div>\n\t\t<div class=\"vc_column-inner\">\n\t\t\t<div class=\"wpb_wrapper\">\n\t\t\t\t<div class=\"divider-wrap\" data-alignment=\"default\"><div style=\"height: 100px;\" class=\"divider\"><\/div><\/div>\n\t\t\t<\/div> \n\t\t<\/div>\n\t<\/div> \n<\/div><\/div>","protected":false},"excerpt":{"rendered":"<p>Brand &#8211; Franklin &#038; Sons (F&#038;S)<br \/>\nGama &#8211; Soft Drinks \/ Craft Soda<br \/>\n\u021aara de origine &#8211; Marea Britanie<br \/>\nVolum &#8211; 0.275 L (275 ml)<br \/>\nAmbalaj &#8211; Sticl\u0103 de sticl\u0103 premium<br \/>\nIngrediente cheie &#8211; Nuci de Kola, boabe de cafea, vanilie, ap\u0103 de izvor<br \/>\nCalorii &#8211; Aproximativ 43 kcal \/ 100ml<\/p>","protected":false},"featured_media":11614,"comment_status":"open","ping_status":"closed","template":"","meta":[],"product_cat":[404,457,423],"product_tag":[],"yoast_head":"<!-- This site is optimized with the Yoast SEO plugin v20.10 - https:\/\/yoast.com\/wordpress\/plugins\/seo\/ -->\n<title>F&amp;S- Original Cola 1886 - 0.275L | Global Bar Beverages<\/title>\n<meta name=\"robots\" content=\"index, follow, max-snippet:-1, max-image-preview:large, max-video-preview:-1\" \/>\n<link rel=\"canonical\" href=\"https:\/\/gbb.md\/ru\/product\/fs-original-cola-1886-0-275l\/\" \/>\n<meta property=\"og:locale\" content=\"ru_RU\" \/>\n<meta property=\"og:type\" content=\"article\" \/>\n<meta property=\"og:title\" content=\"F&amp;S- Original Cola 1886 - 0.275L | Global Bar Beverages\" \/>\n<meta property=\"og:description\" content=\"Brand - Franklin &amp; Sons (F&amp;S) Gama - Soft Drinks \/ Craft Soda \u021aara de origine - Marea Britanie Volum - 0.275 L (275 ml) Ambalaj - Sticl\u0103 de sticl\u0103 premium Ingrediente cheie - Nuci de Kola, boabe de cafea, vanilie, ap\u0103 de izvor Calorii - Aproximativ 43 kcal \/ 100ml\" \/>\n<meta property=\"og:url\" content=\"https:\/\/gbb.md\/ru\/product\/fs-original-cola-1886-0-275l\/\" \/>\n<meta property=\"og:site_name\" content=\"Global Bar Beverages\" \/>\n<meta property=\"article:publisher\" content=\"https:\/\/www.facebook.com\/profile.php?id=61555243232370\" \/>\n<meta property=\"og:image\" content=\"https:\/\/gbb.md\/wp-content\/uploads\/2026\/03\/FS-1886OC-275ml-UK-WHTBG-300dpi-FRONT-897x1024.png\" \/>\n\t<meta property=\"og:image:width\" content=\"897\" \/>\n\t<meta property=\"og:image:height\" content=\"1024\" \/>\n\t<meta property=\"og:image:type\" content=\"image\/png\" \/>\n<meta name=\"twitter:card\" content=\"summary_large_image\" \/>\n<meta name=\"twitter:label1\" content=\"\u041f\u0440\u0438\u043c\u0435\u0440\u043d\u043e\u0435 \u0432\u0440\u0435\u043c\u044f \u0434\u043b\u044f \u0447\u0442\u0435\u043d\u0438\u044f\" \/>\n\t<meta name=\"twitter:data1\" content=\"2 \u043c\u0438\u043d\u0443\u0442\u044b\" \/>\n<script type=\"application\/ld+json\" class=\"yoast-schema-graph\">{\"@context\":\"https:\/\/schema.org\",\"@graph\":[{\"@type\":\"WebPage\",\"@id\":\"https:\/\/gbb.md\/product\/fs-original-cola-1886-0-275l\/\",\"url\":\"https:\/\/gbb.md\/product\/fs-original-cola-1886-0-275l\/\",\"name\":\"F&S- Original Cola 1886 - 0.275L | Global Bar Beverages\",\"isPartOf\":{\"@id\":\"https:\/\/gbb.md\/#website\"},\"datePublished\":\"2026-03-31T12:57:46+00:00\",\"dateModified\":\"2026-03-31T12:57:46+00:00\",\"breadcrumb\":{\"@id\":\"https:\/\/gbb.md\/product\/fs-original-cola-1886-0-275l\/#breadcrumb\"},\"inLanguage\":\"ru-RU\",\"potentialAction\":[{\"@type\":\"ReadAction\",\"target\":[\"https:\/\/gbb.md\/product\/fs-original-cola-1886-0-275l\/\"]}]},{\"@type\":\"BreadcrumbList\",\"@id\":\"https:\/\/gbb.md\/product\/fs-original-cola-1886-0-275l\/#breadcrumb\",\"itemListElement\":[{\"@type\":\"ListItem\",\"position\":1,\"name\":\"\u0413\u043b\u0430\u0432\u043d\u0430\u044f \u0441\u0442\u0440\u0430\u043d\u0438\u0446\u0430\",\"item\":\"https:\/\/gbb.md\/\"},{\"@type\":\"ListItem\",\"position\":2,\"name\":\"Produse\",\"item\":\"https:\/\/gbb.md\/shop\/\"},{\"@type\":\"ListItem\",\"position\":3,\"name\":\"F&#038;S- Original Cola 1886 &#8212; 0.275L\"}]},{\"@type\":\"WebSite\",\"@id\":\"https:\/\/gbb.md\/#website\",\"url\":\"https:\/\/gbb.md\/\",\"name\":\"GBB\",\"description\":\"\u042d\u0442\u043e \u043c\u043e\u043b\u043e\u0434\u0430\u044f \u0431\u044b\u0441\u0442\u0440\u043e\u0440\u0430\u0441\u0442\u0443\u0449\u0430\u044f \u043a\u043e\u043c\u043f\u0430\u043d\u0438\u044f, \u0441\u0442\u0430\u0432\u0448\u0430\u044f \u043a\u0440\u0443\u043f\u043d\u0435\u0439\u0448\u0438\u043c \u0432 \u041c\u043e\u043b\u0434\u043e\u0432\u0435 \u043f\u043e\u0441\u0442\u0430\u0432\u0449\u0438\u043a\u043e\u043c \u0441\u0438\u0440\u043e\u043f\u043e\u0432 \u0438 \u043f\u044e\u0440\u0435 \u0434\u043b\u044f \u043d\u0430\u043f\u0438\u0442\u043a\u043e\u0432, \u0447\u0430\u044f, \u043a\u043e\u0444\u0435, \u0441\u043e\u0443\u0441\u043e\u0432, \u0442\u043e\u043d\u0438\u043a\u043e\u0432 \u0438 bubble tea \u043e\u0442 \u0438\u043c\u0435\u043d\u0438\u0442\u044b\u0445 \u043f\u0440\u043e\u0438\u0437\u0432\u043e\u0434\u0438\u0442\u0435\u043b\u0435\u0439.\",\"publisher\":{\"@id\":\"https:\/\/gbb.md\/#organization\"},\"alternateName\":\"Global Bar Beverages\",\"potentialAction\":[{\"@type\":\"SearchAction\",\"target\":{\"@type\":\"EntryPoint\",\"urlTemplate\":\"https:\/\/gbb.md\/?s={search_term_string}\"},\"query-input\":\"required name=search_term_string\"}],\"inLanguage\":\"ru-RU\"},{\"@type\":\"Organization\",\"@id\":\"https:\/\/gbb.md\/#organization\",\"name\":\"GBB\",\"alternateName\":\"Global Bar Beverages\",\"url\":\"https:\/\/gbb.md\/\",\"logo\":{\"@type\":\"ImageObject\",\"inLanguage\":\"ru-RU\",\"@id\":\"https:\/\/gbb.md\/#\/schema\/logo\/image\/\",\"url\":\"https:\/\/gbb.md\/wp-content\/uploads\/2024\/01\/android-chrome-512x512-1.png\",\"contentUrl\":\"https:\/\/gbb.md\/wp-content\/uploads\/2024\/01\/android-chrome-512x512-1.png\",\"width\":512,\"height\":512,\"caption\":\"GBB\"},\"image\":{\"@id\":\"https:\/\/gbb.md\/#\/schema\/logo\/image\/\"},\"sameAs\":[\"https:\/\/www.facebook.com\/profile.php?id=61555243232370\"]}]}<\/script>\n<!-- \/ Yoast SEO plugin. -->","yoast_head_json":{"title":"F&S- Original Cola 1886 - 0.275L | Global Bar Beverages","robots":{"index":"index","follow":"follow","max-snippet":"max-snippet:-1","max-image-preview":"max-image-preview:large","max-video-preview":"max-video-preview:-1"},"canonical":"https:\/\/gbb.md\/ru\/product\/fs-original-cola-1886-0-275l\/","og_locale":"ru_RU","og_type":"article","og_title":"F&S- Original Cola 1886 - 0.275L | Global Bar Beverages","og_description":"Brand - Franklin & Sons (F&S) Gama - Soft Drinks \/ Craft Soda \u021aara de origine - Marea Britanie Volum - 0.275 L (275 ml) Ambalaj - Sticl\u0103 de sticl\u0103 premium Ingrediente cheie - Nuci de Kola, boabe de cafea, vanilie, ap\u0103 de izvor Calorii - Aproximativ 43 kcal \/ 100ml","og_url":"https:\/\/gbb.md\/ru\/product\/fs-original-cola-1886-0-275l\/","og_site_name":"Global Bar Beverages","article_publisher":"https:\/\/www.facebook.com\/profile.php?id=61555243232370","og_image":[{"width":897,"height":1024,"url":"https:\/\/gbb.md\/wp-content\/uploads\/2026\/03\/FS-1886OC-275ml-UK-WHTBG-300dpi-FRONT-897x1024.png","type":"image\/png"}],"twitter_card":"summary_large_image","twitter_misc":{"\u041f\u0440\u0438\u043c\u0435\u0440\u043d\u043e\u0435 \u0432\u0440\u0435\u043c\u044f \u0434\u043b\u044f \u0447\u0442\u0435\u043d\u0438\u044f":"2 \u043c\u0438\u043d\u0443\u0442\u044b"},"schema":{"@context":"https:\/\/schema.org","@graph":[{"@type":"WebPage","@id":"https:\/\/gbb.md\/product\/fs-original-cola-1886-0-275l\/","url":"https:\/\/gbb.md\/product\/fs-original-cola-1886-0-275l\/","name":"F&S- Original Cola 1886 - 0.275L | Global Bar Beverages","isPartOf":{"@id":"https:\/\/gbb.md\/#website"},"datePublished":"2026-03-31T12:57:46+00:00","dateModified":"2026-03-31T12:57:46+00:00","breadcrumb":{"@id":"https:\/\/gbb.md\/product\/fs-original-cola-1886-0-275l\/#breadcrumb"},"inLanguage":"ru-RU","potentialAction":[{"@type":"ReadAction","target":["https:\/\/gbb.md\/product\/fs-original-cola-1886-0-275l\/"]}]},{"@type":"BreadcrumbList","@id":"https:\/\/gbb.md\/product\/fs-original-cola-1886-0-275l\/#breadcrumb","itemListElement":[{"@type":"ListItem","position":1,"name":"\u0413\u043b\u0430\u0432\u043d\u0430\u044f \u0441\u0442\u0440\u0430\u043d\u0438\u0446\u0430","item":"https:\/\/gbb.md\/"},{"@type":"ListItem","position":2,"name":"Produse","item":"https:\/\/gbb.md\/shop\/"},{"@type":"ListItem","position":3,"name":"F&#038;S- Original Cola 1886 &#8212; 0.275L"}]},{"@type":"WebSite","@id":"https:\/\/gbb.md\/#website","url":"https:\/\/gbb.md\/","name":"GBB","description":"\u042d\u0442\u043e \u043c\u043e\u043b\u043e\u0434\u0430\u044f \u0431\u044b\u0441\u0442\u0440\u043e\u0440\u0430\u0441\u0442\u0443\u0449\u0430\u044f \u043a\u043e\u043c\u043f\u0430\u043d\u0438\u044f, \u0441\u0442\u0430\u0432\u0448\u0430\u044f \u043a\u0440\u0443\u043f\u043d\u0435\u0439\u0448\u0438\u043c \u0432 \u041c\u043e\u043b\u0434\u043e\u0432\u0435 \u043f\u043e\u0441\u0442\u0430\u0432\u0449\u0438\u043a\u043e\u043c \u0441\u0438\u0440\u043e\u043f\u043e\u0432 \u0438 \u043f\u044e\u0440\u0435 \u0434\u043b\u044f \u043d\u0430\u043f\u0438\u0442\u043a\u043e\u0432, \u0447\u0430\u044f, \u043a\u043e\u0444\u0435, \u0441\u043e\u0443\u0441\u043e\u0432, \u0442\u043e\u043d\u0438\u043a\u043e\u0432 \u0438 bubble tea \u043e\u0442 \u0438\u043c\u0435\u043d\u0438\u0442\u044b\u0445 \u043f\u0440\u043e\u0438\u0437\u0432\u043e\u0434\u0438\u0442\u0435\u043b\u0435\u0439.","publisher":{"@id":"https:\/\/gbb.md\/#organization"},"alternateName":"Global Bar Beverages","potentialAction":[{"@type":"SearchAction","target":{"@type":"EntryPoint","urlTemplate":"https:\/\/gbb.md\/?s={search_term_string}"},"query-input":"required name=search_term_string"}],"inLanguage":"ru-RU"},{"@type":"Organization","@id":"https:\/\/gbb.md\/#organization","name":"GBB","alternateName":"Global Bar Beverages","url":"https:\/\/gbb.md\/","logo":{"@type":"ImageObject","inLanguage":"ru-RU","@id":"https:\/\/gbb.md\/#\/schema\/logo\/image\/","url":"https:\/\/gbb.md\/wp-content\/uploads\/2024\/01\/android-chrome-512x512-1.png","contentUrl":"https:\/\/gbb.md\/wp-content\/uploads\/2024\/01\/android-chrome-512x512-1.png","width":512,"height":512,"caption":"GBB"},"image":{"@id":"https:\/\/gbb.md\/#\/schema\/logo\/image\/"},"sameAs":["https:\/\/www.facebook.com\/profile.php?id=61555243232370"]}]}},"_links":{"self":[{"href":"https:\/\/gbb.md\/ru\/wp-json\/wp\/v2\/product\/11613"}],"collection":[{"href":"https:\/\/gbb.md\/ru\/wp-json\/wp\/v2\/product"}],"about":[{"href":"https:\/\/gbb.md\/ru\/wp-json\/wp\/v2\/types\/product"}],"replies":[{"embeddable":true,"href":"https:\/\/gbb.md\/ru\/wp-json\/wp\/v2\/comments?post=11613"}],"wp:featuredmedia":[{"embeddable":true,"href":"https:\/\/gbb.md\/ru\/wp-json\/wp\/v2\/media\/11614"}],"wp:attachment":[{"href":"https:\/\/gbb.md\/ru\/wp-json\/wp\/v2\/media?parent=11613"}],"wp:term":[{"taxonomy":"product_cat","embeddable":true,"href":"https:\/\/gbb.md\/ru\/wp-json\/wp\/v2\/product_cat?post=11613"},{"taxonomy":"product_tag","embeddable":true,"href":"https:\/\/gbb.md\/ru\/wp-json\/wp\/v2\/product_tag?post=11613"}],"curies":[{"name":"wp","href":"https:\/\/api.w.org\/{rel}","templated":true}]}}