{"id":11635,"date":"2026-04-08T10:42:56","date_gmt":"2026-04-08T07:42:56","guid":{"rendered":"https:\/\/gbb.md\/?post_type=product&#038;p=11635"},"modified":"2026-04-08T10:58:40","modified_gmt":"2026-04-08T07:58:40","slug":"hochriegl-spritz-hugo-57","status":"publish","type":"product","link":"https:\/\/gbb.md\/ru\/product\/hochriegl-spritz-hugo-57\/","title":{"rendered":"Hochriegl Spritz Hugo 5,7%"},"content":{"rendered":"<div id=\"fws_69e10f4daa2aa\"  data-midnight=\"dark\" data-top-percent=\"-30%\"  data-bg-mobile-hidden=\"\" class=\"wpb_row vc_row-fluid vc_row top-level  vc_row-o-equal-height vc_row-flex  vc_row-o-content-middle standard_section\"  style=\"padding-top: calc(100vw * 0.0-30); padding-bottom: 0px;  z-index: 100;\"><div class=\"row-bg-wrap\"><div class=\"inner-wrap\"><div class=\"row-bg\"  style=\"\"><\/div><\/div><div class=\"row-bg-overlay\" ><\/div><\/div><div class=\"col span_12 dark left\">\n\t<div style=\"margin-top: -190px; \" class=\"vc_col-sm-12 wpb_column column_container vc_column_container col neg-marg no-extra-padding\"  data-t-w-inherits=\"default\" data-border-radius=\"none\" data-shadow=\"none\" data-border-animation=\"\" data-border-animation-delay=\"\" data-border-width=\"none\" data-border-style=\"solid\" data-border-color=\"\" data-bg-cover=\"\" data-padding-pos=\"all\" data-has-bg-color=\"false\" data-bg-color=\"\" data-bg-opacity=\"1\" data-hover-bg=\"\" data-hover-bg-opacity=\"1\" data-animation=\"\" data-delay=\"0\"><div class=\"column-bg-overlay\"><\/div>\n\t\t<div class=\"vc_column-inner\">\n\t\t\t<div class=\"wpb_wrapper\">\n\t\t\t\t<div class=\"divider-wrap\" data-alignment=\"default\"><div style=\"height: 70px;\" class=\"divider\"><\/div><\/div><div id=\"ultimate-heading-685669e10f4daa694\" class=\"uvc-heading ult-adjust-bottom-margin ultimate-heading-685669e10f4daa694 uvc-6020\" data-hspacer=\"no_spacer\"  data-halign=\"left\" style=\"text-align:left\"><div class=\"uvc-heading-spacer no_spacer\" style=\"top\"><\/div><div class=\"uvc-main-heading ult-responsive\"  data-ultimate-target='.uvc-heading.ultimate-heading-685669e10f4daa694 h2'  data-responsive-json-new='{\"font-size\":\"desktop:28px;\",\"line-height\":\"\"}' ><h2 style=\"font-weight:bold;color:#333333;\">Hochriegl Spritz Hugo 5,7%<\/h2><\/div><div class=\"uvc-sub-heading ult-responsive\"  data-ultimate-target='.uvc-heading.ultimate-heading-685669e10f4daa694 .uvc-sub-heading '  data-responsive-json-new='{\"font-size\":\"desktop:18px;\",\"line-height\":\"\"}'  style=\"font-weight:normal;\">\n<div class=\"thoughts-container ng-star-inserted\">\n<div class=\"thoughts-content ng-star-inserted\">\n<div class=\"thoughts-wrapper\">\n<div id=\"xap-auto-id-20\" class=\"model-thoughts ng-tns-c2219222916-161\">\n<div class=\"thoughts-header ng-tns-c2219222916-161\">\n<div id=\"model-response-message-contentr_93cf7cfbeb2fdd73\" class=\"markdown markdown-main-panel stronger enable-updated-hr-color\" dir=\"ltr\" aria-live=\"polite\" aria-busy=\"false\">\n<p data-path-to-node=\"0\"><b data-path-to-node=\"0\" data-index-in-node=\"0\">Hochriegl Spritz Hugo<\/b> este versiunea \u201eReady-to-Drink\u201d (gata de b\u0103ut) a celebrului cocktail alpin, oferind o combina\u021bie extrem de proasp\u0103t\u0103 \u0219i floral\u0103.<\/p>\n<p data-path-to-node=\"0\"><b data-path-to-node=\"4\" data-index-in-node=\"0\">Spritz Hugo<\/b> de la Hochriegl este un cocktail lejer, bazat pe vin spumant, care captureaz\u0103 esen\u021ba verii. Este o b\u0103utur\u0103 foarte popular\u0103 \u00een Austria \u0219i regiunile alpine, fiind apreciat\u0103 pentru caracterul s\u0103u revigorant \u0219i aromele naturale care nu sunt exagerat de dulci. Este solu\u021bia ideal\u0103 pentru cei care doresc un cocktail rafinat f\u0103r\u0103 a mai m\u0103sura separat siropul de soc, apa mineral\u0103 \u0219i vinul.<\/p>\n<ul>\n<li>\n<p data-path-to-node=\"10,0,0\"><b data-path-to-node=\"10,0,0\" data-index-in-node=\"0\">Aroma:<\/b> Un parfum delicat \u0219i floral de flori de soc proasp\u0103t \u00eenflorite, acompaniat de o not\u0103 discret\u0103 de ment\u0103 r\u0103coritoare \u0219i un subton citric de lime.<\/p>\n<\/li>\n<li>\n<p data-path-to-node=\"10,1,0\"><b data-path-to-node=\"10,1,0\" data-index-in-node=\"0\">Gustul:<\/b> Fin \u0219i echilibrat. Dulcea\u021ba siropului de soc este perfect contrabalansat\u0103 de aciditatea vinului \u0219i de prospe\u021bimea mentei. Este o b\u0103utur\u0103 foarte \u201ecurat\u0103\u201d la gust, care las\u0103 o senza\u021bie r\u0103coritoare de lung\u0103 durat\u0103.<\/p>\n<\/li>\n<li>\n<p data-path-to-node=\"10,2,0\"><b data-path-to-node=\"10,2,0\" data-index-in-node=\"0\">Perlaj:<\/b> Bulele sunt fine \u0219i persistente, accentu\u00e2nd senza\u021bia de prospe\u021bime.<\/p>\n<\/li>\n<\/ul>\n<\/div>\n<\/div>\n<\/div>\n<\/div>\n<\/div>\n<\/div>\n<\/div><\/div><div class=\"divider-wrap\" data-alignment=\"default\"><div style=\"height: 25px;\" class=\"divider\"><\/div><\/div>\n\t\t\t<\/div> \n\t\t<\/div>\n\t<\/div> \n<\/div><\/div>\n\t\t<div id=\"fws_69e10f4daaab0\"  data-midnight=\"dark\"  data-bg-mobile-hidden=\"\" class=\"wpb_row vc_row-fluid vc_row standard_section\"  style=\"padding-top: 0px; padding-bottom: 0px; \"><div class=\"row-bg-wrap\"><div class=\"inner-wrap\"><div class=\"row-bg\"  style=\"\"><\/div><\/div><div class=\"row-bg-overlay\" ><\/div><\/div><div class=\"col span_12 dark left\">\n\t<div  class=\"vc_col-sm-12 wpb_column column_container vc_column_container col no-extra-padding\"  data-t-w-inherits=\"default\" data-border-radius=\"none\" data-shadow=\"none\" data-border-animation=\"\" data-border-animation-delay=\"\" data-border-width=\"none\" data-border-style=\"solid\" data-border-color=\"\" data-bg-cover=\"\" data-padding-pos=\"all\" data-has-bg-color=\"false\" data-bg-color=\"\" data-bg-opacity=\"1\" data-hover-bg=\"\" data-hover-bg-opacity=\"1\" data-animation=\"\" data-delay=\"0\"><div class=\"column-bg-overlay\"><\/div>\n\t\t<div class=\"vc_column-inner\">\n\t\t\t<div class=\"wpb_wrapper\">\n\t\t\t\t<div class=\"divider-wrap\" data-alignment=\"default\"><div style=\"height: 100px;\" class=\"divider\"><\/div><\/div>\n\t\t\t<\/div> \n\t\t<\/div>\n\t<\/div> \n<\/div><\/div>","protected":false},"excerpt":{"rendered":"<p>Brand &#8211; Hochriegl (Austria)<br \/>\nCategorie &#8211; Cocktail pe baz\u0103 de vin \/ Aperitiv<br \/>\nProfil aromatic &#8211; Flori de soc (Elderflower), Ment\u0103 \u0219i Lime<br \/>\nConcentra\u021bie alcoolic\u0103 &#8211; 5,7% vol.<br \/>\nBaz\u0103 &#8211; Vin alb de calitate superioar\u0103<br \/>\nCuloare &#8211; Galben-pai foarte deschis, str\u0103lucitor<br \/>\nTip ambalaj &#8211; Sticl\u0103 0,75 l<\/p>","protected":false},"featured_media":11636,"comment_status":"open","ping_status":"closed","template":"","meta":[],"product_cat":[405,404,458,459],"product_tag":[],"yoast_head":"<!-- This site is optimized with the Yoast SEO plugin v20.10 - https:\/\/yoast.com\/wordpress\/plugins\/seo\/ -->\n<title>Hochriegl Spritz Hugo 5,7% | Global Bar Beverages<\/title>\n<meta name=\"robots\" content=\"index, follow, max-snippet:-1, max-image-preview:large, max-video-preview:-1\" \/>\n<link rel=\"canonical\" href=\"https:\/\/gbb.md\/ru\/product\/hochriegl-spritz-hugo-57\/\" \/>\n<meta property=\"og:locale\" content=\"ru_RU\" \/>\n<meta property=\"og:type\" content=\"article\" \/>\n<meta property=\"og:title\" content=\"Hochriegl Spritz Hugo 5,7% | Global Bar Beverages\" \/>\n<meta property=\"og:description\" content=\"Brand - Hochriegl (Austria) Categorie - Cocktail pe baz\u0103 de vin \/ Aperitiv Profil aromatic - Flori de soc (Elderflower), Ment\u0103 \u0219i Lime Concentra\u021bie alcoolic\u0103 - 5,7% vol. Baz\u0103 - Vin alb de calitate superioar\u0103 Culoare - Galben-pai foarte deschis, str\u0103lucitor Tip ambalaj - Sticl\u0103 0,75 l\" \/>\n<meta property=\"og:url\" content=\"https:\/\/gbb.md\/ru\/product\/hochriegl-spritz-hugo-57\/\" \/>\n<meta property=\"og:site_name\" content=\"Global Bar Beverages\" \/>\n<meta property=\"article:publisher\" content=\"https:\/\/www.facebook.com\/profile.php?id=61555243232370\" \/>\n<meta property=\"article:modified_time\" content=\"2026-04-08T07:58:40+00:00\" \/>\n<meta property=\"og:image\" content=\"https:\/\/gbb.md\/wp-content\/uploads\/2026\/04\/00-721359-0886983342-G5uYOo5N.jpg\" \/>\n\t<meta property=\"og:image:width\" content=\"1600\" \/>\n\t<meta property=\"og:image:height\" content=\"1600\" \/>\n\t<meta property=\"og:image:type\" content=\"image\/jpeg\" \/>\n<meta name=\"twitter:card\" content=\"summary_large_image\" \/>\n<meta name=\"twitter:label1\" content=\"\u041f\u0440\u0438\u043c\u0435\u0440\u043d\u043e\u0435 \u0432\u0440\u0435\u043c\u044f \u0434\u043b\u044f \u0447\u0442\u0435\u043d\u0438\u044f\" \/>\n\t<meta name=\"twitter:data1\" content=\"2 \u043c\u0438\u043d\u0443\u0442\u044b\" \/>\n<script type=\"application\/ld+json\" class=\"yoast-schema-graph\">{\"@context\":\"https:\/\/schema.org\",\"@graph\":[{\"@type\":\"WebPage\",\"@id\":\"https:\/\/gbb.md\/product\/hochriegl-spritz-hugo-57\/\",\"url\":\"https:\/\/gbb.md\/product\/hochriegl-spritz-hugo-57\/\",\"name\":\"Hochriegl Spritz Hugo 5,7% | Global Bar Beverages\",\"isPartOf\":{\"@id\":\"https:\/\/gbb.md\/#website\"},\"datePublished\":\"2026-04-08T07:42:56+00:00\",\"dateModified\":\"2026-04-08T07:58:40+00:00\",\"breadcrumb\":{\"@id\":\"https:\/\/gbb.md\/product\/hochriegl-spritz-hugo-57\/#breadcrumb\"},\"inLanguage\":\"ru-RU\",\"potentialAction\":[{\"@type\":\"ReadAction\",\"target\":[\"https:\/\/gbb.md\/product\/hochriegl-spritz-hugo-57\/\"]}]},{\"@type\":\"BreadcrumbList\",\"@id\":\"https:\/\/gbb.md\/product\/hochriegl-spritz-hugo-57\/#breadcrumb\",\"itemListElement\":[{\"@type\":\"ListItem\",\"position\":1,\"name\":\"\u0413\u043b\u0430\u0432\u043d\u0430\u044f \u0441\u0442\u0440\u0430\u043d\u0438\u0446\u0430\",\"item\":\"https:\/\/gbb.md\/\"},{\"@type\":\"ListItem\",\"position\":2,\"name\":\"Produse\",\"item\":\"https:\/\/gbb.md\/shop\/\"},{\"@type\":\"ListItem\",\"position\":3,\"name\":\"Hochriegl Spritz Hugo 5,7%\"}]},{\"@type\":\"WebSite\",\"@id\":\"https:\/\/gbb.md\/#website\",\"url\":\"https:\/\/gbb.md\/\",\"name\":\"GBB\",\"description\":\"\u042d\u0442\u043e \u043c\u043e\u043b\u043e\u0434\u0430\u044f \u0431\u044b\u0441\u0442\u0440\u043e\u0440\u0430\u0441\u0442\u0443\u0449\u0430\u044f \u043a\u043e\u043c\u043f\u0430\u043d\u0438\u044f, \u0441\u0442\u0430\u0432\u0448\u0430\u044f \u043a\u0440\u0443\u043f\u043d\u0435\u0439\u0448\u0438\u043c \u0432 \u041c\u043e\u043b\u0434\u043e\u0432\u0435 \u043f\u043e\u0441\u0442\u0430\u0432\u0449\u0438\u043a\u043e\u043c \u0441\u0438\u0440\u043e\u043f\u043e\u0432 \u0438 \u043f\u044e\u0440\u0435 \u0434\u043b\u044f \u043d\u0430\u043f\u0438\u0442\u043a\u043e\u0432, \u0447\u0430\u044f, \u043a\u043e\u0444\u0435, \u0441\u043e\u0443\u0441\u043e\u0432, \u0442\u043e\u043d\u0438\u043a\u043e\u0432 \u0438 bubble tea \u043e\u0442 \u0438\u043c\u0435\u043d\u0438\u0442\u044b\u0445 \u043f\u0440\u043e\u0438\u0437\u0432\u043e\u0434\u0438\u0442\u0435\u043b\u0435\u0439.\",\"publisher\":{\"@id\":\"https:\/\/gbb.md\/#organization\"},\"alternateName\":\"Global Bar Beverages\",\"potentialAction\":[{\"@type\":\"SearchAction\",\"target\":{\"@type\":\"EntryPoint\",\"urlTemplate\":\"https:\/\/gbb.md\/?s={search_term_string}\"},\"query-input\":\"required name=search_term_string\"}],\"inLanguage\":\"ru-RU\"},{\"@type\":\"Organization\",\"@id\":\"https:\/\/gbb.md\/#organization\",\"name\":\"GBB\",\"alternateName\":\"Global Bar Beverages\",\"url\":\"https:\/\/gbb.md\/\",\"logo\":{\"@type\":\"ImageObject\",\"inLanguage\":\"ru-RU\",\"@id\":\"https:\/\/gbb.md\/#\/schema\/logo\/image\/\",\"url\":\"https:\/\/gbb.md\/wp-content\/uploads\/2024\/01\/android-chrome-512x512-1.png\",\"contentUrl\":\"https:\/\/gbb.md\/wp-content\/uploads\/2024\/01\/android-chrome-512x512-1.png\",\"width\":512,\"height\":512,\"caption\":\"GBB\"},\"image\":{\"@id\":\"https:\/\/gbb.md\/#\/schema\/logo\/image\/\"},\"sameAs\":[\"https:\/\/www.facebook.com\/profile.php?id=61555243232370\"]}]}<\/script>\n<!-- \/ Yoast SEO plugin. -->","yoast_head_json":{"title":"Hochriegl Spritz Hugo 5,7% | Global Bar Beverages","robots":{"index":"index","follow":"follow","max-snippet":"max-snippet:-1","max-image-preview":"max-image-preview:large","max-video-preview":"max-video-preview:-1"},"canonical":"https:\/\/gbb.md\/ru\/product\/hochriegl-spritz-hugo-57\/","og_locale":"ru_RU","og_type":"article","og_title":"Hochriegl Spritz Hugo 5,7% | Global Bar Beverages","og_description":"Brand - Hochriegl (Austria) Categorie - Cocktail pe baz\u0103 de vin \/ Aperitiv Profil aromatic - Flori de soc (Elderflower), Ment\u0103 \u0219i Lime Concentra\u021bie alcoolic\u0103 - 5,7% vol. Baz\u0103 - Vin alb de calitate superioar\u0103 Culoare - Galben-pai foarte deschis, str\u0103lucitor Tip ambalaj - Sticl\u0103 0,75 l","og_url":"https:\/\/gbb.md\/ru\/product\/hochriegl-spritz-hugo-57\/","og_site_name":"Global Bar Beverages","article_publisher":"https:\/\/www.facebook.com\/profile.php?id=61555243232370","article_modified_time":"2026-04-08T07:58:40+00:00","og_image":[{"width":1600,"height":1600,"url":"https:\/\/gbb.md\/wp-content\/uploads\/2026\/04\/00-721359-0886983342-G5uYOo5N.jpg","type":"image\/jpeg"}],"twitter_card":"summary_large_image","twitter_misc":{"\u041f\u0440\u0438\u043c\u0435\u0440\u043d\u043e\u0435 \u0432\u0440\u0435\u043c\u044f \u0434\u043b\u044f \u0447\u0442\u0435\u043d\u0438\u044f":"2 \u043c\u0438\u043d\u0443\u0442\u044b"},"schema":{"@context":"https:\/\/schema.org","@graph":[{"@type":"WebPage","@id":"https:\/\/gbb.md\/product\/hochriegl-spritz-hugo-57\/","url":"https:\/\/gbb.md\/product\/hochriegl-spritz-hugo-57\/","name":"Hochriegl Spritz Hugo 5,7% | Global Bar Beverages","isPartOf":{"@id":"https:\/\/gbb.md\/#website"},"datePublished":"2026-04-08T07:42:56+00:00","dateModified":"2026-04-08T07:58:40+00:00","breadcrumb":{"@id":"https:\/\/gbb.md\/product\/hochriegl-spritz-hugo-57\/#breadcrumb"},"inLanguage":"ru-RU","potentialAction":[{"@type":"ReadAction","target":["https:\/\/gbb.md\/product\/hochriegl-spritz-hugo-57\/"]}]},{"@type":"BreadcrumbList","@id":"https:\/\/gbb.md\/product\/hochriegl-spritz-hugo-57\/#breadcrumb","itemListElement":[{"@type":"ListItem","position":1,"name":"\u0413\u043b\u0430\u0432\u043d\u0430\u044f \u0441\u0442\u0440\u0430\u043d\u0438\u0446\u0430","item":"https:\/\/gbb.md\/"},{"@type":"ListItem","position":2,"name":"Produse","item":"https:\/\/gbb.md\/shop\/"},{"@type":"ListItem","position":3,"name":"Hochriegl Spritz Hugo 5,7%"}]},{"@type":"WebSite","@id":"https:\/\/gbb.md\/#website","url":"https:\/\/gbb.md\/","name":"GBB","description":"\u042d\u0442\u043e \u043c\u043e\u043b\u043e\u0434\u0430\u044f \u0431\u044b\u0441\u0442\u0440\u043e\u0440\u0430\u0441\u0442\u0443\u0449\u0430\u044f \u043a\u043e\u043c\u043f\u0430\u043d\u0438\u044f, \u0441\u0442\u0430\u0432\u0448\u0430\u044f \u043a\u0440\u0443\u043f\u043d\u0435\u0439\u0448\u0438\u043c \u0432 \u041c\u043e\u043b\u0434\u043e\u0432\u0435 \u043f\u043e\u0441\u0442\u0430\u0432\u0449\u0438\u043a\u043e\u043c \u0441\u0438\u0440\u043e\u043f\u043e\u0432 \u0438 \u043f\u044e\u0440\u0435 \u0434\u043b\u044f \u043d\u0430\u043f\u0438\u0442\u043a\u043e\u0432, \u0447\u0430\u044f, \u043a\u043e\u0444\u0435, \u0441\u043e\u0443\u0441\u043e\u0432, \u0442\u043e\u043d\u0438\u043a\u043e\u0432 \u0438 bubble tea \u043e\u0442 \u0438\u043c\u0435\u043d\u0438\u0442\u044b\u0445 \u043f\u0440\u043e\u0438\u0437\u0432\u043e\u0434\u0438\u0442\u0435\u043b\u0435\u0439.","publisher":{"@id":"https:\/\/gbb.md\/#organization"},"alternateName":"Global Bar Beverages","potentialAction":[{"@type":"SearchAction","target":{"@type":"EntryPoint","urlTemplate":"https:\/\/gbb.md\/?s={search_term_string}"},"query-input":"required name=search_term_string"}],"inLanguage":"ru-RU"},{"@type":"Organization","@id":"https:\/\/gbb.md\/#organization","name":"GBB","alternateName":"Global Bar Beverages","url":"https:\/\/gbb.md\/","logo":{"@type":"ImageObject","inLanguage":"ru-RU","@id":"https:\/\/gbb.md\/#\/schema\/logo\/image\/","url":"https:\/\/gbb.md\/wp-content\/uploads\/2024\/01\/android-chrome-512x512-1.png","contentUrl":"https:\/\/gbb.md\/wp-content\/uploads\/2024\/01\/android-chrome-512x512-1.png","width":512,"height":512,"caption":"GBB"},"image":{"@id":"https:\/\/gbb.md\/#\/schema\/logo\/image\/"},"sameAs":["https:\/\/www.facebook.com\/profile.php?id=61555243232370"]}]}},"_links":{"self":[{"href":"https:\/\/gbb.md\/ru\/wp-json\/wp\/v2\/product\/11635"}],"collection":[{"href":"https:\/\/gbb.md\/ru\/wp-json\/wp\/v2\/product"}],"about":[{"href":"https:\/\/gbb.md\/ru\/wp-json\/wp\/v2\/types\/product"}],"replies":[{"embeddable":true,"href":"https:\/\/gbb.md\/ru\/wp-json\/wp\/v2\/comments?post=11635"}],"wp:featuredmedia":[{"embeddable":true,"href":"https:\/\/gbb.md\/ru\/wp-json\/wp\/v2\/media\/11636"}],"wp:attachment":[{"href":"https:\/\/gbb.md\/ru\/wp-json\/wp\/v2\/media?parent=11635"}],"wp:term":[{"taxonomy":"product_cat","embeddable":true,"href":"https:\/\/gbb.md\/ru\/wp-json\/wp\/v2\/product_cat?post=11635"},{"taxonomy":"product_tag","embeddable":true,"href":"https:\/\/gbb.md\/ru\/wp-json\/wp\/v2\/product_tag?post=11635"}],"curies":[{"name":"wp","href":"https:\/\/api.w.org\/{rel}","templated":true}]}}