{"id":11685,"date":"2026-04-09T17:47:27","date_gmt":"2026-04-09T14:47:27","guid":{"rendered":"https:\/\/gbb.md\/?post_type=product&#038;p=11685"},"modified":"2026-04-09T17:47:28","modified_gmt":"2026-04-09T14:47:28","slug":"taittinger-brut-millesime-vintage-2016","status":"publish","type":"product","link":"https:\/\/gbb.md\/ru\/product\/taittinger-brut-millesime-vintage-2016\/","title":{"rendered":"Taittinger Brut Mill\u00e9sim\u00e9 VINTAGE 2016"},"content":{"rendered":"<div id=\"fws_69e089a7e07b3\"  data-midnight=\"dark\" data-top-percent=\"-30%\"  data-bg-mobile-hidden=\"\" class=\"wpb_row vc_row-fluid vc_row top-level  vc_row-o-equal-height vc_row-flex  vc_row-o-content-middle standard_section\"  style=\"padding-top: calc(100vw * 0.0-30); padding-bottom: 0px;  z-index: 100;\"><div class=\"row-bg-wrap\"><div class=\"inner-wrap\"><div class=\"row-bg\"  style=\"\"><\/div><\/div><div class=\"row-bg-overlay\" ><\/div><\/div><div class=\"col span_12 dark left\">\n\t<div style=\"margin-top: -190px; \" class=\"vc_col-sm-12 wpb_column column_container vc_column_container col neg-marg no-extra-padding\"  data-t-w-inherits=\"default\" data-border-radius=\"none\" data-shadow=\"none\" data-border-animation=\"\" data-border-animation-delay=\"\" data-border-width=\"none\" data-border-style=\"solid\" data-border-color=\"\" data-bg-cover=\"\" data-padding-pos=\"all\" data-has-bg-color=\"false\" data-bg-color=\"\" data-bg-opacity=\"1\" data-hover-bg=\"\" data-hover-bg-opacity=\"1\" data-animation=\"\" data-delay=\"0\"><div class=\"column-bg-overlay\"><\/div>\n\t\t<div class=\"vc_column-inner\">\n\t\t\t<div class=\"wpb_wrapper\">\n\t\t\t\t<div class=\"divider-wrap\" data-alignment=\"default\"><div style=\"height: 70px;\" class=\"divider\"><\/div><\/div><div id=\"ultimate-heading-566869e089a7eb9e0\" class=\"uvc-heading ult-adjust-bottom-margin ultimate-heading-566869e089a7eb9e0 uvc-4375\" data-hspacer=\"no_spacer\"  data-halign=\"left\" style=\"text-align:left\"><div class=\"uvc-heading-spacer no_spacer\" style=\"top\"><\/div><div class=\"uvc-main-heading ult-responsive\"  data-ultimate-target='.uvc-heading.ultimate-heading-566869e089a7eb9e0 h2'  data-responsive-json-new='{\"font-size\":\"desktop:28px;\",\"line-height\":\"\"}' ><h2 style=\"font-weight:bold;color:#333333;\">Taittinger Brut Mill\u00e9sim\u00e9 VINTAGE 2016<\/h2><\/div><div class=\"uvc-sub-heading ult-responsive\"  data-ultimate-target='.uvc-heading.ultimate-heading-566869e089a7eb9e0 .uvc-sub-heading '  data-responsive-json-new='{\"font-size\":\"desktop:18px;\",\"line-height\":\"\"}'  style=\"font-weight:normal;\">\n<p data-path-to-node=\"0\"><b data-path-to-node=\"0\" data-index-in-node=\"0\">Taittinger Brut Mill\u00e9sim\u00e9 2016<\/b> este un sortiment rar \u0219i pre\u021bios, produs exclusiv \u00een anii cu recolte excep\u021bionale. Dac\u0103 varianta <i data-path-to-node=\"0\" data-index-in-node=\"128\">Brut R\u00e9serve<\/i> este despre constan\u021b\u0103 \u0219i stilul casei, un <b data-path-to-node=\"0\" data-index-in-node=\"183\">Vintage (Mill\u00e9sim\u00e9)<\/b> este o \u201efotografie\u201d lichid\u0103 a unui singur an, captur\u00e2nd condi\u021biile climatice \u0219i caracterul specific al recoltei respective.<\/p>\n<p data-path-to-node=\"1\">Anul 2016 \u00een Champagne a fost unul al contrastelor, dar a rezultat \u00eentr-un vin de o puritate \u0219i o precizie remarcabil\u0103, fiind considerat un an \u201eclasic\u201d pentru marii colec\u021bionari.<\/p>\n<p data-path-to-node=\"1\">Spre deosebire de cupajele standard, Taittinger Vintage folose\u0219te doar prima presare a strugurilor (<b data-path-to-node=\"4\" data-index-in-node=\"100\">le cuv\u00e9e<\/b>) din cele mai bune podgorii de tip <i data-path-to-node=\"4\" data-index-in-node=\"144\">Grand Cru<\/i> \u0219i <i data-path-to-node=\"4\" data-index-in-node=\"157\">Premier Cru<\/i>. Acesta este maturat \u00een cramele de cret\u0103 ale casei timp de <b data-path-to-node=\"4\" data-index-in-node=\"228\">cel pu\u021bin 5 ani<\/b> pe drojdii, un proces care \u00eei confer\u0103 o structur\u0103 mult mai robust\u0103 \u0219i un poten\u021bial de \u00eenvechire considerabil.<\/p>\n<h3 data-path-to-node=\"9\">Note Senzoriale (Profilul anului 2016)<\/h3>\n<ul data-path-to-node=\"10\">\n<li>\n<p data-path-to-node=\"10,0,0\"><b data-path-to-node=\"10,0,0\" data-index-in-node=\"0\">Aspect:<\/b> Galben-auriu intens, str\u0103lucitor, cu un perlaj fin, extrem de energic \u0219i persistent.<\/p>\n<\/li>\n<li>\n<p data-path-to-node=\"10,1,0\"><b data-path-to-node=\"10,1,0\" data-index-in-node=\"0\">Aroma:<\/b> Buchetul este complex \u0219i evolutiv. Notele ini\u021biale de <b data-path-to-node=\"10,1,0\" data-index-in-node=\"61\">citrice coapte \u0219i fructe albe (pere, piersici)<\/b> sunt rapid completate de aromele de <b data-path-to-node=\"10,1,0\" data-index-in-node=\"144\">patiserie fin\u0103, migdale pr\u0103jite \u0219i o not\u0103 discret\u0103 de flori de tei<\/b>. 2016 aduce o prospe\u021bime mineral\u0103 foarte clar\u0103.<\/p>\n<\/li>\n<li>\n<p data-path-to-node=\"10,2,0\"><b data-path-to-node=\"10,2,0\" data-index-in-node=\"0\">Gustul:<\/b> Structura este impecabil\u0103. Atacul este vioi, urmat de o textur\u0103 m\u0103t\u0103soas\u0103 unde Pinot Noir-ul ofer\u0103 profunzime \u0219i corp, \u00een timp ce Chardonnay-ul aduce acea elegan\u021b\u0103 \u0219i aciditate vibrant\u0103 caracteristic\u0103 m\u0103rcii.<\/p>\n<\/li>\n<li>\n<p data-path-to-node=\"10,3,0\"><b data-path-to-node=\"10,3,0\" data-index-in-node=\"0\">Postgust:<\/b> Extrem de lung \u0219i precis, cu note de coaj\u0103 de l\u0103m\u00e2ie \u0219i o mineralitate salin\u0103 care te \u00eendeamn\u0103 la urm\u0103toarea \u00eenghi\u021bitur\u0103.<\/p>\n<\/li>\n<\/ul>\n<\/div><\/div><div class=\"divider-wrap\" data-alignment=\"default\"><div style=\"height: 25px;\" class=\"divider\"><\/div><\/div>\n\t\t\t<\/div> \n\t\t<\/div>\n\t<\/div> \n<\/div><\/div>\n\t\t<div id=\"fws_69e089a7ebe39\"  data-midnight=\"dark\"  data-bg-mobile-hidden=\"\" class=\"wpb_row vc_row-fluid vc_row standard_section\"  style=\"padding-top: 0px; padding-bottom: 0px; \"><div class=\"row-bg-wrap\"><div class=\"inner-wrap\"><div class=\"row-bg\"  style=\"\"><\/div><\/div><div class=\"row-bg-overlay\" ><\/div><\/div><div class=\"col span_12 dark left\">\n\t<div  class=\"vc_col-sm-12 wpb_column column_container vc_column_container col no-extra-padding\"  data-t-w-inherits=\"default\" data-border-radius=\"none\" data-shadow=\"none\" data-border-animation=\"\" data-border-animation-delay=\"\" data-border-width=\"none\" data-border-style=\"solid\" data-border-color=\"\" data-bg-cover=\"\" data-padding-pos=\"all\" data-has-bg-color=\"false\" data-bg-color=\"\" data-bg-opacity=\"1\" data-hover-bg=\"\" data-hover-bg-opacity=\"1\" data-animation=\"\" data-delay=\"0\"><div class=\"column-bg-overlay\"><\/div>\n\t\t<div class=\"vc_column-inner\">\n\t\t\t<div class=\"wpb_wrapper\">\n\t\t\t\t<div class=\"divider-wrap\" data-alignment=\"default\"><div style=\"height: 100px;\" class=\"divider\"><\/div><\/div>\n\t\t\t<\/div> \n\t\t<\/div>\n\t<\/div> \n<\/div><\/div>","protected":false},"excerpt":{"rendered":"<p>Produc\u0103tor &#8211; Champagne Taittinger<br \/>\nOrigine &#8211; Reims, Champagne, Fran\u021ba<br \/>\nAn de Recolt\u0103 &#8211; 2016 (Edi\u021bie Limitat\u0103)<br \/>\nCupaj &#8211; 50% Chardonnay, 50% Pinot Noir<br \/>\nMaturare &#8211; 5 ani pe drojdii \u00een pivni\u021bele Saint-Nicaise<br \/>\nConcentra\u021bie alcoolic\u0103 &#8211; 12.5% vol.<br \/>\nStil &#8211; Brut (Vintage)<br \/>\nVolum &#8211; 0.75 L<\/p>","protected":false},"featured_media":11686,"comment_status":"open","ping_status":"closed","template":"","meta":[],"product_cat":[405,404,461,407],"product_tag":[],"yoast_head":"<!-- This site is optimized with the Yoast SEO plugin v20.10 - https:\/\/yoast.com\/wordpress\/plugins\/seo\/ -->\n<title>Taittinger Brut Mill\u00e9sim\u00e9 VINTAGE 2016 | Global Bar Beverages<\/title>\n<meta name=\"robots\" content=\"index, follow, max-snippet:-1, max-image-preview:large, max-video-preview:-1\" \/>\n<link rel=\"canonical\" href=\"https:\/\/gbb.md\/ru\/product\/taittinger-brut-millesime-vintage-2016\/\" \/>\n<meta property=\"og:locale\" content=\"ru_RU\" \/>\n<meta property=\"og:type\" content=\"article\" \/>\n<meta property=\"og:title\" content=\"Taittinger Brut Mill\u00e9sim\u00e9 VINTAGE 2016 | Global Bar Beverages\" \/>\n<meta property=\"og:description\" content=\"Produc\u0103tor - Champagne Taittinger Origine - Reims, Champagne, Fran\u021ba An de Recolt\u0103 - 2016 (Edi\u021bie Limitat\u0103) Cupaj - 50% Chardonnay, 50% Pinot Noir Maturare - 5 ani pe drojdii \u00een pivni\u021bele Saint-Nicaise Concentra\u021bie alcoolic\u0103 - 12.5% vol. Stil - Brut (Vintage) Volum - 0.75 L\" \/>\n<meta property=\"og:url\" content=\"https:\/\/gbb.md\/ru\/product\/taittinger-brut-millesime-vintage-2016\/\" \/>\n<meta property=\"og:site_name\" content=\"Global Bar Beverages\" \/>\n<meta property=\"article:publisher\" content=\"https:\/\/www.facebook.com\/profile.php?id=61555243232370\" \/>\n<meta property=\"article:modified_time\" content=\"2026-04-09T14:47:28+00:00\" \/>\n<meta property=\"og:image\" content=\"https:\/\/gbb.md\/wp-content\/uploads\/2026\/04\/3129_2016_c.png\" \/>\n\t<meta property=\"og:image:width\" content=\"741\" \/>\n\t<meta property=\"og:image:height\" content=\"843\" \/>\n\t<meta property=\"og:image:type\" content=\"image\/png\" \/>\n<meta name=\"twitter:card\" content=\"summary_large_image\" \/>\n<meta name=\"twitter:label1\" content=\"\u041f\u0440\u0438\u043c\u0435\u0440\u043d\u043e\u0435 \u0432\u0440\u0435\u043c\u044f \u0434\u043b\u044f \u0447\u0442\u0435\u043d\u0438\u044f\" \/>\n\t<meta name=\"twitter:data1\" content=\"2 \u043c\u0438\u043d\u0443\u0442\u044b\" \/>\n<script type=\"application\/ld+json\" class=\"yoast-schema-graph\">{\"@context\":\"https:\/\/schema.org\",\"@graph\":[{\"@type\":\"WebPage\",\"@id\":\"https:\/\/gbb.md\/product\/taittinger-brut-millesime-vintage-2016\/\",\"url\":\"https:\/\/gbb.md\/product\/taittinger-brut-millesime-vintage-2016\/\",\"name\":\"Taittinger Brut Mill\u00e9sim\u00e9 VINTAGE 2016 | Global Bar Beverages\",\"isPartOf\":{\"@id\":\"https:\/\/gbb.md\/#website\"},\"datePublished\":\"2026-04-09T14:47:27+00:00\",\"dateModified\":\"2026-04-09T14:47:28+00:00\",\"breadcrumb\":{\"@id\":\"https:\/\/gbb.md\/product\/taittinger-brut-millesime-vintage-2016\/#breadcrumb\"},\"inLanguage\":\"ru-RU\",\"potentialAction\":[{\"@type\":\"ReadAction\",\"target\":[\"https:\/\/gbb.md\/product\/taittinger-brut-millesime-vintage-2016\/\"]}]},{\"@type\":\"BreadcrumbList\",\"@id\":\"https:\/\/gbb.md\/product\/taittinger-brut-millesime-vintage-2016\/#breadcrumb\",\"itemListElement\":[{\"@type\":\"ListItem\",\"position\":1,\"name\":\"\u0413\u043b\u0430\u0432\u043d\u0430\u044f \u0441\u0442\u0440\u0430\u043d\u0438\u0446\u0430\",\"item\":\"https:\/\/gbb.md\/\"},{\"@type\":\"ListItem\",\"position\":2,\"name\":\"Produse\",\"item\":\"https:\/\/gbb.md\/shop\/\"},{\"@type\":\"ListItem\",\"position\":3,\"name\":\"Taittinger Brut Mill\u00e9sim\u00e9 VINTAGE 2016\"}]},{\"@type\":\"WebSite\",\"@id\":\"https:\/\/gbb.md\/#website\",\"url\":\"https:\/\/gbb.md\/\",\"name\":\"GBB\",\"description\":\"\u042d\u0442\u043e \u043c\u043e\u043b\u043e\u0434\u0430\u044f \u0431\u044b\u0441\u0442\u0440\u043e\u0440\u0430\u0441\u0442\u0443\u0449\u0430\u044f \u043a\u043e\u043c\u043f\u0430\u043d\u0438\u044f, \u0441\u0442\u0430\u0432\u0448\u0430\u044f \u043a\u0440\u0443\u043f\u043d\u0435\u0439\u0448\u0438\u043c \u0432 \u041c\u043e\u043b\u0434\u043e\u0432\u0435 \u043f\u043e\u0441\u0442\u0430\u0432\u0449\u0438\u043a\u043e\u043c \u0441\u0438\u0440\u043e\u043f\u043e\u0432 \u0438 \u043f\u044e\u0440\u0435 \u0434\u043b\u044f \u043d\u0430\u043f\u0438\u0442\u043a\u043e\u0432, \u0447\u0430\u044f, \u043a\u043e\u0444\u0435, \u0441\u043e\u0443\u0441\u043e\u0432, \u0442\u043e\u043d\u0438\u043a\u043e\u0432 \u0438 bubble tea \u043e\u0442 \u0438\u043c\u0435\u043d\u0438\u0442\u044b\u0445 \u043f\u0440\u043e\u0438\u0437\u0432\u043e\u0434\u0438\u0442\u0435\u043b\u0435\u0439.\",\"publisher\":{\"@id\":\"https:\/\/gbb.md\/#organization\"},\"alternateName\":\"Global Bar Beverages\",\"potentialAction\":[{\"@type\":\"SearchAction\",\"target\":{\"@type\":\"EntryPoint\",\"urlTemplate\":\"https:\/\/gbb.md\/?s={search_term_string}\"},\"query-input\":\"required name=search_term_string\"}],\"inLanguage\":\"ru-RU\"},{\"@type\":\"Organization\",\"@id\":\"https:\/\/gbb.md\/#organization\",\"name\":\"GBB\",\"alternateName\":\"Global Bar Beverages\",\"url\":\"https:\/\/gbb.md\/\",\"logo\":{\"@type\":\"ImageObject\",\"inLanguage\":\"ru-RU\",\"@id\":\"https:\/\/gbb.md\/#\/schema\/logo\/image\/\",\"url\":\"https:\/\/gbb.md\/wp-content\/uploads\/2024\/01\/android-chrome-512x512-1.png\",\"contentUrl\":\"https:\/\/gbb.md\/wp-content\/uploads\/2024\/01\/android-chrome-512x512-1.png\",\"width\":512,\"height\":512,\"caption\":\"GBB\"},\"image\":{\"@id\":\"https:\/\/gbb.md\/#\/schema\/logo\/image\/\"},\"sameAs\":[\"https:\/\/www.facebook.com\/profile.php?id=61555243232370\"]}]}<\/script>\n<!-- \/ Yoast SEO plugin. -->","yoast_head_json":{"title":"Taittinger Brut Mill\u00e9sim\u00e9 VINTAGE 2016 | Global Bar Beverages","robots":{"index":"index","follow":"follow","max-snippet":"max-snippet:-1","max-image-preview":"max-image-preview:large","max-video-preview":"max-video-preview:-1"},"canonical":"https:\/\/gbb.md\/ru\/product\/taittinger-brut-millesime-vintage-2016\/","og_locale":"ru_RU","og_type":"article","og_title":"Taittinger Brut Mill\u00e9sim\u00e9 VINTAGE 2016 | Global Bar Beverages","og_description":"Produc\u0103tor - Champagne Taittinger Origine - Reims, Champagne, Fran\u021ba An de Recolt\u0103 - 2016 (Edi\u021bie Limitat\u0103) Cupaj - 50% Chardonnay, 50% Pinot Noir Maturare - 5 ani pe drojdii \u00een pivni\u021bele Saint-Nicaise Concentra\u021bie alcoolic\u0103 - 12.5% vol. Stil - Brut (Vintage) Volum - 0.75 L","og_url":"https:\/\/gbb.md\/ru\/product\/taittinger-brut-millesime-vintage-2016\/","og_site_name":"Global Bar Beverages","article_publisher":"https:\/\/www.facebook.com\/profile.php?id=61555243232370","article_modified_time":"2026-04-09T14:47:28+00:00","og_image":[{"width":741,"height":843,"url":"https:\/\/gbb.md\/wp-content\/uploads\/2026\/04\/3129_2016_c.png","type":"image\/png"}],"twitter_card":"summary_large_image","twitter_misc":{"\u041f\u0440\u0438\u043c\u0435\u0440\u043d\u043e\u0435 \u0432\u0440\u0435\u043c\u044f \u0434\u043b\u044f \u0447\u0442\u0435\u043d\u0438\u044f":"2 \u043c\u0438\u043d\u0443\u0442\u044b"},"schema":{"@context":"https:\/\/schema.org","@graph":[{"@type":"WebPage","@id":"https:\/\/gbb.md\/product\/taittinger-brut-millesime-vintage-2016\/","url":"https:\/\/gbb.md\/product\/taittinger-brut-millesime-vintage-2016\/","name":"Taittinger Brut Mill\u00e9sim\u00e9 VINTAGE 2016 | Global Bar Beverages","isPartOf":{"@id":"https:\/\/gbb.md\/#website"},"datePublished":"2026-04-09T14:47:27+00:00","dateModified":"2026-04-09T14:47:28+00:00","breadcrumb":{"@id":"https:\/\/gbb.md\/product\/taittinger-brut-millesime-vintage-2016\/#breadcrumb"},"inLanguage":"ru-RU","potentialAction":[{"@type":"ReadAction","target":["https:\/\/gbb.md\/product\/taittinger-brut-millesime-vintage-2016\/"]}]},{"@type":"BreadcrumbList","@id":"https:\/\/gbb.md\/product\/taittinger-brut-millesime-vintage-2016\/#breadcrumb","itemListElement":[{"@type":"ListItem","position":1,"name":"\u0413\u043b\u0430\u0432\u043d\u0430\u044f \u0441\u0442\u0440\u0430\u043d\u0438\u0446\u0430","item":"https:\/\/gbb.md\/"},{"@type":"ListItem","position":2,"name":"Produse","item":"https:\/\/gbb.md\/shop\/"},{"@type":"ListItem","position":3,"name":"Taittinger Brut Mill\u00e9sim\u00e9 VINTAGE 2016"}]},{"@type":"WebSite","@id":"https:\/\/gbb.md\/#website","url":"https:\/\/gbb.md\/","name":"GBB","description":"\u042d\u0442\u043e \u043c\u043e\u043b\u043e\u0434\u0430\u044f \u0431\u044b\u0441\u0442\u0440\u043e\u0440\u0430\u0441\u0442\u0443\u0449\u0430\u044f \u043a\u043e\u043c\u043f\u0430\u043d\u0438\u044f, \u0441\u0442\u0430\u0432\u0448\u0430\u044f \u043a\u0440\u0443\u043f\u043d\u0435\u0439\u0448\u0438\u043c \u0432 \u041c\u043e\u043b\u0434\u043e\u0432\u0435 \u043f\u043e\u0441\u0442\u0430\u0432\u0449\u0438\u043a\u043e\u043c \u0441\u0438\u0440\u043e\u043f\u043e\u0432 \u0438 \u043f\u044e\u0440\u0435 \u0434\u043b\u044f \u043d\u0430\u043f\u0438\u0442\u043a\u043e\u0432, \u0447\u0430\u044f, \u043a\u043e\u0444\u0435, \u0441\u043e\u0443\u0441\u043e\u0432, \u0442\u043e\u043d\u0438\u043a\u043e\u0432 \u0438 bubble tea \u043e\u0442 \u0438\u043c\u0435\u043d\u0438\u0442\u044b\u0445 \u043f\u0440\u043e\u0438\u0437\u0432\u043e\u0434\u0438\u0442\u0435\u043b\u0435\u0439.","publisher":{"@id":"https:\/\/gbb.md\/#organization"},"alternateName":"Global Bar Beverages","potentialAction":[{"@type":"SearchAction","target":{"@type":"EntryPoint","urlTemplate":"https:\/\/gbb.md\/?s={search_term_string}"},"query-input":"required name=search_term_string"}],"inLanguage":"ru-RU"},{"@type":"Organization","@id":"https:\/\/gbb.md\/#organization","name":"GBB","alternateName":"Global Bar Beverages","url":"https:\/\/gbb.md\/","logo":{"@type":"ImageObject","inLanguage":"ru-RU","@id":"https:\/\/gbb.md\/#\/schema\/logo\/image\/","url":"https:\/\/gbb.md\/wp-content\/uploads\/2024\/01\/android-chrome-512x512-1.png","contentUrl":"https:\/\/gbb.md\/wp-content\/uploads\/2024\/01\/android-chrome-512x512-1.png","width":512,"height":512,"caption":"GBB"},"image":{"@id":"https:\/\/gbb.md\/#\/schema\/logo\/image\/"},"sameAs":["https:\/\/www.facebook.com\/profile.php?id=61555243232370"]}]}},"_links":{"self":[{"href":"https:\/\/gbb.md\/ru\/wp-json\/wp\/v2\/product\/11685"}],"collection":[{"href":"https:\/\/gbb.md\/ru\/wp-json\/wp\/v2\/product"}],"about":[{"href":"https:\/\/gbb.md\/ru\/wp-json\/wp\/v2\/types\/product"}],"replies":[{"embeddable":true,"href":"https:\/\/gbb.md\/ru\/wp-json\/wp\/v2\/comments?post=11685"}],"wp:featuredmedia":[{"embeddable":true,"href":"https:\/\/gbb.md\/ru\/wp-json\/wp\/v2\/media\/11686"}],"wp:attachment":[{"href":"https:\/\/gbb.md\/ru\/wp-json\/wp\/v2\/media?parent=11685"}],"wp:term":[{"taxonomy":"product_cat","embeddable":true,"href":"https:\/\/gbb.md\/ru\/wp-json\/wp\/v2\/product_cat?post=11685"},{"taxonomy":"product_tag","embeddable":true,"href":"https:\/\/gbb.md\/ru\/wp-json\/wp\/v2\/product_tag?post=11685"}],"curies":[{"name":"wp","href":"https:\/\/api.w.org\/{rel}","templated":true}]}}