{"id":11689,"date":"2026-04-09T17:56:11","date_gmt":"2026-04-09T14:56:11","guid":{"rendered":"https:\/\/gbb.md\/?post_type=product&#038;p=11689"},"modified":"2026-04-09T17:56:13","modified_gmt":"2026-04-09T14:56:13","slug":"taittinger-comtes-de-champagne-grands-crus-blanc-de-blancs-brut-2011","status":"publish","type":"product","link":"https:\/\/gbb.md\/ru\/product\/taittinger-comtes-de-champagne-grands-crus-blanc-de-blancs-brut-2011\/","title":{"rendered":"Taittinger Comtes de Champagne grands Crus Blanc de Blancs Brut 2011"},"content":{"rendered":"<div id=\"fws_6a046ce6e65b3\"  data-midnight=\"dark\" data-top-percent=\"-30%\"  data-bg-mobile-hidden=\"\" class=\"wpb_row vc_row-fluid vc_row top-level  vc_row-o-equal-height vc_row-flex  vc_row-o-content-middle standard_section\"  style=\"padding-top: calc(100vw * 0.0-30); padding-bottom: 0px;  z-index: 100;\"><div class=\"row-bg-wrap\"><div class=\"inner-wrap\"><div class=\"row-bg\"  style=\"\"><\/div><\/div><div class=\"row-bg-overlay\" ><\/div><\/div><div class=\"col span_12 dark left\">\n\t<div style=\"margin-top: -190px; \" class=\"vc_col-sm-12 wpb_column column_container vc_column_container col neg-marg no-extra-padding\"  data-t-w-inherits=\"default\" data-border-radius=\"none\" data-shadow=\"none\" data-border-animation=\"\" data-border-animation-delay=\"\" data-border-width=\"none\" data-border-style=\"solid\" data-border-color=\"\" data-bg-cover=\"\" data-padding-pos=\"all\" data-has-bg-color=\"false\" data-bg-color=\"\" data-bg-opacity=\"1\" data-hover-bg=\"\" data-hover-bg-opacity=\"1\" data-animation=\"\" data-delay=\"0\"><div class=\"column-bg-overlay\"><\/div>\n\t\t<div class=\"vc_column-inner\">\n\t\t\t<div class=\"wpb_wrapper\">\n\t\t\t\t<div class=\"divider-wrap\" data-alignment=\"default\"><div style=\"height: 70px;\" class=\"divider\"><\/div><\/div><div id=\"ultimate-heading-56046a046ce6e68e7\" class=\"uvc-heading ult-adjust-bottom-margin ultimate-heading-56046a046ce6e68e7 uvc-2649\" data-hspacer=\"no_spacer\"  data-halign=\"left\" style=\"text-align:left\"><div class=\"uvc-heading-spacer no_spacer\" style=\"top\"><\/div><div class=\"uvc-main-heading ult-responsive\"  data-ultimate-target='.uvc-heading.ultimate-heading-56046a046ce6e68e7 h2'  data-responsive-json-new='{\"font-size\":\"desktop:28px;\",\"line-height\":\"\"}' ><h2 style=\"font-weight:bold;color:#333333;\">Taittinger Comtes de Champagne grands Crus Blanc de Blancs Brut 2011<\/h2><\/div><div class=\"uvc-sub-heading ult-responsive\"  data-ultimate-target='.uvc-heading.ultimate-heading-56046a046ce6e68e7 .uvc-sub-heading '  data-responsive-json-new='{\"font-size\":\"desktop:18px;\",\"line-height\":\"\"}'  style=\"font-weight:normal;\">\n<p data-path-to-node=\"0\"><b data-path-to-node=\"0\" data-index-in-node=\"0\">Taittinger Comtes de Champagne Blanc de Blancs 2011<\/b> reprezint\u0103 apogeul artei vinifica\u021biei casei Taittinger \u0219i una dintre cele mai titrate \u0219ampanii de tip \u201ePrestige Cuv\u00e9e\u201d din lume. Este un omagiu adus soiului Chardonnay, fiind produs\u0103 exclusiv din struguri proveni\u021bi din cele mai bune cinci sate <b data-path-to-node=\"0\" data-index-in-node=\"296\">Grand Cru<\/b> din C\u00f4te des Blancs: Avize, Chouilly, Cramant, Mesnil-sur-Oger \u0219i Oger.<\/p>\n<p data-path-to-node=\"1\">Dac\u0103 \u201ePr\u00e9lude\u201d este introducerea, \u201eComtes\u201d este simfonia complet\u0103 \u2014 o b\u0103utur\u0103 rar\u0103, produs\u0103 doar \u00een anii excep\u021bionali, care redefine\u0219te no\u021biunea de elegan\u021b\u0103 lichid\u0103.<\/p>\n<p data-path-to-node=\"1\">Ceea ce face ca acest sortiment s\u0103 fie cu adev\u0103rat special este procesul s\u0103u de produc\u021bie obsesiv de riguros. Se utilizeaz\u0103 doar prima presare a strugurilor (<b data-path-to-node=\"4\" data-index-in-node=\"158\">le cuv\u00e9e<\/b>) pentru a asigura puritatea absolut\u0103. Un detaliu de fine\u021be: <b data-path-to-node=\"4\" data-index-in-node=\"227\">5% din cupaj este maturat timp de 4 luni \u00een butoaie noi de stejar<\/b> (o raritate pentru un Blanc de Blancs), pentru a ad\u0103uga o structur\u0103 imperceptibil\u0103 \u0219i note subtile de pr\u0103jit, f\u0103r\u0103 a masca prospe\u021bimea fructului.<\/p>\n<h3 data-path-to-node=\"9\">Note Senzoriale (Profilul anului 2011)<\/h3>\n<p data-path-to-node=\"10\">Anul 2011 a fost unul atipic \u00een Champagne, cu o prim\u0103var\u0103 cald\u0103 \u0219i o var\u0103 mai r\u0103coroas\u0103, rezult\u00e2nd \u00eentr-un vin de o precizie \u0219i o prospe\u021bime remarcabil\u0103.<\/p>\n<ul data-path-to-node=\"11\">\n<li>\n<p data-path-to-node=\"11,0,0\"><b data-path-to-node=\"11,0,0\" data-index-in-node=\"0\">Aspect:<\/b> Galben-auriu pal, cu reflexii de un verde smarald. Perlajul este de o fine\u021be microscopic\u0103, urc\u00e2nd \u00een coloane perfecte \u0219i persistente.<\/p>\n<\/li>\n<li>\n<p data-path-to-node=\"11,1,0\"><b data-path-to-node=\"11,1,0\" data-index-in-node=\"0\">Aroma:<\/b> Buchetul este ini\u021bial foarte mineral \u0219i aerat (not\u0103 de cret\u0103, specific\u0103 terroir-ului). Se deschide apoi spre note de <b data-path-to-node=\"11,1,0\" data-index-in-node=\"124\">flori albe, pere coapte \u0219i coaj\u0103 de l\u0103m\u00e2ie confiat\u0103<\/b>. Pe m\u0103sur\u0103 ce se \u00eenc\u0103lze\u0219te \u00een pahar, apar arome complexe de <b data-path-to-node=\"11,1,0\" data-index-in-node=\"237\">migdale pr\u0103jite, brio\u0219\u0103 cald\u0103 \u0219i un strop de lemn dulce<\/b>.<\/p>\n<\/li>\n<li>\n<p data-path-to-node=\"11,2,0\"><b data-path-to-node=\"11,2,0\" data-index-in-node=\"0\">Gustul:<\/b> O explozie de puritate. Atacul este vibrant \u0219i generos, cu o textur\u0103 m\u0103t\u0103soas\u0103 care echilibreaz\u0103 perfect aciditatea t\u0103ioas\u0103. Este o \u0219ampanie care pare c\u0103 \u201eplute\u0219te\u201d pe palat, av\u00e2nd \u00een acela\u0219i timp o densitate aromatic\u0103 incredibil\u0103.<\/p>\n<\/li>\n<li>\n<p data-path-to-node=\"11,3,0\"><b data-path-to-node=\"11,3,0\" data-index-in-node=\"0\">Postgust:<\/b> Monumental de lung, cu o mineralitate salin\u0103 \u0219i note de miere \u0219i fructe exotice la final.<\/p>\n<\/li>\n<\/ul>\n<\/div><\/div><div class=\"divider-wrap\" data-alignment=\"default\"><div style=\"height: 25px;\" class=\"divider\"><\/div><\/div>\n\t\t\t<\/div> \n\t\t<\/div>\n\t<\/div> \n<\/div><\/div>\n\t\t<div id=\"fws_6a046ce6e6e43\"  data-midnight=\"dark\"  data-bg-mobile-hidden=\"\" class=\"wpb_row vc_row-fluid vc_row standard_section\"  style=\"padding-top: 0px; padding-bottom: 0px; \"><div class=\"row-bg-wrap\"><div class=\"inner-wrap\"><div class=\"row-bg\"  style=\"\"><\/div><\/div><div class=\"row-bg-overlay\" ><\/div><\/div><div class=\"col span_12 dark left\">\n\t<div  class=\"vc_col-sm-12 wpb_column column_container vc_column_container col no-extra-padding\"  data-t-w-inherits=\"default\" data-border-radius=\"none\" data-shadow=\"none\" data-border-animation=\"\" data-border-animation-delay=\"\" data-border-width=\"none\" data-border-style=\"solid\" data-border-color=\"\" data-bg-cover=\"\" data-padding-pos=\"all\" data-has-bg-color=\"false\" data-bg-color=\"\" data-bg-opacity=\"1\" data-hover-bg=\"\" data-hover-bg-opacity=\"1\" data-animation=\"\" data-delay=\"0\"><div class=\"column-bg-overlay\"><\/div>\n\t\t<div class=\"vc_column-inner\">\n\t\t\t<div class=\"wpb_wrapper\">\n\t\t\t\t<div class=\"divider-wrap\" data-alignment=\"default\"><div style=\"height: 100px;\" class=\"divider\"><\/div><\/div>\n\t\t\t<\/div> \n\t\t<\/div>\n\t<\/div> \n<\/div><\/div>","protected":false},"excerpt":{"rendered":"<p>Produc\u0103tor &#8211; Champagne Taittinger<br \/>\nTip &#8211; Prestige Cuv\u00e9e (Blanc de Blancs)<br \/>\nAn de Recolt\u0103 &#8211; 2011<br \/>\nSoi de struguri &#8211; 100% Chardonnay (Grand Cru)<br \/>\nMaturare &#8211; ~10 ani pe drojdii \u00een pivni\u021bele Saint-Nicaise<br \/>\nConcentra\u021bie alcoolic\u0103- 12.5% vol.<br \/>\nClasificare &#8211; Grand Cru<br \/>\nVolum &#8211; 0.75 L<\/p>","protected":false},"featured_media":11690,"comment_status":"open","ping_status":"closed","template":"","meta":[],"product_cat":[405,404,461,407],"product_tag":[],"yoast_head":"<!-- This site is optimized with the Yoast SEO plugin v20.10 - https:\/\/yoast.com\/wordpress\/plugins\/seo\/ -->\n<title>Taittinger Comtes de Champagne grands Crus Blanc de Blancs Brut 2011 | Global Bar Beverages<\/title>\n<meta name=\"robots\" content=\"index, follow, max-snippet:-1, max-image-preview:large, max-video-preview:-1\" \/>\n<link rel=\"canonical\" href=\"https:\/\/gbb.md\/ru\/product\/taittinger-comtes-de-champagne-grands-crus-blanc-de-blancs-brut-2011\/\" \/>\n<meta property=\"og:locale\" content=\"ru_RU\" \/>\n<meta property=\"og:type\" content=\"article\" \/>\n<meta property=\"og:title\" content=\"Taittinger Comtes de Champagne grands Crus Blanc de Blancs Brut 2011 | Global Bar Beverages\" \/>\n<meta property=\"og:description\" content=\"Produc\u0103tor - Champagne Taittinger Tip - Prestige Cuv\u00e9e (Blanc de Blancs) An de Recolt\u0103 - 2011 Soi de struguri - 100% Chardonnay (Grand Cru) Maturare - ~10 ani pe drojdii \u00een pivni\u021bele Saint-Nicaise Concentra\u021bie alcoolic\u0103- 12.5% vol. Clasificare - Grand Cru Volum - 0.75 L\" \/>\n<meta property=\"og:url\" content=\"https:\/\/gbb.md\/ru\/product\/taittinger-comtes-de-champagne-grands-crus-blanc-de-blancs-brut-2011\/\" \/>\n<meta property=\"og:site_name\" content=\"Global Bar Beverages\" \/>\n<meta property=\"article:publisher\" content=\"https:\/\/www.facebook.com\/profile.php?id=61555243232370\" \/>\n<meta property=\"article:modified_time\" content=\"2026-04-09T14:56:13+00:00\" \/>\n<meta property=\"og:image\" content=\"https:\/\/gbb.md\/wp-content\/uploads\/2026\/04\/B07719-Taittinger-Comtes-de-Champagne-Rose.jpg\" \/>\n\t<meta property=\"og:image:width\" content=\"1000\" \/>\n\t<meta property=\"og:image:height\" content=\"1000\" \/>\n\t<meta property=\"og:image:type\" content=\"image\/jpeg\" \/>\n<meta name=\"twitter:card\" content=\"summary_large_image\" \/>\n<meta name=\"twitter:label1\" content=\"\u041f\u0440\u0438\u043c\u0435\u0440\u043d\u043e\u0435 \u0432\u0440\u0435\u043c\u044f \u0434\u043b\u044f \u0447\u0442\u0435\u043d\u0438\u044f\" \/>\n\t<meta name=\"twitter:data1\" content=\"3 \u043c\u0438\u043d\u0443\u0442\u044b\" \/>\n<script type=\"application\/ld+json\" class=\"yoast-schema-graph\">{\"@context\":\"https:\/\/schema.org\",\"@graph\":[{\"@type\":\"WebPage\",\"@id\":\"https:\/\/gbb.md\/product\/taittinger-comtes-de-champagne-grands-crus-blanc-de-blancs-brut-2011\/\",\"url\":\"https:\/\/gbb.md\/product\/taittinger-comtes-de-champagne-grands-crus-blanc-de-blancs-brut-2011\/\",\"name\":\"Taittinger Comtes de Champagne grands Crus Blanc de Blancs Brut 2011 | Global Bar Beverages\",\"isPartOf\":{\"@id\":\"https:\/\/gbb.md\/#website\"},\"datePublished\":\"2026-04-09T14:56:11+00:00\",\"dateModified\":\"2026-04-09T14:56:13+00:00\",\"breadcrumb\":{\"@id\":\"https:\/\/gbb.md\/product\/taittinger-comtes-de-champagne-grands-crus-blanc-de-blancs-brut-2011\/#breadcrumb\"},\"inLanguage\":\"ru-RU\",\"potentialAction\":[{\"@type\":\"ReadAction\",\"target\":[\"https:\/\/gbb.md\/product\/taittinger-comtes-de-champagne-grands-crus-blanc-de-blancs-brut-2011\/\"]}]},{\"@type\":\"BreadcrumbList\",\"@id\":\"https:\/\/gbb.md\/product\/taittinger-comtes-de-champagne-grands-crus-blanc-de-blancs-brut-2011\/#breadcrumb\",\"itemListElement\":[{\"@type\":\"ListItem\",\"position\":1,\"name\":\"\u0413\u043b\u0430\u0432\u043d\u0430\u044f \u0441\u0442\u0440\u0430\u043d\u0438\u0446\u0430\",\"item\":\"https:\/\/gbb.md\/\"},{\"@type\":\"ListItem\",\"position\":2,\"name\":\"Produse\",\"item\":\"https:\/\/gbb.md\/shop\/\"},{\"@type\":\"ListItem\",\"position\":3,\"name\":\"Taittinger Comtes de Champagne grands Crus Blanc de Blancs Brut 2011\"}]},{\"@type\":\"WebSite\",\"@id\":\"https:\/\/gbb.md\/#website\",\"url\":\"https:\/\/gbb.md\/\",\"name\":\"GBB\",\"description\":\"\u042d\u0442\u043e \u043c\u043e\u043b\u043e\u0434\u0430\u044f \u0431\u044b\u0441\u0442\u0440\u043e\u0440\u0430\u0441\u0442\u0443\u0449\u0430\u044f \u043a\u043e\u043c\u043f\u0430\u043d\u0438\u044f, \u0441\u0442\u0430\u0432\u0448\u0430\u044f \u043a\u0440\u0443\u043f\u043d\u0435\u0439\u0448\u0438\u043c \u0432 \u041c\u043e\u043b\u0434\u043e\u0432\u0435 \u043f\u043e\u0441\u0442\u0430\u0432\u0449\u0438\u043a\u043e\u043c \u0441\u0438\u0440\u043e\u043f\u043e\u0432 \u0438 \u043f\u044e\u0440\u0435 \u0434\u043b\u044f \u043d\u0430\u043f\u0438\u0442\u043a\u043e\u0432, \u0447\u0430\u044f, \u043a\u043e\u0444\u0435, \u0441\u043e\u0443\u0441\u043e\u0432, \u0442\u043e\u043d\u0438\u043a\u043e\u0432 \u0438 bubble tea \u043e\u0442 \u0438\u043c\u0435\u043d\u0438\u0442\u044b\u0445 \u043f\u0440\u043e\u0438\u0437\u0432\u043e\u0434\u0438\u0442\u0435\u043b\u0435\u0439.\",\"publisher\":{\"@id\":\"https:\/\/gbb.md\/#organization\"},\"alternateName\":\"Global Bar Beverages\",\"potentialAction\":[{\"@type\":\"SearchAction\",\"target\":{\"@type\":\"EntryPoint\",\"urlTemplate\":\"https:\/\/gbb.md\/?s={search_term_string}\"},\"query-input\":\"required name=search_term_string\"}],\"inLanguage\":\"ru-RU\"},{\"@type\":\"Organization\",\"@id\":\"https:\/\/gbb.md\/#organization\",\"name\":\"GBB\",\"alternateName\":\"Global Bar Beverages\",\"url\":\"https:\/\/gbb.md\/\",\"logo\":{\"@type\":\"ImageObject\",\"inLanguage\":\"ru-RU\",\"@id\":\"https:\/\/gbb.md\/#\/schema\/logo\/image\/\",\"url\":\"https:\/\/gbb.md\/wp-content\/uploads\/2024\/01\/android-chrome-512x512-1.png\",\"contentUrl\":\"https:\/\/gbb.md\/wp-content\/uploads\/2024\/01\/android-chrome-512x512-1.png\",\"width\":512,\"height\":512,\"caption\":\"GBB\"},\"image\":{\"@id\":\"https:\/\/gbb.md\/#\/schema\/logo\/image\/\"},\"sameAs\":[\"https:\/\/www.facebook.com\/profile.php?id=61555243232370\"]}]}<\/script>\n<!-- \/ Yoast SEO plugin. -->","yoast_head_json":{"title":"Taittinger Comtes de Champagne grands Crus Blanc de Blancs Brut 2011 | Global Bar Beverages","robots":{"index":"index","follow":"follow","max-snippet":"max-snippet:-1","max-image-preview":"max-image-preview:large","max-video-preview":"max-video-preview:-1"},"canonical":"https:\/\/gbb.md\/ru\/product\/taittinger-comtes-de-champagne-grands-crus-blanc-de-blancs-brut-2011\/","og_locale":"ru_RU","og_type":"article","og_title":"Taittinger Comtes de Champagne grands Crus Blanc de Blancs Brut 2011 | Global Bar Beverages","og_description":"Produc\u0103tor - Champagne Taittinger Tip - Prestige Cuv\u00e9e (Blanc de Blancs) An de Recolt\u0103 - 2011 Soi de struguri - 100% Chardonnay (Grand Cru) Maturare - ~10 ani pe drojdii \u00een pivni\u021bele Saint-Nicaise Concentra\u021bie alcoolic\u0103- 12.5% vol. Clasificare - Grand Cru Volum - 0.75 L","og_url":"https:\/\/gbb.md\/ru\/product\/taittinger-comtes-de-champagne-grands-crus-blanc-de-blancs-brut-2011\/","og_site_name":"Global Bar Beverages","article_publisher":"https:\/\/www.facebook.com\/profile.php?id=61555243232370","article_modified_time":"2026-04-09T14:56:13+00:00","og_image":[{"width":1000,"height":1000,"url":"https:\/\/gbb.md\/wp-content\/uploads\/2026\/04\/B07719-Taittinger-Comtes-de-Champagne-Rose.jpg","type":"image\/jpeg"}],"twitter_card":"summary_large_image","twitter_misc":{"\u041f\u0440\u0438\u043c\u0435\u0440\u043d\u043e\u0435 \u0432\u0440\u0435\u043c\u044f \u0434\u043b\u044f \u0447\u0442\u0435\u043d\u0438\u044f":"3 \u043c\u0438\u043d\u0443\u0442\u044b"},"schema":{"@context":"https:\/\/schema.org","@graph":[{"@type":"WebPage","@id":"https:\/\/gbb.md\/product\/taittinger-comtes-de-champagne-grands-crus-blanc-de-blancs-brut-2011\/","url":"https:\/\/gbb.md\/product\/taittinger-comtes-de-champagne-grands-crus-blanc-de-blancs-brut-2011\/","name":"Taittinger Comtes de Champagne grands Crus Blanc de Blancs Brut 2011 | Global Bar Beverages","isPartOf":{"@id":"https:\/\/gbb.md\/#website"},"datePublished":"2026-04-09T14:56:11+00:00","dateModified":"2026-04-09T14:56:13+00:00","breadcrumb":{"@id":"https:\/\/gbb.md\/product\/taittinger-comtes-de-champagne-grands-crus-blanc-de-blancs-brut-2011\/#breadcrumb"},"inLanguage":"ru-RU","potentialAction":[{"@type":"ReadAction","target":["https:\/\/gbb.md\/product\/taittinger-comtes-de-champagne-grands-crus-blanc-de-blancs-brut-2011\/"]}]},{"@type":"BreadcrumbList","@id":"https:\/\/gbb.md\/product\/taittinger-comtes-de-champagne-grands-crus-blanc-de-blancs-brut-2011\/#breadcrumb","itemListElement":[{"@type":"ListItem","position":1,"name":"\u0413\u043b\u0430\u0432\u043d\u0430\u044f \u0441\u0442\u0440\u0430\u043d\u0438\u0446\u0430","item":"https:\/\/gbb.md\/"},{"@type":"ListItem","position":2,"name":"Produse","item":"https:\/\/gbb.md\/shop\/"},{"@type":"ListItem","position":3,"name":"Taittinger Comtes de Champagne grands Crus Blanc de Blancs Brut 2011"}]},{"@type":"WebSite","@id":"https:\/\/gbb.md\/#website","url":"https:\/\/gbb.md\/","name":"GBB","description":"\u042d\u0442\u043e \u043c\u043e\u043b\u043e\u0434\u0430\u044f \u0431\u044b\u0441\u0442\u0440\u043e\u0440\u0430\u0441\u0442\u0443\u0449\u0430\u044f \u043a\u043e\u043c\u043f\u0430\u043d\u0438\u044f, \u0441\u0442\u0430\u0432\u0448\u0430\u044f \u043a\u0440\u0443\u043f\u043d\u0435\u0439\u0448\u0438\u043c \u0432 \u041c\u043e\u043b\u0434\u043e\u0432\u0435 \u043f\u043e\u0441\u0442\u0430\u0432\u0449\u0438\u043a\u043e\u043c \u0441\u0438\u0440\u043e\u043f\u043e\u0432 \u0438 \u043f\u044e\u0440\u0435 \u0434\u043b\u044f \u043d\u0430\u043f\u0438\u0442\u043a\u043e\u0432, \u0447\u0430\u044f, \u043a\u043e\u0444\u0435, \u0441\u043e\u0443\u0441\u043e\u0432, \u0442\u043e\u043d\u0438\u043a\u043e\u0432 \u0438 bubble tea \u043e\u0442 \u0438\u043c\u0435\u043d\u0438\u0442\u044b\u0445 \u043f\u0440\u043e\u0438\u0437\u0432\u043e\u0434\u0438\u0442\u0435\u043b\u0435\u0439.","publisher":{"@id":"https:\/\/gbb.md\/#organization"},"alternateName":"Global Bar Beverages","potentialAction":[{"@type":"SearchAction","target":{"@type":"EntryPoint","urlTemplate":"https:\/\/gbb.md\/?s={search_term_string}"},"query-input":"required name=search_term_string"}],"inLanguage":"ru-RU"},{"@type":"Organization","@id":"https:\/\/gbb.md\/#organization","name":"GBB","alternateName":"Global Bar Beverages","url":"https:\/\/gbb.md\/","logo":{"@type":"ImageObject","inLanguage":"ru-RU","@id":"https:\/\/gbb.md\/#\/schema\/logo\/image\/","url":"https:\/\/gbb.md\/wp-content\/uploads\/2024\/01\/android-chrome-512x512-1.png","contentUrl":"https:\/\/gbb.md\/wp-content\/uploads\/2024\/01\/android-chrome-512x512-1.png","width":512,"height":512,"caption":"GBB"},"image":{"@id":"https:\/\/gbb.md\/#\/schema\/logo\/image\/"},"sameAs":["https:\/\/www.facebook.com\/profile.php?id=61555243232370"]}]}},"_links":{"self":[{"href":"https:\/\/gbb.md\/ru\/wp-json\/wp\/v2\/product\/11689"}],"collection":[{"href":"https:\/\/gbb.md\/ru\/wp-json\/wp\/v2\/product"}],"about":[{"href":"https:\/\/gbb.md\/ru\/wp-json\/wp\/v2\/types\/product"}],"replies":[{"embeddable":true,"href":"https:\/\/gbb.md\/ru\/wp-json\/wp\/v2\/comments?post=11689"}],"wp:featuredmedia":[{"embeddable":true,"href":"https:\/\/gbb.md\/ru\/wp-json\/wp\/v2\/media\/11690"}],"wp:attachment":[{"href":"https:\/\/gbb.md\/ru\/wp-json\/wp\/v2\/media?parent=11689"}],"wp:term":[{"taxonomy":"product_cat","embeddable":true,"href":"https:\/\/gbb.md\/ru\/wp-json\/wp\/v2\/product_cat?post=11689"},{"taxonomy":"product_tag","embeddable":true,"href":"https:\/\/gbb.md\/ru\/wp-json\/wp\/v2\/product_tag?post=11689"}],"curies":[{"name":"wp","href":"https:\/\/api.w.org\/{rel}","templated":true}]}}