{"id":11694,"date":"2026-04-09T18:18:48","date_gmt":"2026-04-09T15:18:48","guid":{"rendered":"https:\/\/gbb.md\/?post_type=product&#038;p=11694"},"modified":"2026-04-09T18:22:47","modified_gmt":"2026-04-09T15:22:47","slug":"rene-mure-riesling-2024-calcaires-jaunes","status":"publish","type":"product","link":"https:\/\/gbb.md\/ru\/product\/rene-mure-riesling-2024-calcaires-jaunes\/","title":{"rendered":"Rene Mure Riesling 2024 Calcaires Jaunes"},"content":{"rendered":"<div id=\"fws_6a046ce6e3449\"  data-midnight=\"dark\" data-top-percent=\"-30%\"  data-bg-mobile-hidden=\"\" class=\"wpb_row vc_row-fluid vc_row top-level  vc_row-o-equal-height vc_row-flex  vc_row-o-content-middle standard_section\"  style=\"padding-top: calc(100vw * 0.0-30); padding-bottom: 0px;  z-index: 100;\"><div class=\"row-bg-wrap\"><div class=\"inner-wrap\"><div class=\"row-bg\"  style=\"\"><\/div><\/div><div class=\"row-bg-overlay\" ><\/div><\/div><div class=\"col span_12 dark left\">\n\t<div style=\"margin-top: -190px; \" class=\"vc_col-sm-12 wpb_column column_container vc_column_container col neg-marg no-extra-padding\"  data-t-w-inherits=\"default\" data-border-radius=\"none\" data-shadow=\"none\" data-border-animation=\"\" data-border-animation-delay=\"\" data-border-width=\"none\" data-border-style=\"solid\" data-border-color=\"\" data-bg-cover=\"\" data-padding-pos=\"all\" data-has-bg-color=\"false\" data-bg-color=\"\" data-bg-opacity=\"1\" data-hover-bg=\"\" data-hover-bg-opacity=\"1\" data-animation=\"\" data-delay=\"0\"><div class=\"column-bg-overlay\"><\/div>\n\t\t<div class=\"vc_column-inner\">\n\t\t\t<div class=\"wpb_wrapper\">\n\t\t\t\t<div class=\"divider-wrap\" data-alignment=\"default\"><div style=\"height: 70px;\" class=\"divider\"><\/div><\/div><div id=\"ultimate-heading-26796a046ce6e60c9\" class=\"uvc-heading ult-adjust-bottom-margin ultimate-heading-26796a046ce6e60c9 uvc-6759\" data-hspacer=\"no_spacer\"  data-halign=\"left\" style=\"text-align:left\"><div class=\"uvc-heading-spacer no_spacer\" style=\"top\"><\/div><div class=\"uvc-main-heading ult-responsive\"  data-ultimate-target='.uvc-heading.ultimate-heading-26796a046ce6e60c9 h2'  data-responsive-json-new='{\"font-size\":\"desktop:28px;\",\"line-height\":\"\"}' ><h2 style=\"font-weight:bold;color:#333333;\">Rene Mure Riesling 2024 Calcaires Jaunes<\/h2><\/div><div class=\"uvc-sub-heading ult-responsive\"  data-ultimate-target='.uvc-heading.ultimate-heading-26796a046ce6e60c9 .uvc-sub-heading '  data-responsive-json-new='{\"font-size\":\"desktop:18px;\",\"line-height\":\"\"}'  style=\"font-weight:normal;\">\n<div class=\"response-container-content ng-tns-c2608206049-575 has-thoughts\">\n<div class=\"response-content ng-tns-c2608206049-575\">\n<div class=\"container\">\n<div id=\"model-response-message-contentr_adc323dad66c1d56\" class=\"markdown markdown-main-panel stronger enable-updated-hr-color\" dir=\"ltr\" aria-live=\"polite\" aria-busy=\"false\">\n<p data-path-to-node=\"0\"><b data-path-to-node=\"0\" data-index-in-node=\"0\">Ren\u00e9 Mur\u00e9 Riesling 2024 \u201eCalcaires Jaunes\u201d<\/b> este o expresie pur\u0103 a terroir-ului din Alsacia, creat\u0103 de una dintre cele mai respectate familii de viticultori din regiune. Acest vin face parte din seria care pune accent pe tipul de sol, \u00een acest caz <b data-path-to-node=\"0\" data-index-in-node=\"247\">calcarul galben<\/b> (Lias \u0219i Dogger) din zona Rouffach, oferind un Riesling de o precizie \u0219i o verticalitate remarcabil\u0103.<\/p>\n<\/div>\n<p data-path-to-node=\"0\">Domaine Ren\u00e9 Mur\u00e9, aflat la a 12-a genera\u021bie, este un pionier al agriculturii <b data-path-to-node=\"4\" data-index-in-node=\"78\">biodinamice<\/b> \u00een Alsacia. \u201eCalcaires Jaunes\u201d (Calcarele Galbene) provine din parcele unde solul calcaros for\u021beaz\u0103 r\u0103d\u0103cinile vi\u021bei de vie s\u0103 sape ad\u00e2nc, rezult\u00e2nd un vin cu o structur\u0103 mineral\u0103 puternic\u0103. Recolta 2024 se anun\u021b\u0103 a fi una a prospe\u021bimii, cu o aciditate bine definit\u0103 \u0219i un profil aromatic foarte curat.<\/p>\n<\/div>\n<h3 data-path-to-node=\"9\">Note Senzoriale (Profilul recoltei 2024)<\/h3>\n<p data-path-to-node=\"10\">Fiind un vin foarte t\u00e2n\u0103r, acesta debordeaz\u0103 de energie:<\/p>\n<ul data-path-to-node=\"11\">\n<li>\n<p data-path-to-node=\"11,0,0\"><b data-path-to-node=\"11,0,0\" data-index-in-node=\"0\">Aspect:<\/b> Galben-pai foarte deschis, cu reflexii verzui, cristalin.<\/p>\n<\/li>\n<li>\n<p data-path-to-node=\"11,1,0\"><b data-path-to-node=\"11,1,0\" data-index-in-node=\"0\">Aroma:<\/b> Un buchet \u201et\u0103ios\u201d \u0219i elegant. Se simt note intense de <b data-path-to-node=\"11,1,0\" data-index-in-node=\"61\">citrice (l\u0103m\u00e2ie verde, grapefruit)<\/b>, flori albe de c\u00e2mp \u0219i o not\u0103 inconfundabil\u0103 de <b data-path-to-node=\"11,1,0\" data-index-in-node=\"144\">piatr\u0103 umed\u0103 \/ cremene<\/b>. Pe m\u0103sur\u0103 ce se deschide, apar nuan\u021be fine de ierburi aromatice proaspete.<\/p>\n<\/li>\n<li>\n<p data-path-to-node=\"11,2,0\"><b data-path-to-node=\"11,2,0\" data-index-in-node=\"0\">Gustul:<\/b> Atacul este direct \u0219i revigorant. Aciditatea este coloana vertebral\u0103 a acestui vin, oferind o structur\u0103 vertical\u0103. Textura este supl\u0103, dar marcat\u0103 de o salinitate pronun\u021bat\u0103 care provine din solul calcaros.<\/p>\n<\/li>\n<li>\n<p data-path-to-node=\"11,3,0\"><b data-path-to-node=\"11,3,0\" data-index-in-node=\"0\">Postgust:<\/b> Lung, sec \u0219i extrem de curat, l\u0103s\u00e2nd o senza\u021bie de prospe\u021bime citric\u0103 \u0219i mineralitate persistent\u0103.<\/p>\n<\/li>\n<\/ul>\n<\/div>\n<\/div>\n<div class=\"notranslate\" style=\"all: initial;\"><\/div>\n<\/div><\/div><div class=\"divider-wrap\" data-alignment=\"default\"><div style=\"height: 25px;\" class=\"divider\"><\/div><\/div>\n\t\t\t<\/div> \n\t\t<\/div>\n\t<\/div> \n<\/div><\/div>\n\t\t<div id=\"fws_6a046ce6ee670\"  data-midnight=\"dark\"  data-bg-mobile-hidden=\"\" class=\"wpb_row vc_row-fluid vc_row standard_section\"  style=\"padding-top: 0px; padding-bottom: 0px; \"><div class=\"row-bg-wrap\"><div class=\"inner-wrap\"><div class=\"row-bg\"  style=\"\"><\/div><\/div><div class=\"row-bg-overlay\" ><\/div><\/div><div class=\"col span_12 dark left\">\n\t<div  class=\"vc_col-sm-12 wpb_column column_container vc_column_container col no-extra-padding\"  data-t-w-inherits=\"default\" data-border-radius=\"none\" data-shadow=\"none\" data-border-animation=\"\" data-border-animation-delay=\"\" data-border-width=\"none\" data-border-style=\"solid\" data-border-color=\"\" data-bg-cover=\"\" data-padding-pos=\"all\" data-has-bg-color=\"false\" data-bg-color=\"\" data-bg-opacity=\"1\" data-hover-bg=\"\" data-hover-bg-opacity=\"1\" data-animation=\"\" data-delay=\"0\"><div class=\"column-bg-overlay\"><\/div>\n\t\t<div class=\"vc_column-inner\">\n\t\t\t<div class=\"wpb_wrapper\">\n\t\t\t\t<div class=\"divider-wrap\" data-alignment=\"default\"><div style=\"height: 100px;\" class=\"divider\"><\/div><\/div>\n\t\t\t<\/div> \n\t\t<\/div>\n\t<\/div> \n<\/div><\/div>","protected":false},"excerpt":{"rendered":"<p>Produc\u0103tor &#8211; Domaine Ren\u00e9 Mur\u00e9<br \/>\nOrigine &#8211; Rouffach, Alsacia, Fran\u021ba<br \/>\nSoi de struguri &#8211; 100% Riesling<br \/>\nAgricultur\u0103 &#8211; Certificat\u0103 Organic \u0219i Biodinamic (Demeter)<br \/>\nConcentra\u021bie alcoolic\u0103 &#8211; ~12.5% &#8211; 13% vol. (specific vintage-ului)<br \/>\nStil &#8211; Sec (Dry), Mineral<br \/>\nVolum &#8211; 0.75 L<\/p>","protected":false},"featured_media":11695,"comment_status":"open","ping_status":"closed","template":"","meta":[],"product_cat":[405,404,403,414,415],"product_tag":[],"yoast_head":"<!-- This site is optimized with the Yoast SEO plugin v20.10 - https:\/\/yoast.com\/wordpress\/plugins\/seo\/ -->\n<title>Rene Mure Riesling 2024 Calcaires Jaunes | Global Bar Beverages<\/title>\n<meta name=\"robots\" content=\"index, follow, max-snippet:-1, max-image-preview:large, max-video-preview:-1\" \/>\n<link rel=\"canonical\" href=\"https:\/\/gbb.md\/ru\/product\/rene-mure-riesling-2024-calcaires-jaunes\/\" \/>\n<meta property=\"og:locale\" content=\"ru_RU\" \/>\n<meta property=\"og:type\" content=\"article\" \/>\n<meta property=\"og:title\" content=\"Rene Mure Riesling 2024 Calcaires Jaunes | Global Bar Beverages\" \/>\n<meta property=\"og:description\" content=\"Produc\u0103tor - Domaine Ren\u00e9 Mur\u00e9 Origine - Rouffach, Alsacia, Fran\u021ba Soi de struguri - 100% Riesling Agricultur\u0103 - Certificat\u0103 Organic \u0219i Biodinamic (Demeter) Concentra\u021bie alcoolic\u0103 - ~12.5% - 13% vol. (specific vintage-ului) Stil - Sec (Dry), Mineral Volum - 0.75 L\" \/>\n<meta property=\"og:url\" content=\"https:\/\/gbb.md\/ru\/product\/rene-mure-riesling-2024-calcaires-jaunes\/\" \/>\n<meta property=\"og:site_name\" content=\"Global Bar Beverages\" \/>\n<meta property=\"article:publisher\" content=\"https:\/\/www.facebook.com\/profile.php?id=61555243232370\" \/>\n<meta property=\"article:modified_time\" content=\"2026-04-09T15:22:47+00:00\" \/>\n<meta property=\"og:image\" content=\"https:\/\/gbb.md\/wp-content\/uploads\/2026\/04\/Mur__Riesling__Calcaires_Jaunes__0.png\" \/>\n\t<meta property=\"og:image:width\" content=\"622\" \/>\n\t<meta property=\"og:image:height\" content=\"678\" \/>\n\t<meta property=\"og:image:type\" content=\"image\/png\" \/>\n<meta name=\"twitter:card\" content=\"summary_large_image\" \/>\n<meta name=\"twitter:label1\" content=\"\u041f\u0440\u0438\u043c\u0435\u0440\u043d\u043e\u0435 \u0432\u0440\u0435\u043c\u044f \u0434\u043b\u044f \u0447\u0442\u0435\u043d\u0438\u044f\" \/>\n\t<meta name=\"twitter:data1\" content=\"2 \u043c\u0438\u043d\u0443\u0442\u044b\" \/>\n<script type=\"application\/ld+json\" class=\"yoast-schema-graph\">{\"@context\":\"https:\/\/schema.org\",\"@graph\":[{\"@type\":\"WebPage\",\"@id\":\"https:\/\/gbb.md\/product\/rene-mure-riesling-2024-calcaires-jaunes\/\",\"url\":\"https:\/\/gbb.md\/product\/rene-mure-riesling-2024-calcaires-jaunes\/\",\"name\":\"Rene Mure Riesling 2024 Calcaires Jaunes | Global Bar Beverages\",\"isPartOf\":{\"@id\":\"https:\/\/gbb.md\/#website\"},\"datePublished\":\"2026-04-09T15:18:48+00:00\",\"dateModified\":\"2026-04-09T15:22:47+00:00\",\"breadcrumb\":{\"@id\":\"https:\/\/gbb.md\/product\/rene-mure-riesling-2024-calcaires-jaunes\/#breadcrumb\"},\"inLanguage\":\"ru-RU\",\"potentialAction\":[{\"@type\":\"ReadAction\",\"target\":[\"https:\/\/gbb.md\/product\/rene-mure-riesling-2024-calcaires-jaunes\/\"]}]},{\"@type\":\"BreadcrumbList\",\"@id\":\"https:\/\/gbb.md\/product\/rene-mure-riesling-2024-calcaires-jaunes\/#breadcrumb\",\"itemListElement\":[{\"@type\":\"ListItem\",\"position\":1,\"name\":\"\u0413\u043b\u0430\u0432\u043d\u0430\u044f \u0441\u0442\u0440\u0430\u043d\u0438\u0446\u0430\",\"item\":\"https:\/\/gbb.md\/\"},{\"@type\":\"ListItem\",\"position\":2,\"name\":\"Produse\",\"item\":\"https:\/\/gbb.md\/shop\/\"},{\"@type\":\"ListItem\",\"position\":3,\"name\":\"Rene Mure Riesling 2024 Calcaires Jaunes\"}]},{\"@type\":\"WebSite\",\"@id\":\"https:\/\/gbb.md\/#website\",\"url\":\"https:\/\/gbb.md\/\",\"name\":\"GBB\",\"description\":\"\u042d\u0442\u043e \u043c\u043e\u043b\u043e\u0434\u0430\u044f \u0431\u044b\u0441\u0442\u0440\u043e\u0440\u0430\u0441\u0442\u0443\u0449\u0430\u044f \u043a\u043e\u043c\u043f\u0430\u043d\u0438\u044f, \u0441\u0442\u0430\u0432\u0448\u0430\u044f \u043a\u0440\u0443\u043f\u043d\u0435\u0439\u0448\u0438\u043c \u0432 \u041c\u043e\u043b\u0434\u043e\u0432\u0435 \u043f\u043e\u0441\u0442\u0430\u0432\u0449\u0438\u043a\u043e\u043c \u0441\u0438\u0440\u043e\u043f\u043e\u0432 \u0438 \u043f\u044e\u0440\u0435 \u0434\u043b\u044f \u043d\u0430\u043f\u0438\u0442\u043a\u043e\u0432, \u0447\u0430\u044f, \u043a\u043e\u0444\u0435, \u0441\u043e\u0443\u0441\u043e\u0432, \u0442\u043e\u043d\u0438\u043a\u043e\u0432 \u0438 bubble tea \u043e\u0442 \u0438\u043c\u0435\u043d\u0438\u0442\u044b\u0445 \u043f\u0440\u043e\u0438\u0437\u0432\u043e\u0434\u0438\u0442\u0435\u043b\u0435\u0439.\",\"publisher\":{\"@id\":\"https:\/\/gbb.md\/#organization\"},\"alternateName\":\"Global Bar Beverages\",\"potentialAction\":[{\"@type\":\"SearchAction\",\"target\":{\"@type\":\"EntryPoint\",\"urlTemplate\":\"https:\/\/gbb.md\/?s={search_term_string}\"},\"query-input\":\"required name=search_term_string\"}],\"inLanguage\":\"ru-RU\"},{\"@type\":\"Organization\",\"@id\":\"https:\/\/gbb.md\/#organization\",\"name\":\"GBB\",\"alternateName\":\"Global Bar Beverages\",\"url\":\"https:\/\/gbb.md\/\",\"logo\":{\"@type\":\"ImageObject\",\"inLanguage\":\"ru-RU\",\"@id\":\"https:\/\/gbb.md\/#\/schema\/logo\/image\/\",\"url\":\"https:\/\/gbb.md\/wp-content\/uploads\/2024\/01\/android-chrome-512x512-1.png\",\"contentUrl\":\"https:\/\/gbb.md\/wp-content\/uploads\/2024\/01\/android-chrome-512x512-1.png\",\"width\":512,\"height\":512,\"caption\":\"GBB\"},\"image\":{\"@id\":\"https:\/\/gbb.md\/#\/schema\/logo\/image\/\"},\"sameAs\":[\"https:\/\/www.facebook.com\/profile.php?id=61555243232370\"]}]}<\/script>\n<!-- \/ Yoast SEO plugin. -->","yoast_head_json":{"title":"Rene Mure Riesling 2024 Calcaires Jaunes | Global Bar Beverages","robots":{"index":"index","follow":"follow","max-snippet":"max-snippet:-1","max-image-preview":"max-image-preview:large","max-video-preview":"max-video-preview:-1"},"canonical":"https:\/\/gbb.md\/ru\/product\/rene-mure-riesling-2024-calcaires-jaunes\/","og_locale":"ru_RU","og_type":"article","og_title":"Rene Mure Riesling 2024 Calcaires Jaunes | Global Bar Beverages","og_description":"Produc\u0103tor - Domaine Ren\u00e9 Mur\u00e9 Origine - Rouffach, Alsacia, Fran\u021ba Soi de struguri - 100% Riesling Agricultur\u0103 - Certificat\u0103 Organic \u0219i Biodinamic (Demeter) Concentra\u021bie alcoolic\u0103 - ~12.5% - 13% vol. (specific vintage-ului) Stil - Sec (Dry), Mineral Volum - 0.75 L","og_url":"https:\/\/gbb.md\/ru\/product\/rene-mure-riesling-2024-calcaires-jaunes\/","og_site_name":"Global Bar Beverages","article_publisher":"https:\/\/www.facebook.com\/profile.php?id=61555243232370","article_modified_time":"2026-04-09T15:22:47+00:00","og_image":[{"width":622,"height":678,"url":"https:\/\/gbb.md\/wp-content\/uploads\/2026\/04\/Mur__Riesling__Calcaires_Jaunes__0.png","type":"image\/png"}],"twitter_card":"summary_large_image","twitter_misc":{"\u041f\u0440\u0438\u043c\u0435\u0440\u043d\u043e\u0435 \u0432\u0440\u0435\u043c\u044f \u0434\u043b\u044f \u0447\u0442\u0435\u043d\u0438\u044f":"2 \u043c\u0438\u043d\u0443\u0442\u044b"},"schema":{"@context":"https:\/\/schema.org","@graph":[{"@type":"WebPage","@id":"https:\/\/gbb.md\/product\/rene-mure-riesling-2024-calcaires-jaunes\/","url":"https:\/\/gbb.md\/product\/rene-mure-riesling-2024-calcaires-jaunes\/","name":"Rene Mure Riesling 2024 Calcaires Jaunes | Global Bar Beverages","isPartOf":{"@id":"https:\/\/gbb.md\/#website"},"datePublished":"2026-04-09T15:18:48+00:00","dateModified":"2026-04-09T15:22:47+00:00","breadcrumb":{"@id":"https:\/\/gbb.md\/product\/rene-mure-riesling-2024-calcaires-jaunes\/#breadcrumb"},"inLanguage":"ru-RU","potentialAction":[{"@type":"ReadAction","target":["https:\/\/gbb.md\/product\/rene-mure-riesling-2024-calcaires-jaunes\/"]}]},{"@type":"BreadcrumbList","@id":"https:\/\/gbb.md\/product\/rene-mure-riesling-2024-calcaires-jaunes\/#breadcrumb","itemListElement":[{"@type":"ListItem","position":1,"name":"\u0413\u043b\u0430\u0432\u043d\u0430\u044f \u0441\u0442\u0440\u0430\u043d\u0438\u0446\u0430","item":"https:\/\/gbb.md\/"},{"@type":"ListItem","position":2,"name":"Produse","item":"https:\/\/gbb.md\/shop\/"},{"@type":"ListItem","position":3,"name":"Rene Mure Riesling 2024 Calcaires Jaunes"}]},{"@type":"WebSite","@id":"https:\/\/gbb.md\/#website","url":"https:\/\/gbb.md\/","name":"GBB","description":"\u042d\u0442\u043e \u043c\u043e\u043b\u043e\u0434\u0430\u044f \u0431\u044b\u0441\u0442\u0440\u043e\u0440\u0430\u0441\u0442\u0443\u0449\u0430\u044f \u043a\u043e\u043c\u043f\u0430\u043d\u0438\u044f, \u0441\u0442\u0430\u0432\u0448\u0430\u044f \u043a\u0440\u0443\u043f\u043d\u0435\u0439\u0448\u0438\u043c \u0432 \u041c\u043e\u043b\u0434\u043e\u0432\u0435 \u043f\u043e\u0441\u0442\u0430\u0432\u0449\u0438\u043a\u043e\u043c \u0441\u0438\u0440\u043e\u043f\u043e\u0432 \u0438 \u043f\u044e\u0440\u0435 \u0434\u043b\u044f \u043d\u0430\u043f\u0438\u0442\u043a\u043e\u0432, \u0447\u0430\u044f, \u043a\u043e\u0444\u0435, \u0441\u043e\u0443\u0441\u043e\u0432, \u0442\u043e\u043d\u0438\u043a\u043e\u0432 \u0438 bubble tea \u043e\u0442 \u0438\u043c\u0435\u043d\u0438\u0442\u044b\u0445 \u043f\u0440\u043e\u0438\u0437\u0432\u043e\u0434\u0438\u0442\u0435\u043b\u0435\u0439.","publisher":{"@id":"https:\/\/gbb.md\/#organization"},"alternateName":"Global Bar Beverages","potentialAction":[{"@type":"SearchAction","target":{"@type":"EntryPoint","urlTemplate":"https:\/\/gbb.md\/?s={search_term_string}"},"query-input":"required name=search_term_string"}],"inLanguage":"ru-RU"},{"@type":"Organization","@id":"https:\/\/gbb.md\/#organization","name":"GBB","alternateName":"Global Bar Beverages","url":"https:\/\/gbb.md\/","logo":{"@type":"ImageObject","inLanguage":"ru-RU","@id":"https:\/\/gbb.md\/#\/schema\/logo\/image\/","url":"https:\/\/gbb.md\/wp-content\/uploads\/2024\/01\/android-chrome-512x512-1.png","contentUrl":"https:\/\/gbb.md\/wp-content\/uploads\/2024\/01\/android-chrome-512x512-1.png","width":512,"height":512,"caption":"GBB"},"image":{"@id":"https:\/\/gbb.md\/#\/schema\/logo\/image\/"},"sameAs":["https:\/\/www.facebook.com\/profile.php?id=61555243232370"]}]}},"_links":{"self":[{"href":"https:\/\/gbb.md\/ru\/wp-json\/wp\/v2\/product\/11694"}],"collection":[{"href":"https:\/\/gbb.md\/ru\/wp-json\/wp\/v2\/product"}],"about":[{"href":"https:\/\/gbb.md\/ru\/wp-json\/wp\/v2\/types\/product"}],"replies":[{"embeddable":true,"href":"https:\/\/gbb.md\/ru\/wp-json\/wp\/v2\/comments?post=11694"}],"wp:featuredmedia":[{"embeddable":true,"href":"https:\/\/gbb.md\/ru\/wp-json\/wp\/v2\/media\/11695"}],"wp:attachment":[{"href":"https:\/\/gbb.md\/ru\/wp-json\/wp\/v2\/media?parent=11694"}],"wp:term":[{"taxonomy":"product_cat","embeddable":true,"href":"https:\/\/gbb.md\/ru\/wp-json\/wp\/v2\/product_cat?post=11694"},{"taxonomy":"product_tag","embeddable":true,"href":"https:\/\/gbb.md\/ru\/wp-json\/wp\/v2\/product_tag?post=11694"}],"curies":[{"name":"wp","href":"https:\/\/api.w.org\/{rel}","templated":true}]}}