{"id":6439,"date":"2021-06-21T16:12:08","date_gmt":"2021-06-21T13:12:08","guid":{"rendered":"https:\/\/smartcorner.md\/?post_type=product&#038;p=6439"},"modified":"2026-03-02T16:10:27","modified_gmt":"2026-03-02T14:10:27","slug":"10-assam-g-f-o-p-tea-canister-100g","status":"publish","type":"product","link":"https:\/\/gbb.md\/ru\/product\/10-assam-g-f-o-p-tea-canister-100g\/","title":{"rendered":"10 &#8211; ASSAM G.F.O.P TEA CANISTER 100g"},"content":{"rendered":"<div id=\"fws_6a0495315991f\"  data-midnight=\"dark\" data-top-percent=\"-30%\"  data-bg-mobile-hidden=\"\" class=\"wpb_row vc_row-fluid vc_row top-level  vc_row-o-equal-height vc_row-flex  vc_row-o-content-middle standard_section\"  style=\"padding-top: calc(100vw * 0.0-30); padding-bottom: 0px;  z-index: 100;\"><div class=\"row-bg-wrap\"><div class=\"inner-wrap\"><div class=\"row-bg\"  style=\"\"><\/div><\/div><div class=\"row-bg-overlay\" ><\/div><\/div><div class=\"col span_12 dark left\">\n\t<div style=\"margin-top: -190px; \" class=\"vc_col-sm-12 wpb_column column_container vc_column_container col neg-marg no-extra-padding\"  data-t-w-inherits=\"default\" data-border-radius=\"none\" data-shadow=\"none\" data-border-animation=\"\" data-border-animation-delay=\"\" data-border-width=\"none\" data-border-style=\"solid\" data-border-color=\"\" data-bg-cover=\"\" data-padding-pos=\"all\" data-has-bg-color=\"false\" data-bg-color=\"\" data-bg-opacity=\"1\" data-hover-bg=\"\" data-hover-bg-opacity=\"1\" data-animation=\"\" data-delay=\"0\"><div class=\"column-bg-overlay\"><\/div>\n\t\t<div class=\"vc_column-inner\">\n\t\t\t<div class=\"wpb_wrapper\">\n\t\t\t\t<div class=\"divider-wrap\" data-alignment=\"default\"><div style=\"height: 70px;\" class=\"divider\"><\/div><\/div><div id=\"ultimate-heading-91506a04953159c31\" class=\"uvc-heading ult-adjust-bottom-margin ultimate-heading-91506a04953159c31 uvc-4131\" data-hspacer=\"no_spacer\"  data-halign=\"left\" style=\"text-align:left\"><div class=\"uvc-heading-spacer no_spacer\" style=\"top\"><\/div><div class=\"uvc-main-heading ult-responsive\"  data-ultimate-target='.uvc-heading.ultimate-heading-91506a04953159c31 h2'  data-responsive-json-new='{\"font-size\":\"desktop:28px;\",\"line-height\":\"\"}' ><h2 style=\"font-weight:bold;color:#333333;\">Assam Sup\u00e9rieur G.F.O.P. \u2013 Dammann Fr\u00e8res<\/h2><\/div><div class=\"uvc-sub-heading ult-responsive\"  data-ultimate-target='.uvc-heading.ultimate-heading-91506a04953159c31 .uvc-sub-heading '  data-responsive-json-new='{\"font-size\":\"desktop:18px;\",\"line-height\":\"\"}'  style=\"font-weight:normal;\">\n<div class=\"uvc-sub-heading ult-responsive\" data-ultimate-target=\".uvc-heading.ultimate-heading-265568e3d9f68ed15 .uvc-sub-heading \" data-responsive-json-new=\"{&quot;font-size&quot;:&quot;desktop:18px;&quot;,&quot;line-height&quot;:&quot;&quot;}\">\n<p data-start=\"49\" data-end=\"371\">Un ceai negru autentic din regiunea Assam, India, cu frunze mari \u0219i robuste, clasificate G.F.O.P. (Golden Flowery Orange Pekoe). Infuzia este puternic\u0103, cu note maltate \u0219i u\u0219or dulci, caracteristice ceaiurilor Assam, fiind ideal\u0103 pentru cei care apreciaz\u0103 gustul intens \u0219i aromele clasice de ceai negru.<\/p>\n<p data-start=\"373\" data-end=\"394\"><strong data-start=\"373\" data-end=\"392\">Caracteristici:<\/strong><\/p>\n<ul data-start=\"395\" data-end=\"509\">\n<li data-start=\"395\" data-end=\"414\">\n<p data-start=\"397\" data-end=\"414\">Tip ceai: negru<\/p>\n<\/li>\n<li data-start=\"415\" data-end=\"440\">\n<p data-start=\"417\" data-end=\"440\">Origine: Assam, India<\/p>\n<\/li>\n<li data-start=\"441\" data-end=\"475\">\n<p data-start=\"443\" data-end=\"475\">Note de gust: malt, u\u0219or dulce<\/p>\n<\/li>\n<li data-start=\"476\" data-end=\"509\">\n<p data-start=\"478\" data-end=\"509\">Ingrediente: ceai negru Assam<\/p>\n<\/li>\n<\/ul>\n<p data-start=\"511\" data-end=\"545\"><strong data-start=\"511\" data-end=\"543\">Mod de preparare recomandat:<\/strong><\/p>\n<ul data-start=\"546\" data-end=\"647\">\n<li data-start=\"546\" data-end=\"577\">\n<p data-start=\"548\" data-end=\"577\">Temperatura apei: 95\u2011100\u202f\u00b0C<\/p>\n<\/li>\n<li data-start=\"578\" data-end=\"610\">\n<p data-start=\"580\" data-end=\"610\">Timp de infuzare: 3\u20115 minute<\/p>\n<\/li>\n<li data-start=\"611\" data-end=\"647\">\n<p data-start=\"613\" data-end=\"647\">Cantitate: 2 g pentru 200 ml ap\u0103<\/p>\n<\/li>\n<\/ul>\n<p data-start=\"649\" data-end=\"801\"><strong data-start=\"649\" data-end=\"676\">Recomand\u0103ri de servire:<\/strong><br data-start=\"676\" data-end=\"679\" \/>Se poate savura simplu sau cu lapte \u0219i zah\u0103r, perfect pentru micul dejun sau pentru o pauz\u0103 energizant\u0103 \u00een timpul zilei.<\/p>\n<\/div>\n<\/div><\/div><div class=\"divider-wrap\" data-alignment=\"default\"><div style=\"height: 25px;\" class=\"divider\"><\/div><\/div>\n\t\t\t<\/div> \n\t\t<\/div>\n\t<\/div> \n<\/div><\/div>\n\t\t<div id=\"fws_6a0495315a65a\"  data-midnight=\"dark\"  data-bg-mobile-hidden=\"\" class=\"wpb_row vc_row-fluid vc_row standard_section\"  style=\"padding-top: 0px; padding-bottom: 0px; \"><div class=\"row-bg-wrap\"><div class=\"inner-wrap\"><div class=\"row-bg\"  style=\"\"><\/div><\/div><div class=\"row-bg-overlay\" ><\/div><\/div><div class=\"col span_12 dark left\">\n\t<div  class=\"vc_col-sm-12 wpb_column column_container vc_column_container col no-extra-padding\"  data-t-w-inherits=\"default\" data-border-radius=\"none\" data-shadow=\"none\" data-border-animation=\"\" data-border-animation-delay=\"\" data-border-width=\"none\" data-border-style=\"solid\" data-border-color=\"\" data-bg-cover=\"\" data-padding-pos=\"all\" data-has-bg-color=\"false\" data-bg-color=\"\" data-bg-opacity=\"1\" data-hover-bg=\"\" data-hover-bg-opacity=\"1\" data-animation=\"\" data-delay=\"0\"><div class=\"column-bg-overlay\"><\/div>\n\t\t<div class=\"vc_column-inner\">\n\t\t\t<div class=\"wpb_wrapper\">\n\t\t\t\t<div class=\"divider-wrap\" data-alignment=\"default\"><div style=\"height: 100px;\" class=\"divider\"><\/div><\/div>\n\t\t\t<\/div> \n\t\t<\/div>\n\t<\/div> \n<\/div><\/div>","protected":false},"excerpt":{"rendered":"<p>Brand:\u00a0<a href=\"https:\/\/gbb.md\/ru\/product-category\/ceai-dammann\/\">Dammann<\/a><br \/>\nPrezentare: cutie metalic\u0103.<br \/>\nGramaj: 100 gr.<br \/>\n\u0430\u0440\u0442. 6755<\/p>","protected":false},"featured_media":6440,"comment_status":"open","ping_status":"closed","template":"","meta":[],"product_cat":[346,349,351],"product_tag":[],"yoast_head":"<!-- This site is optimized with the Yoast SEO plugin v20.10 - https:\/\/yoast.com\/wordpress\/plugins\/seo\/ -->\n<title>10 - ASSAM G.F.O.P TEA CANISTER 100g | Global Bar Beverages<\/title>\n<meta name=\"robots\" content=\"index, follow, max-snippet:-1, max-image-preview:large, max-video-preview:-1\" \/>\n<link rel=\"canonical\" href=\"https:\/\/gbb.md\/ru\/product\/10-assam-g-f-o-p-tea-canister-100g\/\" \/>\n<meta property=\"og:locale\" content=\"ru_RU\" \/>\n<meta property=\"og:type\" content=\"article\" \/>\n<meta property=\"og:title\" content=\"10 - ASSAM G.F.O.P TEA CANISTER 100g | Global Bar Beverages\" \/>\n<meta property=\"og:description\" content=\"Brand:\u00a0Dammann Prezentare: cutie metalic\u0103. Gramaj: 100 gr. \u0430\u0440\u0442. 6755\" \/>\n<meta property=\"og:url\" content=\"https:\/\/gbb.md\/ru\/product\/10-assam-g-f-o-p-tea-canister-100g\/\" \/>\n<meta property=\"og:site_name\" content=\"Global Bar Beverages\" \/>\n<meta property=\"article:publisher\" content=\"https:\/\/www.facebook.com\/profile.php?id=61555243232370\" \/>\n<meta property=\"article:modified_time\" content=\"2026-03-02T14:10:27+00:00\" \/>\n<meta property=\"og:image\" content=\"https:\/\/gbb.md\/wp-content\/uploads\/2021\/06\/assam-gfop-boite-100-g.jpg\" \/>\n\t<meta property=\"og:image:width\" content=\"600\" \/>\n\t<meta property=\"og:image:height\" content=\"600\" \/>\n\t<meta property=\"og:image:type\" content=\"image\/jpeg\" \/>\n<meta name=\"twitter:card\" content=\"summary_large_image\" \/>\n<meta name=\"twitter:label1\" content=\"\u041f\u0440\u0438\u043c\u0435\u0440\u043d\u043e\u0435 \u0432\u0440\u0435\u043c\u044f \u0434\u043b\u044f \u0447\u0442\u0435\u043d\u0438\u044f\" \/>\n\t<meta name=\"twitter:data1\" content=\"1 \u043c\u0438\u043d\u0443\u0442\u0430\" \/>\n<script type=\"application\/ld+json\" class=\"yoast-schema-graph\">{\"@context\":\"https:\/\/schema.org\",\"@graph\":[{\"@type\":\"WebPage\",\"@id\":\"https:\/\/gbb.md\/product\/10-assam-g-f-o-p-tea-canister-100g\/\",\"url\":\"https:\/\/gbb.md\/product\/10-assam-g-f-o-p-tea-canister-100g\/\",\"name\":\"10 - ASSAM G.F.O.P TEA CANISTER 100g | Global Bar Beverages\",\"isPartOf\":{\"@id\":\"https:\/\/gbb.md\/#website\"},\"datePublished\":\"2021-06-21T13:12:08+00:00\",\"dateModified\":\"2026-03-02T14:10:27+00:00\",\"breadcrumb\":{\"@id\":\"https:\/\/gbb.md\/product\/10-assam-g-f-o-p-tea-canister-100g\/#breadcrumb\"},\"inLanguage\":\"ru-RU\",\"potentialAction\":[{\"@type\":\"ReadAction\",\"target\":[\"https:\/\/gbb.md\/product\/10-assam-g-f-o-p-tea-canister-100g\/\"]}]},{\"@type\":\"BreadcrumbList\",\"@id\":\"https:\/\/gbb.md\/product\/10-assam-g-f-o-p-tea-canister-100g\/#breadcrumb\",\"itemListElement\":[{\"@type\":\"ListItem\",\"position\":1,\"name\":\"\u0413\u043b\u0430\u0432\u043d\u0430\u044f \u0441\u0442\u0440\u0430\u043d\u0438\u0446\u0430\",\"item\":\"https:\/\/gbb.md\/\"},{\"@type\":\"ListItem\",\"position\":2,\"name\":\"Produse\",\"item\":\"https:\/\/gbb.md\/shop\/\"},{\"@type\":\"ListItem\",\"position\":3,\"name\":\"10 &#8212; ASSAM G.F.O.P TEA CANISTER 100g\"}]},{\"@type\":\"WebSite\",\"@id\":\"https:\/\/gbb.md\/#website\",\"url\":\"https:\/\/gbb.md\/\",\"name\":\"GBB\",\"description\":\"\u042d\u0442\u043e \u043c\u043e\u043b\u043e\u0434\u0430\u044f \u0431\u044b\u0441\u0442\u0440\u043e\u0440\u0430\u0441\u0442\u0443\u0449\u0430\u044f \u043a\u043e\u043c\u043f\u0430\u043d\u0438\u044f, \u0441\u0442\u0430\u0432\u0448\u0430\u044f \u043a\u0440\u0443\u043f\u043d\u0435\u0439\u0448\u0438\u043c \u0432 \u041c\u043e\u043b\u0434\u043e\u0432\u0435 \u043f\u043e\u0441\u0442\u0430\u0432\u0449\u0438\u043a\u043e\u043c \u0441\u0438\u0440\u043e\u043f\u043e\u0432 \u0438 \u043f\u044e\u0440\u0435 \u0434\u043b\u044f \u043d\u0430\u043f\u0438\u0442\u043a\u043e\u0432, \u0447\u0430\u044f, \u043a\u043e\u0444\u0435, \u0441\u043e\u0443\u0441\u043e\u0432, \u0442\u043e\u043d\u0438\u043a\u043e\u0432 \u0438 bubble tea \u043e\u0442 \u0438\u043c\u0435\u043d\u0438\u0442\u044b\u0445 \u043f\u0440\u043e\u0438\u0437\u0432\u043e\u0434\u0438\u0442\u0435\u043b\u0435\u0439.\",\"publisher\":{\"@id\":\"https:\/\/gbb.md\/#organization\"},\"alternateName\":\"Global Bar Beverages\",\"potentialAction\":[{\"@type\":\"SearchAction\",\"target\":{\"@type\":\"EntryPoint\",\"urlTemplate\":\"https:\/\/gbb.md\/?s={search_term_string}\"},\"query-input\":\"required name=search_term_string\"}],\"inLanguage\":\"ru-RU\"},{\"@type\":\"Organization\",\"@id\":\"https:\/\/gbb.md\/#organization\",\"name\":\"GBB\",\"alternateName\":\"Global Bar Beverages\",\"url\":\"https:\/\/gbb.md\/\",\"logo\":{\"@type\":\"ImageObject\",\"inLanguage\":\"ru-RU\",\"@id\":\"https:\/\/gbb.md\/#\/schema\/logo\/image\/\",\"url\":\"https:\/\/gbb.md\/wp-content\/uploads\/2024\/01\/android-chrome-512x512-1.png\",\"contentUrl\":\"https:\/\/gbb.md\/wp-content\/uploads\/2024\/01\/android-chrome-512x512-1.png\",\"width\":512,\"height\":512,\"caption\":\"GBB\"},\"image\":{\"@id\":\"https:\/\/gbb.md\/#\/schema\/logo\/image\/\"},\"sameAs\":[\"https:\/\/www.facebook.com\/profile.php?id=61555243232370\"]}]}<\/script>\n<!-- \/ Yoast SEO plugin. -->","yoast_head_json":{"title":"10 - ASSAM G.F.O.P TEA CANISTER 100g | Global Bar Beverages","robots":{"index":"index","follow":"follow","max-snippet":"max-snippet:-1","max-image-preview":"max-image-preview:large","max-video-preview":"max-video-preview:-1"},"canonical":"https:\/\/gbb.md\/ru\/product\/10-assam-g-f-o-p-tea-canister-100g\/","og_locale":"ru_RU","og_type":"article","og_title":"10 - ASSAM G.F.O.P TEA CANISTER 100g | Global Bar Beverages","og_description":"Brand:\u00a0Dammann Prezentare: cutie metalic\u0103. Gramaj: 100 gr. \u0430\u0440\u0442. 6755","og_url":"https:\/\/gbb.md\/ru\/product\/10-assam-g-f-o-p-tea-canister-100g\/","og_site_name":"Global Bar Beverages","article_publisher":"https:\/\/www.facebook.com\/profile.php?id=61555243232370","article_modified_time":"2026-03-02T14:10:27+00:00","og_image":[{"width":600,"height":600,"url":"https:\/\/gbb.md\/wp-content\/uploads\/2021\/06\/assam-gfop-boite-100-g.jpg","type":"image\/jpeg"}],"twitter_card":"summary_large_image","twitter_misc":{"\u041f\u0440\u0438\u043c\u0435\u0440\u043d\u043e\u0435 \u0432\u0440\u0435\u043c\u044f \u0434\u043b\u044f \u0447\u0442\u0435\u043d\u0438\u044f":"1 \u043c\u0438\u043d\u0443\u0442\u0430"},"schema":{"@context":"https:\/\/schema.org","@graph":[{"@type":"WebPage","@id":"https:\/\/gbb.md\/product\/10-assam-g-f-o-p-tea-canister-100g\/","url":"https:\/\/gbb.md\/product\/10-assam-g-f-o-p-tea-canister-100g\/","name":"10 - ASSAM G.F.O.P TEA CANISTER 100g | Global Bar Beverages","isPartOf":{"@id":"https:\/\/gbb.md\/#website"},"datePublished":"2021-06-21T13:12:08+00:00","dateModified":"2026-03-02T14:10:27+00:00","breadcrumb":{"@id":"https:\/\/gbb.md\/product\/10-assam-g-f-o-p-tea-canister-100g\/#breadcrumb"},"inLanguage":"ru-RU","potentialAction":[{"@type":"ReadAction","target":["https:\/\/gbb.md\/product\/10-assam-g-f-o-p-tea-canister-100g\/"]}]},{"@type":"BreadcrumbList","@id":"https:\/\/gbb.md\/product\/10-assam-g-f-o-p-tea-canister-100g\/#breadcrumb","itemListElement":[{"@type":"ListItem","position":1,"name":"\u0413\u043b\u0430\u0432\u043d\u0430\u044f \u0441\u0442\u0440\u0430\u043d\u0438\u0446\u0430","item":"https:\/\/gbb.md\/"},{"@type":"ListItem","position":2,"name":"Produse","item":"https:\/\/gbb.md\/shop\/"},{"@type":"ListItem","position":3,"name":"10 &#8212; ASSAM G.F.O.P TEA CANISTER 100g"}]},{"@type":"WebSite","@id":"https:\/\/gbb.md\/#website","url":"https:\/\/gbb.md\/","name":"GBB","description":"\u042d\u0442\u043e \u043c\u043e\u043b\u043e\u0434\u0430\u044f \u0431\u044b\u0441\u0442\u0440\u043e\u0440\u0430\u0441\u0442\u0443\u0449\u0430\u044f \u043a\u043e\u043c\u043f\u0430\u043d\u0438\u044f, \u0441\u0442\u0430\u0432\u0448\u0430\u044f \u043a\u0440\u0443\u043f\u043d\u0435\u0439\u0448\u0438\u043c \u0432 \u041c\u043e\u043b\u0434\u043e\u0432\u0435 \u043f\u043e\u0441\u0442\u0430\u0432\u0449\u0438\u043a\u043e\u043c \u0441\u0438\u0440\u043e\u043f\u043e\u0432 \u0438 \u043f\u044e\u0440\u0435 \u0434\u043b\u044f \u043d\u0430\u043f\u0438\u0442\u043a\u043e\u0432, \u0447\u0430\u044f, \u043a\u043e\u0444\u0435, \u0441\u043e\u0443\u0441\u043e\u0432, \u0442\u043e\u043d\u0438\u043a\u043e\u0432 \u0438 bubble tea \u043e\u0442 \u0438\u043c\u0435\u043d\u0438\u0442\u044b\u0445 \u043f\u0440\u043e\u0438\u0437\u0432\u043e\u0434\u0438\u0442\u0435\u043b\u0435\u0439.","publisher":{"@id":"https:\/\/gbb.md\/#organization"},"alternateName":"Global Bar Beverages","potentialAction":[{"@type":"SearchAction","target":{"@type":"EntryPoint","urlTemplate":"https:\/\/gbb.md\/?s={search_term_string}"},"query-input":"required name=search_term_string"}],"inLanguage":"ru-RU"},{"@type":"Organization","@id":"https:\/\/gbb.md\/#organization","name":"GBB","alternateName":"Global Bar Beverages","url":"https:\/\/gbb.md\/","logo":{"@type":"ImageObject","inLanguage":"ru-RU","@id":"https:\/\/gbb.md\/#\/schema\/logo\/image\/","url":"https:\/\/gbb.md\/wp-content\/uploads\/2024\/01\/android-chrome-512x512-1.png","contentUrl":"https:\/\/gbb.md\/wp-content\/uploads\/2024\/01\/android-chrome-512x512-1.png","width":512,"height":512,"caption":"GBB"},"image":{"@id":"https:\/\/gbb.md\/#\/schema\/logo\/image\/"},"sameAs":["https:\/\/www.facebook.com\/profile.php?id=61555243232370"]}]}},"_links":{"self":[{"href":"https:\/\/gbb.md\/ru\/wp-json\/wp\/v2\/product\/6439"}],"collection":[{"href":"https:\/\/gbb.md\/ru\/wp-json\/wp\/v2\/product"}],"about":[{"href":"https:\/\/gbb.md\/ru\/wp-json\/wp\/v2\/types\/product"}],"replies":[{"embeddable":true,"href":"https:\/\/gbb.md\/ru\/wp-json\/wp\/v2\/comments?post=6439"}],"wp:featuredmedia":[{"embeddable":true,"href":"https:\/\/gbb.md\/ru\/wp-json\/wp\/v2\/media\/6440"}],"wp:attachment":[{"href":"https:\/\/gbb.md\/ru\/wp-json\/wp\/v2\/media?parent=6439"}],"wp:term":[{"taxonomy":"product_cat","embeddable":true,"href":"https:\/\/gbb.md\/ru\/wp-json\/wp\/v2\/product_cat?post=6439"},{"taxonomy":"product_tag","embeddable":true,"href":"https:\/\/gbb.md\/ru\/wp-json\/wp\/v2\/product_tag?post=6439"}],"curies":[{"name":"wp","href":"https:\/\/api.w.org\/{rel}","templated":true}]}}