{"id":8978,"date":"2024-03-25T10:02:42","date_gmt":"2024-03-25T08:02:42","guid":{"rendered":"https:\/\/gbb.md\/?post_type=product&#038;p=8978"},"modified":"2025-12-03T17:57:00","modified_gmt":"2025-12-03T15:57:00","slug":"white-penja-pepper","status":"publish","type":"product","link":"https:\/\/gbb.md\/ru\/product\/white-penja-pepper\/","title":{"rendered":"WHITE PENJA PEPPER"},"content":{"rendered":"","protected":false},"excerpt":{"rendered":"<p>ORIGIN: CAMEROON<br \/>\nPROFILE: MORSEHAIR|MENTOL|CAMPHOR<br \/>\nArdeii albi PENJA sunt recolta\u021bi c\u00e2nd sunt cop\u021bi \u00een provincia<br \/>\nMungo, Camerun, \u0219i apoi usca\u021bi la soare. Toate etapele de<br \/>\nproduc\u021bie (recoltare, sp\u0103lare, uscare, sortare) sunt efectuate \u00een<br \/>\n\u00eentregime manual, \u00een principal de m\u00e2inile experimentate ale<br \/>\nfemeilor din satul local. Ardeiul Penja a c\u00e2\u0219tigat o reputa\u021bie<br \/>\ngastronomic\u0103 la nivel mondial. \u00cen 2014, a devenit primul produs<br \/>\nde pe continentul african care a primit statutul de Indica\u021bie<br \/>\nGeografic\u0103 Protejat\u0103 (IGP). Solurile vulcanice confer\u0103 ardeiului<br \/>\nalb o arom\u0103 proasp\u0103t\u0103 de mentol \u0219i camfor.<\/p>","protected":false},"featured_media":8980,"comment_status":"open","ping_status":"closed","template":"","meta":[],"product_cat":[384],"product_tag":[],"yoast_head":"<!-- This site is optimized with the Yoast SEO plugin v20.10 - https:\/\/yoast.com\/wordpress\/plugins\/seo\/ -->\n<title>WHITE PENJA PEPPER | Global Bar Beverages<\/title>\n<meta name=\"robots\" content=\"index, follow, max-snippet:-1, max-image-preview:large, max-video-preview:-1\" \/>\n<link rel=\"canonical\" href=\"https:\/\/gbb.md\/ru\/product\/white-penja-pepper\/\" \/>\n<meta property=\"og:locale\" content=\"ru_RU\" \/>\n<meta property=\"og:type\" content=\"article\" \/>\n<meta property=\"og:title\" content=\"WHITE PENJA PEPPER | Global Bar Beverages\" \/>\n<meta property=\"og:description\" content=\"ORIGIN: CAMEROON PROFILE: MORSEHAIR|MENTOL|CAMPHOR Ardeii albi PENJA sunt recolta\u021bi c\u00e2nd sunt cop\u021bi \u00een provincia Mungo, Camerun, \u0219i apoi usca\u021bi la soare. Toate etapele de produc\u021bie (recoltare, sp\u0103lare, uscare, sortare) sunt efectuate \u00een \u00eentregime manual, \u00een principal de m\u00e2inile experimentate ale femeilor din satul local. Ardeiul Penja a c\u00e2\u0219tigat o reputa\u021bie gastronomic\u0103 la nivel mondial. \u00cen 2014, a devenit primul produs de pe continentul african care a primit statutul de Indica\u021bie Geografic\u0103 Protejat\u0103 (IGP). Solurile vulcanice confer\u0103 ardeiului alb o arom\u0103 proasp\u0103t\u0103 de mentol \u0219i camfor.\" \/>\n<meta property=\"og:url\" content=\"https:\/\/gbb.md\/ru\/product\/white-penja-pepper\/\" \/>\n<meta property=\"og:site_name\" content=\"Global Bar Beverages\" \/>\n<meta property=\"article:publisher\" content=\"https:\/\/www.facebook.com\/profile.php?id=61555243232370\" \/>\n<meta property=\"article:modified_time\" content=\"2025-12-03T15:57:00+00:00\" \/>\n<meta property=\"og:image\" content=\"https:\/\/gbb.md\/wp-content\/uploads\/2024\/03\/monin-paragon-white-penja-pepper-cordial-485ml.webp\" \/>\n\t<meta property=\"og:image:width\" content=\"936\" \/>\n\t<meta property=\"og:image:height\" content=\"936\" \/>\n\t<meta property=\"og:image:type\" content=\"image\/webp\" \/>\n<meta name=\"twitter:card\" content=\"summary_large_image\" \/>\n<script type=\"application\/ld+json\" class=\"yoast-schema-graph\">{\"@context\":\"https:\/\/schema.org\",\"@graph\":[{\"@type\":\"WebPage\",\"@id\":\"https:\/\/gbb.md\/product\/white-penja-pepper\/\",\"url\":\"https:\/\/gbb.md\/product\/white-penja-pepper\/\",\"name\":\"WHITE PENJA PEPPER | Global Bar Beverages\",\"isPartOf\":{\"@id\":\"https:\/\/gbb.md\/#website\"},\"datePublished\":\"2024-03-25T08:02:42+00:00\",\"dateModified\":\"2025-12-03T15:57:00+00:00\",\"breadcrumb\":{\"@id\":\"https:\/\/gbb.md\/product\/white-penja-pepper\/#breadcrumb\"},\"inLanguage\":\"ru-RU\",\"potentialAction\":[{\"@type\":\"ReadAction\",\"target\":[\"https:\/\/gbb.md\/product\/white-penja-pepper\/\"]}]},{\"@type\":\"BreadcrumbList\",\"@id\":\"https:\/\/gbb.md\/product\/white-penja-pepper\/#breadcrumb\",\"itemListElement\":[{\"@type\":\"ListItem\",\"position\":1,\"name\":\"\u0413\u043b\u0430\u0432\u043d\u0430\u044f \u0441\u0442\u0440\u0430\u043d\u0438\u0446\u0430\",\"item\":\"https:\/\/gbb.md\/\"},{\"@type\":\"ListItem\",\"position\":2,\"name\":\"Produse\",\"item\":\"https:\/\/gbb.md\/shop\/\"},{\"@type\":\"ListItem\",\"position\":3,\"name\":\"WHITE PENJA PEPPER\"}]},{\"@type\":\"WebSite\",\"@id\":\"https:\/\/gbb.md\/#website\",\"url\":\"https:\/\/gbb.md\/\",\"name\":\"GBB\",\"description\":\"\u042d\u0442\u043e \u043c\u043e\u043b\u043e\u0434\u0430\u044f \u0431\u044b\u0441\u0442\u0440\u043e\u0440\u0430\u0441\u0442\u0443\u0449\u0430\u044f \u043a\u043e\u043c\u043f\u0430\u043d\u0438\u044f, \u0441\u0442\u0430\u0432\u0448\u0430\u044f \u043a\u0440\u0443\u043f\u043d\u0435\u0439\u0448\u0438\u043c \u0432 \u041c\u043e\u043b\u0434\u043e\u0432\u0435 \u043f\u043e\u0441\u0442\u0430\u0432\u0449\u0438\u043a\u043e\u043c \u0441\u0438\u0440\u043e\u043f\u043e\u0432 \u0438 \u043f\u044e\u0440\u0435 \u0434\u043b\u044f \u043d\u0430\u043f\u0438\u0442\u043a\u043e\u0432, \u0447\u0430\u044f, \u043a\u043e\u0444\u0435, \u0441\u043e\u0443\u0441\u043e\u0432, \u0442\u043e\u043d\u0438\u043a\u043e\u0432 \u0438 bubble tea \u043e\u0442 \u0438\u043c\u0435\u043d\u0438\u0442\u044b\u0445 \u043f\u0440\u043e\u0438\u0437\u0432\u043e\u0434\u0438\u0442\u0435\u043b\u0435\u0439.\",\"publisher\":{\"@id\":\"https:\/\/gbb.md\/#organization\"},\"alternateName\":\"Global Bar Beverages\",\"potentialAction\":[{\"@type\":\"SearchAction\",\"target\":{\"@type\":\"EntryPoint\",\"urlTemplate\":\"https:\/\/gbb.md\/?s={search_term_string}\"},\"query-input\":\"required name=search_term_string\"}],\"inLanguage\":\"ru-RU\"},{\"@type\":\"Organization\",\"@id\":\"https:\/\/gbb.md\/#organization\",\"name\":\"GBB\",\"alternateName\":\"Global Bar Beverages\",\"url\":\"https:\/\/gbb.md\/\",\"logo\":{\"@type\":\"ImageObject\",\"inLanguage\":\"ru-RU\",\"@id\":\"https:\/\/gbb.md\/#\/schema\/logo\/image\/\",\"url\":\"https:\/\/gbb.md\/wp-content\/uploads\/2024\/01\/android-chrome-512x512-1.png\",\"contentUrl\":\"https:\/\/gbb.md\/wp-content\/uploads\/2024\/01\/android-chrome-512x512-1.png\",\"width\":512,\"height\":512,\"caption\":\"GBB\"},\"image\":{\"@id\":\"https:\/\/gbb.md\/#\/schema\/logo\/image\/\"},\"sameAs\":[\"https:\/\/www.facebook.com\/profile.php?id=61555243232370\"]}]}<\/script>\n<!-- \/ Yoast SEO plugin. -->","yoast_head_json":{"title":"WHITE PENJA PEPPER | Global Bar Beverages","robots":{"index":"index","follow":"follow","max-snippet":"max-snippet:-1","max-image-preview":"max-image-preview:large","max-video-preview":"max-video-preview:-1"},"canonical":"https:\/\/gbb.md\/ru\/product\/white-penja-pepper\/","og_locale":"ru_RU","og_type":"article","og_title":"WHITE PENJA PEPPER | Global Bar Beverages","og_description":"ORIGIN: CAMEROON PROFILE: MORSEHAIR|MENTOL|CAMPHOR Ardeii albi PENJA sunt recolta\u021bi c\u00e2nd sunt cop\u021bi \u00een provincia Mungo, Camerun, \u0219i apoi usca\u021bi la soare. Toate etapele de produc\u021bie (recoltare, sp\u0103lare, uscare, sortare) sunt efectuate \u00een \u00eentregime manual, \u00een principal de m\u00e2inile experimentate ale femeilor din satul local. Ardeiul Penja a c\u00e2\u0219tigat o reputa\u021bie gastronomic\u0103 la nivel mondial. \u00cen 2014, a devenit primul produs de pe continentul african care a primit statutul de Indica\u021bie Geografic\u0103 Protejat\u0103 (IGP). Solurile vulcanice confer\u0103 ardeiului alb o arom\u0103 proasp\u0103t\u0103 de mentol \u0219i camfor.","og_url":"https:\/\/gbb.md\/ru\/product\/white-penja-pepper\/","og_site_name":"Global Bar Beverages","article_publisher":"https:\/\/www.facebook.com\/profile.php?id=61555243232370","article_modified_time":"2025-12-03T15:57:00+00:00","og_image":[{"width":936,"height":936,"url":"https:\/\/gbb.md\/wp-content\/uploads\/2024\/03\/monin-paragon-white-penja-pepper-cordial-485ml.webp","type":"image\/webp"}],"twitter_card":"summary_large_image","schema":{"@context":"https:\/\/schema.org","@graph":[{"@type":"WebPage","@id":"https:\/\/gbb.md\/product\/white-penja-pepper\/","url":"https:\/\/gbb.md\/product\/white-penja-pepper\/","name":"WHITE PENJA PEPPER | Global Bar Beverages","isPartOf":{"@id":"https:\/\/gbb.md\/#website"},"datePublished":"2024-03-25T08:02:42+00:00","dateModified":"2025-12-03T15:57:00+00:00","breadcrumb":{"@id":"https:\/\/gbb.md\/product\/white-penja-pepper\/#breadcrumb"},"inLanguage":"ru-RU","potentialAction":[{"@type":"ReadAction","target":["https:\/\/gbb.md\/product\/white-penja-pepper\/"]}]},{"@type":"BreadcrumbList","@id":"https:\/\/gbb.md\/product\/white-penja-pepper\/#breadcrumb","itemListElement":[{"@type":"ListItem","position":1,"name":"\u0413\u043b\u0430\u0432\u043d\u0430\u044f \u0441\u0442\u0440\u0430\u043d\u0438\u0446\u0430","item":"https:\/\/gbb.md\/"},{"@type":"ListItem","position":2,"name":"Produse","item":"https:\/\/gbb.md\/shop\/"},{"@type":"ListItem","position":3,"name":"WHITE PENJA PEPPER"}]},{"@type":"WebSite","@id":"https:\/\/gbb.md\/#website","url":"https:\/\/gbb.md\/","name":"GBB","description":"\u042d\u0442\u043e \u043c\u043e\u043b\u043e\u0434\u0430\u044f \u0431\u044b\u0441\u0442\u0440\u043e\u0440\u0430\u0441\u0442\u0443\u0449\u0430\u044f \u043a\u043e\u043c\u043f\u0430\u043d\u0438\u044f, \u0441\u0442\u0430\u0432\u0448\u0430\u044f \u043a\u0440\u0443\u043f\u043d\u0435\u0439\u0448\u0438\u043c \u0432 \u041c\u043e\u043b\u0434\u043e\u0432\u0435 \u043f\u043e\u0441\u0442\u0430\u0432\u0449\u0438\u043a\u043e\u043c \u0441\u0438\u0440\u043e\u043f\u043e\u0432 \u0438 \u043f\u044e\u0440\u0435 \u0434\u043b\u044f \u043d\u0430\u043f\u0438\u0442\u043a\u043e\u0432, \u0447\u0430\u044f, \u043a\u043e\u0444\u0435, \u0441\u043e\u0443\u0441\u043e\u0432, \u0442\u043e\u043d\u0438\u043a\u043e\u0432 \u0438 bubble tea \u043e\u0442 \u0438\u043c\u0435\u043d\u0438\u0442\u044b\u0445 \u043f\u0440\u043e\u0438\u0437\u0432\u043e\u0434\u0438\u0442\u0435\u043b\u0435\u0439.","publisher":{"@id":"https:\/\/gbb.md\/#organization"},"alternateName":"Global Bar Beverages","potentialAction":[{"@type":"SearchAction","target":{"@type":"EntryPoint","urlTemplate":"https:\/\/gbb.md\/?s={search_term_string}"},"query-input":"required name=search_term_string"}],"inLanguage":"ru-RU"},{"@type":"Organization","@id":"https:\/\/gbb.md\/#organization","name":"GBB","alternateName":"Global Bar Beverages","url":"https:\/\/gbb.md\/","logo":{"@type":"ImageObject","inLanguage":"ru-RU","@id":"https:\/\/gbb.md\/#\/schema\/logo\/image\/","url":"https:\/\/gbb.md\/wp-content\/uploads\/2024\/01\/android-chrome-512x512-1.png","contentUrl":"https:\/\/gbb.md\/wp-content\/uploads\/2024\/01\/android-chrome-512x512-1.png","width":512,"height":512,"caption":"GBB"},"image":{"@id":"https:\/\/gbb.md\/#\/schema\/logo\/image\/"},"sameAs":["https:\/\/www.facebook.com\/profile.php?id=61555243232370"]}]}},"_links":{"self":[{"href":"https:\/\/gbb.md\/ru\/wp-json\/wp\/v2\/product\/8978"}],"collection":[{"href":"https:\/\/gbb.md\/ru\/wp-json\/wp\/v2\/product"}],"about":[{"href":"https:\/\/gbb.md\/ru\/wp-json\/wp\/v2\/types\/product"}],"replies":[{"embeddable":true,"href":"https:\/\/gbb.md\/ru\/wp-json\/wp\/v2\/comments?post=8978"}],"wp:featuredmedia":[{"embeddable":true,"href":"https:\/\/gbb.md\/ru\/wp-json\/wp\/v2\/media\/8980"}],"wp:attachment":[{"href":"https:\/\/gbb.md\/ru\/wp-json\/wp\/v2\/media?parent=8978"}],"wp:term":[{"taxonomy":"product_cat","embeddable":true,"href":"https:\/\/gbb.md\/ru\/wp-json\/wp\/v2\/product_cat?post=8978"},{"taxonomy":"product_tag","embeddable":true,"href":"https:\/\/gbb.md\/ru\/wp-json\/wp\/v2\/product_tag?post=8978"}],"curies":[{"name":"wp","href":"https:\/\/api.w.org\/{rel}","templated":true}]}}