{"id":8988,"date":"2024-03-25T10:10:50","date_gmt":"2024-03-25T08:10:50","guid":{"rendered":"https:\/\/gbb.md\/?post_type=product&#038;p=8988"},"modified":"2025-12-03T17:56:58","modified_gmt":"2025-12-03T15:56:58","slug":"labdanum","status":"publish","type":"product","link":"https:\/\/gbb.md\/ru\/product\/labdanum\/","title":{"rendered":"LABDANUM"},"content":{"rendered":"","protected":false},"excerpt":{"rendered":"<p>ORIGIN: Spain<br \/>\nPROFILE: AMBER|RESIN|LEATHER<\/p>\n<p>Labdanum, extras din arbustul Cistus Ladaniferus din sudul<br \/>\nSpaniei, este o r\u0103\u0219in\u0103 pre\u021bioas\u0103 favorizat\u0103 de c\u0103ldur\u0103 \u0219i ariditate.<br \/>\nStimat de parfumieri pentru traseul s\u0103u \u00eenc\u00e2nt\u0103tor \u0219i de \u00eengrijitori<br \/>\npentru propriet\u0103\u021bile sale vindec\u0103toare, a fost un simbol al<br \/>\nfertilit\u0103\u021bii spirituale a zeilor egipteni. Folosit\u0103 ca o amulet\u0103<br \/>\ninvizibil\u0103, avea capacit\u0103\u021bi de mediumitate, o tradi\u021bie mo\u0219tenit\u0103 de<br \/>\nla vechii egipteni \u0219i triburi evreie\u0219ti pentru a se conecta la sinele<br \/>\nlor spiritual \u0219i pentru a face fa\u021b\u0103 mai bine provoc\u0103rilor vie\u021bii. Un<br \/>\ningredient fascinant pentru crearea cocktailurilor<\/p>","protected":false},"featured_media":8989,"comment_status":"open","ping_status":"closed","template":"","meta":[],"product_cat":[384],"product_tag":[],"yoast_head":"<!-- This site is optimized with the Yoast SEO plugin v20.10 - https:\/\/yoast.com\/wordpress\/plugins\/seo\/ -->\n<title>LABDANUM | Global Bar Beverages<\/title>\n<meta name=\"robots\" content=\"index, follow, max-snippet:-1, max-image-preview:large, max-video-preview:-1\" \/>\n<link rel=\"canonical\" href=\"https:\/\/gbb.md\/ru\/product\/labdanum\/\" \/>\n<meta property=\"og:locale\" content=\"ru_RU\" \/>\n<meta property=\"og:type\" content=\"article\" \/>\n<meta property=\"og:title\" content=\"LABDANUM | Global Bar Beverages\" \/>\n<meta property=\"og:description\" content=\"ORIGIN: Spain PROFILE: AMBER|RESIN|LEATHER  Labdanum, extras din arbustul Cistus Ladaniferus din sudul Spaniei, este o r\u0103\u0219in\u0103 pre\u021bioas\u0103 favorizat\u0103 de c\u0103ldur\u0103 \u0219i ariditate. Stimat de parfumieri pentru traseul s\u0103u \u00eenc\u00e2nt\u0103tor \u0219i de \u00eengrijitori pentru propriet\u0103\u021bile sale vindec\u0103toare, a fost un simbol al fertilit\u0103\u021bii spirituale a zeilor egipteni. Folosit\u0103 ca o amulet\u0103 invizibil\u0103, avea capacit\u0103\u021bi de mediumitate, o tradi\u021bie mo\u0219tenit\u0103 de la vechii egipteni \u0219i triburi evreie\u0219ti pentru a se conecta la sinele lor spiritual \u0219i pentru a face fa\u021b\u0103 mai bine provoc\u0103rilor vie\u021bii. Un ingredient fascinant pentru crearea cocktailurilor\" \/>\n<meta property=\"og:url\" content=\"https:\/\/gbb.md\/ru\/product\/labdanum\/\" \/>\n<meta property=\"og:site_name\" content=\"Global Bar Beverages\" \/>\n<meta property=\"article:publisher\" content=\"https:\/\/www.facebook.com\/profile.php?id=61555243232370\" \/>\n<meta property=\"article:modified_time\" content=\"2025-12-03T15:56:58+00:00\" \/>\n<meta property=\"og:image\" content=\"https:\/\/gbb.md\/wp-content\/uploads\/2024\/03\/16_900x.webp\" \/>\n\t<meta property=\"og:image:width\" content=\"900\" \/>\n\t<meta property=\"og:image:height\" content=\"900\" \/>\n\t<meta property=\"og:image:type\" content=\"image\/webp\" \/>\n<meta name=\"twitter:card\" content=\"summary_large_image\" \/>\n<script type=\"application\/ld+json\" class=\"yoast-schema-graph\">{\"@context\":\"https:\/\/schema.org\",\"@graph\":[{\"@type\":\"WebPage\",\"@id\":\"https:\/\/gbb.md\/product\/labdanum\/\",\"url\":\"https:\/\/gbb.md\/product\/labdanum\/\",\"name\":\"LABDANUM | Global Bar Beverages\",\"isPartOf\":{\"@id\":\"https:\/\/gbb.md\/#website\"},\"datePublished\":\"2024-03-25T08:10:50+00:00\",\"dateModified\":\"2025-12-03T15:56:58+00:00\",\"breadcrumb\":{\"@id\":\"https:\/\/gbb.md\/product\/labdanum\/#breadcrumb\"},\"inLanguage\":\"ru-RU\",\"potentialAction\":[{\"@type\":\"ReadAction\",\"target\":[\"https:\/\/gbb.md\/product\/labdanum\/\"]}]},{\"@type\":\"BreadcrumbList\",\"@id\":\"https:\/\/gbb.md\/product\/labdanum\/#breadcrumb\",\"itemListElement\":[{\"@type\":\"ListItem\",\"position\":1,\"name\":\"\u0413\u043b\u0430\u0432\u043d\u0430\u044f \u0441\u0442\u0440\u0430\u043d\u0438\u0446\u0430\",\"item\":\"https:\/\/gbb.md\/\"},{\"@type\":\"ListItem\",\"position\":2,\"name\":\"Produse\",\"item\":\"https:\/\/gbb.md\/shop\/\"},{\"@type\":\"ListItem\",\"position\":3,\"name\":\"LABDANUM\"}]},{\"@type\":\"WebSite\",\"@id\":\"https:\/\/gbb.md\/#website\",\"url\":\"https:\/\/gbb.md\/\",\"name\":\"GBB\",\"description\":\"\u042d\u0442\u043e \u043c\u043e\u043b\u043e\u0434\u0430\u044f \u0431\u044b\u0441\u0442\u0440\u043e\u0440\u0430\u0441\u0442\u0443\u0449\u0430\u044f \u043a\u043e\u043c\u043f\u0430\u043d\u0438\u044f, \u0441\u0442\u0430\u0432\u0448\u0430\u044f \u043a\u0440\u0443\u043f\u043d\u0435\u0439\u0448\u0438\u043c \u0432 \u041c\u043e\u043b\u0434\u043e\u0432\u0435 \u043f\u043e\u0441\u0442\u0430\u0432\u0449\u0438\u043a\u043e\u043c \u0441\u0438\u0440\u043e\u043f\u043e\u0432 \u0438 \u043f\u044e\u0440\u0435 \u0434\u043b\u044f \u043d\u0430\u043f\u0438\u0442\u043a\u043e\u0432, \u0447\u0430\u044f, \u043a\u043e\u0444\u0435, \u0441\u043e\u0443\u0441\u043e\u0432, \u0442\u043e\u043d\u0438\u043a\u043e\u0432 \u0438 bubble tea \u043e\u0442 \u0438\u043c\u0435\u043d\u0438\u0442\u044b\u0445 \u043f\u0440\u043e\u0438\u0437\u0432\u043e\u0434\u0438\u0442\u0435\u043b\u0435\u0439.\",\"publisher\":{\"@id\":\"https:\/\/gbb.md\/#organization\"},\"alternateName\":\"Global Bar Beverages\",\"potentialAction\":[{\"@type\":\"SearchAction\",\"target\":{\"@type\":\"EntryPoint\",\"urlTemplate\":\"https:\/\/gbb.md\/?s={search_term_string}\"},\"query-input\":\"required name=search_term_string\"}],\"inLanguage\":\"ru-RU\"},{\"@type\":\"Organization\",\"@id\":\"https:\/\/gbb.md\/#organization\",\"name\":\"GBB\",\"alternateName\":\"Global Bar Beverages\",\"url\":\"https:\/\/gbb.md\/\",\"logo\":{\"@type\":\"ImageObject\",\"inLanguage\":\"ru-RU\",\"@id\":\"https:\/\/gbb.md\/#\/schema\/logo\/image\/\",\"url\":\"https:\/\/gbb.md\/wp-content\/uploads\/2024\/01\/android-chrome-512x512-1.png\",\"contentUrl\":\"https:\/\/gbb.md\/wp-content\/uploads\/2024\/01\/android-chrome-512x512-1.png\",\"width\":512,\"height\":512,\"caption\":\"GBB\"},\"image\":{\"@id\":\"https:\/\/gbb.md\/#\/schema\/logo\/image\/\"},\"sameAs\":[\"https:\/\/www.facebook.com\/profile.php?id=61555243232370\"]}]}<\/script>\n<!-- \/ Yoast SEO plugin. -->","yoast_head_json":{"title":"LABDANUM | Global Bar Beverages","robots":{"index":"index","follow":"follow","max-snippet":"max-snippet:-1","max-image-preview":"max-image-preview:large","max-video-preview":"max-video-preview:-1"},"canonical":"https:\/\/gbb.md\/ru\/product\/labdanum\/","og_locale":"ru_RU","og_type":"article","og_title":"LABDANUM | Global Bar Beverages","og_description":"ORIGIN: Spain PROFILE: AMBER|RESIN|LEATHER  Labdanum, extras din arbustul Cistus Ladaniferus din sudul Spaniei, este o r\u0103\u0219in\u0103 pre\u021bioas\u0103 favorizat\u0103 de c\u0103ldur\u0103 \u0219i ariditate. Stimat de parfumieri pentru traseul s\u0103u \u00eenc\u00e2nt\u0103tor \u0219i de \u00eengrijitori pentru propriet\u0103\u021bile sale vindec\u0103toare, a fost un simbol al fertilit\u0103\u021bii spirituale a zeilor egipteni. Folosit\u0103 ca o amulet\u0103 invizibil\u0103, avea capacit\u0103\u021bi de mediumitate, o tradi\u021bie mo\u0219tenit\u0103 de la vechii egipteni \u0219i triburi evreie\u0219ti pentru a se conecta la sinele lor spiritual \u0219i pentru a face fa\u021b\u0103 mai bine provoc\u0103rilor vie\u021bii. Un ingredient fascinant pentru crearea cocktailurilor","og_url":"https:\/\/gbb.md\/ru\/product\/labdanum\/","og_site_name":"Global Bar Beverages","article_publisher":"https:\/\/www.facebook.com\/profile.php?id=61555243232370","article_modified_time":"2025-12-03T15:56:58+00:00","og_image":[{"width":900,"height":900,"url":"https:\/\/gbb.md\/wp-content\/uploads\/2024\/03\/16_900x.webp","type":"image\/webp"}],"twitter_card":"summary_large_image","schema":{"@context":"https:\/\/schema.org","@graph":[{"@type":"WebPage","@id":"https:\/\/gbb.md\/product\/labdanum\/","url":"https:\/\/gbb.md\/product\/labdanum\/","name":"LABDANUM | Global Bar Beverages","isPartOf":{"@id":"https:\/\/gbb.md\/#website"},"datePublished":"2024-03-25T08:10:50+00:00","dateModified":"2025-12-03T15:56:58+00:00","breadcrumb":{"@id":"https:\/\/gbb.md\/product\/labdanum\/#breadcrumb"},"inLanguage":"ru-RU","potentialAction":[{"@type":"ReadAction","target":["https:\/\/gbb.md\/product\/labdanum\/"]}]},{"@type":"BreadcrumbList","@id":"https:\/\/gbb.md\/product\/labdanum\/#breadcrumb","itemListElement":[{"@type":"ListItem","position":1,"name":"\u0413\u043b\u0430\u0432\u043d\u0430\u044f \u0441\u0442\u0440\u0430\u043d\u0438\u0446\u0430","item":"https:\/\/gbb.md\/"},{"@type":"ListItem","position":2,"name":"Produse","item":"https:\/\/gbb.md\/shop\/"},{"@type":"ListItem","position":3,"name":"LABDANUM"}]},{"@type":"WebSite","@id":"https:\/\/gbb.md\/#website","url":"https:\/\/gbb.md\/","name":"GBB","description":"\u042d\u0442\u043e \u043c\u043e\u043b\u043e\u0434\u0430\u044f \u0431\u044b\u0441\u0442\u0440\u043e\u0440\u0430\u0441\u0442\u0443\u0449\u0430\u044f \u043a\u043e\u043c\u043f\u0430\u043d\u0438\u044f, \u0441\u0442\u0430\u0432\u0448\u0430\u044f \u043a\u0440\u0443\u043f\u043d\u0435\u0439\u0448\u0438\u043c \u0432 \u041c\u043e\u043b\u0434\u043e\u0432\u0435 \u043f\u043e\u0441\u0442\u0430\u0432\u0449\u0438\u043a\u043e\u043c \u0441\u0438\u0440\u043e\u043f\u043e\u0432 \u0438 \u043f\u044e\u0440\u0435 \u0434\u043b\u044f \u043d\u0430\u043f\u0438\u0442\u043a\u043e\u0432, \u0447\u0430\u044f, \u043a\u043e\u0444\u0435, \u0441\u043e\u0443\u0441\u043e\u0432, \u0442\u043e\u043d\u0438\u043a\u043e\u0432 \u0438 bubble tea \u043e\u0442 \u0438\u043c\u0435\u043d\u0438\u0442\u044b\u0445 \u043f\u0440\u043e\u0438\u0437\u0432\u043e\u0434\u0438\u0442\u0435\u043b\u0435\u0439.","publisher":{"@id":"https:\/\/gbb.md\/#organization"},"alternateName":"Global Bar Beverages","potentialAction":[{"@type":"SearchAction","target":{"@type":"EntryPoint","urlTemplate":"https:\/\/gbb.md\/?s={search_term_string}"},"query-input":"required name=search_term_string"}],"inLanguage":"ru-RU"},{"@type":"Organization","@id":"https:\/\/gbb.md\/#organization","name":"GBB","alternateName":"Global Bar Beverages","url":"https:\/\/gbb.md\/","logo":{"@type":"ImageObject","inLanguage":"ru-RU","@id":"https:\/\/gbb.md\/#\/schema\/logo\/image\/","url":"https:\/\/gbb.md\/wp-content\/uploads\/2024\/01\/android-chrome-512x512-1.png","contentUrl":"https:\/\/gbb.md\/wp-content\/uploads\/2024\/01\/android-chrome-512x512-1.png","width":512,"height":512,"caption":"GBB"},"image":{"@id":"https:\/\/gbb.md\/#\/schema\/logo\/image\/"},"sameAs":["https:\/\/www.facebook.com\/profile.php?id=61555243232370"]}]}},"_links":{"self":[{"href":"https:\/\/gbb.md\/ru\/wp-json\/wp\/v2\/product\/8988"}],"collection":[{"href":"https:\/\/gbb.md\/ru\/wp-json\/wp\/v2\/product"}],"about":[{"href":"https:\/\/gbb.md\/ru\/wp-json\/wp\/v2\/types\/product"}],"replies":[{"embeddable":true,"href":"https:\/\/gbb.md\/ru\/wp-json\/wp\/v2\/comments?post=8988"}],"wp:featuredmedia":[{"embeddable":true,"href":"https:\/\/gbb.md\/ru\/wp-json\/wp\/v2\/media\/8989"}],"wp:attachment":[{"href":"https:\/\/gbb.md\/ru\/wp-json\/wp\/v2\/media?parent=8988"}],"wp:term":[{"taxonomy":"product_cat","embeddable":true,"href":"https:\/\/gbb.md\/ru\/wp-json\/wp\/v2\/product_cat?post=8988"},{"taxonomy":"product_tag","embeddable":true,"href":"https:\/\/gbb.md\/ru\/wp-json\/wp\/v2\/product_tag?post=8988"}],"curies":[{"name":"wp","href":"https:\/\/api.w.org\/{rel}","templated":true}]}}