{"id":9248,"date":"2024-07-04T18:57:46","date_gmt":"2024-07-04T15:57:46","guid":{"rendered":"https:\/\/gbb.md\/?post_type=product&#038;p=9248"},"modified":"2025-12-03T10:23:38","modified_gmt":"2025-12-03T08:23:38","slug":"manzana-verde-liqueur-20","status":"publish","type":"product","link":"https:\/\/gbb.md\/ru\/product\/manzana-verde-liqueur-20\/","title":{"rendered":"Manzana Verde Liqueur 20% Monin"},"content":{"rendered":"<div id=\"fws_69e3398d146f4\"  data-midnight=\"dark\"  data-bg-mobile-hidden=\"\" class=\"wpb_row vc_row-fluid vc_row top-level standard_section\"  style=\"padding-top: 0px; padding-bottom: 0px; \"><div class=\"row-bg-wrap\"><div class=\"inner-wrap\"><div class=\"row-bg\"  style=\"\"><\/div><\/div><div class=\"row-bg-overlay\" ><\/div><\/div><div class=\"col span_12 dark left\">\n\t<div  class=\"vc_col-sm-6 wpb_column column_container vc_column_container col no-extra-padding\"  data-t-w-inherits=\"default\" data-border-radius=\"none\" data-shadow=\"none\" data-border-animation=\"\" data-border-animation-delay=\"\" data-border-width=\"none\" data-border-style=\"solid\" data-border-color=\"\" data-bg-cover=\"\" data-padding-pos=\"all\" data-has-bg-color=\"false\" data-bg-color=\"\" data-bg-opacity=\"1\" data-hover-bg=\"\" data-hover-bg-opacity=\"1\" data-animation=\"\" data-delay=\"0\"><div class=\"column-bg-overlay\"><\/div>\n\t\t<div class=\"vc_column-inner\">\n\t\t\t<div class=\"wpb_wrapper\">\n\t\t\t\t<div class=\"vc_separator wpb_content_element vc_separator_align_left vc_sep_width_100 vc_sep_pos_align_center vc_sep_color_green vc_separator-has-text\" ><span class=\"vc_sep_holder vc_sep_holder_l\"><span  class=\"vc_sep_line\"><\/span><\/span><h4>Manzana Verde Liqueur 20% Monin<\/h4><span class=\"vc_sep_holder vc_sep_holder_r\"><span  class=\"vc_sep_line\"><\/span><\/span>\n<\/div>\r\n\t<div class=\"wpb_text_column wpb_content_element\" >\r\n\t\t<div class=\"wpb_wrapper\">\r\n\t\t\t<p>Monin, Liqueur de Manzana Verde este un lichior de fructe pl\u0103cut, cu gustul expresiv al merelor Granny Smith, care este unul dintre cele mai populare. Creatorii b\u0103uturii au reu\u0219it s\u0103 transmit\u0103 aciditatea crocant\u0103 a fructului \u0219i aroma sa deosebit\u0103. Gustul acri\u0219or-dulce al lichiorului se potrive\u0219te bine cu deserturile. Iar lichiorul \u00een sine, pe l\u00e2ng\u0103 faptul c\u0103 este consumat \u00een form\u0103 pur\u0103 ca digestiv, poate fi folosit ca ingredient pentru multe cocktail-uri.<\/p>\n<p><strong>Culoare<\/strong>:<br \/>\nLichiorul este limpede la culoare.<\/p>\n<p><strong>Arom\u0103<\/strong>:<br \/>\nLichiorul are o arom\u0103 fructat\u0103 expresiv\u0103, cu note str\u0103lucitoare de m\u0103r verde copt.<\/p>\n<p><strong>Gust<\/strong>:<br \/>\nLichiorul are un gust proasp\u0103t, elegant, u\u0219or acidulat \u0219i subtil dulce, cu accente expresive de m\u0103r verde \u0219i note de fructe coapte.<\/p>\n<p><strong>Combinatii gastronomice:<\/strong><br \/>\nLichiorul este ideal ca digestiv \u00een forma sa pur\u0103. De asemenea, un bun adaos la deserturi, produse de patiserie \u0219i \u00eenghe\u021bat\u0103. Folosit ca ingredient pentru cocktailuri alcoolice.<\/p>\n\r\n\t\t<\/div>\r\n\t<\/div>\r\n\n\t\t\t<\/div> \n\t\t<\/div>\n\t<\/div> \n\n\t<div  class=\"vc_col-sm-6 wpb_column column_container vc_column_container col no-extra-padding\"  data-t-w-inherits=\"default\" data-border-radius=\"none\" data-shadow=\"none\" data-border-animation=\"\" data-border-animation-delay=\"\" data-border-width=\"none\" data-border-style=\"solid\" data-border-color=\"\" data-bg-cover=\"\" data-padding-pos=\"all\" data-has-bg-color=\"false\" data-bg-color=\"\" data-bg-opacity=\"1\" data-hover-bg=\"\" data-hover-bg-opacity=\"1\" data-animation=\"\" data-delay=\"0\"><div class=\"column-bg-overlay\"><\/div>\n\t\t<div class=\"vc_column-inner\">\n\t\t\t<div class=\"wpb_wrapper\">\n\t\t\t\t<div class=\"img-with-aniamtion-wrap center\" data-max-width=\"75%\" data-border-radius=\"none\"><div class=\"inner\"><img data-shadow=\"none\" data-shadow-direction=\"middle\" class=\"img-with-animation skip-lazy\" data-delay=\"0\" height=\"2560\" width=\"1709\"  data-animation=\"fade-in\" src=\"https:\/\/gbb.md\/wp-content\/uploads\/2024\/07\/fresh-green-apples-table-scaled.jpg\" srcset=\"https:\/\/gbb.md\/wp-content\/uploads\/2024\/07\/fresh-green-apples-table-scaled.jpg 1709w, https:\/\/gbb.md\/wp-content\/uploads\/2024\/07\/fresh-green-apples-table-200x300.jpg 200w, https:\/\/gbb.md\/wp-content\/uploads\/2024\/07\/fresh-green-apples-table-683x1024.jpg 683w, https:\/\/gbb.md\/wp-content\/uploads\/2024\/07\/fresh-green-apples-table-768x1151.jpg 768w, https:\/\/gbb.md\/wp-content\/uploads\/2024\/07\/fresh-green-apples-table-1025x1536.jpg 1025w, https:\/\/gbb.md\/wp-content\/uploads\/2024\/07\/fresh-green-apples-table-1367x2048.jpg 1367w, https:\/\/gbb.md\/wp-content\/uploads\/2024\/07\/fresh-green-apples-table-500x749.jpg 500w\" sizes=\"100vw\" alt=\"\" \/><\/div><\/div>\n\t\t\t<\/div> \n\t\t<\/div>\n\t<\/div> \n<\/div><\/div>","protected":false},"excerpt":{"rendered":"<p>Tip: lichior<br \/>\nABV: 20%<br \/>\nTaria lichiorului: Desert<br \/>\nTip de lichior: Fructe<br \/>\nArom\u0103: m\u0103r<br \/>\nCuloare lichior: limpede<br \/>\nMarca: Monin<br \/>\n\u021aara: Fran\u021ba<br \/>\nTemperatura de servire: 16-18C.<br \/>\nPerioada de valabilitate: 24 luni, in functie de conditiile de depozitare<\/p>","protected":false},"featured_media":9249,"comment_status":"open","ping_status":"closed","template":"","meta":[],"product_cat":[405,404,406,385],"product_tag":[],"yoast_head":"<!-- This site is optimized with the Yoast SEO plugin v20.10 - https:\/\/yoast.com\/wordpress\/plugins\/seo\/ -->\n<title>Manzana Verde Liqueur 20% Monin | Global Bar Beverages<\/title>\n<meta name=\"robots\" content=\"index, follow, max-snippet:-1, max-image-preview:large, max-video-preview:-1\" \/>\n<link rel=\"canonical\" href=\"https:\/\/gbb.md\/ru\/product\/manzana-verde-liqueur-20\/\" \/>\n<meta property=\"og:locale\" content=\"ru_RU\" \/>\n<meta property=\"og:type\" content=\"article\" \/>\n<meta property=\"og:title\" content=\"Manzana Verde Liqueur 20% Monin | Global Bar Beverages\" \/>\n<meta property=\"og:description\" content=\"Tip: lichior ABV: 20% Taria lichiorului: Desert Tip de lichior: Fructe Arom\u0103: m\u0103r Culoare lichior: limpede Marca: Monin \u021aara: Fran\u021ba Temperatura de servire: 16-18C. Perioada de valabilitate: 24 luni, in functie de conditiile de depozitare\" \/>\n<meta property=\"og:url\" content=\"https:\/\/gbb.md\/ru\/product\/manzana-verde-liqueur-20\/\" \/>\n<meta property=\"og:site_name\" content=\"Global Bar Beverages\" \/>\n<meta property=\"article:publisher\" content=\"https:\/\/www.facebook.com\/profile.php?id=61555243232370\" \/>\n<meta property=\"article:modified_time\" content=\"2025-12-03T08:23:38+00:00\" \/>\n<meta property=\"og:image\" content=\"https:\/\/gbb.md\/wp-content\/uploads\/2024\/07\/6666-5.jpg\" \/>\n\t<meta property=\"og:image:width\" content=\"1000\" \/>\n\t<meta property=\"og:image:height\" content=\"1000\" \/>\n\t<meta property=\"og:image:type\" content=\"image\/jpeg\" \/>\n<meta name=\"twitter:card\" content=\"summary_large_image\" \/>\n<meta name=\"twitter:label1\" content=\"\u041f\u0440\u0438\u043c\u0435\u0440\u043d\u043e\u0435 \u0432\u0440\u0435\u043c\u044f \u0434\u043b\u044f \u0447\u0442\u0435\u043d\u0438\u044f\" \/>\n\t<meta name=\"twitter:data1\" content=\"2 \u043c\u0438\u043d\u0443\u0442\u044b\" \/>\n<script type=\"application\/ld+json\" class=\"yoast-schema-graph\">{\"@context\":\"https:\/\/schema.org\",\"@graph\":[{\"@type\":\"WebPage\",\"@id\":\"https:\/\/gbb.md\/product\/manzana-verde-liqueur-20\/\",\"url\":\"https:\/\/gbb.md\/product\/manzana-verde-liqueur-20\/\",\"name\":\"Manzana Verde Liqueur 20% Monin | Global Bar Beverages\",\"isPartOf\":{\"@id\":\"https:\/\/gbb.md\/#website\"},\"datePublished\":\"2024-07-04T15:57:46+00:00\",\"dateModified\":\"2025-12-03T08:23:38+00:00\",\"breadcrumb\":{\"@id\":\"https:\/\/gbb.md\/product\/manzana-verde-liqueur-20\/#breadcrumb\"},\"inLanguage\":\"ru-RU\",\"potentialAction\":[{\"@type\":\"ReadAction\",\"target\":[\"https:\/\/gbb.md\/product\/manzana-verde-liqueur-20\/\"]}]},{\"@type\":\"BreadcrumbList\",\"@id\":\"https:\/\/gbb.md\/product\/manzana-verde-liqueur-20\/#breadcrumb\",\"itemListElement\":[{\"@type\":\"ListItem\",\"position\":1,\"name\":\"\u0413\u043b\u0430\u0432\u043d\u0430\u044f \u0441\u0442\u0440\u0430\u043d\u0438\u0446\u0430\",\"item\":\"https:\/\/gbb.md\/\"},{\"@type\":\"ListItem\",\"position\":2,\"name\":\"Produse\",\"item\":\"https:\/\/gbb.md\/shop\/\"},{\"@type\":\"ListItem\",\"position\":3,\"name\":\"Manzana Verde Liqueur 20% Monin\"}]},{\"@type\":\"WebSite\",\"@id\":\"https:\/\/gbb.md\/#website\",\"url\":\"https:\/\/gbb.md\/\",\"name\":\"GBB\",\"description\":\"\u042d\u0442\u043e \u043c\u043e\u043b\u043e\u0434\u0430\u044f \u0431\u044b\u0441\u0442\u0440\u043e\u0440\u0430\u0441\u0442\u0443\u0449\u0430\u044f \u043a\u043e\u043c\u043f\u0430\u043d\u0438\u044f, \u0441\u0442\u0430\u0432\u0448\u0430\u044f \u043a\u0440\u0443\u043f\u043d\u0435\u0439\u0448\u0438\u043c \u0432 \u041c\u043e\u043b\u0434\u043e\u0432\u0435 \u043f\u043e\u0441\u0442\u0430\u0432\u0449\u0438\u043a\u043e\u043c \u0441\u0438\u0440\u043e\u043f\u043e\u0432 \u0438 \u043f\u044e\u0440\u0435 \u0434\u043b\u044f \u043d\u0430\u043f\u0438\u0442\u043a\u043e\u0432, \u0447\u0430\u044f, \u043a\u043e\u0444\u0435, \u0441\u043e\u0443\u0441\u043e\u0432, \u0442\u043e\u043d\u0438\u043a\u043e\u0432 \u0438 bubble tea \u043e\u0442 \u0438\u043c\u0435\u043d\u0438\u0442\u044b\u0445 \u043f\u0440\u043e\u0438\u0437\u0432\u043e\u0434\u0438\u0442\u0435\u043b\u0435\u0439.\",\"publisher\":{\"@id\":\"https:\/\/gbb.md\/#organization\"},\"alternateName\":\"Global Bar Beverages\",\"potentialAction\":[{\"@type\":\"SearchAction\",\"target\":{\"@type\":\"EntryPoint\",\"urlTemplate\":\"https:\/\/gbb.md\/?s={search_term_string}\"},\"query-input\":\"required name=search_term_string\"}],\"inLanguage\":\"ru-RU\"},{\"@type\":\"Organization\",\"@id\":\"https:\/\/gbb.md\/#organization\",\"name\":\"GBB\",\"alternateName\":\"Global Bar Beverages\",\"url\":\"https:\/\/gbb.md\/\",\"logo\":{\"@type\":\"ImageObject\",\"inLanguage\":\"ru-RU\",\"@id\":\"https:\/\/gbb.md\/#\/schema\/logo\/image\/\",\"url\":\"https:\/\/gbb.md\/wp-content\/uploads\/2024\/01\/android-chrome-512x512-1.png\",\"contentUrl\":\"https:\/\/gbb.md\/wp-content\/uploads\/2024\/01\/android-chrome-512x512-1.png\",\"width\":512,\"height\":512,\"caption\":\"GBB\"},\"image\":{\"@id\":\"https:\/\/gbb.md\/#\/schema\/logo\/image\/\"},\"sameAs\":[\"https:\/\/www.facebook.com\/profile.php?id=61555243232370\"]}]}<\/script>\n<!-- \/ Yoast SEO plugin. -->","yoast_head_json":{"title":"Manzana Verde Liqueur 20% Monin | Global Bar Beverages","robots":{"index":"index","follow":"follow","max-snippet":"max-snippet:-1","max-image-preview":"max-image-preview:large","max-video-preview":"max-video-preview:-1"},"canonical":"https:\/\/gbb.md\/ru\/product\/manzana-verde-liqueur-20\/","og_locale":"ru_RU","og_type":"article","og_title":"Manzana Verde Liqueur 20% Monin | Global Bar Beverages","og_description":"Tip: lichior ABV: 20% Taria lichiorului: Desert Tip de lichior: Fructe Arom\u0103: m\u0103r Culoare lichior: limpede Marca: Monin \u021aara: Fran\u021ba Temperatura de servire: 16-18C. Perioada de valabilitate: 24 luni, in functie de conditiile de depozitare","og_url":"https:\/\/gbb.md\/ru\/product\/manzana-verde-liqueur-20\/","og_site_name":"Global Bar Beverages","article_publisher":"https:\/\/www.facebook.com\/profile.php?id=61555243232370","article_modified_time":"2025-12-03T08:23:38+00:00","og_image":[{"width":1000,"height":1000,"url":"https:\/\/gbb.md\/wp-content\/uploads\/2024\/07\/6666-5.jpg","type":"image\/jpeg"}],"twitter_card":"summary_large_image","twitter_misc":{"\u041f\u0440\u0438\u043c\u0435\u0440\u043d\u043e\u0435 \u0432\u0440\u0435\u043c\u044f \u0434\u043b\u044f \u0447\u0442\u0435\u043d\u0438\u044f":"2 \u043c\u0438\u043d\u0443\u0442\u044b"},"schema":{"@context":"https:\/\/schema.org","@graph":[{"@type":"WebPage","@id":"https:\/\/gbb.md\/product\/manzana-verde-liqueur-20\/","url":"https:\/\/gbb.md\/product\/manzana-verde-liqueur-20\/","name":"Manzana Verde Liqueur 20% Monin | Global Bar Beverages","isPartOf":{"@id":"https:\/\/gbb.md\/#website"},"datePublished":"2024-07-04T15:57:46+00:00","dateModified":"2025-12-03T08:23:38+00:00","breadcrumb":{"@id":"https:\/\/gbb.md\/product\/manzana-verde-liqueur-20\/#breadcrumb"},"inLanguage":"ru-RU","potentialAction":[{"@type":"ReadAction","target":["https:\/\/gbb.md\/product\/manzana-verde-liqueur-20\/"]}]},{"@type":"BreadcrumbList","@id":"https:\/\/gbb.md\/product\/manzana-verde-liqueur-20\/#breadcrumb","itemListElement":[{"@type":"ListItem","position":1,"name":"\u0413\u043b\u0430\u0432\u043d\u0430\u044f \u0441\u0442\u0440\u0430\u043d\u0438\u0446\u0430","item":"https:\/\/gbb.md\/"},{"@type":"ListItem","position":2,"name":"Produse","item":"https:\/\/gbb.md\/shop\/"},{"@type":"ListItem","position":3,"name":"Manzana Verde Liqueur 20% Monin"}]},{"@type":"WebSite","@id":"https:\/\/gbb.md\/#website","url":"https:\/\/gbb.md\/","name":"GBB","description":"\u042d\u0442\u043e \u043c\u043e\u043b\u043e\u0434\u0430\u044f \u0431\u044b\u0441\u0442\u0440\u043e\u0440\u0430\u0441\u0442\u0443\u0449\u0430\u044f \u043a\u043e\u043c\u043f\u0430\u043d\u0438\u044f, \u0441\u0442\u0430\u0432\u0448\u0430\u044f \u043a\u0440\u0443\u043f\u043d\u0435\u0439\u0448\u0438\u043c \u0432 \u041c\u043e\u043b\u0434\u043e\u0432\u0435 \u043f\u043e\u0441\u0442\u0430\u0432\u0449\u0438\u043a\u043e\u043c \u0441\u0438\u0440\u043e\u043f\u043e\u0432 \u0438 \u043f\u044e\u0440\u0435 \u0434\u043b\u044f \u043d\u0430\u043f\u0438\u0442\u043a\u043e\u0432, \u0447\u0430\u044f, \u043a\u043e\u0444\u0435, \u0441\u043e\u0443\u0441\u043e\u0432, \u0442\u043e\u043d\u0438\u043a\u043e\u0432 \u0438 bubble tea \u043e\u0442 \u0438\u043c\u0435\u043d\u0438\u0442\u044b\u0445 \u043f\u0440\u043e\u0438\u0437\u0432\u043e\u0434\u0438\u0442\u0435\u043b\u0435\u0439.","publisher":{"@id":"https:\/\/gbb.md\/#organization"},"alternateName":"Global Bar Beverages","potentialAction":[{"@type":"SearchAction","target":{"@type":"EntryPoint","urlTemplate":"https:\/\/gbb.md\/?s={search_term_string}"},"query-input":"required name=search_term_string"}],"inLanguage":"ru-RU"},{"@type":"Organization","@id":"https:\/\/gbb.md\/#organization","name":"GBB","alternateName":"Global Bar Beverages","url":"https:\/\/gbb.md\/","logo":{"@type":"ImageObject","inLanguage":"ru-RU","@id":"https:\/\/gbb.md\/#\/schema\/logo\/image\/","url":"https:\/\/gbb.md\/wp-content\/uploads\/2024\/01\/android-chrome-512x512-1.png","contentUrl":"https:\/\/gbb.md\/wp-content\/uploads\/2024\/01\/android-chrome-512x512-1.png","width":512,"height":512,"caption":"GBB"},"image":{"@id":"https:\/\/gbb.md\/#\/schema\/logo\/image\/"},"sameAs":["https:\/\/www.facebook.com\/profile.php?id=61555243232370"]}]}},"_links":{"self":[{"href":"https:\/\/gbb.md\/ru\/wp-json\/wp\/v2\/product\/9248"}],"collection":[{"href":"https:\/\/gbb.md\/ru\/wp-json\/wp\/v2\/product"}],"about":[{"href":"https:\/\/gbb.md\/ru\/wp-json\/wp\/v2\/types\/product"}],"replies":[{"embeddable":true,"href":"https:\/\/gbb.md\/ru\/wp-json\/wp\/v2\/comments?post=9248"}],"wp:featuredmedia":[{"embeddable":true,"href":"https:\/\/gbb.md\/ru\/wp-json\/wp\/v2\/media\/9249"}],"wp:attachment":[{"href":"https:\/\/gbb.md\/ru\/wp-json\/wp\/v2\/media?parent=9248"}],"wp:term":[{"taxonomy":"product_cat","embeddable":true,"href":"https:\/\/gbb.md\/ru\/wp-json\/wp\/v2\/product_cat?post=9248"},{"taxonomy":"product_tag","embeddable":true,"href":"https:\/\/gbb.md\/ru\/wp-json\/wp\/v2\/product_tag?post=9248"}],"curies":[{"name":"wp","href":"https:\/\/api.w.org\/{rel}","templated":true}]}}