{"id":9414,"date":"2024-09-12T12:21:19","date_gmt":"2024-09-12T09:21:19","guid":{"rendered":"https:\/\/gbb.md\/?post_type=product&#038;p=9414"},"modified":"2026-04-09T12:18:28","modified_gmt":"2026-04-09T09:18:28","slug":"mozart-chocolate-pumpkin-spice","status":"publish","type":"product","link":"https:\/\/gbb.md\/ru\/product\/mozart-chocolate-pumpkin-spice\/","title":{"rendered":"Mozart Chocolate Pumpkin Spice 0.5L"},"content":{"rendered":"<div id=\"fws_6a046c3f77eb8\"  data-midnight=\"dark\" data-top-percent=\"-30%\"  data-bg-mobile-hidden=\"\" class=\"wpb_row vc_row-fluid vc_row top-level  vc_row-o-equal-height vc_row-flex  vc_row-o-content-middle standard_section\"  style=\"padding-top: calc(100vw * 0.0-30); padding-bottom: 0px;  z-index: 100;\"><div class=\"row-bg-wrap\"><div class=\"inner-wrap\"><div class=\"row-bg\"  style=\"\"><\/div><\/div><div class=\"row-bg-overlay\" ><\/div><\/div><div class=\"col span_12 dark left\">\n\t<div style=\"margin-top: -190px; \" class=\"vc_col-sm-12 wpb_column column_container vc_column_container col neg-marg no-extra-padding\"  data-t-w-inherits=\"default\" data-border-radius=\"none\" data-shadow=\"none\" data-border-animation=\"\" data-border-animation-delay=\"\" data-border-width=\"none\" data-border-style=\"solid\" data-border-color=\"\" data-bg-cover=\"\" data-padding-pos=\"all\" data-has-bg-color=\"false\" data-bg-color=\"\" data-bg-opacity=\"1\" data-hover-bg=\"\" data-hover-bg-opacity=\"1\" data-animation=\"\" data-delay=\"0\"><div class=\"column-bg-overlay\"><\/div>\n\t\t<div class=\"vc_column-inner\">\n\t\t\t<div class=\"wpb_wrapper\">\n\t\t\t\t<div class=\"divider-wrap\" data-alignment=\"default\"><div style=\"height: 70px;\" class=\"divider\"><\/div><\/div><div id=\"ultimate-heading-71226a046c3f782cc\" class=\"uvc-heading ult-adjust-bottom-margin ultimate-heading-71226a046c3f782cc uvc-9809\" data-hspacer=\"no_spacer\"  data-halign=\"left\" style=\"text-align:left\"><div class=\"uvc-heading-spacer no_spacer\" style=\"top\"><\/div><div class=\"uvc-main-heading ult-responsive\"  data-ultimate-target='.uvc-heading.ultimate-heading-71226a046c3f782cc h2'  data-responsive-json-new='{\"font-size\":\"desktop:28px;\",\"line-height\":\"\"}' ><h2 style=\"font-weight:bold;color:#333333;\">Mozart Chocolate Pumpkin Spice<\/h2><\/div><div class=\"uvc-sub-heading ult-responsive\"  data-ultimate-target='.uvc-heading.ultimate-heading-71226a046c3f782cc .uvc-sub-heading '  data-responsive-json-new='{\"font-size\":\"desktop:18px;\",\"line-height\":\"\"}'  style=\"font-weight:normal;\"><b data-path-to-node=\"0\" data-index-in-node=\"0\">Mozart Chocolate Pumpkin Spice<\/b> este defini\u021bia toamnei \u00eentr-o sticl\u0103, fiind probabil cea mai \u201ecozy\u201d \u0219i reconfortant\u0103 expresie din portofoliul distileriei din Salzburg. Acest lichior edi\u021bie special\u0103 reu\u0219e\u0219te s\u0103 \u00eembine m\u0103iestria ciocolatei austriece cu aroma legendar\u0103 a condimentelor de dovleac, devenind rapid un favorit \u00een perioada rece a anului.<\/p>\n<p>&nbsp;<\/p>\n<p>Acest lichior este o fuziune magistral\u0103 \u00eentre ciocolata cu lapte, sucul natural de dovleac \u0219i un amestec aromatic de condimente \u201ewarm\u201d: scor\u021bi\u0219oar\u0103, cui\u0219oare, vanilie \u0219i un strop de coriandru. Este un produs realizat din ingrediente 100% naturale, oferind o textur\u0103 cremoas\u0103 \u0219i un profil de gust care aminte\u0219te de celebrele pl\u0103cinte cu dovleac sau de b\u0103uturile de tip \u201ePumpkin Spice Latte\u201d.<\/p>\n<h3 data-path-to-node=\"9\">Note Senzoriale (Gust \u0219i Arom\u0103)<\/h3>\n<ul data-path-to-node=\"10\">\n<li>\n<p data-path-to-node=\"10,0,0\"><b data-path-to-node=\"10,0,0\" data-index-in-node=\"0\">Aroma:<\/b> Buchetul este dominat de note calde de <b data-path-to-node=\"10,0,0\" data-index-in-node=\"46\">scor\u021bi\u0219oar\u0103 \u0219i nuc\u0219oar\u0103<\/b>, urmate de aroma dulce de dovleac copt \u0219i ciocolat\u0103 cremoas\u0103. Miroase exact ca o buc\u0103t\u0103rie \u00een care se coace o pr\u0103jitur\u0103 de s\u0103rb\u0103tori.<\/p>\n<\/li>\n<li>\n<p data-path-to-node=\"10,1,0\"><b data-path-to-node=\"10,1,0\" data-index-in-node=\"0\">Gustul:<\/b> Textura este onctuoas\u0103 \u0219i dens\u0103. Pe palat, atacul este dulce, cu arome de caramel \u0219i ciocolat\u0103 cu lapte, urmate rapid de \u201evibe-ul\u201d condimentat al cui\u0219oarelor \u0219i ghimbirului. Dovleacul ofer\u0103 o baz\u0103 vegetal\u0103 dulceag\u0103 care leag\u0103 perfect toate aromele.<\/p>\n<\/li>\n<li>\n<p data-path-to-node=\"10,2,0\"><b data-path-to-node=\"10,2,0\" data-index-in-node=\"0\">Postgust:<\/b> Lung \u0219i cald, l\u0103s\u00e2nd o senza\u021bie de condimente pr\u0103jite \u0219i o fin\u0103 not\u0103 de ciocolat\u0103 belgian\u0103.<\/p>\n<\/li>\n<\/ul>\n<\/div><\/div><div class=\"divider-wrap\" data-alignment=\"default\"><div style=\"height: 25px;\" class=\"divider\"><\/div><\/div>\n\t\t\t<\/div> \n\t\t<\/div>\n\t<\/div> \n<\/div><\/div>\n\t\t<div id=\"fws_6a046c3f78681\"  data-midnight=\"dark\"  data-bg-mobile-hidden=\"\" class=\"wpb_row vc_row-fluid vc_row standard_section\"  style=\"padding-top: 0px; padding-bottom: 0px; \"><div class=\"row-bg-wrap\"><div class=\"inner-wrap\"><div class=\"row-bg\"  style=\"\"><\/div><\/div><div class=\"row-bg-overlay\" ><\/div><\/div><div class=\"col span_12 dark left\">\n\t<div  class=\"vc_col-sm-12 wpb_column column_container vc_column_container col no-extra-padding\"  data-t-w-inherits=\"default\" data-border-radius=\"none\" data-shadow=\"none\" data-border-animation=\"\" data-border-animation-delay=\"\" data-border-width=\"none\" data-border-style=\"solid\" data-border-color=\"\" data-bg-cover=\"\" data-padding-pos=\"all\" data-has-bg-color=\"false\" data-bg-color=\"\" data-bg-opacity=\"1\" data-hover-bg=\"\" data-hover-bg-opacity=\"1\" data-animation=\"\" data-delay=\"0\"><div class=\"column-bg-overlay\"><\/div>\n\t\t<div class=\"vc_column-inner\">\n\t\t\t<div class=\"wpb_wrapper\">\n\t\t\t\t<div class=\"divider-wrap\" data-alignment=\"default\"><div style=\"height: 100px;\" class=\"divider\"><\/div><\/div>\n\t\t\t<\/div> \n\t\t<\/div>\n\t<\/div> \n<\/div><\/div>","protected":false},"excerpt":{"rendered":"<p>Art 170766<br \/>\nBrand &#8211; Mozart Distillerie<br \/>\nOrigine &#8211; Salzburg, Austria<br \/>\nTip &#8211; Lichior de ciocolat\u0103 \u0219i dovleac condimentat<br \/>\nConcentra\u021bie alcoolic\u0103 &#8211; 17% vol.<br \/>\nIngrediente Vedet\u0103 &#8211; Ciocolat\u0103 cu lapte, suc de dovleac, scor\u021bi\u0219oar\u0103, cui\u0219oare, ghimbir<br \/>\nAmbalaj &#8211; Sticl\u0103 sferic\u0103 \u00eenvelit\u0103 \u00een foi\u021b\u0103 portocalie vibrant\u0103 (0.5 L)<br \/>\nSezonabilitate &#8211; De obicei lansat ca edi\u021bie limitat\u0103 de toamn\u0103\/iarn\u0103<\/p>","protected":false},"featured_media":9415,"comment_status":"open","ping_status":"closed","template":"","meta":[],"product_cat":[405,404,386,406],"product_tag":[],"yoast_head":"<!-- This site is optimized with the Yoast SEO plugin v20.10 - https:\/\/yoast.com\/wordpress\/plugins\/seo\/ -->\n<title>Mozart Chocolate Pumpkin Spice 0.5L | Global Bar Beverages<\/title>\n<meta name=\"robots\" content=\"index, follow, max-snippet:-1, max-image-preview:large, max-video-preview:-1\" \/>\n<link rel=\"canonical\" href=\"https:\/\/gbb.md\/ru\/product\/mozart-chocolate-pumpkin-spice\/\" \/>\n<meta property=\"og:locale\" content=\"ru_RU\" \/>\n<meta property=\"og:type\" content=\"article\" \/>\n<meta property=\"og:title\" content=\"Mozart Chocolate Pumpkin Spice 0.5L | Global Bar Beverages\" \/>\n<meta property=\"og:description\" content=\"Art 170766 Brand - Mozart Distillerie Origine - Salzburg, Austria Tip - Lichior de ciocolat\u0103 \u0219i dovleac condimentat Concentra\u021bie alcoolic\u0103 - 17% vol. Ingrediente Vedet\u0103 - Ciocolat\u0103 cu lapte, suc de dovleac, scor\u021bi\u0219oar\u0103, cui\u0219oare, ghimbir Ambalaj - Sticl\u0103 sferic\u0103 \u00eenvelit\u0103 \u00een foi\u021b\u0103 portocalie vibrant\u0103 (0.5 L) Sezonabilitate - De obicei lansat ca edi\u021bie limitat\u0103 de toamn\u0103\/iarn\u0103\" \/>\n<meta property=\"og:url\" content=\"https:\/\/gbb.md\/ru\/product\/mozart-chocolate-pumpkin-spice\/\" \/>\n<meta property=\"og:site_name\" content=\"Global Bar Beverages\" \/>\n<meta property=\"article:publisher\" content=\"https:\/\/www.facebook.com\/profile.php?id=61555243232370\" \/>\n<meta property=\"article:modified_time\" content=\"2026-04-09T09:18:28+00:00\" \/>\n<meta property=\"og:image\" content=\"https:\/\/gbb.md\/wp-content\/uploads\/2024\/09\/3653-4.jpg\" \/>\n\t<meta property=\"og:image:width\" content=\"1000\" \/>\n\t<meta property=\"og:image:height\" content=\"1000\" \/>\n\t<meta property=\"og:image:type\" content=\"image\/jpeg\" \/>\n<meta name=\"twitter:card\" content=\"summary_large_image\" \/>\n<meta name=\"twitter:label1\" content=\"\u041f\u0440\u0438\u043c\u0435\u0440\u043d\u043e\u0435 \u0432\u0440\u0435\u043c\u044f \u0434\u043b\u044f \u0447\u0442\u0435\u043d\u0438\u044f\" \/>\n\t<meta name=\"twitter:data1\" content=\"2 \u043c\u0438\u043d\u0443\u0442\u044b\" \/>\n<script type=\"application\/ld+json\" class=\"yoast-schema-graph\">{\"@context\":\"https:\/\/schema.org\",\"@graph\":[{\"@type\":\"WebPage\",\"@id\":\"https:\/\/gbb.md\/product\/mozart-chocolate-pumpkin-spice\/\",\"url\":\"https:\/\/gbb.md\/product\/mozart-chocolate-pumpkin-spice\/\",\"name\":\"Mozart Chocolate Pumpkin Spice 0.5L | Global Bar Beverages\",\"isPartOf\":{\"@id\":\"https:\/\/gbb.md\/#website\"},\"datePublished\":\"2024-09-12T09:21:19+00:00\",\"dateModified\":\"2026-04-09T09:18:28+00:00\",\"breadcrumb\":{\"@id\":\"https:\/\/gbb.md\/product\/mozart-chocolate-pumpkin-spice\/#breadcrumb\"},\"inLanguage\":\"ru-RU\",\"potentialAction\":[{\"@type\":\"ReadAction\",\"target\":[\"https:\/\/gbb.md\/product\/mozart-chocolate-pumpkin-spice\/\"]}]},{\"@type\":\"BreadcrumbList\",\"@id\":\"https:\/\/gbb.md\/product\/mozart-chocolate-pumpkin-spice\/#breadcrumb\",\"itemListElement\":[{\"@type\":\"ListItem\",\"position\":1,\"name\":\"\u0413\u043b\u0430\u0432\u043d\u0430\u044f \u0441\u0442\u0440\u0430\u043d\u0438\u0446\u0430\",\"item\":\"https:\/\/gbb.md\/\"},{\"@type\":\"ListItem\",\"position\":2,\"name\":\"Produse\",\"item\":\"https:\/\/gbb.md\/shop\/\"},{\"@type\":\"ListItem\",\"position\":3,\"name\":\"Mozart Chocolate Pumpkin Spice 0.5L\"}]},{\"@type\":\"WebSite\",\"@id\":\"https:\/\/gbb.md\/#website\",\"url\":\"https:\/\/gbb.md\/\",\"name\":\"GBB\",\"description\":\"\u042d\u0442\u043e \u043c\u043e\u043b\u043e\u0434\u0430\u044f \u0431\u044b\u0441\u0442\u0440\u043e\u0440\u0430\u0441\u0442\u0443\u0449\u0430\u044f \u043a\u043e\u043c\u043f\u0430\u043d\u0438\u044f, \u0441\u0442\u0430\u0432\u0448\u0430\u044f \u043a\u0440\u0443\u043f\u043d\u0435\u0439\u0448\u0438\u043c \u0432 \u041c\u043e\u043b\u0434\u043e\u0432\u0435 \u043f\u043e\u0441\u0442\u0430\u0432\u0449\u0438\u043a\u043e\u043c \u0441\u0438\u0440\u043e\u043f\u043e\u0432 \u0438 \u043f\u044e\u0440\u0435 \u0434\u043b\u044f \u043d\u0430\u043f\u0438\u0442\u043a\u043e\u0432, \u0447\u0430\u044f, \u043a\u043e\u0444\u0435, \u0441\u043e\u0443\u0441\u043e\u0432, \u0442\u043e\u043d\u0438\u043a\u043e\u0432 \u0438 bubble tea \u043e\u0442 \u0438\u043c\u0435\u043d\u0438\u0442\u044b\u0445 \u043f\u0440\u043e\u0438\u0437\u0432\u043e\u0434\u0438\u0442\u0435\u043b\u0435\u0439.\",\"publisher\":{\"@id\":\"https:\/\/gbb.md\/#organization\"},\"alternateName\":\"Global Bar Beverages\",\"potentialAction\":[{\"@type\":\"SearchAction\",\"target\":{\"@type\":\"EntryPoint\",\"urlTemplate\":\"https:\/\/gbb.md\/?s={search_term_string}\"},\"query-input\":\"required name=search_term_string\"}],\"inLanguage\":\"ru-RU\"},{\"@type\":\"Organization\",\"@id\":\"https:\/\/gbb.md\/#organization\",\"name\":\"GBB\",\"alternateName\":\"Global Bar Beverages\",\"url\":\"https:\/\/gbb.md\/\",\"logo\":{\"@type\":\"ImageObject\",\"inLanguage\":\"ru-RU\",\"@id\":\"https:\/\/gbb.md\/#\/schema\/logo\/image\/\",\"url\":\"https:\/\/gbb.md\/wp-content\/uploads\/2024\/01\/android-chrome-512x512-1.png\",\"contentUrl\":\"https:\/\/gbb.md\/wp-content\/uploads\/2024\/01\/android-chrome-512x512-1.png\",\"width\":512,\"height\":512,\"caption\":\"GBB\"},\"image\":{\"@id\":\"https:\/\/gbb.md\/#\/schema\/logo\/image\/\"},\"sameAs\":[\"https:\/\/www.facebook.com\/profile.php?id=61555243232370\"]}]}<\/script>\n<!-- \/ Yoast SEO plugin. -->","yoast_head_json":{"title":"Mozart Chocolate Pumpkin Spice 0.5L | Global Bar Beverages","robots":{"index":"index","follow":"follow","max-snippet":"max-snippet:-1","max-image-preview":"max-image-preview:large","max-video-preview":"max-video-preview:-1"},"canonical":"https:\/\/gbb.md\/ru\/product\/mozart-chocolate-pumpkin-spice\/","og_locale":"ru_RU","og_type":"article","og_title":"Mozart Chocolate Pumpkin Spice 0.5L | Global Bar Beverages","og_description":"Art 170766 Brand - Mozart Distillerie Origine - Salzburg, Austria Tip - Lichior de ciocolat\u0103 \u0219i dovleac condimentat Concentra\u021bie alcoolic\u0103 - 17% vol. Ingrediente Vedet\u0103 - Ciocolat\u0103 cu lapte, suc de dovleac, scor\u021bi\u0219oar\u0103, cui\u0219oare, ghimbir Ambalaj - Sticl\u0103 sferic\u0103 \u00eenvelit\u0103 \u00een foi\u021b\u0103 portocalie vibrant\u0103 (0.5 L) Sezonabilitate - De obicei lansat ca edi\u021bie limitat\u0103 de toamn\u0103\/iarn\u0103","og_url":"https:\/\/gbb.md\/ru\/product\/mozart-chocolate-pumpkin-spice\/","og_site_name":"Global Bar Beverages","article_publisher":"https:\/\/www.facebook.com\/profile.php?id=61555243232370","article_modified_time":"2026-04-09T09:18:28+00:00","og_image":[{"width":1000,"height":1000,"url":"https:\/\/gbb.md\/wp-content\/uploads\/2024\/09\/3653-4.jpg","type":"image\/jpeg"}],"twitter_card":"summary_large_image","twitter_misc":{"\u041f\u0440\u0438\u043c\u0435\u0440\u043d\u043e\u0435 \u0432\u0440\u0435\u043c\u044f \u0434\u043b\u044f \u0447\u0442\u0435\u043d\u0438\u044f":"2 \u043c\u0438\u043d\u0443\u0442\u044b"},"schema":{"@context":"https:\/\/schema.org","@graph":[{"@type":"WebPage","@id":"https:\/\/gbb.md\/product\/mozart-chocolate-pumpkin-spice\/","url":"https:\/\/gbb.md\/product\/mozart-chocolate-pumpkin-spice\/","name":"Mozart Chocolate Pumpkin Spice 0.5L | Global Bar Beverages","isPartOf":{"@id":"https:\/\/gbb.md\/#website"},"datePublished":"2024-09-12T09:21:19+00:00","dateModified":"2026-04-09T09:18:28+00:00","breadcrumb":{"@id":"https:\/\/gbb.md\/product\/mozart-chocolate-pumpkin-spice\/#breadcrumb"},"inLanguage":"ru-RU","potentialAction":[{"@type":"ReadAction","target":["https:\/\/gbb.md\/product\/mozart-chocolate-pumpkin-spice\/"]}]},{"@type":"BreadcrumbList","@id":"https:\/\/gbb.md\/product\/mozart-chocolate-pumpkin-spice\/#breadcrumb","itemListElement":[{"@type":"ListItem","position":1,"name":"\u0413\u043b\u0430\u0432\u043d\u0430\u044f \u0441\u0442\u0440\u0430\u043d\u0438\u0446\u0430","item":"https:\/\/gbb.md\/"},{"@type":"ListItem","position":2,"name":"Produse","item":"https:\/\/gbb.md\/shop\/"},{"@type":"ListItem","position":3,"name":"Mozart Chocolate Pumpkin Spice 0.5L"}]},{"@type":"WebSite","@id":"https:\/\/gbb.md\/#website","url":"https:\/\/gbb.md\/","name":"GBB","description":"\u042d\u0442\u043e \u043c\u043e\u043b\u043e\u0434\u0430\u044f \u0431\u044b\u0441\u0442\u0440\u043e\u0440\u0430\u0441\u0442\u0443\u0449\u0430\u044f \u043a\u043e\u043c\u043f\u0430\u043d\u0438\u044f, \u0441\u0442\u0430\u0432\u0448\u0430\u044f \u043a\u0440\u0443\u043f\u043d\u0435\u0439\u0448\u0438\u043c \u0432 \u041c\u043e\u043b\u0434\u043e\u0432\u0435 \u043f\u043e\u0441\u0442\u0430\u0432\u0449\u0438\u043a\u043e\u043c \u0441\u0438\u0440\u043e\u043f\u043e\u0432 \u0438 \u043f\u044e\u0440\u0435 \u0434\u043b\u044f \u043d\u0430\u043f\u0438\u0442\u043a\u043e\u0432, \u0447\u0430\u044f, \u043a\u043e\u0444\u0435, \u0441\u043e\u0443\u0441\u043e\u0432, \u0442\u043e\u043d\u0438\u043a\u043e\u0432 \u0438 bubble tea \u043e\u0442 \u0438\u043c\u0435\u043d\u0438\u0442\u044b\u0445 \u043f\u0440\u043e\u0438\u0437\u0432\u043e\u0434\u0438\u0442\u0435\u043b\u0435\u0439.","publisher":{"@id":"https:\/\/gbb.md\/#organization"},"alternateName":"Global Bar Beverages","potentialAction":[{"@type":"SearchAction","target":{"@type":"EntryPoint","urlTemplate":"https:\/\/gbb.md\/?s={search_term_string}"},"query-input":"required name=search_term_string"}],"inLanguage":"ru-RU"},{"@type":"Organization","@id":"https:\/\/gbb.md\/#organization","name":"GBB","alternateName":"Global Bar Beverages","url":"https:\/\/gbb.md\/","logo":{"@type":"ImageObject","inLanguage":"ru-RU","@id":"https:\/\/gbb.md\/#\/schema\/logo\/image\/","url":"https:\/\/gbb.md\/wp-content\/uploads\/2024\/01\/android-chrome-512x512-1.png","contentUrl":"https:\/\/gbb.md\/wp-content\/uploads\/2024\/01\/android-chrome-512x512-1.png","width":512,"height":512,"caption":"GBB"},"image":{"@id":"https:\/\/gbb.md\/#\/schema\/logo\/image\/"},"sameAs":["https:\/\/www.facebook.com\/profile.php?id=61555243232370"]}]}},"_links":{"self":[{"href":"https:\/\/gbb.md\/ru\/wp-json\/wp\/v2\/product\/9414"}],"collection":[{"href":"https:\/\/gbb.md\/ru\/wp-json\/wp\/v2\/product"}],"about":[{"href":"https:\/\/gbb.md\/ru\/wp-json\/wp\/v2\/types\/product"}],"replies":[{"embeddable":true,"href":"https:\/\/gbb.md\/ru\/wp-json\/wp\/v2\/comments?post=9414"}],"wp:featuredmedia":[{"embeddable":true,"href":"https:\/\/gbb.md\/ru\/wp-json\/wp\/v2\/media\/9415"}],"wp:attachment":[{"href":"https:\/\/gbb.md\/ru\/wp-json\/wp\/v2\/media?parent=9414"}],"wp:term":[{"taxonomy":"product_cat","embeddable":true,"href":"https:\/\/gbb.md\/ru\/wp-json\/wp\/v2\/product_cat?post=9414"},{"taxonomy":"product_tag","embeddable":true,"href":"https:\/\/gbb.md\/ru\/wp-json\/wp\/v2\/product_tag?post=9414"}],"curies":[{"name":"wp","href":"https:\/\/api.w.org\/{rel}","templated":true}]}}