{"id":9418,"date":"2024-09-12T12:32:11","date_gmt":"2024-09-12T09:32:11","guid":{"rendered":"https:\/\/gbb.md\/?post_type=product&#038;p=9418"},"modified":"2026-04-08T18:29:26","modified_gmt":"2026-04-08T15:29:26","slug":"135-east-gin-hyogo","status":"publish","type":"product","link":"https:\/\/gbb.md\/ru\/product\/135-east-gin-hyogo\/","title":{"rendered":"135 East Gin Hyogo"},"content":{"rendered":"<div id=\"fws_6a046ca5294e8\"  data-midnight=\"dark\"  data-bg-mobile-hidden=\"\" class=\"wpb_row vc_row-fluid vc_row top-level standard_section\"  style=\"padding-top: 0px; padding-bottom: 0px; \"><div class=\"row-bg-wrap\"><div class=\"inner-wrap\"><div class=\"row-bg\"  style=\"\"><\/div><\/div><div class=\"row-bg-overlay\" ><\/div><\/div><div class=\"col span_12 dark left\">\n\t<div  class=\"vc_col-sm-12 wpb_column column_container vc_column_container col no-extra-padding\"  data-t-w-inherits=\"default\" data-border-radius=\"none\" data-shadow=\"none\" data-border-animation=\"\" data-border-animation-delay=\"\" data-border-width=\"none\" data-border-style=\"solid\" data-border-color=\"\" data-bg-cover=\"\" data-padding-pos=\"all\" data-has-bg-color=\"false\" data-bg-color=\"\" data-bg-opacity=\"1\" data-hover-bg=\"\" data-hover-bg-opacity=\"1\" data-animation=\"\" data-delay=\"0\"><div class=\"column-bg-overlay\"><\/div>\n\t\t<div class=\"vc_column-inner\">\n\t\t\t<div class=\"wpb_wrapper\">\n\t\t\t\t\r\n\t<div class=\"wpb_text_column wpb_content_element\" >\r\n\t\t<div class=\"wpb_wrapper\">\r\n\t\t\t<p><strong>\u201e135 East\u201d Hyogo Dry Gin<\/strong> \u2014 un gin neobi\u0219nuit care reflect\u0103 stilul prefecturii Hyogo, deoarece, pe l\u00e2ng\u0103 cele trei componente tradi\u021bionale (ienup\u0103r, coriandru \u0219i angelic\u0103), con\u021bine 5 plante japoneze (lemn de cedru, frunze de shiso, crizantem\u0103, piper sansho \u0219i yuzu), atent selec\u021bionate de expertul \u00een distilare, Kimio Yonezawa. Yuzu adaug\u0103 ginului nuan\u021be citrice \u2014 grapefruit acri\u0219or \u0219i mandarin\u0103 suculent\u0103. Piperul sansho adaug\u0103 o not\u0103 de condiment foarte aromatic \u0219i un postgust lung. De asemenea, pentru a oferi b\u0103uturii un gust tradi\u021bional japonez, \u00een re\u021bet\u0103 a fost ad\u0103ugat pu\u021bin sake distilat, care asigur\u0103 o textur\u0103 fin\u0103 \u0219i delicat\u0103.<\/p>\n<p>\u201e135 East\u201d Hyogo Dry Gin reprezint\u0103 fuzionarea Estului cu Vestul: arom\u0103 \u0219i gust japonez cu stilul uscat londonez. Numele ginului este inspirat de meridianul 135, care traverseaz\u0103 distileria din ora\u0219ul Asaki, unde este produs\u0103 b\u0103utura.<\/p>\n<p><strong>Culoare<\/strong><\/p>\n<p>Ginul are o culoare clar\u0103 \u0219i transparent\u0103.<\/p>\n<p><strong>Gust<\/strong><\/p>\n<p>Gustul proasp\u0103t, fin \u0219i armonios al ginului \u00eenv\u0103luie cu nuan\u021be delicate de mandarin\u0103 \u0219i grapefruit, completate de note de piper, condimente \u0219i lemn de cedru \u00eentr-un postgust \u00eendelungat \u0219i c\u0103lduros.<\/p>\n<p><strong>Arom\u0103<\/strong><\/p>\n<p>Aroma expresiv\u0103 a ginului \u00eembin\u0103 nuan\u021be citrice cu note de condimente, \u00eenconjurate de arome distincte de ienup\u0103r, lemn de cedru, coriandru \u0219i plante.<\/p>\n<p><strong>Combina\u021bii gastronomice<\/strong><\/p>\n<p>Ginul poate fi consumat simplu, cu tonic sau ca ingredient \u00een cocktailuri complexe.<\/p>\n\r\n\t\t<\/div>\r\n\t<\/div>\r\n\n\t\t\t<\/div> \n\t\t<\/div>\n\t<\/div> \n<\/div><\/div>","protected":false},"excerpt":{"rendered":"<p>Art 177256<br \/>\nRegiune: Japonia, Hyogo<\/p>\n<p>Produc\u0103tor: Kaikyo<\/p>\n<p>Marc\u0103: 135 East<\/p>\n<p>Volum: 0,7 l<\/p>\n<p>Grad de alcool: 42%<\/p>\n<p>Temperatura de servire: 10\u201312 \u00b0C<\/p>","protected":false},"featured_media":9419,"comment_status":"open","ping_status":"closed","template":"","meta":[],"product_cat":[405,404,410,388],"product_tag":[],"yoast_head":"<!-- This site is optimized with the Yoast SEO plugin v20.10 - https:\/\/yoast.com\/wordpress\/plugins\/seo\/ -->\n<title>135 East Gin Hyogo | Global Bar Beverages<\/title>\n<meta name=\"robots\" content=\"index, follow, max-snippet:-1, max-image-preview:large, max-video-preview:-1\" \/>\n<link rel=\"canonical\" href=\"https:\/\/gbb.md\/ru\/product\/135-east-gin-hyogo\/\" \/>\n<meta property=\"og:locale\" content=\"ru_RU\" \/>\n<meta property=\"og:type\" content=\"article\" \/>\n<meta property=\"og:title\" content=\"135 East Gin Hyogo | Global Bar Beverages\" \/>\n<meta property=\"og:description\" content=\"Art 177256 Regiune: Japonia, Hyogo  Produc\u0103tor: Kaikyo  Marc\u0103: 135 East  Volum: 0,7 l  Grad de alcool: 42%  Temperatura de servire: 10\u201312 \u00b0C\" \/>\n<meta property=\"og:url\" content=\"https:\/\/gbb.md\/ru\/product\/135-east-gin-hyogo\/\" \/>\n<meta property=\"og:site_name\" content=\"Global Bar Beverages\" \/>\n<meta property=\"article:publisher\" content=\"https:\/\/www.facebook.com\/profile.php?id=61555243232370\" \/>\n<meta property=\"article:modified_time\" content=\"2026-04-08T15:29:26+00:00\" \/>\n<meta property=\"og:image\" content=\"https:\/\/gbb.md\/wp-content\/uploads\/2024\/09\/3653-6.jpg\" \/>\n\t<meta property=\"og:image:width\" content=\"1000\" \/>\n\t<meta property=\"og:image:height\" content=\"1000\" \/>\n\t<meta property=\"og:image:type\" content=\"image\/jpeg\" \/>\n<meta name=\"twitter:card\" content=\"summary_large_image\" \/>\n<meta name=\"twitter:label1\" content=\"\u041f\u0440\u0438\u043c\u0435\u0440\u043d\u043e\u0435 \u0432\u0440\u0435\u043c\u044f \u0434\u043b\u044f \u0447\u0442\u0435\u043d\u0438\u044f\" \/>\n\t<meta name=\"twitter:data1\" content=\"2 \u043c\u0438\u043d\u0443\u0442\u044b\" \/>\n<script type=\"application\/ld+json\" class=\"yoast-schema-graph\">{\"@context\":\"https:\/\/schema.org\",\"@graph\":[{\"@type\":\"WebPage\",\"@id\":\"https:\/\/gbb.md\/product\/135-east-gin-hyogo\/\",\"url\":\"https:\/\/gbb.md\/product\/135-east-gin-hyogo\/\",\"name\":\"135 East Gin Hyogo | Global Bar Beverages\",\"isPartOf\":{\"@id\":\"https:\/\/gbb.md\/#website\"},\"datePublished\":\"2024-09-12T09:32:11+00:00\",\"dateModified\":\"2026-04-08T15:29:26+00:00\",\"breadcrumb\":{\"@id\":\"https:\/\/gbb.md\/product\/135-east-gin-hyogo\/#breadcrumb\"},\"inLanguage\":\"ru-RU\",\"potentialAction\":[{\"@type\":\"ReadAction\",\"target\":[\"https:\/\/gbb.md\/product\/135-east-gin-hyogo\/\"]}]},{\"@type\":\"BreadcrumbList\",\"@id\":\"https:\/\/gbb.md\/product\/135-east-gin-hyogo\/#breadcrumb\",\"itemListElement\":[{\"@type\":\"ListItem\",\"position\":1,\"name\":\"\u0413\u043b\u0430\u0432\u043d\u0430\u044f \u0441\u0442\u0440\u0430\u043d\u0438\u0446\u0430\",\"item\":\"https:\/\/gbb.md\/\"},{\"@type\":\"ListItem\",\"position\":2,\"name\":\"Produse\",\"item\":\"https:\/\/gbb.md\/shop\/\"},{\"@type\":\"ListItem\",\"position\":3,\"name\":\"135 East Gin Hyogo\"}]},{\"@type\":\"WebSite\",\"@id\":\"https:\/\/gbb.md\/#website\",\"url\":\"https:\/\/gbb.md\/\",\"name\":\"GBB\",\"description\":\"\u042d\u0442\u043e \u043c\u043e\u043b\u043e\u0434\u0430\u044f \u0431\u044b\u0441\u0442\u0440\u043e\u0440\u0430\u0441\u0442\u0443\u0449\u0430\u044f \u043a\u043e\u043c\u043f\u0430\u043d\u0438\u044f, \u0441\u0442\u0430\u0432\u0448\u0430\u044f \u043a\u0440\u0443\u043f\u043d\u0435\u0439\u0448\u0438\u043c \u0432 \u041c\u043e\u043b\u0434\u043e\u0432\u0435 \u043f\u043e\u0441\u0442\u0430\u0432\u0449\u0438\u043a\u043e\u043c \u0441\u0438\u0440\u043e\u043f\u043e\u0432 \u0438 \u043f\u044e\u0440\u0435 \u0434\u043b\u044f \u043d\u0430\u043f\u0438\u0442\u043a\u043e\u0432, \u0447\u0430\u044f, \u043a\u043e\u0444\u0435, \u0441\u043e\u0443\u0441\u043e\u0432, \u0442\u043e\u043d\u0438\u043a\u043e\u0432 \u0438 bubble tea \u043e\u0442 \u0438\u043c\u0435\u043d\u0438\u0442\u044b\u0445 \u043f\u0440\u043e\u0438\u0437\u0432\u043e\u0434\u0438\u0442\u0435\u043b\u0435\u0439.\",\"publisher\":{\"@id\":\"https:\/\/gbb.md\/#organization\"},\"alternateName\":\"Global Bar Beverages\",\"potentialAction\":[{\"@type\":\"SearchAction\",\"target\":{\"@type\":\"EntryPoint\",\"urlTemplate\":\"https:\/\/gbb.md\/?s={search_term_string}\"},\"query-input\":\"required name=search_term_string\"}],\"inLanguage\":\"ru-RU\"},{\"@type\":\"Organization\",\"@id\":\"https:\/\/gbb.md\/#organization\",\"name\":\"GBB\",\"alternateName\":\"Global Bar Beverages\",\"url\":\"https:\/\/gbb.md\/\",\"logo\":{\"@type\":\"ImageObject\",\"inLanguage\":\"ru-RU\",\"@id\":\"https:\/\/gbb.md\/#\/schema\/logo\/image\/\",\"url\":\"https:\/\/gbb.md\/wp-content\/uploads\/2024\/01\/android-chrome-512x512-1.png\",\"contentUrl\":\"https:\/\/gbb.md\/wp-content\/uploads\/2024\/01\/android-chrome-512x512-1.png\",\"width\":512,\"height\":512,\"caption\":\"GBB\"},\"image\":{\"@id\":\"https:\/\/gbb.md\/#\/schema\/logo\/image\/\"},\"sameAs\":[\"https:\/\/www.facebook.com\/profile.php?id=61555243232370\"]}]}<\/script>\n<!-- \/ Yoast SEO plugin. -->","yoast_head_json":{"title":"135 East Gin Hyogo | Global Bar Beverages","robots":{"index":"index","follow":"follow","max-snippet":"max-snippet:-1","max-image-preview":"max-image-preview:large","max-video-preview":"max-video-preview:-1"},"canonical":"https:\/\/gbb.md\/ru\/product\/135-east-gin-hyogo\/","og_locale":"ru_RU","og_type":"article","og_title":"135 East Gin Hyogo | Global Bar Beverages","og_description":"Art 177256 Regiune: Japonia, Hyogo  Produc\u0103tor: Kaikyo  Marc\u0103: 135 East  Volum: 0,7 l  Grad de alcool: 42%  Temperatura de servire: 10\u201312 \u00b0C","og_url":"https:\/\/gbb.md\/ru\/product\/135-east-gin-hyogo\/","og_site_name":"Global Bar Beverages","article_publisher":"https:\/\/www.facebook.com\/profile.php?id=61555243232370","article_modified_time":"2026-04-08T15:29:26+00:00","og_image":[{"width":1000,"height":1000,"url":"https:\/\/gbb.md\/wp-content\/uploads\/2024\/09\/3653-6.jpg","type":"image\/jpeg"}],"twitter_card":"summary_large_image","twitter_misc":{"\u041f\u0440\u0438\u043c\u0435\u0440\u043d\u043e\u0435 \u0432\u0440\u0435\u043c\u044f \u0434\u043b\u044f \u0447\u0442\u0435\u043d\u0438\u044f":"2 \u043c\u0438\u043d\u0443\u0442\u044b"},"schema":{"@context":"https:\/\/schema.org","@graph":[{"@type":"WebPage","@id":"https:\/\/gbb.md\/product\/135-east-gin-hyogo\/","url":"https:\/\/gbb.md\/product\/135-east-gin-hyogo\/","name":"135 East Gin Hyogo | Global Bar Beverages","isPartOf":{"@id":"https:\/\/gbb.md\/#website"},"datePublished":"2024-09-12T09:32:11+00:00","dateModified":"2026-04-08T15:29:26+00:00","breadcrumb":{"@id":"https:\/\/gbb.md\/product\/135-east-gin-hyogo\/#breadcrumb"},"inLanguage":"ru-RU","potentialAction":[{"@type":"ReadAction","target":["https:\/\/gbb.md\/product\/135-east-gin-hyogo\/"]}]},{"@type":"BreadcrumbList","@id":"https:\/\/gbb.md\/product\/135-east-gin-hyogo\/#breadcrumb","itemListElement":[{"@type":"ListItem","position":1,"name":"\u0413\u043b\u0430\u0432\u043d\u0430\u044f \u0441\u0442\u0440\u0430\u043d\u0438\u0446\u0430","item":"https:\/\/gbb.md\/"},{"@type":"ListItem","position":2,"name":"Produse","item":"https:\/\/gbb.md\/shop\/"},{"@type":"ListItem","position":3,"name":"135 East Gin Hyogo"}]},{"@type":"WebSite","@id":"https:\/\/gbb.md\/#website","url":"https:\/\/gbb.md\/","name":"GBB","description":"\u042d\u0442\u043e \u043c\u043e\u043b\u043e\u0434\u0430\u044f \u0431\u044b\u0441\u0442\u0440\u043e\u0440\u0430\u0441\u0442\u0443\u0449\u0430\u044f \u043a\u043e\u043c\u043f\u0430\u043d\u0438\u044f, \u0441\u0442\u0430\u0432\u0448\u0430\u044f \u043a\u0440\u0443\u043f\u043d\u0435\u0439\u0448\u0438\u043c \u0432 \u041c\u043e\u043b\u0434\u043e\u0432\u0435 \u043f\u043e\u0441\u0442\u0430\u0432\u0449\u0438\u043a\u043e\u043c \u0441\u0438\u0440\u043e\u043f\u043e\u0432 \u0438 \u043f\u044e\u0440\u0435 \u0434\u043b\u044f \u043d\u0430\u043f\u0438\u0442\u043a\u043e\u0432, \u0447\u0430\u044f, \u043a\u043e\u0444\u0435, \u0441\u043e\u0443\u0441\u043e\u0432, \u0442\u043e\u043d\u0438\u043a\u043e\u0432 \u0438 bubble tea \u043e\u0442 \u0438\u043c\u0435\u043d\u0438\u0442\u044b\u0445 \u043f\u0440\u043e\u0438\u0437\u0432\u043e\u0434\u0438\u0442\u0435\u043b\u0435\u0439.","publisher":{"@id":"https:\/\/gbb.md\/#organization"},"alternateName":"Global Bar Beverages","potentialAction":[{"@type":"SearchAction","target":{"@type":"EntryPoint","urlTemplate":"https:\/\/gbb.md\/?s={search_term_string}"},"query-input":"required name=search_term_string"}],"inLanguage":"ru-RU"},{"@type":"Organization","@id":"https:\/\/gbb.md\/#organization","name":"GBB","alternateName":"Global Bar Beverages","url":"https:\/\/gbb.md\/","logo":{"@type":"ImageObject","inLanguage":"ru-RU","@id":"https:\/\/gbb.md\/#\/schema\/logo\/image\/","url":"https:\/\/gbb.md\/wp-content\/uploads\/2024\/01\/android-chrome-512x512-1.png","contentUrl":"https:\/\/gbb.md\/wp-content\/uploads\/2024\/01\/android-chrome-512x512-1.png","width":512,"height":512,"caption":"GBB"},"image":{"@id":"https:\/\/gbb.md\/#\/schema\/logo\/image\/"},"sameAs":["https:\/\/www.facebook.com\/profile.php?id=61555243232370"]}]}},"_links":{"self":[{"href":"https:\/\/gbb.md\/ru\/wp-json\/wp\/v2\/product\/9418"}],"collection":[{"href":"https:\/\/gbb.md\/ru\/wp-json\/wp\/v2\/product"}],"about":[{"href":"https:\/\/gbb.md\/ru\/wp-json\/wp\/v2\/types\/product"}],"replies":[{"embeddable":true,"href":"https:\/\/gbb.md\/ru\/wp-json\/wp\/v2\/comments?post=9418"}],"wp:featuredmedia":[{"embeddable":true,"href":"https:\/\/gbb.md\/ru\/wp-json\/wp\/v2\/media\/9419"}],"wp:attachment":[{"href":"https:\/\/gbb.md\/ru\/wp-json\/wp\/v2\/media?parent=9418"}],"wp:term":[{"taxonomy":"product_cat","embeddable":true,"href":"https:\/\/gbb.md\/ru\/wp-json\/wp\/v2\/product_cat?post=9418"},{"taxonomy":"product_tag","embeddable":true,"href":"https:\/\/gbb.md\/ru\/wp-json\/wp\/v2\/product_tag?post=9418"}],"curies":[{"name":"wp","href":"https:\/\/api.w.org\/{rel}","templated":true}]}}