{"id":9424,"date":"2024-09-12T13:06:34","date_gmt":"2024-09-12T10:06:34","guid":{"rendered":"https:\/\/gbb.md\/?post_type=product&#038;p=9424"},"modified":"2026-04-09T11:36:24","modified_gmt":"2026-04-09T08:36:24","slug":"mossburn-signature-cask-2-speyside-blended-malt-whisky","status":"publish","type":"product","link":"https:\/\/gbb.md\/ru\/product\/mossburn-signature-cask-2-speyside-blended-malt-whisky\/","title":{"rendered":"Mossburn Signature Cask 2, Speyside Blended Malt Whisky"},"content":{"rendered":"<div id=\"fws_69e1d23881860\"  data-midnight=\"dark\" data-top-percent=\"-30%\"  data-bg-mobile-hidden=\"\" class=\"wpb_row vc_row-fluid vc_row top-level  vc_row-o-equal-height vc_row-flex  vc_row-o-content-middle standard_section\"  style=\"padding-top: calc(100vw * 0.0-30); padding-bottom: 0px;  z-index: 100;\"><div class=\"row-bg-wrap\"><div class=\"inner-wrap\"><div class=\"row-bg\"  style=\"\"><\/div><\/div><div class=\"row-bg-overlay\" ><\/div><\/div><div class=\"col span_12 dark left\">\n\t<div style=\"margin-top: -190px; \" class=\"vc_col-sm-12 wpb_column column_container vc_column_container col neg-marg no-extra-padding\"  data-t-w-inherits=\"default\" data-border-radius=\"none\" data-shadow=\"none\" data-border-animation=\"\" data-border-animation-delay=\"\" data-border-width=\"none\" data-border-style=\"solid\" data-border-color=\"\" data-bg-cover=\"\" data-padding-pos=\"all\" data-has-bg-color=\"false\" data-bg-color=\"\" data-bg-opacity=\"1\" data-hover-bg=\"\" data-hover-bg-opacity=\"1\" data-animation=\"\" data-delay=\"0\"><div class=\"column-bg-overlay\"><\/div>\n\t\t<div class=\"vc_column-inner\">\n\t\t\t<div class=\"wpb_wrapper\">\n\t\t\t\t<div class=\"divider-wrap\" data-alignment=\"default\"><div style=\"height: 70px;\" class=\"divider\"><\/div><\/div><div id=\"ultimate-heading-723469e1d23881bfd\" class=\"uvc-heading ult-adjust-bottom-margin ultimate-heading-723469e1d23881bfd uvc-8774\" data-hspacer=\"no_spacer\"  data-halign=\"left\" style=\"text-align:left\"><div class=\"uvc-heading-spacer no_spacer\" style=\"top\"><\/div><div class=\"uvc-main-heading ult-responsive\"  data-ultimate-target='.uvc-heading.ultimate-heading-723469e1d23881bfd h2'  data-responsive-json-new='{\"font-size\":\"desktop:28px;\",\"line-height\":\"\"}' ><h2 style=\"font-weight:bold;color:#333333;\">Mossburn Signature Cask 2, Speyside Blended Malt Whisky<\/h2><\/div><div class=\"uvc-sub-heading ult-responsive\"  data-ultimate-target='.uvc-heading.ultimate-heading-723469e1d23881bfd .uvc-sub-heading '  data-responsive-json-new='{\"font-size\":\"desktop:18px;\",\"line-height\":\"\"}'  style=\"font-weight:normal;\">\n<p data-path-to-node=\"0\"><b data-path-to-node=\"0\" data-index-in-node=\"0\">Mossburn Signature Cask 2<\/b> este un whisky de tip <b data-path-to-node=\"0\" data-index-in-node=\"48\">Speyside Blended Malt<\/b>, creat de \u00eembuteliatorul independent Mossburn Distillers. Dac\u0103 prima edi\u021bie (Cask 1) este o od\u0103 adus\u0103 insulelor s\u0103lbatice \u0219i fumului, <b data-path-to-node=\"0\" data-index-in-node=\"204\">Cask 2<\/b> se concentreaz\u0103 pe elegan\u021ba, dulcea\u021ba \u0219i complexitatea floral\u0103 specifice regiunii Speyside.<\/p>\n<p data-path-to-node=\"1\">Este un whisky care demonstreaz\u0103 c\u0103 un \u201eblend\u201d de mal\u021buri poate fi la fel de sofisticat ca un Single Malt, dac\u0103 este tratat cu m\u0103iestrie artizanal\u0103.<\/p>\n<p data-path-to-node=\"4\">Inova\u021bia Mossburn const\u0103 \u00een maturarea secundar\u0103. Dup\u0103 ce Single Malt-urile din Speyside sunt selec\u021bionate \u0219i cupajate, ele sunt puse \u00een butoaie hibride, construite special pentru a accentua profilul clasic al regiunii.<\/p>\n<p data-path-to-node=\"5\"><b data-path-to-node=\"5\" data-index-in-node=\"0\">Cask Bill No. 2<\/b> este alc\u0103tuit din:<\/p>\n<ul data-path-to-node=\"6\">\n<li>\n<p data-path-to-node=\"6,0,0\"><b data-path-to-node=\"6,0,0\" data-index-in-node=\"0\">Doage:<\/b> Stejar american (American Oak), care aduce note de vanilie \u0219i caramel.<\/p>\n<\/li>\n<li>\n<p data-path-to-node=\"6,1,0\"><b data-path-to-node=\"6,1,0\" data-index-in-node=\"0\">Capete (Heads):<\/b> Stejar european infuzat cu <b data-path-to-node=\"6,1,0\" data-index-in-node=\"43\">Sherry Oloroso<\/b>, care adaug\u0103 profunzime, note de fructe uscate \u0219i o structur\u0103 condimentat\u0103.<\/p>\n<\/li>\n<\/ul>\n<h3 data-path-to-node=\"11\">Note Senzoriale (Gust \u0219i Arom\u0103)<\/h3>\n<ul data-path-to-node=\"12\">\n<li>\n<p data-path-to-node=\"12,0,0\"><b data-path-to-node=\"12,0,0\" data-index-in-node=\"0\">Aroma:<\/b> Un profil bogat \u0219i vibrant. Se simt note clare de <b data-path-to-node=\"12,0,0\" data-index-in-node=\"57\">mere verzi, miere de salc\u00e2m \u0219i flori de c\u00e2mp<\/b>, urmate de nuan\u021be de ciocolat\u0103 cu lapte \u0219i o tent\u0103 discret\u0103 de nuci, provenit\u0103 din influen\u021ba butoaielor de Sherry.<\/p>\n<\/li>\n<li>\n<p data-path-to-node=\"12,1,0\"><b data-path-to-node=\"12,1,0\" data-index-in-node=\"0\">Gustul:<\/b> Textura este m\u0103t\u0103soas\u0103 \u0219i echilibrat\u0103. Pe palat, se deschide cu o dulcea\u021b\u0103 de mal\u021b \u0219i vanilie, care evolueaz\u0103 rapid spre note de <b data-path-to-node=\"12,1,0\" data-index-in-node=\"137\">fructe de livad\u0103 coapte<\/b> (pere, caise) \u0219i condimente fine (scor\u021bi\u0219oar\u0103, nuc\u0219oar\u0103).<\/p>\n<\/li>\n<li>\n<p data-path-to-node=\"12,2,0\"><b data-path-to-node=\"12,2,0\" data-index-in-node=\"0\">Postgust:<\/b> Mediu spre lung, curat \u0219i pl\u0103cut. Las\u0103 \u00een urm\u0103 o senza\u021bie de stejar dulce, condimente calde \u0219i o not\u0103 final\u0103 de sherry uscat.<\/p>\n<\/li>\n<\/ul>\n<\/div><\/div><div class=\"divider-wrap\" data-alignment=\"default\"><div style=\"height: 25px;\" class=\"divider\"><\/div><\/div>\n\t\t\t<\/div> \n\t\t<\/div>\n\t<\/div> \n<\/div><\/div>\n\t\t<div id=\"fws_69e1d23881fb7\"  data-midnight=\"dark\"  data-bg-mobile-hidden=\"\" class=\"wpb_row vc_row-fluid vc_row standard_section\"  style=\"padding-top: 0px; padding-bottom: 0px; \"><div class=\"row-bg-wrap\"><div class=\"inner-wrap\"><div class=\"row-bg\"  style=\"\"><\/div><\/div><div class=\"row-bg-overlay\" ><\/div><\/div><div class=\"col span_12 dark left\">\n\t<div  class=\"vc_col-sm-12 wpb_column column_container vc_column_container col no-extra-padding\"  data-t-w-inherits=\"default\" data-border-radius=\"none\" data-shadow=\"none\" data-border-animation=\"\" data-border-animation-delay=\"\" data-border-width=\"none\" data-border-style=\"solid\" data-border-color=\"\" data-bg-cover=\"\" data-padding-pos=\"all\" data-has-bg-color=\"false\" data-bg-color=\"\" data-bg-opacity=\"1\" data-hover-bg=\"\" data-hover-bg-opacity=\"1\" data-animation=\"\" data-delay=\"0\"><div class=\"column-bg-overlay\"><\/div>\n\t\t<div class=\"vc_column-inner\">\n\t\t\t<div class=\"wpb_wrapper\">\n\t\t\t\t<div class=\"divider-wrap\" data-alignment=\"default\"><div style=\"height: 100px;\" class=\"divider\"><\/div><\/div>\n\t\t\t<\/div> \n\t\t<\/div>\n\t<\/div> \n<\/div><\/div>","protected":false},"excerpt":{"rendered":"<p>Brand &#8211; Mossburn<br \/>\nGama &#8211; Signature Casks (Cask No. 2)<br \/>\nTip &#8211; Speyside Blended Malt (100% mal\u021b, f\u0103r\u0103 cereale)<br \/>\nOrigine &#8211; Speyside, Sco\u021bia<br \/>\nConcentra\u021bie &#8211; alcoolic\u0103\t46.2% vol.<br \/>\nPuritate &#8211; Nefiltrat la rece, culoare natural\u0103<br \/>\nMaturare &#8211; Maturare primar\u0103 \u00een butoaie ex-bourbon + Finisare \u00een butoaie hibride (Cask Bill #2)<\/p>","protected":false},"featured_media":9425,"comment_status":"open","ping_status":"closed","template":"","meta":[],"product_cat":[405,404,408,390],"product_tag":[],"yoast_head":"<!-- This site is optimized with the Yoast SEO plugin v20.10 - https:\/\/yoast.com\/wordpress\/plugins\/seo\/ -->\n<title>Mossburn Signature Cask 2, Speyside Blended Malt Whisky | Global Bar Beverages<\/title>\n<meta name=\"robots\" content=\"index, follow, max-snippet:-1, max-image-preview:large, max-video-preview:-1\" \/>\n<link rel=\"canonical\" href=\"https:\/\/gbb.md\/ru\/product\/mossburn-signature-cask-2-speyside-blended-malt-whisky\/\" \/>\n<meta property=\"og:locale\" content=\"ru_RU\" \/>\n<meta property=\"og:type\" content=\"article\" \/>\n<meta property=\"og:title\" content=\"Mossburn Signature Cask 2, Speyside Blended Malt Whisky | Global Bar Beverages\" \/>\n<meta property=\"og:description\" content=\"Brand - Mossburn Gama - Signature Casks (Cask No. 2) Tip - Speyside Blended Malt (100% mal\u021b, f\u0103r\u0103 cereale) Origine - Speyside, Sco\u021bia Concentra\u021bie - alcoolic\u0103 46.2% vol. Puritate - Nefiltrat la rece, culoare natural\u0103 Maturare - Maturare primar\u0103 \u00een butoaie ex-bourbon + Finisare \u00een butoaie hibride (Cask Bill #2)\" \/>\n<meta property=\"og:url\" content=\"https:\/\/gbb.md\/ru\/product\/mossburn-signature-cask-2-speyside-blended-malt-whisky\/\" \/>\n<meta property=\"og:site_name\" content=\"Global Bar Beverages\" \/>\n<meta property=\"article:publisher\" content=\"https:\/\/www.facebook.com\/profile.php?id=61555243232370\" \/>\n<meta property=\"article:modified_time\" content=\"2026-04-09T08:36:24+00:00\" \/>\n<meta property=\"og:image\" content=\"https:\/\/gbb.md\/wp-content\/uploads\/2024\/09\/3653-9.jpg\" \/>\n\t<meta property=\"og:image:width\" content=\"1000\" \/>\n\t<meta property=\"og:image:height\" content=\"1000\" \/>\n\t<meta property=\"og:image:type\" content=\"image\/jpeg\" \/>\n<meta name=\"twitter:card\" content=\"summary_large_image\" \/>\n<meta name=\"twitter:label1\" content=\"\u041f\u0440\u0438\u043c\u0435\u0440\u043d\u043e\u0435 \u0432\u0440\u0435\u043c\u044f \u0434\u043b\u044f \u0447\u0442\u0435\u043d\u0438\u044f\" \/>\n\t<meta name=\"twitter:data1\" content=\"2 \u043c\u0438\u043d\u0443\u0442\u044b\" \/>\n<script type=\"application\/ld+json\" class=\"yoast-schema-graph\">{\"@context\":\"https:\/\/schema.org\",\"@graph\":[{\"@type\":\"WebPage\",\"@id\":\"https:\/\/gbb.md\/product\/mossburn-signature-cask-2-speyside-blended-malt-whisky\/\",\"url\":\"https:\/\/gbb.md\/product\/mossburn-signature-cask-2-speyside-blended-malt-whisky\/\",\"name\":\"Mossburn Signature Cask 2, Speyside Blended Malt Whisky | Global Bar Beverages\",\"isPartOf\":{\"@id\":\"https:\/\/gbb.md\/#website\"},\"datePublished\":\"2024-09-12T10:06:34+00:00\",\"dateModified\":\"2026-04-09T08:36:24+00:00\",\"breadcrumb\":{\"@id\":\"https:\/\/gbb.md\/product\/mossburn-signature-cask-2-speyside-blended-malt-whisky\/#breadcrumb\"},\"inLanguage\":\"ru-RU\",\"potentialAction\":[{\"@type\":\"ReadAction\",\"target\":[\"https:\/\/gbb.md\/product\/mossburn-signature-cask-2-speyside-blended-malt-whisky\/\"]}]},{\"@type\":\"BreadcrumbList\",\"@id\":\"https:\/\/gbb.md\/product\/mossburn-signature-cask-2-speyside-blended-malt-whisky\/#breadcrumb\",\"itemListElement\":[{\"@type\":\"ListItem\",\"position\":1,\"name\":\"\u0413\u043b\u0430\u0432\u043d\u0430\u044f \u0441\u0442\u0440\u0430\u043d\u0438\u0446\u0430\",\"item\":\"https:\/\/gbb.md\/\"},{\"@type\":\"ListItem\",\"position\":2,\"name\":\"Produse\",\"item\":\"https:\/\/gbb.md\/shop\/\"},{\"@type\":\"ListItem\",\"position\":3,\"name\":\"Mossburn Signature Cask 2, Speyside Blended Malt Whisky\"}]},{\"@type\":\"WebSite\",\"@id\":\"https:\/\/gbb.md\/#website\",\"url\":\"https:\/\/gbb.md\/\",\"name\":\"GBB\",\"description\":\"\u042d\u0442\u043e \u043c\u043e\u043b\u043e\u0434\u0430\u044f \u0431\u044b\u0441\u0442\u0440\u043e\u0440\u0430\u0441\u0442\u0443\u0449\u0430\u044f \u043a\u043e\u043c\u043f\u0430\u043d\u0438\u044f, \u0441\u0442\u0430\u0432\u0448\u0430\u044f \u043a\u0440\u0443\u043f\u043d\u0435\u0439\u0448\u0438\u043c \u0432 \u041c\u043e\u043b\u0434\u043e\u0432\u0435 \u043f\u043e\u0441\u0442\u0430\u0432\u0449\u0438\u043a\u043e\u043c \u0441\u0438\u0440\u043e\u043f\u043e\u0432 \u0438 \u043f\u044e\u0440\u0435 \u0434\u043b\u044f \u043d\u0430\u043f\u0438\u0442\u043a\u043e\u0432, \u0447\u0430\u044f, \u043a\u043e\u0444\u0435, \u0441\u043e\u0443\u0441\u043e\u0432, \u0442\u043e\u043d\u0438\u043a\u043e\u0432 \u0438 bubble tea \u043e\u0442 \u0438\u043c\u0435\u043d\u0438\u0442\u044b\u0445 \u043f\u0440\u043e\u0438\u0437\u0432\u043e\u0434\u0438\u0442\u0435\u043b\u0435\u0439.\",\"publisher\":{\"@id\":\"https:\/\/gbb.md\/#organization\"},\"alternateName\":\"Global Bar Beverages\",\"potentialAction\":[{\"@type\":\"SearchAction\",\"target\":{\"@type\":\"EntryPoint\",\"urlTemplate\":\"https:\/\/gbb.md\/?s={search_term_string}\"},\"query-input\":\"required name=search_term_string\"}],\"inLanguage\":\"ru-RU\"},{\"@type\":\"Organization\",\"@id\":\"https:\/\/gbb.md\/#organization\",\"name\":\"GBB\",\"alternateName\":\"Global Bar Beverages\",\"url\":\"https:\/\/gbb.md\/\",\"logo\":{\"@type\":\"ImageObject\",\"inLanguage\":\"ru-RU\",\"@id\":\"https:\/\/gbb.md\/#\/schema\/logo\/image\/\",\"url\":\"https:\/\/gbb.md\/wp-content\/uploads\/2024\/01\/android-chrome-512x512-1.png\",\"contentUrl\":\"https:\/\/gbb.md\/wp-content\/uploads\/2024\/01\/android-chrome-512x512-1.png\",\"width\":512,\"height\":512,\"caption\":\"GBB\"},\"image\":{\"@id\":\"https:\/\/gbb.md\/#\/schema\/logo\/image\/\"},\"sameAs\":[\"https:\/\/www.facebook.com\/profile.php?id=61555243232370\"]}]}<\/script>\n<!-- \/ Yoast SEO plugin. -->","yoast_head_json":{"title":"Mossburn Signature Cask 2, Speyside Blended Malt Whisky | Global Bar Beverages","robots":{"index":"index","follow":"follow","max-snippet":"max-snippet:-1","max-image-preview":"max-image-preview:large","max-video-preview":"max-video-preview:-1"},"canonical":"https:\/\/gbb.md\/ru\/product\/mossburn-signature-cask-2-speyside-blended-malt-whisky\/","og_locale":"ru_RU","og_type":"article","og_title":"Mossburn Signature Cask 2, Speyside Blended Malt Whisky | Global Bar Beverages","og_description":"Brand - Mossburn Gama - Signature Casks (Cask No. 2) Tip - Speyside Blended Malt (100% mal\u021b, f\u0103r\u0103 cereale) Origine - Speyside, Sco\u021bia Concentra\u021bie - alcoolic\u0103 46.2% vol. Puritate - Nefiltrat la rece, culoare natural\u0103 Maturare - Maturare primar\u0103 \u00een butoaie ex-bourbon + Finisare \u00een butoaie hibride (Cask Bill #2)","og_url":"https:\/\/gbb.md\/ru\/product\/mossburn-signature-cask-2-speyside-blended-malt-whisky\/","og_site_name":"Global Bar Beverages","article_publisher":"https:\/\/www.facebook.com\/profile.php?id=61555243232370","article_modified_time":"2026-04-09T08:36:24+00:00","og_image":[{"width":1000,"height":1000,"url":"https:\/\/gbb.md\/wp-content\/uploads\/2024\/09\/3653-9.jpg","type":"image\/jpeg"}],"twitter_card":"summary_large_image","twitter_misc":{"\u041f\u0440\u0438\u043c\u0435\u0440\u043d\u043e\u0435 \u0432\u0440\u0435\u043c\u044f \u0434\u043b\u044f \u0447\u0442\u0435\u043d\u0438\u044f":"2 \u043c\u0438\u043d\u0443\u0442\u044b"},"schema":{"@context":"https:\/\/schema.org","@graph":[{"@type":"WebPage","@id":"https:\/\/gbb.md\/product\/mossburn-signature-cask-2-speyside-blended-malt-whisky\/","url":"https:\/\/gbb.md\/product\/mossburn-signature-cask-2-speyside-blended-malt-whisky\/","name":"Mossburn Signature Cask 2, Speyside Blended Malt Whisky | Global Bar Beverages","isPartOf":{"@id":"https:\/\/gbb.md\/#website"},"datePublished":"2024-09-12T10:06:34+00:00","dateModified":"2026-04-09T08:36:24+00:00","breadcrumb":{"@id":"https:\/\/gbb.md\/product\/mossburn-signature-cask-2-speyside-blended-malt-whisky\/#breadcrumb"},"inLanguage":"ru-RU","potentialAction":[{"@type":"ReadAction","target":["https:\/\/gbb.md\/product\/mossburn-signature-cask-2-speyside-blended-malt-whisky\/"]}]},{"@type":"BreadcrumbList","@id":"https:\/\/gbb.md\/product\/mossburn-signature-cask-2-speyside-blended-malt-whisky\/#breadcrumb","itemListElement":[{"@type":"ListItem","position":1,"name":"\u0413\u043b\u0430\u0432\u043d\u0430\u044f \u0441\u0442\u0440\u0430\u043d\u0438\u0446\u0430","item":"https:\/\/gbb.md\/"},{"@type":"ListItem","position":2,"name":"Produse","item":"https:\/\/gbb.md\/shop\/"},{"@type":"ListItem","position":3,"name":"Mossburn Signature Cask 2, Speyside Blended Malt Whisky"}]},{"@type":"WebSite","@id":"https:\/\/gbb.md\/#website","url":"https:\/\/gbb.md\/","name":"GBB","description":"\u042d\u0442\u043e \u043c\u043e\u043b\u043e\u0434\u0430\u044f \u0431\u044b\u0441\u0442\u0440\u043e\u0440\u0430\u0441\u0442\u0443\u0449\u0430\u044f \u043a\u043e\u043c\u043f\u0430\u043d\u0438\u044f, \u0441\u0442\u0430\u0432\u0448\u0430\u044f \u043a\u0440\u0443\u043f\u043d\u0435\u0439\u0448\u0438\u043c \u0432 \u041c\u043e\u043b\u0434\u043e\u0432\u0435 \u043f\u043e\u0441\u0442\u0430\u0432\u0449\u0438\u043a\u043e\u043c \u0441\u0438\u0440\u043e\u043f\u043e\u0432 \u0438 \u043f\u044e\u0440\u0435 \u0434\u043b\u044f \u043d\u0430\u043f\u0438\u0442\u043a\u043e\u0432, \u0447\u0430\u044f, \u043a\u043e\u0444\u0435, \u0441\u043e\u0443\u0441\u043e\u0432, \u0442\u043e\u043d\u0438\u043a\u043e\u0432 \u0438 bubble tea \u043e\u0442 \u0438\u043c\u0435\u043d\u0438\u0442\u044b\u0445 \u043f\u0440\u043e\u0438\u0437\u0432\u043e\u0434\u0438\u0442\u0435\u043b\u0435\u0439.","publisher":{"@id":"https:\/\/gbb.md\/#organization"},"alternateName":"Global Bar Beverages","potentialAction":[{"@type":"SearchAction","target":{"@type":"EntryPoint","urlTemplate":"https:\/\/gbb.md\/?s={search_term_string}"},"query-input":"required name=search_term_string"}],"inLanguage":"ru-RU"},{"@type":"Organization","@id":"https:\/\/gbb.md\/#organization","name":"GBB","alternateName":"Global Bar Beverages","url":"https:\/\/gbb.md\/","logo":{"@type":"ImageObject","inLanguage":"ru-RU","@id":"https:\/\/gbb.md\/#\/schema\/logo\/image\/","url":"https:\/\/gbb.md\/wp-content\/uploads\/2024\/01\/android-chrome-512x512-1.png","contentUrl":"https:\/\/gbb.md\/wp-content\/uploads\/2024\/01\/android-chrome-512x512-1.png","width":512,"height":512,"caption":"GBB"},"image":{"@id":"https:\/\/gbb.md\/#\/schema\/logo\/image\/"},"sameAs":["https:\/\/www.facebook.com\/profile.php?id=61555243232370"]}]}},"_links":{"self":[{"href":"https:\/\/gbb.md\/ru\/wp-json\/wp\/v2\/product\/9424"}],"collection":[{"href":"https:\/\/gbb.md\/ru\/wp-json\/wp\/v2\/product"}],"about":[{"href":"https:\/\/gbb.md\/ru\/wp-json\/wp\/v2\/types\/product"}],"replies":[{"embeddable":true,"href":"https:\/\/gbb.md\/ru\/wp-json\/wp\/v2\/comments?post=9424"}],"wp:featuredmedia":[{"embeddable":true,"href":"https:\/\/gbb.md\/ru\/wp-json\/wp\/v2\/media\/9425"}],"wp:attachment":[{"href":"https:\/\/gbb.md\/ru\/wp-json\/wp\/v2\/media?parent=9424"}],"wp:term":[{"taxonomy":"product_cat","embeddable":true,"href":"https:\/\/gbb.md\/ru\/wp-json\/wp\/v2\/product_cat?post=9424"},{"taxonomy":"product_tag","embeddable":true,"href":"https:\/\/gbb.md\/ru\/wp-json\/wp\/v2\/product_tag?post=9424"}],"curies":[{"name":"wp","href":"https:\/\/api.w.org\/{rel}","templated":true}]}}