{"id":9426,"date":"2024-09-12T13:11:13","date_gmt":"2024-09-12T10:11:13","guid":{"rendered":"https:\/\/gbb.md\/?post_type=product&#038;p=9426"},"modified":"2026-04-09T11:33:32","modified_gmt":"2026-04-09T08:33:32","slug":"mossburn-signature-cask-1-islaland-blended-malt-whisky","status":"publish","type":"product","link":"https:\/\/gbb.md\/ru\/product\/mossburn-signature-cask-1-islaland-blended-malt-whisky\/","title":{"rendered":"Mossburn Signature Cask 1, Islaland Blended Malt Whisky"},"content":{"rendered":"<div id=\"fws_69e1ce4d4a61e\"  data-midnight=\"dark\" data-top-percent=\"-30%\"  data-bg-mobile-hidden=\"\" class=\"wpb_row vc_row-fluid vc_row top-level  vc_row-o-equal-height vc_row-flex  vc_row-o-content-middle standard_section\"  style=\"padding-top: calc(100vw * 0.0-30); padding-bottom: 0px;  z-index: 100;\"><div class=\"row-bg-wrap\"><div class=\"inner-wrap\"><div class=\"row-bg\"  style=\"\"><\/div><\/div><div class=\"row-bg-overlay\" ><\/div><\/div><div class=\"col span_12 dark left\">\n\t<div style=\"margin-top: -190px; \" class=\"vc_col-sm-12 wpb_column column_container vc_column_container col neg-marg no-extra-padding\"  data-t-w-inherits=\"default\" data-border-radius=\"none\" data-shadow=\"none\" data-border-animation=\"\" data-border-animation-delay=\"\" data-border-width=\"none\" data-border-style=\"solid\" data-border-color=\"\" data-bg-cover=\"\" data-padding-pos=\"all\" data-has-bg-color=\"false\" data-bg-color=\"\" data-bg-opacity=\"1\" data-hover-bg=\"\" data-hover-bg-opacity=\"1\" data-animation=\"\" data-delay=\"0\"><div class=\"column-bg-overlay\"><\/div>\n\t\t<div class=\"vc_column-inner\">\n\t\t\t<div class=\"wpb_wrapper\">\n\t\t\t\t<div class=\"divider-wrap\" data-alignment=\"default\"><div style=\"height: 70px;\" class=\"divider\"><\/div><\/div><div id=\"ultimate-heading-303069e1ce4d4a907\" class=\"uvc-heading ult-adjust-bottom-margin ultimate-heading-303069e1ce4d4a907 uvc-5362\" data-hspacer=\"no_spacer\"  data-halign=\"left\" style=\"text-align:left\"><div class=\"uvc-heading-spacer no_spacer\" style=\"top\"><\/div><div class=\"uvc-main-heading ult-responsive\"  data-ultimate-target='.uvc-heading.ultimate-heading-303069e1ce4d4a907 h2'  data-responsive-json-new='{\"font-size\":\"desktop:28px;\",\"line-height\":\"\"}' ><h2 style=\"font-weight:bold;color:#333333;\">Mossburn Signature Cask 1, Islaland Blended Malt Whisky<\/h2><\/div><div class=\"uvc-sub-heading ult-responsive\"  data-ultimate-target='.uvc-heading.ultimate-heading-303069e1ce4d4a907 .uvc-sub-heading '  data-responsive-json-new='{\"font-size\":\"desktop:18px;\",\"line-height\":\"\"}'  style=\"font-weight:normal;\">\n<p data-path-to-node=\"0\"><b data-path-to-node=\"0\" data-index-in-node=\"0\">Mossburn Signature Cask 1<\/b> este un whisky de tip <b data-path-to-node=\"0\" data-index-in-node=\"48\">Island Blended Malt<\/b>, creat de \u00eembuteliatorul independent Mossburn Distillers. Acesta face parte dintr-o serie special\u0103 menit\u0103 s\u0103 pun\u0103 \u00een eviden\u021b\u0103 tr\u0103s\u0103turile specifice regiunilor sco\u021biene prin metode de maturare inovatoare.<\/p>\n<p data-path-to-node=\"1\">De\u0219i numele con\u021bine \u201eIsland\u201d, acest whisky este un cupaj (\u201eblend\u201d) de Single Malt-uri provenite exclusiv de la distilerii de pe insulele Sco\u021biei (precum Skye, Jura, Orkney sau Arran), oferind acel caracter maritim \u0219i afumat at\u00e2t de apreciat.<\/p>\n<p data-path-to-node=\"4\">Ceea ce face acest whisky special este procesul de maturare \u00een dou\u0103 etape. Dup\u0103 prima maturare, whisky-urile sunt cupajate \u0219i puse \u00eentr-o a doua etap\u0103 de maturare \u00een butoaie <b data-path-to-node=\"4\" data-index-in-node=\"174\">\u201eCask Bill No. 1\u201d<\/b>, create special de Mossburn. Aceste butoaie sunt hibride:<\/p>\n<ul data-path-to-node=\"5\">\n<li>\n<p data-path-to-node=\"5,0,0\">Au doage de stejar american (American Oak).<\/p>\n<\/li>\n<li>\n<p data-path-to-node=\"5,1,0\">Au capete (\u201eheads\u201d) din stejar european puternic pr\u0103jit (Heavily Toasted European Oak). Acest proces adaug\u0103 o structur\u0103 condimentat\u0103 \u0219i o profunzime pe care maturarea standard nu o poate oferi.<\/p>\n<\/li>\n<\/ul>\n<h3 data-path-to-node=\"10\">Note Senzoriale (Gust \u0219i Arom\u0103)<\/h3>\n<ul data-path-to-node=\"11\">\n<li>\n<p data-path-to-node=\"11,0,0\"><b data-path-to-node=\"11,0,0\" data-index-in-node=\"0\">Aroma:<\/b> Un profil aromatic robust \u0219i stratificat. Se simt note clare de <b data-path-to-node=\"11,0,0\" data-index-in-node=\"71\">fum de turb\u0103, saramur\u0103 \u0219i alge marine<\/b>, urmate de nuan\u021be mai calde de vanilie, fructe uscate \u0219i condimente de stejar.<\/p>\n<\/li>\n<li>\n<p data-path-to-node=\"11,1,0\"><b data-path-to-node=\"11,1,0\" data-index-in-node=\"0\">Gustul:<\/b> Textura este plin\u0103 \u0219i viguroas\u0103. Pe palat, atacul este marcat de fum \u0219i de o aciditate citric\u0103 discret\u0103. Pe m\u0103sur\u0103 ce se dezvolt\u0103, apar notele de mirodenii (piper, scor\u021bi\u0219oar\u0103) \u0219i o dulcea\u021b\u0103 de mal\u021b pr\u0103jit.<\/p>\n<\/li>\n<li>\n<p data-path-to-node=\"11,2,0\"><b data-path-to-node=\"11,2,0\" data-index-in-node=\"0\">Postgust:<\/b> Lung, uscat \u0219i persistent. Las\u0103 \u00een urm\u0103 un ecou de fum de tab\u0103r\u0103 \u0219i sare de mare, cu o finalitate condimentat\u0103.<\/p>\n<\/li>\n<\/ul>\n<\/div><\/div><div class=\"divider-wrap\" data-alignment=\"default\"><div style=\"height: 25px;\" class=\"divider\"><\/div><\/div>\n\t\t\t<\/div> \n\t\t<\/div>\n\t<\/div> \n<\/div><\/div>\n\t\t<div id=\"fws_69e1ce4d4accf\"  data-midnight=\"dark\"  data-bg-mobile-hidden=\"\" class=\"wpb_row vc_row-fluid vc_row standard_section\"  style=\"padding-top: 0px; padding-bottom: 0px; \"><div class=\"row-bg-wrap\"><div class=\"inner-wrap\"><div class=\"row-bg\"  style=\"\"><\/div><\/div><div class=\"row-bg-overlay\" ><\/div><\/div><div class=\"col span_12 dark left\">\n\t<div  class=\"vc_col-sm-12 wpb_column column_container vc_column_container col no-extra-padding\"  data-t-w-inherits=\"default\" data-border-radius=\"none\" data-shadow=\"none\" data-border-animation=\"\" data-border-animation-delay=\"\" data-border-width=\"none\" data-border-style=\"solid\" data-border-color=\"\" data-bg-cover=\"\" data-padding-pos=\"all\" data-has-bg-color=\"false\" data-bg-color=\"\" data-bg-opacity=\"1\" data-hover-bg=\"\" data-hover-bg-opacity=\"1\" data-animation=\"\" data-delay=\"0\"><div class=\"column-bg-overlay\"><\/div>\n\t\t<div class=\"vc_column-inner\">\n\t\t\t<div class=\"wpb_wrapper\">\n\t\t\t\t<div class=\"divider-wrap\" data-alignment=\"default\"><div style=\"height: 100px;\" class=\"divider\"><\/div><\/div>\n\t\t\t<\/div> \n\t\t<\/div>\n\t<\/div> \n<\/div><\/div>","protected":false},"excerpt":{"rendered":"<p>Art 177006<br \/>\nBrand &#8211; Mossburn<br \/>\nGama &#8211; Signature Casks (Cask No. 1)<br \/>\nTip &#8211; Island Blended Malt (Doar Single Malt-uri, f\u0103r\u0103 cereale)<br \/>\nOrigine &#8211; Insulele Sco\u021biei (Islands)<br \/>\nConcentra\u021bie alcoolic\u0103 &#8211; 46% vol.<br \/>\nPuritate &#8211; Nefiltrat la rece, f\u0103r\u0103 colorant ad\u0103ugat (Natural Color)<br \/>\nTip Butoi &#8211; Maturare hibrid\u0103 \u00een stejar american \u0219i european<\/p>","protected":false},"featured_media":9427,"comment_status":"open","ping_status":"closed","template":"","meta":[],"product_cat":[405,404,408,390],"product_tag":[],"yoast_head":"<!-- This site is optimized with the Yoast SEO plugin v20.10 - https:\/\/yoast.com\/wordpress\/plugins\/seo\/ -->\n<title>Mossburn Signature Cask 1, Islaland Blended Malt Whisky | Global Bar Beverages<\/title>\n<meta name=\"robots\" content=\"index, follow, max-snippet:-1, max-image-preview:large, max-video-preview:-1\" \/>\n<link rel=\"canonical\" href=\"https:\/\/gbb.md\/ru\/product\/mossburn-signature-cask-1-islaland-blended-malt-whisky\/\" \/>\n<meta property=\"og:locale\" content=\"ru_RU\" \/>\n<meta property=\"og:type\" content=\"article\" \/>\n<meta property=\"og:title\" content=\"Mossburn Signature Cask 1, Islaland Blended Malt Whisky | Global Bar Beverages\" \/>\n<meta property=\"og:description\" content=\"Art 177006 Brand - Mossburn Gama - Signature Casks (Cask No. 1) Tip - Island Blended Malt (Doar Single Malt-uri, f\u0103r\u0103 cereale) Origine - Insulele Sco\u021biei (Islands) Concentra\u021bie alcoolic\u0103 - 46% vol. Puritate - Nefiltrat la rece, f\u0103r\u0103 colorant ad\u0103ugat (Natural Color) Tip Butoi - Maturare hibrid\u0103 \u00een stejar american \u0219i european\" \/>\n<meta property=\"og:url\" content=\"https:\/\/gbb.md\/ru\/product\/mossburn-signature-cask-1-islaland-blended-malt-whisky\/\" \/>\n<meta property=\"og:site_name\" content=\"Global Bar Beverages\" \/>\n<meta property=\"article:publisher\" content=\"https:\/\/www.facebook.com\/profile.php?id=61555243232370\" \/>\n<meta property=\"article:modified_time\" content=\"2026-04-09T08:33:32+00:00\" \/>\n<meta property=\"og:image\" content=\"https:\/\/gbb.md\/wp-content\/uploads\/2024\/09\/MB-Island-Blend-Bottle-and-Tube.jpg\" \/>\n\t<meta property=\"og:image:width\" content=\"960\" \/>\n\t<meta property=\"og:image:height\" content=\"960\" \/>\n\t<meta property=\"og:image:type\" content=\"image\/jpeg\" \/>\n<meta name=\"twitter:card\" content=\"summary_large_image\" \/>\n<meta name=\"twitter:label1\" content=\"\u041f\u0440\u0438\u043c\u0435\u0440\u043d\u043e\u0435 \u0432\u0440\u0435\u043c\u044f \u0434\u043b\u044f \u0447\u0442\u0435\u043d\u0438\u044f\" \/>\n\t<meta name=\"twitter:data1\" content=\"2 \u043c\u0438\u043d\u0443\u0442\u044b\" \/>\n<script type=\"application\/ld+json\" class=\"yoast-schema-graph\">{\"@context\":\"https:\/\/schema.org\",\"@graph\":[{\"@type\":\"WebPage\",\"@id\":\"https:\/\/gbb.md\/product\/mossburn-signature-cask-1-islaland-blended-malt-whisky\/\",\"url\":\"https:\/\/gbb.md\/product\/mossburn-signature-cask-1-islaland-blended-malt-whisky\/\",\"name\":\"Mossburn Signature Cask 1, Islaland Blended Malt Whisky | Global Bar Beverages\",\"isPartOf\":{\"@id\":\"https:\/\/gbb.md\/#website\"},\"datePublished\":\"2024-09-12T10:11:13+00:00\",\"dateModified\":\"2026-04-09T08:33:32+00:00\",\"breadcrumb\":{\"@id\":\"https:\/\/gbb.md\/product\/mossburn-signature-cask-1-islaland-blended-malt-whisky\/#breadcrumb\"},\"inLanguage\":\"ru-RU\",\"potentialAction\":[{\"@type\":\"ReadAction\",\"target\":[\"https:\/\/gbb.md\/product\/mossburn-signature-cask-1-islaland-blended-malt-whisky\/\"]}]},{\"@type\":\"BreadcrumbList\",\"@id\":\"https:\/\/gbb.md\/product\/mossburn-signature-cask-1-islaland-blended-malt-whisky\/#breadcrumb\",\"itemListElement\":[{\"@type\":\"ListItem\",\"position\":1,\"name\":\"\u0413\u043b\u0430\u0432\u043d\u0430\u044f \u0441\u0442\u0440\u0430\u043d\u0438\u0446\u0430\",\"item\":\"https:\/\/gbb.md\/\"},{\"@type\":\"ListItem\",\"position\":2,\"name\":\"Produse\",\"item\":\"https:\/\/gbb.md\/shop\/\"},{\"@type\":\"ListItem\",\"position\":3,\"name\":\"Mossburn Signature Cask 1, Islaland Blended Malt Whisky\"}]},{\"@type\":\"WebSite\",\"@id\":\"https:\/\/gbb.md\/#website\",\"url\":\"https:\/\/gbb.md\/\",\"name\":\"GBB\",\"description\":\"\u042d\u0442\u043e \u043c\u043e\u043b\u043e\u0434\u0430\u044f \u0431\u044b\u0441\u0442\u0440\u043e\u0440\u0430\u0441\u0442\u0443\u0449\u0430\u044f \u043a\u043e\u043c\u043f\u0430\u043d\u0438\u044f, \u0441\u0442\u0430\u0432\u0448\u0430\u044f \u043a\u0440\u0443\u043f\u043d\u0435\u0439\u0448\u0438\u043c \u0432 \u041c\u043e\u043b\u0434\u043e\u0432\u0435 \u043f\u043e\u0441\u0442\u0430\u0432\u0449\u0438\u043a\u043e\u043c \u0441\u0438\u0440\u043e\u043f\u043e\u0432 \u0438 \u043f\u044e\u0440\u0435 \u0434\u043b\u044f \u043d\u0430\u043f\u0438\u0442\u043a\u043e\u0432, \u0447\u0430\u044f, \u043a\u043e\u0444\u0435, \u0441\u043e\u0443\u0441\u043e\u0432, \u0442\u043e\u043d\u0438\u043a\u043e\u0432 \u0438 bubble tea \u043e\u0442 \u0438\u043c\u0435\u043d\u0438\u0442\u044b\u0445 \u043f\u0440\u043e\u0438\u0437\u0432\u043e\u0434\u0438\u0442\u0435\u043b\u0435\u0439.\",\"publisher\":{\"@id\":\"https:\/\/gbb.md\/#organization\"},\"alternateName\":\"Global Bar Beverages\",\"potentialAction\":[{\"@type\":\"SearchAction\",\"target\":{\"@type\":\"EntryPoint\",\"urlTemplate\":\"https:\/\/gbb.md\/?s={search_term_string}\"},\"query-input\":\"required name=search_term_string\"}],\"inLanguage\":\"ru-RU\"},{\"@type\":\"Organization\",\"@id\":\"https:\/\/gbb.md\/#organization\",\"name\":\"GBB\",\"alternateName\":\"Global Bar Beverages\",\"url\":\"https:\/\/gbb.md\/\",\"logo\":{\"@type\":\"ImageObject\",\"inLanguage\":\"ru-RU\",\"@id\":\"https:\/\/gbb.md\/#\/schema\/logo\/image\/\",\"url\":\"https:\/\/gbb.md\/wp-content\/uploads\/2024\/01\/android-chrome-512x512-1.png\",\"contentUrl\":\"https:\/\/gbb.md\/wp-content\/uploads\/2024\/01\/android-chrome-512x512-1.png\",\"width\":512,\"height\":512,\"caption\":\"GBB\"},\"image\":{\"@id\":\"https:\/\/gbb.md\/#\/schema\/logo\/image\/\"},\"sameAs\":[\"https:\/\/www.facebook.com\/profile.php?id=61555243232370\"]}]}<\/script>\n<!-- \/ Yoast SEO plugin. -->","yoast_head_json":{"title":"Mossburn Signature Cask 1, Islaland Blended Malt Whisky | Global Bar Beverages","robots":{"index":"index","follow":"follow","max-snippet":"max-snippet:-1","max-image-preview":"max-image-preview:large","max-video-preview":"max-video-preview:-1"},"canonical":"https:\/\/gbb.md\/ru\/product\/mossburn-signature-cask-1-islaland-blended-malt-whisky\/","og_locale":"ru_RU","og_type":"article","og_title":"Mossburn Signature Cask 1, Islaland Blended Malt Whisky | Global Bar Beverages","og_description":"Art 177006 Brand - Mossburn Gama - Signature Casks (Cask No. 1) Tip - Island Blended Malt (Doar Single Malt-uri, f\u0103r\u0103 cereale) Origine - Insulele Sco\u021biei (Islands) Concentra\u021bie alcoolic\u0103 - 46% vol. Puritate - Nefiltrat la rece, f\u0103r\u0103 colorant ad\u0103ugat (Natural Color) Tip Butoi - Maturare hibrid\u0103 \u00een stejar american \u0219i european","og_url":"https:\/\/gbb.md\/ru\/product\/mossburn-signature-cask-1-islaland-blended-malt-whisky\/","og_site_name":"Global Bar Beverages","article_publisher":"https:\/\/www.facebook.com\/profile.php?id=61555243232370","article_modified_time":"2026-04-09T08:33:32+00:00","og_image":[{"width":960,"height":960,"url":"https:\/\/gbb.md\/wp-content\/uploads\/2024\/09\/MB-Island-Blend-Bottle-and-Tube.jpg","type":"image\/jpeg"}],"twitter_card":"summary_large_image","twitter_misc":{"\u041f\u0440\u0438\u043c\u0435\u0440\u043d\u043e\u0435 \u0432\u0440\u0435\u043c\u044f \u0434\u043b\u044f \u0447\u0442\u0435\u043d\u0438\u044f":"2 \u043c\u0438\u043d\u0443\u0442\u044b"},"schema":{"@context":"https:\/\/schema.org","@graph":[{"@type":"WebPage","@id":"https:\/\/gbb.md\/product\/mossburn-signature-cask-1-islaland-blended-malt-whisky\/","url":"https:\/\/gbb.md\/product\/mossburn-signature-cask-1-islaland-blended-malt-whisky\/","name":"Mossburn Signature Cask 1, Islaland Blended Malt Whisky | Global Bar Beverages","isPartOf":{"@id":"https:\/\/gbb.md\/#website"},"datePublished":"2024-09-12T10:11:13+00:00","dateModified":"2026-04-09T08:33:32+00:00","breadcrumb":{"@id":"https:\/\/gbb.md\/product\/mossburn-signature-cask-1-islaland-blended-malt-whisky\/#breadcrumb"},"inLanguage":"ru-RU","potentialAction":[{"@type":"ReadAction","target":["https:\/\/gbb.md\/product\/mossburn-signature-cask-1-islaland-blended-malt-whisky\/"]}]},{"@type":"BreadcrumbList","@id":"https:\/\/gbb.md\/product\/mossburn-signature-cask-1-islaland-blended-malt-whisky\/#breadcrumb","itemListElement":[{"@type":"ListItem","position":1,"name":"\u0413\u043b\u0430\u0432\u043d\u0430\u044f \u0441\u0442\u0440\u0430\u043d\u0438\u0446\u0430","item":"https:\/\/gbb.md\/"},{"@type":"ListItem","position":2,"name":"Produse","item":"https:\/\/gbb.md\/shop\/"},{"@type":"ListItem","position":3,"name":"Mossburn Signature Cask 1, Islaland Blended Malt Whisky"}]},{"@type":"WebSite","@id":"https:\/\/gbb.md\/#website","url":"https:\/\/gbb.md\/","name":"GBB","description":"\u042d\u0442\u043e \u043c\u043e\u043b\u043e\u0434\u0430\u044f \u0431\u044b\u0441\u0442\u0440\u043e\u0440\u0430\u0441\u0442\u0443\u0449\u0430\u044f \u043a\u043e\u043c\u043f\u0430\u043d\u0438\u044f, \u0441\u0442\u0430\u0432\u0448\u0430\u044f \u043a\u0440\u0443\u043f\u043d\u0435\u0439\u0448\u0438\u043c \u0432 \u041c\u043e\u043b\u0434\u043e\u0432\u0435 \u043f\u043e\u0441\u0442\u0430\u0432\u0449\u0438\u043a\u043e\u043c \u0441\u0438\u0440\u043e\u043f\u043e\u0432 \u0438 \u043f\u044e\u0440\u0435 \u0434\u043b\u044f \u043d\u0430\u043f\u0438\u0442\u043a\u043e\u0432, \u0447\u0430\u044f, \u043a\u043e\u0444\u0435, \u0441\u043e\u0443\u0441\u043e\u0432, \u0442\u043e\u043d\u0438\u043a\u043e\u0432 \u0438 bubble tea \u043e\u0442 \u0438\u043c\u0435\u043d\u0438\u0442\u044b\u0445 \u043f\u0440\u043e\u0438\u0437\u0432\u043e\u0434\u0438\u0442\u0435\u043b\u0435\u0439.","publisher":{"@id":"https:\/\/gbb.md\/#organization"},"alternateName":"Global Bar Beverages","potentialAction":[{"@type":"SearchAction","target":{"@type":"EntryPoint","urlTemplate":"https:\/\/gbb.md\/?s={search_term_string}"},"query-input":"required name=search_term_string"}],"inLanguage":"ru-RU"},{"@type":"Organization","@id":"https:\/\/gbb.md\/#organization","name":"GBB","alternateName":"Global Bar Beverages","url":"https:\/\/gbb.md\/","logo":{"@type":"ImageObject","inLanguage":"ru-RU","@id":"https:\/\/gbb.md\/#\/schema\/logo\/image\/","url":"https:\/\/gbb.md\/wp-content\/uploads\/2024\/01\/android-chrome-512x512-1.png","contentUrl":"https:\/\/gbb.md\/wp-content\/uploads\/2024\/01\/android-chrome-512x512-1.png","width":512,"height":512,"caption":"GBB"},"image":{"@id":"https:\/\/gbb.md\/#\/schema\/logo\/image\/"},"sameAs":["https:\/\/www.facebook.com\/profile.php?id=61555243232370"]}]}},"_links":{"self":[{"href":"https:\/\/gbb.md\/ru\/wp-json\/wp\/v2\/product\/9426"}],"collection":[{"href":"https:\/\/gbb.md\/ru\/wp-json\/wp\/v2\/product"}],"about":[{"href":"https:\/\/gbb.md\/ru\/wp-json\/wp\/v2\/types\/product"}],"replies":[{"embeddable":true,"href":"https:\/\/gbb.md\/ru\/wp-json\/wp\/v2\/comments?post=9426"}],"wp:featuredmedia":[{"embeddable":true,"href":"https:\/\/gbb.md\/ru\/wp-json\/wp\/v2\/media\/9427"}],"wp:attachment":[{"href":"https:\/\/gbb.md\/ru\/wp-json\/wp\/v2\/media?parent=9426"}],"wp:term":[{"taxonomy":"product_cat","embeddable":true,"href":"https:\/\/gbb.md\/ru\/wp-json\/wp\/v2\/product_cat?post=9426"},{"taxonomy":"product_tag","embeddable":true,"href":"https:\/\/gbb.md\/ru\/wp-json\/wp\/v2\/product_tag?post=9426"}],"curies":[{"name":"wp","href":"https:\/\/api.w.org\/{rel}","templated":true}]}}