{"id":9433,"date":"2024-09-12T15:28:57","date_gmt":"2024-09-12T12:28:57","guid":{"rendered":"https:\/\/gbb.md\/?post_type=product&#038;p=9433"},"modified":"2026-04-09T11:27:04","modified_gmt":"2026-04-09T08:27:04","slug":"torabhaig-whisky-cnoc-na-moine-skay-islay","status":"publish","type":"product","link":"https:\/\/gbb.md\/ru\/product\/torabhaig-whisky-cnoc-na-moine-skay-islay\/","title":{"rendered":"Torabhaig Whisky Cnoc na Moine, Skay Islay"},"content":{"rendered":"<div id=\"fws_6a0496c9909e1\"  data-midnight=\"dark\" data-top-percent=\"-30%\"  data-bg-mobile-hidden=\"\" class=\"wpb_row vc_row-fluid vc_row top-level  vc_row-o-equal-height vc_row-flex  vc_row-o-content-middle standard_section\"  style=\"padding-top: calc(100vw * 0.0-30); padding-bottom: 0px;  z-index: 100;\"><div class=\"row-bg-wrap\"><div class=\"inner-wrap\"><div class=\"row-bg\"  style=\"\"><\/div><\/div><div class=\"row-bg-overlay\" ><\/div><\/div><div class=\"col span_12 dark left\">\n\t<div style=\"margin-top: -190px; \" class=\"vc_col-sm-12 wpb_column column_container vc_column_container col neg-marg no-extra-padding\"  data-t-w-inherits=\"default\" data-border-radius=\"none\" data-shadow=\"none\" data-border-animation=\"\" data-border-animation-delay=\"\" data-border-width=\"none\" data-border-style=\"solid\" data-border-color=\"\" data-bg-cover=\"\" data-padding-pos=\"all\" data-has-bg-color=\"false\" data-bg-color=\"\" data-bg-opacity=\"1\" data-hover-bg=\"\" data-hover-bg-opacity=\"1\" data-animation=\"\" data-delay=\"0\"><div class=\"column-bg-overlay\"><\/div>\n\t\t<div class=\"vc_column-inner\">\n\t\t\t<div class=\"wpb_wrapper\">\n\t\t\t\t<div class=\"divider-wrap\" data-alignment=\"default\"><div style=\"height: 70px;\" class=\"divider\"><\/div><\/div><div id=\"ultimate-heading-74266a0496c990e99\" class=\"uvc-heading ult-adjust-bottom-margin ultimate-heading-74266a0496c990e99 uvc-6602\" data-hspacer=\"no_spacer\"  data-halign=\"left\" style=\"text-align:left\"><div class=\"uvc-heading-spacer no_spacer\" style=\"top\"><\/div><div class=\"uvc-main-heading ult-responsive\"  data-ultimate-target='.uvc-heading.ultimate-heading-74266a0496c990e99 h2'  data-responsive-json-new='{\"font-size\":\"desktop:28px;\",\"line-height\":\"\"}' ><h2 style=\"font-weight:bold;color:#333333;\">Torabhaig Whisky Cnoc na Moine, Skay Islay<\/h2><\/div><div class=\"uvc-sub-heading ult-responsive\"  data-ultimate-target='.uvc-heading.ultimate-heading-74266a0496c990e99 .uvc-sub-heading '  data-responsive-json-new='{\"font-size\":\"desktop:18px;\",\"line-height\":\"\"}'  style=\"font-weight:normal;\">\n<p data-path-to-node=\"0\"><b data-path-to-node=\"0\" data-index-in-node=\"0\">Torabhaig Cnoc na Moine<\/b> este o lansare captivant\u0103 \u0219i a treia edi\u021bie din celebra serie \u201eThe Legacy Series\u201d, provenind de la a doua distilerie cu licen\u021b\u0103 \u00eenfiin\u021bat\u0103 vreodat\u0103 pe <b data-path-to-node=\"0\" data-index-in-node=\"175\">Insula Skye<\/b>.<\/p>\n<p data-path-to-node=\"1\">\u00cenainte de a trece la detalii, o mic\u0103 precizare geografic\u0103 \u201ede prieten\u201d: de\u0219i are acel profil afumat \u0219i intens care te trimite cu g\u00e2ndul la Islay, Torabhaig este m\u00e2ndria <b data-path-to-node=\"1\" data-index-in-node=\"170\">Insulei Skye<\/b> (nu Islay). Este un whisky care \u00eembin\u0103 for\u021ba vulcanului cu fine\u021bea oceanului.<\/p>\n<p data-path-to-node=\"1\"><b data-path-to-node=\"4\" data-index-in-node=\"0\">Cnoc na Moine<\/b> (care \u00een gaelic\u0103 \u00eenseamn\u0103 \u201eDealul de Turb\u0103\u201d) marcheaz\u0103 o etap\u0103 important\u0103 pentru distilerie. Este prima edi\u021bie din serie care introduce maturarea \u00een butoaie de <b data-path-to-node=\"4\" data-index-in-node=\"174\">Sherry<\/b> (Oloroso \u0219i Pedro Xim\u00e9nez), pe l\u00e2ng\u0103 butoaiele clasice de Bourbon. Rezultatul este un echilibru magistral \u00eentre fumul de turb\u0103 robust, specific Torabhaig, \u0219i dulcea\u021ba bogat\u0103, fructat\u0103, oferit\u0103 de vinurile de Jerez.<\/p>\n<h3 data-path-to-node=\"9\">Note Senzoriale (Gust \u0219i Arom\u0103)<\/h3>\n<ul data-path-to-node=\"10\">\n<li>\n<p data-path-to-node=\"10,0,0\"><b data-path-to-node=\"10,0,0\" data-index-in-node=\"0\">Aroma:<\/b> Se deschide cu un fum de turb\u0103 \u201ecurat\u201d, amestecat cu arome de coaj\u0103 de portocal\u0103 \u0219i fructe de p\u0103dure uscate. Se simte briza marin\u0103 specific\u0103 insulei Skye, completat\u0103 de note de vanilie \u0219i condimente de pr\u0103jituri.<\/p>\n<\/li>\n<li>\n<p data-path-to-node=\"10,1,0\"><b data-path-to-node=\"10,1,0\" data-index-in-node=\"0\">Gustul:<\/b> Textura este plin\u0103 \u0219i uleioas\u0103. Notele afumate sunt mai complexe aici, amestec\u00e2ndu-se cu dulcea\u021ba de caramel, stafide \u0219i nuci (influen\u021ba Sherry-ului). Apar \u0219i accente de piper negru \u0219i lemn de stejar pr\u0103jit.<\/p>\n<\/li>\n<li>\n<p data-path-to-node=\"10,2,0\"><b data-path-to-node=\"10,2,0\" data-index-in-node=\"0\">Postgust:<\/b> Lung \u0219i memorabil. Fumul persist\u0103, dar devine mai dulceag \u0219i mai fin, l\u0103s\u00e2nd un ecou de ciocolat\u0103 neagr\u0103 \u0219i cenu\u0219\u0103 rece.<\/p>\n<\/li>\n<\/ul>\n<hr data-path-to-node=\"11\" \/>\n<\/div><\/div><div class=\"divider-wrap\" data-alignment=\"default\"><div style=\"height: 25px;\" class=\"divider\"><\/div><\/div>\n\t\t\t<\/div> \n\t\t<\/div>\n\t<\/div> \n<\/div><\/div>\n\t\t<div id=\"fws_6a0496c991400\"  data-midnight=\"dark\"  data-bg-mobile-hidden=\"\" class=\"wpb_row vc_row-fluid vc_row standard_section\"  style=\"padding-top: 0px; padding-bottom: 0px; \"><div class=\"row-bg-wrap\"><div class=\"inner-wrap\"><div class=\"row-bg\"  style=\"\"><\/div><\/div><div class=\"row-bg-overlay\" ><\/div><\/div><div class=\"col span_12 dark left\">\n\t<div  class=\"vc_col-sm-12 wpb_column column_container vc_column_container col no-extra-padding\"  data-t-w-inherits=\"default\" data-border-radius=\"none\" data-shadow=\"none\" data-border-animation=\"\" data-border-animation-delay=\"\" data-border-width=\"none\" data-border-style=\"solid\" data-border-color=\"\" data-bg-cover=\"\" data-padding-pos=\"all\" data-has-bg-color=\"false\" data-bg-color=\"\" data-bg-opacity=\"1\" data-hover-bg=\"\" data-hover-bg-opacity=\"1\" data-animation=\"\" data-delay=\"0\"><div class=\"column-bg-overlay\"><\/div>\n\t\t<div class=\"vc_column-inner\">\n\t\t\t<div class=\"wpb_wrapper\">\n\t\t\t\t<div class=\"divider-wrap\" data-alignment=\"default\"><div style=\"height: 100px;\" class=\"divider\"><\/div><\/div>\n\t\t\t<\/div> \n\t\t<\/div>\n\t<\/div> \n<\/div><\/div>","protected":false},"excerpt":{"rendered":"<p>Distilerie &#8211; Torabhaig<br \/>\nOrigine\t&#8211; Insula Skye, Sco\u021bia<br \/>\nSerie &#8211; The Legacy Series (Edi\u021bia a 3-a)<br \/>\nTip &#8211; Single Malt Scotch Whisky<br \/>\nMaturare &#8211; Butoaie ex-Bourbon, American Oak, Oloroso \u0219i PX Sherry<br \/>\nConcentra\u021bie alcoolic\u0103 &#8211; 46.2% vol.<br \/>\nFiltrare \/ Culoare &#8211; Nefiltrat la rece, culoare natural\u0103<br \/>\nNivel Turb\u0103  &#8211; Puternic afumat (Heavy Peat)<\/p>","protected":false},"featured_media":9434,"comment_status":"open","ping_status":"closed","template":"","meta":[],"product_cat":[405,404,408,391],"product_tag":[],"yoast_head":"<!-- This site is optimized with the Yoast SEO plugin v20.10 - https:\/\/yoast.com\/wordpress\/plugins\/seo\/ -->\n<title>Torabhaig Whisky Cnoc na Moine, Skay Islay | Global Bar Beverages<\/title>\n<meta name=\"robots\" content=\"index, follow, max-snippet:-1, max-image-preview:large, max-video-preview:-1\" \/>\n<link rel=\"canonical\" href=\"https:\/\/gbb.md\/ru\/product\/torabhaig-whisky-cnoc-na-moine-skay-islay\/\" \/>\n<meta property=\"og:locale\" content=\"ru_RU\" \/>\n<meta property=\"og:type\" content=\"article\" \/>\n<meta property=\"og:title\" content=\"Torabhaig Whisky Cnoc na Moine, Skay Islay | Global Bar Beverages\" \/>\n<meta property=\"og:description\" content=\"Distilerie - Torabhaig Origine - Insula Skye, Sco\u021bia Serie - The Legacy Series (Edi\u021bia a 3-a) Tip - Single Malt Scotch Whisky Maturare - Butoaie ex-Bourbon, American Oak, Oloroso \u0219i PX Sherry Concentra\u021bie alcoolic\u0103 - 46.2% vol. Filtrare \/ Culoare - Nefiltrat la rece, culoare natural\u0103 Nivel Turb\u0103 - Puternic afumat (Heavy Peat)\" \/>\n<meta property=\"og:url\" content=\"https:\/\/gbb.md\/ru\/product\/torabhaig-whisky-cnoc-na-moine-skay-islay\/\" \/>\n<meta property=\"og:site_name\" content=\"Global Bar Beverages\" \/>\n<meta property=\"article:publisher\" content=\"https:\/\/www.facebook.com\/profile.php?id=61555243232370\" \/>\n<meta property=\"article:modified_time\" content=\"2026-04-09T08:27:04+00:00\" \/>\n<meta property=\"og:image\" content=\"https:\/\/gbb.md\/wp-content\/uploads\/2024\/09\/3653-11.jpg\" \/>\n\t<meta property=\"og:image:width\" content=\"1000\" \/>\n\t<meta property=\"og:image:height\" content=\"1000\" \/>\n\t<meta property=\"og:image:type\" content=\"image\/jpeg\" \/>\n<meta name=\"twitter:card\" content=\"summary_large_image\" \/>\n<meta name=\"twitter:label1\" content=\"\u041f\u0440\u0438\u043c\u0435\u0440\u043d\u043e\u0435 \u0432\u0440\u0435\u043c\u044f \u0434\u043b\u044f \u0447\u0442\u0435\u043d\u0438\u044f\" \/>\n\t<meta name=\"twitter:data1\" content=\"2 \u043c\u0438\u043d\u0443\u0442\u044b\" \/>\n<script type=\"application\/ld+json\" class=\"yoast-schema-graph\">{\"@context\":\"https:\/\/schema.org\",\"@graph\":[{\"@type\":\"WebPage\",\"@id\":\"https:\/\/gbb.md\/product\/torabhaig-whisky-cnoc-na-moine-skay-islay\/\",\"url\":\"https:\/\/gbb.md\/product\/torabhaig-whisky-cnoc-na-moine-skay-islay\/\",\"name\":\"Torabhaig Whisky Cnoc na Moine, Skay Islay | Global Bar Beverages\",\"isPartOf\":{\"@id\":\"https:\/\/gbb.md\/#website\"},\"datePublished\":\"2024-09-12T12:28:57+00:00\",\"dateModified\":\"2026-04-09T08:27:04+00:00\",\"breadcrumb\":{\"@id\":\"https:\/\/gbb.md\/product\/torabhaig-whisky-cnoc-na-moine-skay-islay\/#breadcrumb\"},\"inLanguage\":\"ru-RU\",\"potentialAction\":[{\"@type\":\"ReadAction\",\"target\":[\"https:\/\/gbb.md\/product\/torabhaig-whisky-cnoc-na-moine-skay-islay\/\"]}]},{\"@type\":\"BreadcrumbList\",\"@id\":\"https:\/\/gbb.md\/product\/torabhaig-whisky-cnoc-na-moine-skay-islay\/#breadcrumb\",\"itemListElement\":[{\"@type\":\"ListItem\",\"position\":1,\"name\":\"\u0413\u043b\u0430\u0432\u043d\u0430\u044f \u0441\u0442\u0440\u0430\u043d\u0438\u0446\u0430\",\"item\":\"https:\/\/gbb.md\/\"},{\"@type\":\"ListItem\",\"position\":2,\"name\":\"Produse\",\"item\":\"https:\/\/gbb.md\/shop\/\"},{\"@type\":\"ListItem\",\"position\":3,\"name\":\"Torabhaig Whisky Cnoc na Moine, Skay Islay\"}]},{\"@type\":\"WebSite\",\"@id\":\"https:\/\/gbb.md\/#website\",\"url\":\"https:\/\/gbb.md\/\",\"name\":\"GBB\",\"description\":\"\u042d\u0442\u043e \u043c\u043e\u043b\u043e\u0434\u0430\u044f \u0431\u044b\u0441\u0442\u0440\u043e\u0440\u0430\u0441\u0442\u0443\u0449\u0430\u044f \u043a\u043e\u043c\u043f\u0430\u043d\u0438\u044f, \u0441\u0442\u0430\u0432\u0448\u0430\u044f \u043a\u0440\u0443\u043f\u043d\u0435\u0439\u0448\u0438\u043c \u0432 \u041c\u043e\u043b\u0434\u043e\u0432\u0435 \u043f\u043e\u0441\u0442\u0430\u0432\u0449\u0438\u043a\u043e\u043c \u0441\u0438\u0440\u043e\u043f\u043e\u0432 \u0438 \u043f\u044e\u0440\u0435 \u0434\u043b\u044f \u043d\u0430\u043f\u0438\u0442\u043a\u043e\u0432, \u0447\u0430\u044f, \u043a\u043e\u0444\u0435, \u0441\u043e\u0443\u0441\u043e\u0432, \u0442\u043e\u043d\u0438\u043a\u043e\u0432 \u0438 bubble tea \u043e\u0442 \u0438\u043c\u0435\u043d\u0438\u0442\u044b\u0445 \u043f\u0440\u043e\u0438\u0437\u0432\u043e\u0434\u0438\u0442\u0435\u043b\u0435\u0439.\",\"publisher\":{\"@id\":\"https:\/\/gbb.md\/#organization\"},\"alternateName\":\"Global Bar Beverages\",\"potentialAction\":[{\"@type\":\"SearchAction\",\"target\":{\"@type\":\"EntryPoint\",\"urlTemplate\":\"https:\/\/gbb.md\/?s={search_term_string}\"},\"query-input\":\"required name=search_term_string\"}],\"inLanguage\":\"ru-RU\"},{\"@type\":\"Organization\",\"@id\":\"https:\/\/gbb.md\/#organization\",\"name\":\"GBB\",\"alternateName\":\"Global Bar Beverages\",\"url\":\"https:\/\/gbb.md\/\",\"logo\":{\"@type\":\"ImageObject\",\"inLanguage\":\"ru-RU\",\"@id\":\"https:\/\/gbb.md\/#\/schema\/logo\/image\/\",\"url\":\"https:\/\/gbb.md\/wp-content\/uploads\/2024\/01\/android-chrome-512x512-1.png\",\"contentUrl\":\"https:\/\/gbb.md\/wp-content\/uploads\/2024\/01\/android-chrome-512x512-1.png\",\"width\":512,\"height\":512,\"caption\":\"GBB\"},\"image\":{\"@id\":\"https:\/\/gbb.md\/#\/schema\/logo\/image\/\"},\"sameAs\":[\"https:\/\/www.facebook.com\/profile.php?id=61555243232370\"]}]}<\/script>\n<!-- \/ Yoast SEO plugin. -->","yoast_head_json":{"title":"Torabhaig Whisky Cnoc na Moine, Skay Islay | Global Bar Beverages","robots":{"index":"index","follow":"follow","max-snippet":"max-snippet:-1","max-image-preview":"max-image-preview:large","max-video-preview":"max-video-preview:-1"},"canonical":"https:\/\/gbb.md\/ru\/product\/torabhaig-whisky-cnoc-na-moine-skay-islay\/","og_locale":"ru_RU","og_type":"article","og_title":"Torabhaig Whisky Cnoc na Moine, Skay Islay | Global Bar Beverages","og_description":"Distilerie - Torabhaig Origine - Insula Skye, Sco\u021bia Serie - The Legacy Series (Edi\u021bia a 3-a) Tip - Single Malt Scotch Whisky Maturare - Butoaie ex-Bourbon, American Oak, Oloroso \u0219i PX Sherry Concentra\u021bie alcoolic\u0103 - 46.2% vol. Filtrare \/ Culoare - Nefiltrat la rece, culoare natural\u0103 Nivel Turb\u0103 - Puternic afumat (Heavy Peat)","og_url":"https:\/\/gbb.md\/ru\/product\/torabhaig-whisky-cnoc-na-moine-skay-islay\/","og_site_name":"Global Bar Beverages","article_publisher":"https:\/\/www.facebook.com\/profile.php?id=61555243232370","article_modified_time":"2026-04-09T08:27:04+00:00","og_image":[{"width":1000,"height":1000,"url":"https:\/\/gbb.md\/wp-content\/uploads\/2024\/09\/3653-11.jpg","type":"image\/jpeg"}],"twitter_card":"summary_large_image","twitter_misc":{"\u041f\u0440\u0438\u043c\u0435\u0440\u043d\u043e\u0435 \u0432\u0440\u0435\u043c\u044f \u0434\u043b\u044f \u0447\u0442\u0435\u043d\u0438\u044f":"2 \u043c\u0438\u043d\u0443\u0442\u044b"},"schema":{"@context":"https:\/\/schema.org","@graph":[{"@type":"WebPage","@id":"https:\/\/gbb.md\/product\/torabhaig-whisky-cnoc-na-moine-skay-islay\/","url":"https:\/\/gbb.md\/product\/torabhaig-whisky-cnoc-na-moine-skay-islay\/","name":"Torabhaig Whisky Cnoc na Moine, Skay Islay | Global Bar Beverages","isPartOf":{"@id":"https:\/\/gbb.md\/#website"},"datePublished":"2024-09-12T12:28:57+00:00","dateModified":"2026-04-09T08:27:04+00:00","breadcrumb":{"@id":"https:\/\/gbb.md\/product\/torabhaig-whisky-cnoc-na-moine-skay-islay\/#breadcrumb"},"inLanguage":"ru-RU","potentialAction":[{"@type":"ReadAction","target":["https:\/\/gbb.md\/product\/torabhaig-whisky-cnoc-na-moine-skay-islay\/"]}]},{"@type":"BreadcrumbList","@id":"https:\/\/gbb.md\/product\/torabhaig-whisky-cnoc-na-moine-skay-islay\/#breadcrumb","itemListElement":[{"@type":"ListItem","position":1,"name":"\u0413\u043b\u0430\u0432\u043d\u0430\u044f \u0441\u0442\u0440\u0430\u043d\u0438\u0446\u0430","item":"https:\/\/gbb.md\/"},{"@type":"ListItem","position":2,"name":"Produse","item":"https:\/\/gbb.md\/shop\/"},{"@type":"ListItem","position":3,"name":"Torabhaig Whisky Cnoc na Moine, Skay Islay"}]},{"@type":"WebSite","@id":"https:\/\/gbb.md\/#website","url":"https:\/\/gbb.md\/","name":"GBB","description":"\u042d\u0442\u043e \u043c\u043e\u043b\u043e\u0434\u0430\u044f \u0431\u044b\u0441\u0442\u0440\u043e\u0440\u0430\u0441\u0442\u0443\u0449\u0430\u044f \u043a\u043e\u043c\u043f\u0430\u043d\u0438\u044f, \u0441\u0442\u0430\u0432\u0448\u0430\u044f \u043a\u0440\u0443\u043f\u043d\u0435\u0439\u0448\u0438\u043c \u0432 \u041c\u043e\u043b\u0434\u043e\u0432\u0435 \u043f\u043e\u0441\u0442\u0430\u0432\u0449\u0438\u043a\u043e\u043c \u0441\u0438\u0440\u043e\u043f\u043e\u0432 \u0438 \u043f\u044e\u0440\u0435 \u0434\u043b\u044f \u043d\u0430\u043f\u0438\u0442\u043a\u043e\u0432, \u0447\u0430\u044f, \u043a\u043e\u0444\u0435, \u0441\u043e\u0443\u0441\u043e\u0432, \u0442\u043e\u043d\u0438\u043a\u043e\u0432 \u0438 bubble tea \u043e\u0442 \u0438\u043c\u0435\u043d\u0438\u0442\u044b\u0445 \u043f\u0440\u043e\u0438\u0437\u0432\u043e\u0434\u0438\u0442\u0435\u043b\u0435\u0439.","publisher":{"@id":"https:\/\/gbb.md\/#organization"},"alternateName":"Global Bar Beverages","potentialAction":[{"@type":"SearchAction","target":{"@type":"EntryPoint","urlTemplate":"https:\/\/gbb.md\/?s={search_term_string}"},"query-input":"required name=search_term_string"}],"inLanguage":"ru-RU"},{"@type":"Organization","@id":"https:\/\/gbb.md\/#organization","name":"GBB","alternateName":"Global Bar Beverages","url":"https:\/\/gbb.md\/","logo":{"@type":"ImageObject","inLanguage":"ru-RU","@id":"https:\/\/gbb.md\/#\/schema\/logo\/image\/","url":"https:\/\/gbb.md\/wp-content\/uploads\/2024\/01\/android-chrome-512x512-1.png","contentUrl":"https:\/\/gbb.md\/wp-content\/uploads\/2024\/01\/android-chrome-512x512-1.png","width":512,"height":512,"caption":"GBB"},"image":{"@id":"https:\/\/gbb.md\/#\/schema\/logo\/image\/"},"sameAs":["https:\/\/www.facebook.com\/profile.php?id=61555243232370"]}]}},"_links":{"self":[{"href":"https:\/\/gbb.md\/ru\/wp-json\/wp\/v2\/product\/9433"}],"collection":[{"href":"https:\/\/gbb.md\/ru\/wp-json\/wp\/v2\/product"}],"about":[{"href":"https:\/\/gbb.md\/ru\/wp-json\/wp\/v2\/types\/product"}],"replies":[{"embeddable":true,"href":"https:\/\/gbb.md\/ru\/wp-json\/wp\/v2\/comments?post=9433"}],"wp:featuredmedia":[{"embeddable":true,"href":"https:\/\/gbb.md\/ru\/wp-json\/wp\/v2\/media\/9434"}],"wp:attachment":[{"href":"https:\/\/gbb.md\/ru\/wp-json\/wp\/v2\/media?parent=9433"}],"wp:term":[{"taxonomy":"product_cat","embeddable":true,"href":"https:\/\/gbb.md\/ru\/wp-json\/wp\/v2\/product_cat?post=9433"},{"taxonomy":"product_tag","embeddable":true,"href":"https:\/\/gbb.md\/ru\/wp-json\/wp\/v2\/product_tag?post=9433"}],"curies":[{"name":"wp","href":"https:\/\/api.w.org\/{rel}","templated":true}]}}