{"id":9447,"date":"2024-09-12T16:12:22","date_gmt":"2024-09-12T13:12:22","guid":{"rendered":"https:\/\/gbb.md\/?post_type=product&#038;p=9447"},"modified":"2025-12-02T12:34:44","modified_gmt":"2025-12-02T10:34:44","slug":"rl-seales-10-yo-original-foursquare-barbados","status":"publish","type":"product","link":"https:\/\/gbb.md\/ru\/product\/rl-seales-10-yo-original-foursquare-barbados\/","title":{"rendered":"RL Seales 10 YO, Original by Foursquare,  Barbados."},"content":{"rendered":"<div id=\"fws_6a04792b76ca8\"  data-midnight=\"dark\"  data-bg-mobile-hidden=\"\" class=\"wpb_row vc_row-fluid vc_row top-level standard_section\"  style=\"padding-top: 0px; padding-bottom: 0px; \"><div class=\"row-bg-wrap\"><div class=\"inner-wrap\"><div class=\"row-bg\"  style=\"\"><\/div><\/div><div class=\"row-bg-overlay\" ><\/div><\/div><div class=\"col span_12 dark left\">\n\t<div  class=\"vc_col-sm-12 wpb_column column_container vc_column_container col no-extra-padding\"  data-t-w-inherits=\"default\" data-border-radius=\"none\" data-shadow=\"none\" data-border-animation=\"\" data-border-animation-delay=\"\" data-border-width=\"none\" data-border-style=\"solid\" data-border-color=\"\" data-bg-cover=\"\" data-padding-pos=\"all\" data-has-bg-color=\"false\" data-bg-color=\"\" data-bg-opacity=\"1\" data-hover-bg=\"\" data-hover-bg-opacity=\"1\" data-animation=\"\" data-delay=\"0\"><div class=\"column-bg-overlay\"><\/div>\n\t\t<div class=\"vc_column-inner\">\n\t\t\t<div class=\"wpb_wrapper\">\n\t\t\t\t\r\n\t<div class=\"wpb_text_column wpb_content_element\" >\r\n\t\t<div class=\"wpb_wrapper\">\r\n\t\t\t<p><strong>R.L. Seale&#8217;s<\/strong> este un rom pl\u0103cut care te va impresiona mai \u00eent\u00e2i cu culoarea sa aurie vibrant\u0103 \u0219i aroma unic\u0103 de nuci. Corpul s\u0103u este neted \u0219i bine rotunjit.<\/p>\n<p>Gustul de nuci este, de asemenea, excelent, cu u\u0219oare note de vanilie care provin din maturarea \u00een butoaie de stejar, \u0219i po\u021bi de asemenea sim\u021bi un post-gust de migdale pr\u0103jite. R.L. Seale&#8217;s este creat pentru a-\u021bi aduce cele mai bune tr\u0103s\u0103turi ale romului \u00een stilul Caraibelor de Est.<\/p>\n<p>R.L. Seale &amp; Co. a fost fondat\u0103 \u00een 1926 de Reginald Leon Seale, care a revendicat tradi\u021bia barbadian\u0103 de a produce romuri fine, maturate \u0219i amestecate. Acum este condus\u0103 de Richard Seale, str\u0103nepotul lui Reginald \u0219i a patra genera\u021bie a afacerii de familie cu romuri.<\/p>\n<p>Richard este cel mai bine cunoscut pentru activitatea sa ca Maestru Distilator \u0219i Maestru Blender la Distileria Foursquare, pe care familia Seale a redeschis-o \u00een 1996. Romurile Foursquare au c\u00e2\u0219tigat numeroase premii \u00een ultimii ani, construind o urm\u0103rire constant\u0103 de fani care a\u0219teapt\u0103 cu ner\u0103bdare fiecare lansare.<\/p>\n<p>Distileria se afl\u0103 \u00een partea de sud a insulei, unde brizele calde din Caraibe se \u00eenv\u00e2rt u\u0219or \u00een jurul butoaielor de stejar folosite pentru maturarea romului. Acest lucru explic\u0103 forma asimetric\u0103 distinctiv\u0103 a sticlei de 10 ani. De asemenea, sunt demne de remarcat dopul de plut\u0103, rar utilizat \u00een romuri, \u0219i sigiliul de aur &#8216;pirat&#8217; de pe etichet\u0103. Sticla neagr\u0103 completeaz\u0103 impresia vizual\u0103 distinctiv\u0103. Aceasta este o sticl\u0103 care va ie\u0219i cu siguran\u021b\u0103 \u00een eviden\u021b\u0103 chiar \u0219i \u00een cea mai rafinat\u0103 colec\u021bie.<\/p>\n<p>Sticlele sunt umplute cu 46 % alcool \u0219i au un volum de 0,7 l.<\/p>\n<p><strong>Profil de arom\u0103<\/strong><\/p>\n<p><strong>Culoare:<\/strong><br \/>\naurie cu reflexii cupru<\/p>\n<p><strong>Arom\u0103:<\/strong><br \/>\nfructe suculente, nuci, condimente \u0219i flori persistente, caramel<\/p>\n<p><strong>Gust:<\/strong><br \/>\nnuci, vanilie, stejar, migdale pr\u0103jite, unt, fructe uscate<\/p>\n<p><strong>Final:<\/strong><br \/>\npersist\u0103 cu nuan\u021be de migdale pr\u0103jite, scor\u021bi\u0219oar\u0103 \u0219i caramel<\/p>\n\r\n\t\t<\/div>\r\n\t<\/div>\r\n\n\t\t\t<\/div> \n\t\t<\/div>\n\t<\/div> \n<\/div><\/div>","protected":false},"excerpt":{"rendered":"<p>Art 250306<\/p>\n<p><strong>Profil de arom\u0103: <\/strong>Vanilie, nuci, fructe uscate, piper, stejar, migdale pr\u0103jite<\/p>\n<p><strong>\u021aar\u0103: <\/strong>Barbados<\/p>\n<p><strong>V\u00e2rst\u0103: <\/strong>10 ani<\/p>\n<p><strong>Ambalare: <\/strong>F\u0103r\u0103 cutie de cadou<\/p>\n<p><strong>Volum: <\/strong>0,7 l<\/p>\n<p><strong>Alcool: <\/strong>46 %<\/p>","protected":false},"featured_media":9448,"comment_status":"open","ping_status":"closed","template":"","meta":[],"product_cat":[405,404,394,409],"product_tag":[],"yoast_head":"<!-- This site is optimized with the Yoast SEO plugin v20.10 - https:\/\/yoast.com\/wordpress\/plugins\/seo\/ -->\n<title>RL Seales 10 YO, Original by Foursquare, Barbados. | Global Bar Beverages<\/title>\n<meta name=\"robots\" content=\"index, follow, max-snippet:-1, max-image-preview:large, max-video-preview:-1\" \/>\n<link rel=\"canonical\" href=\"https:\/\/gbb.md\/ru\/product\/rl-seales-10-yo-original-foursquare-barbados\/\" \/>\n<meta property=\"og:locale\" content=\"ru_RU\" \/>\n<meta property=\"og:type\" content=\"article\" \/>\n<meta property=\"og:title\" content=\"RL Seales 10 YO, Original by Foursquare, Barbados. | Global Bar Beverages\" \/>\n<meta property=\"og:description\" content=\"Art 250306  Profil de arom\u0103: Vanilie, nuci, fructe uscate, piper, stejar, migdale pr\u0103jite  \u021aar\u0103: Barbados  V\u00e2rst\u0103: 10 ani  Ambalare: F\u0103r\u0103 cutie de cadou  Volum: 0,7 l  Alcool: 46 %\" \/>\n<meta property=\"og:url\" content=\"https:\/\/gbb.md\/ru\/product\/rl-seales-10-yo-original-foursquare-barbados\/\" \/>\n<meta property=\"og:site_name\" content=\"Global Bar Beverages\" \/>\n<meta property=\"article:publisher\" content=\"https:\/\/www.facebook.com\/profile.php?id=61555243232370\" \/>\n<meta property=\"article:modified_time\" content=\"2025-12-02T10:34:44+00:00\" \/>\n<meta property=\"og:image\" content=\"https:\/\/gbb.md\/wp-content\/uploads\/2024\/09\/3653-18.jpg\" \/>\n\t<meta property=\"og:image:width\" content=\"1000\" \/>\n\t<meta property=\"og:image:height\" content=\"1000\" \/>\n\t<meta property=\"og:image:type\" content=\"image\/jpeg\" \/>\n<meta name=\"twitter:card\" content=\"summary_large_image\" \/>\n<meta name=\"twitter:label1\" content=\"\u041f\u0440\u0438\u043c\u0435\u0440\u043d\u043e\u0435 \u0432\u0440\u0435\u043c\u044f \u0434\u043b\u044f \u0447\u0442\u0435\u043d\u0438\u044f\" \/>\n\t<meta name=\"twitter:data1\" content=\"2 \u043c\u0438\u043d\u0443\u0442\u044b\" \/>\n<script type=\"application\/ld+json\" class=\"yoast-schema-graph\">{\"@context\":\"https:\/\/schema.org\",\"@graph\":[{\"@type\":\"WebPage\",\"@id\":\"https:\/\/gbb.md\/product\/rl-seales-10-yo-original-foursquare-barbados\/\",\"url\":\"https:\/\/gbb.md\/product\/rl-seales-10-yo-original-foursquare-barbados\/\",\"name\":\"RL Seales 10 YO, Original by Foursquare, Barbados. | Global Bar Beverages\",\"isPartOf\":{\"@id\":\"https:\/\/gbb.md\/#website\"},\"datePublished\":\"2024-09-12T13:12:22+00:00\",\"dateModified\":\"2025-12-02T10:34:44+00:00\",\"breadcrumb\":{\"@id\":\"https:\/\/gbb.md\/product\/rl-seales-10-yo-original-foursquare-barbados\/#breadcrumb\"},\"inLanguage\":\"ru-RU\",\"potentialAction\":[{\"@type\":\"ReadAction\",\"target\":[\"https:\/\/gbb.md\/product\/rl-seales-10-yo-original-foursquare-barbados\/\"]}]},{\"@type\":\"BreadcrumbList\",\"@id\":\"https:\/\/gbb.md\/product\/rl-seales-10-yo-original-foursquare-barbados\/#breadcrumb\",\"itemListElement\":[{\"@type\":\"ListItem\",\"position\":1,\"name\":\"\u0413\u043b\u0430\u0432\u043d\u0430\u044f \u0441\u0442\u0440\u0430\u043d\u0438\u0446\u0430\",\"item\":\"https:\/\/gbb.md\/\"},{\"@type\":\"ListItem\",\"position\":2,\"name\":\"Produse\",\"item\":\"https:\/\/gbb.md\/shop\/\"},{\"@type\":\"ListItem\",\"position\":3,\"name\":\"RL Seales 10 YO, Original by Foursquare, Barbados.\"}]},{\"@type\":\"WebSite\",\"@id\":\"https:\/\/gbb.md\/#website\",\"url\":\"https:\/\/gbb.md\/\",\"name\":\"GBB\",\"description\":\"\u042d\u0442\u043e \u043c\u043e\u043b\u043e\u0434\u0430\u044f \u0431\u044b\u0441\u0442\u0440\u043e\u0440\u0430\u0441\u0442\u0443\u0449\u0430\u044f \u043a\u043e\u043c\u043f\u0430\u043d\u0438\u044f, \u0441\u0442\u0430\u0432\u0448\u0430\u044f \u043a\u0440\u0443\u043f\u043d\u0435\u0439\u0448\u0438\u043c \u0432 \u041c\u043e\u043b\u0434\u043e\u0432\u0435 \u043f\u043e\u0441\u0442\u0430\u0432\u0449\u0438\u043a\u043e\u043c \u0441\u0438\u0440\u043e\u043f\u043e\u0432 \u0438 \u043f\u044e\u0440\u0435 \u0434\u043b\u044f \u043d\u0430\u043f\u0438\u0442\u043a\u043e\u0432, \u0447\u0430\u044f, \u043a\u043e\u0444\u0435, \u0441\u043e\u0443\u0441\u043e\u0432, \u0442\u043e\u043d\u0438\u043a\u043e\u0432 \u0438 bubble tea \u043e\u0442 \u0438\u043c\u0435\u043d\u0438\u0442\u044b\u0445 \u043f\u0440\u043e\u0438\u0437\u0432\u043e\u0434\u0438\u0442\u0435\u043b\u0435\u0439.\",\"publisher\":{\"@id\":\"https:\/\/gbb.md\/#organization\"},\"alternateName\":\"Global Bar Beverages\",\"potentialAction\":[{\"@type\":\"SearchAction\",\"target\":{\"@type\":\"EntryPoint\",\"urlTemplate\":\"https:\/\/gbb.md\/?s={search_term_string}\"},\"query-input\":\"required name=search_term_string\"}],\"inLanguage\":\"ru-RU\"},{\"@type\":\"Organization\",\"@id\":\"https:\/\/gbb.md\/#organization\",\"name\":\"GBB\",\"alternateName\":\"Global Bar Beverages\",\"url\":\"https:\/\/gbb.md\/\",\"logo\":{\"@type\":\"ImageObject\",\"inLanguage\":\"ru-RU\",\"@id\":\"https:\/\/gbb.md\/#\/schema\/logo\/image\/\",\"url\":\"https:\/\/gbb.md\/wp-content\/uploads\/2024\/01\/android-chrome-512x512-1.png\",\"contentUrl\":\"https:\/\/gbb.md\/wp-content\/uploads\/2024\/01\/android-chrome-512x512-1.png\",\"width\":512,\"height\":512,\"caption\":\"GBB\"},\"image\":{\"@id\":\"https:\/\/gbb.md\/#\/schema\/logo\/image\/\"},\"sameAs\":[\"https:\/\/www.facebook.com\/profile.php?id=61555243232370\"]}]}<\/script>\n<!-- \/ Yoast SEO plugin. -->","yoast_head_json":{"title":"RL Seales 10 YO, Original by Foursquare, Barbados. | Global Bar Beverages","robots":{"index":"index","follow":"follow","max-snippet":"max-snippet:-1","max-image-preview":"max-image-preview:large","max-video-preview":"max-video-preview:-1"},"canonical":"https:\/\/gbb.md\/ru\/product\/rl-seales-10-yo-original-foursquare-barbados\/","og_locale":"ru_RU","og_type":"article","og_title":"RL Seales 10 YO, Original by Foursquare, Barbados. | Global Bar Beverages","og_description":"Art 250306  Profil de arom\u0103: Vanilie, nuci, fructe uscate, piper, stejar, migdale pr\u0103jite  \u021aar\u0103: Barbados  V\u00e2rst\u0103: 10 ani  Ambalare: F\u0103r\u0103 cutie de cadou  Volum: 0,7 l  Alcool: 46 %","og_url":"https:\/\/gbb.md\/ru\/product\/rl-seales-10-yo-original-foursquare-barbados\/","og_site_name":"Global Bar Beverages","article_publisher":"https:\/\/www.facebook.com\/profile.php?id=61555243232370","article_modified_time":"2025-12-02T10:34:44+00:00","og_image":[{"width":1000,"height":1000,"url":"https:\/\/gbb.md\/wp-content\/uploads\/2024\/09\/3653-18.jpg","type":"image\/jpeg"}],"twitter_card":"summary_large_image","twitter_misc":{"\u041f\u0440\u0438\u043c\u0435\u0440\u043d\u043e\u0435 \u0432\u0440\u0435\u043c\u044f \u0434\u043b\u044f \u0447\u0442\u0435\u043d\u0438\u044f":"2 \u043c\u0438\u043d\u0443\u0442\u044b"},"schema":{"@context":"https:\/\/schema.org","@graph":[{"@type":"WebPage","@id":"https:\/\/gbb.md\/product\/rl-seales-10-yo-original-foursquare-barbados\/","url":"https:\/\/gbb.md\/product\/rl-seales-10-yo-original-foursquare-barbados\/","name":"RL Seales 10 YO, Original by Foursquare, Barbados. | Global Bar Beverages","isPartOf":{"@id":"https:\/\/gbb.md\/#website"},"datePublished":"2024-09-12T13:12:22+00:00","dateModified":"2025-12-02T10:34:44+00:00","breadcrumb":{"@id":"https:\/\/gbb.md\/product\/rl-seales-10-yo-original-foursquare-barbados\/#breadcrumb"},"inLanguage":"ru-RU","potentialAction":[{"@type":"ReadAction","target":["https:\/\/gbb.md\/product\/rl-seales-10-yo-original-foursquare-barbados\/"]}]},{"@type":"BreadcrumbList","@id":"https:\/\/gbb.md\/product\/rl-seales-10-yo-original-foursquare-barbados\/#breadcrumb","itemListElement":[{"@type":"ListItem","position":1,"name":"\u0413\u043b\u0430\u0432\u043d\u0430\u044f \u0441\u0442\u0440\u0430\u043d\u0438\u0446\u0430","item":"https:\/\/gbb.md\/"},{"@type":"ListItem","position":2,"name":"Produse","item":"https:\/\/gbb.md\/shop\/"},{"@type":"ListItem","position":3,"name":"RL Seales 10 YO, Original by Foursquare, Barbados."}]},{"@type":"WebSite","@id":"https:\/\/gbb.md\/#website","url":"https:\/\/gbb.md\/","name":"GBB","description":"\u042d\u0442\u043e \u043c\u043e\u043b\u043e\u0434\u0430\u044f \u0431\u044b\u0441\u0442\u0440\u043e\u0440\u0430\u0441\u0442\u0443\u0449\u0430\u044f \u043a\u043e\u043c\u043f\u0430\u043d\u0438\u044f, \u0441\u0442\u0430\u0432\u0448\u0430\u044f \u043a\u0440\u0443\u043f\u043d\u0435\u0439\u0448\u0438\u043c \u0432 \u041c\u043e\u043b\u0434\u043e\u0432\u0435 \u043f\u043e\u0441\u0442\u0430\u0432\u0449\u0438\u043a\u043e\u043c \u0441\u0438\u0440\u043e\u043f\u043e\u0432 \u0438 \u043f\u044e\u0440\u0435 \u0434\u043b\u044f \u043d\u0430\u043f\u0438\u0442\u043a\u043e\u0432, \u0447\u0430\u044f, \u043a\u043e\u0444\u0435, \u0441\u043e\u0443\u0441\u043e\u0432, \u0442\u043e\u043d\u0438\u043a\u043e\u0432 \u0438 bubble tea \u043e\u0442 \u0438\u043c\u0435\u043d\u0438\u0442\u044b\u0445 \u043f\u0440\u043e\u0438\u0437\u0432\u043e\u0434\u0438\u0442\u0435\u043b\u0435\u0439.","publisher":{"@id":"https:\/\/gbb.md\/#organization"},"alternateName":"Global Bar Beverages","potentialAction":[{"@type":"SearchAction","target":{"@type":"EntryPoint","urlTemplate":"https:\/\/gbb.md\/?s={search_term_string}"},"query-input":"required name=search_term_string"}],"inLanguage":"ru-RU"},{"@type":"Organization","@id":"https:\/\/gbb.md\/#organization","name":"GBB","alternateName":"Global Bar Beverages","url":"https:\/\/gbb.md\/","logo":{"@type":"ImageObject","inLanguage":"ru-RU","@id":"https:\/\/gbb.md\/#\/schema\/logo\/image\/","url":"https:\/\/gbb.md\/wp-content\/uploads\/2024\/01\/android-chrome-512x512-1.png","contentUrl":"https:\/\/gbb.md\/wp-content\/uploads\/2024\/01\/android-chrome-512x512-1.png","width":512,"height":512,"caption":"GBB"},"image":{"@id":"https:\/\/gbb.md\/#\/schema\/logo\/image\/"},"sameAs":["https:\/\/www.facebook.com\/profile.php?id=61555243232370"]}]}},"_links":{"self":[{"href":"https:\/\/gbb.md\/ru\/wp-json\/wp\/v2\/product\/9447"}],"collection":[{"href":"https:\/\/gbb.md\/ru\/wp-json\/wp\/v2\/product"}],"about":[{"href":"https:\/\/gbb.md\/ru\/wp-json\/wp\/v2\/types\/product"}],"replies":[{"embeddable":true,"href":"https:\/\/gbb.md\/ru\/wp-json\/wp\/v2\/comments?post=9447"}],"wp:featuredmedia":[{"embeddable":true,"href":"https:\/\/gbb.md\/ru\/wp-json\/wp\/v2\/media\/9448"}],"wp:attachment":[{"href":"https:\/\/gbb.md\/ru\/wp-json\/wp\/v2\/media?parent=9447"}],"wp:term":[{"taxonomy":"product_cat","embeddable":true,"href":"https:\/\/gbb.md\/ru\/wp-json\/wp\/v2\/product_cat?post=9447"},{"taxonomy":"product_tag","embeddable":true,"href":"https:\/\/gbb.md\/ru\/wp-json\/wp\/v2\/product_tag?post=9447"}],"curies":[{"name":"wp","href":"https:\/\/api.w.org\/{rel}","templated":true}]}}