{"id":9507,"date":"2024-11-18T11:24:06","date_gmt":"2024-11-18T09:24:06","guid":{"rendered":"https:\/\/gbb.md\/?post_type=product&#038;p=9507"},"modified":"2026-04-09T10:31:02","modified_gmt":"2026-04-09T07:31:02","slug":"foursquare-2011-cask-strength-0-7l","status":"publish","type":"product","link":"https:\/\/gbb.md\/ru\/product\/foursquare-2011-cask-strength-0-7l\/","title":{"rendered":"Foursquare Rum, Barbados, Vintage 2011"},"content":{"rendered":"<div id=\"fws_6a048ab392cc4\"  data-midnight=\"dark\" data-top-percent=\"-30%\"  data-bg-mobile-hidden=\"\" class=\"wpb_row vc_row-fluid vc_row top-level  vc_row-o-equal-height vc_row-flex  vc_row-o-content-middle standard_section\"  style=\"padding-top: calc(100vw * 0.0-30); padding-bottom: 0px;  z-index: 100;\"><div class=\"row-bg-wrap\"><div class=\"inner-wrap\"><div class=\"row-bg\"  style=\"\"><\/div><\/div><div class=\"row-bg-overlay\" ><\/div><\/div><div class=\"col span_12 dark left\">\n\t<div style=\"margin-top: -190px; \" class=\"vc_col-sm-12 wpb_column column_container vc_column_container col neg-marg no-extra-padding\"  data-t-w-inherits=\"default\" data-border-radius=\"none\" data-shadow=\"none\" data-border-animation=\"\" data-border-animation-delay=\"\" data-border-width=\"none\" data-border-style=\"solid\" data-border-color=\"\" data-bg-cover=\"\" data-padding-pos=\"all\" data-has-bg-color=\"false\" data-bg-color=\"\" data-bg-opacity=\"1\" data-hover-bg=\"\" data-hover-bg-opacity=\"1\" data-animation=\"\" data-delay=\"0\"><div class=\"column-bg-overlay\"><\/div>\n\t\t<div class=\"vc_column-inner\">\n\t\t\t<div class=\"wpb_wrapper\">\n\t\t\t\t<div class=\"divider-wrap\" data-alignment=\"default\"><div style=\"height: 70px;\" class=\"divider\"><\/div><\/div><div id=\"ultimate-heading-15726a048ab392f4e\" class=\"uvc-heading ult-adjust-bottom-margin ultimate-heading-15726a048ab392f4e uvc-6180\" data-hspacer=\"no_spacer\"  data-halign=\"left\" style=\"text-align:left\"><div class=\"uvc-heading-spacer no_spacer\" style=\"top\"><\/div><div class=\"uvc-main-heading ult-responsive\"  data-ultimate-target='.uvc-heading.ultimate-heading-15726a048ab392f4e h2'  data-responsive-json-new='{\"font-size\":\"desktop:28px;\",\"line-height\":\"\"}' ><h2 style=\"font-weight:bold;color:#333333;\">Foursquare Rum, Barbados, Vintage 2011<\/h2><\/div><div class=\"uvc-sub-heading ult-responsive\"  data-ultimate-target='.uvc-heading.ultimate-heading-15726a048ab392f4e .uvc-sub-heading '  data-responsive-json-new='{\"font-size\":\"desktop:18px;\",\"line-height\":\"\"}'  style=\"font-weight:normal;\">\n<div class=\"response-container-content ng-tns-c2608206049-245 has-thoughts\">\n<div class=\"response-content ng-tns-c2608206049-245\">\n<div class=\"container\">\n<div id=\"model-response-message-contentr_13c4853ba6624246\" class=\"markdown markdown-main-panel stronger enable-updated-hr-color\" dir=\"ltr\" aria-live=\"polite\" aria-busy=\"false\">\n<p data-path-to-node=\"0\"><b data-path-to-node=\"0\" data-index-in-node=\"0\">Foursquare Vintage 2011<\/b> (Mark XXIV din seria <i data-path-to-node=\"0\" data-index-in-node=\"45\">Exceptional Cask Selection<\/i>) este un rom premium de colec\u021bie, produs \u00een Barbados la una dintre cele mai respectate distilerii din lume, sub atenta supraveghere a maestrului distilator Richard Seale.<\/p>\n<p data-path-to-node=\"0\">Lansat ca parte a renumitei serii <b data-path-to-node=\"4\" data-index-in-node=\"34\">Exceptional Cask Selection<\/b>, edi\u021bia 2011 urmeaz\u0103 succesul r\u0103sun\u0103tor al predecesorilor s\u0103i (cum ar fi edi\u021biile 2008, 2009 \u0219i 2010). Acesta este un cupaj (\u201eblend\u201d) de romuri ob\u021binute prin distilare \u00een alambic de cupru (Pot Still) \u0219i \u00een coloan\u0103 (Column Still). Maturarea a avut loc exclusiv \u00een butoaie de stejar american care au con\u021binut anterior Bourbon, timp de <b data-path-to-node=\"4\" data-index-in-node=\"394\">12 ani<\/b> \u00een climatul tropical din Barbados.<\/p>\n<\/div>\n<ul>\n<li>\n<p data-path-to-node=\"10,0,0\"><b data-path-to-node=\"10,0,0\" data-index-in-node=\"0\">Aroma:<\/b> Buchetul este intens \u0219i bogat. Se deschide cu note puternice de vanilie, zah\u0103r brun \u0219i nuc\u0103 de cocos pr\u0103jit\u0103. Pe m\u0103sur\u0103 ce se aerise\u0219te, apar nuan\u021be de fructe uscate (curmale, stafide), coaj\u0103 de portocal\u0103 \u0219i condimente lemnoase de stejar.<\/p>\n<\/li>\n<li>\n<p data-path-to-node=\"10,1,0\"><b data-path-to-node=\"10,1,0\" data-index-in-node=\"0\">Gustul:<\/b> O experien\u021b\u0103 robust\u0103 \u0219i complex\u0103 pe palat. De\u0219i are o t\u0103rie alcoolic\u0103 ridicat\u0103 (60%), este surprinz\u0103tor de echilibrat. Domin\u0103 aromele de caramel s\u0103rat, ciocolat\u0103 neagr\u0103 \u0219i condimente calde (scor\u021bi\u0219oar\u0103, nuc\u0219oar\u0103). Se simte influen\u021ba puternic\u0103 a butoiului de bourbon prin note de tutun \u0219i piele.<\/p>\n<\/li>\n<li>\n<p data-path-to-node=\"10,2,0\"><b data-path-to-node=\"10,2,0\" data-index-in-node=\"0\">Postgust:<\/b> Extrem de lung \u0219i cald. Las\u0103 o senza\u021bie de taninuri fine, stejar pr\u0103jit \u0219i o not\u0103 discret\u0103 de melas\u0103.<\/p>\n<\/li>\n<\/ul>\n<\/div>\n<\/div>\n<\/div>\n<div class=\"notranslate\" style=\"all: initial;\"><\/div>\n<\/div><\/div><div class=\"divider-wrap\" data-alignment=\"default\"><div style=\"height: 25px;\" class=\"divider\"><\/div><\/div>\n\t\t\t<\/div> \n\t\t<\/div>\n\t<\/div> \n<\/div><\/div>\n\t\t<div id=\"fws_6a048ab3932de\"  data-midnight=\"dark\"  data-bg-mobile-hidden=\"\" class=\"wpb_row vc_row-fluid vc_row standard_section\"  style=\"padding-top: 0px; padding-bottom: 0px; \"><div class=\"row-bg-wrap\"><div class=\"inner-wrap\"><div class=\"row-bg\"  style=\"\"><\/div><\/div><div class=\"row-bg-overlay\" ><\/div><\/div><div class=\"col span_12 dark left\">\n\t<div  class=\"vc_col-sm-12 wpb_column column_container vc_column_container col no-extra-padding\"  data-t-w-inherits=\"default\" data-border-radius=\"none\" data-shadow=\"none\" data-border-animation=\"\" data-border-animation-delay=\"\" data-border-width=\"none\" data-border-style=\"solid\" data-border-color=\"\" data-bg-cover=\"\" data-padding-pos=\"all\" data-has-bg-color=\"false\" data-bg-color=\"\" data-bg-opacity=\"1\" data-hover-bg=\"\" data-hover-bg-opacity=\"1\" data-animation=\"\" data-delay=\"0\"><div class=\"column-bg-overlay\"><\/div>\n\t\t<div class=\"vc_column-inner\">\n\t\t\t<div class=\"wpb_wrapper\">\n\t\t\t\t<div class=\"divider-wrap\" data-alignment=\"default\"><div style=\"height: 100px;\" class=\"divider\"><\/div><\/div>\n\t\t\t<\/div> \n\t\t<\/div>\n\t<\/div> \n<\/div><\/div>","protected":false},"excerpt":{"rendered":"<p>Brand &#8211; Foursquare (Exceptional Cask Selection &#8211; Mark XXIV)<br \/>\nOrigine &#8211; St. Philip, Barbados<br \/>\nDistilare &#8211; Cupaj Pot Still &amp; Column Still<br \/>\nTip butoi- Ex-Bourbon (Stejar american)<br \/>\nConcentra\u021bie alcoolic\u0103 &#8211; 60% vol. (Cask Strength \/ Puterea butoiului)<br \/>\nF\u0103r\u0103 aditivi &#8211; F\u0103r\u0103 zah\u0103r ad\u0103ugat, f\u0103r\u0103 filtrare la rece<br \/>\nCuloare &#8211; Chihlimbar \u00eenchis, profund<\/p>","protected":false},"featured_media":9508,"comment_status":"open","ping_status":"closed","template":"","meta":[],"product_cat":[405,404,397,409],"product_tag":[],"yoast_head":"<!-- This site is optimized with the Yoast SEO plugin v20.10 - https:\/\/yoast.com\/wordpress\/plugins\/seo\/ -->\n<title>Foursquare Rum, Barbados, Vintage 2011 | Global Bar Beverages<\/title>\n<meta name=\"robots\" content=\"index, follow, max-snippet:-1, max-image-preview:large, max-video-preview:-1\" \/>\n<link rel=\"canonical\" href=\"https:\/\/gbb.md\/ru\/product\/foursquare-2011-cask-strength-0-7l\/\" \/>\n<meta property=\"og:locale\" content=\"ru_RU\" \/>\n<meta property=\"og:type\" content=\"article\" \/>\n<meta property=\"og:title\" content=\"Foursquare Rum, Barbados, Vintage 2011 | Global Bar Beverages\" \/>\n<meta property=\"og:description\" content=\"Brand - Foursquare (Exceptional Cask Selection - Mark XXIV) Origine - St. Philip, Barbados Distilare - Cupaj Pot Still &amp; Column Still Tip butoi- Ex-Bourbon (Stejar american) Concentra\u021bie alcoolic\u0103 - 60% vol. (Cask Strength \/ Puterea butoiului) F\u0103r\u0103 aditivi - F\u0103r\u0103 zah\u0103r ad\u0103ugat, f\u0103r\u0103 filtrare la rece Culoare - Chihlimbar \u00eenchis, profund\" \/>\n<meta property=\"og:url\" content=\"https:\/\/gbb.md\/ru\/product\/foursquare-2011-cask-strength-0-7l\/\" \/>\n<meta property=\"og:site_name\" content=\"Global Bar Beverages\" \/>\n<meta property=\"article:publisher\" content=\"https:\/\/www.facebook.com\/profile.php?id=61555243232370\" \/>\n<meta property=\"article:modified_time\" content=\"2026-04-09T07:31:02+00:00\" \/>\n<meta property=\"og:image\" content=\"https:\/\/gbb.md\/wp-content\/uploads\/2024\/11\/1c85346e68753a7159ff5412c2680179.png\" \/>\n\t<meta property=\"og:image:width\" content=\"1895\" \/>\n\t<meta property=\"og:image:height\" content=\"1982\" \/>\n\t<meta property=\"og:image:type\" content=\"image\/png\" \/>\n<meta name=\"twitter:card\" content=\"summary_large_image\" \/>\n<script type=\"application\/ld+json\" class=\"yoast-schema-graph\">{\"@context\":\"https:\/\/schema.org\",\"@graph\":[{\"@type\":\"WebPage\",\"@id\":\"https:\/\/gbb.md\/product\/foursquare-2011-cask-strength-0-7l\/\",\"url\":\"https:\/\/gbb.md\/product\/foursquare-2011-cask-strength-0-7l\/\",\"name\":\"Foursquare Rum, Barbados, Vintage 2011 | Global Bar Beverages\",\"isPartOf\":{\"@id\":\"https:\/\/gbb.md\/#website\"},\"datePublished\":\"2024-11-18T09:24:06+00:00\",\"dateModified\":\"2026-04-09T07:31:02+00:00\",\"breadcrumb\":{\"@id\":\"https:\/\/gbb.md\/product\/foursquare-2011-cask-strength-0-7l\/#breadcrumb\"},\"inLanguage\":\"ru-RU\",\"potentialAction\":[{\"@type\":\"ReadAction\",\"target\":[\"https:\/\/gbb.md\/product\/foursquare-2011-cask-strength-0-7l\/\"]}]},{\"@type\":\"BreadcrumbList\",\"@id\":\"https:\/\/gbb.md\/product\/foursquare-2011-cask-strength-0-7l\/#breadcrumb\",\"itemListElement\":[{\"@type\":\"ListItem\",\"position\":1,\"name\":\"\u0413\u043b\u0430\u0432\u043d\u0430\u044f \u0441\u0442\u0440\u0430\u043d\u0438\u0446\u0430\",\"item\":\"https:\/\/gbb.md\/\"},{\"@type\":\"ListItem\",\"position\":2,\"name\":\"Produse\",\"item\":\"https:\/\/gbb.md\/shop\/\"},{\"@type\":\"ListItem\",\"position\":3,\"name\":\"Foursquare Rum, Barbados, Vintage 2011\"}]},{\"@type\":\"WebSite\",\"@id\":\"https:\/\/gbb.md\/#website\",\"url\":\"https:\/\/gbb.md\/\",\"name\":\"GBB\",\"description\":\"\u042d\u0442\u043e \u043c\u043e\u043b\u043e\u0434\u0430\u044f \u0431\u044b\u0441\u0442\u0440\u043e\u0440\u0430\u0441\u0442\u0443\u0449\u0430\u044f \u043a\u043e\u043c\u043f\u0430\u043d\u0438\u044f, \u0441\u0442\u0430\u0432\u0448\u0430\u044f \u043a\u0440\u0443\u043f\u043d\u0435\u0439\u0448\u0438\u043c \u0432 \u041c\u043e\u043b\u0434\u043e\u0432\u0435 \u043f\u043e\u0441\u0442\u0430\u0432\u0449\u0438\u043a\u043e\u043c \u0441\u0438\u0440\u043e\u043f\u043e\u0432 \u0438 \u043f\u044e\u0440\u0435 \u0434\u043b\u044f \u043d\u0430\u043f\u0438\u0442\u043a\u043e\u0432, \u0447\u0430\u044f, \u043a\u043e\u0444\u0435, \u0441\u043e\u0443\u0441\u043e\u0432, \u0442\u043e\u043d\u0438\u043a\u043e\u0432 \u0438 bubble tea \u043e\u0442 \u0438\u043c\u0435\u043d\u0438\u0442\u044b\u0445 \u043f\u0440\u043e\u0438\u0437\u0432\u043e\u0434\u0438\u0442\u0435\u043b\u0435\u0439.\",\"publisher\":{\"@id\":\"https:\/\/gbb.md\/#organization\"},\"alternateName\":\"Global Bar Beverages\",\"potentialAction\":[{\"@type\":\"SearchAction\",\"target\":{\"@type\":\"EntryPoint\",\"urlTemplate\":\"https:\/\/gbb.md\/?s={search_term_string}\"},\"query-input\":\"required name=search_term_string\"}],\"inLanguage\":\"ru-RU\"},{\"@type\":\"Organization\",\"@id\":\"https:\/\/gbb.md\/#organization\",\"name\":\"GBB\",\"alternateName\":\"Global Bar Beverages\",\"url\":\"https:\/\/gbb.md\/\",\"logo\":{\"@type\":\"ImageObject\",\"inLanguage\":\"ru-RU\",\"@id\":\"https:\/\/gbb.md\/#\/schema\/logo\/image\/\",\"url\":\"https:\/\/gbb.md\/wp-content\/uploads\/2024\/01\/android-chrome-512x512-1.png\",\"contentUrl\":\"https:\/\/gbb.md\/wp-content\/uploads\/2024\/01\/android-chrome-512x512-1.png\",\"width\":512,\"height\":512,\"caption\":\"GBB\"},\"image\":{\"@id\":\"https:\/\/gbb.md\/#\/schema\/logo\/image\/\"},\"sameAs\":[\"https:\/\/www.facebook.com\/profile.php?id=61555243232370\"]}]}<\/script>\n<!-- \/ Yoast SEO plugin. -->","yoast_head_json":{"title":"Foursquare Rum, Barbados, Vintage 2011 | Global Bar Beverages","robots":{"index":"index","follow":"follow","max-snippet":"max-snippet:-1","max-image-preview":"max-image-preview:large","max-video-preview":"max-video-preview:-1"},"canonical":"https:\/\/gbb.md\/ru\/product\/foursquare-2011-cask-strength-0-7l\/","og_locale":"ru_RU","og_type":"article","og_title":"Foursquare Rum, Barbados, Vintage 2011 | Global Bar Beverages","og_description":"Brand - Foursquare (Exceptional Cask Selection - Mark XXIV) Origine - St. Philip, Barbados Distilare - Cupaj Pot Still &amp; Column Still Tip butoi- Ex-Bourbon (Stejar american) Concentra\u021bie alcoolic\u0103 - 60% vol. (Cask Strength \/ Puterea butoiului) F\u0103r\u0103 aditivi - F\u0103r\u0103 zah\u0103r ad\u0103ugat, f\u0103r\u0103 filtrare la rece Culoare - Chihlimbar \u00eenchis, profund","og_url":"https:\/\/gbb.md\/ru\/product\/foursquare-2011-cask-strength-0-7l\/","og_site_name":"Global Bar Beverages","article_publisher":"https:\/\/www.facebook.com\/profile.php?id=61555243232370","article_modified_time":"2026-04-09T07:31:02+00:00","og_image":[{"width":1895,"height":1982,"url":"https:\/\/gbb.md\/wp-content\/uploads\/2024\/11\/1c85346e68753a7159ff5412c2680179.png","type":"image\/png"}],"twitter_card":"summary_large_image","schema":{"@context":"https:\/\/schema.org","@graph":[{"@type":"WebPage","@id":"https:\/\/gbb.md\/product\/foursquare-2011-cask-strength-0-7l\/","url":"https:\/\/gbb.md\/product\/foursquare-2011-cask-strength-0-7l\/","name":"Foursquare Rum, Barbados, Vintage 2011 | Global Bar Beverages","isPartOf":{"@id":"https:\/\/gbb.md\/#website"},"datePublished":"2024-11-18T09:24:06+00:00","dateModified":"2026-04-09T07:31:02+00:00","breadcrumb":{"@id":"https:\/\/gbb.md\/product\/foursquare-2011-cask-strength-0-7l\/#breadcrumb"},"inLanguage":"ru-RU","potentialAction":[{"@type":"ReadAction","target":["https:\/\/gbb.md\/product\/foursquare-2011-cask-strength-0-7l\/"]}]},{"@type":"BreadcrumbList","@id":"https:\/\/gbb.md\/product\/foursquare-2011-cask-strength-0-7l\/#breadcrumb","itemListElement":[{"@type":"ListItem","position":1,"name":"\u0413\u043b\u0430\u0432\u043d\u0430\u044f \u0441\u0442\u0440\u0430\u043d\u0438\u0446\u0430","item":"https:\/\/gbb.md\/"},{"@type":"ListItem","position":2,"name":"Produse","item":"https:\/\/gbb.md\/shop\/"},{"@type":"ListItem","position":3,"name":"Foursquare Rum, Barbados, Vintage 2011"}]},{"@type":"WebSite","@id":"https:\/\/gbb.md\/#website","url":"https:\/\/gbb.md\/","name":"GBB","description":"\u042d\u0442\u043e \u043c\u043e\u043b\u043e\u0434\u0430\u044f \u0431\u044b\u0441\u0442\u0440\u043e\u0440\u0430\u0441\u0442\u0443\u0449\u0430\u044f \u043a\u043e\u043c\u043f\u0430\u043d\u0438\u044f, \u0441\u0442\u0430\u0432\u0448\u0430\u044f \u043a\u0440\u0443\u043f\u043d\u0435\u0439\u0448\u0438\u043c \u0432 \u041c\u043e\u043b\u0434\u043e\u0432\u0435 \u043f\u043e\u0441\u0442\u0430\u0432\u0449\u0438\u043a\u043e\u043c \u0441\u0438\u0440\u043e\u043f\u043e\u0432 \u0438 \u043f\u044e\u0440\u0435 \u0434\u043b\u044f \u043d\u0430\u043f\u0438\u0442\u043a\u043e\u0432, \u0447\u0430\u044f, \u043a\u043e\u0444\u0435, \u0441\u043e\u0443\u0441\u043e\u0432, \u0442\u043e\u043d\u0438\u043a\u043e\u0432 \u0438 bubble tea \u043e\u0442 \u0438\u043c\u0435\u043d\u0438\u0442\u044b\u0445 \u043f\u0440\u043e\u0438\u0437\u0432\u043e\u0434\u0438\u0442\u0435\u043b\u0435\u0439.","publisher":{"@id":"https:\/\/gbb.md\/#organization"},"alternateName":"Global Bar Beverages","potentialAction":[{"@type":"SearchAction","target":{"@type":"EntryPoint","urlTemplate":"https:\/\/gbb.md\/?s={search_term_string}"},"query-input":"required name=search_term_string"}],"inLanguage":"ru-RU"},{"@type":"Organization","@id":"https:\/\/gbb.md\/#organization","name":"GBB","alternateName":"Global Bar Beverages","url":"https:\/\/gbb.md\/","logo":{"@type":"ImageObject","inLanguage":"ru-RU","@id":"https:\/\/gbb.md\/#\/schema\/logo\/image\/","url":"https:\/\/gbb.md\/wp-content\/uploads\/2024\/01\/android-chrome-512x512-1.png","contentUrl":"https:\/\/gbb.md\/wp-content\/uploads\/2024\/01\/android-chrome-512x512-1.png","width":512,"height":512,"caption":"GBB"},"image":{"@id":"https:\/\/gbb.md\/#\/schema\/logo\/image\/"},"sameAs":["https:\/\/www.facebook.com\/profile.php?id=61555243232370"]}]}},"_links":{"self":[{"href":"https:\/\/gbb.md\/ru\/wp-json\/wp\/v2\/product\/9507"}],"collection":[{"href":"https:\/\/gbb.md\/ru\/wp-json\/wp\/v2\/product"}],"about":[{"href":"https:\/\/gbb.md\/ru\/wp-json\/wp\/v2\/types\/product"}],"replies":[{"embeddable":true,"href":"https:\/\/gbb.md\/ru\/wp-json\/wp\/v2\/comments?post=9507"}],"wp:featuredmedia":[{"embeddable":true,"href":"https:\/\/gbb.md\/ru\/wp-json\/wp\/v2\/media\/9508"}],"wp:attachment":[{"href":"https:\/\/gbb.md\/ru\/wp-json\/wp\/v2\/media?parent=9507"}],"wp:term":[{"taxonomy":"product_cat","embeddable":true,"href":"https:\/\/gbb.md\/ru\/wp-json\/wp\/v2\/product_cat?post=9507"},{"taxonomy":"product_tag","embeddable":true,"href":"https:\/\/gbb.md\/ru\/wp-json\/wp\/v2\/product_tag?post=9507"}],"curies":[{"name":"wp","href":"https:\/\/api.w.org\/{rel}","templated":true}]}}