{"id":9527,"date":"2024-11-18T12:09:37","date_gmt":"2024-11-18T10:09:37","guid":{"rendered":"https:\/\/gbb.md\/?post_type=product&#038;p=9527"},"modified":"2026-04-09T11:12:33","modified_gmt":"2026-04-09T08:12:33","slug":"akashi-sake-honjozo-tokubetsu-gohyakumangoku-15-0-72l","status":"publish","type":"product","link":"https:\/\/gbb.md\/ru\/product\/akashi-sake-honjozo-tokubetsu-gohyakumangoku-15-0-72l\/","title":{"rendered":"Akashi Sake Tokubetsu Junmai 15%, 0.72L"},"content":{"rendered":"<div id=\"fws_69ed868892879\"  data-midnight=\"dark\" data-top-percent=\"-30%\"  data-bg-mobile-hidden=\"\" class=\"wpb_row vc_row-fluid vc_row top-level  vc_row-o-equal-height vc_row-flex  vc_row-o-content-middle standard_section\"  style=\"padding-top: calc(100vw * 0.0-30); padding-bottom: 0px;  z-index: 100;\"><div class=\"row-bg-wrap\"><div class=\"inner-wrap\"><div class=\"row-bg\"  style=\"\"><\/div><\/div><div class=\"row-bg-overlay\" ><\/div><\/div><div class=\"col span_12 dark left\">\n\t<div style=\"margin-top: -190px; \" class=\"vc_col-sm-12 wpb_column column_container vc_column_container col neg-marg no-extra-padding\"  data-t-w-inherits=\"default\" data-border-radius=\"none\" data-shadow=\"none\" data-border-animation=\"\" data-border-animation-delay=\"\" data-border-width=\"none\" data-border-style=\"solid\" data-border-color=\"\" data-bg-cover=\"\" data-padding-pos=\"all\" data-has-bg-color=\"false\" data-bg-color=\"\" data-bg-opacity=\"1\" data-hover-bg=\"\" data-hover-bg-opacity=\"1\" data-animation=\"\" data-delay=\"0\"><div class=\"column-bg-overlay\"><\/div>\n\t\t<div class=\"vc_column-inner\">\n\t\t\t<div class=\"wpb_wrapper\">\n\t\t\t\t<div class=\"divider-wrap\" data-alignment=\"default\"><div style=\"height: 70px;\" class=\"divider\"><\/div><\/div><div id=\"ultimate-heading-523269ed868892bfc\" class=\"uvc-heading ult-adjust-bottom-margin ultimate-heading-523269ed868892bfc uvc-7774\" data-hspacer=\"no_spacer\"  data-halign=\"left\" style=\"text-align:left\"><div class=\"uvc-heading-spacer no_spacer\" style=\"top\"><\/div><div class=\"uvc-main-heading ult-responsive\"  data-ultimate-target='.uvc-heading.ultimate-heading-523269ed868892bfc h2'  data-responsive-json-new='{\"font-size\":\"desktop:28px;\",\"line-height\":\"\"}' ><h2 style=\"font-weight:bold;color:#333333;\">Akashi Sake Tokubetsu Junmai 15%, 0.72L<\/h2><\/div><div class=\"uvc-sub-heading ult-responsive\"  data-ultimate-target='.uvc-heading.ultimate-heading-523269ed868892bfc .uvc-sub-heading '  data-responsive-json-new='{\"font-size\":\"desktop:18px;\",\"line-height\":\"\"}'  style=\"font-weight:normal;\"><b data-path-to-node=\"0\" data-index-in-node=\"0\">Akashi-Tai Tokubetsu Junmai<\/b> este considerat \u201ecalul de povar\u0103\u201d al distileriei Akashi-Tai, fiind un sake onest, artizanal \u0219i extrem de versatil. Dac\u0103 variantele <i data-path-to-node=\"0\" data-index-in-node=\"159\">Daiginjo<\/i> sunt despre arome florale \u0219i delicate\u021be, acest <b data-path-to-node=\"0\" data-index-in-node=\"215\">Tokubetsu Junmai<\/b> este despre puritatea orezului \u0219i o structur\u0103 bogat\u0103 \u00een \u201eumami\u201d.<\/p>\n<h3 data-path-to-node=\"3\">Ce \u00eenseamn\u0103 denumirea?<\/h3>\n<ul data-path-to-node=\"4\">\n<li>\n<p data-path-to-node=\"4,0,0\"><b data-path-to-node=\"4,0,0\" data-index-in-node=\"0\">Junmai:<\/b> \u00censeamn\u0103 \u201eorez pur\u201d. Acest sake este produs exclusiv din patru ingrediente: orez, ap\u0103, drojdie \u0219i koji. Nu con\u021bine alcool distilat ad\u0103ugat, ceea ce \u00eei ofer\u0103 un corp mai plin \u0219i un gust mai bogat de cereale.<\/p>\n<\/li>\n<li>\n<p data-path-to-node=\"4,1,0\"><b data-path-to-node=\"4,1,0\" data-index-in-node=\"0\">Tokubetsu:<\/b> \u00censeamn\u0103 \u201eSpecial\u201d. Acest titlu i se acord\u0103 deoarece orezul a fost \u0219lefuit p\u00e2n\u0103 la un grad de <b data-path-to-node=\"4,1,0\" data-index-in-node=\"105\">60%<\/b> (p\u0103str\u00e2nd doar inima bobului), un nivel de polizare care este de obicei rezervat categoriei superioare, <i data-path-to-node=\"4,1,0\" data-index-in-node=\"213\">Ginjo<\/i>.<\/p>\n<\/li>\n<\/ul>\n<h3 data-path-to-node=\"9\">Note Senzoriale (Gust \u0219i Arom\u0103)<\/h3>\n<ul data-path-to-node=\"10\">\n<li>\n<p data-path-to-node=\"10,0,0\"><b data-path-to-node=\"10,0,0\" data-index-in-node=\"0\">Aroma:<\/b> Un buchet curat \u0219i reconfortant. Se disting note de <b data-path-to-node=\"10,0,0\" data-index-in-node=\"59\">orez proasp\u0103t fiert<\/b>, cereale, nuci caju \u0219i o tent\u0103 discret\u0103 de citrice \u0219i ierburi uscate.<\/p>\n<\/li>\n<li>\n<p data-path-to-node=\"10,1,0\"><b data-path-to-node=\"10,1,0\" data-index-in-node=\"0\">Gustul:<\/b> Textura este bine structurat\u0103 \u0219i u\u0219or cremoas\u0103. Este un sake cu un caracter \u201emuntos\u201d, oferind arome de p\u00e2ine proasp\u0103t\u0103, umami intens \u0219i o rotunjime pl\u0103cut\u0103 pe palat. Nu este nici prea dulce, nici prea sec, fiind perfect echilibrat.<\/p>\n<\/li>\n<li>\n<p data-path-to-node=\"10,2,0\"><b data-path-to-node=\"10,2,0\" data-index-in-node=\"0\">Postgust:<\/b> Scurt spre mediu, foarte curat, l\u0103s\u00e2nd o senza\u021bie revigorant\u0103 \u0219i o u\u0219oar\u0103 not\u0103 de l\u0103m\u00e2ie.<\/p>\n<\/li>\n<\/ul>\n<\/div><\/div><div class=\"divider-wrap\" data-alignment=\"default\"><div style=\"height: 25px;\" class=\"divider\"><\/div><\/div>\n\t\t\t<\/div> \n\t\t<\/div>\n\t<\/div> \n<\/div><\/div>\n\t\t<div id=\"fws_69ed868892f62\"  data-midnight=\"dark\"  data-bg-mobile-hidden=\"\" class=\"wpb_row vc_row-fluid vc_row standard_section\"  style=\"padding-top: 0px; padding-bottom: 0px; \"><div class=\"row-bg-wrap\"><div class=\"inner-wrap\"><div class=\"row-bg\"  style=\"\"><\/div><\/div><div class=\"row-bg-overlay\" ><\/div><\/div><div class=\"col span_12 dark left\">\n\t<div  class=\"vc_col-sm-12 wpb_column column_container vc_column_container col no-extra-padding\"  data-t-w-inherits=\"default\" data-border-radius=\"none\" data-shadow=\"none\" data-border-animation=\"\" data-border-animation-delay=\"\" data-border-width=\"none\" data-border-style=\"solid\" data-border-color=\"\" data-bg-cover=\"\" data-padding-pos=\"all\" data-has-bg-color=\"false\" data-bg-color=\"\" data-bg-opacity=\"1\" data-hover-bg=\"\" data-hover-bg-opacity=\"1\" data-animation=\"\" data-delay=\"0\"><div class=\"column-bg-overlay\"><\/div>\n\t\t<div class=\"vc_column-inner\">\n\t\t\t<div class=\"wpb_wrapper\">\n\t\t\t\t<div class=\"divider-wrap\" data-alignment=\"default\"><div style=\"height: 100px;\" class=\"divider\"><\/div><\/div>\n\t\t\t<\/div> \n\t\t<\/div>\n\t<\/div> \n<\/div><\/div>","protected":false},"excerpt":{"rendered":"<p>Art 250006<br \/>\nProduc\u0103tor &#8211; Akashi-Tai (Yonezawa Syuzou)<br \/>\nOrigine &#8211; Akashi, Prefectura Hyogo, Japonia<br \/>\nClasificare &#8211; Tokubetsu Junmai<br \/>\nRata de \u0219lefuire &#8211; 60% (orez de calitate superioar\u0103)<br \/>\nOrez folosit &#8211; Un amestec de Yamadanishiki \u0219i soiuri locale (Akebono)<br \/>\nConcentra\u021bie alcoolic\u0103 &#8211; 15% vol.<br \/>\nVolum &#8211; 0.72 L (sticl\u0103 standard japonez\u0103)<\/p>","protected":false},"featured_media":9531,"comment_status":"open","ping_status":"closed","template":"","meta":[],"product_cat":[405,404,387,431],"product_tag":[],"yoast_head":"<!-- This site is optimized with the Yoast SEO plugin v20.10 - https:\/\/yoast.com\/wordpress\/plugins\/seo\/ -->\n<title>Akashi Sake Tokubetsu Junmai 15%, 0.72L | Global Bar Beverages<\/title>\n<meta name=\"robots\" content=\"index, follow, max-snippet:-1, max-image-preview:large, max-video-preview:-1\" \/>\n<link rel=\"canonical\" href=\"https:\/\/gbb.md\/ru\/product\/akashi-sake-honjozo-tokubetsu-gohyakumangoku-15-0-72l\/\" \/>\n<meta property=\"og:locale\" content=\"ru_RU\" \/>\n<meta property=\"og:type\" content=\"article\" \/>\n<meta property=\"og:title\" content=\"Akashi Sake Tokubetsu Junmai 15%, 0.72L | Global Bar Beverages\" \/>\n<meta property=\"og:description\" content=\"Art 250006 Produc\u0103tor - Akashi-Tai (Yonezawa Syuzou) Origine - Akashi, Prefectura Hyogo, Japonia Clasificare - Tokubetsu Junmai Rata de \u0219lefuire - 60% (orez de calitate superioar\u0103) Orez folosit - Un amestec de Yamadanishiki \u0219i soiuri locale (Akebono) Concentra\u021bie alcoolic\u0103 - 15% vol. Volum - 0.72 L (sticl\u0103 standard japonez\u0103)\" \/>\n<meta property=\"og:url\" content=\"https:\/\/gbb.md\/ru\/product\/akashi-sake-honjozo-tokubetsu-gohyakumangoku-15-0-72l\/\" \/>\n<meta property=\"og:site_name\" content=\"Global Bar Beverages\" \/>\n<meta property=\"article:publisher\" content=\"https:\/\/www.facebook.com\/profile.php?id=61555243232370\" \/>\n<meta property=\"article:modified_time\" content=\"2026-04-09T08:12:33+00:00\" \/>\n<meta property=\"og:image\" content=\"https:\/\/gbb.md\/wp-content\/uploads\/2024\/11\/0b29629e-8529-402f-a2e0-74c4dcb2d123.__CR0026662000_PT0_SX800_V1___.jpg\" \/>\n\t<meta property=\"og:image:width\" content=\"800\" \/>\n\t<meta property=\"og:image:height\" content=\"600\" \/>\n\t<meta property=\"og:image:type\" content=\"image\/jpeg\" \/>\n<meta name=\"twitter:card\" content=\"summary_large_image\" \/>\n<meta name=\"twitter:label1\" content=\"\u041f\u0440\u0438\u043c\u0435\u0440\u043d\u043e\u0435 \u0432\u0440\u0435\u043c\u044f \u0434\u043b\u044f \u0447\u0442\u0435\u043d\u0438\u044f\" \/>\n\t<meta name=\"twitter:data1\" content=\"2 \u043c\u0438\u043d\u0443\u0442\u044b\" \/>\n<script type=\"application\/ld+json\" class=\"yoast-schema-graph\">{\"@context\":\"https:\/\/schema.org\",\"@graph\":[{\"@type\":\"WebPage\",\"@id\":\"https:\/\/gbb.md\/product\/akashi-sake-honjozo-tokubetsu-gohyakumangoku-15-0-72l\/\",\"url\":\"https:\/\/gbb.md\/product\/akashi-sake-honjozo-tokubetsu-gohyakumangoku-15-0-72l\/\",\"name\":\"Akashi Sake Tokubetsu Junmai 15%, 0.72L | Global Bar Beverages\",\"isPartOf\":{\"@id\":\"https:\/\/gbb.md\/#website\"},\"datePublished\":\"2024-11-18T10:09:37+00:00\",\"dateModified\":\"2026-04-09T08:12:33+00:00\",\"breadcrumb\":{\"@id\":\"https:\/\/gbb.md\/product\/akashi-sake-honjozo-tokubetsu-gohyakumangoku-15-0-72l\/#breadcrumb\"},\"inLanguage\":\"ru-RU\",\"potentialAction\":[{\"@type\":\"ReadAction\",\"target\":[\"https:\/\/gbb.md\/product\/akashi-sake-honjozo-tokubetsu-gohyakumangoku-15-0-72l\/\"]}]},{\"@type\":\"BreadcrumbList\",\"@id\":\"https:\/\/gbb.md\/product\/akashi-sake-honjozo-tokubetsu-gohyakumangoku-15-0-72l\/#breadcrumb\",\"itemListElement\":[{\"@type\":\"ListItem\",\"position\":1,\"name\":\"\u0413\u043b\u0430\u0432\u043d\u0430\u044f \u0441\u0442\u0440\u0430\u043d\u0438\u0446\u0430\",\"item\":\"https:\/\/gbb.md\/\"},{\"@type\":\"ListItem\",\"position\":2,\"name\":\"Produse\",\"item\":\"https:\/\/gbb.md\/shop\/\"},{\"@type\":\"ListItem\",\"position\":3,\"name\":\"Akashi Sake Tokubetsu Junmai 15%, 0.72L\"}]},{\"@type\":\"WebSite\",\"@id\":\"https:\/\/gbb.md\/#website\",\"url\":\"https:\/\/gbb.md\/\",\"name\":\"GBB\",\"description\":\"\u042d\u0442\u043e \u043c\u043e\u043b\u043e\u0434\u0430\u044f \u0431\u044b\u0441\u0442\u0440\u043e\u0440\u0430\u0441\u0442\u0443\u0449\u0430\u044f \u043a\u043e\u043c\u043f\u0430\u043d\u0438\u044f, \u0441\u0442\u0430\u0432\u0448\u0430\u044f \u043a\u0440\u0443\u043f\u043d\u0435\u0439\u0448\u0438\u043c \u0432 \u041c\u043e\u043b\u0434\u043e\u0432\u0435 \u043f\u043e\u0441\u0442\u0430\u0432\u0449\u0438\u043a\u043e\u043c \u0441\u0438\u0440\u043e\u043f\u043e\u0432 \u0438 \u043f\u044e\u0440\u0435 \u0434\u043b\u044f \u043d\u0430\u043f\u0438\u0442\u043a\u043e\u0432, \u0447\u0430\u044f, \u043a\u043e\u0444\u0435, \u0441\u043e\u0443\u0441\u043e\u0432, \u0442\u043e\u043d\u0438\u043a\u043e\u0432 \u0438 bubble tea \u043e\u0442 \u0438\u043c\u0435\u043d\u0438\u0442\u044b\u0445 \u043f\u0440\u043e\u0438\u0437\u0432\u043e\u0434\u0438\u0442\u0435\u043b\u0435\u0439.\",\"publisher\":{\"@id\":\"https:\/\/gbb.md\/#organization\"},\"alternateName\":\"Global Bar Beverages\",\"potentialAction\":[{\"@type\":\"SearchAction\",\"target\":{\"@type\":\"EntryPoint\",\"urlTemplate\":\"https:\/\/gbb.md\/?s={search_term_string}\"},\"query-input\":\"required name=search_term_string\"}],\"inLanguage\":\"ru-RU\"},{\"@type\":\"Organization\",\"@id\":\"https:\/\/gbb.md\/#organization\",\"name\":\"GBB\",\"alternateName\":\"Global Bar Beverages\",\"url\":\"https:\/\/gbb.md\/\",\"logo\":{\"@type\":\"ImageObject\",\"inLanguage\":\"ru-RU\",\"@id\":\"https:\/\/gbb.md\/#\/schema\/logo\/image\/\",\"url\":\"https:\/\/gbb.md\/wp-content\/uploads\/2024\/01\/android-chrome-512x512-1.png\",\"contentUrl\":\"https:\/\/gbb.md\/wp-content\/uploads\/2024\/01\/android-chrome-512x512-1.png\",\"width\":512,\"height\":512,\"caption\":\"GBB\"},\"image\":{\"@id\":\"https:\/\/gbb.md\/#\/schema\/logo\/image\/\"},\"sameAs\":[\"https:\/\/www.facebook.com\/profile.php?id=61555243232370\"]}]}<\/script>\n<!-- \/ Yoast SEO plugin. -->","yoast_head_json":{"title":"Akashi Sake Tokubetsu Junmai 15%, 0.72L | Global Bar Beverages","robots":{"index":"index","follow":"follow","max-snippet":"max-snippet:-1","max-image-preview":"max-image-preview:large","max-video-preview":"max-video-preview:-1"},"canonical":"https:\/\/gbb.md\/ru\/product\/akashi-sake-honjozo-tokubetsu-gohyakumangoku-15-0-72l\/","og_locale":"ru_RU","og_type":"article","og_title":"Akashi Sake Tokubetsu Junmai 15%, 0.72L | Global Bar Beverages","og_description":"Art 250006 Produc\u0103tor - Akashi-Tai (Yonezawa Syuzou) Origine - Akashi, Prefectura Hyogo, Japonia Clasificare - Tokubetsu Junmai Rata de \u0219lefuire - 60% (orez de calitate superioar\u0103) Orez folosit - Un amestec de Yamadanishiki \u0219i soiuri locale (Akebono) Concentra\u021bie alcoolic\u0103 - 15% vol. Volum - 0.72 L (sticl\u0103 standard japonez\u0103)","og_url":"https:\/\/gbb.md\/ru\/product\/akashi-sake-honjozo-tokubetsu-gohyakumangoku-15-0-72l\/","og_site_name":"Global Bar Beverages","article_publisher":"https:\/\/www.facebook.com\/profile.php?id=61555243232370","article_modified_time":"2026-04-09T08:12:33+00:00","og_image":[{"width":800,"height":600,"url":"https:\/\/gbb.md\/wp-content\/uploads\/2024\/11\/0b29629e-8529-402f-a2e0-74c4dcb2d123.__CR0026662000_PT0_SX800_V1___.jpg","type":"image\/jpeg"}],"twitter_card":"summary_large_image","twitter_misc":{"\u041f\u0440\u0438\u043c\u0435\u0440\u043d\u043e\u0435 \u0432\u0440\u0435\u043c\u044f \u0434\u043b\u044f \u0447\u0442\u0435\u043d\u0438\u044f":"2 \u043c\u0438\u043d\u0443\u0442\u044b"},"schema":{"@context":"https:\/\/schema.org","@graph":[{"@type":"WebPage","@id":"https:\/\/gbb.md\/product\/akashi-sake-honjozo-tokubetsu-gohyakumangoku-15-0-72l\/","url":"https:\/\/gbb.md\/product\/akashi-sake-honjozo-tokubetsu-gohyakumangoku-15-0-72l\/","name":"Akashi Sake Tokubetsu Junmai 15%, 0.72L | Global Bar Beverages","isPartOf":{"@id":"https:\/\/gbb.md\/#website"},"datePublished":"2024-11-18T10:09:37+00:00","dateModified":"2026-04-09T08:12:33+00:00","breadcrumb":{"@id":"https:\/\/gbb.md\/product\/akashi-sake-honjozo-tokubetsu-gohyakumangoku-15-0-72l\/#breadcrumb"},"inLanguage":"ru-RU","potentialAction":[{"@type":"ReadAction","target":["https:\/\/gbb.md\/product\/akashi-sake-honjozo-tokubetsu-gohyakumangoku-15-0-72l\/"]}]},{"@type":"BreadcrumbList","@id":"https:\/\/gbb.md\/product\/akashi-sake-honjozo-tokubetsu-gohyakumangoku-15-0-72l\/#breadcrumb","itemListElement":[{"@type":"ListItem","position":1,"name":"\u0413\u043b\u0430\u0432\u043d\u0430\u044f \u0441\u0442\u0440\u0430\u043d\u0438\u0446\u0430","item":"https:\/\/gbb.md\/"},{"@type":"ListItem","position":2,"name":"Produse","item":"https:\/\/gbb.md\/shop\/"},{"@type":"ListItem","position":3,"name":"Akashi Sake Tokubetsu Junmai 15%, 0.72L"}]},{"@type":"WebSite","@id":"https:\/\/gbb.md\/#website","url":"https:\/\/gbb.md\/","name":"GBB","description":"\u042d\u0442\u043e \u043c\u043e\u043b\u043e\u0434\u0430\u044f \u0431\u044b\u0441\u0442\u0440\u043e\u0440\u0430\u0441\u0442\u0443\u0449\u0430\u044f \u043a\u043e\u043c\u043f\u0430\u043d\u0438\u044f, \u0441\u0442\u0430\u0432\u0448\u0430\u044f \u043a\u0440\u0443\u043f\u043d\u0435\u0439\u0448\u0438\u043c \u0432 \u041c\u043e\u043b\u0434\u043e\u0432\u0435 \u043f\u043e\u0441\u0442\u0430\u0432\u0449\u0438\u043a\u043e\u043c \u0441\u0438\u0440\u043e\u043f\u043e\u0432 \u0438 \u043f\u044e\u0440\u0435 \u0434\u043b\u044f \u043d\u0430\u043f\u0438\u0442\u043a\u043e\u0432, \u0447\u0430\u044f, \u043a\u043e\u0444\u0435, \u0441\u043e\u0443\u0441\u043e\u0432, \u0442\u043e\u043d\u0438\u043a\u043e\u0432 \u0438 bubble tea \u043e\u0442 \u0438\u043c\u0435\u043d\u0438\u0442\u044b\u0445 \u043f\u0440\u043e\u0438\u0437\u0432\u043e\u0434\u0438\u0442\u0435\u043b\u0435\u0439.","publisher":{"@id":"https:\/\/gbb.md\/#organization"},"alternateName":"Global Bar Beverages","potentialAction":[{"@type":"SearchAction","target":{"@type":"EntryPoint","urlTemplate":"https:\/\/gbb.md\/?s={search_term_string}"},"query-input":"required name=search_term_string"}],"inLanguage":"ru-RU"},{"@type":"Organization","@id":"https:\/\/gbb.md\/#organization","name":"GBB","alternateName":"Global Bar Beverages","url":"https:\/\/gbb.md\/","logo":{"@type":"ImageObject","inLanguage":"ru-RU","@id":"https:\/\/gbb.md\/#\/schema\/logo\/image\/","url":"https:\/\/gbb.md\/wp-content\/uploads\/2024\/01\/android-chrome-512x512-1.png","contentUrl":"https:\/\/gbb.md\/wp-content\/uploads\/2024\/01\/android-chrome-512x512-1.png","width":512,"height":512,"caption":"GBB"},"image":{"@id":"https:\/\/gbb.md\/#\/schema\/logo\/image\/"},"sameAs":["https:\/\/www.facebook.com\/profile.php?id=61555243232370"]}]}},"_links":{"self":[{"href":"https:\/\/gbb.md\/ru\/wp-json\/wp\/v2\/product\/9527"}],"collection":[{"href":"https:\/\/gbb.md\/ru\/wp-json\/wp\/v2\/product"}],"about":[{"href":"https:\/\/gbb.md\/ru\/wp-json\/wp\/v2\/types\/product"}],"replies":[{"embeddable":true,"href":"https:\/\/gbb.md\/ru\/wp-json\/wp\/v2\/comments?post=9527"}],"wp:featuredmedia":[{"embeddable":true,"href":"https:\/\/gbb.md\/ru\/wp-json\/wp\/v2\/media\/9531"}],"wp:attachment":[{"href":"https:\/\/gbb.md\/ru\/wp-json\/wp\/v2\/media?parent=9527"}],"wp:term":[{"taxonomy":"product_cat","embeddable":true,"href":"https:\/\/gbb.md\/ru\/wp-json\/wp\/v2\/product_cat?post=9527"},{"taxonomy":"product_tag","embeddable":true,"href":"https:\/\/gbb.md\/ru\/wp-json\/wp\/v2\/product_tag?post=9527"}],"curies":[{"name":"wp","href":"https:\/\/api.w.org\/{rel}","templated":true}]}}