{"id":9578,"date":"2024-11-18T12:41:28","date_gmt":"2024-11-18T10:41:28","guid":{"rendered":"https:\/\/gbb.md\/?post_type=product&#038;p=9578"},"modified":"2026-04-09T12:39:33","modified_gmt":"2026-04-09T09:39:33","slug":"mozart-chocolate-bitters-35-5oz-150ml","status":"publish","type":"product","link":"https:\/\/gbb.md\/ru\/product\/mozart-chocolate-bitters-35-5oz-150ml\/","title":{"rendered":"Mozart Chocolate Bitters 35% (5oz-150ml)"},"content":{"rendered":"<div id=\"fws_6a0479d2b7665\"  data-midnight=\"dark\" data-top-percent=\"-30%\"  data-bg-mobile-hidden=\"\" class=\"wpb_row vc_row-fluid vc_row top-level  vc_row-o-equal-height vc_row-flex  vc_row-o-content-middle standard_section\"  style=\"padding-top: calc(100vw * 0.0-30); padding-bottom: 0px;  z-index: 100;\"><div class=\"row-bg-wrap\"><div class=\"inner-wrap\"><div class=\"row-bg\"  style=\"\"><\/div><\/div><div class=\"row-bg-overlay\" ><\/div><\/div><div class=\"col span_12 dark left\">\n\t<div style=\"margin-top: -190px; \" class=\"vc_col-sm-12 wpb_column column_container vc_column_container col neg-marg no-extra-padding\"  data-t-w-inherits=\"default\" data-border-radius=\"none\" data-shadow=\"none\" data-border-animation=\"\" data-border-animation-delay=\"\" data-border-width=\"none\" data-border-style=\"solid\" data-border-color=\"\" data-bg-cover=\"\" data-padding-pos=\"all\" data-has-bg-color=\"false\" data-bg-color=\"\" data-bg-opacity=\"1\" data-hover-bg=\"\" data-hover-bg-opacity=\"1\" data-animation=\"\" data-delay=\"0\"><div class=\"column-bg-overlay\"><\/div>\n\t\t<div class=\"vc_column-inner\">\n\t\t\t<div class=\"wpb_wrapper\">\n\t\t\t\t<div class=\"divider-wrap\" data-alignment=\"default\"><div style=\"height: 70px;\" class=\"divider\"><\/div><\/div><div id=\"ultimate-heading-95156a0479d2b7d6d\" class=\"uvc-heading ult-adjust-bottom-margin ultimate-heading-95156a0479d2b7d6d uvc-4519\" data-hspacer=\"no_spacer\"  data-halign=\"left\" style=\"text-align:left\"><div class=\"uvc-heading-spacer no_spacer\" style=\"top\"><\/div><div class=\"uvc-main-heading ult-responsive\"  data-ultimate-target='.uvc-heading.ultimate-heading-95156a0479d2b7d6d h2'  data-responsive-json-new='{\"font-size\":\"desktop:28px;\",\"line-height\":\"\"}' ><h2 style=\"font-weight:bold;color:#333333;\">Mozart Chocolate Bitters <\/h2><\/div><div class=\"uvc-sub-heading ult-responsive\"  data-ultimate-target='.uvc-heading.ultimate-heading-95156a0479d2b7d6d .uvc-sub-heading '  data-responsive-json-new='{\"font-size\":\"desktop:18px;\",\"line-height\":\"\"}'  style=\"font-weight:normal;\">\n<p data-path-to-node=\"0\"><b data-path-to-node=\"0\" data-index-in-node=\"0\">Mozart Chocolate Bitters<\/b> este \u201econdimentul\u201d suprem pentru barul t\u0103u, un produs care se \u00eendep\u0103rteaz\u0103 de zona de lichioruri cremoase \u0219i intr\u0103 \u00een teritoriul sofisticat al esen\u021belor concentrate. Dac\u0103 restul gamei Mozart este despre r\u0103sf\u0103\u021b \u0219i texturi m\u0103t\u0103soase, acest bitter este despre intensitate, structur\u0103 \u0219i arome pure de cacao.<\/p>\n<p data-path-to-node=\"1\">Mozart Chocolate Bitters este un extract aromatic realizat prin macerarea boabelor de cacao (soiurile Forastero \u0219i Trinitario) \u00een alcool pur, al\u0103turi de o selec\u021bie de ierburi aromatice \u0219i condimente. Are o concentra\u021bie alcoolic\u0103 mult mai mare dec\u00e2t lichiorurile (40% vol.) \u0219i este complet lipsit de zah\u0103r sau sm\u00e2nt\u00e2n\u0103, ceea ce \u00eei permite s\u0103 ofere o not\u0103 \u201e\u00eentunecat\u0103\u201d \u0219i am\u0103ruie oric\u0103rui mix.<\/p>\n<h3 data-path-to-node=\"9\">Note Senzoriale (Gust \u0219i Arom\u0103)<\/h3>\n<ul data-path-to-node=\"10\">\n<li>\n<p data-path-to-node=\"10,0,0\"><b data-path-to-node=\"10,0,0\" data-index-in-node=\"0\">Aroma:<\/b> Un miros p\u0103trunz\u0103tor de <b data-path-to-node=\"10,0,0\" data-index-in-node=\"31\">ciocolat\u0103 neagr\u0103 (85% cacao)<\/b>, boabe de cafea pr\u0103jite \u0219i o tent\u0103 lemnoas\u0103. Se simt accente de condimente calde precum cui\u0219oarele \u0219i un strop de vanilie uscat\u0103.<\/p>\n<\/li>\n<li>\n<p data-path-to-node=\"10,1,0\"><b data-path-to-node=\"10,1,0\" data-index-in-node=\"0\">Gustul:<\/b> Extrem de concentrat \u0219i am\u0103rui. Nu este dulce deloc. Pe limb\u0103, ofer\u0103 o senza\u021bie de p\u0103m\u00e2nt ars, cacao pur\u0103 \u0219i o am\u0103real\u0103 vegetal\u0103 complex\u0103. Este conceput s\u0103 \u201etaie\u201d prin dulcea\u021ba altor ingrediente.<\/p>\n<\/li>\n<li>\n<p data-path-to-node=\"10,2,0\"><b data-path-to-node=\"10,2,0\" data-index-in-node=\"0\">Postgust:<\/b> Persistent, sec \u0219i profund ciocolatos, l\u0103s\u00e2nd un ecou de mirodenii fine.<\/p>\n<\/li>\n<\/ul>\n<\/div><\/div><div class=\"divider-wrap\" data-alignment=\"default\"><div style=\"height: 25px;\" class=\"divider\"><\/div><\/div>\n\t\t\t<\/div> \n\t\t<\/div>\n\t<\/div> \n<\/div><\/div>\n\t\t<div id=\"fws_6a0479d2b85cf\"  data-midnight=\"dark\"  data-bg-mobile-hidden=\"\" class=\"wpb_row vc_row-fluid vc_row standard_section\"  style=\"padding-top: 0px; padding-bottom: 0px; \"><div class=\"row-bg-wrap\"><div class=\"inner-wrap\"><div class=\"row-bg\"  style=\"\"><\/div><\/div><div class=\"row-bg-overlay\" ><\/div><\/div><div class=\"col span_12 dark left\">\n\t<div  class=\"vc_col-sm-12 wpb_column column_container vc_column_container col no-extra-padding\"  data-t-w-inherits=\"default\" data-border-radius=\"none\" data-shadow=\"none\" data-border-animation=\"\" data-border-animation-delay=\"\" data-border-width=\"none\" data-border-style=\"solid\" data-border-color=\"\" data-bg-cover=\"\" data-padding-pos=\"all\" data-has-bg-color=\"false\" data-bg-color=\"\" data-bg-opacity=\"1\" data-hover-bg=\"\" data-hover-bg-opacity=\"1\" data-animation=\"\" data-delay=\"0\"><div class=\"column-bg-overlay\"><\/div>\n\t\t<div class=\"vc_column-inner\">\n\t\t\t<div class=\"wpb_wrapper\">\n\t\t\t\t<div class=\"divider-wrap\" data-alignment=\"default\"><div style=\"height: 100px;\" class=\"divider\"><\/div><\/div>\n\t\t\t<\/div> \n\t\t<\/div>\n\t<\/div> \n<\/div><\/div>","protected":false},"excerpt":{"rendered":"<p>Produc\u0103tor &#8211; Mozart Distillerie<br \/>\nOrigine &#8211; Salzburg, Austria<br \/>\nTip &#8211; Cocktail Bitters (Aromatic)<br \/>\nConcentra\u021bie alcoolic\u0103 &#8211; 40% vol.<br \/>\nVolum &#8211; 0.05 L (Sticl\u0103 mic\u0103 de farmacie cu picur\u0103tor)<br \/>\nIngrediente Vedet\u0103 &#8211; Cacao intens\u0103, cui\u0219oare, scor\u021bi\u0219oar\u0103, r\u0103d\u0103cin\u0103 de ghin\u021bur\u0103<\/p>","protected":false},"featured_media":9579,"comment_status":"open","ping_status":"closed","template":"","meta":[],"product_cat":[405,411,418,404,386],"product_tag":[],"yoast_head":"<!-- This site is optimized with the Yoast SEO plugin v20.10 - https:\/\/yoast.com\/wordpress\/plugins\/seo\/ -->\n<title>Mozart Chocolate Bitters 35% (5oz-150ml) | Global Bar Beverages<\/title>\n<meta name=\"robots\" content=\"index, follow, max-snippet:-1, max-image-preview:large, max-video-preview:-1\" \/>\n<link rel=\"canonical\" href=\"https:\/\/gbb.md\/ru\/product\/mozart-chocolate-bitters-35-5oz-150ml\/\" \/>\n<meta property=\"og:locale\" content=\"ru_RU\" \/>\n<meta property=\"og:type\" content=\"article\" \/>\n<meta property=\"og:title\" content=\"Mozart Chocolate Bitters 35% (5oz-150ml) | Global Bar Beverages\" \/>\n<meta property=\"og:description\" content=\"Produc\u0103tor - Mozart Distillerie Origine - Salzburg, Austria Tip - Cocktail Bitters (Aromatic) Concentra\u021bie alcoolic\u0103 - 40% vol. Volum - 0.05 L (Sticl\u0103 mic\u0103 de farmacie cu picur\u0103tor) Ingrediente Vedet\u0103 - Cacao intens\u0103, cui\u0219oare, scor\u021bi\u0219oar\u0103, r\u0103d\u0103cin\u0103 de ghin\u021bur\u0103\" \/>\n<meta property=\"og:url\" content=\"https:\/\/gbb.md\/ru\/product\/mozart-chocolate-bitters-35-5oz-150ml\/\" \/>\n<meta property=\"og:site_name\" content=\"Global Bar Beverages\" \/>\n<meta property=\"article:publisher\" content=\"https:\/\/www.facebook.com\/profile.php?id=61555243232370\" \/>\n<meta property=\"article:modified_time\" content=\"2026-04-09T09:39:33+00:00\" \/>\n<meta property=\"og:image\" content=\"https:\/\/gbb.md\/wp-content\/uploads\/2024\/11\/59db81dad4123.jpg\" \/>\n\t<meta property=\"og:image:width\" content=\"504\" \/>\n\t<meta property=\"og:image:height\" content=\"492\" \/>\n\t<meta property=\"og:image:type\" content=\"image\/jpeg\" \/>\n<meta name=\"twitter:card\" content=\"summary_large_image\" \/>\n<meta name=\"twitter:label1\" content=\"\u041f\u0440\u0438\u043c\u0435\u0440\u043d\u043e\u0435 \u0432\u0440\u0435\u043c\u044f \u0434\u043b\u044f \u0447\u0442\u0435\u043d\u0438\u044f\" \/>\n\t<meta name=\"twitter:data1\" content=\"2 \u043c\u0438\u043d\u0443\u0442\u044b\" \/>\n<script type=\"application\/ld+json\" class=\"yoast-schema-graph\">{\"@context\":\"https:\/\/schema.org\",\"@graph\":[{\"@type\":\"WebPage\",\"@id\":\"https:\/\/gbb.md\/product\/mozart-chocolate-bitters-35-5oz-150ml\/\",\"url\":\"https:\/\/gbb.md\/product\/mozart-chocolate-bitters-35-5oz-150ml\/\",\"name\":\"Mozart Chocolate Bitters 35% (5oz-150ml) | Global Bar Beverages\",\"isPartOf\":{\"@id\":\"https:\/\/gbb.md\/#website\"},\"datePublished\":\"2024-11-18T10:41:28+00:00\",\"dateModified\":\"2026-04-09T09:39:33+00:00\",\"breadcrumb\":{\"@id\":\"https:\/\/gbb.md\/product\/mozart-chocolate-bitters-35-5oz-150ml\/#breadcrumb\"},\"inLanguage\":\"ru-RU\",\"potentialAction\":[{\"@type\":\"ReadAction\",\"target\":[\"https:\/\/gbb.md\/product\/mozart-chocolate-bitters-35-5oz-150ml\/\"]}]},{\"@type\":\"BreadcrumbList\",\"@id\":\"https:\/\/gbb.md\/product\/mozart-chocolate-bitters-35-5oz-150ml\/#breadcrumb\",\"itemListElement\":[{\"@type\":\"ListItem\",\"position\":1,\"name\":\"\u0413\u043b\u0430\u0432\u043d\u0430\u044f \u0441\u0442\u0440\u0430\u043d\u0438\u0446\u0430\",\"item\":\"https:\/\/gbb.md\/\"},{\"@type\":\"ListItem\",\"position\":2,\"name\":\"Produse\",\"item\":\"https:\/\/gbb.md\/shop\/\"},{\"@type\":\"ListItem\",\"position\":3,\"name\":\"Mozart Chocolate Bitters 35% (5oz-150ml)\"}]},{\"@type\":\"WebSite\",\"@id\":\"https:\/\/gbb.md\/#website\",\"url\":\"https:\/\/gbb.md\/\",\"name\":\"GBB\",\"description\":\"\u042d\u0442\u043e \u043c\u043e\u043b\u043e\u0434\u0430\u044f \u0431\u044b\u0441\u0442\u0440\u043e\u0440\u0430\u0441\u0442\u0443\u0449\u0430\u044f \u043a\u043e\u043c\u043f\u0430\u043d\u0438\u044f, \u0441\u0442\u0430\u0432\u0448\u0430\u044f \u043a\u0440\u0443\u043f\u043d\u0435\u0439\u0448\u0438\u043c \u0432 \u041c\u043e\u043b\u0434\u043e\u0432\u0435 \u043f\u043e\u0441\u0442\u0430\u0432\u0449\u0438\u043a\u043e\u043c \u0441\u0438\u0440\u043e\u043f\u043e\u0432 \u0438 \u043f\u044e\u0440\u0435 \u0434\u043b\u044f \u043d\u0430\u043f\u0438\u0442\u043a\u043e\u0432, \u0447\u0430\u044f, \u043a\u043e\u0444\u0435, \u0441\u043e\u0443\u0441\u043e\u0432, \u0442\u043e\u043d\u0438\u043a\u043e\u0432 \u0438 bubble tea \u043e\u0442 \u0438\u043c\u0435\u043d\u0438\u0442\u044b\u0445 \u043f\u0440\u043e\u0438\u0437\u0432\u043e\u0434\u0438\u0442\u0435\u043b\u0435\u0439.\",\"publisher\":{\"@id\":\"https:\/\/gbb.md\/#organization\"},\"alternateName\":\"Global Bar Beverages\",\"potentialAction\":[{\"@type\":\"SearchAction\",\"target\":{\"@type\":\"EntryPoint\",\"urlTemplate\":\"https:\/\/gbb.md\/?s={search_term_string}\"},\"query-input\":\"required name=search_term_string\"}],\"inLanguage\":\"ru-RU\"},{\"@type\":\"Organization\",\"@id\":\"https:\/\/gbb.md\/#organization\",\"name\":\"GBB\",\"alternateName\":\"Global Bar Beverages\",\"url\":\"https:\/\/gbb.md\/\",\"logo\":{\"@type\":\"ImageObject\",\"inLanguage\":\"ru-RU\",\"@id\":\"https:\/\/gbb.md\/#\/schema\/logo\/image\/\",\"url\":\"https:\/\/gbb.md\/wp-content\/uploads\/2024\/01\/android-chrome-512x512-1.png\",\"contentUrl\":\"https:\/\/gbb.md\/wp-content\/uploads\/2024\/01\/android-chrome-512x512-1.png\",\"width\":512,\"height\":512,\"caption\":\"GBB\"},\"image\":{\"@id\":\"https:\/\/gbb.md\/#\/schema\/logo\/image\/\"},\"sameAs\":[\"https:\/\/www.facebook.com\/profile.php?id=61555243232370\"]}]}<\/script>\n<!-- \/ Yoast SEO plugin. -->","yoast_head_json":{"title":"Mozart Chocolate Bitters 35% (5oz-150ml) | Global Bar Beverages","robots":{"index":"index","follow":"follow","max-snippet":"max-snippet:-1","max-image-preview":"max-image-preview:large","max-video-preview":"max-video-preview:-1"},"canonical":"https:\/\/gbb.md\/ru\/product\/mozart-chocolate-bitters-35-5oz-150ml\/","og_locale":"ru_RU","og_type":"article","og_title":"Mozart Chocolate Bitters 35% (5oz-150ml) | Global Bar Beverages","og_description":"Produc\u0103tor - Mozart Distillerie Origine - Salzburg, Austria Tip - Cocktail Bitters (Aromatic) Concentra\u021bie alcoolic\u0103 - 40% vol. Volum - 0.05 L (Sticl\u0103 mic\u0103 de farmacie cu picur\u0103tor) Ingrediente Vedet\u0103 - Cacao intens\u0103, cui\u0219oare, scor\u021bi\u0219oar\u0103, r\u0103d\u0103cin\u0103 de ghin\u021bur\u0103","og_url":"https:\/\/gbb.md\/ru\/product\/mozart-chocolate-bitters-35-5oz-150ml\/","og_site_name":"Global Bar Beverages","article_publisher":"https:\/\/www.facebook.com\/profile.php?id=61555243232370","article_modified_time":"2026-04-09T09:39:33+00:00","og_image":[{"width":504,"height":492,"url":"https:\/\/gbb.md\/wp-content\/uploads\/2024\/11\/59db81dad4123.jpg","type":"image\/jpeg"}],"twitter_card":"summary_large_image","twitter_misc":{"\u041f\u0440\u0438\u043c\u0435\u0440\u043d\u043e\u0435 \u0432\u0440\u0435\u043c\u044f \u0434\u043b\u044f \u0447\u0442\u0435\u043d\u0438\u044f":"2 \u043c\u0438\u043d\u0443\u0442\u044b"},"schema":{"@context":"https:\/\/schema.org","@graph":[{"@type":"WebPage","@id":"https:\/\/gbb.md\/product\/mozart-chocolate-bitters-35-5oz-150ml\/","url":"https:\/\/gbb.md\/product\/mozart-chocolate-bitters-35-5oz-150ml\/","name":"Mozart Chocolate Bitters 35% (5oz-150ml) | Global Bar Beverages","isPartOf":{"@id":"https:\/\/gbb.md\/#website"},"datePublished":"2024-11-18T10:41:28+00:00","dateModified":"2026-04-09T09:39:33+00:00","breadcrumb":{"@id":"https:\/\/gbb.md\/product\/mozart-chocolate-bitters-35-5oz-150ml\/#breadcrumb"},"inLanguage":"ru-RU","potentialAction":[{"@type":"ReadAction","target":["https:\/\/gbb.md\/product\/mozart-chocolate-bitters-35-5oz-150ml\/"]}]},{"@type":"BreadcrumbList","@id":"https:\/\/gbb.md\/product\/mozart-chocolate-bitters-35-5oz-150ml\/#breadcrumb","itemListElement":[{"@type":"ListItem","position":1,"name":"\u0413\u043b\u0430\u0432\u043d\u0430\u044f \u0441\u0442\u0440\u0430\u043d\u0438\u0446\u0430","item":"https:\/\/gbb.md\/"},{"@type":"ListItem","position":2,"name":"Produse","item":"https:\/\/gbb.md\/shop\/"},{"@type":"ListItem","position":3,"name":"Mozart Chocolate Bitters 35% (5oz-150ml)"}]},{"@type":"WebSite","@id":"https:\/\/gbb.md\/#website","url":"https:\/\/gbb.md\/","name":"GBB","description":"\u042d\u0442\u043e \u043c\u043e\u043b\u043e\u0434\u0430\u044f \u0431\u044b\u0441\u0442\u0440\u043e\u0440\u0430\u0441\u0442\u0443\u0449\u0430\u044f \u043a\u043e\u043c\u043f\u0430\u043d\u0438\u044f, \u0441\u0442\u0430\u0432\u0448\u0430\u044f \u043a\u0440\u0443\u043f\u043d\u0435\u0439\u0448\u0438\u043c \u0432 \u041c\u043e\u043b\u0434\u043e\u0432\u0435 \u043f\u043e\u0441\u0442\u0430\u0432\u0449\u0438\u043a\u043e\u043c \u0441\u0438\u0440\u043e\u043f\u043e\u0432 \u0438 \u043f\u044e\u0440\u0435 \u0434\u043b\u044f \u043d\u0430\u043f\u0438\u0442\u043a\u043e\u0432, \u0447\u0430\u044f, \u043a\u043e\u0444\u0435, \u0441\u043e\u0443\u0441\u043e\u0432, \u0442\u043e\u043d\u0438\u043a\u043e\u0432 \u0438 bubble tea \u043e\u0442 \u0438\u043c\u0435\u043d\u0438\u0442\u044b\u0445 \u043f\u0440\u043e\u0438\u0437\u0432\u043e\u0434\u0438\u0442\u0435\u043b\u0435\u0439.","publisher":{"@id":"https:\/\/gbb.md\/#organization"},"alternateName":"Global Bar Beverages","potentialAction":[{"@type":"SearchAction","target":{"@type":"EntryPoint","urlTemplate":"https:\/\/gbb.md\/?s={search_term_string}"},"query-input":"required name=search_term_string"}],"inLanguage":"ru-RU"},{"@type":"Organization","@id":"https:\/\/gbb.md\/#organization","name":"GBB","alternateName":"Global Bar Beverages","url":"https:\/\/gbb.md\/","logo":{"@type":"ImageObject","inLanguage":"ru-RU","@id":"https:\/\/gbb.md\/#\/schema\/logo\/image\/","url":"https:\/\/gbb.md\/wp-content\/uploads\/2024\/01\/android-chrome-512x512-1.png","contentUrl":"https:\/\/gbb.md\/wp-content\/uploads\/2024\/01\/android-chrome-512x512-1.png","width":512,"height":512,"caption":"GBB"},"image":{"@id":"https:\/\/gbb.md\/#\/schema\/logo\/image\/"},"sameAs":["https:\/\/www.facebook.com\/profile.php?id=61555243232370"]}]}},"_links":{"self":[{"href":"https:\/\/gbb.md\/ru\/wp-json\/wp\/v2\/product\/9578"}],"collection":[{"href":"https:\/\/gbb.md\/ru\/wp-json\/wp\/v2\/product"}],"about":[{"href":"https:\/\/gbb.md\/ru\/wp-json\/wp\/v2\/types\/product"}],"replies":[{"embeddable":true,"href":"https:\/\/gbb.md\/ru\/wp-json\/wp\/v2\/comments?post=9578"}],"wp:featuredmedia":[{"embeddable":true,"href":"https:\/\/gbb.md\/ru\/wp-json\/wp\/v2\/media\/9579"}],"wp:attachment":[{"href":"https:\/\/gbb.md\/ru\/wp-json\/wp\/v2\/media?parent=9578"}],"wp:term":[{"taxonomy":"product_cat","embeddable":true,"href":"https:\/\/gbb.md\/ru\/wp-json\/wp\/v2\/product_cat?post=9578"},{"taxonomy":"product_tag","embeddable":true,"href":"https:\/\/gbb.md\/ru\/wp-json\/wp\/v2\/product_tag?post=9578"}],"curies":[{"name":"wp","href":"https:\/\/api.w.org\/{rel}","templated":true}]}}