{"id":9580,"date":"2024-11-18T12:43:56","date_gmt":"2024-11-18T10:43:56","guid":{"rendered":"https:\/\/gbb.md\/?post_type=product&#038;p=9580"},"modified":"2026-04-09T12:36:50","modified_gmt":"2026-04-09T09:36:50","slug":"aperitiv-dolin-chamberyzette-16-0-750-l","status":"publish","type":"product","link":"https:\/\/gbb.md\/ru\/product\/aperitiv-dolin-chamberyzette-16-0-750-l\/","title":{"rendered":"Aperitiv Dolin Chamberyzette 16% 0.75L"},"content":{"rendered":"<div id=\"fws_69e0b4dbbb5a8\"  data-midnight=\"dark\" data-top-percent=\"-30%\"  data-bg-mobile-hidden=\"\" class=\"wpb_row vc_row-fluid vc_row top-level  vc_row-o-equal-height vc_row-flex  vc_row-o-content-middle standard_section\"  style=\"padding-top: calc(100vw * 0.0-30); padding-bottom: 0px;  z-index: 100;\"><div class=\"row-bg-wrap\"><div class=\"inner-wrap\"><div class=\"row-bg\"  style=\"\"><\/div><\/div><div class=\"row-bg-overlay\" ><\/div><\/div><div class=\"col span_12 dark left\">\n\t<div style=\"margin-top: -190px; \" class=\"vc_col-sm-12 wpb_column column_container vc_column_container col neg-marg no-extra-padding\"  data-t-w-inherits=\"default\" data-border-radius=\"none\" data-shadow=\"none\" data-border-animation=\"\" data-border-animation-delay=\"\" data-border-width=\"none\" data-border-style=\"solid\" data-border-color=\"\" data-bg-cover=\"\" data-padding-pos=\"all\" data-has-bg-color=\"false\" data-bg-color=\"\" data-bg-opacity=\"1\" data-hover-bg=\"\" data-hover-bg-opacity=\"1\" data-animation=\"\" data-delay=\"0\"><div class=\"column-bg-overlay\"><\/div>\n\t\t<div class=\"vc_column-inner\">\n\t\t\t<div class=\"wpb_wrapper\">\n\t\t\t\t<div class=\"divider-wrap\" data-alignment=\"default\"><div style=\"height: 70px;\" class=\"divider\"><\/div><\/div><div id=\"ultimate-heading-509469e0b4dbbb88b\" class=\"uvc-heading ult-adjust-bottom-margin ultimate-heading-509469e0b4dbbb88b uvc-9585\" data-hspacer=\"no_spacer\"  data-halign=\"left\" style=\"text-align:left\"><div class=\"uvc-heading-spacer no_spacer\" style=\"top\"><\/div><div class=\"uvc-main-heading ult-responsive\"  data-ultimate-target='.uvc-heading.ultimate-heading-509469e0b4dbbb88b h2'  data-responsive-json-new='{\"font-size\":\"desktop:28px;\",\"line-height\":\"\"}' ><h2 style=\"font-weight:bold;color:#333333;\">Aperitiv Dolin Chamberyzette<\/h2><\/div><div class=\"uvc-sub-heading ult-responsive\"  data-ultimate-target='.uvc-heading.ultimate-heading-509469e0b4dbbb88b .uvc-sub-heading '  data-responsive-json-new='{\"font-size\":\"desktop:18px;\",\"line-height\":\"\"}'  style=\"font-weight:normal;\"><b class=\"\" data-path-to-node=\"0\" data-index-in-node=\"0\">Dolin Chamberyzette<\/b><span class=\"\"> este o legend\u0103 vie a regiunii Savoie \u0219i unul dintre cele mai fermec\u0103toare aperitive pe care le po\u021bi descoperi.<\/span><span class=\"\"> Creat ini\u021bial \u00een 1902,<\/span><span class=\"\"> acest sortiment a devenit rapid senza\u021bia teraselor pariziene \u00een perioada \u201eBelle \u00c9poque\u201d,<\/span><span class=\"\"> fiind \u0219i ast\u0103zi produs dup\u0103 aceea\u0219i re\u021bet\u0103 secret\u0103 care \u00eembin\u0103 rigoarea vermutului sec cu prospe\u021bimea fructat\u0103 a p\u0103durii.<\/span><\/p>\n<p>&nbsp;<\/p>\n<p><b class=\"\" data-path-to-node=\"0\" data-index-in-node=\"0\">Dolin Chamberyzette<\/b><span class=\"\"> este o legend\u0103 vie a regiunii Savoie \u0219i unul dintre cele mai fermec\u0103toare aperitive pe care le po\u021bi descoperi.<\/span><span class=\"\"> Creat ini\u021bial \u00een 1902,<\/span><span class=\"\"> acest sortiment a devenit rapid senza\u021bia teraselor pariziene \u00een perioada \u201eBelle \u00c9poque\u201d,<\/span><span class=\"\"> fiind \u0219i ast\u0103zi produs dup\u0103 aceea\u0219i re\u021bet\u0103 secret\u0103 care \u00eembin\u0103 rigoarea vermutului sec cu prospe\u021bimea fructat\u0103 a p\u0103durii.<\/span><\/p>\n<p>&nbsp;<\/p>\n<h3 data-path-to-node=\"9\">Note Senzoriale (Gust \u0219i Arom\u0103)<\/h3>\n<ul data-path-to-node=\"10\">\n<li>\n<p data-path-to-node=\"10,0,0\"><b data-path-to-node=\"10,0,0\" data-index-in-node=\"0\">Aroma:<\/b> Buchetul este dominat de un parfum irezistibil de <b data-path-to-node=\"10,0,0\" data-index-in-node=\"57\">c\u0103p\u0219uni proasp\u0103t culese<\/b>, completat de note delicate de flori de munte \u0219i o tent\u0103 discret\u0103 de ierburi aromatice.<\/p>\n<\/li>\n<li>\n<p data-path-to-node=\"10,1,0\"><b data-path-to-node=\"10,1,0\" data-index-in-node=\"0\">Gustul:<\/b> Textura este u\u0219oar\u0103 \u0219i m\u0103t\u0103soas\u0103. Pe palat, se simte imediat explozia de fructe de p\u0103dure, urmat\u0103 de complexitatea botanic\u0103 a vermutului. Este dulceag, dar nu siropos, aciditatea \u0219i notele ierboase oferind un final foarte curat.<\/p>\n<\/li>\n<li>\n<p data-path-to-node=\"10,2,0\"><b data-path-to-node=\"10,2,0\" data-index-in-node=\"0\">Postgust:<\/b> Persistent \u0219i fructat, l\u0103s\u00e2nd o amintire pl\u0103cut\u0103 de tart\u0103 cu c\u0103p\u0219uni \u0219i o prospe\u021bime alpin\u0103 subtil\u0103.<\/p>\n<\/li>\n<\/ul>\n<\/div><\/div><div class=\"divider-wrap\" data-alignment=\"default\"><div style=\"height: 25px;\" class=\"divider\"><\/div><\/div>\n\t\t\t<\/div> \n\t\t<\/div>\n\t<\/div> \n<\/div><\/div>\n\t\t<div id=\"fws_69e0b4dbbbc28\"  data-midnight=\"dark\"  data-bg-mobile-hidden=\"\" class=\"wpb_row vc_row-fluid vc_row standard_section\"  style=\"padding-top: 0px; padding-bottom: 0px; \"><div class=\"row-bg-wrap\"><div class=\"inner-wrap\"><div class=\"row-bg\"  style=\"\"><\/div><\/div><div class=\"row-bg-overlay\" ><\/div><\/div><div class=\"col span_12 dark left\">\n\t<div  class=\"vc_col-sm-12 wpb_column column_container vc_column_container col no-extra-padding\"  data-t-w-inherits=\"default\" data-border-radius=\"none\" data-shadow=\"none\" data-border-animation=\"\" data-border-animation-delay=\"\" data-border-width=\"none\" data-border-style=\"solid\" data-border-color=\"\" data-bg-cover=\"\" data-padding-pos=\"all\" data-has-bg-color=\"false\" data-bg-color=\"\" data-bg-opacity=\"1\" data-hover-bg=\"\" data-hover-bg-opacity=\"1\" data-animation=\"\" data-delay=\"0\"><div class=\"column-bg-overlay\"><\/div>\n\t\t<div class=\"vc_column-inner\">\n\t\t\t<div class=\"wpb_wrapper\">\n\t\t\t\t<div class=\"divider-wrap\" data-alignment=\"default\"><div style=\"height: 100px;\" class=\"divider\"><\/div><\/div>\n\t\t\t<\/div> \n\t\t<\/div>\n\t<\/div> \n<\/div><\/div>","protected":false},"excerpt":{"rendered":"<p>Produc\u0103tor &#8211; Dolin<br \/>\nOrigine &#8211; Chamb\u00e9ry, Alpii Francezi<br \/>\nTip &#8211; Aperitiv pe baz\u0103 de vin \u0219i fructe<br \/>\nConcentra\u021bie alcoolic\u0103 &#8211; 16% vol.<br \/>\nVolum &#8211; 0.75 L<br \/>\nCuloare &#8211; Roz-rubiniu str\u0103lucitor<br \/>\nIngrediente Vedet\u0103 &#8211; C\u0103p\u0219uni s\u0103lbatice, plante alpine, vin alb<\/p>","protected":false},"featured_media":9581,"comment_status":"open","ping_status":"closed","template":"","meta":[],"product_cat":[405,404,399,412],"product_tag":[],"yoast_head":"<!-- This site is optimized with the Yoast SEO plugin v20.10 - https:\/\/yoast.com\/wordpress\/plugins\/seo\/ -->\n<title>Aperitiv Dolin Chamberyzette 16% 0.75L | Global Bar Beverages<\/title>\n<meta name=\"robots\" content=\"index, follow, max-snippet:-1, max-image-preview:large, max-video-preview:-1\" \/>\n<link rel=\"canonical\" href=\"https:\/\/gbb.md\/ru\/product\/aperitiv-dolin-chamberyzette-16-0-750-l\/\" \/>\n<meta property=\"og:locale\" content=\"ru_RU\" \/>\n<meta property=\"og:type\" content=\"article\" \/>\n<meta property=\"og:title\" content=\"Aperitiv Dolin Chamberyzette 16% 0.75L | Global Bar Beverages\" \/>\n<meta property=\"og:description\" content=\"Produc\u0103tor - Dolin Origine - Chamb\u00e9ry, Alpii Francezi Tip - Aperitiv pe baz\u0103 de vin \u0219i fructe Concentra\u021bie alcoolic\u0103 - 16% vol. Volum - 0.75 L Culoare - Roz-rubiniu str\u0103lucitor Ingrediente Vedet\u0103 - C\u0103p\u0219uni s\u0103lbatice, plante alpine, vin alb\" \/>\n<meta property=\"og:url\" content=\"https:\/\/gbb.md\/ru\/product\/aperitiv-dolin-chamberyzette-16-0-750-l\/\" \/>\n<meta property=\"og:site_name\" content=\"Global Bar Beverages\" \/>\n<meta property=\"article:publisher\" content=\"https:\/\/www.facebook.com\/profile.php?id=61555243232370\" \/>\n<meta property=\"article:modified_time\" content=\"2026-04-09T09:36:50+00:00\" \/>\n<meta property=\"og:image\" content=\"https:\/\/gbb.md\/wp-content\/uploads\/2024\/11\/aptrad_chamberyzette_bouteille.png\" \/>\n\t<meta property=\"og:image:width\" content=\"798\" \/>\n\t<meta property=\"og:image:height\" content=\"872\" \/>\n\t<meta property=\"og:image:type\" content=\"image\/png\" \/>\n<meta name=\"twitter:card\" content=\"summary_large_image\" \/>\n<meta name=\"twitter:label1\" content=\"\u041f\u0440\u0438\u043c\u0435\u0440\u043d\u043e\u0435 \u0432\u0440\u0435\u043c\u044f \u0434\u043b\u044f \u0447\u0442\u0435\u043d\u0438\u044f\" \/>\n\t<meta name=\"twitter:data1\" content=\"2 \u043c\u0438\u043d\u0443\u0442\u044b\" \/>\n<script type=\"application\/ld+json\" class=\"yoast-schema-graph\">{\"@context\":\"https:\/\/schema.org\",\"@graph\":[{\"@type\":\"WebPage\",\"@id\":\"https:\/\/gbb.md\/product\/aperitiv-dolin-chamberyzette-16-0-750-l\/\",\"url\":\"https:\/\/gbb.md\/product\/aperitiv-dolin-chamberyzette-16-0-750-l\/\",\"name\":\"Aperitiv Dolin Chamberyzette 16% 0.75L | Global Bar Beverages\",\"isPartOf\":{\"@id\":\"https:\/\/gbb.md\/#website\"},\"datePublished\":\"2024-11-18T10:43:56+00:00\",\"dateModified\":\"2026-04-09T09:36:50+00:00\",\"breadcrumb\":{\"@id\":\"https:\/\/gbb.md\/product\/aperitiv-dolin-chamberyzette-16-0-750-l\/#breadcrumb\"},\"inLanguage\":\"ru-RU\",\"potentialAction\":[{\"@type\":\"ReadAction\",\"target\":[\"https:\/\/gbb.md\/product\/aperitiv-dolin-chamberyzette-16-0-750-l\/\"]}]},{\"@type\":\"BreadcrumbList\",\"@id\":\"https:\/\/gbb.md\/product\/aperitiv-dolin-chamberyzette-16-0-750-l\/#breadcrumb\",\"itemListElement\":[{\"@type\":\"ListItem\",\"position\":1,\"name\":\"\u0413\u043b\u0430\u0432\u043d\u0430\u044f \u0441\u0442\u0440\u0430\u043d\u0438\u0446\u0430\",\"item\":\"https:\/\/gbb.md\/\"},{\"@type\":\"ListItem\",\"position\":2,\"name\":\"Produse\",\"item\":\"https:\/\/gbb.md\/shop\/\"},{\"@type\":\"ListItem\",\"position\":3,\"name\":\"Aperitiv Dolin Chamberyzette 16% 0.75L\"}]},{\"@type\":\"WebSite\",\"@id\":\"https:\/\/gbb.md\/#website\",\"url\":\"https:\/\/gbb.md\/\",\"name\":\"GBB\",\"description\":\"\u042d\u0442\u043e \u043c\u043e\u043b\u043e\u0434\u0430\u044f \u0431\u044b\u0441\u0442\u0440\u043e\u0440\u0430\u0441\u0442\u0443\u0449\u0430\u044f \u043a\u043e\u043c\u043f\u0430\u043d\u0438\u044f, \u0441\u0442\u0430\u0432\u0448\u0430\u044f \u043a\u0440\u0443\u043f\u043d\u0435\u0439\u0448\u0438\u043c \u0432 \u041c\u043e\u043b\u0434\u043e\u0432\u0435 \u043f\u043e\u0441\u0442\u0430\u0432\u0449\u0438\u043a\u043e\u043c \u0441\u0438\u0440\u043e\u043f\u043e\u0432 \u0438 \u043f\u044e\u0440\u0435 \u0434\u043b\u044f \u043d\u0430\u043f\u0438\u0442\u043a\u043e\u0432, \u0447\u0430\u044f, \u043a\u043e\u0444\u0435, \u0441\u043e\u0443\u0441\u043e\u0432, \u0442\u043e\u043d\u0438\u043a\u043e\u0432 \u0438 bubble tea \u043e\u0442 \u0438\u043c\u0435\u043d\u0438\u0442\u044b\u0445 \u043f\u0440\u043e\u0438\u0437\u0432\u043e\u0434\u0438\u0442\u0435\u043b\u0435\u0439.\",\"publisher\":{\"@id\":\"https:\/\/gbb.md\/#organization\"},\"alternateName\":\"Global Bar Beverages\",\"potentialAction\":[{\"@type\":\"SearchAction\",\"target\":{\"@type\":\"EntryPoint\",\"urlTemplate\":\"https:\/\/gbb.md\/?s={search_term_string}\"},\"query-input\":\"required name=search_term_string\"}],\"inLanguage\":\"ru-RU\"},{\"@type\":\"Organization\",\"@id\":\"https:\/\/gbb.md\/#organization\",\"name\":\"GBB\",\"alternateName\":\"Global Bar Beverages\",\"url\":\"https:\/\/gbb.md\/\",\"logo\":{\"@type\":\"ImageObject\",\"inLanguage\":\"ru-RU\",\"@id\":\"https:\/\/gbb.md\/#\/schema\/logo\/image\/\",\"url\":\"https:\/\/gbb.md\/wp-content\/uploads\/2024\/01\/android-chrome-512x512-1.png\",\"contentUrl\":\"https:\/\/gbb.md\/wp-content\/uploads\/2024\/01\/android-chrome-512x512-1.png\",\"width\":512,\"height\":512,\"caption\":\"GBB\"},\"image\":{\"@id\":\"https:\/\/gbb.md\/#\/schema\/logo\/image\/\"},\"sameAs\":[\"https:\/\/www.facebook.com\/profile.php?id=61555243232370\"]}]}<\/script>\n<!-- \/ Yoast SEO plugin. -->","yoast_head_json":{"title":"Aperitiv Dolin Chamberyzette 16% 0.75L | Global Bar Beverages","robots":{"index":"index","follow":"follow","max-snippet":"max-snippet:-1","max-image-preview":"max-image-preview:large","max-video-preview":"max-video-preview:-1"},"canonical":"https:\/\/gbb.md\/ru\/product\/aperitiv-dolin-chamberyzette-16-0-750-l\/","og_locale":"ru_RU","og_type":"article","og_title":"Aperitiv Dolin Chamberyzette 16% 0.75L | Global Bar Beverages","og_description":"Produc\u0103tor - Dolin Origine - Chamb\u00e9ry, Alpii Francezi Tip - Aperitiv pe baz\u0103 de vin \u0219i fructe Concentra\u021bie alcoolic\u0103 - 16% vol. Volum - 0.75 L Culoare - Roz-rubiniu str\u0103lucitor Ingrediente Vedet\u0103 - C\u0103p\u0219uni s\u0103lbatice, plante alpine, vin alb","og_url":"https:\/\/gbb.md\/ru\/product\/aperitiv-dolin-chamberyzette-16-0-750-l\/","og_site_name":"Global Bar Beverages","article_publisher":"https:\/\/www.facebook.com\/profile.php?id=61555243232370","article_modified_time":"2026-04-09T09:36:50+00:00","og_image":[{"width":798,"height":872,"url":"https:\/\/gbb.md\/wp-content\/uploads\/2024\/11\/aptrad_chamberyzette_bouteille.png","type":"image\/png"}],"twitter_card":"summary_large_image","twitter_misc":{"\u041f\u0440\u0438\u043c\u0435\u0440\u043d\u043e\u0435 \u0432\u0440\u0435\u043c\u044f \u0434\u043b\u044f \u0447\u0442\u0435\u043d\u0438\u044f":"2 \u043c\u0438\u043d\u0443\u0442\u044b"},"schema":{"@context":"https:\/\/schema.org","@graph":[{"@type":"WebPage","@id":"https:\/\/gbb.md\/product\/aperitiv-dolin-chamberyzette-16-0-750-l\/","url":"https:\/\/gbb.md\/product\/aperitiv-dolin-chamberyzette-16-0-750-l\/","name":"Aperitiv Dolin Chamberyzette 16% 0.75L | Global Bar Beverages","isPartOf":{"@id":"https:\/\/gbb.md\/#website"},"datePublished":"2024-11-18T10:43:56+00:00","dateModified":"2026-04-09T09:36:50+00:00","breadcrumb":{"@id":"https:\/\/gbb.md\/product\/aperitiv-dolin-chamberyzette-16-0-750-l\/#breadcrumb"},"inLanguage":"ru-RU","potentialAction":[{"@type":"ReadAction","target":["https:\/\/gbb.md\/product\/aperitiv-dolin-chamberyzette-16-0-750-l\/"]}]},{"@type":"BreadcrumbList","@id":"https:\/\/gbb.md\/product\/aperitiv-dolin-chamberyzette-16-0-750-l\/#breadcrumb","itemListElement":[{"@type":"ListItem","position":1,"name":"\u0413\u043b\u0430\u0432\u043d\u0430\u044f \u0441\u0442\u0440\u0430\u043d\u0438\u0446\u0430","item":"https:\/\/gbb.md\/"},{"@type":"ListItem","position":2,"name":"Produse","item":"https:\/\/gbb.md\/shop\/"},{"@type":"ListItem","position":3,"name":"Aperitiv Dolin Chamberyzette 16% 0.75L"}]},{"@type":"WebSite","@id":"https:\/\/gbb.md\/#website","url":"https:\/\/gbb.md\/","name":"GBB","description":"\u042d\u0442\u043e \u043c\u043e\u043b\u043e\u0434\u0430\u044f \u0431\u044b\u0441\u0442\u0440\u043e\u0440\u0430\u0441\u0442\u0443\u0449\u0430\u044f \u043a\u043e\u043c\u043f\u0430\u043d\u0438\u044f, \u0441\u0442\u0430\u0432\u0448\u0430\u044f \u043a\u0440\u0443\u043f\u043d\u0435\u0439\u0448\u0438\u043c \u0432 \u041c\u043e\u043b\u0434\u043e\u0432\u0435 \u043f\u043e\u0441\u0442\u0430\u0432\u0449\u0438\u043a\u043e\u043c \u0441\u0438\u0440\u043e\u043f\u043e\u0432 \u0438 \u043f\u044e\u0440\u0435 \u0434\u043b\u044f \u043d\u0430\u043f\u0438\u0442\u043a\u043e\u0432, \u0447\u0430\u044f, \u043a\u043e\u0444\u0435, \u0441\u043e\u0443\u0441\u043e\u0432, \u0442\u043e\u043d\u0438\u043a\u043e\u0432 \u0438 bubble tea \u043e\u0442 \u0438\u043c\u0435\u043d\u0438\u0442\u044b\u0445 \u043f\u0440\u043e\u0438\u0437\u0432\u043e\u0434\u0438\u0442\u0435\u043b\u0435\u0439.","publisher":{"@id":"https:\/\/gbb.md\/#organization"},"alternateName":"Global Bar Beverages","potentialAction":[{"@type":"SearchAction","target":{"@type":"EntryPoint","urlTemplate":"https:\/\/gbb.md\/?s={search_term_string}"},"query-input":"required name=search_term_string"}],"inLanguage":"ru-RU"},{"@type":"Organization","@id":"https:\/\/gbb.md\/#organization","name":"GBB","alternateName":"Global Bar Beverages","url":"https:\/\/gbb.md\/","logo":{"@type":"ImageObject","inLanguage":"ru-RU","@id":"https:\/\/gbb.md\/#\/schema\/logo\/image\/","url":"https:\/\/gbb.md\/wp-content\/uploads\/2024\/01\/android-chrome-512x512-1.png","contentUrl":"https:\/\/gbb.md\/wp-content\/uploads\/2024\/01\/android-chrome-512x512-1.png","width":512,"height":512,"caption":"GBB"},"image":{"@id":"https:\/\/gbb.md\/#\/schema\/logo\/image\/"},"sameAs":["https:\/\/www.facebook.com\/profile.php?id=61555243232370"]}]}},"_links":{"self":[{"href":"https:\/\/gbb.md\/ru\/wp-json\/wp\/v2\/product\/9580"}],"collection":[{"href":"https:\/\/gbb.md\/ru\/wp-json\/wp\/v2\/product"}],"about":[{"href":"https:\/\/gbb.md\/ru\/wp-json\/wp\/v2\/types\/product"}],"replies":[{"embeddable":true,"href":"https:\/\/gbb.md\/ru\/wp-json\/wp\/v2\/comments?post=9580"}],"wp:featuredmedia":[{"embeddable":true,"href":"https:\/\/gbb.md\/ru\/wp-json\/wp\/v2\/media\/9581"}],"wp:attachment":[{"href":"https:\/\/gbb.md\/ru\/wp-json\/wp\/v2\/media?parent=9580"}],"wp:term":[{"taxonomy":"product_cat","embeddable":true,"href":"https:\/\/gbb.md\/ru\/wp-json\/wp\/v2\/product_cat?post=9580"},{"taxonomy":"product_tag","embeddable":true,"href":"https:\/\/gbb.md\/ru\/wp-json\/wp\/v2\/product_tag?post=9580"}],"curies":[{"name":"wp","href":"https:\/\/api.w.org\/{rel}","templated":true}]}}