{"id":9591,"date":"2024-11-18T14:52:25","date_gmt":"2024-11-18T12:52:25","guid":{"rendered":"https:\/\/gbb.md\/?post_type=product&#038;p=9591"},"modified":"2026-04-09T11:54:10","modified_gmt":"2026-04-09T08:54:10","slug":"clos-martin-armagnac-xo-15yo-in-gift-box-40-0-7l","status":"publish","type":"product","link":"https:\/\/gbb.md\/ru\/product\/clos-martin-armagnac-xo-15yo-in-gift-box-40-0-7l\/","title":{"rendered":"Clos Martin Armagnac XO 15YO in Gift Box, 40% 0.7L"},"content":{"rendered":"<div id=\"fws_6a0474f03e709\"  data-midnight=\"dark\" data-top-percent=\"-30%\"  data-bg-mobile-hidden=\"\" class=\"wpb_row vc_row-fluid vc_row top-level  vc_row-o-equal-height vc_row-flex  vc_row-o-content-middle standard_section\"  style=\"padding-top: calc(100vw * 0.0-30); padding-bottom: 0px;  z-index: 100;\"><div class=\"row-bg-wrap\"><div class=\"inner-wrap\"><div class=\"row-bg\"  style=\"\"><\/div><\/div><div class=\"row-bg-overlay\" ><\/div><\/div><div class=\"col span_12 dark left\">\n\t<div style=\"margin-top: -190px; \" class=\"vc_col-sm-12 wpb_column column_container vc_column_container col neg-marg no-extra-padding\"  data-t-w-inherits=\"default\" data-border-radius=\"none\" data-shadow=\"none\" data-border-animation=\"\" data-border-animation-delay=\"\" data-border-width=\"none\" data-border-style=\"solid\" data-border-color=\"\" data-bg-cover=\"\" data-padding-pos=\"all\" data-has-bg-color=\"false\" data-bg-color=\"\" data-bg-opacity=\"1\" data-hover-bg=\"\" data-hover-bg-opacity=\"1\" data-animation=\"\" data-delay=\"0\"><div class=\"column-bg-overlay\"><\/div>\n\t\t<div class=\"vc_column-inner\">\n\t\t\t<div class=\"wpb_wrapper\">\n\t\t\t\t<div class=\"divider-wrap\" data-alignment=\"default\"><div style=\"height: 70px;\" class=\"divider\"><\/div><\/div><div id=\"ultimate-heading-84086a0474f03eb9c\" class=\"uvc-heading ult-adjust-bottom-margin ultimate-heading-84086a0474f03eb9c uvc-1223\" data-hspacer=\"no_spacer\"  data-halign=\"left\" style=\"text-align:left\"><div class=\"uvc-heading-spacer no_spacer\" style=\"top\"><\/div><div class=\"uvc-main-heading ult-responsive\"  data-ultimate-target='.uvc-heading.ultimate-heading-84086a0474f03eb9c h2'  data-responsive-json-new='{\"font-size\":\"desktop:28px;\",\"line-height\":\"\"}' ><h2 style=\"font-weight:bold;color:#333333;\">Clos Martin Armagnac XO 15YO in Gift Box, 40% 0.7L<\/h2><\/div><div class=\"uvc-sub-heading ult-responsive\"  data-ultimate-target='.uvc-heading.ultimate-heading-84086a0474f03eb9c .uvc-sub-heading '  data-responsive-json-new='{\"font-size\":\"desktop:18px;\",\"line-height\":\"\"}'  style=\"font-weight:normal;\">\n<p data-path-to-node=\"0\"><b data-path-to-node=\"0\" data-index-in-node=\"0\">Clos Martin Armagnac XO 15 Years Old<\/b> este un distilat nobil ce provine din inima regiunii Bas-Armagnac, Fran\u021ba, fiind recunoscut pentru puritatea \u0219i complexitatea sa. Spre deosebire de Cognac, Armagnac-ul este distilat o singur\u0103 dat\u0103, ceea ce \u00eei permite s\u0103 p\u0103streze o cantitate mai mare de arome primare din struguri, oferind o experien\u021b\u0103 mai robust\u0103 \u0219i mai \u201ep\u0103m\u00e2ntean\u0103\u201d.<\/p>\n<p data-path-to-node=\"0\">Produs de casa <b data-path-to-node=\"4\" data-index-in-node=\"15\">Clos Martin<\/b>, acest Armagnac este rezultatul unei selec\u021bii riguroase de struguri (\u00een principal soiurile <b data-path-to-node=\"4\" data-index-in-node=\"118\">Ugni Blanc<\/b> \u0219i <b data-path-to-node=\"4\" data-index-in-node=\"132\">Folle Blanche<\/b>) cultiva\u021bi \u00een solurile nisipoase ale regiunii Bas-Armagnac, considerate cele mai bune pentru produc\u021bia de eaux-de-vie fine. Clasificarea <b data-path-to-node=\"4\" data-index-in-node=\"283\">XO<\/b> (Extra Old) indic\u0103 un distilat matur, iar men\u021biunea de <b data-path-to-node=\"4\" data-index-in-node=\"341\">15 ani<\/b> garanteaz\u0103 c\u0103 cel mai t\u00e2n\u0103r component din cupaj a petrecut cel pu\u021bin un deceniu \u0219i jum\u0103tate \u00een butoaie de stejar francez.<\/p>\n<h3 data-path-to-node=\"9\">Note Senzoriale (Gust \u0219i Arom\u0103)<\/h3>\n<ul data-path-to-node=\"10\">\n<li>\n<p data-path-to-node=\"10,0,0\"><b data-path-to-node=\"10,0,0\" data-index-in-node=\"0\">Aroma:<\/b> Buchetul se deschide cu note elegante de <b data-path-to-node=\"10,0,0\" data-index-in-node=\"48\">fructe uscate<\/b> (caise, prune), urmate de arome de vanilie, scor\u021bi\u0219oar\u0103 \u0219i coaj\u0103 de portocal\u0103 confiat\u0103. Se simte o influen\u021b\u0103 nobil\u0103 a lemnului de stejar, cu nuan\u021be subtile de tabac \u0219i rancio (specific distilatelor vechi).<\/p>\n<\/li>\n<li>\n<p data-path-to-node=\"10,1,0\"><b data-path-to-node=\"10,1,0\" data-index-in-node=\"0\">Gustul:<\/b> Textura este m\u0103t\u0103soas\u0103 \u0219i plin\u0103. Pe palat, se resimt arome bogate de caramel, smochine \u0219i nuc\u0219oar\u0103. Este un echilibru perfect \u00eentre dulcea\u021ba fructelor \u0219i asprimea fin\u0103 a taninurilor din lemn.<\/p>\n<\/li>\n<li>\n<p data-path-to-node=\"10,2,0\"><b data-path-to-node=\"10,2,0\" data-index-in-node=\"0\">Postgust:<\/b> Lung, cald \u0219i condimentat, l\u0103s\u00e2nd \u00een urm\u0103 note de ciocolat\u0103 neagr\u0103 \u0219i prune afumate.<\/p>\n<\/li>\n<\/ul>\n<\/div><\/div><div class=\"divider-wrap\" data-alignment=\"default\"><div style=\"height: 25px;\" class=\"divider\"><\/div><\/div>\n\t\t\t<\/div> \n\t\t<\/div>\n\t<\/div> \n<\/div><\/div>\n\t\t<div id=\"fws_6a0474f03f0e0\"  data-midnight=\"dark\"  data-bg-mobile-hidden=\"\" class=\"wpb_row vc_row-fluid vc_row standard_section\"  style=\"padding-top: 0px; padding-bottom: 0px; \"><div class=\"row-bg-wrap\"><div class=\"inner-wrap\"><div class=\"row-bg\"  style=\"\"><\/div><\/div><div class=\"row-bg-overlay\" ><\/div><\/div><div class=\"col span_12 dark left\">\n\t<div  class=\"vc_col-sm-12 wpb_column column_container vc_column_container col no-extra-padding\"  data-t-w-inherits=\"default\" data-border-radius=\"none\" data-shadow=\"none\" data-border-animation=\"\" data-border-animation-delay=\"\" data-border-width=\"none\" data-border-style=\"solid\" data-border-color=\"\" data-bg-cover=\"\" data-padding-pos=\"all\" data-has-bg-color=\"false\" data-bg-color=\"\" data-bg-opacity=\"1\" data-hover-bg=\"\" data-hover-bg-opacity=\"1\" data-animation=\"\" data-delay=\"0\"><div class=\"column-bg-overlay\"><\/div>\n\t\t<div class=\"vc_column-inner\">\n\t\t\t<div class=\"wpb_wrapper\">\n\t\t\t\t<div class=\"divider-wrap\" data-alignment=\"default\"><div style=\"height: 100px;\" class=\"divider\"><\/div><\/div>\n\t\t\t<\/div> \n\t\t<\/div>\n\t<\/div> \n<\/div><\/div>","protected":false},"excerpt":{"rendered":"<p>Art 250104<br \/>\nBrand &#8211; Clos Martin<br \/>\nOrigine &#8211; Bas-Armagnac, Fran\u021ba<br \/>\nClasificare  &#8211; XO (15 ani de maturare)<br \/>\nConcentra\u021bie alcoolic\u0103 &#8211; 40% vol.<br \/>\nSoiuri de struguri &#8211; Ugni Blanc \u0219i Folle Blanche<br \/>\nMetod\u0103 distilare &#8211; Distilare continu\u0103 (alambic tip Armagnacais)<br \/>\nPrezentare &#8211; Sticl\u0103 de 0.7L \u00een cutie de cadou (Gift Box)<\/p>","protected":false},"featured_media":9592,"comment_status":"open","ping_status":"closed","template":"","meta":[],"product_cat":[405,413,404,402],"product_tag":[],"yoast_head":"<!-- This site is optimized with the Yoast SEO plugin v20.10 - https:\/\/yoast.com\/wordpress\/plugins\/seo\/ -->\n<title>Clos Martin Armagnac XO 15YO in Gift Box, 40% 0.7L | Global Bar Beverages<\/title>\n<meta name=\"robots\" content=\"index, follow, max-snippet:-1, max-image-preview:large, max-video-preview:-1\" \/>\n<link rel=\"canonical\" href=\"https:\/\/gbb.md\/ru\/product\/clos-martin-armagnac-xo-15yo-in-gift-box-40-0-7l\/\" \/>\n<meta property=\"og:locale\" content=\"ru_RU\" \/>\n<meta property=\"og:type\" content=\"article\" \/>\n<meta property=\"og:title\" content=\"Clos Martin Armagnac XO 15YO in Gift Box, 40% 0.7L | Global Bar Beverages\" \/>\n<meta property=\"og:description\" content=\"Art 250104 Brand - Clos Martin Origine - Bas-Armagnac, Fran\u021ba Clasificare - XO (15 ani de maturare) Concentra\u021bie alcoolic\u0103 - 40% vol. Soiuri de struguri - Ugni Blanc \u0219i Folle Blanche Metod\u0103 distilare - Distilare continu\u0103 (alambic tip Armagnacais) Prezentare - Sticl\u0103 de 0.7L \u00een cutie de cadou (Gift Box)\" \/>\n<meta property=\"og:url\" content=\"https:\/\/gbb.md\/ru\/product\/clos-martin-armagnac-xo-15yo-in-gift-box-40-0-7l\/\" \/>\n<meta property=\"og:site_name\" content=\"Global Bar Beverages\" \/>\n<meta property=\"article:publisher\" content=\"https:\/\/www.facebook.com\/profile.php?id=61555243232370\" \/>\n<meta property=\"article:modified_time\" content=\"2026-04-09T08:54:10+00:00\" \/>\n<meta property=\"og:image\" content=\"https:\/\/gbb.md\/wp-content\/uploads\/2024\/11\/bjhskxrur2ec6sp4y3o73f0vw87d2yxv.png\" \/>\n\t<meta property=\"og:image:width\" content=\"1871\" \/>\n\t<meta property=\"og:image:height\" content=\"1806\" \/>\n\t<meta property=\"og:image:type\" content=\"image\/png\" \/>\n<meta name=\"twitter:card\" content=\"summary_large_image\" \/>\n<meta name=\"twitter:label1\" content=\"\u041f\u0440\u0438\u043c\u0435\u0440\u043d\u043e\u0435 \u0432\u0440\u0435\u043c\u044f \u0434\u043b\u044f \u0447\u0442\u0435\u043d\u0438\u044f\" \/>\n\t<meta name=\"twitter:data1\" content=\"2 \u043c\u0438\u043d\u0443\u0442\u044b\" \/>\n<script type=\"application\/ld+json\" class=\"yoast-schema-graph\">{\"@context\":\"https:\/\/schema.org\",\"@graph\":[{\"@type\":\"WebPage\",\"@id\":\"https:\/\/gbb.md\/product\/clos-martin-armagnac-xo-15yo-in-gift-box-40-0-7l\/\",\"url\":\"https:\/\/gbb.md\/product\/clos-martin-armagnac-xo-15yo-in-gift-box-40-0-7l\/\",\"name\":\"Clos Martin Armagnac XO 15YO in Gift Box, 40% 0.7L | Global Bar Beverages\",\"isPartOf\":{\"@id\":\"https:\/\/gbb.md\/#website\"},\"datePublished\":\"2024-11-18T12:52:25+00:00\",\"dateModified\":\"2026-04-09T08:54:10+00:00\",\"breadcrumb\":{\"@id\":\"https:\/\/gbb.md\/product\/clos-martin-armagnac-xo-15yo-in-gift-box-40-0-7l\/#breadcrumb\"},\"inLanguage\":\"ru-RU\",\"potentialAction\":[{\"@type\":\"ReadAction\",\"target\":[\"https:\/\/gbb.md\/product\/clos-martin-armagnac-xo-15yo-in-gift-box-40-0-7l\/\"]}]},{\"@type\":\"BreadcrumbList\",\"@id\":\"https:\/\/gbb.md\/product\/clos-martin-armagnac-xo-15yo-in-gift-box-40-0-7l\/#breadcrumb\",\"itemListElement\":[{\"@type\":\"ListItem\",\"position\":1,\"name\":\"\u0413\u043b\u0430\u0432\u043d\u0430\u044f \u0441\u0442\u0440\u0430\u043d\u0438\u0446\u0430\",\"item\":\"https:\/\/gbb.md\/\"},{\"@type\":\"ListItem\",\"position\":2,\"name\":\"Produse\",\"item\":\"https:\/\/gbb.md\/shop\/\"},{\"@type\":\"ListItem\",\"position\":3,\"name\":\"Clos Martin Armagnac XO 15YO in Gift Box, 40% 0.7L\"}]},{\"@type\":\"WebSite\",\"@id\":\"https:\/\/gbb.md\/#website\",\"url\":\"https:\/\/gbb.md\/\",\"name\":\"GBB\",\"description\":\"\u042d\u0442\u043e \u043c\u043e\u043b\u043e\u0434\u0430\u044f \u0431\u044b\u0441\u0442\u0440\u043e\u0440\u0430\u0441\u0442\u0443\u0449\u0430\u044f \u043a\u043e\u043c\u043f\u0430\u043d\u0438\u044f, \u0441\u0442\u0430\u0432\u0448\u0430\u044f \u043a\u0440\u0443\u043f\u043d\u0435\u0439\u0448\u0438\u043c \u0432 \u041c\u043e\u043b\u0434\u043e\u0432\u0435 \u043f\u043e\u0441\u0442\u0430\u0432\u0449\u0438\u043a\u043e\u043c \u0441\u0438\u0440\u043e\u043f\u043e\u0432 \u0438 \u043f\u044e\u0440\u0435 \u0434\u043b\u044f \u043d\u0430\u043f\u0438\u0442\u043a\u043e\u0432, \u0447\u0430\u044f, \u043a\u043e\u0444\u0435, \u0441\u043e\u0443\u0441\u043e\u0432, \u0442\u043e\u043d\u0438\u043a\u043e\u0432 \u0438 bubble tea \u043e\u0442 \u0438\u043c\u0435\u043d\u0438\u0442\u044b\u0445 \u043f\u0440\u043e\u0438\u0437\u0432\u043e\u0434\u0438\u0442\u0435\u043b\u0435\u0439.\",\"publisher\":{\"@id\":\"https:\/\/gbb.md\/#organization\"},\"alternateName\":\"Global Bar Beverages\",\"potentialAction\":[{\"@type\":\"SearchAction\",\"target\":{\"@type\":\"EntryPoint\",\"urlTemplate\":\"https:\/\/gbb.md\/?s={search_term_string}\"},\"query-input\":\"required name=search_term_string\"}],\"inLanguage\":\"ru-RU\"},{\"@type\":\"Organization\",\"@id\":\"https:\/\/gbb.md\/#organization\",\"name\":\"GBB\",\"alternateName\":\"Global Bar Beverages\",\"url\":\"https:\/\/gbb.md\/\",\"logo\":{\"@type\":\"ImageObject\",\"inLanguage\":\"ru-RU\",\"@id\":\"https:\/\/gbb.md\/#\/schema\/logo\/image\/\",\"url\":\"https:\/\/gbb.md\/wp-content\/uploads\/2024\/01\/android-chrome-512x512-1.png\",\"contentUrl\":\"https:\/\/gbb.md\/wp-content\/uploads\/2024\/01\/android-chrome-512x512-1.png\",\"width\":512,\"height\":512,\"caption\":\"GBB\"},\"image\":{\"@id\":\"https:\/\/gbb.md\/#\/schema\/logo\/image\/\"},\"sameAs\":[\"https:\/\/www.facebook.com\/profile.php?id=61555243232370\"]}]}<\/script>\n<!-- \/ Yoast SEO plugin. -->","yoast_head_json":{"title":"Clos Martin Armagnac XO 15YO in Gift Box, 40% 0.7L | Global Bar Beverages","robots":{"index":"index","follow":"follow","max-snippet":"max-snippet:-1","max-image-preview":"max-image-preview:large","max-video-preview":"max-video-preview:-1"},"canonical":"https:\/\/gbb.md\/ru\/product\/clos-martin-armagnac-xo-15yo-in-gift-box-40-0-7l\/","og_locale":"ru_RU","og_type":"article","og_title":"Clos Martin Armagnac XO 15YO in Gift Box, 40% 0.7L | Global Bar Beverages","og_description":"Art 250104 Brand - Clos Martin Origine - Bas-Armagnac, Fran\u021ba Clasificare - XO (15 ani de maturare) Concentra\u021bie alcoolic\u0103 - 40% vol. Soiuri de struguri - Ugni Blanc \u0219i Folle Blanche Metod\u0103 distilare - Distilare continu\u0103 (alambic tip Armagnacais) Prezentare - Sticl\u0103 de 0.7L \u00een cutie de cadou (Gift Box)","og_url":"https:\/\/gbb.md\/ru\/product\/clos-martin-armagnac-xo-15yo-in-gift-box-40-0-7l\/","og_site_name":"Global Bar Beverages","article_publisher":"https:\/\/www.facebook.com\/profile.php?id=61555243232370","article_modified_time":"2026-04-09T08:54:10+00:00","og_image":[{"width":1871,"height":1806,"url":"https:\/\/gbb.md\/wp-content\/uploads\/2024\/11\/bjhskxrur2ec6sp4y3o73f0vw87d2yxv.png","type":"image\/png"}],"twitter_card":"summary_large_image","twitter_misc":{"\u041f\u0440\u0438\u043c\u0435\u0440\u043d\u043e\u0435 \u0432\u0440\u0435\u043c\u044f \u0434\u043b\u044f \u0447\u0442\u0435\u043d\u0438\u044f":"2 \u043c\u0438\u043d\u0443\u0442\u044b"},"schema":{"@context":"https:\/\/schema.org","@graph":[{"@type":"WebPage","@id":"https:\/\/gbb.md\/product\/clos-martin-armagnac-xo-15yo-in-gift-box-40-0-7l\/","url":"https:\/\/gbb.md\/product\/clos-martin-armagnac-xo-15yo-in-gift-box-40-0-7l\/","name":"Clos Martin Armagnac XO 15YO in Gift Box, 40% 0.7L | Global Bar Beverages","isPartOf":{"@id":"https:\/\/gbb.md\/#website"},"datePublished":"2024-11-18T12:52:25+00:00","dateModified":"2026-04-09T08:54:10+00:00","breadcrumb":{"@id":"https:\/\/gbb.md\/product\/clos-martin-armagnac-xo-15yo-in-gift-box-40-0-7l\/#breadcrumb"},"inLanguage":"ru-RU","potentialAction":[{"@type":"ReadAction","target":["https:\/\/gbb.md\/product\/clos-martin-armagnac-xo-15yo-in-gift-box-40-0-7l\/"]}]},{"@type":"BreadcrumbList","@id":"https:\/\/gbb.md\/product\/clos-martin-armagnac-xo-15yo-in-gift-box-40-0-7l\/#breadcrumb","itemListElement":[{"@type":"ListItem","position":1,"name":"\u0413\u043b\u0430\u0432\u043d\u0430\u044f \u0441\u0442\u0440\u0430\u043d\u0438\u0446\u0430","item":"https:\/\/gbb.md\/"},{"@type":"ListItem","position":2,"name":"Produse","item":"https:\/\/gbb.md\/shop\/"},{"@type":"ListItem","position":3,"name":"Clos Martin Armagnac XO 15YO in Gift Box, 40% 0.7L"}]},{"@type":"WebSite","@id":"https:\/\/gbb.md\/#website","url":"https:\/\/gbb.md\/","name":"GBB","description":"\u042d\u0442\u043e \u043c\u043e\u043b\u043e\u0434\u0430\u044f \u0431\u044b\u0441\u0442\u0440\u043e\u0440\u0430\u0441\u0442\u0443\u0449\u0430\u044f \u043a\u043e\u043c\u043f\u0430\u043d\u0438\u044f, \u0441\u0442\u0430\u0432\u0448\u0430\u044f \u043a\u0440\u0443\u043f\u043d\u0435\u0439\u0448\u0438\u043c \u0432 \u041c\u043e\u043b\u0434\u043e\u0432\u0435 \u043f\u043e\u0441\u0442\u0430\u0432\u0449\u0438\u043a\u043e\u043c \u0441\u0438\u0440\u043e\u043f\u043e\u0432 \u0438 \u043f\u044e\u0440\u0435 \u0434\u043b\u044f \u043d\u0430\u043f\u0438\u0442\u043a\u043e\u0432, \u0447\u0430\u044f, \u043a\u043e\u0444\u0435, \u0441\u043e\u0443\u0441\u043e\u0432, \u0442\u043e\u043d\u0438\u043a\u043e\u0432 \u0438 bubble tea \u043e\u0442 \u0438\u043c\u0435\u043d\u0438\u0442\u044b\u0445 \u043f\u0440\u043e\u0438\u0437\u0432\u043e\u0434\u0438\u0442\u0435\u043b\u0435\u0439.","publisher":{"@id":"https:\/\/gbb.md\/#organization"},"alternateName":"Global Bar Beverages","potentialAction":[{"@type":"SearchAction","target":{"@type":"EntryPoint","urlTemplate":"https:\/\/gbb.md\/?s={search_term_string}"},"query-input":"required name=search_term_string"}],"inLanguage":"ru-RU"},{"@type":"Organization","@id":"https:\/\/gbb.md\/#organization","name":"GBB","alternateName":"Global Bar Beverages","url":"https:\/\/gbb.md\/","logo":{"@type":"ImageObject","inLanguage":"ru-RU","@id":"https:\/\/gbb.md\/#\/schema\/logo\/image\/","url":"https:\/\/gbb.md\/wp-content\/uploads\/2024\/01\/android-chrome-512x512-1.png","contentUrl":"https:\/\/gbb.md\/wp-content\/uploads\/2024\/01\/android-chrome-512x512-1.png","width":512,"height":512,"caption":"GBB"},"image":{"@id":"https:\/\/gbb.md\/#\/schema\/logo\/image\/"},"sameAs":["https:\/\/www.facebook.com\/profile.php?id=61555243232370"]}]}},"_links":{"self":[{"href":"https:\/\/gbb.md\/ru\/wp-json\/wp\/v2\/product\/9591"}],"collection":[{"href":"https:\/\/gbb.md\/ru\/wp-json\/wp\/v2\/product"}],"about":[{"href":"https:\/\/gbb.md\/ru\/wp-json\/wp\/v2\/types\/product"}],"replies":[{"embeddable":true,"href":"https:\/\/gbb.md\/ru\/wp-json\/wp\/v2\/comments?post=9591"}],"wp:featuredmedia":[{"embeddable":true,"href":"https:\/\/gbb.md\/ru\/wp-json\/wp\/v2\/media\/9592"}],"wp:attachment":[{"href":"https:\/\/gbb.md\/ru\/wp-json\/wp\/v2\/media?parent=9591"}],"wp:term":[{"taxonomy":"product_cat","embeddable":true,"href":"https:\/\/gbb.md\/ru\/wp-json\/wp\/v2\/product_cat?post=9591"},{"taxonomy":"product_tag","embeddable":true,"href":"https:\/\/gbb.md\/ru\/wp-json\/wp\/v2\/product_tag?post=9591"}],"curies":[{"name":"wp","href":"https:\/\/api.w.org\/{rel}","templated":true}]}}